
{"id":6,"date":"2022-11-08T16:17:55","date_gmt":"2022-11-08T21:17:55","guid":{"rendered":"https:\/\/cssdn.gouv.qc.ca\/envol\/a-propos\/mission-vision-valeurs\/"},"modified":"2023-08-10T13:21:38","modified_gmt":"2023-08-10T17:21:38","slug":"mission-vision-valeurs","status":"publish","type":"page","link":"https:\/\/cssdn.gouv.qc.ca\/envol\/a-propos\/mission-vision-valeurs\/","title":{"rendered":"Mission, vision, valeurs"},"content":{"rendered":"\n<div class=\"wp-block-cover alignfull is-light is-style-title-banner\" style=\"min-height:184px;aspect-ratio:unset;\"><span aria-hidden=\"true\" class=\"wp-block-cover__background has-primary-background-color has-background-dim\"><\/span><img decoding=\"async\" class=\"wp-block-cover__image-background wp-image-111 lazyload\" alt=\"\" data-src=\"https:\/\/stage.cssdn.gouv.qc.ca\/wp-content\/uploads\/2022\/08\/Seawire-Hero-06.jpg\" data-object-fit=\"cover\" src=\"data:image\/svg+xml;base64,PHN2ZyB3aWR0aD0iMSIgaGVpZ2h0PSIxIiB4bWxucz0iaHR0cDovL3d3dy53My5vcmcvMjAwMC9zdmciPjwvc3ZnPg==\" \/><div class=\"wp-block-cover__inner-container\"><h3 class=\"wp-block-post-title\">Mission, vision, valeurs<\/h3><\/div><\/div>\n\n\n\n<div class=\"wp-block-group alignfull has-padding-y-large has-secondary-background-color has-background\"><div class=\"yoast-breadcrumbs alignwide \"><span class=\"breadcrumbs\"><a href=\"https:\/\/cssdn.gouv.qc.ca\/envol\/\" class=\"breadcrumbs__element\">Accueil<\/a> <span class=\"breadcrumbs__separator\">\n        <svg class=\"icon icon-breadcrumb__separator\"><use xlink:href=\"#icon-breadcrumb__separator\"><\/use><\/svg>\n    <\/span> <a href=\"https:\/\/cssdn.gouv.qc.ca\/envol\/a-propos\/\" class=\"breadcrumbs__element\">\u00c0 propos<\/a> <span class=\"breadcrumbs__separator\">\n        <svg class=\"icon icon-breadcrumb__separator\"><use xlink:href=\"#icon-breadcrumb__separator\"><\/use><\/svg>\n    <\/span> <span class=\"breadcrumbs__element breadcrumbs__element-current\">Mission, vision, valeurs<\/span><\/span><\/div><\/div>\n\n\n\n<h2 class=\"wp-block-heading\">Mission<\/h2>\n\n\n\n<p class=\"wp-block-paragraph\">L\u2019\u00e9cole de l\u2019Envol offre des services \u00e9ducatifs pour les \u00e9l\u00e8ves du primaire de 3e cycle et du secondaire de premier cycle. Elle cultive l\u2019engagement scolaire dans un environnement bienveillant, inclusif et ax\u00e9 sur la r\u00e9ussite du plus grand nombre d\u2019\u00e9l\u00e8ves.<\/p>\n\n\n\n<h2 class=\"wp-block-heading\">Vision<\/h2>\n\n\n\n<p class=\"wp-block-paragraph\">Mon \u00e9cole, mon implication, ma r\u00e9ussite!<\/p>\n\n\n\n<h2 class=\"wp-block-heading\">Valeurs<\/h2>\n\n\n\n<p class=\"wp-block-paragraph\"><strong>R<\/strong>espect<\/p>\n\n\n\n<p class=\"wp-block-paragraph\"><strong>B<\/strong>ienveillance<\/p>\n\n\n\n<p class=\"wp-block-paragraph\"><strong>E<\/strong>ngagement<\/p>\n\n\n\n<p class=\"wp-block-paragraph\"><strong>D<\/strong>\u00e9passement<\/p>\n","protected":false},"excerpt":{"rendered":"<p>Mission L\u2019\u00e9cole de l\u2019Envol offre des services \u00e9ducatifs pour les \u00e9l\u00e8ves du primaire de 3e cycle et du secondaire de premier cycle. Elle cultive l\u2019engagement scolaire dans un environnement bienveillant, inclusif et ax\u00e9 sur la r\u00e9ussite du plus grand nombre d\u2019\u00e9l\u00e8ves. Vision Mon \u00e9cole, mon implication, ma r\u00e9ussite! Valeurs Respect Bienveillance Engagement D\u00e9passement<\/p>\n","protected":false},"author":1,"featured_media":0,"parent":5,"menu_order":0,"comment_status":"closed","ping_status":"closed","template":"","meta":{"_acf_changed":false,"_crdt_document":"","inline_featured_image":false,"footnotes":""},"categories":[],"tags":[],"class_list":["post-6","page","type-page","status-publish","hentry"],"acf":[],"yoast_head":"<!-- This site is optimized with the Yoast SEO plugin v27.4 - https:\/\/yoast.com\/product\/yoast-seo-wordpress\/ -->\n<title>Mission, vision, valeurs - \u00c9cole de l\u2019Envol<\/title>\n<meta name=\"robots\" content=\"index, follow, max-snippet:-1, max-image-preview:large, max-video-preview:-1\" \/>\n<link rel=\"canonical\" href=\"https:\/\/cssdn.gouv.qc.ca\/envol\/a-propos\/mission-vision-valeurs\/\" \/>\n<meta property=\"og:locale\" content=\"fr_CA\" \/>\n<meta property=\"og:type\" content=\"article\" \/>\n<meta property=\"og:title\" content=\"Mission, vision, valeurs - \u00c9cole de l\u2019Envol\" \/>\n<meta property=\"og:description\" content=\"Mission L\u2019\u00e9cole de l\u2019Envol offre des services \u00e9ducatifs pour les \u00e9l\u00e8ves du primaire de 3e cycle et du secondaire de premier cycle. Elle cultive l\u2019engagement scolaire dans un environnement bienveillant, inclusif et ax\u00e9 sur la r\u00e9ussite du plus grand nombre d\u2019\u00e9l\u00e8ves. Vision Mon \u00e9cole, mon implication, ma r\u00e9ussite! Valeurs Respect Bienveillance Engagement D\u00e9passement\" \/>\n<meta property=\"og:url\" content=\"https:\/\/cssdn.gouv.qc.ca\/envol\/a-propos\/mission-vision-valeurs\/\" \/>\n<meta property=\"og:site_name\" content=\"\u00c9cole de l\u2019Envol\" \/>\n<meta property=\"article:publisher\" content=\"https:\/\/www.facebook.com\/ecoledelenvol\" \/>\n<meta property=\"article:modified_time\" content=\"2023-08-10T17:21:38+00:00\" \/>\n<meta property=\"og:image\" content=\"https:\/\/stage.cssdn.gouv.qc.ca\/wp-content\/uploads\/2022\/08\/Seawire-Hero-06.jpg\" \/>\n<meta name=\"twitter:card\" content=\"summary_large_image\" \/>\n<meta name=\"twitter:site\" content=\"@CSSNavigateurs\" \/>\n<meta name=\"twitter:label1\" content=\"Estimation du temps de lecture\" \/>\n\t<meta name=\"twitter:data1\" content=\"1 minute\" \/>\n<script type=\"application\/ld+json\" class=\"yoast-schema-graph\">{\"@context\":\"https:\\\/\\\/schema.org\",\"@graph\":[{\"@type\":\"WebPage\",\"@id\":\"https:\\\/\\\/cssdn.gouv.qc.ca\\\/envol\\\/a-propos\\\/mission-vision-valeurs\\\/\",\"url\":\"https:\\\/\\\/cssdn.gouv.qc.ca\\\/envol\\\/a-propos\\\/mission-vision-valeurs\\\/\",\"name\":\"Mission, vision, valeurs - \u00c9cole de l\u2019Envol\",\"isPartOf\":{\"@id\":\"https:\\\/\\\/cssdn.gouv.qc.ca\\\/envol\\\/#website\"},\"primaryImageOfPage\":{\"@id\":\"https:\\\/\\\/cssdn.gouv.qc.ca\\\/envol\\\/a-propos\\\/mission-vision-valeurs\\\/#primaryimage\"},\"image\":{\"@id\":\"https:\\\/\\\/cssdn.gouv.qc.ca\\\/envol\\\/a-propos\\\/mission-vision-valeurs\\\/#primaryimage\"},\"thumbnailUrl\":\"https:\\\/\\\/stage.cssdn.gouv.qc.ca\\\/wp-content\\\/uploads\\\/2022\\\/08\\\/Seawire-Hero-06.jpg\",\"datePublished\":\"2022-11-08T21:17:55+00:00\",\"dateModified\":\"2023-08-10T17:21:38+00:00\",\"breadcrumb\":{\"@id\":\"https:\\\/\\\/cssdn.gouv.qc.ca\\\/envol\\\/a-propos\\\/mission-vision-valeurs\\\/#breadcrumb\"},\"inLanguage\":\"fr-CA\",\"potentialAction\":[{\"@type\":\"ReadAction\",\"target\":[\"https:\\\/\\\/cssdn.gouv.qc.ca\\\/envol\\\/a-propos\\\/mission-vision-valeurs\\\/\"]}]},{\"@type\":\"ImageObject\",\"inLanguage\":\"fr-CA\",\"@id\":\"https:\\\/\\\/cssdn.gouv.qc.ca\\\/envol\\\/a-propos\\\/mission-vision-valeurs\\\/#primaryimage\",\"url\":\"https:\\\/\\\/stage.cssdn.gouv.qc.ca\\\/wp-content\\\/uploads\\\/2022\\\/08\\\/Seawire-Hero-06.jpg\",\"contentUrl\":\"https:\\\/\\\/stage.cssdn.gouv.qc.ca\\\/wp-content\\\/uploads\\\/2022\\\/08\\\/Seawire-Hero-06.jpg\"},{\"@type\":\"BreadcrumbList\",\"@id\":\"https:\\\/\\\/cssdn.gouv.qc.ca\\\/envol\\\/a-propos\\\/mission-vision-valeurs\\\/#breadcrumb\",\"itemListElement\":[{\"@type\":\"ListItem\",\"position\":1,\"name\":\"Accueil\",\"item\":\"https:\\\/\\\/cssdn.gouv.qc.ca\\\/envol\\\/\"},{\"@type\":\"ListItem\",\"position\":2,\"name\":\"\u00c0 propos\",\"item\":\"https:\\\/\\\/cssdn.gouv.qc.ca\\\/envol\\\/a-propos\\\/\"},{\"@type\":\"ListItem\",\"position\":3,\"name\":\"Mission, vision, valeurs\"}]},{\"@type\":\"WebSite\",\"@id\":\"https:\\\/\\\/cssdn.gouv.qc.ca\\\/envol\\\/#website\",\"url\":\"https:\\\/\\\/cssdn.gouv.qc.ca\\\/envol\\\/\",\"name\":\"\u00c9cole de l\u2019Envol\",\"description\":\"Un site des centres de services scolaires des Navigateurs\",\"publisher\":{\"@id\":\"https:\\\/\\\/cssdn.gouv.qc.ca\\\/envol\\\/#organization\"},\"potentialAction\":[{\"@type\":\"SearchAction\",\"target\":{\"@type\":\"EntryPoint\",\"urlTemplate\":\"https:\\\/\\\/cssdn.gouv.qc.ca\\\/envol\\\/?s={search_term_string}\"},\"query-input\":{\"@type\":\"PropertyValueSpecification\",\"valueRequired\":true,\"valueName\":\"search_term_string\"}}],\"inLanguage\":\"fr-CA\"},{\"@type\":\"Organization\",\"@id\":\"https:\\\/\\\/cssdn.gouv.qc.ca\\\/envol\\\/#organization\",\"name\":\"\u00c9cole de l\u2019Envol\",\"url\":\"https:\\\/\\\/cssdn.gouv.qc.ca\\\/envol\\\/\",\"logo\":{\"@type\":\"ImageObject\",\"inLanguage\":\"fr-CA\",\"@id\":\"https:\\\/\\\/cssdn.gouv.qc.ca\\\/envol\\\/#\\\/schema\\\/logo\\\/image\\\/\",\"url\":\"https:\\\/\\\/cssdn.gouv.qc.ca\\\/envol\\\/wp-content\\\/uploads\\\/sites\\\/69\\\/2023\\\/01\\\/logo_quebec.svg\",\"contentUrl\":\"https:\\\/\\\/cssdn.gouv.qc.ca\\\/envol\\\/wp-content\\\/uploads\\\/sites\\\/69\\\/2023\\\/01\\\/logo_quebec.svg\",\"width\":188,\"height\":41,\"caption\":\"\u00c9cole de l\u2019Envol\"},\"image\":{\"@id\":\"https:\\\/\\\/cssdn.gouv.qc.ca\\\/envol\\\/#\\\/schema\\\/logo\\\/image\\\/\"},\"sameAs\":[\"https:\\\/\\\/www.facebook.com\\\/ecoledelenvol\",\"https:\\\/\\\/x.com\\\/CSSNavigateurs\",\"https:\\\/\\\/www.instagram.com\\\/cssnavigateurs\\\/\",\"https:\\\/\\\/www.youtube.com\\\/channel\\\/UCHbNBehije70JBzCIVT82bQ\",\"https:\\\/\\\/www.linkedin.com\\\/company\\\/cssdn\"]}]}<\/script>\n<!-- \/ Yoast SEO plugin. -->","yoast_head_json":{"title":"Mission, vision, valeurs - \u00c9cole de l\u2019Envol","robots":{"index":"index","follow":"follow","max-snippet":"max-snippet:-1","max-image-preview":"max-image-preview:large","max-video-preview":"max-video-preview:-1"},"canonical":"https:\/\/cssdn.gouv.qc.ca\/envol\/a-propos\/mission-vision-valeurs\/","og_locale":"fr_CA","og_type":"article","og_title":"Mission, vision, valeurs - \u00c9cole de l\u2019Envol","og_description":"Mission L\u2019\u00e9cole de l\u2019Envol offre des services \u00e9ducatifs pour les \u00e9l\u00e8ves du primaire de 3e cycle et du secondaire de premier cycle. Elle cultive l\u2019engagement scolaire dans un environnement bienveillant, inclusif et ax\u00e9 sur la r\u00e9ussite du plus grand nombre d\u2019\u00e9l\u00e8ves. Vision Mon \u00e9cole, mon implication, ma r\u00e9ussite! Valeurs Respect Bienveillance Engagement D\u00e9passement","og_url":"https:\/\/cssdn.gouv.qc.ca\/envol\/a-propos\/mission-vision-valeurs\/","og_site_name":"\u00c9cole de l\u2019Envol","article_publisher":"https:\/\/www.facebook.com\/ecoledelenvol","article_modified_time":"2023-08-10T17:21:38+00:00","og_image":[{"url":"https:\/\/stage.cssdn.gouv.qc.ca\/wp-content\/uploads\/2022\/08\/Seawire-Hero-06.jpg","type":"","width":"","height":""}],"twitter_card":"summary_large_image","twitter_site":"@CSSNavigateurs","twitter_misc":{"Estimation du temps de lecture":"1 minute"},"schema":{"@context":"https:\/\/schema.org","@graph":[{"@type":"WebPage","@id":"https:\/\/cssdn.gouv.qc.ca\/envol\/a-propos\/mission-vision-valeurs\/","url":"https:\/\/cssdn.gouv.qc.ca\/envol\/a-propos\/mission-vision-valeurs\/","name":"Mission, vision, valeurs - \u00c9cole de l\u2019Envol","isPartOf":{"@id":"https:\/\/cssdn.gouv.qc.ca\/envol\/#website"},"primaryImageOfPage":{"@id":"https:\/\/cssdn.gouv.qc.ca\/envol\/a-propos\/mission-vision-valeurs\/#primaryimage"},"image":{"@id":"https:\/\/cssdn.gouv.qc.ca\/envol\/a-propos\/mission-vision-valeurs\/#primaryimage"},"thumbnailUrl":"https:\/\/stage.cssdn.gouv.qc.ca\/wp-content\/uploads\/2022\/08\/Seawire-Hero-06.jpg","datePublished":"2022-11-08T21:17:55+00:00","dateModified":"2023-08-10T17:21:38+00:00","breadcrumb":{"@id":"https:\/\/cssdn.gouv.qc.ca\/envol\/a-propos\/mission-vision-valeurs\/#breadcrumb"},"inLanguage":"fr-CA","potentialAction":[{"@type":"ReadAction","target":["https:\/\/cssdn.gouv.qc.ca\/envol\/a-propos\/mission-vision-valeurs\/"]}]},{"@type":"ImageObject","inLanguage":"fr-CA","@id":"https:\/\/cssdn.gouv.qc.ca\/envol\/a-propos\/mission-vision-valeurs\/#primaryimage","url":"https:\/\/stage.cssdn.gouv.qc.ca\/wp-content\/uploads\/2022\/08\/Seawire-Hero-06.jpg","contentUrl":"https:\/\/stage.cssdn.gouv.qc.ca\/wp-content\/uploads\/2022\/08\/Seawire-Hero-06.jpg"},{"@type":"BreadcrumbList","@id":"https:\/\/cssdn.gouv.qc.ca\/envol\/a-propos\/mission-vision-valeurs\/#breadcrumb","itemListElement":[{"@type":"ListItem","position":1,"name":"Accueil","item":"https:\/\/cssdn.gouv.qc.ca\/envol\/"},{"@type":"ListItem","position":2,"name":"\u00c0 propos","item":"https:\/\/cssdn.gouv.qc.ca\/envol\/a-propos\/"},{"@type":"ListItem","position":3,"name":"Mission, vision, valeurs"}]},{"@type":"WebSite","@id":"https:\/\/cssdn.gouv.qc.ca\/envol\/#website","url":"https:\/\/cssdn.gouv.qc.ca\/envol\/","name":"\u00c9cole de l\u2019Envol","description":"Un site des centres de services scolaires des Navigateurs","publisher":{"@id":"https:\/\/cssdn.gouv.qc.ca\/envol\/#organization"},"potentialAction":[{"@type":"SearchAction","target":{"@type":"EntryPoint","urlTemplate":"https:\/\/cssdn.gouv.qc.ca\/envol\/?s={search_term_string}"},"query-input":{"@type":"PropertyValueSpecification","valueRequired":true,"valueName":"search_term_string"}}],"inLanguage":"fr-CA"},{"@type":"Organization","@id":"https:\/\/cssdn.gouv.qc.ca\/envol\/#organization","name":"\u00c9cole de l\u2019Envol","url":"https:\/\/cssdn.gouv.qc.ca\/envol\/","logo":{"@type":"ImageObject","inLanguage":"fr-CA","@id":"https:\/\/cssdn.gouv.qc.ca\/envol\/#\/schema\/logo\/image\/","url":"https:\/\/cssdn.gouv.qc.ca\/envol\/wp-content\/uploads\/sites\/69\/2023\/01\/logo_quebec.svg","contentUrl":"https:\/\/cssdn.gouv.qc.ca\/envol\/wp-content\/uploads\/sites\/69\/2023\/01\/logo_quebec.svg","width":188,"height":41,"caption":"\u00c9cole de l\u2019Envol"},"image":{"@id":"https:\/\/cssdn.gouv.qc.ca\/envol\/#\/schema\/logo\/image\/"},"sameAs":["https:\/\/www.facebook.com\/ecoledelenvol","https:\/\/x.com\/CSSNavigateurs","https:\/\/www.instagram.com\/cssnavigateurs\/","https:\/\/www.youtube.com\/channel\/UCHbNBehije70JBzCIVT82bQ","https:\/\/www.linkedin.com\/company\/cssdn"]}]}},"publishpress_future_action":{"enabled":false,"date":"2026-04-26 05:27:42","action":"change-status","newStatus":"draft","terms":[],"taxonomy":"category","extraData":[]},"publishpress_future_workflow_manual_trigger":{"enabledWorkflows":[]},"_links":{"self":[{"href":"https:\/\/cssdn.gouv.qc.ca\/envol\/wp-json\/wp\/v2\/pages\/6","targetHints":{"allow":["GET"]}}],"collection":[{"href":"https:\/\/cssdn.gouv.qc.ca\/envol\/wp-json\/wp\/v2\/pages"}],"about":[{"href":"https:\/\/cssdn.gouv.qc.ca\/envol\/wp-json\/wp\/v2\/types\/page"}],"author":[{"embeddable":true,"href":"https:\/\/cssdn.gouv.qc.ca\/envol\/wp-json\/wp\/v2\/users\/1"}],"replies":[{"embeddable":true,"href":"https:\/\/cssdn.gouv.qc.ca\/envol\/wp-json\/wp\/v2\/comments?post=6"}],"version-history":[{"count":0,"href":"https:\/\/cssdn.gouv.qc.ca\/envol\/wp-json\/wp\/v2\/pages\/6\/revisions"}],"up":[{"embeddable":true,"href":"https:\/\/cssdn.gouv.qc.ca\/envol\/wp-json\/wp\/v2\/pages\/5"}],"wp:attachment":[{"href":"https:\/\/cssdn.gouv.qc.ca\/envol\/wp-json\/wp\/v2\/media?parent=6"}],"wp:term":[{"taxonomy":"category","embeddable":true,"href":"https:\/\/cssdn.gouv.qc.ca\/envol\/wp-json\/wp\/v2\/categories?post=6"},{"taxonomy":"post_tag","embeddable":true,"href":"https:\/\/cssdn.gouv.qc.ca\/envol\/wp-json\/wp\/v2\/tags?post=6"}],"curies":[{"name":"wp","href":"https:\/\/api.w.org\/{rel}","templated":true}]}}