
{"id":5595,"date":"2024-09-27T10:59:01","date_gmt":"2024-09-27T14:59:01","guid":{"rendered":"https:\/\/cssdn.gouv.qc.ca\/eperviere\/?page_id=5595"},"modified":"2026-02-03T14:32:20","modified_gmt":"2026-02-03T19:32:20","slug":"climat-scolaire-positif","status":"publish","type":"page","link":"https:\/\/cssdn.gouv.qc.ca\/eperviere\/informations-aux-parents\/climat-scolaire-positif\/","title":{"rendered":"Climat scolaire positif"},"content":{"rendered":"\n<div class=\"wp-block-cover alignfull is-light is-style-title-banner\"><img decoding=\"async\" class=\"wp-block-cover__image-background wp-image-111 lazyload\" alt=\"\" data-src=\"https:\/\/stage.cssdn.gouv.qc.ca\/wp-content\/uploads\/2022\/08\/Seawire-Hero-06.jpg\" data-object-fit=\"cover\" src=\"data:image\/svg+xml;base64,PHN2ZyB3aWR0aD0iMSIgaGVpZ2h0PSIxIiB4bWxucz0iaHR0cDovL3d3dy53My5vcmcvMjAwMC9zdmciPjwvc3ZnPg==\" \/><span aria-hidden=\"true\" class=\"wp-block-cover__background has-background-dim\"><\/span><div class=\"wp-block-cover__inner-container\"><h3 class=\"wp-block-post-title\">Climat scolaire positif<\/h3><\/div><\/div>\n\n\n\n<div class=\"wp-block-group alignfull has-padding-y-large has-secondary-background-color has-background\"><div class=\"yoast-breadcrumbs alignwide \"><span class=\"breadcrumbs\"><a href=\"https:\/\/cssdn.gouv.qc.ca\/eperviere\/\" class=\"breadcrumbs__element\">Accueil<\/a> <span class=\"breadcrumbs__separator\">\n        <svg class=\"icon icon-breadcrumb__separator\"><use xlink:href=\"#icon-breadcrumb__separator\"><\/use><\/svg>\n    <\/span> <a href=\"https:\/\/cssdn.gouv.qc.ca\/eperviere\/informations-aux-parents\/\" class=\"breadcrumbs__element\">Informations aux parents<\/a> <span class=\"breadcrumbs__separator\">\n        <svg class=\"icon icon-breadcrumb__separator\"><use xlink:href=\"#icon-breadcrumb__separator\"><\/use><\/svg>\n    <\/span> <span class=\"breadcrumbs__element breadcrumbs__element-current\">Climat scolaire positif<\/span><\/span><\/div><\/div>\n\n\n\n<h1 class=\"wp-block-heading\"><\/h1>\n\n\n\n\n\n<h2 class=\"wp-block-heading\">R\u00e8gles de l&rsquo;\u00e9cole<\/h2>\n\n\n\n<div class=\"wp-block-file\"><a id=\"wp-block-file--media-a201940b-bf59-4e24-8c3c-dac0ab7a57e7\" href=\"https:\/\/cssdn.gouv.qc.ca\/eperviere\/wp-content\/uploads\/sites\/28\/2025\/06\/Regles-de-vie-ecole-de-lEperviere-2025-2026.pdf\">R\u00e8gles de vie, \u00e9cole de l&rsquo;\u00c9pervi\u00e8re, 2025-2026<\/a><a href=\"https:\/\/cssdn.gouv.qc.ca\/eperviere\/wp-content\/uploads\/sites\/28\/2025\/06\/Regles-de-vie-ecole-de-lEperviere-2025-2026.pdf\" class=\"wp-block-file__button wp-element-button\" download aria-describedby=\"wp-block-file--media-a201940b-bf59-4e24-8c3c-dac0ab7a57e7\">T\u00e9l\u00e9charger<\/a><\/div>\n\n\n\n<h2 class=\"wp-block-heading\"><strong>Badges des comportements attendus<\/strong><\/h2>\n\n\n\n<div class=\"wp-block-file\"><a id=\"wp-block-file--media-ee5d659b-0b0e-45a3-920d-c4753d0abaa1\" href=\"https:\/\/cssdn.gouv.qc.ca\/eperviere\/wp-content\/uploads\/sites\/28\/2026\/02\/Badge-1-Informations-pour-les-parents.pdf\">Badge #1 &#8211; Informations pour les parents<\/a><a href=\"https:\/\/cssdn.gouv.qc.ca\/eperviere\/wp-content\/uploads\/sites\/28\/2026\/02\/Badge-1-Informations-pour-les-parents.pdf\" class=\"wp-block-file__button wp-element-button\" download aria-describedby=\"wp-block-file--media-ee5d659b-0b0e-45a3-920d-c4753d0abaa1\">Download<\/a><\/div>\n\n\n\n<div class=\"wp-block-file\"><a id=\"wp-block-file--media-c1da569a-6a56-4ffd-a300-ebb67e0498b0\" href=\"https:\/\/cssdn.gouv.qc.ca\/eperviere\/wp-content\/uploads\/sites\/28\/2026\/02\/Badge-2-Informations-pour-les-parents-Pres.pdf\">Badge #2 &#8211; Informations pour les parents (Pr\u00e9s)<\/a><a href=\"https:\/\/cssdn.gouv.qc.ca\/eperviere\/wp-content\/uploads\/sites\/28\/2026\/02\/Badge-2-Informations-pour-les-parents-Pres.pdf\" class=\"wp-block-file__button wp-element-button\" download aria-describedby=\"wp-block-file--media-c1da569a-6a56-4ffd-a300-ebb67e0498b0\">Download<\/a><\/div>\n\n\n\n<div class=\"wp-block-file\"><a id=\"wp-block-file--media-ecb6881b-22d6-4caa-9b31-d74319de80f1\" href=\"https:\/\/cssdn.gouv.qc.ca\/eperviere\/wp-content\/uploads\/sites\/28\/2026\/02\/Badge-2-Informations-pour-les-parents-Boreal-uniquement.pdf\">Badge #2 &#8211; Informations pour les parents (Bor\u00e9al uniquement)<\/a><a href=\"https:\/\/cssdn.gouv.qc.ca\/eperviere\/wp-content\/uploads\/sites\/28\/2026\/02\/Badge-2-Informations-pour-les-parents-Boreal-uniquement.pdf\" class=\"wp-block-file__button wp-element-button\" download aria-describedby=\"wp-block-file--media-ecb6881b-22d6-4caa-9b31-d74319de80f1\">Download<\/a><\/div>\n\n\n\n<div class=\"wp-block-file\"><a id=\"wp-block-file--media-08944bb6-2d9a-4091-9386-3541d55dca10\" href=\"https:\/\/cssdn.gouv.qc.ca\/eperviere\/wp-content\/uploads\/sites\/28\/2026\/02\/Badge-3-Informations-pour-les-parents.pdf\">Badge #3 &#8211; Informations pour les parents<\/a><a href=\"https:\/\/cssdn.gouv.qc.ca\/eperviere\/wp-content\/uploads\/sites\/28\/2026\/02\/Badge-3-Informations-pour-les-parents.pdf\" class=\"wp-block-file__button wp-element-button\" download aria-describedby=\"wp-block-file--media-08944bb6-2d9a-4091-9386-3541d55dca10\">Download<\/a><\/div>\n\n\n\n<div class=\"wp-block-file\"><a id=\"wp-block-file--media-30367efd-5608-4fe6-8ba5-94fe3f5b6877\" href=\"https:\/\/cssdn.gouv.qc.ca\/eperviere\/wp-content\/uploads\/sites\/28\/2026\/02\/Badge-4-Informations-pour-les-parents.pdf\">Badge #4 &#8211; Informations pour les parents<\/a><a href=\"https:\/\/cssdn.gouv.qc.ca\/eperviere\/wp-content\/uploads\/sites\/28\/2026\/02\/Badge-4-Informations-pour-les-parents.pdf\" class=\"wp-block-file__button wp-element-button\" download aria-describedby=\"wp-block-file--media-30367efd-5608-4fe6-8ba5-94fe3f5b6877\">Download<\/a><\/div>\n\n\n\n<h2 class=\"wp-block-heading\">Plan de lutte<\/h2>\n\n\n\n<div class=\"wp-block-file\"><a id=\"wp-block-file--media-c7b6dd71-ddd9-49fb-ab5d-087a32164884\" href=\"https:\/\/cssdn.gouv.qc.ca\/eperviere\/wp-content\/uploads\/sites\/28\/2025\/09\/Plan-de-lutte-2025-2026-FINAL.pdf\">Plan de lutte 2025-2026 <\/a><a href=\"https:\/\/cssdn.gouv.qc.ca\/eperviere\/wp-content\/uploads\/sites\/28\/2025\/09\/Plan-de-lutte-2025-2026-FINAL.pdf\" class=\"wp-block-file__button wp-element-button\" download aria-describedby=\"wp-block-file--media-c7b6dd71-ddd9-49fb-ab5d-087a32164884\">Download<\/a><\/div>\n\n\n\n<h2 class=\"wp-block-heading\"><strong>Plan d&rsquo;action pour un milieu s\u00e9curitaire et sain<\/strong><\/h2>\n\n\n\n<div class=\"wp-block-file\"><a id=\"wp-block-file--media-ce408911-90af-44e6-b9aa-39b3201f04f2\" href=\"https:\/\/cssdn.gouv.qc.ca\/eperviere\/wp-content\/uploads\/sites\/28\/2025\/06\/Plan-daction-2025-2026.pdf\">Plan d&rsquo;action 2025-2026<\/a><a href=\"https:\/\/cssdn.gouv.qc.ca\/eperviere\/wp-content\/uploads\/sites\/28\/2025\/06\/Plan-daction-2025-2026.pdf\" class=\"wp-block-file__button wp-element-button\" download aria-describedby=\"wp-block-file--media-ce408911-90af-44e6-b9aa-39b3201f04f2\">T\u00e9l\u00e9charger<\/a><\/div>\n\n\n\n<h2 class=\"wp-block-heading\"><strong>D\u00e9claration d&rsquo;\u00e9v\u00e8nement<\/strong><\/h2>\n\n\n\n<div class=\"wp-block-file\"><a id=\"wp-block-file--media-46fd3aa2-bdff-4770-99ab-78e6a39d2227\" href=\"https:\/\/cssdn.gouv.qc.ca\/eperviere\/wp-content\/uploads\/sites\/28\/2024\/09\/Declaration-devenement-1.pdf\">D\u00e9claration d&rsquo;\u00e9v\u00e9nement<\/a><a href=\"https:\/\/cssdn.gouv.qc.ca\/eperviere\/wp-content\/uploads\/sites\/28\/2024\/09\/Declaration-devenement-1.pdf\" class=\"wp-block-file__button wp-element-button\" download aria-describedby=\"wp-block-file--media-46fd3aa2-bdff-4770-99ab-78e6a39d2227\">T\u00e9l\u00e9charger<\/a><\/div>\n","protected":false},"excerpt":{"rendered":"<p>R\u00e8gles de l&rsquo;\u00e9cole Badges des comportements attendus Plan de lutte Plan d&rsquo;action pour un milieu s\u00e9curitaire et sain D\u00e9claration d&rsquo;\u00e9v\u00e8nement<\/p>\n","protected":false},"author":59,"featured_media":0,"parent":13,"menu_order":0,"comment_status":"closed","ping_status":"closed","template":"","meta":{"_acf_changed":false,"_crdt_document":"","inline_featured_image":false,"footnotes":""},"categories":[],"tags":[],"class_list":["post-5595","page","type-page","status-publish","hentry"],"acf":[],"yoast_head":"<!-- This site is optimized with the Yoast SEO plugin v27.4 - https:\/\/yoast.com\/product\/yoast-seo-wordpress\/ -->\n<title>Climat scolaire positif - \u00c9cole de l\u2019\u00c9pervi\u00e8re<\/title>\n<meta name=\"robots\" content=\"index, follow, max-snippet:-1, max-image-preview:large, max-video-preview:-1\" \/>\n<link rel=\"canonical\" href=\"https:\/\/cssdn.gouv.qc.ca\/eperviere\/informations-aux-parents\/climat-scolaire-positif\/\" \/>\n<meta property=\"og:locale\" content=\"fr_CA\" \/>\n<meta property=\"og:type\" content=\"article\" \/>\n<meta property=\"og:title\" content=\"Climat scolaire positif - \u00c9cole de l\u2019\u00c9pervi\u00e8re\" \/>\n<meta property=\"og:description\" content=\"R\u00e8gles de l&rsquo;\u00e9cole Badges des comportements attendus Plan de lutte Plan d&rsquo;action pour un milieu s\u00e9curitaire et sain D\u00e9claration d&rsquo;\u00e9v\u00e8nement\" \/>\n<meta property=\"og:url\" content=\"https:\/\/cssdn.gouv.qc.ca\/eperviere\/informations-aux-parents\/climat-scolaire-positif\/\" \/>\n<meta property=\"og:site_name\" content=\"\u00c9cole de l\u2019\u00c9pervi\u00e8re\" \/>\n<meta property=\"article:publisher\" content=\"https:\/\/www.facebook.com\/epervierestetherese\" \/>\n<meta property=\"article:modified_time\" content=\"2026-02-03T19:32:20+00:00\" \/>\n<meta name=\"twitter:card\" content=\"summary_large_image\" \/>\n<meta name=\"twitter:label1\" content=\"Estimation du temps de lecture\" \/>\n\t<meta name=\"twitter:data1\" content=\"1 minute\" \/>\n<script type=\"application\/ld+json\" class=\"yoast-schema-graph\">{\"@context\":\"https:\\\/\\\/schema.org\",\"@graph\":[{\"@type\":\"WebPage\",\"@id\":\"https:\\\/\\\/cssdn.gouv.qc.ca\\\/eperviere\\\/informations-aux-parents\\\/climat-scolaire-positif\\\/\",\"url\":\"https:\\\/\\\/cssdn.gouv.qc.ca\\\/eperviere\\\/informations-aux-parents\\\/climat-scolaire-positif\\\/\",\"name\":\"Climat scolaire positif - \u00c9cole de l\u2019\u00c9pervi\u00e8re\",\"isPartOf\":{\"@id\":\"https:\\\/\\\/cssdn.gouv.qc.ca\\\/eperviere\\\/#website\"},\"primaryImageOfPage\":{\"@id\":\"https:\\\/\\\/cssdn.gouv.qc.ca\\\/eperviere\\\/informations-aux-parents\\\/climat-scolaire-positif\\\/#primaryimage\"},\"image\":{\"@id\":\"https:\\\/\\\/cssdn.gouv.qc.ca\\\/eperviere\\\/informations-aux-parents\\\/climat-scolaire-positif\\\/#primaryimage\"},\"thumbnailUrl\":\"https:\\\/\\\/stage.cssdn.gouv.qc.ca\\\/wp-content\\\/uploads\\\/2022\\\/08\\\/Seawire-Hero-06.jpg\",\"datePublished\":\"2024-09-27T14:59:01+00:00\",\"dateModified\":\"2026-02-03T19:32:20+00:00\",\"breadcrumb\":{\"@id\":\"https:\\\/\\\/cssdn.gouv.qc.ca\\\/eperviere\\\/informations-aux-parents\\\/climat-scolaire-positif\\\/#breadcrumb\"},\"inLanguage\":\"fr-CA\",\"potentialAction\":[{\"@type\":\"ReadAction\",\"target\":[\"https:\\\/\\\/cssdn.gouv.qc.ca\\\/eperviere\\\/informations-aux-parents\\\/climat-scolaire-positif\\\/\"]}]},{\"@type\":\"ImageObject\",\"inLanguage\":\"fr-CA\",\"@id\":\"https:\\\/\\\/cssdn.gouv.qc.ca\\\/eperviere\\\/informations-aux-parents\\\/climat-scolaire-positif\\\/#primaryimage\",\"url\":\"https:\\\/\\\/stage.cssdn.gouv.qc.ca\\\/wp-content\\\/uploads\\\/2022\\\/08\\\/Seawire-Hero-06.jpg\",\"contentUrl\":\"https:\\\/\\\/stage.cssdn.gouv.qc.ca\\\/wp-content\\\/uploads\\\/2022\\\/08\\\/Seawire-Hero-06.jpg\"},{\"@type\":\"BreadcrumbList\",\"@id\":\"https:\\\/\\\/cssdn.gouv.qc.ca\\\/eperviere\\\/informations-aux-parents\\\/climat-scolaire-positif\\\/#breadcrumb\",\"itemListElement\":[{\"@type\":\"ListItem\",\"position\":1,\"name\":\"Accueil\",\"item\":\"https:\\\/\\\/cssdn.gouv.qc.ca\\\/eperviere\\\/\"},{\"@type\":\"ListItem\",\"position\":2,\"name\":\"Informations aux parents\",\"item\":\"https:\\\/\\\/cssdn.gouv.qc.ca\\\/eperviere\\\/informations-aux-parents\\\/\"},{\"@type\":\"ListItem\",\"position\":3,\"name\":\"Climat scolaire positif\"}]},{\"@type\":\"WebSite\",\"@id\":\"https:\\\/\\\/cssdn.gouv.qc.ca\\\/eperviere\\\/#website\",\"url\":\"https:\\\/\\\/cssdn.gouv.qc.ca\\\/eperviere\\\/\",\"name\":\"\u00c9cole de l\u2019\u00c9pervi\u00e8re\",\"description\":\"Un site des centres de services scolaires des Navigateurs\",\"publisher\":{\"@id\":\"https:\\\/\\\/cssdn.gouv.qc.ca\\\/eperviere\\\/#organization\"},\"potentialAction\":[{\"@type\":\"SearchAction\",\"target\":{\"@type\":\"EntryPoint\",\"urlTemplate\":\"https:\\\/\\\/cssdn.gouv.qc.ca\\\/eperviere\\\/?s={search_term_string}\"},\"query-input\":{\"@type\":\"PropertyValueSpecification\",\"valueRequired\":true,\"valueName\":\"search_term_string\"}}],\"inLanguage\":\"fr-CA\"},{\"@type\":\"Organization\",\"@id\":\"https:\\\/\\\/cssdn.gouv.qc.ca\\\/eperviere\\\/#organization\",\"name\":\"\u00c9cole de l\u2019\u00c9pervi\u00e8re\",\"url\":\"https:\\\/\\\/cssdn.gouv.qc.ca\\\/eperviere\\\/\",\"logo\":{\"@type\":\"ImageObject\",\"inLanguage\":\"fr-CA\",\"@id\":\"https:\\\/\\\/cssdn.gouv.qc.ca\\\/eperviere\\\/#\\\/schema\\\/logo\\\/image\\\/\",\"url\":\"https:\\\/\\\/cssdn.gouv.qc.ca\\\/eperviere\\\/wp-content\\\/uploads\\\/sites\\\/28\\\/2023\\\/01\\\/logo_quebec.svg\",\"contentUrl\":\"https:\\\/\\\/cssdn.gouv.qc.ca\\\/eperviere\\\/wp-content\\\/uploads\\\/sites\\\/28\\\/2023\\\/01\\\/logo_quebec.svg\",\"width\":188,\"height\":41,\"caption\":\"\u00c9cole de l\u2019\u00c9pervi\u00e8re\"},\"image\":{\"@id\":\"https:\\\/\\\/cssdn.gouv.qc.ca\\\/eperviere\\\/#\\\/schema\\\/logo\\\/image\\\/\"},\"sameAs\":[\"https:\\\/\\\/www.facebook.com\\\/epervierestetherese\"]}]}<\/script>\n<!-- \/ Yoast SEO plugin. -->","yoast_head_json":{"title":"Climat scolaire positif - \u00c9cole de l\u2019\u00c9pervi\u00e8re","robots":{"index":"index","follow":"follow","max-snippet":"max-snippet:-1","max-image-preview":"max-image-preview:large","max-video-preview":"max-video-preview:-1"},"canonical":"https:\/\/cssdn.gouv.qc.ca\/eperviere\/informations-aux-parents\/climat-scolaire-positif\/","og_locale":"fr_CA","og_type":"article","og_title":"Climat scolaire positif - \u00c9cole de l\u2019\u00c9pervi\u00e8re","og_description":"R\u00e8gles de l&rsquo;\u00e9cole Badges des comportements attendus Plan de lutte Plan d&rsquo;action pour un milieu s\u00e9curitaire et sain D\u00e9claration d&rsquo;\u00e9v\u00e8nement","og_url":"https:\/\/cssdn.gouv.qc.ca\/eperviere\/informations-aux-parents\/climat-scolaire-positif\/","og_site_name":"\u00c9cole de l\u2019\u00c9pervi\u00e8re","article_publisher":"https:\/\/www.facebook.com\/epervierestetherese","article_modified_time":"2026-02-03T19:32:20+00:00","twitter_card":"summary_large_image","twitter_misc":{"Estimation du temps de lecture":"1 minute"},"schema":{"@context":"https:\/\/schema.org","@graph":[{"@type":"WebPage","@id":"https:\/\/cssdn.gouv.qc.ca\/eperviere\/informations-aux-parents\/climat-scolaire-positif\/","url":"https:\/\/cssdn.gouv.qc.ca\/eperviere\/informations-aux-parents\/climat-scolaire-positif\/","name":"Climat scolaire positif - \u00c9cole de l\u2019\u00c9pervi\u00e8re","isPartOf":{"@id":"https:\/\/cssdn.gouv.qc.ca\/eperviere\/#website"},"primaryImageOfPage":{"@id":"https:\/\/cssdn.gouv.qc.ca\/eperviere\/informations-aux-parents\/climat-scolaire-positif\/#primaryimage"},"image":{"@id":"https:\/\/cssdn.gouv.qc.ca\/eperviere\/informations-aux-parents\/climat-scolaire-positif\/#primaryimage"},"thumbnailUrl":"https:\/\/stage.cssdn.gouv.qc.ca\/wp-content\/uploads\/2022\/08\/Seawire-Hero-06.jpg","datePublished":"2024-09-27T14:59:01+00:00","dateModified":"2026-02-03T19:32:20+00:00","breadcrumb":{"@id":"https:\/\/cssdn.gouv.qc.ca\/eperviere\/informations-aux-parents\/climat-scolaire-positif\/#breadcrumb"},"inLanguage":"fr-CA","potentialAction":[{"@type":"ReadAction","target":["https:\/\/cssdn.gouv.qc.ca\/eperviere\/informations-aux-parents\/climat-scolaire-positif\/"]}]},{"@type":"ImageObject","inLanguage":"fr-CA","@id":"https:\/\/cssdn.gouv.qc.ca\/eperviere\/informations-aux-parents\/climat-scolaire-positif\/#primaryimage","url":"https:\/\/stage.cssdn.gouv.qc.ca\/wp-content\/uploads\/2022\/08\/Seawire-Hero-06.jpg","contentUrl":"https:\/\/stage.cssdn.gouv.qc.ca\/wp-content\/uploads\/2022\/08\/Seawire-Hero-06.jpg"},{"@type":"BreadcrumbList","@id":"https:\/\/cssdn.gouv.qc.ca\/eperviere\/informations-aux-parents\/climat-scolaire-positif\/#breadcrumb","itemListElement":[{"@type":"ListItem","position":1,"name":"Accueil","item":"https:\/\/cssdn.gouv.qc.ca\/eperviere\/"},{"@type":"ListItem","position":2,"name":"Informations aux parents","item":"https:\/\/cssdn.gouv.qc.ca\/eperviere\/informations-aux-parents\/"},{"@type":"ListItem","position":3,"name":"Climat scolaire positif"}]},{"@type":"WebSite","@id":"https:\/\/cssdn.gouv.qc.ca\/eperviere\/#website","url":"https:\/\/cssdn.gouv.qc.ca\/eperviere\/","name":"\u00c9cole de l\u2019\u00c9pervi\u00e8re","description":"Un site des centres de services scolaires des Navigateurs","publisher":{"@id":"https:\/\/cssdn.gouv.qc.ca\/eperviere\/#organization"},"potentialAction":[{"@type":"SearchAction","target":{"@type":"EntryPoint","urlTemplate":"https:\/\/cssdn.gouv.qc.ca\/eperviere\/?s={search_term_string}"},"query-input":{"@type":"PropertyValueSpecification","valueRequired":true,"valueName":"search_term_string"}}],"inLanguage":"fr-CA"},{"@type":"Organization","@id":"https:\/\/cssdn.gouv.qc.ca\/eperviere\/#organization","name":"\u00c9cole de l\u2019\u00c9pervi\u00e8re","url":"https:\/\/cssdn.gouv.qc.ca\/eperviere\/","logo":{"@type":"ImageObject","inLanguage":"fr-CA","@id":"https:\/\/cssdn.gouv.qc.ca\/eperviere\/#\/schema\/logo\/image\/","url":"https:\/\/cssdn.gouv.qc.ca\/eperviere\/wp-content\/uploads\/sites\/28\/2023\/01\/logo_quebec.svg","contentUrl":"https:\/\/cssdn.gouv.qc.ca\/eperviere\/wp-content\/uploads\/sites\/28\/2023\/01\/logo_quebec.svg","width":188,"height":41,"caption":"\u00c9cole de l\u2019\u00c9pervi\u00e8re"},"image":{"@id":"https:\/\/cssdn.gouv.qc.ca\/eperviere\/#\/schema\/logo\/image\/"},"sameAs":["https:\/\/www.facebook.com\/epervierestetherese"]}]}},"publishpress_future_action":{"enabled":false,"date":"2026-04-26 17:18:49","action":"change-status","newStatus":"draft","terms":[],"taxonomy":"category","extraData":[]},"publishpress_future_workflow_manual_trigger":{"enabledWorkflows":[]},"_links":{"self":[{"href":"https:\/\/cssdn.gouv.qc.ca\/eperviere\/wp-json\/wp\/v2\/pages\/5595","targetHints":{"allow":["GET"]}}],"collection":[{"href":"https:\/\/cssdn.gouv.qc.ca\/eperviere\/wp-json\/wp\/v2\/pages"}],"about":[{"href":"https:\/\/cssdn.gouv.qc.ca\/eperviere\/wp-json\/wp\/v2\/types\/page"}],"author":[{"embeddable":true,"href":"https:\/\/cssdn.gouv.qc.ca\/eperviere\/wp-json\/wp\/v2\/users\/59"}],"replies":[{"embeddable":true,"href":"https:\/\/cssdn.gouv.qc.ca\/eperviere\/wp-json\/wp\/v2\/comments?post=5595"}],"version-history":[{"count":0,"href":"https:\/\/cssdn.gouv.qc.ca\/eperviere\/wp-json\/wp\/v2\/pages\/5595\/revisions"}],"up":[{"embeddable":true,"href":"https:\/\/cssdn.gouv.qc.ca\/eperviere\/wp-json\/wp\/v2\/pages\/13"}],"wp:attachment":[{"href":"https:\/\/cssdn.gouv.qc.ca\/eperviere\/wp-json\/wp\/v2\/media?parent=5595"}],"wp:term":[{"taxonomy":"category","embeddable":true,"href":"https:\/\/cssdn.gouv.qc.ca\/eperviere\/wp-json\/wp\/v2\/categories?post=5595"},{"taxonomy":"post_tag","embeddable":true,"href":"https:\/\/cssdn.gouv.qc.ca\/eperviere\/wp-json\/wp\/v2\/tags?post=5595"}],"curies":[{"name":"wp","href":"https:\/\/api.w.org\/{rel}","templated":true}]}}