
{"id":16,"date":"2022-11-08T16:17:58","date_gmt":"2022-11-08T21:17:58","guid":{"rendered":"https:\/\/cssdn.gouv.qc.ca\/esle\/information\/info-parents\/"},"modified":"2026-04-15T08:37:27","modified_gmt":"2026-04-15T12:37:27","slug":"info-parents","status":"publish","type":"page","link":"https:\/\/cssdn.gouv.qc.ca\/esle\/information\/info-parents\/","title":{"rendered":"Info-parents"},"content":{"rendered":"\n<div class=\"wp-block-cover alignfull is-light is-style-title-banner\"><img decoding=\"async\" class=\"wp-block-cover__image-background wp-image-111 lazyload\" alt=\"\" data-src=\"https:\/\/cssdn.gouv.qc.ca\/wp-content\/uploads\/2022\/08\/Seawire-Hero-06.jpg\" data-object-fit=\"cover\" src=\"data:image\/svg+xml;base64,PHN2ZyB3aWR0aD0iMSIgaGVpZ2h0PSIxIiB4bWxucz0iaHR0cDovL3d3dy53My5vcmcvMjAwMC9zdmciPjwvc3ZnPg==\" \/><span aria-hidden=\"true\" class=\"wp-block-cover__background has-primary-background-color has-background-dim\"><\/span><div class=\"wp-block-cover__inner-container\"><h3 class=\"wp-block-post-title\">Info-parents<\/h3><\/div><\/div>\n\n\n\n<div class=\"wp-block-group alignfull has-padding-y-large has-secondary-background-color has-background\"><div class=\"yoast-breadcrumbs alignwide \"><span class=\"breadcrumbs\"><a href=\"https:\/\/cssdn.gouv.qc.ca\/esle\/\" class=\"breadcrumbs__element\">Accueil<\/a> <span class=\"breadcrumbs__separator\">\n        <svg class=\"icon icon-breadcrumb__separator\"><use xlink:href=\"#icon-breadcrumb__separator\"><\/use><\/svg>\n    <\/span> <a href=\"https:\/\/cssdn.gouv.qc.ca\/esle\/information\/\" class=\"breadcrumbs__element\">Information<\/a> <span class=\"breadcrumbs__separator\">\n        <svg class=\"icon icon-breadcrumb__separator\"><use xlink:href=\"#icon-breadcrumb__separator\"><\/use><\/svg>\n    <\/span> <span class=\"breadcrumbs__element breadcrumbs__element-current\">Info-parents<\/span><\/span><\/div><\/div>\n\n\n\n<h2 class=\"wp-block-heading has-black-color has-text-color\">Info-parents<\/h2>\n\n\n\n<p class=\"wp-block-paragraph\"><strong>Retrouvez les communications envoy\u00e9es aux parents par l&rsquo;\u00c9cole secondaire les Etchemins<\/strong>.<\/p>\n\n\n\n<div class=\"wp-block-file\"><a id=\"wp-block-file--media-30e31823-00be-4869-93a0-b1f08a9f8a56\" href=\"https:\/\/cssdn.gouv.qc.ca\/esle\/wp-content\/uploads\/sites\/13\/2025\/08\/Info-parents-Aout-2025-Rentree-scolaire.pdf\">Info-parents Ao\u00fbt 2025 &#8211; Rentr\u00e9e scolaire<\/a><a href=\"https:\/\/cssdn.gouv.qc.ca\/esle\/wp-content\/uploads\/sites\/13\/2025\/08\/Info-parents-Aout-2025-Rentree-scolaire.pdf\" class=\"wp-block-file__button wp-element-button\" download aria-describedby=\"wp-block-file--media-30e31823-00be-4869-93a0-b1f08a9f8a56\">T\u00e9l\u00e9charger<\/a><\/div>\n\n\n\n<div class=\"wp-block-file\"><a id=\"wp-block-file--media-63c61716-1c20-44fd-b568-ed4ea7857f5a\" href=\"https:\/\/cssdn.gouv.qc.ca\/esle\/wp-content\/uploads\/sites\/13\/2025\/08\/Info-parents-1ere-journee-de-classe-27-Aout-2025.pdf\">Info-parents 1\u00e8re journ\u00e9e de classe 27 Ao\u00fbt 2025<\/a><a href=\"https:\/\/cssdn.gouv.qc.ca\/esle\/wp-content\/uploads\/sites\/13\/2025\/08\/Info-parents-1ere-journee-de-classe-27-Aout-2025.pdf\" class=\"wp-block-file__button wp-element-button\" download aria-describedby=\"wp-block-file--media-63c61716-1c20-44fd-b568-ed4ea7857f5a\">Download<\/a><\/div>\n\n\n\n<div class=\"wp-block-file\"><a id=\"wp-block-file--media-1c7b646e-b001-464b-b7ce-ae508d1e9415\" href=\"https:\/\/cssdn.gouv.qc.ca\/esle\/wp-content\/uploads\/sites\/13\/2025\/11\/25-26-3-Info-parents-Novembre-2025.pdf\">Info-parents &#8211; Novembre 2025<\/a><a href=\"https:\/\/cssdn.gouv.qc.ca\/esle\/wp-content\/uploads\/sites\/13\/2025\/11\/25-26-3-Info-parents-Novembre-2025.pdf\" class=\"wp-block-file__button wp-element-button\" download aria-describedby=\"wp-block-file--media-1c7b646e-b001-464b-b7ce-ae508d1e9415\">Download<\/a><\/div>\n\n\n\n<div class=\"wp-block-file\"><a id=\"wp-block-file--media-4c057f73-3a53-45ef-be3d-36acebddaaec\" href=\"https:\/\/cssdn.gouv.qc.ca\/esle\/wp-content\/uploads\/sites\/13\/2026\/02\/Info-parents-Fevrier-2026.pdf\">Info-parents &#8211; F\u00e9vrier 2026<\/a><a href=\"https:\/\/cssdn.gouv.qc.ca\/esle\/wp-content\/uploads\/sites\/13\/2026\/02\/Info-parents-Fevrier-2026.pdf\" class=\"wp-block-file__button wp-element-button\" download aria-describedby=\"wp-block-file--media-4c057f73-3a53-45ef-be3d-36acebddaaec\">Download<\/a><\/div>\n\n\n\n<div class=\"wp-block-file\"><a id=\"wp-block-file--media-03a35399-e2bb-41d2-816f-b83eb628ecb1\" href=\"https:\/\/cssdn.gouv.qc.ca\/esle\/wp-content\/uploads\/sites\/13\/2026\/04\/INFO-PARENTS-Avril-Mai-2026-1.pdf\">Info-parents &#8211; Avril &#8211; Mai 2026<\/a><a href=\"https:\/\/cssdn.gouv.qc.ca\/esle\/wp-content\/uploads\/sites\/13\/2026\/04\/INFO-PARENTS-Avril-Mai-2026-1.pdf\" class=\"wp-block-file__button wp-element-button\" download aria-describedby=\"wp-block-file--media-03a35399-e2bb-41d2-816f-b83eb628ecb1\">Download<\/a><\/div>\n\n\n\n<h3 class=\"wp-block-heading has-black-color has-text-color has-link-color wp-elements-adc6985ac1584b7ec11dc454d668c76c\">Assembl\u00e9e g\u00e9n\u00e9rale annuelle des parents 2025-2026<\/h3>\n\n\n\n<div class=\"wp-block-file\"><a id=\"wp-block-file--media-f3fa7715-ae47-44bd-bd6f-af892cc5b59d\" href=\"https:\/\/cssdn.gouv.qc.ca\/esle\/wp-content\/uploads\/sites\/13\/2025\/09\/Invitation-rencontre-et-ass.-gen.-parents-10-09-2025.pdf\">Invitation rencontre et assembl\u00e9e g\u00e9n\u00e9rale annuelle des parents du 10 septembre 2025<\/a><a href=\"https:\/\/cssdn.gouv.qc.ca\/esle\/wp-content\/uploads\/sites\/13\/2025\/09\/Invitation-rencontre-et-ass.-gen.-parents-10-09-2025.pdf\" class=\"wp-block-file__button wp-element-button\" download aria-describedby=\"wp-block-file--media-f3fa7715-ae47-44bd-bd6f-af892cc5b59d\">Download<\/a><\/div>\n\n\n\n<div class=\"wp-block-file\"><a id=\"wp-block-file--media-3fb4c71e-9c25-4f0d-b38b-ccb22d391785\" href=\"https:\/\/cssdn.gouv.qc.ca\/esle\/wp-content\/uploads\/sites\/13\/2025\/09\/ODJ-Ass-gen-parents-10-09-2025.pdf\">ODJ Assembl\u00e9e g\u00e9n\u00e9rale annuelle des parents du 10 septembre 2025<\/a><a href=\"https:\/\/cssdn.gouv.qc.ca\/esle\/wp-content\/uploads\/sites\/13\/2025\/09\/ODJ-Ass-gen-parents-10-09-2025.pdf\" class=\"wp-block-file__button wp-element-button\" download aria-describedby=\"wp-block-file--media-3fb4c71e-9c25-4f0d-b38b-ccb22d391785\">Download<\/a><\/div>\n\n\n\n<div class=\"wp-block-file\"><a id=\"wp-block-file--media-b313c611-40ef-445a-a7e1-cad8c063e046\" href=\"https:\/\/cssdn.gouv.qc.ca\/esle\/wp-content\/uploads\/sites\/13\/2026\/02\/PV-Ass-gen-parents-10-sept.-2025.pdf\">Proc\u00e8s-verbal &#8211; Assembl\u00e9e g\u00e9n\u00e9rale annuelle des parents  du 10 septembre 2025<\/a><a href=\"https:\/\/cssdn.gouv.qc.ca\/esle\/wp-content\/uploads\/sites\/13\/2026\/02\/PV-Ass-gen-parents-10-sept.-2025.pdf\" class=\"wp-block-file__button wp-element-button\" download aria-describedby=\"wp-block-file--media-b313c611-40ef-445a-a7e1-cad8c063e046\">Download<\/a><\/div>\n\n\n\n<div class=\"wp-block-file\"><a id=\"wp-block-file--media-55dcd8a0-6ce7-43b3-9e90-41d4f4e1bfe5\" href=\"https:\/\/cssdn.gouv.qc.ca\/esle\/wp-content\/uploads\/sites\/13\/2025\/09\/depliant_CE-25-26.pdf\">D\u00e9pliant CE 25-26<\/a><a href=\"https:\/\/cssdn.gouv.qc.ca\/esle\/wp-content\/uploads\/sites\/13\/2025\/09\/depliant_CE-25-26.pdf\" class=\"wp-block-file__button wp-element-button\" download aria-describedby=\"wp-block-file--media-55dcd8a0-6ce7-43b3-9e90-41d4f4e1bfe5\">Download<\/a><\/div>\n\n\n\n<div class=\"wp-block-file\"><a id=\"wp-block-file--media-b6375367-899d-416e-92d2-65e59a332b49\" href=\"https:\/\/cssdn.gouv.qc.ca\/esle\/wp-content\/uploads\/sites\/13\/2025\/09\/depliant_Toutes-les-instances-25-26.pdf\">D\u00e9pliant Toutes les instances 25-26<\/a><a href=\"https:\/\/cssdn.gouv.qc.ca\/esle\/wp-content\/uploads\/sites\/13\/2025\/09\/depliant_Toutes-les-instances-25-26.pdf\" class=\"wp-block-file__button wp-element-button\" download aria-describedby=\"wp-block-file--media-b6375367-899d-416e-92d2-65e59a332b49\">Download<\/a><\/div>\n\n\n\n<h2 class=\"wp-block-heading\">En cas de temp\u00eate ou de fermeture<\/h2>\n\n\n\n<p class=\"has-black-color has-text-color has-medium-font-size wp-block-paragraph\">D\u00e8s 5 h 45, l\u2019information relative \u00e0 la fermeture de nos \u00e9tablissements en cas de temp\u00eate de neige, de verglas ou d\u2019intemp\u00e9ries majeures est disponible sur diff\u00e9rentes plateformes.<\/p>\n\n\n\n<h2 class=\"wp-block-heading\">Pour \u00eatre inform\u00e9 rapidement<\/h2>\n\n\n\n<ul class=\"wp-block-list\">\n<li>Consultez les sites<a href=\"https:\/\/cssdn.gouv.qc.ca\/\" target=\"_blank\" rel=\"noreferrer noopener\">&nbsp;du CSSDN<\/a>&nbsp;ou de la&nbsp;<a href=\"http:\/\/www.taformation.ca\/\" target=\"_blank\" rel=\"noreferrer noopener\">Formation professionnelle des Navigateurs<\/a>.<\/li>\n\n\n\n<li>Abonnez-vous \u00e0 notre page&nbsp;<a href=\"https:\/\/www.facebook.com\/CSSNavigateurs\" target=\"_blank\" rel=\"noreferrer noopener\">Facebook du CSSDN<\/a>&nbsp;ou notre&nbsp;<a href=\"https:\/\/twitter.com\/cssnavigateurs\" target=\"_blank\" rel=\"noreferrer noopener\">compte Twitter<\/a>.<\/li>\n\n\n\n<li>Syntonisez les stations radio.<\/li>\n<\/ul>\n\n\n\n<p class=\"wp-block-paragraph\">Nous vous invitons aussi \u00e0 consulter la&nbsp;<a href=\"https:\/\/cssdn.gouv.qc.ca\/wp-content\/uploads\/2022\/11\/fermeture-etablissements_2021-2022.pdf\" target=\"_blank\" rel=\"noreferrer noopener\">proc\u00e9dure \u00e0 suivre lors de la fermeture d\u2019\u00e9tablissements scolaires<\/a>. Selon le type de fermeture, il se peut que le service de garde soit ouvert ou ferm\u00e9. Dans de tels cas,&nbsp;<strong>un message d\u2019accueil sp\u00e9cial sera enregistr\u00e9 le matin m\u00eame sur la bo\u00eete vocale du service de garde<\/strong>. Assurez-vous de v\u00e9rifier l\u2019information avant votre d\u00e9part de la maison le matin.<\/p>\n","protected":false},"excerpt":{"rendered":"<p>Info-parents Retrouvez les communications envoy\u00e9es aux parents par l&rsquo;\u00c9cole secondaire les Etchemins. Assembl\u00e9e g\u00e9n\u00e9rale annuelle des parents 2025-2026 En cas de temp\u00eate ou de fermeture D\u00e8s 5 h 45, l\u2019information relative \u00e0 la fermeture de nos \u00e9tablissements en cas de temp\u00eate de neige, de verglas ou d\u2019intemp\u00e9ries majeures est disponible sur diff\u00e9rentes plateformes. Pour \u00eatre [&hellip;]<\/p>\n","protected":false},"author":1,"featured_media":0,"parent":14,"menu_order":0,"comment_status":"closed","ping_status":"closed","template":"","meta":{"_acf_changed":false,"_crdt_document":"","inline_featured_image":false,"footnotes":""},"categories":[],"tags":[],"class_list":["post-16","page","type-page","status-publish","hentry"],"acf":[],"yoast_head":"<!-- This site is optimized with the Yoast SEO plugin v27.4 - https:\/\/yoast.com\/product\/yoast-seo-wordpress\/ -->\n<title>Info-parents - \u00c9cole secondaire les\u00a0Etchemins<\/title>\n<meta name=\"robots\" content=\"index, follow, max-snippet:-1, max-image-preview:large, max-video-preview:-1\" \/>\n<link rel=\"canonical\" href=\"https:\/\/cssdn.gouv.qc.ca\/esle\/information\/info-parents\/\" \/>\n<meta property=\"og:locale\" content=\"fr_CA\" \/>\n<meta property=\"og:type\" content=\"article\" \/>\n<meta property=\"og:title\" content=\"Info-parents - \u00c9cole secondaire les\u00a0Etchemins\" \/>\n<meta property=\"og:description\" content=\"Info-parents Retrouvez les communications envoy\u00e9es aux parents par l&rsquo;\u00c9cole secondaire les Etchemins. Assembl\u00e9e g\u00e9n\u00e9rale annuelle des parents 2025-2026 En cas de temp\u00eate ou de fermeture D\u00e8s 5 h 45, l\u2019information relative \u00e0 la fermeture de nos \u00e9tablissements en cas de temp\u00eate de neige, de verglas ou d\u2019intemp\u00e9ries majeures est disponible sur diff\u00e9rentes plateformes. Pour \u00eatre [&hellip;]\" \/>\n<meta property=\"og:url\" content=\"https:\/\/cssdn.gouv.qc.ca\/esle\/information\/info-parents\/\" \/>\n<meta property=\"og:site_name\" content=\"\u00c9cole secondaire les\u00a0Etchemins\" \/>\n<meta property=\"article:publisher\" content=\"https:\/\/www.facebook.com\/eslecssdn\" \/>\n<meta property=\"article:modified_time\" content=\"2026-04-15T12:37:27+00:00\" \/>\n<meta name=\"twitter:card\" content=\"summary_large_image\" \/>\n<meta name=\"twitter:site\" content=\"@CSSNavigateurs\" \/>\n<meta name=\"twitter:label1\" content=\"Estimation du temps de lecture\" \/>\n\t<meta name=\"twitter:data1\" content=\"2 minutes\" \/>\n<script type=\"application\/ld+json\" class=\"yoast-schema-graph\">{\"@context\":\"https:\\\/\\\/schema.org\",\"@graph\":[{\"@type\":\"WebPage\",\"@id\":\"https:\\\/\\\/cssdn.gouv.qc.ca\\\/esle\\\/information\\\/info-parents\\\/\",\"url\":\"https:\\\/\\\/cssdn.gouv.qc.ca\\\/esle\\\/information\\\/info-parents\\\/\",\"name\":\"Info-parents - \u00c9cole secondaire les\u00a0Etchemins\",\"isPartOf\":{\"@id\":\"https:\\\/\\\/cssdn.gouv.qc.ca\\\/esle\\\/#website\"},\"primaryImageOfPage\":{\"@id\":\"https:\\\/\\\/cssdn.gouv.qc.ca\\\/esle\\\/information\\\/info-parents\\\/#primaryimage\"},\"image\":{\"@id\":\"https:\\\/\\\/cssdn.gouv.qc.ca\\\/esle\\\/information\\\/info-parents\\\/#primaryimage\"},\"thumbnailUrl\":\"https:\\\/\\\/cssdn.gouv.qc.ca\\\/wp-content\\\/uploads\\\/2022\\\/08\\\/Seawire-Hero-06.jpg\",\"datePublished\":\"2022-11-08T21:17:58+00:00\",\"dateModified\":\"2026-04-15T12:37:27+00:00\",\"breadcrumb\":{\"@id\":\"https:\\\/\\\/cssdn.gouv.qc.ca\\\/esle\\\/information\\\/info-parents\\\/#breadcrumb\"},\"inLanguage\":\"fr-CA\",\"potentialAction\":[{\"@type\":\"ReadAction\",\"target\":[\"https:\\\/\\\/cssdn.gouv.qc.ca\\\/esle\\\/information\\\/info-parents\\\/\"]}]},{\"@type\":\"ImageObject\",\"inLanguage\":\"fr-CA\",\"@id\":\"https:\\\/\\\/cssdn.gouv.qc.ca\\\/esle\\\/information\\\/info-parents\\\/#primaryimage\",\"url\":\"https:\\\/\\\/cssdn.gouv.qc.ca\\\/wp-content\\\/uploads\\\/2022\\\/08\\\/Seawire-Hero-06.jpg\",\"contentUrl\":\"https:\\\/\\\/cssdn.gouv.qc.ca\\\/wp-content\\\/uploads\\\/2022\\\/08\\\/Seawire-Hero-06.jpg\"},{\"@type\":\"BreadcrumbList\",\"@id\":\"https:\\\/\\\/cssdn.gouv.qc.ca\\\/esle\\\/information\\\/info-parents\\\/#breadcrumb\",\"itemListElement\":[{\"@type\":\"ListItem\",\"position\":1,\"name\":\"Accueil\",\"item\":\"https:\\\/\\\/cssdn.gouv.qc.ca\\\/esle\\\/\"},{\"@type\":\"ListItem\",\"position\":2,\"name\":\"Information\",\"item\":\"https:\\\/\\\/cssdn.gouv.qc.ca\\\/esle\\\/information\\\/\"},{\"@type\":\"ListItem\",\"position\":3,\"name\":\"Info-parents\"}]},{\"@type\":\"WebSite\",\"@id\":\"https:\\\/\\\/cssdn.gouv.qc.ca\\\/esle\\\/#website\",\"url\":\"https:\\\/\\\/cssdn.gouv.qc.ca\\\/esle\\\/\",\"name\":\"\u00c9cole secondaire les\u00a0Etchemins\",\"description\":\"Un site des centres de services scolaires des Navigateurs\",\"publisher\":{\"@id\":\"https:\\\/\\\/cssdn.gouv.qc.ca\\\/esle\\\/#organization\"},\"potentialAction\":[{\"@type\":\"SearchAction\",\"target\":{\"@type\":\"EntryPoint\",\"urlTemplate\":\"https:\\\/\\\/cssdn.gouv.qc.ca\\\/esle\\\/?s={search_term_string}\"},\"query-input\":{\"@type\":\"PropertyValueSpecification\",\"valueRequired\":true,\"valueName\":\"search_term_string\"}}],\"inLanguage\":\"fr-CA\"},{\"@type\":\"Organization\",\"@id\":\"https:\\\/\\\/cssdn.gouv.qc.ca\\\/esle\\\/#organization\",\"name\":\"\u00c9cole secondaire les\u00a0Etchemins\",\"url\":\"https:\\\/\\\/cssdn.gouv.qc.ca\\\/esle\\\/\",\"logo\":{\"@type\":\"ImageObject\",\"inLanguage\":\"fr-CA\",\"@id\":\"https:\\\/\\\/cssdn.gouv.qc.ca\\\/esle\\\/#\\\/schema\\\/logo\\\/image\\\/\",\"url\":\"https:\\\/\\\/cssdn.gouv.qc.ca\\\/esle\\\/wp-content\\\/uploads\\\/sites\\\/13\\\/2023\\\/01\\\/logo_quebec.svg\",\"contentUrl\":\"https:\\\/\\\/cssdn.gouv.qc.ca\\\/esle\\\/wp-content\\\/uploads\\\/sites\\\/13\\\/2023\\\/01\\\/logo_quebec.svg\",\"width\":188,\"height\":41,\"caption\":\"\u00c9cole secondaire les\u00a0Etchemins\"},\"image\":{\"@id\":\"https:\\\/\\\/cssdn.gouv.qc.ca\\\/esle\\\/#\\\/schema\\\/logo\\\/image\\\/\"},\"sameAs\":[\"https:\\\/\\\/www.facebook.com\\\/eslecssdn\",\"https:\\\/\\\/x.com\\\/CSSNavigateurs\",\"https:\\\/\\\/www.instagram.com\\\/cssnavigateurs\\\/\",\"https:\\\/\\\/www.youtube.com\\\/channel\\\/UCHbNBehije70JBzCIVT82bQ\",\"https:\\\/\\\/www.linkedin.com\\\/company\\\/cssdn\"]}]}<\/script>\n<!-- \/ Yoast SEO plugin. -->","yoast_head_json":{"title":"Info-parents - \u00c9cole secondaire les\u00a0Etchemins","robots":{"index":"index","follow":"follow","max-snippet":"max-snippet:-1","max-image-preview":"max-image-preview:large","max-video-preview":"max-video-preview:-1"},"canonical":"https:\/\/cssdn.gouv.qc.ca\/esle\/information\/info-parents\/","og_locale":"fr_CA","og_type":"article","og_title":"Info-parents - \u00c9cole secondaire les\u00a0Etchemins","og_description":"Info-parents Retrouvez les communications envoy\u00e9es aux parents par l&rsquo;\u00c9cole secondaire les Etchemins. Assembl\u00e9e g\u00e9n\u00e9rale annuelle des parents 2025-2026 En cas de temp\u00eate ou de fermeture D\u00e8s 5 h 45, l\u2019information relative \u00e0 la fermeture de nos \u00e9tablissements en cas de temp\u00eate de neige, de verglas ou d\u2019intemp\u00e9ries majeures est disponible sur diff\u00e9rentes plateformes. Pour \u00eatre [&hellip;]","og_url":"https:\/\/cssdn.gouv.qc.ca\/esle\/information\/info-parents\/","og_site_name":"\u00c9cole secondaire les\u00a0Etchemins","article_publisher":"https:\/\/www.facebook.com\/eslecssdn","article_modified_time":"2026-04-15T12:37:27+00:00","twitter_card":"summary_large_image","twitter_site":"@CSSNavigateurs","twitter_misc":{"Estimation du temps de lecture":"2 minutes"},"schema":{"@context":"https:\/\/schema.org","@graph":[{"@type":"WebPage","@id":"https:\/\/cssdn.gouv.qc.ca\/esle\/information\/info-parents\/","url":"https:\/\/cssdn.gouv.qc.ca\/esle\/information\/info-parents\/","name":"Info-parents - \u00c9cole secondaire les\u00a0Etchemins","isPartOf":{"@id":"https:\/\/cssdn.gouv.qc.ca\/esle\/#website"},"primaryImageOfPage":{"@id":"https:\/\/cssdn.gouv.qc.ca\/esle\/information\/info-parents\/#primaryimage"},"image":{"@id":"https:\/\/cssdn.gouv.qc.ca\/esle\/information\/info-parents\/#primaryimage"},"thumbnailUrl":"https:\/\/cssdn.gouv.qc.ca\/wp-content\/uploads\/2022\/08\/Seawire-Hero-06.jpg","datePublished":"2022-11-08T21:17:58+00:00","dateModified":"2026-04-15T12:37:27+00:00","breadcrumb":{"@id":"https:\/\/cssdn.gouv.qc.ca\/esle\/information\/info-parents\/#breadcrumb"},"inLanguage":"fr-CA","potentialAction":[{"@type":"ReadAction","target":["https:\/\/cssdn.gouv.qc.ca\/esle\/information\/info-parents\/"]}]},{"@type":"ImageObject","inLanguage":"fr-CA","@id":"https:\/\/cssdn.gouv.qc.ca\/esle\/information\/info-parents\/#primaryimage","url":"https:\/\/cssdn.gouv.qc.ca\/wp-content\/uploads\/2022\/08\/Seawire-Hero-06.jpg","contentUrl":"https:\/\/cssdn.gouv.qc.ca\/wp-content\/uploads\/2022\/08\/Seawire-Hero-06.jpg"},{"@type":"BreadcrumbList","@id":"https:\/\/cssdn.gouv.qc.ca\/esle\/information\/info-parents\/#breadcrumb","itemListElement":[{"@type":"ListItem","position":1,"name":"Accueil","item":"https:\/\/cssdn.gouv.qc.ca\/esle\/"},{"@type":"ListItem","position":2,"name":"Information","item":"https:\/\/cssdn.gouv.qc.ca\/esle\/information\/"},{"@type":"ListItem","position":3,"name":"Info-parents"}]},{"@type":"WebSite","@id":"https:\/\/cssdn.gouv.qc.ca\/esle\/#website","url":"https:\/\/cssdn.gouv.qc.ca\/esle\/","name":"\u00c9cole secondaire les\u00a0Etchemins","description":"Un site des centres de services scolaires des Navigateurs","publisher":{"@id":"https:\/\/cssdn.gouv.qc.ca\/esle\/#organization"},"potentialAction":[{"@type":"SearchAction","target":{"@type":"EntryPoint","urlTemplate":"https:\/\/cssdn.gouv.qc.ca\/esle\/?s={search_term_string}"},"query-input":{"@type":"PropertyValueSpecification","valueRequired":true,"valueName":"search_term_string"}}],"inLanguage":"fr-CA"},{"@type":"Organization","@id":"https:\/\/cssdn.gouv.qc.ca\/esle\/#organization","name":"\u00c9cole secondaire les\u00a0Etchemins","url":"https:\/\/cssdn.gouv.qc.ca\/esle\/","logo":{"@type":"ImageObject","inLanguage":"fr-CA","@id":"https:\/\/cssdn.gouv.qc.ca\/esle\/#\/schema\/logo\/image\/","url":"https:\/\/cssdn.gouv.qc.ca\/esle\/wp-content\/uploads\/sites\/13\/2023\/01\/logo_quebec.svg","contentUrl":"https:\/\/cssdn.gouv.qc.ca\/esle\/wp-content\/uploads\/sites\/13\/2023\/01\/logo_quebec.svg","width":188,"height":41,"caption":"\u00c9cole secondaire les\u00a0Etchemins"},"image":{"@id":"https:\/\/cssdn.gouv.qc.ca\/esle\/#\/schema\/logo\/image\/"},"sameAs":["https:\/\/www.facebook.com\/eslecssdn","https:\/\/x.com\/CSSNavigateurs","https:\/\/www.instagram.com\/cssnavigateurs\/","https:\/\/www.youtube.com\/channel\/UCHbNBehije70JBzCIVT82bQ","https:\/\/www.linkedin.com\/company\/cssdn"]}]}},"publishpress_future_action":{"enabled":false,"date":"2026-04-25 18:28:27","action":"change-status","newStatus":"draft","terms":[],"taxonomy":"category","extraData":[]},"publishpress_future_workflow_manual_trigger":{"enabledWorkflows":[]},"_links":{"self":[{"href":"https:\/\/cssdn.gouv.qc.ca\/esle\/wp-json\/wp\/v2\/pages\/16","targetHints":{"allow":["GET"]}}],"collection":[{"href":"https:\/\/cssdn.gouv.qc.ca\/esle\/wp-json\/wp\/v2\/pages"}],"about":[{"href":"https:\/\/cssdn.gouv.qc.ca\/esle\/wp-json\/wp\/v2\/types\/page"}],"author":[{"embeddable":true,"href":"https:\/\/cssdn.gouv.qc.ca\/esle\/wp-json\/wp\/v2\/users\/1"}],"replies":[{"embeddable":true,"href":"https:\/\/cssdn.gouv.qc.ca\/esle\/wp-json\/wp\/v2\/comments?post=16"}],"version-history":[{"count":0,"href":"https:\/\/cssdn.gouv.qc.ca\/esle\/wp-json\/wp\/v2\/pages\/16\/revisions"}],"up":[{"embeddable":true,"href":"https:\/\/cssdn.gouv.qc.ca\/esle\/wp-json\/wp\/v2\/pages\/14"}],"wp:attachment":[{"href":"https:\/\/cssdn.gouv.qc.ca\/esle\/wp-json\/wp\/v2\/media?parent=16"}],"wp:term":[{"taxonomy":"category","embeddable":true,"href":"https:\/\/cssdn.gouv.qc.ca\/esle\/wp-json\/wp\/v2\/categories?post=16"},{"taxonomy":"post_tag","embeddable":true,"href":"https:\/\/cssdn.gouv.qc.ca\/esle\/wp-json\/wp\/v2\/tags?post=16"}],"curies":[{"name":"wp","href":"https:\/\/api.w.org\/{rel}","templated":true}]}}