
{"id":5480,"date":"2023-06-08T10:04:14","date_gmt":"2023-06-08T14:04:14","guid":{"rendered":"https:\/\/cssdn.gouv.qc.ca\/declaration-de-confidentialite-ca\/"},"modified":"2023-06-08T10:04:14","modified_gmt":"2023-06-08T14:04:14","slug":"declaration-de-confidentialite-ca-2","status":"publish","type":"page","link":"https:\/\/cssdn.gouv.qc.ca\/esle\/declaration-de-confidentialite-ca-2\/","title":{"rendered":"Politique de confidentialit\u00e9"},"content":{"rendered":"\n<div class=\"wp-block-cover alignfull is-light is-style-title-banner\"><span aria-hidden=\"true\" class=\"wp-block-cover__background has-primary-background-color has-background-dim\"><\/span><img decoding=\"async\" class=\"wp-block-cover__image-background wp-image-111 lazyload\" alt=\"\" data-src=\"https:\/\/stage.cssdn.gouv.qc.ca\/wp-content\/uploads\/2022\/08\/Seawire-Hero-06.jpg\" data-object-fit=\"cover\" src=\"data:image\/svg+xml;base64,PHN2ZyB3aWR0aD0iMSIgaGVpZ2h0PSIxIiB4bWxucz0iaHR0cDovL3d3dy53My5vcmcvMjAwMC9zdmciPjwvc3ZnPg==\" \/><div class=\"wp-block-cover__inner-container\"><h3 class=\"wp-block-post-title\">Politique de confidentialit\u00e9<\/h3><\/div><\/div>\n\n\n\n<div class=\"wp-block-group alignfull has-padding-y-large has-secondary-background-color has-background\"><div class=\"yoast-breadcrumbs alignwide \"><span class=\"breadcrumbs\"><a href=\"https:\/\/cssdn.gouv.qc.ca\/esle\/\" class=\"breadcrumbs__element\">Accueil<\/a> <span class=\"breadcrumbs__separator\">\n        <svg class=\"icon icon-breadcrumb__separator\"><use xlink:href=\"#icon-breadcrumb__separator\"><\/use><\/svg>\n    <\/span> <span class=\"breadcrumbs__element breadcrumbs__element-current\">Politique de confidentialit\u00e9<\/span><\/span><\/div><\/div>\n\n\n\n<p class=\"wp-block-paragraph\">Merci de visiter notre site et de prendre connaissance de cette politique. Nous vous invitons \u00e0 la lire<br>attentivement et \u00e0 vous y r\u00e9f\u00e9rer r\u00e9guli\u00e8rement pour conna\u00eetre les changements qui pourraient y \u00eatre<br>apport\u00e9s.<\/p>\n\n\n\n<h2 class=\"wp-block-heading\">Introduction<\/h2>\n\n\n\n<p class=\"wp-block-paragraph\">Le Centre de services scolaire des Navigateurs (CSSDN) se pr\u00e9occupe du respect de la vie<br>priv\u00e9e et s\u2019engage \u00e0 prendre les pr\u00e9cautions n\u00e9cessaires pour assurer la protection des<br>renseignements personnels recueillis par l\u2019interm\u00e9diaire des diff\u00e9rentes fonctionnalit\u00e9s de son site<br>Internet, en conformit\u00e9 avec la Loi sur l&rsquo;acc\u00e8s aux documents des organismes publics et sur la<br>protection des renseignements personnels.<\/p>\n\n\n\n<p class=\"wp-block-paragraph\">La pr\u00e9sente politique de confidentialit\u00e9 vise \u00e0 vous informer au sujet des pratiques adopt\u00e9es \u00e0 l\u2019\u00e9gard<br>des renseignements personnels transmis au moyen de ce site.<\/p>\n\n\n\n<h2 class=\"wp-block-heading\">Informations transmises automatiquement et fichiers t\u00e9moins (cookies)<\/h2>\n\n\n\n<p class=\"wp-block-paragraph\">Lorsque vous acc\u00e9dez au site <a href=\"http:\/\/www.cssdn.gouv.qc.ca\">www.cssdn.gouv.qc.ca<\/a>, votre ordinateur et le serveur du site \u00e9changent<br>automatiquement les informations suivantes :<\/p>\n\n\n\n<ul class=\"wp-block-list\">\n<li>T\u00e9moins de connexion strictement n\u00e9cessaires \u00e0 la navigation<\/li>\n\n\n\n<li>T\u00e9moins de connexion analytiques et mesure de performance<\/li>\n\n\n\n<li>T\u00e9moins de connexion de fonctionnalit\u00e9<\/li>\n\n\n\n<li>T\u00e9moins de connexion de partage \/ r\u00e9seaux sociaux<\/li>\n\n\n\n<li>T\u00e9moins de connexion de ciblage \/ reciblage<\/li>\n<\/ul>\n\n\n\n<p class=\"wp-block-paragraph\">Le site Internet du CSSDN utilise des t\u00e9moins (cookies) pour faciliter votre navigation et non pour<br>recueillir des renseignements personnels \u00e0 votre sujet, et ne place aucun t\u00e9moin (cookie)<br>permanent sur votre disque dur.<\/p>\n\n\n\n<p class=\"wp-block-paragraph\">Lorsqu&rsquo;un t\u00e9moin temporaire est exig\u00e9 pour la navigation, il est inscrit dans la m\u00e9moire vive<br>et est automatiquement supprim\u00e9 lorsque vous quittez le site.<\/p>\n\n\n\n<h2 class=\"wp-block-heading\">Renseignements collect\u00e9s<\/h2>\n\n\n\n<p class=\"wp-block-paragraph\">Les renseignements collect\u00e9s par les fichiers t\u00e9moins sont, entre autres,<\/p>\n\n\n\n<ul class=\"wp-block-list\">\n<li>Pages consult\u00e9es;<\/li>\n\n\n\n<li>Date, heure, dur\u00e9e et fr\u00e9quence de vos visites;<\/li>\n\n\n\n<li>Liens sur lesquels vous cliquez;<\/li>\n\n\n\n<li>Type de syst\u00e8me d&rsquo;exploitation de votre ordinateur;<\/li>\n\n\n\n<li>Langue utilis\u00e9e;<\/li>\n\n\n\n<li>Nom de votre fournisseur de services Internet;<\/li>\n\n\n\n<li>Position g\u00e9ographique (la r\u00e9gion);<\/li>\n\n\n\n<li>Adresse IP (tronqu\u00e9e) afin d&rsquo;assurer la confidentialit\u00e9 des renseignements vous concernant.<\/li>\n<\/ul>\n\n\n\n<p class=\"wp-block-paragraph\">Nous recueillons \u00e9galement par le biais de notre site Internet des renseignements personnels que<br>vous nous fournissez volontairement par courriel ou lors de la compl\u00e9tion de formulaires en ligne.<\/p>\n\n\n\n<h2 class=\"wp-block-heading\">Utilisation des renseignements collect\u00e9s<\/h2>\n\n\n\n<p class=\"wp-block-paragraph\">Notre site utilise des services de tiers pour analyser les renseignements recueillis (Pixels de suivi<br>META, Google Analytics et Google Tag Manager). Ces renseignements, qui ne peuvent \u00eatre associ\u00e9s<br>\u00e0 vous ni \u00e0 aucune autre personne en particulier, peuvent \u00eatre utilis\u00e9s aux fins suivantes :<\/p>\n\n\n\n<ul class=\"wp-block-list\">\n<li>Enregistrer les param\u00e8tres de personnalisation d\u2019une pr\u00e9c\u00e9dente visite sur le site;<\/li>\n\n\n\n<li>Cibler \u00e0 post\u00e9riori ou en temps r\u00e9el l\u2019internaute qui navigue sur le site;<\/li>\n\n\n\n<li>Suivre les donn\u00e9es statistiques de fr\u00e9quentation du site et pour mesurer et \u00e9tudier l\u2019efficacit\u00e9<br>de son contenu, de ses caract\u00e9ristiques, de ses publicit\u00e9s, etc., et mettre \u00e0 jour le site en<br>fonction des r\u00e9sultats;<\/li>\n\n\n\n<li>D\u00e9terminer et identifier les pr\u00e9f\u00e9rences des utilisateurs pour effectuer du reciblage et de la<br>publicit\u00e9 cibl\u00e9e;<\/li>\n\n\n\n<li>Analyser le trafic Web et recueillir des donn\u00e9es de navigation \u00e0 des fins statistiques et<br>d\u2019am\u00e9lioration du site.<\/li>\n<\/ul>\n\n\n\n<p class=\"wp-block-paragraph\">Si vous nous transmettez volontairement des renseignements personnels par courriel ou par<br>formulaire, nous nous engageons et \u00e0 n\u2019utiliser que l\u2019information requise pour permettre \u00e0 notre<br>personnel de r\u00e9pondre \u00e0 votre message ou de donner suite \u00e0 votre demande.<\/p>\n\n\n\n<h2 class=\"wp-block-heading\">Acc\u00e8s et protection des renseignements collect\u00e9s<\/h2>\n\n\n\n<p class=\"wp-block-paragraph\">Conform\u00e9ment aux dispositions pr\u00e9vues par la Loi sur l\u2019acc\u00e8s aux documents des organismes<br>publics et sur la protection des renseignements personnels, les renseignements collect\u00e9s par le site<br>Internet du CSSDN via les fichiers t\u00e9moins (cookies) ne sont accessibles qu\u2019\u00e0 ceux pour qui ces<br>renseignements sont n\u00e9cessaires \u00e0 l\u2019exercice des fonctions, soit le personnel aux Services des<br>Communications du CSSDN, et les prestataires de services Web qu\u2019ils mandatent.<\/p>\n\n\n\n<p class=\"wp-block-paragraph\">Si vous nous transmettez volontairement des renseignements personnels par courriel ou par<br>formulaire, nous nous engageons \u00e0 assurer la protection des renseignements confidentiels que vous<br>nous confiez, et \u00e0 ne les rendre accessibles qu\u2019aux membres du personnel du CSSDN pour qui ces<br>renseignements sont n\u00e9cessaires \u00e0 l\u2019exercice des fonctions.<\/p>\n\n\n\n<p class=\"wp-block-paragraph\">Les renseignements collect\u00e9s peuvent cependant \u00eatre communiqu\u00e9es \u00e0 d\u2019autres organismes publics<br>s\u2019ils s\u2019adressent \u00e0 eux afin qu\u2019ils r\u00e9alisent leur mission, conditionnellement \u00e0 l\u2019obtention de votre<br>consentement \u00e0 la communication de renseignements personnels \u00e0 un tiers, ou le cas \u00e9ch\u00e9ant, si<br>cette divulgation est exig\u00e9e en vertu des dispositions l\u00e9gales applicables.<\/p>\n\n\n\n<h2 class=\"wp-block-heading\">Conservation des renseignements collect\u00e9s<\/h2>\n\n\n\n<p class=\"wp-block-paragraph\">Les renseignements collect\u00e9s par les t\u00e9moins (cookies) sont conserv\u00e9s sur des serveurs situ\u00e9s<br>notamment au Canada et aux \u00c9tats-Unis, pour une dur\u00e9e n\u2019exc\u00e9dant pas 1 an.<\/p>\n\n\n\n<p class=\"wp-block-paragraph\">Les renseignements volontairement transmis par courriel ou par formulaire sont conserv\u00e9s<br>conform\u00e9ment aux dispositions pr\u00e9vues par la Loi sur les Archives, en fonction des d\u00e9lais pr\u00e9vus<br>par le Calendrier de conservation des documents du CSSDN approuv\u00e9 par Biblioth\u00e8que et Archives<br>nationales du Qu\u00e9bec.<\/p>\n\n\n\n<h2 class=\"wp-block-heading\">D\u00e9sactivation des t\u00e9moins de navigation<\/h2>\n\n\n\n<p class=\"wp-block-paragraph\">Vous pouvez d\u00e9sactiver ou personnaliser l\u2019acceptation de t\u00e9moins via le bandeau d\u2019acceptation des<br>t\u00e9moins de navigation (cookies) ou en suivant les proc\u00e9dures suivantes, en fonction de votre<br>navigateur :<\/p>\n\n\n\n<ul class=\"wp-block-list\">\n<li>Firefox : https:\/\/support.mozilla.org\/fr\/products\/firefox\/protect-your-privacy\/cookies<\/li>\n\n\n\n<li>Edge :https:\/\/support.microsoft.com\/fr-fr\/windows\/supprimer-et-g%C3%A9rer-lescookies-168dab11-0753-043d-7c16-ede5947fc64d<\/li>\n\n\n\n<li>Google Chrome : https:\/\/support.google.com\/chrome\/answer\/95647?hl=fr<\/li>\n\n\n\n<li>Safari : http:\/\/support.apple.com\/kb\/ht1677?viewlocale=fr_FR&amp;locale=fr_FR<\/li>\n<\/ul>\n\n\n\n<p class=\"wp-block-paragraph\">Le blocage de certains t\u00e9moins peut cependant avoir une incidence sur votre exp\u00e9rience de<br>navigation, ou vous priver de certaines fonctionnalit\u00e9s avanc\u00e9es du site Internet.<\/p>\n\n\n\n<h2 class=\"wp-block-heading\">Autres sites Internet<\/h2>\n\n\n\n<p class=\"wp-block-paragraph\">Notre site contient des liens vers des sites externes. Veuillez noter que ces sites ne sont pas assujettis<br>\u00e0 la pr\u00e9sente politique de confidentialit\u00e9.<\/p>\n\n\n\n<h2 class=\"wp-block-heading\">Informations compl\u00e9mentaires au sujet de la politique de confidentialit\u00e9<\/h2>\n\n\n\n<p class=\"wp-block-paragraph\">Pour toute information suppl\u00e9mentaire, pour tout commentaire ou plainte au sujet de cette politique<br>ou pour toute demande au sujet de la protection de vos renseignements personnels, nous vous<br>invitons \u00e0 communiquer avec nous \u00e0 l\u2019adresse suivante : <a href=\"mailto:aiprp@cssdn.gouv.qc.ca\">aiprp@cssdn.gouv.qc.ca <\/a>.<\/p>\n","protected":false},"excerpt":{"rendered":"<p>Merci de visiter notre site et de prendre connaissance de cette politique. Nous vous invitons \u00e0 la lireattentivement et \u00e0 vous y r\u00e9f\u00e9rer r\u00e9guli\u00e8rement pour conna\u00eetre les changements qui pourraient y \u00eatreapport\u00e9s. Introduction Le Centre de services scolaire des Navigateurs (CSSDN) se pr\u00e9occupe du respect de la viepriv\u00e9e et s\u2019engage \u00e0 prendre les pr\u00e9cautions n\u00e9cessaires [&hellip;]<\/p>\n","protected":false},"author":1,"featured_media":0,"parent":0,"menu_order":0,"comment_status":"closed","ping_status":"closed","template":"","meta":{"_acf_changed":false,"_crdt_document":"","inline_featured_image":false,"footnotes":""},"categories":[],"tags":[],"class_list":["post-5480","page","type-page","status-publish","hentry"],"acf":[],"yoast_head":"<!-- This site is optimized with the Yoast SEO plugin v27.3 - https:\/\/yoast.com\/product\/yoast-seo-wordpress\/ -->\n<title>Politique de confidentialit\u00e9 - \u00c9cole secondaire les\u00a0Etchemins<\/title>\n<meta name=\"robots\" content=\"index, follow, max-snippet:-1, max-image-preview:large, max-video-preview:-1\" \/>\n<link rel=\"canonical\" href=\"https:\/\/cssdn.gouv.qc.ca\/esle\/declaration-de-confidentialite-ca-2\/\" \/>\n<meta property=\"og:locale\" content=\"fr_CA\" \/>\n<meta property=\"og:type\" content=\"article\" \/>\n<meta property=\"og:title\" content=\"Politique de confidentialit\u00e9 - \u00c9cole secondaire les\u00a0Etchemins\" \/>\n<meta property=\"og:description\" content=\"Merci de visiter notre site et de prendre connaissance de cette politique. Nous vous invitons \u00e0 la lireattentivement et \u00e0 vous y r\u00e9f\u00e9rer r\u00e9guli\u00e8rement pour conna\u00eetre les changements qui pourraient y \u00eatreapport\u00e9s. Introduction Le Centre de services scolaire des Navigateurs (CSSDN) se pr\u00e9occupe du respect de la viepriv\u00e9e et s\u2019engage \u00e0 prendre les pr\u00e9cautions n\u00e9cessaires [&hellip;]\" \/>\n<meta property=\"og:url\" content=\"https:\/\/cssdn.gouv.qc.ca\/esle\/declaration-de-confidentialite-ca-2\/\" \/>\n<meta property=\"og:site_name\" content=\"\u00c9cole secondaire les\u00a0Etchemins\" \/>\n<meta property=\"article:publisher\" content=\"https:\/\/www.facebook.com\/eslecssdn\" \/>\n<meta property=\"og:image\" content=\"https:\/\/stage.cssdn.gouv.qc.ca\/wp-content\/uploads\/2022\/08\/Seawire-Hero-06.jpg\" \/>\n<meta name=\"twitter:card\" content=\"summary_large_image\" \/>\n<meta name=\"twitter:site\" content=\"@CSSNavigateurs\" \/>\n<meta name=\"twitter:label1\" content=\"Estimation du temps de lecture\" \/>\n\t<meta name=\"twitter:data1\" content=\"5 minutes\" \/>\n<script type=\"application\/ld+json\" class=\"yoast-schema-graph\">{\"@context\":\"https:\\\/\\\/schema.org\",\"@graph\":[{\"@type\":\"WebPage\",\"@id\":\"https:\\\/\\\/cssdn.gouv.qc.ca\\\/esle\\\/declaration-de-confidentialite-ca-2\\\/\",\"url\":\"https:\\\/\\\/cssdn.gouv.qc.ca\\\/esle\\\/declaration-de-confidentialite-ca-2\\\/\",\"name\":\"Politique de confidentialit\u00e9 - \u00c9cole secondaire les\u00a0Etchemins\",\"isPartOf\":{\"@id\":\"https:\\\/\\\/cssdn.gouv.qc.ca\\\/esle\\\/#website\"},\"primaryImageOfPage\":{\"@id\":\"https:\\\/\\\/cssdn.gouv.qc.ca\\\/esle\\\/declaration-de-confidentialite-ca-2\\\/#primaryimage\"},\"image\":{\"@id\":\"https:\\\/\\\/cssdn.gouv.qc.ca\\\/esle\\\/declaration-de-confidentialite-ca-2\\\/#primaryimage\"},\"thumbnailUrl\":\"https:\\\/\\\/stage.cssdn.gouv.qc.ca\\\/wp-content\\\/uploads\\\/2022\\\/08\\\/Seawire-Hero-06.jpg\",\"datePublished\":\"2023-06-08T14:04:14+00:00\",\"breadcrumb\":{\"@id\":\"https:\\\/\\\/cssdn.gouv.qc.ca\\\/esle\\\/declaration-de-confidentialite-ca-2\\\/#breadcrumb\"},\"inLanguage\":\"fr-CA\",\"potentialAction\":[{\"@type\":\"ReadAction\",\"target\":[\"https:\\\/\\\/cssdn.gouv.qc.ca\\\/esle\\\/declaration-de-confidentialite-ca-2\\\/\"]}]},{\"@type\":\"ImageObject\",\"inLanguage\":\"fr-CA\",\"@id\":\"https:\\\/\\\/cssdn.gouv.qc.ca\\\/esle\\\/declaration-de-confidentialite-ca-2\\\/#primaryimage\",\"url\":\"https:\\\/\\\/stage.cssdn.gouv.qc.ca\\\/wp-content\\\/uploads\\\/2022\\\/08\\\/Seawire-Hero-06.jpg\",\"contentUrl\":\"https:\\\/\\\/stage.cssdn.gouv.qc.ca\\\/wp-content\\\/uploads\\\/2022\\\/08\\\/Seawire-Hero-06.jpg\"},{\"@type\":\"BreadcrumbList\",\"@id\":\"https:\\\/\\\/cssdn.gouv.qc.ca\\\/esle\\\/declaration-de-confidentialite-ca-2\\\/#breadcrumb\",\"itemListElement\":[{\"@type\":\"ListItem\",\"position\":1,\"name\":\"Accueil\",\"item\":\"https:\\\/\\\/cssdn.gouv.qc.ca\\\/esle\\\/\"},{\"@type\":\"ListItem\",\"position\":2,\"name\":\"Politique de confidentialit\u00e9\"}]},{\"@type\":\"WebSite\",\"@id\":\"https:\\\/\\\/cssdn.gouv.qc.ca\\\/esle\\\/#website\",\"url\":\"https:\\\/\\\/cssdn.gouv.qc.ca\\\/esle\\\/\",\"name\":\"\u00c9cole secondaire les\u00a0Etchemins\",\"description\":\"Un site des centres de services scolaires des Navigateurs\",\"publisher\":{\"@id\":\"https:\\\/\\\/cssdn.gouv.qc.ca\\\/esle\\\/#organization\"},\"potentialAction\":[{\"@type\":\"SearchAction\",\"target\":{\"@type\":\"EntryPoint\",\"urlTemplate\":\"https:\\\/\\\/cssdn.gouv.qc.ca\\\/esle\\\/?s={search_term_string}\"},\"query-input\":{\"@type\":\"PropertyValueSpecification\",\"valueRequired\":true,\"valueName\":\"search_term_string\"}}],\"inLanguage\":\"fr-CA\"},{\"@type\":\"Organization\",\"@id\":\"https:\\\/\\\/cssdn.gouv.qc.ca\\\/esle\\\/#organization\",\"name\":\"\u00c9cole secondaire les\u00a0Etchemins\",\"url\":\"https:\\\/\\\/cssdn.gouv.qc.ca\\\/esle\\\/\",\"logo\":{\"@type\":\"ImageObject\",\"inLanguage\":\"fr-CA\",\"@id\":\"https:\\\/\\\/cssdn.gouv.qc.ca\\\/esle\\\/#\\\/schema\\\/logo\\\/image\\\/\",\"url\":\"https:\\\/\\\/cssdn.gouv.qc.ca\\\/esle\\\/wp-content\\\/uploads\\\/sites\\\/13\\\/2023\\\/01\\\/logo_quebec.svg\",\"contentUrl\":\"https:\\\/\\\/cssdn.gouv.qc.ca\\\/esle\\\/wp-content\\\/uploads\\\/sites\\\/13\\\/2023\\\/01\\\/logo_quebec.svg\",\"width\":188,\"height\":41,\"caption\":\"\u00c9cole secondaire les\u00a0Etchemins\"},\"image\":{\"@id\":\"https:\\\/\\\/cssdn.gouv.qc.ca\\\/esle\\\/#\\\/schema\\\/logo\\\/image\\\/\"},\"sameAs\":[\"https:\\\/\\\/www.facebook.com\\\/eslecssdn\",\"https:\\\/\\\/x.com\\\/CSSNavigateurs\",\"https:\\\/\\\/www.instagram.com\\\/cssnavigateurs\\\/\",\"https:\\\/\\\/www.youtube.com\\\/channel\\\/UCHbNBehije70JBzCIVT82bQ\",\"https:\\\/\\\/www.linkedin.com\\\/company\\\/cssdn\"]}]}<\/script>\n<!-- \/ Yoast SEO plugin. -->","yoast_head_json":{"title":"Politique de confidentialit\u00e9 - \u00c9cole secondaire les\u00a0Etchemins","robots":{"index":"index","follow":"follow","max-snippet":"max-snippet:-1","max-image-preview":"max-image-preview:large","max-video-preview":"max-video-preview:-1"},"canonical":"https:\/\/cssdn.gouv.qc.ca\/esle\/declaration-de-confidentialite-ca-2\/","og_locale":"fr_CA","og_type":"article","og_title":"Politique de confidentialit\u00e9 - \u00c9cole secondaire les\u00a0Etchemins","og_description":"Merci de visiter notre site et de prendre connaissance de cette politique. Nous vous invitons \u00e0 la lireattentivement et \u00e0 vous y r\u00e9f\u00e9rer r\u00e9guli\u00e8rement pour conna\u00eetre les changements qui pourraient y \u00eatreapport\u00e9s. Introduction Le Centre de services scolaire des Navigateurs (CSSDN) se pr\u00e9occupe du respect de la viepriv\u00e9e et s\u2019engage \u00e0 prendre les pr\u00e9cautions n\u00e9cessaires [&hellip;]","og_url":"https:\/\/cssdn.gouv.qc.ca\/esle\/declaration-de-confidentialite-ca-2\/","og_site_name":"\u00c9cole secondaire les\u00a0Etchemins","article_publisher":"https:\/\/www.facebook.com\/eslecssdn","og_image":[{"url":"https:\/\/stage.cssdn.gouv.qc.ca\/wp-content\/uploads\/2022\/08\/Seawire-Hero-06.jpg","type":"","width":"","height":""}],"twitter_card":"summary_large_image","twitter_site":"@CSSNavigateurs","twitter_misc":{"Estimation du temps de lecture":"5 minutes"},"schema":{"@context":"https:\/\/schema.org","@graph":[{"@type":"WebPage","@id":"https:\/\/cssdn.gouv.qc.ca\/esle\/declaration-de-confidentialite-ca-2\/","url":"https:\/\/cssdn.gouv.qc.ca\/esle\/declaration-de-confidentialite-ca-2\/","name":"Politique de confidentialit\u00e9 - \u00c9cole secondaire les\u00a0Etchemins","isPartOf":{"@id":"https:\/\/cssdn.gouv.qc.ca\/esle\/#website"},"primaryImageOfPage":{"@id":"https:\/\/cssdn.gouv.qc.ca\/esle\/declaration-de-confidentialite-ca-2\/#primaryimage"},"image":{"@id":"https:\/\/cssdn.gouv.qc.ca\/esle\/declaration-de-confidentialite-ca-2\/#primaryimage"},"thumbnailUrl":"https:\/\/stage.cssdn.gouv.qc.ca\/wp-content\/uploads\/2022\/08\/Seawire-Hero-06.jpg","datePublished":"2023-06-08T14:04:14+00:00","breadcrumb":{"@id":"https:\/\/cssdn.gouv.qc.ca\/esle\/declaration-de-confidentialite-ca-2\/#breadcrumb"},"inLanguage":"fr-CA","potentialAction":[{"@type":"ReadAction","target":["https:\/\/cssdn.gouv.qc.ca\/esle\/declaration-de-confidentialite-ca-2\/"]}]},{"@type":"ImageObject","inLanguage":"fr-CA","@id":"https:\/\/cssdn.gouv.qc.ca\/esle\/declaration-de-confidentialite-ca-2\/#primaryimage","url":"https:\/\/stage.cssdn.gouv.qc.ca\/wp-content\/uploads\/2022\/08\/Seawire-Hero-06.jpg","contentUrl":"https:\/\/stage.cssdn.gouv.qc.ca\/wp-content\/uploads\/2022\/08\/Seawire-Hero-06.jpg"},{"@type":"BreadcrumbList","@id":"https:\/\/cssdn.gouv.qc.ca\/esle\/declaration-de-confidentialite-ca-2\/#breadcrumb","itemListElement":[{"@type":"ListItem","position":1,"name":"Accueil","item":"https:\/\/cssdn.gouv.qc.ca\/esle\/"},{"@type":"ListItem","position":2,"name":"Politique de confidentialit\u00e9"}]},{"@type":"WebSite","@id":"https:\/\/cssdn.gouv.qc.ca\/esle\/#website","url":"https:\/\/cssdn.gouv.qc.ca\/esle\/","name":"\u00c9cole secondaire les\u00a0Etchemins","description":"Un site des centres de services scolaires des Navigateurs","publisher":{"@id":"https:\/\/cssdn.gouv.qc.ca\/esle\/#organization"},"potentialAction":[{"@type":"SearchAction","target":{"@type":"EntryPoint","urlTemplate":"https:\/\/cssdn.gouv.qc.ca\/esle\/?s={search_term_string}"},"query-input":{"@type":"PropertyValueSpecification","valueRequired":true,"valueName":"search_term_string"}}],"inLanguage":"fr-CA"},{"@type":"Organization","@id":"https:\/\/cssdn.gouv.qc.ca\/esle\/#organization","name":"\u00c9cole secondaire les\u00a0Etchemins","url":"https:\/\/cssdn.gouv.qc.ca\/esle\/","logo":{"@type":"ImageObject","inLanguage":"fr-CA","@id":"https:\/\/cssdn.gouv.qc.ca\/esle\/#\/schema\/logo\/image\/","url":"https:\/\/cssdn.gouv.qc.ca\/esle\/wp-content\/uploads\/sites\/13\/2023\/01\/logo_quebec.svg","contentUrl":"https:\/\/cssdn.gouv.qc.ca\/esle\/wp-content\/uploads\/sites\/13\/2023\/01\/logo_quebec.svg","width":188,"height":41,"caption":"\u00c9cole secondaire les\u00a0Etchemins"},"image":{"@id":"https:\/\/cssdn.gouv.qc.ca\/esle\/#\/schema\/logo\/image\/"},"sameAs":["https:\/\/www.facebook.com\/eslecssdn","https:\/\/x.com\/CSSNavigateurs","https:\/\/www.instagram.com\/cssnavigateurs\/","https:\/\/www.youtube.com\/channel\/UCHbNBehije70JBzCIVT82bQ","https:\/\/www.linkedin.com\/company\/cssdn"]}]}},"publishpress_future_action":{"enabled":false,"date":"2026-04-21 18:46:49","action":"change-status","newStatus":"draft","terms":[],"taxonomy":"category","extraData":[]},"publishpress_future_workflow_manual_trigger":{"enabledWorkflows":[]},"_links":{"self":[{"href":"https:\/\/cssdn.gouv.qc.ca\/esle\/wp-json\/wp\/v2\/pages\/5480","targetHints":{"allow":["GET"]}}],"collection":[{"href":"https:\/\/cssdn.gouv.qc.ca\/esle\/wp-json\/wp\/v2\/pages"}],"about":[{"href":"https:\/\/cssdn.gouv.qc.ca\/esle\/wp-json\/wp\/v2\/types\/page"}],"author":[{"embeddable":true,"href":"https:\/\/cssdn.gouv.qc.ca\/esle\/wp-json\/wp\/v2\/users\/1"}],"replies":[{"embeddable":true,"href":"https:\/\/cssdn.gouv.qc.ca\/esle\/wp-json\/wp\/v2\/comments?post=5480"}],"version-history":[{"count":0,"href":"https:\/\/cssdn.gouv.qc.ca\/esle\/wp-json\/wp\/v2\/pages\/5480\/revisions"}],"wp:attachment":[{"href":"https:\/\/cssdn.gouv.qc.ca\/esle\/wp-json\/wp\/v2\/media?parent=5480"}],"wp:term":[{"taxonomy":"category","embeddable":true,"href":"https:\/\/cssdn.gouv.qc.ca\/esle\/wp-json\/wp\/v2\/categories?post=5480"},{"taxonomy":"post_tag","embeddable":true,"href":"https:\/\/cssdn.gouv.qc.ca\/esle\/wp-json\/wp\/v2\/tags?post=5480"}],"curies":[{"name":"wp","href":"https:\/\/api.w.org\/{rel}","templated":true}]}}