
{"id":7,"date":"2022-11-08T16:17:55","date_gmt":"2022-11-08T21:17:55","guid":{"rendered":"https:\/\/cssdn.gouv.qc.ca\/esle\/a-propos\/projet-educatif\/"},"modified":"2025-10-31T14:20:57","modified_gmt":"2025-10-31T18:20:57","slug":"projet-educatif","status":"publish","type":"page","link":"https:\/\/cssdn.gouv.qc.ca\/esle\/a-propos\/projet-educatif\/","title":{"rendered":"Documentation officielle"},"content":{"rendered":"\n<div class=\"wp-block-cover alignfull is-light is-style-title-banner\"><img decoding=\"async\" class=\"wp-block-cover__image-background wp-image-111 lazyload\" alt=\"\" data-src=\"https:\/\/cssdn.gouv.qc.ca\/wp-content\/uploads\/2022\/08\/Seawire-Hero-06.jpg\" data-object-fit=\"cover\" src=\"data:image\/svg+xml;base64,PHN2ZyB3aWR0aD0iMSIgaGVpZ2h0PSIxIiB4bWxucz0iaHR0cDovL3d3dy53My5vcmcvMjAwMC9zdmciPjwvc3ZnPg==\" \/><span aria-hidden=\"true\" class=\"wp-block-cover__background has-primary-background-color has-background-dim\"><\/span><div class=\"wp-block-cover__inner-container\"><h3 class=\"wp-block-post-title\">Documentation officielle<\/h3><\/div><\/div>\n\n\n\n<div class=\"wp-block-group alignfull has-padding-y-large has-secondary-background-color has-background\"><div class=\"yoast-breadcrumbs alignwide \"><span class=\"breadcrumbs\"><a href=\"https:\/\/cssdn.gouv.qc.ca\/esle\/\" class=\"breadcrumbs__element\">Accueil<\/a> <span class=\"breadcrumbs__separator\">\n        <svg class=\"icon icon-breadcrumb__separator\"><use xlink:href=\"#icon-breadcrumb__separator\"><\/use><\/svg>\n    <\/span> <a href=\"https:\/\/cssdn.gouv.qc.ca\/esle\/a-propos\/\" class=\"breadcrumbs__element\">\u00c0 propos<\/a> <span class=\"breadcrumbs__separator\">\n        <svg class=\"icon icon-breadcrumb__separator\"><use xlink:href=\"#icon-breadcrumb__separator\"><\/use><\/svg>\n    <\/span> <span class=\"breadcrumbs__element breadcrumbs__element-current\">Documentation officielle<\/span><\/span><\/div><\/div>\n\n\n\n<h1 class=\"wp-block-heading\">Projet \u00e9ducatif<\/h1>\n\n\n\n<div class=\"wp-block-file\"><a id=\"wp-block-file--media-d3303e5b-25a8-4ec5-9d2d-d34c8bda8ab1\" href=\"https:\/\/cssdn.gouv.qc.ca\/esle\/wp-content\/uploads\/sites\/13\/2024\/06\/ESLE-projet-educatif-2023-2027.pdf\">Projet \u00e9ducatif 2023-2027<\/a><a href=\"https:\/\/cssdn.gouv.qc.ca\/esle\/wp-content\/uploads\/sites\/13\/2024\/06\/ESLE-projet-educatif-2023-2027.pdf\" class=\"wp-block-file__button wp-element-button\" download aria-describedby=\"wp-block-file--media-d3303e5b-25a8-4ec5-9d2d-d34c8bda8ab1\">T\u00e9l\u00e9charger<\/a><\/div>\n\n\n\n<h2 class=\"wp-block-heading\">Rapport annuel de gestion du conseil d\u2019\u00e9tablissement<\/h2>\n\n\n\n<div class=\"wp-block-file\"><a id=\"wp-block-file--media-f54c27f9-bd10-4390-92b0-e4649e8e6d3f\" href=\"https:\/\/cssdn.gouv.qc.ca\/esle\/wp-content\/uploads\/sites\/13\/2025\/09\/Rapport-du-CE-2024-2025-1.pdf\">Rapport du CE 2024-2025<\/a><a href=\"https:\/\/cssdn.gouv.qc.ca\/esle\/wp-content\/uploads\/sites\/13\/2025\/09\/Rapport-du-CE-2024-2025-1.pdf\" class=\"wp-block-file__button wp-element-button\" download aria-describedby=\"wp-block-file--media-f54c27f9-bd10-4390-92b0-e4649e8e6d3f\">Download<\/a><\/div>\n\n\n\n<h2 class=\"wp-block-heading\">Redditions de comptes du projet \u00e9ducatif<\/h2>\n\n\n\n<div class=\"wp-block-file\"><a id=\"wp-block-file--media-bd83543d-4ce6-4f19-8459-c344e63cdc03\" href=\"https:\/\/cssdn.gouv.qc.ca\/esle\/wp-content\/uploads\/sites\/13\/2025\/10\/220-ESLE-RCPE_Secondaire_2024-2025.pdf\">2024-2025<\/a><a href=\"https:\/\/cssdn.gouv.qc.ca\/esle\/wp-content\/uploads\/sites\/13\/2025\/10\/220-ESLE-RCPE_Secondaire_2024-2025.pdf\" class=\"wp-block-file__button wp-element-button\" download aria-describedby=\"wp-block-file--media-bd83543d-4ce6-4f19-8459-c344e63cdc03\">Download<\/a><\/div>\n\n\n\n<div class=\"wp-block-file\"><a id=\"wp-block-file--media-1828ddff-63ec-4cd6-a1f4-bddaf8c4ab7c\" href=\"https:\/\/cssdn.gouv.qc.ca\/esle\/wp-content\/uploads\/sites\/13\/2023\/02\/2021-2022_rcpe_esle.pdf\" target=\"_blank\" rel=\"noreferrer noopener\">2021-2022<\/a><\/div>\n\n\n\n<div class=\"wp-block-file\"><a id=\"wp-block-file--media-efb5e854-6c90-4108-b7d1-5911f306b27e\" href=\"https:\/\/cssdn.gouv.qc.ca\/esle\/wp-content\/uploads\/sites\/13\/2023\/02\/rcpe_esle_2020-2021_v2.pdf\" target=\"_blank\" rel=\"noreferrer noopener\">2020-2021<\/a><\/div>\n\n\n\n<div class=\"wp-block-file\"><a id=\"wp-block-file--media-690a061e-0d2b-4e5c-8a27-8523da19a484\" href=\"https:\/\/cssdn.gouv.qc.ca\/esle\/wp-content\/uploads\/sites\/13\/2023\/02\/ra_esle_19-20.pdf\" target=\"_blank\" rel=\"noreferrer noopener\">2019-2020<\/a><\/div>\n\n\n\n<div class=\"wp-block-file\"><a id=\"wp-block-file--media-42aa9740-92a0-4342-95d8-0bccdfe4d708\" href=\"https:\/\/cssdn.gouv.qc.ca\/esle\/wp-content\/uploads\/sites\/13\/2023\/02\/ra_esle_18-19.pdf\" target=\"_blank\" rel=\"noreferrer noopener\">2018-2019<\/a><\/div>\n\n\n\n<h1 class=\"wp-block-heading\"><strong>Plan de lutte contre la violence et l\u2019intimidation \u00e0 l\u2019\u00e9cole<\/strong><\/h1>\n\n\n\n\n\n<div class=\"wp-block-file\"><a id=\"wp-block-file--media-cc203f57-af94-46fd-9c31-a0253b5ba169\" href=\"https:\/\/cssdn.gouv.qc.ca\/esle\/wp-content\/uploads\/sites\/13\/2025\/09\/Plan-daction-pour-un-climat-positif.-25-26.pdf\">Plan d&rsquo;action pour un climat positif qui favorise la s\u00e9curit\u00e9 et le bien-\u00eatre de tous 25-26<\/a><a href=\"https:\/\/cssdn.gouv.qc.ca\/esle\/wp-content\/uploads\/sites\/13\/2025\/09\/Plan-daction-pour-un-climat-positif.-25-26.pdf\" class=\"wp-block-file__button wp-element-button\" download aria-describedby=\"wp-block-file--media-cc203f57-af94-46fd-9c31-a0253b5ba169\">Download<\/a><\/div>\n\n\n\n<div class=\"wp-block-file\"><a id=\"wp-block-file--media-faf091e6-9687-45ba-ab20-93b04230a64b\" href=\"https:\/\/cssdn.gouv.qc.ca\/esle\/wp-content\/uploads\/sites\/13\/2024\/10\/Plan-daction-pour-un-climat-positif.-24-25.pdf\">Plan d&rsquo;action pour un climat positif qui favorise la s\u00e9curit\u00e9 et le bien-\u00eatre de tous 24-25<\/a><a href=\"https:\/\/cssdn.gouv.qc.ca\/esle\/wp-content\/uploads\/sites\/13\/2024\/10\/Plan-daction-pour-un-climat-positif.-24-25.pdf\" class=\"wp-block-file__button wp-element-button\" download aria-describedby=\"wp-block-file--media-faf091e6-9687-45ba-ab20-93b04230a64b\">T\u00e9l\u00e9charger<\/a><\/div>\n\n\n\n<div class=\"wp-block-file\"><a id=\"wp-block-file--media-bc700c69-0dc5-489f-a513-6a1dd5512c21\" href=\"https:\/\/cssdn.gouv.qc.ca\/esle\/wp-content\/uploads\/sites\/13\/2024\/04\/Plan-de-lutte.pdf\">Plan de lutte pour un climat scolaire s\u00e9curitaire 23-24<\/a><a href=\"https:\/\/cssdn.gouv.qc.ca\/esle\/wp-content\/uploads\/sites\/13\/2024\/04\/Plan-de-lutte.pdf\" class=\"wp-block-file__button wp-element-button\" download aria-describedby=\"wp-block-file--media-bc700c69-0dc5-489f-a513-6a1dd5512c21\">T\u00e9l\u00e9charger<\/a><\/div>\n\n\n\n<h2 class=\"wp-block-heading\">Code de vie<\/h2>\n\n\n\n<p class=\"wp-block-paragraph\"><\/p>\n\n\n\n<div class=\"wp-block-file\"><a id=\"wp-block-file--media-f0e51541-61e5-418d-8ba6-1a179f5052c3\" href=\"https:\/\/cssdn.gouv.qc.ca\/esle\/wp-content\/uploads\/sites\/13\/2025\/10\/25-26-reglements-de-lecole.pdf\">25-26 &#8211; r\u00e8glements de l&rsquo;\u00e9cole<\/a><a href=\"https:\/\/cssdn.gouv.qc.ca\/esle\/wp-content\/uploads\/sites\/13\/2025\/10\/25-26-reglements-de-lecole.pdf\" class=\"wp-block-file__button wp-element-button\" download aria-describedby=\"wp-block-file--media-f0e51541-61e5-418d-8ba6-1a179f5052c3\">Download<\/a><\/div>\n\n\n\n<div class=\"wp-block-file\"><a id=\"wp-block-file--media-c854958c-3643-480e-8838-a8bcda978dc6\" href=\"https:\/\/cssdn.gouv.qc.ca\/esle\/wp-content\/uploads\/sites\/13\/2025\/10\/Interdiction_cellulaire.pdf\">Interdiction_cellulaire<\/a><a href=\"https:\/\/cssdn.gouv.qc.ca\/esle\/wp-content\/uploads\/sites\/13\/2025\/10\/Interdiction_cellulaire.pdf\" class=\"wp-block-file__button wp-element-button\" download aria-describedby=\"wp-block-file--media-c854958c-3643-480e-8838-a8bcda978dc6\">Download<\/a><\/div>\n\n\n\n<h2 class=\"wp-block-heading\">Document explicatif aux parents et aux \u00e9l\u00e8ves<\/h2>\n\n\n\n<div class=\"wp-block-file\"><a id=\"wp-block-file--media-15fa7d8c-8f55-4497-88a1-13b7143bfedf\" href=\"https:\/\/cssdn.gouv.qc.ca\/esle\/wp-content\/uploads\/sites\/13\/2025\/10\/Liste-de-fournitures-scolaires.pdf\">Liste de fournitures scolaires<\/a><a href=\"https:\/\/cssdn.gouv.qc.ca\/esle\/wp-content\/uploads\/sites\/13\/2025\/10\/Liste-de-fournitures-scolaires.pdf\" class=\"wp-block-file__button wp-element-button\" download aria-describedby=\"wp-block-file--media-15fa7d8c-8f55-4497-88a1-13b7143bfedf\">Download<\/a><\/div>\n","protected":false},"excerpt":{"rendered":"<p>Projet \u00e9ducatif Rapport annuel de gestion du conseil d\u2019\u00e9tablissement Redditions de comptes du projet \u00e9ducatif Plan de lutte contre la violence et l\u2019intimidation \u00e0 l\u2019\u00e9cole Code de vie Document explicatif aux parents et aux \u00e9l\u00e8ves<\/p>\n","protected":false},"author":1,"featured_media":0,"parent":5,"menu_order":0,"comment_status":"closed","ping_status":"closed","template":"","meta":{"_acf_changed":false,"_crdt_document":"","inline_featured_image":false,"footnotes":""},"categories":[],"tags":[],"class_list":["post-7","page","type-page","status-publish","hentry"],"acf":[],"yoast_head":"<!-- This site is optimized with the Yoast SEO plugin v27.4 - https:\/\/yoast.com\/product\/yoast-seo-wordpress\/ -->\n<title>Documentation officielle - \u00c9cole secondaire les\u00a0Etchemins<\/title>\n<meta name=\"robots\" content=\"index, follow, max-snippet:-1, max-image-preview:large, max-video-preview:-1\" \/>\n<link rel=\"canonical\" href=\"https:\/\/cssdn.gouv.qc.ca\/esle\/a-propos\/projet-educatif\/\" \/>\n<meta property=\"og:locale\" content=\"fr_CA\" \/>\n<meta property=\"og:type\" content=\"article\" \/>\n<meta property=\"og:title\" content=\"Documentation officielle - \u00c9cole secondaire les\u00a0Etchemins\" \/>\n<meta property=\"og:description\" content=\"Projet \u00e9ducatif Rapport annuel de gestion du conseil d\u2019\u00e9tablissement Redditions de comptes du projet \u00e9ducatif Plan de lutte contre la violence et l\u2019intimidation \u00e0 l\u2019\u00e9cole Code de vie Document explicatif aux parents et aux \u00e9l\u00e8ves\" \/>\n<meta property=\"og:url\" content=\"https:\/\/cssdn.gouv.qc.ca\/esle\/a-propos\/projet-educatif\/\" \/>\n<meta property=\"og:site_name\" content=\"\u00c9cole secondaire les\u00a0Etchemins\" \/>\n<meta property=\"article:publisher\" content=\"https:\/\/www.facebook.com\/eslecssdn\" \/>\n<meta property=\"article:modified_time\" content=\"2025-10-31T18:20:57+00:00\" \/>\n<meta name=\"twitter:card\" content=\"summary_large_image\" \/>\n<meta name=\"twitter:site\" content=\"@CSSNavigateurs\" \/>\n<meta name=\"twitter:label1\" content=\"Estimation du temps de lecture\" \/>\n\t<meta name=\"twitter:data1\" content=\"1 minute\" \/>\n<script type=\"application\/ld+json\" class=\"yoast-schema-graph\">{\"@context\":\"https:\\\/\\\/schema.org\",\"@graph\":[{\"@type\":\"WebPage\",\"@id\":\"https:\\\/\\\/cssdn.gouv.qc.ca\\\/esle\\\/a-propos\\\/projet-educatif\\\/\",\"url\":\"https:\\\/\\\/cssdn.gouv.qc.ca\\\/esle\\\/a-propos\\\/projet-educatif\\\/\",\"name\":\"Documentation officielle - \u00c9cole secondaire les\u00a0Etchemins\",\"isPartOf\":{\"@id\":\"https:\\\/\\\/cssdn.gouv.qc.ca\\\/esle\\\/#website\"},\"primaryImageOfPage\":{\"@id\":\"https:\\\/\\\/cssdn.gouv.qc.ca\\\/esle\\\/a-propos\\\/projet-educatif\\\/#primaryimage\"},\"image\":{\"@id\":\"https:\\\/\\\/cssdn.gouv.qc.ca\\\/esle\\\/a-propos\\\/projet-educatif\\\/#primaryimage\"},\"thumbnailUrl\":\"https:\\\/\\\/cssdn.gouv.qc.ca\\\/wp-content\\\/uploads\\\/2022\\\/08\\\/Seawire-Hero-06.jpg\",\"datePublished\":\"2022-11-08T21:17:55+00:00\",\"dateModified\":\"2025-10-31T18:20:57+00:00\",\"breadcrumb\":{\"@id\":\"https:\\\/\\\/cssdn.gouv.qc.ca\\\/esle\\\/a-propos\\\/projet-educatif\\\/#breadcrumb\"},\"inLanguage\":\"fr-CA\",\"potentialAction\":[{\"@type\":\"ReadAction\",\"target\":[\"https:\\\/\\\/cssdn.gouv.qc.ca\\\/esle\\\/a-propos\\\/projet-educatif\\\/\"]}]},{\"@type\":\"ImageObject\",\"inLanguage\":\"fr-CA\",\"@id\":\"https:\\\/\\\/cssdn.gouv.qc.ca\\\/esle\\\/a-propos\\\/projet-educatif\\\/#primaryimage\",\"url\":\"https:\\\/\\\/cssdn.gouv.qc.ca\\\/wp-content\\\/uploads\\\/2022\\\/08\\\/Seawire-Hero-06.jpg\",\"contentUrl\":\"https:\\\/\\\/cssdn.gouv.qc.ca\\\/wp-content\\\/uploads\\\/2022\\\/08\\\/Seawire-Hero-06.jpg\"},{\"@type\":\"BreadcrumbList\",\"@id\":\"https:\\\/\\\/cssdn.gouv.qc.ca\\\/esle\\\/a-propos\\\/projet-educatif\\\/#breadcrumb\",\"itemListElement\":[{\"@type\":\"ListItem\",\"position\":1,\"name\":\"Accueil\",\"item\":\"https:\\\/\\\/cssdn.gouv.qc.ca\\\/esle\\\/\"},{\"@type\":\"ListItem\",\"position\":2,\"name\":\"\u00c0 propos\",\"item\":\"https:\\\/\\\/cssdn.gouv.qc.ca\\\/esle\\\/a-propos\\\/\"},{\"@type\":\"ListItem\",\"position\":3,\"name\":\"Documentation officielle\"}]},{\"@type\":\"WebSite\",\"@id\":\"https:\\\/\\\/cssdn.gouv.qc.ca\\\/esle\\\/#website\",\"url\":\"https:\\\/\\\/cssdn.gouv.qc.ca\\\/esle\\\/\",\"name\":\"\u00c9cole secondaire les\u00a0Etchemins\",\"description\":\"Un site des centres de services scolaires des Navigateurs\",\"publisher\":{\"@id\":\"https:\\\/\\\/cssdn.gouv.qc.ca\\\/esle\\\/#organization\"},\"potentialAction\":[{\"@type\":\"SearchAction\",\"target\":{\"@type\":\"EntryPoint\",\"urlTemplate\":\"https:\\\/\\\/cssdn.gouv.qc.ca\\\/esle\\\/?s={search_term_string}\"},\"query-input\":{\"@type\":\"PropertyValueSpecification\",\"valueRequired\":true,\"valueName\":\"search_term_string\"}}],\"inLanguage\":\"fr-CA\"},{\"@type\":\"Organization\",\"@id\":\"https:\\\/\\\/cssdn.gouv.qc.ca\\\/esle\\\/#organization\",\"name\":\"\u00c9cole secondaire les\u00a0Etchemins\",\"url\":\"https:\\\/\\\/cssdn.gouv.qc.ca\\\/esle\\\/\",\"logo\":{\"@type\":\"ImageObject\",\"inLanguage\":\"fr-CA\",\"@id\":\"https:\\\/\\\/cssdn.gouv.qc.ca\\\/esle\\\/#\\\/schema\\\/logo\\\/image\\\/\",\"url\":\"https:\\\/\\\/cssdn.gouv.qc.ca\\\/esle\\\/wp-content\\\/uploads\\\/sites\\\/13\\\/2023\\\/01\\\/logo_quebec.svg\",\"contentUrl\":\"https:\\\/\\\/cssdn.gouv.qc.ca\\\/esle\\\/wp-content\\\/uploads\\\/sites\\\/13\\\/2023\\\/01\\\/logo_quebec.svg\",\"width\":188,\"height\":41,\"caption\":\"\u00c9cole secondaire les\u00a0Etchemins\"},\"image\":{\"@id\":\"https:\\\/\\\/cssdn.gouv.qc.ca\\\/esle\\\/#\\\/schema\\\/logo\\\/image\\\/\"},\"sameAs\":[\"https:\\\/\\\/www.facebook.com\\\/eslecssdn\",\"https:\\\/\\\/x.com\\\/CSSNavigateurs\",\"https:\\\/\\\/www.instagram.com\\\/cssnavigateurs\\\/\",\"https:\\\/\\\/www.youtube.com\\\/channel\\\/UCHbNBehije70JBzCIVT82bQ\",\"https:\\\/\\\/www.linkedin.com\\\/company\\\/cssdn\"]}]}<\/script>\n<!-- \/ Yoast SEO plugin. -->","yoast_head_json":{"title":"Documentation officielle - \u00c9cole secondaire les\u00a0Etchemins","robots":{"index":"index","follow":"follow","max-snippet":"max-snippet:-1","max-image-preview":"max-image-preview:large","max-video-preview":"max-video-preview:-1"},"canonical":"https:\/\/cssdn.gouv.qc.ca\/esle\/a-propos\/projet-educatif\/","og_locale":"fr_CA","og_type":"article","og_title":"Documentation officielle - \u00c9cole secondaire les\u00a0Etchemins","og_description":"Projet \u00e9ducatif Rapport annuel de gestion du conseil d\u2019\u00e9tablissement Redditions de comptes du projet \u00e9ducatif Plan de lutte contre la violence et l\u2019intimidation \u00e0 l\u2019\u00e9cole Code de vie Document explicatif aux parents et aux \u00e9l\u00e8ves","og_url":"https:\/\/cssdn.gouv.qc.ca\/esle\/a-propos\/projet-educatif\/","og_site_name":"\u00c9cole secondaire les\u00a0Etchemins","article_publisher":"https:\/\/www.facebook.com\/eslecssdn","article_modified_time":"2025-10-31T18:20:57+00:00","twitter_card":"summary_large_image","twitter_site":"@CSSNavigateurs","twitter_misc":{"Estimation du temps de lecture":"1 minute"},"schema":{"@context":"https:\/\/schema.org","@graph":[{"@type":"WebPage","@id":"https:\/\/cssdn.gouv.qc.ca\/esle\/a-propos\/projet-educatif\/","url":"https:\/\/cssdn.gouv.qc.ca\/esle\/a-propos\/projet-educatif\/","name":"Documentation officielle - \u00c9cole secondaire les\u00a0Etchemins","isPartOf":{"@id":"https:\/\/cssdn.gouv.qc.ca\/esle\/#website"},"primaryImageOfPage":{"@id":"https:\/\/cssdn.gouv.qc.ca\/esle\/a-propos\/projet-educatif\/#primaryimage"},"image":{"@id":"https:\/\/cssdn.gouv.qc.ca\/esle\/a-propos\/projet-educatif\/#primaryimage"},"thumbnailUrl":"https:\/\/cssdn.gouv.qc.ca\/wp-content\/uploads\/2022\/08\/Seawire-Hero-06.jpg","datePublished":"2022-11-08T21:17:55+00:00","dateModified":"2025-10-31T18:20:57+00:00","breadcrumb":{"@id":"https:\/\/cssdn.gouv.qc.ca\/esle\/a-propos\/projet-educatif\/#breadcrumb"},"inLanguage":"fr-CA","potentialAction":[{"@type":"ReadAction","target":["https:\/\/cssdn.gouv.qc.ca\/esle\/a-propos\/projet-educatif\/"]}]},{"@type":"ImageObject","inLanguage":"fr-CA","@id":"https:\/\/cssdn.gouv.qc.ca\/esle\/a-propos\/projet-educatif\/#primaryimage","url":"https:\/\/cssdn.gouv.qc.ca\/wp-content\/uploads\/2022\/08\/Seawire-Hero-06.jpg","contentUrl":"https:\/\/cssdn.gouv.qc.ca\/wp-content\/uploads\/2022\/08\/Seawire-Hero-06.jpg"},{"@type":"BreadcrumbList","@id":"https:\/\/cssdn.gouv.qc.ca\/esle\/a-propos\/projet-educatif\/#breadcrumb","itemListElement":[{"@type":"ListItem","position":1,"name":"Accueil","item":"https:\/\/cssdn.gouv.qc.ca\/esle\/"},{"@type":"ListItem","position":2,"name":"\u00c0 propos","item":"https:\/\/cssdn.gouv.qc.ca\/esle\/a-propos\/"},{"@type":"ListItem","position":3,"name":"Documentation officielle"}]},{"@type":"WebSite","@id":"https:\/\/cssdn.gouv.qc.ca\/esle\/#website","url":"https:\/\/cssdn.gouv.qc.ca\/esle\/","name":"\u00c9cole secondaire les\u00a0Etchemins","description":"Un site des centres de services scolaires des Navigateurs","publisher":{"@id":"https:\/\/cssdn.gouv.qc.ca\/esle\/#organization"},"potentialAction":[{"@type":"SearchAction","target":{"@type":"EntryPoint","urlTemplate":"https:\/\/cssdn.gouv.qc.ca\/esle\/?s={search_term_string}"},"query-input":{"@type":"PropertyValueSpecification","valueRequired":true,"valueName":"search_term_string"}}],"inLanguage":"fr-CA"},{"@type":"Organization","@id":"https:\/\/cssdn.gouv.qc.ca\/esle\/#organization","name":"\u00c9cole secondaire les\u00a0Etchemins","url":"https:\/\/cssdn.gouv.qc.ca\/esle\/","logo":{"@type":"ImageObject","inLanguage":"fr-CA","@id":"https:\/\/cssdn.gouv.qc.ca\/esle\/#\/schema\/logo\/image\/","url":"https:\/\/cssdn.gouv.qc.ca\/esle\/wp-content\/uploads\/sites\/13\/2023\/01\/logo_quebec.svg","contentUrl":"https:\/\/cssdn.gouv.qc.ca\/esle\/wp-content\/uploads\/sites\/13\/2023\/01\/logo_quebec.svg","width":188,"height":41,"caption":"\u00c9cole secondaire les\u00a0Etchemins"},"image":{"@id":"https:\/\/cssdn.gouv.qc.ca\/esle\/#\/schema\/logo\/image\/"},"sameAs":["https:\/\/www.facebook.com\/eslecssdn","https:\/\/x.com\/CSSNavigateurs","https:\/\/www.instagram.com\/cssnavigateurs\/","https:\/\/www.youtube.com\/channel\/UCHbNBehije70JBzCIVT82bQ","https:\/\/www.linkedin.com\/company\/cssdn"]}]}},"publishpress_future_action":{"enabled":false,"date":"2026-04-29 13:42:19","action":"change-status","newStatus":"draft","terms":[],"taxonomy":"category","extraData":[]},"publishpress_future_workflow_manual_trigger":{"enabledWorkflows":[]},"_links":{"self":[{"href":"https:\/\/cssdn.gouv.qc.ca\/esle\/wp-json\/wp\/v2\/pages\/7","targetHints":{"allow":["GET"]}}],"collection":[{"href":"https:\/\/cssdn.gouv.qc.ca\/esle\/wp-json\/wp\/v2\/pages"}],"about":[{"href":"https:\/\/cssdn.gouv.qc.ca\/esle\/wp-json\/wp\/v2\/types\/page"}],"author":[{"embeddable":true,"href":"https:\/\/cssdn.gouv.qc.ca\/esle\/wp-json\/wp\/v2\/users\/1"}],"replies":[{"embeddable":true,"href":"https:\/\/cssdn.gouv.qc.ca\/esle\/wp-json\/wp\/v2\/comments?post=7"}],"version-history":[{"count":0,"href":"https:\/\/cssdn.gouv.qc.ca\/esle\/wp-json\/wp\/v2\/pages\/7\/revisions"}],"up":[{"embeddable":true,"href":"https:\/\/cssdn.gouv.qc.ca\/esle\/wp-json\/wp\/v2\/pages\/5"}],"wp:attachment":[{"href":"https:\/\/cssdn.gouv.qc.ca\/esle\/wp-json\/wp\/v2\/media?parent=7"}],"wp:term":[{"taxonomy":"category","embeddable":true,"href":"https:\/\/cssdn.gouv.qc.ca\/esle\/wp-json\/wp\/v2\/categories?post=7"},{"taxonomy":"post_tag","embeddable":true,"href":"https:\/\/cssdn.gouv.qc.ca\/esle\/wp-json\/wp\/v2\/tags?post=7"}],"curies":[{"name":"wp","href":"https:\/\/api.w.org\/{rel}","templated":true}]}}