
{"id":10,"date":"2022-11-08T16:07:54","date_gmt":"2022-11-08T21:07:54","guid":{"rendered":"https:\/\/cssdn.gouv.qc.ca\/etiennechartieramitie\/a-propos\/conseil-detablissement\/"},"modified":"2026-03-23T09:59:06","modified_gmt":"2026-03-23T13:59:06","slug":"conseil-detablissement","status":"publish","type":"page","link":"https:\/\/cssdn.gouv.qc.ca\/etiennechartieramitie\/a-propos\/conseil-detablissement\/","title":{"rendered":"Conseil d&rsquo;\u00e9tablissement"},"content":{"rendered":"\n<div class=\"wp-block-cover alignfull is-light is-style-title-banner\"><img decoding=\"async\" class=\"wp-block-cover__image-background wp-image-111 lazyload\" alt=\"\" data-src=\"https:\/\/cssdn.gouv.qc.ca\/wp-content\/uploads\/2022\/08\/Seawire-Hero-06.jpg\" data-object-fit=\"cover\" src=\"data:image\/svg+xml;base64,PHN2ZyB3aWR0aD0iMSIgaGVpZ2h0PSIxIiB4bWxucz0iaHR0cDovL3d3dy53My5vcmcvMjAwMC9zdmciPjwvc3ZnPg==\" \/><span aria-hidden=\"true\" class=\"wp-block-cover__background has-primary-background-color has-background-dim\"><\/span><div class=\"wp-block-cover__inner-container\"><h3 class=\"wp-block-post-title\">Conseil d&rsquo;\u00e9tablissement<\/h3><\/div><\/div>\n\n\n\n<div class=\"wp-block-group alignfull has-padding-y-large has-secondary-background-color has-background\"><div class=\"yoast-breadcrumbs alignwide \"><span class=\"breadcrumbs\"><a href=\"https:\/\/cssdn.gouv.qc.ca\/etiennechartieramitie\/\" class=\"breadcrumbs__element\">Accueil<\/a> <span class=\"breadcrumbs__separator\">\n        <svg class=\"icon icon-breadcrumb__separator\"><use xlink:href=\"#icon-breadcrumb__separator\"><\/use><\/svg>\n    <\/span> <a href=\"https:\/\/cssdn.gouv.qc.ca\/etiennechartieramitie\/a-propos\/\" class=\"breadcrumbs__element\">\u00c0 propos<\/a> <span class=\"breadcrumbs__separator\">\n        <svg class=\"icon icon-breadcrumb__separator\"><use xlink:href=\"#icon-breadcrumb__separator\"><\/use><\/svg>\n    <\/span> <span class=\"breadcrumbs__element breadcrumbs__element-current\">Conseil d&rsquo;\u00e9tablissement<\/span><\/span><\/div><\/div>\n\n\n\n<p class=\"wp-block-paragraph\"><\/p>\n\n\n\n<h6 class=\"wp-block-heading\"><strong>Proc\u00e8s-verbaux des rencontres 2024-2025<\/strong><\/h6>\n\n\n\n<div class=\"wp-block-file\"><a id=\"wp-block-file--media-e71dba18-1269-4cfe-817a-6e50085e106c\" href=\"https:\/\/cssdn.gouv.qc.ca\/etiennechartieramitie\/wp-content\/uploads\/sites\/42\/2025\/07\/PV-16-octobre-2024-1.pdf\">Proc\u00e8s-verbal 16 octobre 2024<\/a><a href=\"https:\/\/cssdn.gouv.qc.ca\/etiennechartieramitie\/wp-content\/uploads\/sites\/42\/2025\/07\/PV-16-octobre-2024-1.pdf\" class=\"wp-block-file__button wp-element-button\" download aria-describedby=\"wp-block-file--media-e71dba18-1269-4cfe-817a-6e50085e106c\">T\u00e9l\u00e9charger<\/a><\/div>\n\n\n\n<div class=\"wp-block-file\"><a id=\"wp-block-file--media-80006435-ac99-48e4-9884-113da1b0b669\" href=\"https:\/\/cssdn.gouv.qc.ca\/etiennechartieramitie\/wp-content\/uploads\/sites\/42\/2025\/07\/P.V.-4-decembre.pdf\">Proc\u00e8s-verbal 4 d\u00e9cembre 2024<\/a><a href=\"https:\/\/cssdn.gouv.qc.ca\/etiennechartieramitie\/wp-content\/uploads\/sites\/42\/2025\/07\/P.V.-4-decembre.pdf\" class=\"wp-block-file__button wp-element-button\" download aria-describedby=\"wp-block-file--media-80006435-ac99-48e4-9884-113da1b0b669\">T\u00e9l\u00e9charger<\/a><\/div>\n\n\n\n<div class=\"wp-block-file\"><a id=\"wp-block-file--media-f646d224-f98b-476a-b7bd-ee3a37448697\" href=\"https:\/\/cssdn.gouv.qc.ca\/etiennechartieramitie\/wp-content\/uploads\/sites\/42\/2025\/07\/P.V.-C.E.-5-fevrier-2025.-final.pdf\">Proc\u00e8s-verbal 5 f\u00e9vrier 2025<\/a><a href=\"https:\/\/cssdn.gouv.qc.ca\/etiennechartieramitie\/wp-content\/uploads\/sites\/42\/2025\/07\/P.V.-C.E.-5-fevrier-2025.-final.pdf\" class=\"wp-block-file__button wp-element-button\" download aria-describedby=\"wp-block-file--media-f646d224-f98b-476a-b7bd-ee3a37448697\">T\u00e9l\u00e9charger<\/a><\/div>\n\n\n\n<div class=\"wp-block-file\"><a id=\"wp-block-file--media-37f7c9a9-4cbf-49c9-bade-d778df6acac2\" href=\"https:\/\/cssdn.gouv.qc.ca\/etiennechartieramitie\/wp-content\/uploads\/sites\/42\/2025\/07\/Proces-verbal-26-mars.pdf\">Proc\u00e8s-verbal 26 mars 2025<\/a><a href=\"https:\/\/cssdn.gouv.qc.ca\/etiennechartieramitie\/wp-content\/uploads\/sites\/42\/2025\/07\/Proces-verbal-26-mars.pdf\" class=\"wp-block-file__button wp-element-button\" download aria-describedby=\"wp-block-file--media-37f7c9a9-4cbf-49c9-bade-d778df6acac2\">T\u00e9l\u00e9charger<\/a><\/div>\n\n\n\n<div class=\"wp-block-file\"><a id=\"wp-block-file--media-28bd7f58-7883-4f18-9c7c-95982fbbb4b8\" href=\"https:\/\/cssdn.gouv.qc.ca\/etiennechartieramitie\/wp-content\/uploads\/sites\/42\/2025\/07\/Proces-verbal-23-avril.pdf\">Proc\u00e8s-verbal 23 avril 2025<\/a><a href=\"https:\/\/cssdn.gouv.qc.ca\/etiennechartieramitie\/wp-content\/uploads\/sites\/42\/2025\/07\/Proces-verbal-23-avril.pdf\" class=\"wp-block-file__button wp-element-button\" download aria-describedby=\"wp-block-file--media-28bd7f58-7883-4f18-9c7c-95982fbbb4b8\">T\u00e9l\u00e9charger<\/a><\/div>\n\n\n\n<div class=\"wp-block-file\"><a id=\"wp-block-file--media-26db9f76-0200-4a2a-8c5f-dae85d8f70ad\" href=\"https:\/\/cssdn.gouv.qc.ca\/etiennechartieramitie\/wp-content\/uploads\/sites\/42\/2025\/08\/P.V.-28-mai.-corrige.pdf\">Proc\u00e8s-verbal 28 mai 2025<\/a><a href=\"https:\/\/cssdn.gouv.qc.ca\/etiennechartieramitie\/wp-content\/uploads\/sites\/42\/2025\/08\/P.V.-28-mai.-corrige.pdf\" class=\"wp-block-file__button wp-element-button\" download aria-describedby=\"wp-block-file--media-26db9f76-0200-4a2a-8c5f-dae85d8f70ad\">T\u00e9l\u00e9charger<\/a><\/div>\n\n\n\n<h6 class=\"wp-block-heading\"><strong>Proc\u00e8s-verbaux des rencontres 2025-2026<\/strong><\/h6>\n\n\n\n<div class=\"wp-block-file\"><a id=\"wp-block-file--media-06f56476-faa4-4a32-b3c4-7ca90d9f16bb\" href=\"https:\/\/cssdn.gouv.qc.ca\/etiennechartieramitie\/wp-content\/uploads\/sites\/42\/2026\/03\/Proces-verbal-22-09-2025.pdf\">Proc\u00e8s-verbal 22 septembre 2025<\/a><a href=\"https:\/\/cssdn.gouv.qc.ca\/etiennechartieramitie\/wp-content\/uploads\/sites\/42\/2026\/03\/Proces-verbal-22-09-2025.pdf\" class=\"wp-block-file__button wp-element-button\" download aria-describedby=\"wp-block-file--media-06f56476-faa4-4a32-b3c4-7ca90d9f16bb\">Download<\/a><\/div>\n\n\n\n<div class=\"wp-block-file\"><a id=\"wp-block-file--media-02dd348d-df16-4966-87ba-a661fdff7ebc\" href=\"https:\/\/cssdn.gouv.qc.ca\/etiennechartieramitie\/wp-content\/uploads\/sites\/42\/2026\/03\/P.V.-18-novembre.f.pdf\">Proc\u00e8s-verbal 18 novembre 2025<\/a><a href=\"https:\/\/cssdn.gouv.qc.ca\/etiennechartieramitie\/wp-content\/uploads\/sites\/42\/2026\/03\/P.V.-18-novembre.f.pdf\" class=\"wp-block-file__button wp-element-button\" download aria-describedby=\"wp-block-file--media-02dd348d-df16-4966-87ba-a661fdff7ebc\">Download<\/a><\/div>\n\n\n\n<div class=\"wp-block-file\"><a id=\"wp-block-file--media-cab160c1-b10e-4f22-a093-e748f2fb317a\" href=\"https:\/\/cssdn.gouv.qc.ca\/etiennechartieramitie\/wp-content\/uploads\/sites\/42\/2026\/03\/P.V.-7-janvier.pdf\">Proc\u00e8s-verbal 7 janvier 2026<\/a><a href=\"https:\/\/cssdn.gouv.qc.ca\/etiennechartieramitie\/wp-content\/uploads\/sites\/42\/2026\/03\/P.V.-7-janvier.pdf\" class=\"wp-block-file__button wp-element-button\" download aria-describedby=\"wp-block-file--media-cab160c1-b10e-4f22-a093-e748f2fb317a\">Download<\/a><\/div>\n\n\n\n<div class=\"wp-block-file\"><a id=\"wp-block-file--media-97b896db-ed6f-4a3d-a99a-7a6b4e7afff4\" href=\"https:\/\/cssdn.gouv.qc.ca\/etiennechartieramitie\/wp-content\/uploads\/sites\/42\/2026\/03\/proces-verbal-18-fevrier.pdf\">Proc\u00e8s-verbal 18 f\u00e9vrier 2026<\/a><a href=\"https:\/\/cssdn.gouv.qc.ca\/etiennechartieramitie\/wp-content\/uploads\/sites\/42\/2026\/03\/proces-verbal-18-fevrier.pdf\" class=\"wp-block-file__button wp-element-button\" download aria-describedby=\"wp-block-file--media-97b896db-ed6f-4a3d-a99a-7a6b4e7afff4\">Download<\/a><\/div>\n\n\n\n<p class=\"wp-block-paragraph\"><\/p>\n","protected":false},"excerpt":{"rendered":"<p>Proc\u00e8s-verbaux des rencontres 2024-2025 Proc\u00e8s-verbaux des rencontres 2025-2026<\/p>\n","protected":false},"author":1,"featured_media":0,"parent":6,"menu_order":0,"comment_status":"closed","ping_status":"closed","template":"","meta":{"_acf_changed":false,"_crdt_document":"","inline_featured_image":false,"footnotes":""},"categories":[],"tags":[],"class_list":["post-10","page","type-page","status-publish","hentry"],"acf":[],"yoast_head":"<!-- This site is optimized with the Yoast SEO plugin v27.3 - https:\/\/yoast.com\/product\/yoast-seo-wordpress\/ -->\n<title>Conseil d&#039;\u00e9tablissement - \u00c9cole \u00c9tienne-Chartier, de\u00a0l&#039;Amiti\u00e9 %<\/title>\n<meta name=\"description\" content=\"Ann\u00e9e scolaire 2022-2023Membres du conseil d&#039;\u00e9tablissementDirectrice: Val\u00e9rie FortinPr\u00e9sidente: Manon Simard (manonnon@hotmail.com), parent de l&#039;Amiti\u00e9Vice-pr\u00e9sident: Jean-Fran\u00e7ois Babin, parent d&#039;\u00c9tienne-Chartier Membre: David Cloutier, parent d&#039;\u00c9tienne-ChartierMembre: M\u00e9lanie Gu\u00e9rette-Morissette, parent d&#039;\u00c9tienne-ChartierMembre: Francesca Turmel, parent de l&#039;Amiti\u00e9Membre: Evan Morin, parent de l&#039;Amiti\u00e9Membre substitut: Annie-Pier Mercier, parent de l&#039;Amiti\u00e9Membre enseignant \u00c9tienne-Chartier: Annie Talbot, 3e cycleMembre enseignant \u00c9tienne-Chartier: St\u00e9phanie C\u00f4t\u00e9, 2e cycleMembre enseignant substitut \u00c9tienne-Chartier: Thalie Harvey-Simard, 2e cycleMembre enseignant Amiti\u00e9: Ariane Montminy, 1er cycleMembre du personnel de soutien: Annie B\u00e9langer, \u00e9ducatrice en service de gardeMembre du personnel professionnel: Sophie Rochette, orthop\u00e9dagogue Repr\u00e9sentante du service de garde: Sylvie B\u00e9dard, technicienne\" \/>\n<meta name=\"robots\" content=\"index, follow, max-snippet:-1, max-image-preview:large, max-video-preview:-1\" \/>\n<link rel=\"canonical\" href=\"https:\/\/cssdn.gouv.qc.ca\/etiennechartieramitie\/a-propos\/conseil-detablissement\/\" \/>\n<meta property=\"og:locale\" content=\"fr_CA\" \/>\n<meta property=\"og:type\" content=\"article\" \/>\n<meta property=\"og:title\" content=\"Conseil d&#039;\u00e9tablissement - \u00c9cole \u00c9tienne-Chartier, de\u00a0l&#039;Amiti\u00e9 %\" \/>\n<meta property=\"og:description\" content=\"Ann\u00e9e scolaire 2022-2023Membres du conseil d&#039;\u00e9tablissementDirectrice: Val\u00e9rie FortinPr\u00e9sidente: Manon Simard (manonnon@hotmail.com), parent de l&#039;Amiti\u00e9Vice-pr\u00e9sident: Jean-Fran\u00e7ois Babin, parent d&#039;\u00c9tienne-Chartier Membre: David Cloutier, parent d&#039;\u00c9tienne-ChartierMembre: M\u00e9lanie Gu\u00e9rette-Morissette, parent d&#039;\u00c9tienne-ChartierMembre: Francesca Turmel, parent de l&#039;Amiti\u00e9Membre: Evan Morin, parent de l&#039;Amiti\u00e9Membre substitut: Annie-Pier Mercier, parent de l&#039;Amiti\u00e9Membre enseignant \u00c9tienne-Chartier: Annie Talbot, 3e cycleMembre enseignant \u00c9tienne-Chartier: St\u00e9phanie C\u00f4t\u00e9, 2e cycleMembre enseignant substitut \u00c9tienne-Chartier: Thalie Harvey-Simard, 2e cycleMembre enseignant Amiti\u00e9: Ariane Montminy, 1er cycleMembre du personnel de soutien: Annie B\u00e9langer, \u00e9ducatrice en service de gardeMembre du personnel professionnel: Sophie Rochette, orthop\u00e9dagogue Repr\u00e9sentante du service de garde: Sylvie B\u00e9dard, technicienne\" \/>\n<meta property=\"og:url\" content=\"https:\/\/cssdn.gouv.qc.ca\/etiennechartieramitie\/a-propos\/conseil-detablissement\/\" \/>\n<meta property=\"og:site_name\" content=\"\u00c9cole \u00c9tienne-Chartier, de\u00a0l&#039;Amiti\u00e9\" \/>\n<meta property=\"article:publisher\" content=\"https:\/\/www.facebook.com\/profile.php?id=100068674683135\" \/>\n<meta property=\"article:modified_time\" content=\"2026-03-23T13:59:06+00:00\" \/>\n<meta name=\"twitter:card\" content=\"summary_large_image\" \/>\n<meta name=\"twitter:label1\" content=\"Estimation du temps de lecture\" \/>\n\t<meta name=\"twitter:data1\" content=\"1 minute\" \/>\n<script type=\"application\/ld+json\" class=\"yoast-schema-graph\">{\"@context\":\"https:\\\/\\\/schema.org\",\"@graph\":[{\"@type\":\"WebPage\",\"@id\":\"https:\\\/\\\/cssdn.gouv.qc.ca\\\/etiennechartieramitie\\\/a-propos\\\/conseil-detablissement\\\/\",\"url\":\"https:\\\/\\\/cssdn.gouv.qc.ca\\\/etiennechartieramitie\\\/a-propos\\\/conseil-detablissement\\\/\",\"name\":\"Conseil d'\u00e9tablissement - \u00c9cole \u00c9tienne-Chartier, de\u00a0l&#039;Amiti\u00e9 %\",\"isPartOf\":{\"@id\":\"https:\\\/\\\/cssdn.gouv.qc.ca\\\/etiennechartieramitie\\\/#website\"},\"primaryImageOfPage\":{\"@id\":\"https:\\\/\\\/cssdn.gouv.qc.ca\\\/etiennechartieramitie\\\/a-propos\\\/conseil-detablissement\\\/#primaryimage\"},\"image\":{\"@id\":\"https:\\\/\\\/cssdn.gouv.qc.ca\\\/etiennechartieramitie\\\/a-propos\\\/conseil-detablissement\\\/#primaryimage\"},\"thumbnailUrl\":\"https:\\\/\\\/cssdn.gouv.qc.ca\\\/wp-content\\\/uploads\\\/2022\\\/08\\\/Seawire-Hero-06.jpg\",\"datePublished\":\"2022-11-08T21:07:54+00:00\",\"dateModified\":\"2026-03-23T13:59:06+00:00\",\"description\":\"Ann\u00e9e scolaire 2022-2023Membres du conseil d'\u00e9tablissementDirectrice: Val\u00e9rie FortinPr\u00e9sidente: Manon Simard (manonnon@hotmail.com), parent de l'Amiti\u00e9Vice-pr\u00e9sident: Jean-Fran\u00e7ois Babin, parent d'\u00c9tienne-Chartier Membre: David Cloutier, parent d'\u00c9tienne-ChartierMembre: M\u00e9lanie Gu\u00e9rette-Morissette, parent d'\u00c9tienne-ChartierMembre: Francesca Turmel, parent de l'Amiti\u00e9Membre: Evan Morin, parent de l'Amiti\u00e9Membre substitut: Annie-Pier Mercier, parent de l'Amiti\u00e9Membre enseignant \u00c9tienne-Chartier: Annie Talbot, 3e cycleMembre enseignant \u00c9tienne-Chartier: St\u00e9phanie C\u00f4t\u00e9, 2e cycleMembre enseignant substitut \u00c9tienne-Chartier: Thalie Harvey-Simard, 2e cycleMembre enseignant Amiti\u00e9: Ariane Montminy, 1er cycleMembre du personnel de soutien: Annie B\u00e9langer, \u00e9ducatrice en service de gardeMembre du personnel professionnel: Sophie Rochette, orthop\u00e9dagogue Repr\u00e9sentante du service de garde: Sylvie B\u00e9dard, technicienne\",\"breadcrumb\":{\"@id\":\"https:\\\/\\\/cssdn.gouv.qc.ca\\\/etiennechartieramitie\\\/a-propos\\\/conseil-detablissement\\\/#breadcrumb\"},\"inLanguage\":\"fr-CA\",\"potentialAction\":[{\"@type\":\"ReadAction\",\"target\":[\"https:\\\/\\\/cssdn.gouv.qc.ca\\\/etiennechartieramitie\\\/a-propos\\\/conseil-detablissement\\\/\"]}]},{\"@type\":\"ImageObject\",\"inLanguage\":\"fr-CA\",\"@id\":\"https:\\\/\\\/cssdn.gouv.qc.ca\\\/etiennechartieramitie\\\/a-propos\\\/conseil-detablissement\\\/#primaryimage\",\"url\":\"https:\\\/\\\/cssdn.gouv.qc.ca\\\/wp-content\\\/uploads\\\/2022\\\/08\\\/Seawire-Hero-06.jpg\",\"contentUrl\":\"https:\\\/\\\/cssdn.gouv.qc.ca\\\/wp-content\\\/uploads\\\/2022\\\/08\\\/Seawire-Hero-06.jpg\"},{\"@type\":\"BreadcrumbList\",\"@id\":\"https:\\\/\\\/cssdn.gouv.qc.ca\\\/etiennechartieramitie\\\/a-propos\\\/conseil-detablissement\\\/#breadcrumb\",\"itemListElement\":[{\"@type\":\"ListItem\",\"position\":1,\"name\":\"Accueil\",\"item\":\"https:\\\/\\\/cssdn.gouv.qc.ca\\\/etiennechartieramitie\\\/\"},{\"@type\":\"ListItem\",\"position\":2,\"name\":\"\u00c0 propos\",\"item\":\"https:\\\/\\\/cssdn.gouv.qc.ca\\\/etiennechartieramitie\\\/a-propos\\\/\"},{\"@type\":\"ListItem\",\"position\":3,\"name\":\"Conseil d&rsquo;\u00e9tablissement\"}]},{\"@type\":\"WebSite\",\"@id\":\"https:\\\/\\\/cssdn.gouv.qc.ca\\\/etiennechartieramitie\\\/#website\",\"url\":\"https:\\\/\\\/cssdn.gouv.qc.ca\\\/etiennechartieramitie\\\/\",\"name\":\"\u00c9cole \u00c9tienne-Chartier, de\u00a0l&#039;Amiti\u00e9\",\"description\":\"Un site des centres de services scolaires des Navigateurs\",\"publisher\":{\"@id\":\"https:\\\/\\\/cssdn.gouv.qc.ca\\\/etiennechartieramitie\\\/#organization\"},\"potentialAction\":[{\"@type\":\"SearchAction\",\"target\":{\"@type\":\"EntryPoint\",\"urlTemplate\":\"https:\\\/\\\/cssdn.gouv.qc.ca\\\/etiennechartieramitie\\\/?s={search_term_string}\"},\"query-input\":{\"@type\":\"PropertyValueSpecification\",\"valueRequired\":true,\"valueName\":\"search_term_string\"}}],\"inLanguage\":\"fr-CA\"},{\"@type\":\"Organization\",\"@id\":\"https:\\\/\\\/cssdn.gouv.qc.ca\\\/etiennechartieramitie\\\/#organization\",\"name\":\"\u00c9cole \u00c9tienne-Chartier, de\u00a0l&#039;Amiti\u00e9\",\"url\":\"https:\\\/\\\/cssdn.gouv.qc.ca\\\/etiennechartieramitie\\\/\",\"logo\":{\"@type\":\"ImageObject\",\"inLanguage\":\"fr-CA\",\"@id\":\"https:\\\/\\\/cssdn.gouv.qc.ca\\\/etiennechartieramitie\\\/#\\\/schema\\\/logo\\\/image\\\/\",\"url\":\"https:\\\/\\\/cssdn.gouv.qc.ca\\\/etiennechartieramitie\\\/wp-content\\\/uploads\\\/sites\\\/42\\\/2023\\\/01\\\/logo_quebec.svg\",\"contentUrl\":\"https:\\\/\\\/cssdn.gouv.qc.ca\\\/etiennechartieramitie\\\/wp-content\\\/uploads\\\/sites\\\/42\\\/2023\\\/01\\\/logo_quebec.svg\",\"width\":188,\"height\":41,\"caption\":\"\u00c9cole \u00c9tienne-Chartier, de\u00a0l&#039;Amiti\u00e9\"},\"image\":{\"@id\":\"https:\\\/\\\/cssdn.gouv.qc.ca\\\/etiennechartieramitie\\\/#\\\/schema\\\/logo\\\/image\\\/\"},\"sameAs\":[\"https:\\\/\\\/www.facebook.com\\\/profile.php?id=100068674683135\"]}]}<\/script>\n<!-- \/ Yoast SEO plugin. -->","yoast_head_json":{"title":"Conseil d'\u00e9tablissement - \u00c9cole \u00c9tienne-Chartier, de\u00a0l&#039;Amiti\u00e9 %","description":"Ann\u00e9e scolaire 2022-2023Membres du conseil d'\u00e9tablissementDirectrice: Val\u00e9rie FortinPr\u00e9sidente: Manon Simard (manonnon@hotmail.com), parent de l'Amiti\u00e9Vice-pr\u00e9sident: Jean-Fran\u00e7ois Babin, parent d'\u00c9tienne-Chartier Membre: David Cloutier, parent d'\u00c9tienne-ChartierMembre: M\u00e9lanie Gu\u00e9rette-Morissette, parent d'\u00c9tienne-ChartierMembre: Francesca Turmel, parent de l'Amiti\u00e9Membre: Evan Morin, parent de l'Amiti\u00e9Membre substitut: Annie-Pier Mercier, parent de l'Amiti\u00e9Membre enseignant \u00c9tienne-Chartier: Annie Talbot, 3e cycleMembre enseignant \u00c9tienne-Chartier: St\u00e9phanie C\u00f4t\u00e9, 2e cycleMembre enseignant substitut \u00c9tienne-Chartier: Thalie Harvey-Simard, 2e cycleMembre enseignant Amiti\u00e9: Ariane Montminy, 1er cycleMembre du personnel de soutien: Annie B\u00e9langer, \u00e9ducatrice en service de gardeMembre du personnel professionnel: Sophie Rochette, orthop\u00e9dagogue Repr\u00e9sentante du service de garde: Sylvie B\u00e9dard, technicienne","robots":{"index":"index","follow":"follow","max-snippet":"max-snippet:-1","max-image-preview":"max-image-preview:large","max-video-preview":"max-video-preview:-1"},"canonical":"https:\/\/cssdn.gouv.qc.ca\/etiennechartieramitie\/a-propos\/conseil-detablissement\/","og_locale":"fr_CA","og_type":"article","og_title":"Conseil d'\u00e9tablissement - \u00c9cole \u00c9tienne-Chartier, de\u00a0l&#039;Amiti\u00e9 %","og_description":"Ann\u00e9e scolaire 2022-2023Membres du conseil d'\u00e9tablissementDirectrice: Val\u00e9rie FortinPr\u00e9sidente: Manon Simard (manonnon@hotmail.com), parent de l'Amiti\u00e9Vice-pr\u00e9sident: Jean-Fran\u00e7ois Babin, parent d'\u00c9tienne-Chartier Membre: David Cloutier, parent d'\u00c9tienne-ChartierMembre: M\u00e9lanie Gu\u00e9rette-Morissette, parent d'\u00c9tienne-ChartierMembre: Francesca Turmel, parent de l'Amiti\u00e9Membre: Evan Morin, parent de l'Amiti\u00e9Membre substitut: Annie-Pier Mercier, parent de l'Amiti\u00e9Membre enseignant \u00c9tienne-Chartier: Annie Talbot, 3e cycleMembre enseignant \u00c9tienne-Chartier: St\u00e9phanie C\u00f4t\u00e9, 2e cycleMembre enseignant substitut \u00c9tienne-Chartier: Thalie Harvey-Simard, 2e cycleMembre enseignant Amiti\u00e9: Ariane Montminy, 1er cycleMembre du personnel de soutien: Annie B\u00e9langer, \u00e9ducatrice en service de gardeMembre du personnel professionnel: Sophie Rochette, orthop\u00e9dagogue Repr\u00e9sentante du service de garde: Sylvie B\u00e9dard, technicienne","og_url":"https:\/\/cssdn.gouv.qc.ca\/etiennechartieramitie\/a-propos\/conseil-detablissement\/","og_site_name":"\u00c9cole \u00c9tienne-Chartier, de\u00a0l&#039;Amiti\u00e9","article_publisher":"https:\/\/www.facebook.com\/profile.php?id=100068674683135","article_modified_time":"2026-03-23T13:59:06+00:00","twitter_card":"summary_large_image","twitter_misc":{"Estimation du temps de lecture":"1 minute"},"schema":{"@context":"https:\/\/schema.org","@graph":[{"@type":"WebPage","@id":"https:\/\/cssdn.gouv.qc.ca\/etiennechartieramitie\/a-propos\/conseil-detablissement\/","url":"https:\/\/cssdn.gouv.qc.ca\/etiennechartieramitie\/a-propos\/conseil-detablissement\/","name":"Conseil d'\u00e9tablissement - \u00c9cole \u00c9tienne-Chartier, de\u00a0l&#039;Amiti\u00e9 %","isPartOf":{"@id":"https:\/\/cssdn.gouv.qc.ca\/etiennechartieramitie\/#website"},"primaryImageOfPage":{"@id":"https:\/\/cssdn.gouv.qc.ca\/etiennechartieramitie\/a-propos\/conseil-detablissement\/#primaryimage"},"image":{"@id":"https:\/\/cssdn.gouv.qc.ca\/etiennechartieramitie\/a-propos\/conseil-detablissement\/#primaryimage"},"thumbnailUrl":"https:\/\/cssdn.gouv.qc.ca\/wp-content\/uploads\/2022\/08\/Seawire-Hero-06.jpg","datePublished":"2022-11-08T21:07:54+00:00","dateModified":"2026-03-23T13:59:06+00:00","description":"Ann\u00e9e scolaire 2022-2023Membres du conseil d'\u00e9tablissementDirectrice: Val\u00e9rie FortinPr\u00e9sidente: Manon Simard (manonnon@hotmail.com), parent de l'Amiti\u00e9Vice-pr\u00e9sident: Jean-Fran\u00e7ois Babin, parent d'\u00c9tienne-Chartier Membre: David Cloutier, parent d'\u00c9tienne-ChartierMembre: M\u00e9lanie Gu\u00e9rette-Morissette, parent d'\u00c9tienne-ChartierMembre: Francesca Turmel, parent de l'Amiti\u00e9Membre: Evan Morin, parent de l'Amiti\u00e9Membre substitut: Annie-Pier Mercier, parent de l'Amiti\u00e9Membre enseignant \u00c9tienne-Chartier: Annie Talbot, 3e cycleMembre enseignant \u00c9tienne-Chartier: St\u00e9phanie C\u00f4t\u00e9, 2e cycleMembre enseignant substitut \u00c9tienne-Chartier: Thalie Harvey-Simard, 2e cycleMembre enseignant Amiti\u00e9: Ariane Montminy, 1er cycleMembre du personnel de soutien: Annie B\u00e9langer, \u00e9ducatrice en service de gardeMembre du personnel professionnel: Sophie Rochette, orthop\u00e9dagogue Repr\u00e9sentante du service de garde: Sylvie B\u00e9dard, technicienne","breadcrumb":{"@id":"https:\/\/cssdn.gouv.qc.ca\/etiennechartieramitie\/a-propos\/conseil-detablissement\/#breadcrumb"},"inLanguage":"fr-CA","potentialAction":[{"@type":"ReadAction","target":["https:\/\/cssdn.gouv.qc.ca\/etiennechartieramitie\/a-propos\/conseil-detablissement\/"]}]},{"@type":"ImageObject","inLanguage":"fr-CA","@id":"https:\/\/cssdn.gouv.qc.ca\/etiennechartieramitie\/a-propos\/conseil-detablissement\/#primaryimage","url":"https:\/\/cssdn.gouv.qc.ca\/wp-content\/uploads\/2022\/08\/Seawire-Hero-06.jpg","contentUrl":"https:\/\/cssdn.gouv.qc.ca\/wp-content\/uploads\/2022\/08\/Seawire-Hero-06.jpg"},{"@type":"BreadcrumbList","@id":"https:\/\/cssdn.gouv.qc.ca\/etiennechartieramitie\/a-propos\/conseil-detablissement\/#breadcrumb","itemListElement":[{"@type":"ListItem","position":1,"name":"Accueil","item":"https:\/\/cssdn.gouv.qc.ca\/etiennechartieramitie\/"},{"@type":"ListItem","position":2,"name":"\u00c0 propos","item":"https:\/\/cssdn.gouv.qc.ca\/etiennechartieramitie\/a-propos\/"},{"@type":"ListItem","position":3,"name":"Conseil d&rsquo;\u00e9tablissement"}]},{"@type":"WebSite","@id":"https:\/\/cssdn.gouv.qc.ca\/etiennechartieramitie\/#website","url":"https:\/\/cssdn.gouv.qc.ca\/etiennechartieramitie\/","name":"\u00c9cole \u00c9tienne-Chartier, de\u00a0l&#039;Amiti\u00e9","description":"Un site des centres de services scolaires des Navigateurs","publisher":{"@id":"https:\/\/cssdn.gouv.qc.ca\/etiennechartieramitie\/#organization"},"potentialAction":[{"@type":"SearchAction","target":{"@type":"EntryPoint","urlTemplate":"https:\/\/cssdn.gouv.qc.ca\/etiennechartieramitie\/?s={search_term_string}"},"query-input":{"@type":"PropertyValueSpecification","valueRequired":true,"valueName":"search_term_string"}}],"inLanguage":"fr-CA"},{"@type":"Organization","@id":"https:\/\/cssdn.gouv.qc.ca\/etiennechartieramitie\/#organization","name":"\u00c9cole \u00c9tienne-Chartier, de\u00a0l&#039;Amiti\u00e9","url":"https:\/\/cssdn.gouv.qc.ca\/etiennechartieramitie\/","logo":{"@type":"ImageObject","inLanguage":"fr-CA","@id":"https:\/\/cssdn.gouv.qc.ca\/etiennechartieramitie\/#\/schema\/logo\/image\/","url":"https:\/\/cssdn.gouv.qc.ca\/etiennechartieramitie\/wp-content\/uploads\/sites\/42\/2023\/01\/logo_quebec.svg","contentUrl":"https:\/\/cssdn.gouv.qc.ca\/etiennechartieramitie\/wp-content\/uploads\/sites\/42\/2023\/01\/logo_quebec.svg","width":188,"height":41,"caption":"\u00c9cole \u00c9tienne-Chartier, de\u00a0l&#039;Amiti\u00e9"},"image":{"@id":"https:\/\/cssdn.gouv.qc.ca\/etiennechartieramitie\/#\/schema\/logo\/image\/"},"sameAs":["https:\/\/www.facebook.com\/profile.php?id=100068674683135"]}]}},"publishpress_future_action":{"enabled":false,"date":"2026-04-14 00:58:41","action":"change-status","newStatus":"draft","terms":[],"taxonomy":"category","extraData":[]},"publishpress_future_workflow_manual_trigger":{"enabledWorkflows":[]},"_links":{"self":[{"href":"https:\/\/cssdn.gouv.qc.ca\/etiennechartieramitie\/wp-json\/wp\/v2\/pages\/10","targetHints":{"allow":["GET"]}}],"collection":[{"href":"https:\/\/cssdn.gouv.qc.ca\/etiennechartieramitie\/wp-json\/wp\/v2\/pages"}],"about":[{"href":"https:\/\/cssdn.gouv.qc.ca\/etiennechartieramitie\/wp-json\/wp\/v2\/types\/page"}],"author":[{"embeddable":true,"href":"https:\/\/cssdn.gouv.qc.ca\/etiennechartieramitie\/wp-json\/wp\/v2\/users\/1"}],"replies":[{"embeddable":true,"href":"https:\/\/cssdn.gouv.qc.ca\/etiennechartieramitie\/wp-json\/wp\/v2\/comments?post=10"}],"version-history":[{"count":0,"href":"https:\/\/cssdn.gouv.qc.ca\/etiennechartieramitie\/wp-json\/wp\/v2\/pages\/10\/revisions"}],"up":[{"embeddable":true,"href":"https:\/\/cssdn.gouv.qc.ca\/etiennechartieramitie\/wp-json\/wp\/v2\/pages\/6"}],"wp:attachment":[{"href":"https:\/\/cssdn.gouv.qc.ca\/etiennechartieramitie\/wp-json\/wp\/v2\/media?parent=10"}],"wp:term":[{"taxonomy":"category","embeddable":true,"href":"https:\/\/cssdn.gouv.qc.ca\/etiennechartieramitie\/wp-json\/wp\/v2\/categories?post=10"},{"taxonomy":"post_tag","embeddable":true,"href":"https:\/\/cssdn.gouv.qc.ca\/etiennechartieramitie\/wp-json\/wp\/v2\/tags?post=10"}],"curies":[{"name":"wp","href":"https:\/\/api.w.org\/{rel}","templated":true}]}}