
{"id":11,"date":"2022-11-08T16:07:54","date_gmt":"2022-11-08T21:07:54","guid":{"rendered":"https:\/\/cssdn.gouv.qc.ca\/etiennechartieramitie\/a-propos\/documentation-et-rapport-annuel\/"},"modified":"2025-11-04T11:03:15","modified_gmt":"2025-11-04T16:03:15","slug":"documentation-et-rapport-annuel","status":"publish","type":"page","link":"https:\/\/cssdn.gouv.qc.ca\/etiennechartieramitie\/a-propos\/documentation-et-rapport-annuel\/","title":{"rendered":"Documentation officielle"},"content":{"rendered":"\n<div class=\"wp-block-cover alignfull is-light is-style-title-banner\"><img decoding=\"async\" class=\"wp-block-cover__image-background wp-image-111 lazyload\" alt=\"\" data-src=\"https:\/\/cssdn.gouv.qc.ca\/wp-content\/uploads\/2022\/08\/Seawire-Hero-06.jpg\" data-object-fit=\"cover\" src=\"data:image\/svg+xml;base64,PHN2ZyB3aWR0aD0iMSIgaGVpZ2h0PSIxIiB4bWxucz0iaHR0cDovL3d3dy53My5vcmcvMjAwMC9zdmciPjwvc3ZnPg==\" \/><span aria-hidden=\"true\" class=\"wp-block-cover__background has-primary-background-color has-background-dim\"><\/span><div class=\"wp-block-cover__inner-container\"><h3 class=\"wp-block-post-title\">Documentation officielle<\/h3><\/div><\/div>\n\n\n\n<div class=\"wp-block-group alignfull has-padding-y-large has-secondary-background-color has-background\"><div class=\"yoast-breadcrumbs alignwide \"><span class=\"breadcrumbs\"><a href=\"https:\/\/cssdn.gouv.qc.ca\/etiennechartieramitie\/\" class=\"breadcrumbs__element\">Accueil<\/a> <span class=\"breadcrumbs__separator\">\n        <svg class=\"icon icon-breadcrumb__separator\"><use xlink:href=\"#icon-breadcrumb__separator\"><\/use><\/svg>\n    <\/span> <a href=\"https:\/\/cssdn.gouv.qc.ca\/etiennechartieramitie\/a-propos\/\" class=\"breadcrumbs__element\">\u00c0 propos<\/a> <span class=\"breadcrumbs__separator\">\n        <svg class=\"icon icon-breadcrumb__separator\"><use xlink:href=\"#icon-breadcrumb__separator\"><\/use><\/svg>\n    <\/span> <span class=\"breadcrumbs__element breadcrumbs__element-current\">Documentation officielle<\/span><\/span><\/div><\/div>\n\n\n\n<h1 class=\"wp-block-heading\">Projet \u00e9ducatif<\/h1>\n\n\n\n<div class=\"wp-block-file\"><a id=\"wp-block-file--media-16035c2f-3406-4434-bcce-045143d191be\" href=\"https:\/\/cssdn.gouv.qc.ca\/etiennechartieramitie\/wp-content\/uploads\/sites\/42\/2025\/11\/Projet-Educatif-2023-2027.pdf\">Projet \u00c9ducatif 2023-2027<\/a><a href=\"https:\/\/cssdn.gouv.qc.ca\/etiennechartieramitie\/wp-content\/uploads\/sites\/42\/2025\/11\/Projet-Educatif-2023-2027.pdf\" class=\"wp-block-file__button wp-element-button\" download aria-describedby=\"wp-block-file--media-16035c2f-3406-4434-bcce-045143d191be\">Download<\/a><\/div>\n\n\n\n<h2 class=\"wp-block-heading\">Rapport annuel de gestion du conseil d\u2019\u00e9tablissement<\/h2>\n\n\n\n<h2 class=\"wp-block-heading\">Redditions de comptes du projet \u00e9ducatif<\/h2>\n\n\n\n<div class=\"wp-block-file\"><a id=\"wp-block-file--media-c8226704-9706-42f2-9635-4ed55c2b69f5\" href=\"https:\/\/cssdn.gouv.qc.ca\/etiennechartieramitie\/wp-content\/uploads\/sites\/42\/2025\/11\/RCPE_Amitie-EC_2024-2025-2.pdf\">Reddition de compte projet \u00e9ducatif 2024-2025<\/a><a href=\"https:\/\/cssdn.gouv.qc.ca\/etiennechartieramitie\/wp-content\/uploads\/sites\/42\/2025\/11\/RCPE_Amitie-EC_2024-2025-2.pdf\" class=\"wp-block-file__button wp-element-button\" download aria-describedby=\"wp-block-file--media-c8226704-9706-42f2-9635-4ed55c2b69f5\">Download<\/a><\/div>\n\n\n\n<h1 class=\"wp-block-heading\">Plan de lutte contre la violence et l\u2019intimidation \u00e0 l\u2019\u00e9cole<\/h1>\n\n\n\n<div class=\"wp-block-file\"><a id=\"wp-block-file--media-bc0ace6e-e5a5-4cb3-9dd6-f5068647ca96\" href=\"https:\/\/cssdn.gouv.qc.ca\/etiennechartieramitie\/wp-content\/uploads\/sites\/42\/2025\/11\/plan-lutte-2025-2026-final.pdf\">Plan de lutte contre l&rsquo;intimidation 2025-2026<\/a><a href=\"https:\/\/cssdn.gouv.qc.ca\/etiennechartieramitie\/wp-content\/uploads\/sites\/42\/2025\/11\/plan-lutte-2025-2026-final.pdf\" class=\"wp-block-file__button wp-element-button\" download aria-describedby=\"wp-block-file--media-bc0ace6e-e5a5-4cb3-9dd6-f5068647ca96\">Download<\/a><\/div>\n\n\n\n<div class=\"wp-block-file\"><a id=\"wp-block-file--media-c3f9cc50-c643-4ce4-af76-5cbfe7bde718\" href=\"https:\/\/cssdn.gouv.qc.ca\/etiennechartieramitie\/wp-content\/uploads\/sites\/42\/2025\/09\/Document-explicatif_ecole-2025-2026-Plan-de-lutte.pdf\">Plan d&rsquo;action pour un climat positif 2025-2026<\/a><a href=\"https:\/\/cssdn.gouv.qc.ca\/etiennechartieramitie\/wp-content\/uploads\/sites\/42\/2025\/09\/Document-explicatif_ecole-2025-2026-Plan-de-lutte.pdf\" class=\"wp-block-file__button wp-element-button\" download aria-describedby=\"wp-block-file--media-c3f9cc50-c643-4ce4-af76-5cbfe7bde718\">Download<\/a><\/div>\n\n\n\n<h2 class=\"wp-block-heading\">Code de vie<\/h2>\n\n\n\n<div class=\"wp-block-file\"><a id=\"wp-block-file--media-aeac8e18-cb66-4240-a071-09ee4ebab667\" href=\"https:\/\/cssdn.gouv.qc.ca\/etiennechartieramitie\/wp-content\/uploads\/sites\/42\/2023\/01\/Plan-daction-de-lecole-2020-2021.pdf\">Plan d&rsquo;action de l&rsquo;\u00e9cole 2020-2021<\/a><\/div>\n\n\n\n<div class=\"wp-block-file\"><a id=\"wp-block-file--media-f7ec34d8-2c67-4e9d-9f33-fd25a5f22fd0\" href=\"https:\/\/cssdn.gouv.qc.ca\/etiennechartieramitie\/wp-content\/uploads\/sites\/42\/2025\/07\/Agenda-Regle-de-vie-et-agenda-2025-2026.pdf\">Agenda- R\u00e8gle de vie et agenda 2025-2026<\/a><a href=\"https:\/\/cssdn.gouv.qc.ca\/etiennechartieramitie\/wp-content\/uploads\/sites\/42\/2025\/07\/Agenda-Regle-de-vie-et-agenda-2025-2026.pdf\" class=\"wp-block-file__button wp-element-button\" download aria-describedby=\"wp-block-file--media-f7ec34d8-2c67-4e9d-9f33-fd25a5f22fd0\">T\u00e9l\u00e9charger<\/a><\/div>\n\n\n\n<div class=\"wp-block-file\"><a id=\"wp-block-file--media-d3aa0ecc-2414-4e60-a94a-aa7d6edba2af\" href=\"https:\/\/cssdn.gouv.qc.ca\/etiennechartieramitie\/wp-content\/uploads\/sites\/42\/2025\/08\/Balises-encadrant-lutilisation-des-ecrans.pdf\">Balises encadrant l&rsquo;utilisation des \u00e9crans 2025-2026<\/a><a href=\"https:\/\/cssdn.gouv.qc.ca\/etiennechartieramitie\/wp-content\/uploads\/sites\/42\/2025\/08\/Balises-encadrant-lutilisation-des-ecrans.pdf\" class=\"wp-block-file__button wp-element-button\" download aria-describedby=\"wp-block-file--media-d3aa0ecc-2414-4e60-a94a-aa7d6edba2af\">T\u00e9l\u00e9charger<\/a><\/div>\n\n\n\n<div class=\"wp-block-file\"><a id=\"wp-block-file--media-f021e0a7-ddb8-4bd3-93d4-a8fadca0b1a6\" href=\"https:\/\/cssdn.gouv.qc.ca\/etiennechartieramitie\/wp-content\/uploads\/sites\/42\/2025\/08\/Politique-de-gestion-des-comportements-25-26.pdf\">Politique de gestion des comportements 2025-2026<\/a><a href=\"https:\/\/cssdn.gouv.qc.ca\/etiennechartieramitie\/wp-content\/uploads\/sites\/42\/2025\/08\/Politique-de-gestion-des-comportements-25-26.pdf\" class=\"wp-block-file__button wp-element-button\" download aria-describedby=\"wp-block-file--media-f021e0a7-ddb8-4bd3-93d4-a8fadca0b1a6\">T\u00e9l\u00e9charger<\/a><\/div>\n\n\n\n<h2 class=\"wp-block-heading\">Document explicatif aux parents et aux \u00e9l\u00e8ves<\/h2>\n\n\n\n<div class=\"wp-block-file\"><a id=\"wp-block-file--media-c7db4550-b741-49e3-9973-3b1c1b2df6e8\" href=\"https:\/\/cssdn.gouv.qc.ca\/etiennechartieramitie\/wp-content\/uploads\/sites\/42\/2025\/08\/Document-explicatif_ecole-2025-2026-Plan-de-lutte-2.pdf\">Document explicatif pour le plan de lutte 2025-2026 <\/a><a href=\"https:\/\/cssdn.gouv.qc.ca\/etiennechartieramitie\/wp-content\/uploads\/sites\/42\/2025\/08\/Document-explicatif_ecole-2025-2026-Plan-de-lutte-2.pdf\" class=\"wp-block-file__button wp-element-button\" download aria-describedby=\"wp-block-file--media-c7db4550-b741-49e3-9973-3b1c1b2df6e8\">T\u00e9l\u00e9charger<\/a><\/div>\n\n\n\n<h2 class=\"wp-block-heading\">Rapport annuel<\/h2>\n\n\n\n<div class=\"wp-block-file\"><a id=\"wp-block-file--media-fa8a0d2d-c096-4381-8d6f-7c0003746d06\" href=\"https:\/\/cssdn.gouv.qc.ca\/etiennechartieramitie\/wp-content\/uploads\/sites\/42\/2023\/01\/Rapport-annuel-2019-2020.pdf\">Rapport annuel 2019-2020<\/a><\/div>\n","protected":false},"excerpt":{"rendered":"<p>Projet \u00e9ducatif Rapport annuel de gestion du conseil d\u2019\u00e9tablissement Redditions de comptes du projet \u00e9ducatif Plan de lutte contre la violence et l\u2019intimidation \u00e0 l\u2019\u00e9cole Code de vie Document explicatif aux parents et aux \u00e9l\u00e8ves Rapport annuel<\/p>\n","protected":false},"author":1,"featured_media":0,"parent":6,"menu_order":0,"comment_status":"closed","ping_status":"closed","template":"","meta":{"_acf_changed":false,"_crdt_document":"","inline_featured_image":false,"footnotes":""},"categories":[],"tags":[],"class_list":["post-11","page","type-page","status-publish","hentry"],"acf":[],"yoast_head":"<!-- This site is optimized with the Yoast SEO plugin v27.4 - https:\/\/yoast.com\/product\/yoast-seo-wordpress\/ -->\n<title>Documentation officielle - \u00c9cole \u00c9tienne-Chartier, de\u00a0l&#039;Amiti\u00e9<\/title>\n<meta name=\"robots\" content=\"index, follow, max-snippet:-1, max-image-preview:large, max-video-preview:-1\" \/>\n<link rel=\"canonical\" href=\"https:\/\/cssdn.gouv.qc.ca\/etiennechartieramitie\/a-propos\/documentation-et-rapport-annuel\/\" \/>\n<meta property=\"og:locale\" content=\"fr_CA\" \/>\n<meta property=\"og:type\" content=\"article\" \/>\n<meta property=\"og:title\" content=\"Documentation officielle - \u00c9cole \u00c9tienne-Chartier, de\u00a0l&#039;Amiti\u00e9\" \/>\n<meta property=\"og:description\" content=\"Projet \u00e9ducatif Rapport annuel de gestion du conseil d\u2019\u00e9tablissement Redditions de comptes du projet \u00e9ducatif Plan de lutte contre la violence et l\u2019intimidation \u00e0 l\u2019\u00e9cole Code de vie Document explicatif aux parents et aux \u00e9l\u00e8ves Rapport annuel\" \/>\n<meta property=\"og:url\" content=\"https:\/\/cssdn.gouv.qc.ca\/etiennechartieramitie\/a-propos\/documentation-et-rapport-annuel\/\" \/>\n<meta property=\"og:site_name\" content=\"\u00c9cole \u00c9tienne-Chartier, de\u00a0l&#039;Amiti\u00e9\" \/>\n<meta property=\"article:publisher\" content=\"https:\/\/www.facebook.com\/profile.php?id=100068674683135\" \/>\n<meta property=\"article:modified_time\" content=\"2025-11-04T16:03:15+00:00\" \/>\n<meta name=\"twitter:card\" content=\"summary_large_image\" \/>\n<meta name=\"twitter:label1\" content=\"Estimation du temps de lecture\" \/>\n\t<meta name=\"twitter:data1\" content=\"1 minute\" \/>\n<script type=\"application\/ld+json\" class=\"yoast-schema-graph\">{\"@context\":\"https:\\\/\\\/schema.org\",\"@graph\":[{\"@type\":\"WebPage\",\"@id\":\"https:\\\/\\\/cssdn.gouv.qc.ca\\\/etiennechartieramitie\\\/a-propos\\\/documentation-et-rapport-annuel\\\/\",\"url\":\"https:\\\/\\\/cssdn.gouv.qc.ca\\\/etiennechartieramitie\\\/a-propos\\\/documentation-et-rapport-annuel\\\/\",\"name\":\"Documentation officielle - \u00c9cole \u00c9tienne-Chartier, de\u00a0l&#039;Amiti\u00e9\",\"isPartOf\":{\"@id\":\"https:\\\/\\\/cssdn.gouv.qc.ca\\\/etiennechartieramitie\\\/#website\"},\"primaryImageOfPage\":{\"@id\":\"https:\\\/\\\/cssdn.gouv.qc.ca\\\/etiennechartieramitie\\\/a-propos\\\/documentation-et-rapport-annuel\\\/#primaryimage\"},\"image\":{\"@id\":\"https:\\\/\\\/cssdn.gouv.qc.ca\\\/etiennechartieramitie\\\/a-propos\\\/documentation-et-rapport-annuel\\\/#primaryimage\"},\"thumbnailUrl\":\"https:\\\/\\\/cssdn.gouv.qc.ca\\\/wp-content\\\/uploads\\\/2022\\\/08\\\/Seawire-Hero-06.jpg\",\"datePublished\":\"2022-11-08T21:07:54+00:00\",\"dateModified\":\"2025-11-04T16:03:15+00:00\",\"breadcrumb\":{\"@id\":\"https:\\\/\\\/cssdn.gouv.qc.ca\\\/etiennechartieramitie\\\/a-propos\\\/documentation-et-rapport-annuel\\\/#breadcrumb\"},\"inLanguage\":\"fr-CA\",\"potentialAction\":[{\"@type\":\"ReadAction\",\"target\":[\"https:\\\/\\\/cssdn.gouv.qc.ca\\\/etiennechartieramitie\\\/a-propos\\\/documentation-et-rapport-annuel\\\/\"]}]},{\"@type\":\"ImageObject\",\"inLanguage\":\"fr-CA\",\"@id\":\"https:\\\/\\\/cssdn.gouv.qc.ca\\\/etiennechartieramitie\\\/a-propos\\\/documentation-et-rapport-annuel\\\/#primaryimage\",\"url\":\"https:\\\/\\\/cssdn.gouv.qc.ca\\\/wp-content\\\/uploads\\\/2022\\\/08\\\/Seawire-Hero-06.jpg\",\"contentUrl\":\"https:\\\/\\\/cssdn.gouv.qc.ca\\\/wp-content\\\/uploads\\\/2022\\\/08\\\/Seawire-Hero-06.jpg\"},{\"@type\":\"BreadcrumbList\",\"@id\":\"https:\\\/\\\/cssdn.gouv.qc.ca\\\/etiennechartieramitie\\\/a-propos\\\/documentation-et-rapport-annuel\\\/#breadcrumb\",\"itemListElement\":[{\"@type\":\"ListItem\",\"position\":1,\"name\":\"Accueil\",\"item\":\"https:\\\/\\\/cssdn.gouv.qc.ca\\\/etiennechartieramitie\\\/\"},{\"@type\":\"ListItem\",\"position\":2,\"name\":\"\u00c0 propos\",\"item\":\"https:\\\/\\\/cssdn.gouv.qc.ca\\\/etiennechartieramitie\\\/a-propos\\\/\"},{\"@type\":\"ListItem\",\"position\":3,\"name\":\"Documentation officielle\"}]},{\"@type\":\"WebSite\",\"@id\":\"https:\\\/\\\/cssdn.gouv.qc.ca\\\/etiennechartieramitie\\\/#website\",\"url\":\"https:\\\/\\\/cssdn.gouv.qc.ca\\\/etiennechartieramitie\\\/\",\"name\":\"\u00c9cole \u00c9tienne-Chartier, de\u00a0l&#039;Amiti\u00e9\",\"description\":\"Un site des centres de services scolaires des Navigateurs\",\"publisher\":{\"@id\":\"https:\\\/\\\/cssdn.gouv.qc.ca\\\/etiennechartieramitie\\\/#organization\"},\"potentialAction\":[{\"@type\":\"SearchAction\",\"target\":{\"@type\":\"EntryPoint\",\"urlTemplate\":\"https:\\\/\\\/cssdn.gouv.qc.ca\\\/etiennechartieramitie\\\/?s={search_term_string}\"},\"query-input\":{\"@type\":\"PropertyValueSpecification\",\"valueRequired\":true,\"valueName\":\"search_term_string\"}}],\"inLanguage\":\"fr-CA\"},{\"@type\":\"Organization\",\"@id\":\"https:\\\/\\\/cssdn.gouv.qc.ca\\\/etiennechartieramitie\\\/#organization\",\"name\":\"\u00c9cole \u00c9tienne-Chartier, de\u00a0l&#039;Amiti\u00e9\",\"url\":\"https:\\\/\\\/cssdn.gouv.qc.ca\\\/etiennechartieramitie\\\/\",\"logo\":{\"@type\":\"ImageObject\",\"inLanguage\":\"fr-CA\",\"@id\":\"https:\\\/\\\/cssdn.gouv.qc.ca\\\/etiennechartieramitie\\\/#\\\/schema\\\/logo\\\/image\\\/\",\"url\":\"https:\\\/\\\/cssdn.gouv.qc.ca\\\/etiennechartieramitie\\\/wp-content\\\/uploads\\\/sites\\\/42\\\/2023\\\/01\\\/logo_quebec.svg\",\"contentUrl\":\"https:\\\/\\\/cssdn.gouv.qc.ca\\\/etiennechartieramitie\\\/wp-content\\\/uploads\\\/sites\\\/42\\\/2023\\\/01\\\/logo_quebec.svg\",\"width\":188,\"height\":41,\"caption\":\"\u00c9cole \u00c9tienne-Chartier, de\u00a0l&#039;Amiti\u00e9\"},\"image\":{\"@id\":\"https:\\\/\\\/cssdn.gouv.qc.ca\\\/etiennechartieramitie\\\/#\\\/schema\\\/logo\\\/image\\\/\"},\"sameAs\":[\"https:\\\/\\\/www.facebook.com\\\/profile.php?id=100068674683135\"]}]}<\/script>\n<!-- \/ Yoast SEO plugin. -->","yoast_head_json":{"title":"Documentation officielle - \u00c9cole \u00c9tienne-Chartier, de\u00a0l&#039;Amiti\u00e9","robots":{"index":"index","follow":"follow","max-snippet":"max-snippet:-1","max-image-preview":"max-image-preview:large","max-video-preview":"max-video-preview:-1"},"canonical":"https:\/\/cssdn.gouv.qc.ca\/etiennechartieramitie\/a-propos\/documentation-et-rapport-annuel\/","og_locale":"fr_CA","og_type":"article","og_title":"Documentation officielle - \u00c9cole \u00c9tienne-Chartier, de\u00a0l&#039;Amiti\u00e9","og_description":"Projet \u00e9ducatif Rapport annuel de gestion du conseil d\u2019\u00e9tablissement Redditions de comptes du projet \u00e9ducatif Plan de lutte contre la violence et l\u2019intimidation \u00e0 l\u2019\u00e9cole Code de vie Document explicatif aux parents et aux \u00e9l\u00e8ves Rapport annuel","og_url":"https:\/\/cssdn.gouv.qc.ca\/etiennechartieramitie\/a-propos\/documentation-et-rapport-annuel\/","og_site_name":"\u00c9cole \u00c9tienne-Chartier, de\u00a0l&#039;Amiti\u00e9","article_publisher":"https:\/\/www.facebook.com\/profile.php?id=100068674683135","article_modified_time":"2025-11-04T16:03:15+00:00","twitter_card":"summary_large_image","twitter_misc":{"Estimation du temps de lecture":"1 minute"},"schema":{"@context":"https:\/\/schema.org","@graph":[{"@type":"WebPage","@id":"https:\/\/cssdn.gouv.qc.ca\/etiennechartieramitie\/a-propos\/documentation-et-rapport-annuel\/","url":"https:\/\/cssdn.gouv.qc.ca\/etiennechartieramitie\/a-propos\/documentation-et-rapport-annuel\/","name":"Documentation officielle - \u00c9cole \u00c9tienne-Chartier, de\u00a0l&#039;Amiti\u00e9","isPartOf":{"@id":"https:\/\/cssdn.gouv.qc.ca\/etiennechartieramitie\/#website"},"primaryImageOfPage":{"@id":"https:\/\/cssdn.gouv.qc.ca\/etiennechartieramitie\/a-propos\/documentation-et-rapport-annuel\/#primaryimage"},"image":{"@id":"https:\/\/cssdn.gouv.qc.ca\/etiennechartieramitie\/a-propos\/documentation-et-rapport-annuel\/#primaryimage"},"thumbnailUrl":"https:\/\/cssdn.gouv.qc.ca\/wp-content\/uploads\/2022\/08\/Seawire-Hero-06.jpg","datePublished":"2022-11-08T21:07:54+00:00","dateModified":"2025-11-04T16:03:15+00:00","breadcrumb":{"@id":"https:\/\/cssdn.gouv.qc.ca\/etiennechartieramitie\/a-propos\/documentation-et-rapport-annuel\/#breadcrumb"},"inLanguage":"fr-CA","potentialAction":[{"@type":"ReadAction","target":["https:\/\/cssdn.gouv.qc.ca\/etiennechartieramitie\/a-propos\/documentation-et-rapport-annuel\/"]}]},{"@type":"ImageObject","inLanguage":"fr-CA","@id":"https:\/\/cssdn.gouv.qc.ca\/etiennechartieramitie\/a-propos\/documentation-et-rapport-annuel\/#primaryimage","url":"https:\/\/cssdn.gouv.qc.ca\/wp-content\/uploads\/2022\/08\/Seawire-Hero-06.jpg","contentUrl":"https:\/\/cssdn.gouv.qc.ca\/wp-content\/uploads\/2022\/08\/Seawire-Hero-06.jpg"},{"@type":"BreadcrumbList","@id":"https:\/\/cssdn.gouv.qc.ca\/etiennechartieramitie\/a-propos\/documentation-et-rapport-annuel\/#breadcrumb","itemListElement":[{"@type":"ListItem","position":1,"name":"Accueil","item":"https:\/\/cssdn.gouv.qc.ca\/etiennechartieramitie\/"},{"@type":"ListItem","position":2,"name":"\u00c0 propos","item":"https:\/\/cssdn.gouv.qc.ca\/etiennechartieramitie\/a-propos\/"},{"@type":"ListItem","position":3,"name":"Documentation officielle"}]},{"@type":"WebSite","@id":"https:\/\/cssdn.gouv.qc.ca\/etiennechartieramitie\/#website","url":"https:\/\/cssdn.gouv.qc.ca\/etiennechartieramitie\/","name":"\u00c9cole \u00c9tienne-Chartier, de\u00a0l&#039;Amiti\u00e9","description":"Un site des centres de services scolaires des Navigateurs","publisher":{"@id":"https:\/\/cssdn.gouv.qc.ca\/etiennechartieramitie\/#organization"},"potentialAction":[{"@type":"SearchAction","target":{"@type":"EntryPoint","urlTemplate":"https:\/\/cssdn.gouv.qc.ca\/etiennechartieramitie\/?s={search_term_string}"},"query-input":{"@type":"PropertyValueSpecification","valueRequired":true,"valueName":"search_term_string"}}],"inLanguage":"fr-CA"},{"@type":"Organization","@id":"https:\/\/cssdn.gouv.qc.ca\/etiennechartieramitie\/#organization","name":"\u00c9cole \u00c9tienne-Chartier, de\u00a0l&#039;Amiti\u00e9","url":"https:\/\/cssdn.gouv.qc.ca\/etiennechartieramitie\/","logo":{"@type":"ImageObject","inLanguage":"fr-CA","@id":"https:\/\/cssdn.gouv.qc.ca\/etiennechartieramitie\/#\/schema\/logo\/image\/","url":"https:\/\/cssdn.gouv.qc.ca\/etiennechartieramitie\/wp-content\/uploads\/sites\/42\/2023\/01\/logo_quebec.svg","contentUrl":"https:\/\/cssdn.gouv.qc.ca\/etiennechartieramitie\/wp-content\/uploads\/sites\/42\/2023\/01\/logo_quebec.svg","width":188,"height":41,"caption":"\u00c9cole \u00c9tienne-Chartier, de\u00a0l&#039;Amiti\u00e9"},"image":{"@id":"https:\/\/cssdn.gouv.qc.ca\/etiennechartieramitie\/#\/schema\/logo\/image\/"},"sameAs":["https:\/\/www.facebook.com\/profile.php?id=100068674683135"]}]}},"publishpress_future_action":{"enabled":false,"date":"2026-04-26 02:50:26","action":"change-status","newStatus":"draft","terms":[],"taxonomy":"category","extraData":[]},"publishpress_future_workflow_manual_trigger":{"enabledWorkflows":[]},"_links":{"self":[{"href":"https:\/\/cssdn.gouv.qc.ca\/etiennechartieramitie\/wp-json\/wp\/v2\/pages\/11","targetHints":{"allow":["GET"]}}],"collection":[{"href":"https:\/\/cssdn.gouv.qc.ca\/etiennechartieramitie\/wp-json\/wp\/v2\/pages"}],"about":[{"href":"https:\/\/cssdn.gouv.qc.ca\/etiennechartieramitie\/wp-json\/wp\/v2\/types\/page"}],"author":[{"embeddable":true,"href":"https:\/\/cssdn.gouv.qc.ca\/etiennechartieramitie\/wp-json\/wp\/v2\/users\/1"}],"replies":[{"embeddable":true,"href":"https:\/\/cssdn.gouv.qc.ca\/etiennechartieramitie\/wp-json\/wp\/v2\/comments?post=11"}],"version-history":[{"count":0,"href":"https:\/\/cssdn.gouv.qc.ca\/etiennechartieramitie\/wp-json\/wp\/v2\/pages\/11\/revisions"}],"up":[{"embeddable":true,"href":"https:\/\/cssdn.gouv.qc.ca\/etiennechartieramitie\/wp-json\/wp\/v2\/pages\/6"}],"wp:attachment":[{"href":"https:\/\/cssdn.gouv.qc.ca\/etiennechartieramitie\/wp-json\/wp\/v2\/media?parent=11"}],"wp:term":[{"taxonomy":"category","embeddable":true,"href":"https:\/\/cssdn.gouv.qc.ca\/etiennechartieramitie\/wp-json\/wp\/v2\/categories?post=11"},{"taxonomy":"post_tag","embeddable":true,"href":"https:\/\/cssdn.gouv.qc.ca\/etiennechartieramitie\/wp-json\/wp\/v2\/tags?post=11"}],"curies":[{"name":"wp","href":"https:\/\/api.w.org\/{rel}","templated":true}]}}