
{"id":14,"date":"2022-11-08T16:07:55","date_gmt":"2022-11-08T21:07:55","guid":{"rendered":"https:\/\/cssdn.gouv.qc.ca\/etiennechartieramitie\/informations-aux-parents\/renseignements-generaux\/"},"modified":"2025-08-28T09:38:46","modified_gmt":"2025-08-28T13:38:46","slug":"renseignements-generaux","status":"publish","type":"page","link":"https:\/\/cssdn.gouv.qc.ca\/etiennechartieramitie\/informations-aux-parents\/renseignements-generaux\/","title":{"rendered":"Renseignements g\u00e9n\u00e9raux"},"content":{"rendered":"\n<div class=\"wp-block-cover alignfull is-light is-style-title-banner\"><img decoding=\"async\" class=\"wp-block-cover__image-background wp-image-111 lazyload\" alt=\"\" data-src=\"https:\/\/cssdn.gouv.qc.ca\/wp-content\/uploads\/2022\/08\/Seawire-Hero-06.jpg\" data-object-fit=\"cover\" src=\"data:image\/svg+xml;base64,PHN2ZyB3aWR0aD0iMSIgaGVpZ2h0PSIxIiB4bWxucz0iaHR0cDovL3d3dy53My5vcmcvMjAwMC9zdmciPjwvc3ZnPg==\" \/><span aria-hidden=\"true\" class=\"wp-block-cover__background has-primary-background-color has-background-dim\"><\/span><div class=\"wp-block-cover__inner-container\"><h3 class=\"wp-block-post-title\">Renseignements g\u00e9n\u00e9raux<\/h3><\/div><\/div>\n\n\n\n<div class=\"wp-block-group alignfull has-padding-y-large has-secondary-background-color has-background\"><div class=\"yoast-breadcrumbs alignwide \"><span class=\"breadcrumbs\"><a href=\"https:\/\/cssdn.gouv.qc.ca\/etiennechartieramitie\/\" class=\"breadcrumbs__element\">Accueil<\/a> <span class=\"breadcrumbs__separator\">\n        <svg class=\"icon icon-breadcrumb__separator\"><use xlink:href=\"#icon-breadcrumb__separator\"><\/use><\/svg>\n    <\/span> <a href=\"https:\/\/cssdn.gouv.qc.ca\/etiennechartieramitie\/informations-aux-parents\/\" class=\"breadcrumbs__element\">Informations aux parents<\/a> <span class=\"breadcrumbs__separator\">\n        <svg class=\"icon icon-breadcrumb__separator\"><use xlink:href=\"#icon-breadcrumb__separator\"><\/use><\/svg>\n    <\/span> <span class=\"breadcrumbs__element breadcrumbs__element-current\">Renseignements g\u00e9n\u00e9raux<\/span><\/span><\/div><\/div>\n\n\n\n<h4 class=\"wp-block-heading\">Horaire<\/h4>\n\n\n\n<div class=\"wp-block-file\"><a id=\"wp-block-file--media-8bd9e21e-340d-44f4-a3bd-f65b083ac6d2\" href=\"https:\/\/cssdn.gouv.qc.ca\/etiennechartieramitie\/wp-content\/uploads\/sites\/42\/2023\/08\/Horaire-Amitie-1.pdf\">Horaire Amiti\u00e9<\/a><a href=\"https:\/\/cssdn.gouv.qc.ca\/etiennechartieramitie\/wp-content\/uploads\/sites\/42\/2023\/08\/Horaire-Amitie-1.pdf\" class=\"wp-block-file__button wp-element-button\" download aria-describedby=\"wp-block-file--media-8bd9e21e-340d-44f4-a3bd-f65b083ac6d2\">Download<\/a><\/div>\n\n\n\n<div class=\"wp-block-file\"><a id=\"wp-block-file--media-e53c61f2-2b9b-4335-b5f4-0a71c36eae2a\" href=\"https:\/\/cssdn.gouv.qc.ca\/etiennechartieramitie\/wp-content\/uploads\/sites\/42\/2025\/08\/Horaire-Etienne-Chartier-Copie.pdf\">Horaire Etienne-Chartier<\/a><a href=\"https:\/\/cssdn.gouv.qc.ca\/etiennechartieramitie\/wp-content\/uploads\/sites\/42\/2025\/08\/Horaire-Etienne-Chartier-Copie.pdf\" class=\"wp-block-file__button wp-element-button\" download aria-describedby=\"wp-block-file--media-e53c61f2-2b9b-4335-b5f4-0a71c36eae2a\">Download<\/a><\/div>\n\n\n\n<p class=\"wp-block-paragraph\"><strong>Calendrier scolaire 2024-2025<\/strong><\/p>\n\n\n\n<div class=\"wp-block-file\"><a id=\"wp-block-file--media-db1daf56-d100-46c1-acd5-3da1781acf56\" href=\"https:\/\/cssdn.gouv.qc.ca\/etiennechartieramitie\/wp-content\/uploads\/sites\/42\/2025\/07\/Calendrier-PRIMAIRE-2025-2026-CSSDN_-Version-officielle-1-1.pdf\">Calendrier scolaire 2025-2026<\/a><a href=\"https:\/\/cssdn.gouv.qc.ca\/etiennechartieramitie\/wp-content\/uploads\/sites\/42\/2025\/07\/Calendrier-PRIMAIRE-2025-2026-CSSDN_-Version-officielle-1-1.pdf\" class=\"wp-block-file__button wp-element-button\" download aria-describedby=\"wp-block-file--media-db1daf56-d100-46c1-acd5-3da1781acf56\">T\u00e9l\u00e9charger<\/a><\/div>\n\n\n\n<h5 class=\"wp-block-heading\">Info-temp\u00eates<\/h5>\n\n\n\n<div class=\"wp-block-file\"><a id=\"wp-block-file--media-ef942406-af81-4659-abb3-e626b35cccae\" href=\"https:\/\/cssdn.gouv.qc.ca\/etiennechartieramitie\/wp-content\/uploads\/sites\/42\/2023\/01\/Tempete.pdf\">Info-temp\u00eates<\/a><\/div>\n\n\n\n<h5 class=\"wp-block-heading\">Ressources pour les parents<\/h5>\n\n\n\n<p class=\"wp-block-paragraph\"><a href=\"https:\/\/sites.google.com\/cssdn.gouv.qc.ca\/ergo\/accueil\">Ergoth\u00e9rapie CSSDN (google.com)<\/a><\/p>\n\n\n\n<h2 class=\"wp-block-heading\">Transport scolaire 2024-2025<\/h2>\n\n\n\n<figure class=\"wp-block-embed is-type-wp-embed is-provider-cssdn wp-block-embed-cssdn\"><div class=\"wp-block-embed__wrapper\">\n<blockquote class=\"wp-embedded-content\" data-secret=\"s8Vbk28tMb\"><a href=\"https:\/\/cssdn.gouv.qc.ca\/parents-et-eleves\/transport-scolaire\/\">Transport scolaire<\/a><\/blockquote><iframe class=\"wp-embedded-content lazyload\" sandbox=\"allow-scripts\" security=\"restricted\" style=\"position: absolute; visibility: hidden;\" title=\"&laquo; Transport scolaire &raquo; &#8212; CSSDN\" data-src=\"https:\/\/cssdn.gouv.qc.ca\/parents-et-eleves\/transport-scolaire\/embed\/#?secret=qDZtHMu3Gv#?secret=s8Vbk28tMb\" data-secret=\"s8Vbk28tMb\" width=\"500\" height=\"282\" frameborder=\"0\" marginwidth=\"0\" marginheight=\"0\" scrolling=\"no\" src=\"data:image\/svg+xml;base64,PHN2ZyB3aWR0aD0iMSIgaGVpZ2h0PSIxIiB4bWxucz0iaHR0cDovL3d3dy53My5vcmcvMjAwMC9zdmciPjwvc3ZnPg==\" data-load-mode=\"1\"><\/iframe>\n<\/div><\/figure>\n","protected":false},"excerpt":{"rendered":"<p>Horaire Calendrier scolaire 2024-2025 Info-temp\u00eates Ressources pour les parents Ergoth\u00e9rapie CSSDN (google.com) Transport scolaire 2024-2025<\/p>\n","protected":false},"author":1,"featured_media":0,"parent":13,"menu_order":0,"comment_status":"closed","ping_status":"closed","template":"","meta":{"_acf_changed":false,"_crdt_document":"","inline_featured_image":false,"footnotes":""},"categories":[],"tags":[],"class_list":["post-14","page","type-page","status-publish","hentry"],"acf":[],"yoast_head":"<!-- This site is optimized with the Yoast SEO plugin v27.4 - https:\/\/yoast.com\/product\/yoast-seo-wordpress\/ -->\n<title>Renseignements g\u00e9n\u00e9raux - \u00c9cole \u00c9tienne-Chartier, de\u00a0l&#039;Amiti\u00e9<\/title>\n<meta name=\"robots\" content=\"index, follow, max-snippet:-1, max-image-preview:large, max-video-preview:-1\" \/>\n<link rel=\"canonical\" href=\"https:\/\/cssdn.gouv.qc.ca\/etiennechartieramitie\/informations-aux-parents\/renseignements-generaux\/\" \/>\n<meta property=\"og:locale\" content=\"fr_CA\" \/>\n<meta property=\"og:type\" content=\"article\" \/>\n<meta property=\"og:title\" content=\"Renseignements g\u00e9n\u00e9raux - \u00c9cole \u00c9tienne-Chartier, de\u00a0l&#039;Amiti\u00e9\" \/>\n<meta property=\"og:description\" content=\"Horaire Calendrier scolaire 2024-2025 Info-temp\u00eates Ressources pour les parents Ergoth\u00e9rapie CSSDN (google.com) Transport scolaire 2024-2025\" \/>\n<meta property=\"og:url\" content=\"https:\/\/cssdn.gouv.qc.ca\/etiennechartieramitie\/informations-aux-parents\/renseignements-generaux\/\" \/>\n<meta property=\"og:site_name\" content=\"\u00c9cole \u00c9tienne-Chartier, de\u00a0l&#039;Amiti\u00e9\" \/>\n<meta property=\"article:publisher\" content=\"https:\/\/www.facebook.com\/profile.php?id=100068674683135\" \/>\n<meta property=\"article:modified_time\" content=\"2025-08-28T13:38:46+00:00\" \/>\n<meta name=\"twitter:card\" content=\"summary_large_image\" \/>\n<meta name=\"twitter:label1\" content=\"Estimation du temps de lecture\" \/>\n\t<meta name=\"twitter:data1\" content=\"1 minute\" \/>\n<script type=\"application\/ld+json\" class=\"yoast-schema-graph\">{\"@context\":\"https:\\\/\\\/schema.org\",\"@graph\":[{\"@type\":\"WebPage\",\"@id\":\"https:\\\/\\\/cssdn.gouv.qc.ca\\\/etiennechartieramitie\\\/informations-aux-parents\\\/renseignements-generaux\\\/\",\"url\":\"https:\\\/\\\/cssdn.gouv.qc.ca\\\/etiennechartieramitie\\\/informations-aux-parents\\\/renseignements-generaux\\\/\",\"name\":\"Renseignements g\u00e9n\u00e9raux - \u00c9cole \u00c9tienne-Chartier, de\u00a0l&#039;Amiti\u00e9\",\"isPartOf\":{\"@id\":\"https:\\\/\\\/cssdn.gouv.qc.ca\\\/etiennechartieramitie\\\/#website\"},\"primaryImageOfPage\":{\"@id\":\"https:\\\/\\\/cssdn.gouv.qc.ca\\\/etiennechartieramitie\\\/informations-aux-parents\\\/renseignements-generaux\\\/#primaryimage\"},\"image\":{\"@id\":\"https:\\\/\\\/cssdn.gouv.qc.ca\\\/etiennechartieramitie\\\/informations-aux-parents\\\/renseignements-generaux\\\/#primaryimage\"},\"thumbnailUrl\":\"https:\\\/\\\/cssdn.gouv.qc.ca\\\/wp-content\\\/uploads\\\/2022\\\/08\\\/Seawire-Hero-06.jpg\",\"datePublished\":\"2022-11-08T21:07:55+00:00\",\"dateModified\":\"2025-08-28T13:38:46+00:00\",\"breadcrumb\":{\"@id\":\"https:\\\/\\\/cssdn.gouv.qc.ca\\\/etiennechartieramitie\\\/informations-aux-parents\\\/renseignements-generaux\\\/#breadcrumb\"},\"inLanguage\":\"fr-CA\",\"potentialAction\":[{\"@type\":\"ReadAction\",\"target\":[\"https:\\\/\\\/cssdn.gouv.qc.ca\\\/etiennechartieramitie\\\/informations-aux-parents\\\/renseignements-generaux\\\/\"]}]},{\"@type\":\"ImageObject\",\"inLanguage\":\"fr-CA\",\"@id\":\"https:\\\/\\\/cssdn.gouv.qc.ca\\\/etiennechartieramitie\\\/informations-aux-parents\\\/renseignements-generaux\\\/#primaryimage\",\"url\":\"https:\\\/\\\/cssdn.gouv.qc.ca\\\/wp-content\\\/uploads\\\/2022\\\/08\\\/Seawire-Hero-06.jpg\",\"contentUrl\":\"https:\\\/\\\/cssdn.gouv.qc.ca\\\/wp-content\\\/uploads\\\/2022\\\/08\\\/Seawire-Hero-06.jpg\"},{\"@type\":\"BreadcrumbList\",\"@id\":\"https:\\\/\\\/cssdn.gouv.qc.ca\\\/etiennechartieramitie\\\/informations-aux-parents\\\/renseignements-generaux\\\/#breadcrumb\",\"itemListElement\":[{\"@type\":\"ListItem\",\"position\":1,\"name\":\"Accueil\",\"item\":\"https:\\\/\\\/cssdn.gouv.qc.ca\\\/etiennechartieramitie\\\/\"},{\"@type\":\"ListItem\",\"position\":2,\"name\":\"Informations aux parents\",\"item\":\"https:\\\/\\\/cssdn.gouv.qc.ca\\\/etiennechartieramitie\\\/informations-aux-parents\\\/\"},{\"@type\":\"ListItem\",\"position\":3,\"name\":\"Renseignements g\u00e9n\u00e9raux\"}]},{\"@type\":\"WebSite\",\"@id\":\"https:\\\/\\\/cssdn.gouv.qc.ca\\\/etiennechartieramitie\\\/#website\",\"url\":\"https:\\\/\\\/cssdn.gouv.qc.ca\\\/etiennechartieramitie\\\/\",\"name\":\"\u00c9cole \u00c9tienne-Chartier, de\u00a0l&#039;Amiti\u00e9\",\"description\":\"Un site des centres de services scolaires des Navigateurs\",\"publisher\":{\"@id\":\"https:\\\/\\\/cssdn.gouv.qc.ca\\\/etiennechartieramitie\\\/#organization\"},\"potentialAction\":[{\"@type\":\"SearchAction\",\"target\":{\"@type\":\"EntryPoint\",\"urlTemplate\":\"https:\\\/\\\/cssdn.gouv.qc.ca\\\/etiennechartieramitie\\\/?s={search_term_string}\"},\"query-input\":{\"@type\":\"PropertyValueSpecification\",\"valueRequired\":true,\"valueName\":\"search_term_string\"}}],\"inLanguage\":\"fr-CA\"},{\"@type\":\"Organization\",\"@id\":\"https:\\\/\\\/cssdn.gouv.qc.ca\\\/etiennechartieramitie\\\/#organization\",\"name\":\"\u00c9cole \u00c9tienne-Chartier, de\u00a0l&#039;Amiti\u00e9\",\"url\":\"https:\\\/\\\/cssdn.gouv.qc.ca\\\/etiennechartieramitie\\\/\",\"logo\":{\"@type\":\"ImageObject\",\"inLanguage\":\"fr-CA\",\"@id\":\"https:\\\/\\\/cssdn.gouv.qc.ca\\\/etiennechartieramitie\\\/#\\\/schema\\\/logo\\\/image\\\/\",\"url\":\"https:\\\/\\\/cssdn.gouv.qc.ca\\\/etiennechartieramitie\\\/wp-content\\\/uploads\\\/sites\\\/42\\\/2023\\\/01\\\/logo_quebec.svg\",\"contentUrl\":\"https:\\\/\\\/cssdn.gouv.qc.ca\\\/etiennechartieramitie\\\/wp-content\\\/uploads\\\/sites\\\/42\\\/2023\\\/01\\\/logo_quebec.svg\",\"width\":188,\"height\":41,\"caption\":\"\u00c9cole \u00c9tienne-Chartier, de\u00a0l&#039;Amiti\u00e9\"},\"image\":{\"@id\":\"https:\\\/\\\/cssdn.gouv.qc.ca\\\/etiennechartieramitie\\\/#\\\/schema\\\/logo\\\/image\\\/\"},\"sameAs\":[\"https:\\\/\\\/www.facebook.com\\\/profile.php?id=100068674683135\"]}]}<\/script>\n<!-- \/ Yoast SEO plugin. -->","yoast_head_json":{"title":"Renseignements g\u00e9n\u00e9raux - \u00c9cole \u00c9tienne-Chartier, de\u00a0l&#039;Amiti\u00e9","robots":{"index":"index","follow":"follow","max-snippet":"max-snippet:-1","max-image-preview":"max-image-preview:large","max-video-preview":"max-video-preview:-1"},"canonical":"https:\/\/cssdn.gouv.qc.ca\/etiennechartieramitie\/informations-aux-parents\/renseignements-generaux\/","og_locale":"fr_CA","og_type":"article","og_title":"Renseignements g\u00e9n\u00e9raux - \u00c9cole \u00c9tienne-Chartier, de\u00a0l&#039;Amiti\u00e9","og_description":"Horaire Calendrier scolaire 2024-2025 Info-temp\u00eates Ressources pour les parents Ergoth\u00e9rapie CSSDN (google.com) Transport scolaire 2024-2025","og_url":"https:\/\/cssdn.gouv.qc.ca\/etiennechartieramitie\/informations-aux-parents\/renseignements-generaux\/","og_site_name":"\u00c9cole \u00c9tienne-Chartier, de\u00a0l&#039;Amiti\u00e9","article_publisher":"https:\/\/www.facebook.com\/profile.php?id=100068674683135","article_modified_time":"2025-08-28T13:38:46+00:00","twitter_card":"summary_large_image","twitter_misc":{"Estimation du temps de lecture":"1 minute"},"schema":{"@context":"https:\/\/schema.org","@graph":[{"@type":"WebPage","@id":"https:\/\/cssdn.gouv.qc.ca\/etiennechartieramitie\/informations-aux-parents\/renseignements-generaux\/","url":"https:\/\/cssdn.gouv.qc.ca\/etiennechartieramitie\/informations-aux-parents\/renseignements-generaux\/","name":"Renseignements g\u00e9n\u00e9raux - \u00c9cole \u00c9tienne-Chartier, de\u00a0l&#039;Amiti\u00e9","isPartOf":{"@id":"https:\/\/cssdn.gouv.qc.ca\/etiennechartieramitie\/#website"},"primaryImageOfPage":{"@id":"https:\/\/cssdn.gouv.qc.ca\/etiennechartieramitie\/informations-aux-parents\/renseignements-generaux\/#primaryimage"},"image":{"@id":"https:\/\/cssdn.gouv.qc.ca\/etiennechartieramitie\/informations-aux-parents\/renseignements-generaux\/#primaryimage"},"thumbnailUrl":"https:\/\/cssdn.gouv.qc.ca\/wp-content\/uploads\/2022\/08\/Seawire-Hero-06.jpg","datePublished":"2022-11-08T21:07:55+00:00","dateModified":"2025-08-28T13:38:46+00:00","breadcrumb":{"@id":"https:\/\/cssdn.gouv.qc.ca\/etiennechartieramitie\/informations-aux-parents\/renseignements-generaux\/#breadcrumb"},"inLanguage":"fr-CA","potentialAction":[{"@type":"ReadAction","target":["https:\/\/cssdn.gouv.qc.ca\/etiennechartieramitie\/informations-aux-parents\/renseignements-generaux\/"]}]},{"@type":"ImageObject","inLanguage":"fr-CA","@id":"https:\/\/cssdn.gouv.qc.ca\/etiennechartieramitie\/informations-aux-parents\/renseignements-generaux\/#primaryimage","url":"https:\/\/cssdn.gouv.qc.ca\/wp-content\/uploads\/2022\/08\/Seawire-Hero-06.jpg","contentUrl":"https:\/\/cssdn.gouv.qc.ca\/wp-content\/uploads\/2022\/08\/Seawire-Hero-06.jpg"},{"@type":"BreadcrumbList","@id":"https:\/\/cssdn.gouv.qc.ca\/etiennechartieramitie\/informations-aux-parents\/renseignements-generaux\/#breadcrumb","itemListElement":[{"@type":"ListItem","position":1,"name":"Accueil","item":"https:\/\/cssdn.gouv.qc.ca\/etiennechartieramitie\/"},{"@type":"ListItem","position":2,"name":"Informations aux parents","item":"https:\/\/cssdn.gouv.qc.ca\/etiennechartieramitie\/informations-aux-parents\/"},{"@type":"ListItem","position":3,"name":"Renseignements g\u00e9n\u00e9raux"}]},{"@type":"WebSite","@id":"https:\/\/cssdn.gouv.qc.ca\/etiennechartieramitie\/#website","url":"https:\/\/cssdn.gouv.qc.ca\/etiennechartieramitie\/","name":"\u00c9cole \u00c9tienne-Chartier, de\u00a0l&#039;Amiti\u00e9","description":"Un site des centres de services scolaires des Navigateurs","publisher":{"@id":"https:\/\/cssdn.gouv.qc.ca\/etiennechartieramitie\/#organization"},"potentialAction":[{"@type":"SearchAction","target":{"@type":"EntryPoint","urlTemplate":"https:\/\/cssdn.gouv.qc.ca\/etiennechartieramitie\/?s={search_term_string}"},"query-input":{"@type":"PropertyValueSpecification","valueRequired":true,"valueName":"search_term_string"}}],"inLanguage":"fr-CA"},{"@type":"Organization","@id":"https:\/\/cssdn.gouv.qc.ca\/etiennechartieramitie\/#organization","name":"\u00c9cole \u00c9tienne-Chartier, de\u00a0l&#039;Amiti\u00e9","url":"https:\/\/cssdn.gouv.qc.ca\/etiennechartieramitie\/","logo":{"@type":"ImageObject","inLanguage":"fr-CA","@id":"https:\/\/cssdn.gouv.qc.ca\/etiennechartieramitie\/#\/schema\/logo\/image\/","url":"https:\/\/cssdn.gouv.qc.ca\/etiennechartieramitie\/wp-content\/uploads\/sites\/42\/2023\/01\/logo_quebec.svg","contentUrl":"https:\/\/cssdn.gouv.qc.ca\/etiennechartieramitie\/wp-content\/uploads\/sites\/42\/2023\/01\/logo_quebec.svg","width":188,"height":41,"caption":"\u00c9cole \u00c9tienne-Chartier, de\u00a0l&#039;Amiti\u00e9"},"image":{"@id":"https:\/\/cssdn.gouv.qc.ca\/etiennechartieramitie\/#\/schema\/logo\/image\/"},"sameAs":["https:\/\/www.facebook.com\/profile.php?id=100068674683135"]}]}},"publishpress_future_action":{"enabled":false,"date":"2026-04-26 02:55:46","action":"change-status","newStatus":"draft","terms":[],"taxonomy":"category","extraData":[]},"publishpress_future_workflow_manual_trigger":{"enabledWorkflows":[]},"_links":{"self":[{"href":"https:\/\/cssdn.gouv.qc.ca\/etiennechartieramitie\/wp-json\/wp\/v2\/pages\/14","targetHints":{"allow":["GET"]}}],"collection":[{"href":"https:\/\/cssdn.gouv.qc.ca\/etiennechartieramitie\/wp-json\/wp\/v2\/pages"}],"about":[{"href":"https:\/\/cssdn.gouv.qc.ca\/etiennechartieramitie\/wp-json\/wp\/v2\/types\/page"}],"author":[{"embeddable":true,"href":"https:\/\/cssdn.gouv.qc.ca\/etiennechartieramitie\/wp-json\/wp\/v2\/users\/1"}],"replies":[{"embeddable":true,"href":"https:\/\/cssdn.gouv.qc.ca\/etiennechartieramitie\/wp-json\/wp\/v2\/comments?post=14"}],"version-history":[{"count":0,"href":"https:\/\/cssdn.gouv.qc.ca\/etiennechartieramitie\/wp-json\/wp\/v2\/pages\/14\/revisions"}],"up":[{"embeddable":true,"href":"https:\/\/cssdn.gouv.qc.ca\/etiennechartieramitie\/wp-json\/wp\/v2\/pages\/13"}],"wp:attachment":[{"href":"https:\/\/cssdn.gouv.qc.ca\/etiennechartieramitie\/wp-json\/wp\/v2\/media?parent=14"}],"wp:term":[{"taxonomy":"category","embeddable":true,"href":"https:\/\/cssdn.gouv.qc.ca\/etiennechartieramitie\/wp-json\/wp\/v2\/categories?post=14"},{"taxonomy":"post_tag","embeddable":true,"href":"https:\/\/cssdn.gouv.qc.ca\/etiennechartieramitie\/wp-json\/wp\/v2\/tags?post=14"}],"curies":[{"name":"wp","href":"https:\/\/api.w.org\/{rel}","templated":true}]}}