
{"id":17,"date":"2022-11-08T16:07:56","date_gmt":"2022-11-08T21:07:56","guid":{"rendered":"https:\/\/cssdn.gouv.qc.ca\/etoile\/vie-scolaire\/"},"modified":"2024-04-29T15:10:58","modified_gmt":"2024-04-29T19:10:58","slug":"vie-scolaire","status":"publish","type":"page","link":"https:\/\/cssdn.gouv.qc.ca\/etoile\/vie-scolaire\/","title":{"rendered":"Vie scolaire"},"content":{"rendered":"\n<div class=\"wp-block-cover alignfull is-light is-style-title-banner\"><span aria-hidden=\"true\" class=\"wp-block-cover__background has-primary-background-color has-background-dim\"><\/span><img decoding=\"async\" class=\"wp-block-cover__image-background wp-image-111 lazyload\" alt=\"\" data-src=\"https:\/\/stage.cssdn.gouv.qc.ca\/wp-content\/uploads\/2022\/08\/Seawire-Hero-06.jpg\" data-object-fit=\"cover\" src=\"data:image\/svg+xml;base64,PHN2ZyB3aWR0aD0iMSIgaGVpZ2h0PSIxIiB4bWxucz0iaHR0cDovL3d3dy53My5vcmcvMjAwMC9zdmciPjwvc3ZnPg==\" \/><div class=\"wp-block-cover__inner-container\"><h3 class=\"wp-block-post-title\">Vie scolaire<\/h3><\/div><\/div>\n\n\n\n<div class=\"wp-block-group alignfull has-padding-y-large has-secondary-background-color has-background\"><div class=\"yoast-breadcrumbs alignwide \"><span class=\"breadcrumbs\"><a href=\"https:\/\/cssdn.gouv.qc.ca\/etoile\/\" class=\"breadcrumbs__element\">Accueil<\/a> <span class=\"breadcrumbs__separator\">\n        <svg class=\"icon icon-breadcrumb__separator\"><use xlink:href=\"#icon-breadcrumb__separator\"><\/use><\/svg>\n    <\/span> <span class=\"breadcrumbs__element breadcrumbs__element-current\">Vie scolaire<\/span><\/span><\/div>\n\n\n<h2 class=\"wp-block-heading\">Correspondance scolaire<\/h2>\n\n\n\n<pre class=\"wp-block-preformatted\"><\/pre>\n\n\n\n\n\n\n\n<p>Les \u00e9l\u00e8ves de la classe de Kim Blouin en 5-6e ann\u00e9e font de la correspondance scolaire avec une classe de 5-6e ann\u00e9e de Normandin au Lac-Saint-Jean.\u00a0<\/p>\n\n\n\n<div class=\"wp-block-columns\">\n<div class=\"wp-block-column\">\n<figure class=\"wp-block-image size-large\"><img decoding=\"async\" width=\"1024\" height=\"768\" data-src=\"https:\/\/cssdn.gouv.qc.ca\/etoile\/wp-content\/uploads\/sites\/43\/2024\/04\/IMG_0575-1024x768.jpg\" alt=\"\" class=\"wp-image-5664 lazyload\" data-srcset=\"https:\/\/cssdn.gouv.qc.ca\/etoile\/wp-content\/uploads\/sites\/43\/2024\/04\/IMG_0575-1024x768.jpg 1024w, https:\/\/cssdn.gouv.qc.ca\/etoile\/wp-content\/uploads\/sites\/43\/2024\/04\/IMG_0575-300x225.jpg 300w, https:\/\/cssdn.gouv.qc.ca\/etoile\/wp-content\/uploads\/sites\/43\/2024\/04\/IMG_0575-768x576.jpg 768w, https:\/\/cssdn.gouv.qc.ca\/etoile\/wp-content\/uploads\/sites\/43\/2024\/04\/IMG_0575-1536x1152.jpg 1536w, https:\/\/cssdn.gouv.qc.ca\/etoile\/wp-content\/uploads\/sites\/43\/2024\/04\/IMG_0575-2048x1536.jpg 2048w\" data-sizes=\"(max-width: 1024px) 100vw, 1024px\" src=\"data:image\/svg+xml;base64,PHN2ZyB3aWR0aD0iMSIgaGVpZ2h0PSIxIiB4bWxucz0iaHR0cDovL3d3dy53My5vcmcvMjAwMC9zdmciPjwvc3ZnPg==\" style=\"--smush-placeholder-width: 1024px; --smush-placeholder-aspect-ratio: 1024\/768;\" \/><\/figure>\n<\/div>\n\n\n\n<div class=\"wp-block-column\">\n<figure class=\"wp-block-image size-large\"><img decoding=\"async\" width=\"1024\" height=\"768\" data-src=\"https:\/\/cssdn.gouv.qc.ca\/etoile\/wp-content\/uploads\/sites\/43\/2024\/04\/IMG_0776-1024x768.jpg\" alt=\"\" class=\"wp-image-5665 lazyload\" data-srcset=\"https:\/\/cssdn.gouv.qc.ca\/etoile\/wp-content\/uploads\/sites\/43\/2024\/04\/IMG_0776-1024x768.jpg 1024w, https:\/\/cssdn.gouv.qc.ca\/etoile\/wp-content\/uploads\/sites\/43\/2024\/04\/IMG_0776-300x225.jpg 300w, https:\/\/cssdn.gouv.qc.ca\/etoile\/wp-content\/uploads\/sites\/43\/2024\/04\/IMG_0776-768x576.jpg 768w, https:\/\/cssdn.gouv.qc.ca\/etoile\/wp-content\/uploads\/sites\/43\/2024\/04\/IMG_0776-1536x1152.jpg 1536w, https:\/\/cssdn.gouv.qc.ca\/etoile\/wp-content\/uploads\/sites\/43\/2024\/04\/IMG_0776-2048x1536.jpg 2048w\" data-sizes=\"(max-width: 1024px) 100vw, 1024px\" src=\"data:image\/svg+xml;base64,PHN2ZyB3aWR0aD0iMSIgaGVpZ2h0PSIxIiB4bWxucz0iaHR0cDovL3d3dy53My5vcmcvMjAwMC9zdmciPjwvc3ZnPg==\" style=\"--smush-placeholder-width: 1024px; --smush-placeholder-aspect-ratio: 1024\/768;\" \/><\/figure>\n<\/div>\n\n\n\n<div class=\"wp-block-column\">\n<figure class=\"wp-block-image size-large\"><img decoding=\"async\" width=\"1024\" height=\"768\" data-src=\"https:\/\/cssdn.gouv.qc.ca\/etoile\/wp-content\/uploads\/sites\/43\/2024\/04\/IMG_0778-2-1024x768.jpg\" alt=\"\" class=\"wp-image-5669 lazyload\" data-srcset=\"https:\/\/cssdn.gouv.qc.ca\/etoile\/wp-content\/uploads\/sites\/43\/2024\/04\/IMG_0778-2-1024x768.jpg 1024w, https:\/\/cssdn.gouv.qc.ca\/etoile\/wp-content\/uploads\/sites\/43\/2024\/04\/IMG_0778-2-300x225.jpg 300w, https:\/\/cssdn.gouv.qc.ca\/etoile\/wp-content\/uploads\/sites\/43\/2024\/04\/IMG_0778-2-768x576.jpg 768w, https:\/\/cssdn.gouv.qc.ca\/etoile\/wp-content\/uploads\/sites\/43\/2024\/04\/IMG_0778-2-1536x1152.jpg 1536w, https:\/\/cssdn.gouv.qc.ca\/etoile\/wp-content\/uploads\/sites\/43\/2024\/04\/IMG_0778-2-2048x1536.jpg 2048w\" data-sizes=\"(max-width: 1024px) 100vw, 1024px\" src=\"data:image\/svg+xml;base64,PHN2ZyB3aWR0aD0iMSIgaGVpZ2h0PSIxIiB4bWxucz0iaHR0cDovL3d3dy53My5vcmcvMjAwMC9zdmciPjwvc3ZnPg==\" style=\"--smush-placeholder-width: 1024px; --smush-placeholder-aspect-ratio: 1024\/768;\" \/><\/figure>\n<\/div>\n<\/div>\n\n\n\n<h2 class=\"wp-block-heading\">Bracelet express<\/h2>\n\n\n\n<p>Projet entrepreneurial de la classe de Karine Lemay en 2e ann\u00e9e. Karine et les \u00e9l\u00e8ves\u00a0ont remport\u00e9 le titre de laur\u00e9at local dans la cat\u00e9gorie <em>Primaire 1<sup>er <\/sup>cycle<\/em> du d\u00e9fi OSEntreprendre.<\/p>\n\n\n\n<div class=\"wp-block-columns\">\n<div class=\"wp-block-column\">\n<figure class=\"wp-block-image size-full\"><img decoding=\"async\" width=\"640\" height=\"473\" data-src=\"https:\/\/cssdn.gouv.qc.ca\/etoile\/wp-content\/uploads\/sites\/43\/2024\/04\/thumbnail_image1-2.jpg\" alt=\"\" class=\"wp-image-5653 lazyload\" data-srcset=\"https:\/\/cssdn.gouv.qc.ca\/etoile\/wp-content\/uploads\/sites\/43\/2024\/04\/thumbnail_image1-2.jpg 640w, https:\/\/cssdn.gouv.qc.ca\/etoile\/wp-content\/uploads\/sites\/43\/2024\/04\/thumbnail_image1-2-300x222.jpg 300w\" data-sizes=\"(max-width: 640px) 100vw, 640px\" src=\"data:image\/svg+xml;base64,PHN2ZyB3aWR0aD0iMSIgaGVpZ2h0PSIxIiB4bWxucz0iaHR0cDovL3d3dy53My5vcmcvMjAwMC9zdmciPjwvc3ZnPg==\" style=\"--smush-placeholder-width: 640px; --smush-placeholder-aspect-ratio: 640\/473;\" \/><\/figure>\n\n\n\n<figure class=\"wp-block-image size-full\"><img decoding=\"async\" width=\"640\" height=\"481\" data-src=\"https:\/\/cssdn.gouv.qc.ca\/etoile\/wp-content\/uploads\/sites\/43\/2024\/04\/thumbnail_image0-1.jpg\" alt=\"\" class=\"wp-image-5654 lazyload\" data-srcset=\"https:\/\/cssdn.gouv.qc.ca\/etoile\/wp-content\/uploads\/sites\/43\/2024\/04\/thumbnail_image0-1.jpg 640w, https:\/\/cssdn.gouv.qc.ca\/etoile\/wp-content\/uploads\/sites\/43\/2024\/04\/thumbnail_image0-1-300x225.jpg 300w\" data-sizes=\"(max-width: 640px) 100vw, 640px\" src=\"data:image\/svg+xml;base64,PHN2ZyB3aWR0aD0iMSIgaGVpZ2h0PSIxIiB4bWxucz0iaHR0cDovL3d3dy53My5vcmcvMjAwMC9zdmciPjwvc3ZnPg==\" style=\"--smush-placeholder-width: 640px; --smush-placeholder-aspect-ratio: 640\/481;\" \/><\/figure>\n<\/div>\n\n\n\n<div class=\"wp-block-column\">\n<figure class=\"wp-block-image size-full\"><img decoding=\"async\" width=\"640\" height=\"481\" data-src=\"https:\/\/cssdn.gouv.qc.ca\/etoile\/wp-content\/uploads\/sites\/43\/2024\/04\/thumbnail_image2-2.jpg\" alt=\"\" class=\"wp-image-5655 lazyload\" data-srcset=\"https:\/\/cssdn.gouv.qc.ca\/etoile\/wp-content\/uploads\/sites\/43\/2024\/04\/thumbnail_image2-2.jpg 640w, https:\/\/cssdn.gouv.qc.ca\/etoile\/wp-content\/uploads\/sites\/43\/2024\/04\/thumbnail_image2-2-300x225.jpg 300w\" data-sizes=\"(max-width: 640px) 100vw, 640px\" src=\"data:image\/svg+xml;base64,PHN2ZyB3aWR0aD0iMSIgaGVpZ2h0PSIxIiB4bWxucz0iaHR0cDovL3d3dy53My5vcmcvMjAwMC9zdmciPjwvc3ZnPg==\" style=\"--smush-placeholder-width: 640px; --smush-placeholder-aspect-ratio: 640\/481;\" \/><\/figure>\n\n\n\n<figure class=\"wp-block-image size-full\"><img decoding=\"async\" width=\"640\" height=\"480\" data-src=\"https:\/\/cssdn.gouv.qc.ca\/etoile\/wp-content\/uploads\/sites\/43\/2024\/04\/thumbnail_image3-1.jpg\" alt=\"\" class=\"wp-image-5656 lazyload\" data-srcset=\"https:\/\/cssdn.gouv.qc.ca\/etoile\/wp-content\/uploads\/sites\/43\/2024\/04\/thumbnail_image3-1.jpg 640w, https:\/\/cssdn.gouv.qc.ca\/etoile\/wp-content\/uploads\/sites\/43\/2024\/04\/thumbnail_image3-1-300x225.jpg 300w\" data-sizes=\"(max-width: 640px) 100vw, 640px\" src=\"data:image\/svg+xml;base64,PHN2ZyB3aWR0aD0iMSIgaGVpZ2h0PSIxIiB4bWxucz0iaHR0cDovL3d3dy53My5vcmcvMjAwMC9zdmciPjwvc3ZnPg==\" style=\"--smush-placeholder-width: 640px; --smush-placeholder-aspect-ratio: 640\/480;\" \/><\/figure>\n<\/div>\n\n\n\n<div class=\"wp-block-column\">\n<figure class=\"wp-block-image size-full is-resized\"><img decoding=\"async\" width=\"481\" height=\"640\" data-src=\"https:\/\/cssdn.gouv.qc.ca\/etoile\/wp-content\/uploads\/sites\/43\/2024\/04\/thumbnail_image4-2.jpg\" alt=\"\" class=\"wp-image-5657 lazyload\" style=\"--smush-placeholder-width: 481px; --smush-placeholder-aspect-ratio: 481\/640;width:153px;height:auto\" data-srcset=\"https:\/\/cssdn.gouv.qc.ca\/etoile\/wp-content\/uploads\/sites\/43\/2024\/04\/thumbnail_image4-2.jpg 481w, https:\/\/cssdn.gouv.qc.ca\/etoile\/wp-content\/uploads\/sites\/43\/2024\/04\/thumbnail_image4-2-225x300.jpg 225w\" data-sizes=\"(max-width: 481px) 100vw, 481px\" src=\"data:image\/svg+xml;base64,PHN2ZyB3aWR0aD0iMSIgaGVpZ2h0PSIxIiB4bWxucz0iaHR0cDovL3d3dy53My5vcmcvMjAwMC9zdmciPjwvc3ZnPg==\" \/><\/figure>\n\n\n\n<figure class=\"wp-block-image size-full\"><img decoding=\"async\" width=\"640\" height=\"481\" data-src=\"https:\/\/cssdn.gouv.qc.ca\/etoile\/wp-content\/uploads\/sites\/43\/2024\/04\/thumbnail_image5-2.jpg\" alt=\"\" class=\"wp-image-5658 lazyload\" data-srcset=\"https:\/\/cssdn.gouv.qc.ca\/etoile\/wp-content\/uploads\/sites\/43\/2024\/04\/thumbnail_image5-2.jpg 640w, https:\/\/cssdn.gouv.qc.ca\/etoile\/wp-content\/uploads\/sites\/43\/2024\/04\/thumbnail_image5-2-300x225.jpg 300w\" data-sizes=\"(max-width: 640px) 100vw, 640px\" src=\"data:image\/svg+xml;base64,PHN2ZyB3aWR0aD0iMSIgaGVpZ2h0PSIxIiB4bWxucz0iaHR0cDovL3d3dy53My5vcmcvMjAwMC9zdmciPjwvc3ZnPg==\" style=\"--smush-placeholder-width: 640px; --smush-placeholder-aspect-ratio: 640\/481;\" \/><\/figure>\n<\/div>\n<\/div>\n\n\n\n<h2 class=\"wp-block-heading\">Tournoi d&rsquo;\u00e9checs<\/h2>\n\n\n\n<div class=\"xdj266r x11i5rnm xat24cr x1mh8g0r x1vvkbs x126k92a\">\n<div dir=\"auto\">\u00a0<\/div>\n<div dir=\"auto\">18 d\u00e9cembre 2023<\/div>\n<div dir=\"auto\">Des \u00e9l\u00e8ves de la premi\u00e8re ann\u00e9e \u00e0 la sixi\u00e8me ann\u00e9e se sont affront\u00e9s dans un tournoi d&rsquo;\u00e9checs.\u00a0<\/div>\n<\/div>\n<div class=\"x11i5rnm xat24cr x1mh8g0r x1vvkbs xtlvy1s x126k92a\">\n<div dir=\"auto\">\u00a0<\/div>\n<\/div>\n\n\n\n<div class=\"wp-block-columns\">\n<div class=\"wp-block-column\">\n<div class=\"wp-block-columns\">\n<div class=\"wp-block-column\">\n<figure class=\"wp-block-image size-large\"><img decoding=\"async\" width=\"768\" height=\"1024\" data-src=\"https:\/\/cssdn.gouv.qc.ca\/etoile\/wp-content\/uploads\/sites\/43\/2024\/04\/IMG_0546-1-768x1024.jpg\" alt=\"\" class=\"wp-image-5678 lazyload\" data-srcset=\"https:\/\/cssdn.gouv.qc.ca\/etoile\/wp-content\/uploads\/sites\/43\/2024\/04\/IMG_0546-1-768x1024.jpg 768w, https:\/\/cssdn.gouv.qc.ca\/etoile\/wp-content\/uploads\/sites\/43\/2024\/04\/IMG_0546-1-225x300.jpg 225w, https:\/\/cssdn.gouv.qc.ca\/etoile\/wp-content\/uploads\/sites\/43\/2024\/04\/IMG_0546-1-1152x1536.jpg 1152w, https:\/\/cssdn.gouv.qc.ca\/etoile\/wp-content\/uploads\/sites\/43\/2024\/04\/IMG_0546-1-1536x2048.jpg 1536w, https:\/\/cssdn.gouv.qc.ca\/etoile\/wp-content\/uploads\/sites\/43\/2024\/04\/IMG_0546-1-scaled.jpg 1920w\" data-sizes=\"(max-width: 768px) 100vw, 768px\" src=\"data:image\/svg+xml;base64,PHN2ZyB3aWR0aD0iMSIgaGVpZ2h0PSIxIiB4bWxucz0iaHR0cDovL3d3dy53My5vcmcvMjAwMC9zdmciPjwvc3ZnPg==\" style=\"--smush-placeholder-width: 768px; --smush-placeholder-aspect-ratio: 768\/1024;\" \/><\/figure>\n<\/div>\n\n\n\n<div class=\"wp-block-column\">\n<figure class=\"wp-block-image size-large\"><img decoding=\"async\" width=\"768\" height=\"1024\" data-src=\"https:\/\/cssdn.gouv.qc.ca\/etoile\/wp-content\/uploads\/sites\/43\/2024\/04\/IMG_0549-1-768x1024.jpg\" alt=\"\" class=\"wp-image-5679 lazyload\" data-srcset=\"https:\/\/cssdn.gouv.qc.ca\/etoile\/wp-content\/uploads\/sites\/43\/2024\/04\/IMG_0549-1-768x1024.jpg 768w, https:\/\/cssdn.gouv.qc.ca\/etoile\/wp-content\/uploads\/sites\/43\/2024\/04\/IMG_0549-1-225x300.jpg 225w, https:\/\/cssdn.gouv.qc.ca\/etoile\/wp-content\/uploads\/sites\/43\/2024\/04\/IMG_0549-1-1152x1536.jpg 1152w, https:\/\/cssdn.gouv.qc.ca\/etoile\/wp-content\/uploads\/sites\/43\/2024\/04\/IMG_0549-1-1536x2048.jpg 1536w, https:\/\/cssdn.gouv.qc.ca\/etoile\/wp-content\/uploads\/sites\/43\/2024\/04\/IMG_0549-1-scaled.jpg 1920w\" data-sizes=\"(max-width: 768px) 100vw, 768px\" src=\"data:image\/svg+xml;base64,PHN2ZyB3aWR0aD0iMSIgaGVpZ2h0PSIxIiB4bWxucz0iaHR0cDovL3d3dy53My5vcmcvMjAwMC9zdmciPjwvc3ZnPg==\" style=\"--smush-placeholder-width: 768px; --smush-placeholder-aspect-ratio: 768\/1024;\" \/><\/figure>\n<\/div>\n<\/div>\n<\/div>\n\n\n\n<div class=\"wp-block-column\">\n<div class=\"wp-block-columns\">\n<div class=\"wp-block-column\">\n<figure class=\"wp-block-image size-large\"><img decoding=\"async\" width=\"768\" height=\"1024\" data-src=\"https:\/\/cssdn.gouv.qc.ca\/etoile\/wp-content\/uploads\/sites\/43\/2024\/04\/IMG_0551-1-768x1024.jpg\" alt=\"\" class=\"wp-image-5680 lazyload\" data-srcset=\"https:\/\/cssdn.gouv.qc.ca\/etoile\/wp-content\/uploads\/sites\/43\/2024\/04\/IMG_0551-1-768x1024.jpg 768w, https:\/\/cssdn.gouv.qc.ca\/etoile\/wp-content\/uploads\/sites\/43\/2024\/04\/IMG_0551-1-225x300.jpg 225w, https:\/\/cssdn.gouv.qc.ca\/etoile\/wp-content\/uploads\/sites\/43\/2024\/04\/IMG_0551-1-1152x1536.jpg 1152w, https:\/\/cssdn.gouv.qc.ca\/etoile\/wp-content\/uploads\/sites\/43\/2024\/04\/IMG_0551-1-1536x2048.jpg 1536w, https:\/\/cssdn.gouv.qc.ca\/etoile\/wp-content\/uploads\/sites\/43\/2024\/04\/IMG_0551-1-scaled.jpg 1920w\" data-sizes=\"(max-width: 768px) 100vw, 768px\" src=\"data:image\/svg+xml;base64,PHN2ZyB3aWR0aD0iMSIgaGVpZ2h0PSIxIiB4bWxucz0iaHR0cDovL3d3dy53My5vcmcvMjAwMC9zdmciPjwvc3ZnPg==\" style=\"--smush-placeholder-width: 768px; --smush-placeholder-aspect-ratio: 768\/1024;\" \/><\/figure>\n<\/div>\n\n\n\n<div class=\"wp-block-column\">\n<figure class=\"wp-block-image size-large\"><img decoding=\"async\" width=\"768\" height=\"1024\" data-src=\"https:\/\/cssdn.gouv.qc.ca\/etoile\/wp-content\/uploads\/sites\/43\/2024\/04\/IMG_0545-2-768x1024.jpg\" alt=\"\" class=\"wp-image-5681 lazyload\" data-srcset=\"https:\/\/cssdn.gouv.qc.ca\/etoile\/wp-content\/uploads\/sites\/43\/2024\/04\/IMG_0545-2-768x1024.jpg 768w, https:\/\/cssdn.gouv.qc.ca\/etoile\/wp-content\/uploads\/sites\/43\/2024\/04\/IMG_0545-2-225x300.jpg 225w, https:\/\/cssdn.gouv.qc.ca\/etoile\/wp-content\/uploads\/sites\/43\/2024\/04\/IMG_0545-2-1152x1536.jpg 1152w, https:\/\/cssdn.gouv.qc.ca\/etoile\/wp-content\/uploads\/sites\/43\/2024\/04\/IMG_0545-2-1536x2048.jpg 1536w, https:\/\/cssdn.gouv.qc.ca\/etoile\/wp-content\/uploads\/sites\/43\/2024\/04\/IMG_0545-2-scaled.jpg 1920w\" data-sizes=\"(max-width: 768px) 100vw, 768px\" src=\"data:image\/svg+xml;base64,PHN2ZyB3aWR0aD0iMSIgaGVpZ2h0PSIxIiB4bWxucz0iaHR0cDovL3d3dy53My5vcmcvMjAwMC9zdmciPjwvc3ZnPg==\" style=\"--smush-placeholder-width: 768px; --smush-placeholder-aspect-ratio: 768\/1024;\" \/><\/figure>\n<\/div>\n<\/div>\n<\/div>\n<\/div>\n\n\n\n<div class=\"wp-block-columns\">\n<div class=\"wp-block-column\"><\/div>\n<\/div>\n<\/div>\n","protected":false},"excerpt":{"rendered":"<p>Correspondance scolaire Les \u00e9l\u00e8ves de la classe de Kim Blouin en 5-6e ann\u00e9e font de la correspondance scolaire avec une classe de 5-6e ann\u00e9e de Normandin au Lac-Saint-Jean.\u00a0 Bracelet express Projet entrepreneurial de la classe de Karine Lemay en 2e ann\u00e9e. Karine et les \u00e9l\u00e8ves\u00a0ont remport\u00e9 le titre de laur\u00e9at local dans la cat\u00e9gorie Primaire [&hellip;]<\/p>\n","protected":false},"author":1,"featured_media":0,"parent":0,"menu_order":50,"comment_status":"closed","ping_status":"closed","template":"","meta":{"_acf_changed":false,"_crdt_document":"","inline_featured_image":false,"footnotes":""},"categories":[],"tags":[],"class_list":["post-17","page","type-page","status-publish","hentry"],"acf":[],"yoast_head":"<!-- This site is optimized with the Yoast SEO plugin v27.3 - https:\/\/yoast.com\/product\/yoast-seo-wordpress\/ -->\n<title>Vie scolaire - \u00c9cole de l\u2019\u00c9toile<\/title>\n<meta name=\"robots\" content=\"index, follow, max-snippet:-1, max-image-preview:large, max-video-preview:-1\" \/>\n<link rel=\"canonical\" href=\"https:\/\/cssdn.gouv.qc.ca\/etoile\/vie-scolaire\/\" \/>\n<meta property=\"og:locale\" content=\"fr_CA\" \/>\n<meta property=\"og:type\" content=\"article\" \/>\n<meta property=\"og:title\" content=\"Vie scolaire - \u00c9cole de l\u2019\u00c9toile\" \/>\n<meta property=\"og:description\" content=\"Correspondance scolaire Les \u00e9l\u00e8ves de la classe de Kim Blouin en 5-6e ann\u00e9e font de la correspondance scolaire avec une classe de 5-6e ann\u00e9e de Normandin au Lac-Saint-Jean.\u00a0 Bracelet express Projet entrepreneurial de la classe de Karine Lemay en 2e ann\u00e9e. Karine et les \u00e9l\u00e8ves\u00a0ont remport\u00e9 le titre de laur\u00e9at local dans la cat\u00e9gorie Primaire [&hellip;]\" \/>\n<meta property=\"og:url\" content=\"https:\/\/cssdn.gouv.qc.ca\/etoile\/vie-scolaire\/\" \/>\n<meta property=\"og:site_name\" content=\"\u00c9cole de l\u2019\u00c9toile\" \/>\n<meta property=\"article:publisher\" content=\"https:\/\/www.facebook.com\/profile.php?id=100057324555043\" \/>\n<meta property=\"article:modified_time\" content=\"2024-04-29T19:10:58+00:00\" \/>\n<meta property=\"og:image\" content=\"https:\/\/stage.cssdn.gouv.qc.ca\/wp-content\/uploads\/2022\/08\/Seawire-Hero-06.jpg\" \/>\n<meta name=\"twitter:card\" content=\"summary_large_image\" \/>\n<meta name=\"twitter:label1\" content=\"Estimation du temps de lecture\" \/>\n\t<meta name=\"twitter:data1\" content=\"4 minutes\" \/>\n<script type=\"application\/ld+json\" class=\"yoast-schema-graph\">{\"@context\":\"https:\\\/\\\/schema.org\",\"@graph\":[{\"@type\":\"WebPage\",\"@id\":\"https:\\\/\\\/cssdn.gouv.qc.ca\\\/etoile\\\/vie-scolaire\\\/\",\"url\":\"https:\\\/\\\/cssdn.gouv.qc.ca\\\/etoile\\\/vie-scolaire\\\/\",\"name\":\"Vie scolaire - \u00c9cole de l\u2019\u00c9toile\",\"isPartOf\":{\"@id\":\"https:\\\/\\\/cssdn.gouv.qc.ca\\\/etoile\\\/#website\"},\"primaryImageOfPage\":{\"@id\":\"https:\\\/\\\/cssdn.gouv.qc.ca\\\/etoile\\\/vie-scolaire\\\/#primaryimage\"},\"image\":{\"@id\":\"https:\\\/\\\/cssdn.gouv.qc.ca\\\/etoile\\\/vie-scolaire\\\/#primaryimage\"},\"thumbnailUrl\":\"https:\\\/\\\/stage.cssdn.gouv.qc.ca\\\/wp-content\\\/uploads\\\/2022\\\/08\\\/Seawire-Hero-06.jpg\",\"datePublished\":\"2022-11-08T21:07:56+00:00\",\"dateModified\":\"2024-04-29T19:10:58+00:00\",\"breadcrumb\":{\"@id\":\"https:\\\/\\\/cssdn.gouv.qc.ca\\\/etoile\\\/vie-scolaire\\\/#breadcrumb\"},\"inLanguage\":\"fr-CA\",\"potentialAction\":[{\"@type\":\"ReadAction\",\"target\":[\"https:\\\/\\\/cssdn.gouv.qc.ca\\\/etoile\\\/vie-scolaire\\\/\"]}]},{\"@type\":\"ImageObject\",\"inLanguage\":\"fr-CA\",\"@id\":\"https:\\\/\\\/cssdn.gouv.qc.ca\\\/etoile\\\/vie-scolaire\\\/#primaryimage\",\"url\":\"https:\\\/\\\/stage.cssdn.gouv.qc.ca\\\/wp-content\\\/uploads\\\/2022\\\/08\\\/Seawire-Hero-06.jpg\",\"contentUrl\":\"https:\\\/\\\/stage.cssdn.gouv.qc.ca\\\/wp-content\\\/uploads\\\/2022\\\/08\\\/Seawire-Hero-06.jpg\"},{\"@type\":\"BreadcrumbList\",\"@id\":\"https:\\\/\\\/cssdn.gouv.qc.ca\\\/etoile\\\/vie-scolaire\\\/#breadcrumb\",\"itemListElement\":[{\"@type\":\"ListItem\",\"position\":1,\"name\":\"Accueil\",\"item\":\"https:\\\/\\\/cssdn.gouv.qc.ca\\\/etoile\\\/\"},{\"@type\":\"ListItem\",\"position\":2,\"name\":\"Vie scolaire\"}]},{\"@type\":\"WebSite\",\"@id\":\"https:\\\/\\\/cssdn.gouv.qc.ca\\\/etoile\\\/#website\",\"url\":\"https:\\\/\\\/cssdn.gouv.qc.ca\\\/etoile\\\/\",\"name\":\"\u00c9cole de l\u2019\u00c9toile\",\"description\":\"Un site des centres de services scolaires des Navigateurs\",\"publisher\":{\"@id\":\"https:\\\/\\\/cssdn.gouv.qc.ca\\\/etoile\\\/#organization\"},\"potentialAction\":[{\"@type\":\"SearchAction\",\"target\":{\"@type\":\"EntryPoint\",\"urlTemplate\":\"https:\\\/\\\/cssdn.gouv.qc.ca\\\/etoile\\\/?s={search_term_string}\"},\"query-input\":{\"@type\":\"PropertyValueSpecification\",\"valueRequired\":true,\"valueName\":\"search_term_string\"}}],\"inLanguage\":\"fr-CA\"},{\"@type\":\"Organization\",\"@id\":\"https:\\\/\\\/cssdn.gouv.qc.ca\\\/etoile\\\/#organization\",\"name\":\"\u00c9cole de l\u2019\u00c9toile\",\"url\":\"https:\\\/\\\/cssdn.gouv.qc.ca\\\/etoile\\\/\",\"logo\":{\"@type\":\"ImageObject\",\"inLanguage\":\"fr-CA\",\"@id\":\"https:\\\/\\\/cssdn.gouv.qc.ca\\\/etoile\\\/#\\\/schema\\\/logo\\\/image\\\/\",\"url\":\"https:\\\/\\\/cssdn.gouv.qc.ca\\\/etoile\\\/wp-content\\\/uploads\\\/sites\\\/43\\\/2023\\\/01\\\/logo_quebec.svg\",\"contentUrl\":\"https:\\\/\\\/cssdn.gouv.qc.ca\\\/etoile\\\/wp-content\\\/uploads\\\/sites\\\/43\\\/2023\\\/01\\\/logo_quebec.svg\",\"width\":188,\"height\":41,\"caption\":\"\u00c9cole de l\u2019\u00c9toile\"},\"image\":{\"@id\":\"https:\\\/\\\/cssdn.gouv.qc.ca\\\/etoile\\\/#\\\/schema\\\/logo\\\/image\\\/\"},\"sameAs\":[\"https:\\\/\\\/www.facebook.com\\\/profile.php?id=100057324555043\"]}]}<\/script>\n<!-- \/ Yoast SEO plugin. -->","yoast_head_json":{"title":"Vie scolaire - \u00c9cole de l\u2019\u00c9toile","robots":{"index":"index","follow":"follow","max-snippet":"max-snippet:-1","max-image-preview":"max-image-preview:large","max-video-preview":"max-video-preview:-1"},"canonical":"https:\/\/cssdn.gouv.qc.ca\/etoile\/vie-scolaire\/","og_locale":"fr_CA","og_type":"article","og_title":"Vie scolaire - \u00c9cole de l\u2019\u00c9toile","og_description":"Correspondance scolaire Les \u00e9l\u00e8ves de la classe de Kim Blouin en 5-6e ann\u00e9e font de la correspondance scolaire avec une classe de 5-6e ann\u00e9e de Normandin au Lac-Saint-Jean.\u00a0 Bracelet express Projet entrepreneurial de la classe de Karine Lemay en 2e ann\u00e9e. Karine et les \u00e9l\u00e8ves\u00a0ont remport\u00e9 le titre de laur\u00e9at local dans la cat\u00e9gorie Primaire [&hellip;]","og_url":"https:\/\/cssdn.gouv.qc.ca\/etoile\/vie-scolaire\/","og_site_name":"\u00c9cole de l\u2019\u00c9toile","article_publisher":"https:\/\/www.facebook.com\/profile.php?id=100057324555043","article_modified_time":"2024-04-29T19:10:58+00:00","og_image":[{"url":"https:\/\/stage.cssdn.gouv.qc.ca\/wp-content\/uploads\/2022\/08\/Seawire-Hero-06.jpg","type":"","width":"","height":""}],"twitter_card":"summary_large_image","twitter_misc":{"Estimation du temps de lecture":"4 minutes"},"schema":{"@context":"https:\/\/schema.org","@graph":[{"@type":"WebPage","@id":"https:\/\/cssdn.gouv.qc.ca\/etoile\/vie-scolaire\/","url":"https:\/\/cssdn.gouv.qc.ca\/etoile\/vie-scolaire\/","name":"Vie scolaire - \u00c9cole de l\u2019\u00c9toile","isPartOf":{"@id":"https:\/\/cssdn.gouv.qc.ca\/etoile\/#website"},"primaryImageOfPage":{"@id":"https:\/\/cssdn.gouv.qc.ca\/etoile\/vie-scolaire\/#primaryimage"},"image":{"@id":"https:\/\/cssdn.gouv.qc.ca\/etoile\/vie-scolaire\/#primaryimage"},"thumbnailUrl":"https:\/\/stage.cssdn.gouv.qc.ca\/wp-content\/uploads\/2022\/08\/Seawire-Hero-06.jpg","datePublished":"2022-11-08T21:07:56+00:00","dateModified":"2024-04-29T19:10:58+00:00","breadcrumb":{"@id":"https:\/\/cssdn.gouv.qc.ca\/etoile\/vie-scolaire\/#breadcrumb"},"inLanguage":"fr-CA","potentialAction":[{"@type":"ReadAction","target":["https:\/\/cssdn.gouv.qc.ca\/etoile\/vie-scolaire\/"]}]},{"@type":"ImageObject","inLanguage":"fr-CA","@id":"https:\/\/cssdn.gouv.qc.ca\/etoile\/vie-scolaire\/#primaryimage","url":"https:\/\/stage.cssdn.gouv.qc.ca\/wp-content\/uploads\/2022\/08\/Seawire-Hero-06.jpg","contentUrl":"https:\/\/stage.cssdn.gouv.qc.ca\/wp-content\/uploads\/2022\/08\/Seawire-Hero-06.jpg"},{"@type":"BreadcrumbList","@id":"https:\/\/cssdn.gouv.qc.ca\/etoile\/vie-scolaire\/#breadcrumb","itemListElement":[{"@type":"ListItem","position":1,"name":"Accueil","item":"https:\/\/cssdn.gouv.qc.ca\/etoile\/"},{"@type":"ListItem","position":2,"name":"Vie scolaire"}]},{"@type":"WebSite","@id":"https:\/\/cssdn.gouv.qc.ca\/etoile\/#website","url":"https:\/\/cssdn.gouv.qc.ca\/etoile\/","name":"\u00c9cole de l\u2019\u00c9toile","description":"Un site des centres de services scolaires des Navigateurs","publisher":{"@id":"https:\/\/cssdn.gouv.qc.ca\/etoile\/#organization"},"potentialAction":[{"@type":"SearchAction","target":{"@type":"EntryPoint","urlTemplate":"https:\/\/cssdn.gouv.qc.ca\/etoile\/?s={search_term_string}"},"query-input":{"@type":"PropertyValueSpecification","valueRequired":true,"valueName":"search_term_string"}}],"inLanguage":"fr-CA"},{"@type":"Organization","@id":"https:\/\/cssdn.gouv.qc.ca\/etoile\/#organization","name":"\u00c9cole de l\u2019\u00c9toile","url":"https:\/\/cssdn.gouv.qc.ca\/etoile\/","logo":{"@type":"ImageObject","inLanguage":"fr-CA","@id":"https:\/\/cssdn.gouv.qc.ca\/etoile\/#\/schema\/logo\/image\/","url":"https:\/\/cssdn.gouv.qc.ca\/etoile\/wp-content\/uploads\/sites\/43\/2023\/01\/logo_quebec.svg","contentUrl":"https:\/\/cssdn.gouv.qc.ca\/etoile\/wp-content\/uploads\/sites\/43\/2023\/01\/logo_quebec.svg","width":188,"height":41,"caption":"\u00c9cole de l\u2019\u00c9toile"},"image":{"@id":"https:\/\/cssdn.gouv.qc.ca\/etoile\/#\/schema\/logo\/image\/"},"sameAs":["https:\/\/www.facebook.com\/profile.php?id=100057324555043"]}]}},"publishpress_future_action":{"enabled":false,"date":"2026-04-11 05:28:13","action":"change-status","newStatus":"draft","terms":[],"taxonomy":"category","extraData":[]},"publishpress_future_workflow_manual_trigger":{"enabledWorkflows":[]},"_links":{"self":[{"href":"https:\/\/cssdn.gouv.qc.ca\/etoile\/wp-json\/wp\/v2\/pages\/17","targetHints":{"allow":["GET"]}}],"collection":[{"href":"https:\/\/cssdn.gouv.qc.ca\/etoile\/wp-json\/wp\/v2\/pages"}],"about":[{"href":"https:\/\/cssdn.gouv.qc.ca\/etoile\/wp-json\/wp\/v2\/types\/page"}],"author":[{"embeddable":true,"href":"https:\/\/cssdn.gouv.qc.ca\/etoile\/wp-json\/wp\/v2\/users\/1"}],"replies":[{"embeddable":true,"href":"https:\/\/cssdn.gouv.qc.ca\/etoile\/wp-json\/wp\/v2\/comments?post=17"}],"version-history":[{"count":0,"href":"https:\/\/cssdn.gouv.qc.ca\/etoile\/wp-json\/wp\/v2\/pages\/17\/revisions"}],"wp:attachment":[{"href":"https:\/\/cssdn.gouv.qc.ca\/etoile\/wp-json\/wp\/v2\/media?parent=17"}],"wp:term":[{"taxonomy":"category","embeddable":true,"href":"https:\/\/cssdn.gouv.qc.ca\/etoile\/wp-json\/wp\/v2\/categories?post=17"},{"taxonomy":"post_tag","embeddable":true,"href":"https:\/\/cssdn.gouv.qc.ca\/etoile\/wp-json\/wp\/v2\/tags?post=17"}],"curies":[{"name":"wp","href":"https:\/\/api.w.org\/{rel}","templated":true}]}}