
{"id":5479,"date":"2023-06-08T10:04:11","date_gmt":"2023-06-08T14:04:11","guid":{"rendered":"https:\/\/cssdn.gouv.qc.ca\/politique-de-cookies-ca\/"},"modified":"2023-06-08T10:04:11","modified_gmt":"2023-06-08T14:04:11","slug":"politique-de-cookies-ca-2","status":"publish","type":"page","link":"https:\/\/cssdn.gouv.qc.ca\/etoile\/politique-de-cookies-ca-2\/","title":{"rendered":"Param\u00e8tres de cookies"},"content":{"rendered":"\n<div class=\"wp-block-cover alignfull is-light is-style-title-banner\"><span aria-hidden=\"true\" class=\"wp-block-cover__background has-primary-background-color has-background-dim\"><\/span><img decoding=\"async\" class=\"wp-block-cover__image-background wp-image-111 lazyload\" alt=\"\" data-src=\"https:\/\/stage.cssdn.gouv.qc.ca\/wp-content\/uploads\/2022\/08\/Seawire-Hero-06.jpg\" data-object-fit=\"cover\" src=\"data:image\/svg+xml;base64,PHN2ZyB3aWR0aD0iMSIgaGVpZ2h0PSIxIiB4bWxucz0iaHR0cDovL3d3dy53My5vcmcvMjAwMC9zdmciPjwvc3ZnPg==\" \/><div class=\"wp-block-cover__inner-container\"><h3 class=\"wp-block-post-title\">Param\u00e8tres de cookies<\/h3><\/div><\/div>\n\n\n\n<div class=\"wp-block-group alignfull has-padding-y-large has-secondary-background-color has-background\"><div class=\"yoast-breadcrumbs alignwide \"><span class=\"breadcrumbs\"><a href=\"https:\/\/cssdn.gouv.qc.ca\/etoile\/\" class=\"breadcrumbs__element\">Accueil<\/a> <span class=\"breadcrumbs__separator\">\n        <svg class=\"icon icon-breadcrumb__separator\"><use xlink:href=\"#icon-breadcrumb__separator\"><\/use><\/svg>\n    <\/span> <span class=\"breadcrumbs__element breadcrumbs__element-current\">Param\u00e8tres de cookies<\/span><\/span><\/div><\/div>\n\n\n\n<h2 class=\"wp-block-heading\">Gestion de vos t\u00e9moins de navigation<\/h2>\n\n\n\n<p class=\"wp-block-paragraph\">Vos donn\u00e9es sont pr\u00e9cieuses et nous estimons qu\u2019il vous appartient de d\u00e9cider ce dont vous voulez partager avec nous. Vous pouvez utiliser l\u2019outil ci-dessous pour activer ou d\u00e9sactiver certains de nos t\u00e9moins.<\/p>\n\n\n\n<h3 class=\"wp-block-heading\">D\u00e9sactiver les t\u00e9moins<\/h3>\n\n\n\n<p class=\"wp-block-paragraph\">La plupart des navigateurs vous permettent de g\u00e9rer les t\u00e9moins qui sont d\u00e9pos\u00e9s sur votre ordinateur. Veuillez consulter la marche \u00e0 suivre pour d\u00e9sactiver les t\u00e9moins enregistr\u00e9s sur votre appareil par l\u2019entremise de votre navigateur.<\/p>\n\n\n\n<p class=\"wp-block-paragraph\">Visitez la page correspondant au navigateur que vous utilisez afin d&rsquo;en savoir plus :<\/p>\n\n\n\n<ul class=\"wp-block-list\">\n<li><a href=\"https:\/\/support.google.com\/accounts\/answer\/61416?co=GENIE.Platform=Desktop&amp;hl=fr\">Google Chrome<\/a><\/li>\n\n\n\n<li><a href=\"https:\/\/support.mozilla.org\/fr\/kb\/activer-desactiver-cookies-preferences\">Mozilla Firefox<\/a><\/li>\n\n\n\n<li><a href=\"https:\/\/privacy.microsoft.com\/fr-ca\/windows-10-microsoft-edge-and-privacy\">Microsoft Edge<\/a><\/li>\n\n\n\n<li><a href=\"https:\/\/support.microsoft.com\/fr-ca\/help\/17442\/windows-internet-explorer-delete-manage-cookies\">Microsoft Internet Explorer<\/a><\/li>\n\n\n\n<li><a href=\"https:\/\/www.opera.com\/help\/tutorials\/security\/privacy\/\">Opera<\/a><\/li>\n\n\n\n<li><a href=\"https:\/\/support.apple.com\/fr-ca\/guide\/safari\/manage-cookies-and-website-data-sfri11471\/mac\">Apple Safari<\/a><\/li>\n<\/ul>\n\n\n\n<p class=\"wp-block-paragraph\">Si votre navigateur ne se trouve pas dans la liste, nous vous invitons \u00e0 visiter le site web de votre navigateur.<\/p>\n","protected":false},"excerpt":{"rendered":"<p>Gestion de vos t\u00e9moins de navigation Vos donn\u00e9es sont pr\u00e9cieuses et nous estimons qu\u2019il vous appartient de d\u00e9cider ce dont vous voulez partager avec nous. Vous pouvez utiliser l\u2019outil ci-dessous pour activer ou d\u00e9sactiver certains de nos t\u00e9moins. D\u00e9sactiver les t\u00e9moins La plupart des navigateurs vous permettent de g\u00e9rer les t\u00e9moins qui sont d\u00e9pos\u00e9s sur [&hellip;]<\/p>\n","protected":false},"author":1,"featured_media":0,"parent":0,"menu_order":0,"comment_status":"closed","ping_status":"closed","template":"","meta":{"_acf_changed":false,"_crdt_document":"","inline_featured_image":false,"footnotes":""},"categories":[],"tags":[],"class_list":["post-5479","page","type-page","status-publish","hentry"],"acf":[],"yoast_head":"<!-- This site is optimized with the Yoast SEO plugin v27.3 - https:\/\/yoast.com\/product\/yoast-seo-wordpress\/ -->\n<title>Param\u00e8tres de cookies - \u00c9cole de l\u2019\u00c9toile<\/title>\n<meta name=\"robots\" content=\"index, follow, max-snippet:-1, max-image-preview:large, max-video-preview:-1\" \/>\n<link rel=\"canonical\" href=\"https:\/\/cssdn.gouv.qc.ca\/etoile\/politique-de-cookies-ca-2\/\" \/>\n<meta property=\"og:locale\" content=\"fr_CA\" \/>\n<meta property=\"og:type\" content=\"article\" \/>\n<meta property=\"og:title\" content=\"Param\u00e8tres de cookies - \u00c9cole de l\u2019\u00c9toile\" \/>\n<meta property=\"og:description\" content=\"Gestion de vos t\u00e9moins de navigation Vos donn\u00e9es sont pr\u00e9cieuses et nous estimons qu\u2019il vous appartient de d\u00e9cider ce dont vous voulez partager avec nous. Vous pouvez utiliser l\u2019outil ci-dessous pour activer ou d\u00e9sactiver certains de nos t\u00e9moins. D\u00e9sactiver les t\u00e9moins La plupart des navigateurs vous permettent de g\u00e9rer les t\u00e9moins qui sont d\u00e9pos\u00e9s sur [&hellip;]\" \/>\n<meta property=\"og:url\" content=\"https:\/\/cssdn.gouv.qc.ca\/etoile\/politique-de-cookies-ca-2\/\" \/>\n<meta property=\"og:site_name\" content=\"\u00c9cole de l\u2019\u00c9toile\" \/>\n<meta property=\"article:publisher\" content=\"https:\/\/www.facebook.com\/profile.php?id=100057324555043\" \/>\n<meta property=\"og:image\" content=\"https:\/\/stage.cssdn.gouv.qc.ca\/wp-content\/uploads\/2022\/08\/Seawire-Hero-06.jpg\" \/>\n<meta name=\"twitter:card\" content=\"summary_large_image\" \/>\n<meta name=\"twitter:label1\" content=\"Estimation du temps de lecture\" \/>\n\t<meta name=\"twitter:data1\" content=\"1 minute\" \/>\n<script type=\"application\/ld+json\" class=\"yoast-schema-graph\">{\"@context\":\"https:\\\/\\\/schema.org\",\"@graph\":[{\"@type\":\"WebPage\",\"@id\":\"https:\\\/\\\/cssdn.gouv.qc.ca\\\/etoile\\\/politique-de-cookies-ca-2\\\/\",\"url\":\"https:\\\/\\\/cssdn.gouv.qc.ca\\\/etoile\\\/politique-de-cookies-ca-2\\\/\",\"name\":\"Param\u00e8tres de cookies - \u00c9cole de l\u2019\u00c9toile\",\"isPartOf\":{\"@id\":\"https:\\\/\\\/cssdn.gouv.qc.ca\\\/etoile\\\/#website\"},\"primaryImageOfPage\":{\"@id\":\"https:\\\/\\\/cssdn.gouv.qc.ca\\\/etoile\\\/politique-de-cookies-ca-2\\\/#primaryimage\"},\"image\":{\"@id\":\"https:\\\/\\\/cssdn.gouv.qc.ca\\\/etoile\\\/politique-de-cookies-ca-2\\\/#primaryimage\"},\"thumbnailUrl\":\"https:\\\/\\\/stage.cssdn.gouv.qc.ca\\\/wp-content\\\/uploads\\\/2022\\\/08\\\/Seawire-Hero-06.jpg\",\"datePublished\":\"2023-06-08T14:04:11+00:00\",\"breadcrumb\":{\"@id\":\"https:\\\/\\\/cssdn.gouv.qc.ca\\\/etoile\\\/politique-de-cookies-ca-2\\\/#breadcrumb\"},\"inLanguage\":\"fr-CA\",\"potentialAction\":[{\"@type\":\"ReadAction\",\"target\":[\"https:\\\/\\\/cssdn.gouv.qc.ca\\\/etoile\\\/politique-de-cookies-ca-2\\\/\"]}]},{\"@type\":\"ImageObject\",\"inLanguage\":\"fr-CA\",\"@id\":\"https:\\\/\\\/cssdn.gouv.qc.ca\\\/etoile\\\/politique-de-cookies-ca-2\\\/#primaryimage\",\"url\":\"https:\\\/\\\/stage.cssdn.gouv.qc.ca\\\/wp-content\\\/uploads\\\/2022\\\/08\\\/Seawire-Hero-06.jpg\",\"contentUrl\":\"https:\\\/\\\/stage.cssdn.gouv.qc.ca\\\/wp-content\\\/uploads\\\/2022\\\/08\\\/Seawire-Hero-06.jpg\"},{\"@type\":\"BreadcrumbList\",\"@id\":\"https:\\\/\\\/cssdn.gouv.qc.ca\\\/etoile\\\/politique-de-cookies-ca-2\\\/#breadcrumb\",\"itemListElement\":[{\"@type\":\"ListItem\",\"position\":1,\"name\":\"Accueil\",\"item\":\"https:\\\/\\\/cssdn.gouv.qc.ca\\\/etoile\\\/\"},{\"@type\":\"ListItem\",\"position\":2,\"name\":\"Param\u00e8tres de cookies\"}]},{\"@type\":\"WebSite\",\"@id\":\"https:\\\/\\\/cssdn.gouv.qc.ca\\\/etoile\\\/#website\",\"url\":\"https:\\\/\\\/cssdn.gouv.qc.ca\\\/etoile\\\/\",\"name\":\"\u00c9cole de l\u2019\u00c9toile\",\"description\":\"Un site des centres de services scolaires des Navigateurs\",\"publisher\":{\"@id\":\"https:\\\/\\\/cssdn.gouv.qc.ca\\\/etoile\\\/#organization\"},\"potentialAction\":[{\"@type\":\"SearchAction\",\"target\":{\"@type\":\"EntryPoint\",\"urlTemplate\":\"https:\\\/\\\/cssdn.gouv.qc.ca\\\/etoile\\\/?s={search_term_string}\"},\"query-input\":{\"@type\":\"PropertyValueSpecification\",\"valueRequired\":true,\"valueName\":\"search_term_string\"}}],\"inLanguage\":\"fr-CA\"},{\"@type\":\"Organization\",\"@id\":\"https:\\\/\\\/cssdn.gouv.qc.ca\\\/etoile\\\/#organization\",\"name\":\"\u00c9cole de l\u2019\u00c9toile\",\"url\":\"https:\\\/\\\/cssdn.gouv.qc.ca\\\/etoile\\\/\",\"logo\":{\"@type\":\"ImageObject\",\"inLanguage\":\"fr-CA\",\"@id\":\"https:\\\/\\\/cssdn.gouv.qc.ca\\\/etoile\\\/#\\\/schema\\\/logo\\\/image\\\/\",\"url\":\"https:\\\/\\\/cssdn.gouv.qc.ca\\\/etoile\\\/wp-content\\\/uploads\\\/sites\\\/43\\\/2023\\\/01\\\/logo_quebec.svg\",\"contentUrl\":\"https:\\\/\\\/cssdn.gouv.qc.ca\\\/etoile\\\/wp-content\\\/uploads\\\/sites\\\/43\\\/2023\\\/01\\\/logo_quebec.svg\",\"width\":188,\"height\":41,\"caption\":\"\u00c9cole de l\u2019\u00c9toile\"},\"image\":{\"@id\":\"https:\\\/\\\/cssdn.gouv.qc.ca\\\/etoile\\\/#\\\/schema\\\/logo\\\/image\\\/\"},\"sameAs\":[\"https:\\\/\\\/www.facebook.com\\\/profile.php?id=100057324555043\"]}]}<\/script>\n<!-- \/ Yoast SEO plugin. -->","yoast_head_json":{"title":"Param\u00e8tres de cookies - \u00c9cole de l\u2019\u00c9toile","robots":{"index":"index","follow":"follow","max-snippet":"max-snippet:-1","max-image-preview":"max-image-preview:large","max-video-preview":"max-video-preview:-1"},"canonical":"https:\/\/cssdn.gouv.qc.ca\/etoile\/politique-de-cookies-ca-2\/","og_locale":"fr_CA","og_type":"article","og_title":"Param\u00e8tres de cookies - \u00c9cole de l\u2019\u00c9toile","og_description":"Gestion de vos t\u00e9moins de navigation Vos donn\u00e9es sont pr\u00e9cieuses et nous estimons qu\u2019il vous appartient de d\u00e9cider ce dont vous voulez partager avec nous. Vous pouvez utiliser l\u2019outil ci-dessous pour activer ou d\u00e9sactiver certains de nos t\u00e9moins. D\u00e9sactiver les t\u00e9moins La plupart des navigateurs vous permettent de g\u00e9rer les t\u00e9moins qui sont d\u00e9pos\u00e9s sur [&hellip;]","og_url":"https:\/\/cssdn.gouv.qc.ca\/etoile\/politique-de-cookies-ca-2\/","og_site_name":"\u00c9cole de l\u2019\u00c9toile","article_publisher":"https:\/\/www.facebook.com\/profile.php?id=100057324555043","og_image":[{"url":"https:\/\/stage.cssdn.gouv.qc.ca\/wp-content\/uploads\/2022\/08\/Seawire-Hero-06.jpg","type":"","width":"","height":""}],"twitter_card":"summary_large_image","twitter_misc":{"Estimation du temps de lecture":"1 minute"},"schema":{"@context":"https:\/\/schema.org","@graph":[{"@type":"WebPage","@id":"https:\/\/cssdn.gouv.qc.ca\/etoile\/politique-de-cookies-ca-2\/","url":"https:\/\/cssdn.gouv.qc.ca\/etoile\/politique-de-cookies-ca-2\/","name":"Param\u00e8tres de cookies - \u00c9cole de l\u2019\u00c9toile","isPartOf":{"@id":"https:\/\/cssdn.gouv.qc.ca\/etoile\/#website"},"primaryImageOfPage":{"@id":"https:\/\/cssdn.gouv.qc.ca\/etoile\/politique-de-cookies-ca-2\/#primaryimage"},"image":{"@id":"https:\/\/cssdn.gouv.qc.ca\/etoile\/politique-de-cookies-ca-2\/#primaryimage"},"thumbnailUrl":"https:\/\/stage.cssdn.gouv.qc.ca\/wp-content\/uploads\/2022\/08\/Seawire-Hero-06.jpg","datePublished":"2023-06-08T14:04:11+00:00","breadcrumb":{"@id":"https:\/\/cssdn.gouv.qc.ca\/etoile\/politique-de-cookies-ca-2\/#breadcrumb"},"inLanguage":"fr-CA","potentialAction":[{"@type":"ReadAction","target":["https:\/\/cssdn.gouv.qc.ca\/etoile\/politique-de-cookies-ca-2\/"]}]},{"@type":"ImageObject","inLanguage":"fr-CA","@id":"https:\/\/cssdn.gouv.qc.ca\/etoile\/politique-de-cookies-ca-2\/#primaryimage","url":"https:\/\/stage.cssdn.gouv.qc.ca\/wp-content\/uploads\/2022\/08\/Seawire-Hero-06.jpg","contentUrl":"https:\/\/stage.cssdn.gouv.qc.ca\/wp-content\/uploads\/2022\/08\/Seawire-Hero-06.jpg"},{"@type":"BreadcrumbList","@id":"https:\/\/cssdn.gouv.qc.ca\/etoile\/politique-de-cookies-ca-2\/#breadcrumb","itemListElement":[{"@type":"ListItem","position":1,"name":"Accueil","item":"https:\/\/cssdn.gouv.qc.ca\/etoile\/"},{"@type":"ListItem","position":2,"name":"Param\u00e8tres de cookies"}]},{"@type":"WebSite","@id":"https:\/\/cssdn.gouv.qc.ca\/etoile\/#website","url":"https:\/\/cssdn.gouv.qc.ca\/etoile\/","name":"\u00c9cole de l\u2019\u00c9toile","description":"Un site des centres de services scolaires des Navigateurs","publisher":{"@id":"https:\/\/cssdn.gouv.qc.ca\/etoile\/#organization"},"potentialAction":[{"@type":"SearchAction","target":{"@type":"EntryPoint","urlTemplate":"https:\/\/cssdn.gouv.qc.ca\/etoile\/?s={search_term_string}"},"query-input":{"@type":"PropertyValueSpecification","valueRequired":true,"valueName":"search_term_string"}}],"inLanguage":"fr-CA"},{"@type":"Organization","@id":"https:\/\/cssdn.gouv.qc.ca\/etoile\/#organization","name":"\u00c9cole de l\u2019\u00c9toile","url":"https:\/\/cssdn.gouv.qc.ca\/etoile\/","logo":{"@type":"ImageObject","inLanguage":"fr-CA","@id":"https:\/\/cssdn.gouv.qc.ca\/etoile\/#\/schema\/logo\/image\/","url":"https:\/\/cssdn.gouv.qc.ca\/etoile\/wp-content\/uploads\/sites\/43\/2023\/01\/logo_quebec.svg","contentUrl":"https:\/\/cssdn.gouv.qc.ca\/etoile\/wp-content\/uploads\/sites\/43\/2023\/01\/logo_quebec.svg","width":188,"height":41,"caption":"\u00c9cole de l\u2019\u00c9toile"},"image":{"@id":"https:\/\/cssdn.gouv.qc.ca\/etoile\/#\/schema\/logo\/image\/"},"sameAs":["https:\/\/www.facebook.com\/profile.php?id=100057324555043"]}]}},"publishpress_future_action":{"enabled":false,"date":"2026-04-10 18:38:30","action":"change-status","newStatus":"draft","terms":[],"taxonomy":"category","extraData":[]},"publishpress_future_workflow_manual_trigger":{"enabledWorkflows":[]},"_links":{"self":[{"href":"https:\/\/cssdn.gouv.qc.ca\/etoile\/wp-json\/wp\/v2\/pages\/5479","targetHints":{"allow":["GET"]}}],"collection":[{"href":"https:\/\/cssdn.gouv.qc.ca\/etoile\/wp-json\/wp\/v2\/pages"}],"about":[{"href":"https:\/\/cssdn.gouv.qc.ca\/etoile\/wp-json\/wp\/v2\/types\/page"}],"author":[{"embeddable":true,"href":"https:\/\/cssdn.gouv.qc.ca\/etoile\/wp-json\/wp\/v2\/users\/1"}],"replies":[{"embeddable":true,"href":"https:\/\/cssdn.gouv.qc.ca\/etoile\/wp-json\/wp\/v2\/comments?post=5479"}],"version-history":[{"count":0,"href":"https:\/\/cssdn.gouv.qc.ca\/etoile\/wp-json\/wp\/v2\/pages\/5479\/revisions"}],"wp:attachment":[{"href":"https:\/\/cssdn.gouv.qc.ca\/etoile\/wp-json\/wp\/v2\/media?parent=5479"}],"wp:term":[{"taxonomy":"category","embeddable":true,"href":"https:\/\/cssdn.gouv.qc.ca\/etoile\/wp-json\/wp\/v2\/categories?post=5479"},{"taxonomy":"post_tag","embeddable":true,"href":"https:\/\/cssdn.gouv.qc.ca\/etoile\/wp-json\/wp\/v2\/tags?post=5479"}],"curies":[{"name":"wp","href":"https:\/\/api.w.org\/{rel}","templated":true}]}}