
{"id":6045,"date":"2025-07-04T09:06:22","date_gmt":"2025-07-04T13:06:22","guid":{"rendered":"https:\/\/cssdn.gouv.qc.ca\/etoile\/?page_id=6045"},"modified":"2025-07-04T09:31:15","modified_gmt":"2025-07-04T13:31:15","slug":"fournitures-scolaires","status":"publish","type":"page","link":"https:\/\/cssdn.gouv.qc.ca\/etoile\/informations-aux-parents\/fournitures-scolaires\/","title":{"rendered":"Fournitures scolaires"},"content":{"rendered":"\n<div class=\"wp-block-cover alignfull is-light is-style-title-banner\"><img decoding=\"async\" class=\"wp-block-cover__image-background wp-image-111 lazyload\" alt=\"\" data-src=\"https:\/\/stage.cssdn.gouv.qc.ca\/wp-content\/uploads\/2022\/08\/Seawire-Hero-06.jpg\" data-object-fit=\"cover\" src=\"data:image\/svg+xml;base64,PHN2ZyB3aWR0aD0iMSIgaGVpZ2h0PSIxIiB4bWxucz0iaHR0cDovL3d3dy53My5vcmcvMjAwMC9zdmciPjwvc3ZnPg==\" \/><span aria-hidden=\"true\" class=\"wp-block-cover__background has-background-dim\"><\/span><div class=\"wp-block-cover__inner-container\"><h3 class=\"wp-block-post-title\">Fournitures scolaires<\/h3><\/div><\/div>\n\n\n\n<div class=\"wp-block-group alignfull has-padding-y-large has-secondary-background-color has-background\"><div class=\"yoast-breadcrumbs alignwide \"><span class=\"breadcrumbs\"><a href=\"https:\/\/cssdn.gouv.qc.ca\/etoile\/\" class=\"breadcrumbs__element\">Accueil<\/a> <span class=\"breadcrumbs__separator\">\n        <svg class=\"icon icon-breadcrumb__separator\"><use xlink:href=\"#icon-breadcrumb__separator\"><\/use><\/svg>\n    <\/span> <a href=\"https:\/\/cssdn.gouv.qc.ca\/etoile\/informations-aux-parents\/\" class=\"breadcrumbs__element\">Informations aux parents<\/a> <span class=\"breadcrumbs__separator\">\n        <svg class=\"icon icon-breadcrumb__separator\"><use xlink:href=\"#icon-breadcrumb__separator\"><\/use><\/svg>\n    <\/span> <span class=\"breadcrumbs__element breadcrumbs__element-current\">Fournitures scolaires<\/span><\/span><\/div><\/div>\n\n\n\n<h1 class=\"wp-block-heading\">Listes des fournitures scolaires 25-26<\/h1>\n\n\n\n<p class=\"wp-block-paragraph\">L&rsquo;\u00e9cole de l&rsquo;\u00c9toile s&rsquo;associe avec Technibureau pour l&rsquo;achat des fournitures scolaires. Si vous le souhaitez, vous pouvez commander sur le site: <a href=\"https:\/\/listescolaire.ca\/\">listescolaire.ca<\/a> <\/p>\n\n\n\n<p class=\"wp-block-paragraph\">Ce partenariat est \u00e9tabli pour simplifier les achats aux parents, mais il n&rsquo;est pas obligatoire d&rsquo;y participer. La livraison de votre commande se fera \u00e0 l&rsquo;\u00e9cole ou directement \u00e0 votre domicile. Vous pourrez r\u00e9cup\u00e9rer vos achats le 22 ao\u00fbt 2025 de 16h \u00e0 18h \u00e0 l&rsquo;entr\u00e9e de l&rsquo;\u00e9cole.<\/p>\n\n\n\n<div class=\"wp-block-file\"><a id=\"wp-block-file--media-839c313b-143c-4b87-aef0-0783597b087c\" href=\"https:\/\/cssdn.gouv.qc.ca\/etoile\/wp-content\/uploads\/sites\/43\/2025\/07\/Liste-de-fourniture-prescolaire.pdf\">Liste des fournitures maternelle 5 ans<\/a><a href=\"https:\/\/cssdn.gouv.qc.ca\/etoile\/wp-content\/uploads\/sites\/43\/2025\/07\/Liste-de-fourniture-prescolaire.pdf\" class=\"wp-block-file__button wp-element-button\" download aria-describedby=\"wp-block-file--media-839c313b-143c-4b87-aef0-0783597b087c\">T\u00e9l\u00e9charger<\/a><\/div>\n\n\n\n<div class=\"wp-block-file\"><a id=\"wp-block-file--media-44e534e1-1567-4058-8adf-d1ce4e6d9339\" href=\"https:\/\/cssdn.gouv.qc.ca\/etoile\/wp-content\/uploads\/sites\/43\/2025\/07\/Liste-de-fourniture-1ere-annee.pdf\">Liste des fournitures 1re ann\u00e9e<\/a><a href=\"https:\/\/cssdn.gouv.qc.ca\/etoile\/wp-content\/uploads\/sites\/43\/2025\/07\/Liste-de-fourniture-1ere-annee.pdf\" class=\"wp-block-file__button wp-element-button\" download aria-describedby=\"wp-block-file--media-44e534e1-1567-4058-8adf-d1ce4e6d9339\">T\u00e9l\u00e9charger<\/a><\/div>\n\n\n\n<div class=\"wp-block-file\"><a id=\"wp-block-file--media-b586b9f7-7004-4acc-bbf2-c4183f872bc6\" href=\"https:\/\/cssdn.gouv.qc.ca\/etoile\/wp-content\/uploads\/sites\/43\/2025\/07\/Liste-de-fourniture-2e-annee.pdf\">Liste des fournitures 2e ann\u00e9e<\/a><a href=\"https:\/\/cssdn.gouv.qc.ca\/etoile\/wp-content\/uploads\/sites\/43\/2025\/07\/Liste-de-fourniture-2e-annee.pdf\" class=\"wp-block-file__button wp-element-button\" download aria-describedby=\"wp-block-file--media-b586b9f7-7004-4acc-bbf2-c4183f872bc6\">T\u00e9l\u00e9charger<\/a><\/div>\n\n\n\n<div class=\"wp-block-file\"><a id=\"wp-block-file--media-3885f181-aeb1-49df-9544-b104568139ef\" href=\"https:\/\/cssdn.gouv.qc.ca\/etoile\/wp-content\/uploads\/sites\/43\/2025\/07\/Liste-de-fourniture-3e-annee.pdf\">Liste des fournitures 3e ann\u00e9e<\/a><a href=\"https:\/\/cssdn.gouv.qc.ca\/etoile\/wp-content\/uploads\/sites\/43\/2025\/07\/Liste-de-fourniture-3e-annee.pdf\" class=\"wp-block-file__button wp-element-button\" download aria-describedby=\"wp-block-file--media-3885f181-aeb1-49df-9544-b104568139ef\">T\u00e9l\u00e9charger<\/a><\/div>\n\n\n\n<div class=\"wp-block-file\"><a id=\"wp-block-file--media-97c0ff37-7d4a-4a2d-8cc7-41c737fc9bc9\" href=\"https:\/\/cssdn.gouv.qc.ca\/etoile\/wp-content\/uploads\/sites\/43\/2025\/07\/Liste-de-fourniture-4e-annee.pdf\">Liste des fournitures 4e ann\u00e9e<\/a><a href=\"https:\/\/cssdn.gouv.qc.ca\/etoile\/wp-content\/uploads\/sites\/43\/2025\/07\/Liste-de-fourniture-4e-annee.pdf\" class=\"wp-block-file__button wp-element-button\" download aria-describedby=\"wp-block-file--media-97c0ff37-7d4a-4a2d-8cc7-41c737fc9bc9\">T\u00e9l\u00e9charger<\/a><\/div>\n\n\n\n<div class=\"wp-block-file\"><a id=\"wp-block-file--media-9f9c1f64-b4e5-44f8-9791-0a397e15fab3\" href=\"https:\/\/cssdn.gouv.qc.ca\/etoile\/wp-content\/uploads\/sites\/43\/2025\/07\/Liste-de-fourniture-5e-annee.pdf\">Liste des fournitures 5e ann\u00e9e<\/a><a href=\"https:\/\/cssdn.gouv.qc.ca\/etoile\/wp-content\/uploads\/sites\/43\/2025\/07\/Liste-de-fourniture-5e-annee.pdf\" class=\"wp-block-file__button wp-element-button\" download aria-describedby=\"wp-block-file--media-9f9c1f64-b4e5-44f8-9791-0a397e15fab3\">T\u00e9l\u00e9charger<\/a><\/div>\n\n\n\n<div class=\"wp-block-file\"><a id=\"wp-block-file--media-964adf20-4cdb-421b-97f4-e66a6847b037\" href=\"https:\/\/cssdn.gouv.qc.ca\/etoile\/wp-content\/uploads\/sites\/43\/2025\/07\/Liste-de-fourniture-5-6-annee.pdf\">Liste des fournitures Multi 5-6 ann\u00e9e<\/a><a href=\"https:\/\/cssdn.gouv.qc.ca\/etoile\/wp-content\/uploads\/sites\/43\/2025\/07\/Liste-de-fourniture-5-6-annee.pdf\" class=\"wp-block-file__button wp-element-button\" download aria-describedby=\"wp-block-file--media-964adf20-4cdb-421b-97f4-e66a6847b037\">T\u00e9l\u00e9charger<\/a><\/div>\n\n\n\n<div class=\"wp-block-file\"><a id=\"wp-block-file--media-3e44f25e-3f8c-4c1c-a716-169ae885b23a\" href=\"https:\/\/cssdn.gouv.qc.ca\/etoile\/wp-content\/uploads\/sites\/43\/2025\/07\/Liste-de-fourniture-6-annee.pdf\">Liste des fournitures 6e ann\u00e9e<\/a><a href=\"https:\/\/cssdn.gouv.qc.ca\/etoile\/wp-content\/uploads\/sites\/43\/2025\/07\/Liste-de-fourniture-6-annee.pdf\" class=\"wp-block-file__button wp-element-button\" download aria-describedby=\"wp-block-file--media-3e44f25e-3f8c-4c1c-a716-169ae885b23a\">T\u00e9l\u00e9charger<\/a><\/div>\n\n\n\n<div class=\"wp-block-file\"><a id=\"wp-block-file--media-279995ca-648a-4a7e-ae61-2ceefe24c797\" href=\"https:\/\/cssdn.gouv.qc.ca\/etoile\/wp-content\/uploads\/sites\/43\/2025\/07\/Liste-de-fourniture-6e-annee-Anglais-intensif.pdf\">Liste des fournitures 6e ann\u00e9e &#8211; Anglais intensif<\/a><a href=\"https:\/\/cssdn.gouv.qc.ca\/etoile\/wp-content\/uploads\/sites\/43\/2025\/07\/Liste-de-fourniture-6e-annee-Anglais-intensif.pdf\" class=\"wp-block-file__button wp-element-button\" download aria-describedby=\"wp-block-file--media-279995ca-648a-4a7e-ae61-2ceefe24c797\">T\u00e9l\u00e9charger<\/a><\/div>\n\n\n","protected":false},"excerpt":{"rendered":"<p>Listes des fournitures scolaires 25-26 L&rsquo;\u00e9cole de l&rsquo;\u00c9toile s&rsquo;associe avec Technibureau pour l&rsquo;achat des fournitures scolaires. Si vous le souhaitez, vous pouvez commander sur le site: listescolaire.ca Ce partenariat est \u00e9tabli pour simplifier les achats aux parents, mais il n&rsquo;est pas obligatoire d&rsquo;y participer. La livraison de votre commande se fera \u00e0 l&rsquo;\u00e9cole ou directement [&hellip;]<\/p>\n","protected":false},"author":173,"featured_media":0,"parent":13,"menu_order":0,"comment_status":"closed","ping_status":"closed","template":"","meta":{"_acf_changed":false,"_crdt_document":"","inline_featured_image":false,"footnotes":""},"categories":[],"tags":[],"class_list":["post-6045","page","type-page","status-publish","hentry"],"acf":[],"yoast_head":"<!-- This site is optimized with the Yoast SEO plugin v27.5 - https:\/\/yoast.com\/product\/yoast-seo-wordpress\/ -->\n<title>Fournitures scolaires - \u00c9cole de l\u2019\u00c9toile<\/title>\n<meta name=\"robots\" content=\"index, follow, max-snippet:-1, max-image-preview:large, max-video-preview:-1\" \/>\n<link rel=\"canonical\" href=\"https:\/\/cssdn.gouv.qc.ca\/etoile\/informations-aux-parents\/fournitures-scolaires\/\" \/>\n<meta property=\"og:locale\" content=\"fr_CA\" \/>\n<meta property=\"og:type\" content=\"article\" \/>\n<meta property=\"og:title\" content=\"Fournitures scolaires - \u00c9cole de l\u2019\u00c9toile\" \/>\n<meta property=\"og:description\" content=\"Listes des fournitures scolaires 25-26 L&rsquo;\u00e9cole de l&rsquo;\u00c9toile s&rsquo;associe avec Technibureau pour l&rsquo;achat des fournitures scolaires. Si vous le souhaitez, vous pouvez commander sur le site: listescolaire.ca Ce partenariat est \u00e9tabli pour simplifier les achats aux parents, mais il n&rsquo;est pas obligatoire d&rsquo;y participer. La livraison de votre commande se fera \u00e0 l&rsquo;\u00e9cole ou directement [&hellip;]\" \/>\n<meta property=\"og:url\" content=\"https:\/\/cssdn.gouv.qc.ca\/etoile\/informations-aux-parents\/fournitures-scolaires\/\" \/>\n<meta property=\"og:site_name\" content=\"\u00c9cole de l\u2019\u00c9toile\" \/>\n<meta property=\"article:publisher\" content=\"https:\/\/www.facebook.com\/profile.php?id=100057324555043\" \/>\n<meta property=\"article:modified_time\" content=\"2025-07-04T13:31:15+00:00\" \/>\n<meta name=\"twitter:card\" content=\"summary_large_image\" \/>\n<meta name=\"twitter:label1\" content=\"Estimation du temps de lecture\" \/>\n\t<meta name=\"twitter:data1\" content=\"1 minute\" \/>\n<script type=\"application\/ld+json\" class=\"yoast-schema-graph\">{\"@context\":\"https:\\\/\\\/schema.org\",\"@graph\":[{\"@type\":\"WebPage\",\"@id\":\"https:\\\/\\\/cssdn.gouv.qc.ca\\\/etoile\\\/informations-aux-parents\\\/fournitures-scolaires\\\/\",\"url\":\"https:\\\/\\\/cssdn.gouv.qc.ca\\\/etoile\\\/informations-aux-parents\\\/fournitures-scolaires\\\/\",\"name\":\"Fournitures scolaires - \u00c9cole de l\u2019\u00c9toile\",\"isPartOf\":{\"@id\":\"https:\\\/\\\/cssdn.gouv.qc.ca\\\/etoile\\\/#website\"},\"primaryImageOfPage\":{\"@id\":\"https:\\\/\\\/cssdn.gouv.qc.ca\\\/etoile\\\/informations-aux-parents\\\/fournitures-scolaires\\\/#primaryimage\"},\"image\":{\"@id\":\"https:\\\/\\\/cssdn.gouv.qc.ca\\\/etoile\\\/informations-aux-parents\\\/fournitures-scolaires\\\/#primaryimage\"},\"thumbnailUrl\":\"https:\\\/\\\/stage.cssdn.gouv.qc.ca\\\/wp-content\\\/uploads\\\/2022\\\/08\\\/Seawire-Hero-06.jpg\",\"datePublished\":\"2025-07-04T13:06:22+00:00\",\"dateModified\":\"2025-07-04T13:31:15+00:00\",\"breadcrumb\":{\"@id\":\"https:\\\/\\\/cssdn.gouv.qc.ca\\\/etoile\\\/informations-aux-parents\\\/fournitures-scolaires\\\/#breadcrumb\"},\"inLanguage\":\"fr-CA\",\"potentialAction\":[{\"@type\":\"ReadAction\",\"target\":[\"https:\\\/\\\/cssdn.gouv.qc.ca\\\/etoile\\\/informations-aux-parents\\\/fournitures-scolaires\\\/\"]}]},{\"@type\":\"ImageObject\",\"inLanguage\":\"fr-CA\",\"@id\":\"https:\\\/\\\/cssdn.gouv.qc.ca\\\/etoile\\\/informations-aux-parents\\\/fournitures-scolaires\\\/#primaryimage\",\"url\":\"https:\\\/\\\/stage.cssdn.gouv.qc.ca\\\/wp-content\\\/uploads\\\/2022\\\/08\\\/Seawire-Hero-06.jpg\",\"contentUrl\":\"https:\\\/\\\/stage.cssdn.gouv.qc.ca\\\/wp-content\\\/uploads\\\/2022\\\/08\\\/Seawire-Hero-06.jpg\"},{\"@type\":\"BreadcrumbList\",\"@id\":\"https:\\\/\\\/cssdn.gouv.qc.ca\\\/etoile\\\/informations-aux-parents\\\/fournitures-scolaires\\\/#breadcrumb\",\"itemListElement\":[{\"@type\":\"ListItem\",\"position\":1,\"name\":\"Accueil\",\"item\":\"https:\\\/\\\/cssdn.gouv.qc.ca\\\/etoile\\\/\"},{\"@type\":\"ListItem\",\"position\":2,\"name\":\"Informations aux parents\",\"item\":\"https:\\\/\\\/cssdn.gouv.qc.ca\\\/etoile\\\/informations-aux-parents\\\/\"},{\"@type\":\"ListItem\",\"position\":3,\"name\":\"Fournitures scolaires\"}]},{\"@type\":\"WebSite\",\"@id\":\"https:\\\/\\\/cssdn.gouv.qc.ca\\\/etoile\\\/#website\",\"url\":\"https:\\\/\\\/cssdn.gouv.qc.ca\\\/etoile\\\/\",\"name\":\"\u00c9cole de l\u2019\u00c9toile\",\"description\":\"Un site des centres de services scolaires des Navigateurs\",\"publisher\":{\"@id\":\"https:\\\/\\\/cssdn.gouv.qc.ca\\\/etoile\\\/#organization\"},\"potentialAction\":[{\"@type\":\"SearchAction\",\"target\":{\"@type\":\"EntryPoint\",\"urlTemplate\":\"https:\\\/\\\/cssdn.gouv.qc.ca\\\/etoile\\\/?s={search_term_string}\"},\"query-input\":{\"@type\":\"PropertyValueSpecification\",\"valueRequired\":true,\"valueName\":\"search_term_string\"}}],\"inLanguage\":\"fr-CA\"},{\"@type\":\"Organization\",\"@id\":\"https:\\\/\\\/cssdn.gouv.qc.ca\\\/etoile\\\/#organization\",\"name\":\"\u00c9cole de l\u2019\u00c9toile\",\"url\":\"https:\\\/\\\/cssdn.gouv.qc.ca\\\/etoile\\\/\",\"logo\":{\"@type\":\"ImageObject\",\"inLanguage\":\"fr-CA\",\"@id\":\"https:\\\/\\\/cssdn.gouv.qc.ca\\\/etoile\\\/#\\\/schema\\\/logo\\\/image\\\/\",\"url\":\"https:\\\/\\\/cssdn.gouv.qc.ca\\\/etoile\\\/wp-content\\\/uploads\\\/sites\\\/43\\\/2023\\\/01\\\/logo_quebec.svg\",\"contentUrl\":\"https:\\\/\\\/cssdn.gouv.qc.ca\\\/etoile\\\/wp-content\\\/uploads\\\/sites\\\/43\\\/2023\\\/01\\\/logo_quebec.svg\",\"width\":188,\"height\":41,\"caption\":\"\u00c9cole de l\u2019\u00c9toile\"},\"image\":{\"@id\":\"https:\\\/\\\/cssdn.gouv.qc.ca\\\/etoile\\\/#\\\/schema\\\/logo\\\/image\\\/\"},\"sameAs\":[\"https:\\\/\\\/www.facebook.com\\\/profile.php?id=100057324555043\"]}]}<\/script>\n<!-- \/ Yoast SEO plugin. -->","yoast_head_json":{"title":"Fournitures scolaires - \u00c9cole de l\u2019\u00c9toile","robots":{"index":"index","follow":"follow","max-snippet":"max-snippet:-1","max-image-preview":"max-image-preview:large","max-video-preview":"max-video-preview:-1"},"canonical":"https:\/\/cssdn.gouv.qc.ca\/etoile\/informations-aux-parents\/fournitures-scolaires\/","og_locale":"fr_CA","og_type":"article","og_title":"Fournitures scolaires - \u00c9cole de l\u2019\u00c9toile","og_description":"Listes des fournitures scolaires 25-26 L&rsquo;\u00e9cole de l&rsquo;\u00c9toile s&rsquo;associe avec Technibureau pour l&rsquo;achat des fournitures scolaires. Si vous le souhaitez, vous pouvez commander sur le site: listescolaire.ca Ce partenariat est \u00e9tabli pour simplifier les achats aux parents, mais il n&rsquo;est pas obligatoire d&rsquo;y participer. La livraison de votre commande se fera \u00e0 l&rsquo;\u00e9cole ou directement [&hellip;]","og_url":"https:\/\/cssdn.gouv.qc.ca\/etoile\/informations-aux-parents\/fournitures-scolaires\/","og_site_name":"\u00c9cole de l\u2019\u00c9toile","article_publisher":"https:\/\/www.facebook.com\/profile.php?id=100057324555043","article_modified_time":"2025-07-04T13:31:15+00:00","twitter_card":"summary_large_image","twitter_misc":{"Estimation du temps de lecture":"1 minute"},"schema":{"@context":"https:\/\/schema.org","@graph":[{"@type":"WebPage","@id":"https:\/\/cssdn.gouv.qc.ca\/etoile\/informations-aux-parents\/fournitures-scolaires\/","url":"https:\/\/cssdn.gouv.qc.ca\/etoile\/informations-aux-parents\/fournitures-scolaires\/","name":"Fournitures scolaires - \u00c9cole de l\u2019\u00c9toile","isPartOf":{"@id":"https:\/\/cssdn.gouv.qc.ca\/etoile\/#website"},"primaryImageOfPage":{"@id":"https:\/\/cssdn.gouv.qc.ca\/etoile\/informations-aux-parents\/fournitures-scolaires\/#primaryimage"},"image":{"@id":"https:\/\/cssdn.gouv.qc.ca\/etoile\/informations-aux-parents\/fournitures-scolaires\/#primaryimage"},"thumbnailUrl":"https:\/\/stage.cssdn.gouv.qc.ca\/wp-content\/uploads\/2022\/08\/Seawire-Hero-06.jpg","datePublished":"2025-07-04T13:06:22+00:00","dateModified":"2025-07-04T13:31:15+00:00","breadcrumb":{"@id":"https:\/\/cssdn.gouv.qc.ca\/etoile\/informations-aux-parents\/fournitures-scolaires\/#breadcrumb"},"inLanguage":"fr-CA","potentialAction":[{"@type":"ReadAction","target":["https:\/\/cssdn.gouv.qc.ca\/etoile\/informations-aux-parents\/fournitures-scolaires\/"]}]},{"@type":"ImageObject","inLanguage":"fr-CA","@id":"https:\/\/cssdn.gouv.qc.ca\/etoile\/informations-aux-parents\/fournitures-scolaires\/#primaryimage","url":"https:\/\/stage.cssdn.gouv.qc.ca\/wp-content\/uploads\/2022\/08\/Seawire-Hero-06.jpg","contentUrl":"https:\/\/stage.cssdn.gouv.qc.ca\/wp-content\/uploads\/2022\/08\/Seawire-Hero-06.jpg"},{"@type":"BreadcrumbList","@id":"https:\/\/cssdn.gouv.qc.ca\/etoile\/informations-aux-parents\/fournitures-scolaires\/#breadcrumb","itemListElement":[{"@type":"ListItem","position":1,"name":"Accueil","item":"https:\/\/cssdn.gouv.qc.ca\/etoile\/"},{"@type":"ListItem","position":2,"name":"Informations aux parents","item":"https:\/\/cssdn.gouv.qc.ca\/etoile\/informations-aux-parents\/"},{"@type":"ListItem","position":3,"name":"Fournitures scolaires"}]},{"@type":"WebSite","@id":"https:\/\/cssdn.gouv.qc.ca\/etoile\/#website","url":"https:\/\/cssdn.gouv.qc.ca\/etoile\/","name":"\u00c9cole de l\u2019\u00c9toile","description":"Un site des centres de services scolaires des Navigateurs","publisher":{"@id":"https:\/\/cssdn.gouv.qc.ca\/etoile\/#organization"},"potentialAction":[{"@type":"SearchAction","target":{"@type":"EntryPoint","urlTemplate":"https:\/\/cssdn.gouv.qc.ca\/etoile\/?s={search_term_string}"},"query-input":{"@type":"PropertyValueSpecification","valueRequired":true,"valueName":"search_term_string"}}],"inLanguage":"fr-CA"},{"@type":"Organization","@id":"https:\/\/cssdn.gouv.qc.ca\/etoile\/#organization","name":"\u00c9cole de l\u2019\u00c9toile","url":"https:\/\/cssdn.gouv.qc.ca\/etoile\/","logo":{"@type":"ImageObject","inLanguage":"fr-CA","@id":"https:\/\/cssdn.gouv.qc.ca\/etoile\/#\/schema\/logo\/image\/","url":"https:\/\/cssdn.gouv.qc.ca\/etoile\/wp-content\/uploads\/sites\/43\/2023\/01\/logo_quebec.svg","contentUrl":"https:\/\/cssdn.gouv.qc.ca\/etoile\/wp-content\/uploads\/sites\/43\/2023\/01\/logo_quebec.svg","width":188,"height":41,"caption":"\u00c9cole de l\u2019\u00c9toile"},"image":{"@id":"https:\/\/cssdn.gouv.qc.ca\/etoile\/#\/schema\/logo\/image\/"},"sameAs":["https:\/\/www.facebook.com\/profile.php?id=100057324555043"]}]}},"publishpress_future_action":{"enabled":false,"date":"2026-05-20 00:24:28","action":"change-status","newStatus":"draft","terms":[],"taxonomy":"category","extraData":[]},"publishpress_future_workflow_manual_trigger":{"enabledWorkflows":[]},"_links":{"self":[{"href":"https:\/\/cssdn.gouv.qc.ca\/etoile\/wp-json\/wp\/v2\/pages\/6045","targetHints":{"allow":["GET"]}}],"collection":[{"href":"https:\/\/cssdn.gouv.qc.ca\/etoile\/wp-json\/wp\/v2\/pages"}],"about":[{"href":"https:\/\/cssdn.gouv.qc.ca\/etoile\/wp-json\/wp\/v2\/types\/page"}],"author":[{"embeddable":true,"href":"https:\/\/cssdn.gouv.qc.ca\/etoile\/wp-json\/wp\/v2\/users\/173"}],"replies":[{"embeddable":true,"href":"https:\/\/cssdn.gouv.qc.ca\/etoile\/wp-json\/wp\/v2\/comments?post=6045"}],"version-history":[{"count":0,"href":"https:\/\/cssdn.gouv.qc.ca\/etoile\/wp-json\/wp\/v2\/pages\/6045\/revisions"}],"up":[{"embeddable":true,"href":"https:\/\/cssdn.gouv.qc.ca\/etoile\/wp-json\/wp\/v2\/pages\/13"}],"wp:attachment":[{"href":"https:\/\/cssdn.gouv.qc.ca\/etoile\/wp-json\/wp\/v2\/media?parent=6045"}],"wp:term":[{"taxonomy":"category","embeddable":true,"href":"https:\/\/cssdn.gouv.qc.ca\/etoile\/wp-json\/wp\/v2\/categories?post=6045"},{"taxonomy":"post_tag","embeddable":true,"href":"https:\/\/cssdn.gouv.qc.ca\/etoile\/wp-json\/wp\/v2\/tags?post=6045"}],"curies":[{"name":"wp","href":"https:\/\/api.w.org\/{rel}","templated":true}]}}