
{"id":8,"date":"2022-11-08T16:07:54","date_gmt":"2022-11-08T21:07:54","guid":{"rendered":"https:\/\/cssdn.gouv.qc.ca\/etoile\/a-propos\/horaire-et-calendrier\/"},"modified":"2025-03-05T15:21:11","modified_gmt":"2025-03-05T20:21:11","slug":"horaire-et-calendrier","status":"publish","type":"page","link":"https:\/\/cssdn.gouv.qc.ca\/etoile\/informations-aux-parents\/horaire-et-calendrier\/","title":{"rendered":"Horaire et calendrier"},"content":{"rendered":"\n<div class=\"wp-block-cover alignfull is-light is-style-title-banner\"><span aria-hidden=\"true\" class=\"wp-block-cover__background has-primary-background-color has-background-dim\"><\/span><img decoding=\"async\" class=\"wp-block-cover__image-background wp-image-111 lazyload\" alt=\"\" data-src=\"https:\/\/cssdn.gouv.qc.ca\/wp-content\/uploads\/2022\/08\/Seawire-Hero-06.jpg\" data-object-fit=\"cover\" src=\"data:image\/svg+xml;base64,PHN2ZyB3aWR0aD0iMSIgaGVpZ2h0PSIxIiB4bWxucz0iaHR0cDovL3d3dy53My5vcmcvMjAwMC9zdmciPjwvc3ZnPg==\" \/><div class=\"wp-block-cover__inner-container\"><h3 class=\"wp-block-post-title\">Horaire et calendrier<\/h3><\/div><\/div>\n\n\n\n<div class=\"wp-block-group alignfull has-padding-y-large has-secondary-background-color has-background\"><div class=\"yoast-breadcrumbs alignwide \"><span class=\"breadcrumbs\"><a href=\"https:\/\/cssdn.gouv.qc.ca\/etoile\/\" class=\"breadcrumbs__element\">Accueil<\/a> <span class=\"breadcrumbs__separator\">\n        <svg class=\"icon icon-breadcrumb__separator\"><use xlink:href=\"#icon-breadcrumb__separator\"><\/use><\/svg>\n    <\/span> <a href=\"https:\/\/cssdn.gouv.qc.ca\/etoile\/informations-aux-parents\/\" class=\"breadcrumbs__element\">Informations aux parents<\/a> <span class=\"breadcrumbs__separator\">\n        <svg class=\"icon icon-breadcrumb__separator\"><use xlink:href=\"#icon-breadcrumb__separator\"><\/use><\/svg>\n    <\/span> <span class=\"breadcrumbs__element breadcrumbs__element-current\">Horaire et calendrier<\/span><\/span><\/div><\/div>\n\n\n\n<div class=\"wp-block-file\"><a id=\"wp-block-file--media-460c400d-bf1d-4ddc-b1f7-2aea44a10a34\" href=\"https:\/\/cssdn.gouv.qc.ca\/etoile\/wp-content\/uploads\/sites\/43\/2025\/03\/Calendrier-PRIMAIRE-2025-2026-CSSDN_Version-corrigee_2025-03-04_parents.pdf\">Calendrier PRIMAIRE 2025-2026 <\/a><a href=\"https:\/\/cssdn.gouv.qc.ca\/etoile\/wp-content\/uploads\/sites\/43\/2025\/03\/Calendrier-PRIMAIRE-2025-2026-CSSDN_Version-corrigee_2025-03-04_parents.pdf\" class=\"wp-block-file__button wp-element-button\" download aria-describedby=\"wp-block-file--media-460c400d-bf1d-4ddc-b1f7-2aea44a10a34\">T\u00e9l\u00e9charger<\/a><\/div>\n\n\n\n<h2 class=\"wp-block-heading\"><strong>HORAIRES DE L\u2019\u00c9COLE<\/strong><\/h2>\n\n\n\n<p class=\"wp-block-paragraph\"><strong>Secr\u00e9tariat<\/strong><\/p>\n\n\n\n<p class=\"wp-block-paragraph\"><strong>AM&nbsp;<\/strong>7h30 \u00e0 11h30<\/p>\n\n\n\n<p class=\"wp-block-paragraph\"><strong>PM&nbsp;<\/strong>12h30&nbsp;\u00e0 15h30<\/p>\n\n\n\n<p class=\"wp-block-paragraph\"><strong>Pr\u00e9scolaire<\/strong><\/p>\n\n\n\n<p class=\"wp-block-paragraph\"><strong>AM <\/strong>7h45&nbsp;\u00e0 11h10<\/p>\n\n\n\n<p class=\"wp-block-paragraph\"><strong>PM&nbsp;<\/strong>12h40&nbsp;\u00e0 14h02<\/p>\n\n\n\n<p class=\"wp-block-paragraph\"><strong>Primaire<\/strong><\/p>\n\n\n\n<p class=\"wp-block-paragraph\"><strong>AM <\/strong>7h45&nbsp;\u00e0 11h15<\/p>\n\n\n\n<p class=\"wp-block-paragraph\"><strong>PM&nbsp;<\/strong>12h40&nbsp;\u00e0 15h05<\/p>\n\n\n\n<p class=\"wp-block-paragraph\"><strong>Service de garde<\/strong><\/p>\n\n\n\n<p class=\"wp-block-paragraph\"><strong>AM&nbsp;<\/strong>7h00 \u00e0 7h45<\/p>\n\n\n\n<p class=\"wp-block-paragraph\"><strong>D\u00ceNER&nbsp;<\/strong>11h15 \u00e0 12h40<\/p>\n\n\n\n<p class=\"wp-block-paragraph\"><strong>PM&nbsp;<\/strong>14h02&nbsp;\u00e0 18h00 (pr\u00e9scolaire)<\/p>\n\n\n\n<p class=\"wp-block-paragraph\">&nbsp;&nbsp;&nbsp;&nbsp;&nbsp;&nbsp;&nbsp; 15h05 \u00e0 18h00 (primaire)<\/p>\n","protected":false},"excerpt":{"rendered":"<p>HORAIRES DE L\u2019\u00c9COLE Secr\u00e9tariat AM&nbsp;7h30 \u00e0 11h30 PM&nbsp;12h30&nbsp;\u00e0 15h30 Pr\u00e9scolaire AM 7h45&nbsp;\u00e0 11h10 PM&nbsp;12h40&nbsp;\u00e0 14h02 Primaire AM 7h45&nbsp;\u00e0 11h15 PM&nbsp;12h40&nbsp;\u00e0 15h05 Service de garde AM&nbsp;7h00 \u00e0 7h45 D\u00ceNER&nbsp;11h15 \u00e0 12h40 PM&nbsp;14h02&nbsp;\u00e0 18h00 (pr\u00e9scolaire) &nbsp;&nbsp;&nbsp;&nbsp;&nbsp;&nbsp;&nbsp; 15h05 \u00e0 18h00 (primaire)<\/p>\n","protected":false},"author":1,"featured_media":0,"parent":13,"menu_order":0,"comment_status":"closed","ping_status":"closed","template":"","meta":{"_acf_changed":false,"_crdt_document":"","inline_featured_image":false,"footnotes":""},"categories":[],"tags":[],"class_list":["post-8","page","type-page","status-publish","hentry"],"acf":[],"yoast_head":"<!-- This site is optimized with the Yoast SEO plugin v27.3 - https:\/\/yoast.com\/product\/yoast-seo-wordpress\/ -->\n<title>Horaire et calendrier - \u00c9cole de l\u2019\u00c9toile<\/title>\n<meta name=\"robots\" content=\"index, follow, max-snippet:-1, max-image-preview:large, max-video-preview:-1\" \/>\n<link rel=\"canonical\" href=\"https:\/\/cssdn.gouv.qc.ca\/etoile\/informations-aux-parents\/horaire-et-calendrier\/\" \/>\n<meta property=\"og:locale\" content=\"fr_CA\" \/>\n<meta property=\"og:type\" content=\"article\" \/>\n<meta property=\"og:title\" content=\"Horaire et calendrier - \u00c9cole de l\u2019\u00c9toile\" \/>\n<meta property=\"og:description\" content=\"HORAIRES DE L\u2019\u00c9COLE Secr\u00e9tariat AM&nbsp;7h30 \u00e0 11h30 PM&nbsp;12h30&nbsp;\u00e0 15h30 Pr\u00e9scolaire AM 7h45&nbsp;\u00e0 11h10 PM&nbsp;12h40&nbsp;\u00e0 14h02 Primaire AM 7h45&nbsp;\u00e0 11h15 PM&nbsp;12h40&nbsp;\u00e0 15h05 Service de garde AM&nbsp;7h00 \u00e0 7h45 D\u00ceNER&nbsp;11h15 \u00e0 12h40 PM&nbsp;14h02&nbsp;\u00e0 18h00 (pr\u00e9scolaire) &nbsp;&nbsp;&nbsp;&nbsp;&nbsp;&nbsp;&nbsp; 15h05 \u00e0 18h00 (primaire)\" \/>\n<meta property=\"og:url\" content=\"https:\/\/cssdn.gouv.qc.ca\/etoile\/informations-aux-parents\/horaire-et-calendrier\/\" \/>\n<meta property=\"og:site_name\" content=\"\u00c9cole de l\u2019\u00c9toile\" \/>\n<meta property=\"article:publisher\" content=\"https:\/\/www.facebook.com\/profile.php?id=100057324555043\" \/>\n<meta property=\"article:modified_time\" content=\"2025-03-05T20:21:11+00:00\" \/>\n<meta name=\"twitter:card\" content=\"summary_large_image\" \/>\n<meta name=\"twitter:label1\" content=\"Estimation du temps de lecture\" \/>\n\t<meta name=\"twitter:data1\" content=\"1 minute\" \/>\n<script type=\"application\/ld+json\" class=\"yoast-schema-graph\">{\"@context\":\"https:\\\/\\\/schema.org\",\"@graph\":[{\"@type\":\"WebPage\",\"@id\":\"https:\\\/\\\/cssdn.gouv.qc.ca\\\/etoile\\\/informations-aux-parents\\\/horaire-et-calendrier\\\/\",\"url\":\"https:\\\/\\\/cssdn.gouv.qc.ca\\\/etoile\\\/informations-aux-parents\\\/horaire-et-calendrier\\\/\",\"name\":\"Horaire et calendrier - \u00c9cole de l\u2019\u00c9toile\",\"isPartOf\":{\"@id\":\"https:\\\/\\\/cssdn.gouv.qc.ca\\\/etoile\\\/#website\"},\"primaryImageOfPage\":{\"@id\":\"https:\\\/\\\/cssdn.gouv.qc.ca\\\/etoile\\\/informations-aux-parents\\\/horaire-et-calendrier\\\/#primaryimage\"},\"image\":{\"@id\":\"https:\\\/\\\/cssdn.gouv.qc.ca\\\/etoile\\\/informations-aux-parents\\\/horaire-et-calendrier\\\/#primaryimage\"},\"thumbnailUrl\":\"https:\\\/\\\/cssdn.gouv.qc.ca\\\/wp-content\\\/uploads\\\/2022\\\/08\\\/Seawire-Hero-06.jpg\",\"datePublished\":\"2022-11-08T21:07:54+00:00\",\"dateModified\":\"2025-03-05T20:21:11+00:00\",\"breadcrumb\":{\"@id\":\"https:\\\/\\\/cssdn.gouv.qc.ca\\\/etoile\\\/informations-aux-parents\\\/horaire-et-calendrier\\\/#breadcrumb\"},\"inLanguage\":\"fr-CA\",\"potentialAction\":[{\"@type\":\"ReadAction\",\"target\":[\"https:\\\/\\\/cssdn.gouv.qc.ca\\\/etoile\\\/informations-aux-parents\\\/horaire-et-calendrier\\\/\"]}]},{\"@type\":\"ImageObject\",\"inLanguage\":\"fr-CA\",\"@id\":\"https:\\\/\\\/cssdn.gouv.qc.ca\\\/etoile\\\/informations-aux-parents\\\/horaire-et-calendrier\\\/#primaryimage\",\"url\":\"https:\\\/\\\/cssdn.gouv.qc.ca\\\/wp-content\\\/uploads\\\/2022\\\/08\\\/Seawire-Hero-06.jpg\",\"contentUrl\":\"https:\\\/\\\/cssdn.gouv.qc.ca\\\/wp-content\\\/uploads\\\/2022\\\/08\\\/Seawire-Hero-06.jpg\"},{\"@type\":\"BreadcrumbList\",\"@id\":\"https:\\\/\\\/cssdn.gouv.qc.ca\\\/etoile\\\/informations-aux-parents\\\/horaire-et-calendrier\\\/#breadcrumb\",\"itemListElement\":[{\"@type\":\"ListItem\",\"position\":1,\"name\":\"Accueil\",\"item\":\"https:\\\/\\\/cssdn.gouv.qc.ca\\\/etoile\\\/\"},{\"@type\":\"ListItem\",\"position\":2,\"name\":\"Informations aux parents\",\"item\":\"https:\\\/\\\/cssdn.gouv.qc.ca\\\/etoile\\\/informations-aux-parents\\\/\"},{\"@type\":\"ListItem\",\"position\":3,\"name\":\"Horaire et calendrier\"}]},{\"@type\":\"WebSite\",\"@id\":\"https:\\\/\\\/cssdn.gouv.qc.ca\\\/etoile\\\/#website\",\"url\":\"https:\\\/\\\/cssdn.gouv.qc.ca\\\/etoile\\\/\",\"name\":\"\u00c9cole de l\u2019\u00c9toile\",\"description\":\"Un site des centres de services scolaires des Navigateurs\",\"publisher\":{\"@id\":\"https:\\\/\\\/cssdn.gouv.qc.ca\\\/etoile\\\/#organization\"},\"potentialAction\":[{\"@type\":\"SearchAction\",\"target\":{\"@type\":\"EntryPoint\",\"urlTemplate\":\"https:\\\/\\\/cssdn.gouv.qc.ca\\\/etoile\\\/?s={search_term_string}\"},\"query-input\":{\"@type\":\"PropertyValueSpecification\",\"valueRequired\":true,\"valueName\":\"search_term_string\"}}],\"inLanguage\":\"fr-CA\"},{\"@type\":\"Organization\",\"@id\":\"https:\\\/\\\/cssdn.gouv.qc.ca\\\/etoile\\\/#organization\",\"name\":\"\u00c9cole de l\u2019\u00c9toile\",\"url\":\"https:\\\/\\\/cssdn.gouv.qc.ca\\\/etoile\\\/\",\"logo\":{\"@type\":\"ImageObject\",\"inLanguage\":\"fr-CA\",\"@id\":\"https:\\\/\\\/cssdn.gouv.qc.ca\\\/etoile\\\/#\\\/schema\\\/logo\\\/image\\\/\",\"url\":\"https:\\\/\\\/cssdn.gouv.qc.ca\\\/etoile\\\/wp-content\\\/uploads\\\/sites\\\/43\\\/2023\\\/01\\\/logo_quebec.svg\",\"contentUrl\":\"https:\\\/\\\/cssdn.gouv.qc.ca\\\/etoile\\\/wp-content\\\/uploads\\\/sites\\\/43\\\/2023\\\/01\\\/logo_quebec.svg\",\"width\":188,\"height\":41,\"caption\":\"\u00c9cole de l\u2019\u00c9toile\"},\"image\":{\"@id\":\"https:\\\/\\\/cssdn.gouv.qc.ca\\\/etoile\\\/#\\\/schema\\\/logo\\\/image\\\/\"},\"sameAs\":[\"https:\\\/\\\/www.facebook.com\\\/profile.php?id=100057324555043\"]}]}<\/script>\n<!-- \/ Yoast SEO plugin. -->","yoast_head_json":{"title":"Horaire et calendrier - \u00c9cole de l\u2019\u00c9toile","robots":{"index":"index","follow":"follow","max-snippet":"max-snippet:-1","max-image-preview":"max-image-preview:large","max-video-preview":"max-video-preview:-1"},"canonical":"https:\/\/cssdn.gouv.qc.ca\/etoile\/informations-aux-parents\/horaire-et-calendrier\/","og_locale":"fr_CA","og_type":"article","og_title":"Horaire et calendrier - \u00c9cole de l\u2019\u00c9toile","og_description":"HORAIRES DE L\u2019\u00c9COLE Secr\u00e9tariat AM&nbsp;7h30 \u00e0 11h30 PM&nbsp;12h30&nbsp;\u00e0 15h30 Pr\u00e9scolaire AM 7h45&nbsp;\u00e0 11h10 PM&nbsp;12h40&nbsp;\u00e0 14h02 Primaire AM 7h45&nbsp;\u00e0 11h15 PM&nbsp;12h40&nbsp;\u00e0 15h05 Service de garde AM&nbsp;7h00 \u00e0 7h45 D\u00ceNER&nbsp;11h15 \u00e0 12h40 PM&nbsp;14h02&nbsp;\u00e0 18h00 (pr\u00e9scolaire) &nbsp;&nbsp;&nbsp;&nbsp;&nbsp;&nbsp;&nbsp; 15h05 \u00e0 18h00 (primaire)","og_url":"https:\/\/cssdn.gouv.qc.ca\/etoile\/informations-aux-parents\/horaire-et-calendrier\/","og_site_name":"\u00c9cole de l\u2019\u00c9toile","article_publisher":"https:\/\/www.facebook.com\/profile.php?id=100057324555043","article_modified_time":"2025-03-05T20:21:11+00:00","twitter_card":"summary_large_image","twitter_misc":{"Estimation du temps de lecture":"1 minute"},"schema":{"@context":"https:\/\/schema.org","@graph":[{"@type":"WebPage","@id":"https:\/\/cssdn.gouv.qc.ca\/etoile\/informations-aux-parents\/horaire-et-calendrier\/","url":"https:\/\/cssdn.gouv.qc.ca\/etoile\/informations-aux-parents\/horaire-et-calendrier\/","name":"Horaire et calendrier - \u00c9cole de l\u2019\u00c9toile","isPartOf":{"@id":"https:\/\/cssdn.gouv.qc.ca\/etoile\/#website"},"primaryImageOfPage":{"@id":"https:\/\/cssdn.gouv.qc.ca\/etoile\/informations-aux-parents\/horaire-et-calendrier\/#primaryimage"},"image":{"@id":"https:\/\/cssdn.gouv.qc.ca\/etoile\/informations-aux-parents\/horaire-et-calendrier\/#primaryimage"},"thumbnailUrl":"https:\/\/cssdn.gouv.qc.ca\/wp-content\/uploads\/2022\/08\/Seawire-Hero-06.jpg","datePublished":"2022-11-08T21:07:54+00:00","dateModified":"2025-03-05T20:21:11+00:00","breadcrumb":{"@id":"https:\/\/cssdn.gouv.qc.ca\/etoile\/informations-aux-parents\/horaire-et-calendrier\/#breadcrumb"},"inLanguage":"fr-CA","potentialAction":[{"@type":"ReadAction","target":["https:\/\/cssdn.gouv.qc.ca\/etoile\/informations-aux-parents\/horaire-et-calendrier\/"]}]},{"@type":"ImageObject","inLanguage":"fr-CA","@id":"https:\/\/cssdn.gouv.qc.ca\/etoile\/informations-aux-parents\/horaire-et-calendrier\/#primaryimage","url":"https:\/\/cssdn.gouv.qc.ca\/wp-content\/uploads\/2022\/08\/Seawire-Hero-06.jpg","contentUrl":"https:\/\/cssdn.gouv.qc.ca\/wp-content\/uploads\/2022\/08\/Seawire-Hero-06.jpg"},{"@type":"BreadcrumbList","@id":"https:\/\/cssdn.gouv.qc.ca\/etoile\/informations-aux-parents\/horaire-et-calendrier\/#breadcrumb","itemListElement":[{"@type":"ListItem","position":1,"name":"Accueil","item":"https:\/\/cssdn.gouv.qc.ca\/etoile\/"},{"@type":"ListItem","position":2,"name":"Informations aux parents","item":"https:\/\/cssdn.gouv.qc.ca\/etoile\/informations-aux-parents\/"},{"@type":"ListItem","position":3,"name":"Horaire et calendrier"}]},{"@type":"WebSite","@id":"https:\/\/cssdn.gouv.qc.ca\/etoile\/#website","url":"https:\/\/cssdn.gouv.qc.ca\/etoile\/","name":"\u00c9cole de l\u2019\u00c9toile","description":"Un site des centres de services scolaires des Navigateurs","publisher":{"@id":"https:\/\/cssdn.gouv.qc.ca\/etoile\/#organization"},"potentialAction":[{"@type":"SearchAction","target":{"@type":"EntryPoint","urlTemplate":"https:\/\/cssdn.gouv.qc.ca\/etoile\/?s={search_term_string}"},"query-input":{"@type":"PropertyValueSpecification","valueRequired":true,"valueName":"search_term_string"}}],"inLanguage":"fr-CA"},{"@type":"Organization","@id":"https:\/\/cssdn.gouv.qc.ca\/etoile\/#organization","name":"\u00c9cole de l\u2019\u00c9toile","url":"https:\/\/cssdn.gouv.qc.ca\/etoile\/","logo":{"@type":"ImageObject","inLanguage":"fr-CA","@id":"https:\/\/cssdn.gouv.qc.ca\/etoile\/#\/schema\/logo\/image\/","url":"https:\/\/cssdn.gouv.qc.ca\/etoile\/wp-content\/uploads\/sites\/43\/2023\/01\/logo_quebec.svg","contentUrl":"https:\/\/cssdn.gouv.qc.ca\/etoile\/wp-content\/uploads\/sites\/43\/2023\/01\/logo_quebec.svg","width":188,"height":41,"caption":"\u00c9cole de l\u2019\u00c9toile"},"image":{"@id":"https:\/\/cssdn.gouv.qc.ca\/etoile\/#\/schema\/logo\/image\/"},"sameAs":["https:\/\/www.facebook.com\/profile.php?id=100057324555043"]}]}},"publishpress_future_action":{"enabled":false,"date":"2026-04-12 12:32:00","action":"change-status","newStatus":"draft","terms":[],"taxonomy":"category","extraData":[]},"publishpress_future_workflow_manual_trigger":{"enabledWorkflows":[]},"_links":{"self":[{"href":"https:\/\/cssdn.gouv.qc.ca\/etoile\/wp-json\/wp\/v2\/pages\/8","targetHints":{"allow":["GET"]}}],"collection":[{"href":"https:\/\/cssdn.gouv.qc.ca\/etoile\/wp-json\/wp\/v2\/pages"}],"about":[{"href":"https:\/\/cssdn.gouv.qc.ca\/etoile\/wp-json\/wp\/v2\/types\/page"}],"author":[{"embeddable":true,"href":"https:\/\/cssdn.gouv.qc.ca\/etoile\/wp-json\/wp\/v2\/users\/1"}],"replies":[{"embeddable":true,"href":"https:\/\/cssdn.gouv.qc.ca\/etoile\/wp-json\/wp\/v2\/comments?post=8"}],"version-history":[{"count":0,"href":"https:\/\/cssdn.gouv.qc.ca\/etoile\/wp-json\/wp\/v2\/pages\/8\/revisions"}],"up":[{"embeddable":true,"href":"https:\/\/cssdn.gouv.qc.ca\/etoile\/wp-json\/wp\/v2\/pages\/13"}],"wp:attachment":[{"href":"https:\/\/cssdn.gouv.qc.ca\/etoile\/wp-json\/wp\/v2\/media?parent=8"}],"wp:term":[{"taxonomy":"category","embeddable":true,"href":"https:\/\/cssdn.gouv.qc.ca\/etoile\/wp-json\/wp\/v2\/categories?post=8"},{"taxonomy":"post_tag","embeddable":true,"href":"https:\/\/cssdn.gouv.qc.ca\/etoile\/wp-json\/wp\/v2\/tags?post=8"}],"curies":[{"name":"wp","href":"https:\/\/api.w.org\/{rel}","templated":true}]}}