
{"id":9,"date":"2022-11-08T16:07:54","date_gmt":"2022-11-08T21:07:54","guid":{"rendered":"https:\/\/cssdn.gouv.qc.ca\/etoile\/a-propos\/notre-equipe\/"},"modified":"2025-12-18T09:21:23","modified_gmt":"2025-12-18T14:21:23","slug":"notre-equipe","status":"publish","type":"page","link":"https:\/\/cssdn.gouv.qc.ca\/etoile\/a-propos\/notre-equipe\/","title":{"rendered":"Notre \u00e9quipe"},"content":{"rendered":"\n<div class=\"wp-block-cover alignfull is-light is-style-title-banner\"><img decoding=\"async\" class=\"wp-block-cover__image-background wp-image-111 lazyload\" alt=\"\" data-src=\"https:\/\/cssdn.gouv.qc.ca\/wp-content\/uploads\/2022\/08\/Seawire-Hero-06.jpg\" data-object-fit=\"cover\" src=\"data:image\/svg+xml;base64,PHN2ZyB3aWR0aD0iMSIgaGVpZ2h0PSIxIiB4bWxucz0iaHR0cDovL3d3dy53My5vcmcvMjAwMC9zdmciPjwvc3ZnPg==\" \/><span aria-hidden=\"true\" class=\"wp-block-cover__background has-primary-background-color has-background-dim\"><\/span><div class=\"wp-block-cover__inner-container\"><h3 class=\"wp-block-post-title\">Notre \u00e9quipe<\/h3><\/div><\/div>\n\n\n\n<div class=\"wp-block-group alignfull has-padding-y-large has-secondary-background-color has-background\"><div class=\"yoast-breadcrumbs alignwide \"><span class=\"breadcrumbs\"><a href=\"https:\/\/cssdn.gouv.qc.ca\/etoile\/\" class=\"breadcrumbs__element\">Accueil<\/a> <span class=\"breadcrumbs__separator\">\n        <svg class=\"icon icon-breadcrumb__separator\"><use xlink:href=\"#icon-breadcrumb__separator\"><\/use><\/svg>\n    <\/span> <a href=\"https:\/\/cssdn.gouv.qc.ca\/etoile\/a-propos\/\" class=\"breadcrumbs__element\">\u00c0 propos<\/a> <span class=\"breadcrumbs__separator\">\n        <svg class=\"icon icon-breadcrumb__separator\"><use xlink:href=\"#icon-breadcrumb__separator\"><\/use><\/svg>\n    <\/span> <span class=\"breadcrumbs__element breadcrumbs__element-current\">Notre \u00e9quipe<\/span><\/span><\/div><\/div>\n\n\n\n<h3 class=\"wp-block-heading\">Personnel<\/h3>\n\n\n\n<p class=\"wp-block-paragraph\"><strong>DIRECTION D&rsquo;\u00c9COLE ET SOUTIEN<\/strong><\/p>\n\n\n\n<p class=\"wp-block-paragraph\">Marie-\u00c8ve Gagnon, directrice<\/p>\n\n\n\n<p class=\"wp-block-paragraph\">S\u00e9verine Eudelin, secr\u00e9taire d&rsquo;\u00e9cole<\/p>\n\n\n\n<p class=\"wp-block-paragraph\">Nicole H\u00e9bert, secr\u00e9taire<\/p>\n\n\n\n<p class=\"wp-block-paragraph\">Karine Martineau, responsable du service de garde<br><br>&nbsp;<\/p>\n\n\n\n<p class=\"wp-block-paragraph\"><strong>LE PERSONNEL ENSEIGNANT<\/strong><\/p>\n\n\n\n<p class=\"wp-block-paragraph\"><strong><em>PR\u00c9SCOLAIRE<\/em><\/strong><\/p>\n\n\n\n<p class=\"wp-block-paragraph\"><strong>Passe-partout 4 ans<\/strong><\/p>\n\n\n\n<ul class=\"wp-block-list\">\n<li>Audrey Gu\u00e9rin<\/li>\n<\/ul>\n\n\n\n<p class=\"wp-block-paragraph\"><strong>Maternelle 5 ans<\/strong><\/p>\n\n\n\n<ul class=\"wp-block-list\">\n<li>V\u00e9ronique Pigeon Hall\u00e9e<\/li>\n\n\n\n<li>M\u00e9lanie Chass\u00e9<\/li>\n\n\n\n<li>Jos\u00e9e Fecteau<\/li>\n<\/ul>\n\n\n\n<p class=\"wp-block-paragraph\">Compl\u00e9ment de t\u00e2che: St\u00e9phanie Gagnon<\/p>\n\n\n\n<p class=\"wp-block-paragraph\"><strong><em>Primaire<\/em><\/strong><\/p>\n\n\n\n<p class=\"wp-block-paragraph\"><strong>1<sup>re<\/sup>&nbsp;ann\u00e9e<\/strong><\/p>\n\n\n\n<ul class=\"wp-block-list\">\n<li>Julie S\u00e9n\u00e9chal<\/li>\n\n\n\n<li>Cathy Hochu&nbsp;<\/li>\n\n\n\n<li>M\u00e9lanie Bouchard<\/li>\n<\/ul>\n\n\n\n<p class=\"wp-block-paragraph\">Compl\u00e9ment de t\u00e2che: Dariane Guilbeault <\/p>\n\n\n\n<ul class=\"wp-block-list\">\n<li><\/li>\n<\/ul>\n\n\n\n<p class=\"wp-block-paragraph\"><strong>2<sup>e<\/sup>&nbsp;ann\u00e9e<\/strong><\/p>\n\n\n\n<ul class=\"wp-block-list\">\n<li>Marie-Claude Lehoux<\/li>\n\n\n\n<li>Annick Desch\u00eanes<\/li>\n\n\n\n<li>Kim Gr\u00e9goire<\/li>\n<\/ul>\n\n\n\n<p class=\"wp-block-paragraph\">Compl\u00e9ment de t\u00e2che: Dariane Guilbeault <\/p>\n\n\n\n<ul class=\"wp-block-list\">\n<li><\/li>\n<\/ul>\n\n\n\n<p class=\"wp-block-paragraph\"><strong>3<sup>e<\/sup>&nbsp;ann\u00e9e<\/strong><\/p>\n\n\n\n<ul class=\"wp-block-list\">\n<li>Meggie Ouellet<\/li>\n\n\n\n<li>Sandra Vachon Roseberry<\/li>\n\n\n\n<li>Karine Lemay<\/li>\n<\/ul>\n\n\n\n<p class=\"wp-block-paragraph\">Compl\u00e9ment de t\u00e2che: Dariane Guilbeault <\/p>\n\n\n\n<ul class=\"wp-block-list\">\n<li><\/li>\n<\/ul>\n\n\n\n<p class=\"wp-block-paragraph\"><strong>4<sup>e<\/sup>&nbsp;ann\u00e9e<\/strong><\/p>\n\n\n\n<ul class=\"wp-block-list\">\n<li>\u00c9milie Sirois-Bruneau<\/li>\n\n\n\n<li>Janie C\u00f4t\u00e9<\/li>\n\n\n\n<li>Emanulah Husic<\/li>\n<\/ul>\n\n\n\n<p class=\"wp-block-paragraph\">Compl\u00e9ment de t\u00e2che: Ariane Bourgault (\u00c9milie)<\/p>\n\n\n\n<p class=\"wp-block-paragraph\">Compl\u00e9ment de t\u00e2che: Dariane Guilbeault (Janie)<\/p>\n\n\n\n<p class=\"wp-block-paragraph\"><strong>5<sup>e <\/sup>ann\u00e9e<\/strong><\/p>\n\n\n\n<ul class=\"wp-block-list\">\n<li>Sandra Couture<\/li>\n\n\n\n<li>Kim Blouin<\/li>\n<\/ul>\n\n\n\n<p class=\"wp-block-paragraph\"><strong>5<sup>e<\/sup> et 6<sup>e<\/sup> ann\u00e9e<\/strong><\/p>\n\n\n\n<ul class=\"wp-block-list\">\n<li>\u00c9milie Rossignol<\/li>\n<\/ul>\n\n\n\n<p class=\"wp-block-paragraph\">Compl\u00e9ment de t\u00e2che: Dariane Guilbeault<\/p>\n\n\n\n<p class=\"wp-block-paragraph\"><strong>6<sup>e<\/sup> ann\u00e9e<\/strong><\/p>\n\n\n\n<ul class=\"wp-block-list\">\n<li>Caroline Poulin (anglais intensif)<\/li>\n\n\n\n<li>Marie-Mich\u00e8le Mercier<\/li>\n\n\n\n<li>Marie-\u00c8ve Picard<\/li>\n<\/ul>\n\n\n\n<p class=\"wp-block-paragraph\">Compl\u00e9ment de t\u00e2che: Dariane Guilbeault <\/p>\n\n\n\n<p class=\"wp-block-paragraph\"><em><strong>SP\u00c9CIALISTES<\/strong><\/em><\/p>\n\n\n\n<p class=\"wp-block-paragraph\"><strong>Anglais<\/strong><\/p>\n\n\n\n<ul class=\"wp-block-list\">\n<li>Sarah-Jeanne L\u00e9vesque-Voyer<\/li>\n\n\n\n<li>Daniel Bouchard<\/li>\n<\/ul>\n\n\n\n<p class=\"wp-block-paragraph\"><strong>\u00c9ducation physique<\/strong><\/p>\n\n\n\n<ul class=\"wp-block-list\">\n<li>Marie-No\u00eblle T\u00eatu<\/li>\n\n\n\n<li>Yannick B\u00e9land<\/li>\n<\/ul>\n\n\n\n<p class=\"wp-block-paragraph\"><strong>Musique<\/strong><\/p>\n\n\n\n<ul class=\"wp-block-list\">\n<li>Myriam S\u00e9n\u00e9chal<\/li>\n<\/ul>\n\n\n\n<p class=\"wp-block-paragraph\"><strong><em>LES SERVICES COMPL\u00c9MENTAIRES ET PARTICULIERS<\/em><\/strong><\/p>\n\n\n\n<ul class=\"wp-block-list\">\n<li>Judith Petit, Orthop\u00e9dagogue<\/li>\n\n\n\n<li>Catherine No\u00ebl, Orthop\u00e9dagogue<\/li>\n\n\n\n<li>Jo-Annie Paquet, Orthop\u00e9dagogue<\/li>\n\n\n\n<li>Kathyop\u00e9e Allen, Agente de r\u00e9adaptation<\/li>\n\n\n\n<li>Myriam Deschamps,&nbsp;Orthophoniste<\/li>\n\n\n\n<li>Gabrielle Dumont-Levesque, Ergoth\u00e9rapeute<\/li>\n\n\n\n<li>Catherine Perrier, \u00e9ducatrice&nbsp;sp\u00e9cialis\u00e9e<\/li>\n\n\n\n<li>Florence Sirois, \u00e9ducatrice sp\u00e9cialis\u00e9e<\/li>\n\n\n\n<li>Audrey B\u00e9gin, \u00e9ducatrice&nbsp;sp\u00e9cialis\u00e9<\/li>\n\n\n\n<li>Andr\u00e9a Guay-Cloutier, \u00e9ducatrice&nbsp;sp\u00e9cialis\u00e9e<\/li>\n\n\n\n<li>Laurie Labrecque, \u00e9ducatrice sp\u00e9cialis\u00e9e<\/li>\n\n\n\n<li>Kelly-Ann Pelletier, \u00e9ducatrice sp\u00e9cialis\u00e9e<\/li>\n<\/ul>\n\n\n\n<p class=\"wp-block-paragraph\"><strong>Infirmi\u00e8re<\/strong><\/p>\n\n\n\n<ul class=\"wp-block-list\">\n<li>Am\u00e9lie Drouin <\/li>\n<\/ul>\n\n\n\n<p class=\"wp-block-paragraph\"><strong>Service de garde<\/strong><\/p>\n\n\n\n<ul class=\"wp-block-list\">\n<li>Karine Martineau, responsable<\/li>\n\n\n\n<li>Jos\u00e9e Lahaie, \u00e9ducatrice classe principale&nbsp;<\/li>\n<\/ul>\n\n\n\n<p class=\"wp-block-paragraph\"><strong>\u00c9ducatrices<\/strong><\/p>\n\n\n\n<ul class=\"wp-block-list\">\n<li>Genevi\u00e8ve Lefebvre, pr\u00e9scolaire<\/li>\n\n\n\n<li>Said El Akbari, pr\u00e9scolaire<\/li>\n\n\n\n<li>Doris D\u00e9ry, pr\u00e9scolaire<\/li>\n<\/ul>\n\n\n\n<ul class=\"wp-block-list\">\n<li>Karima Bentamer, 1<sup>re<\/sup> ann\u00e9e<\/li>\n\n\n\n<li>Takoua Fassatoui, 1<sup>re<\/sup> ann\u00e9e<\/li>\n\n\n\n<li>Djamila Kaci, 1<sup>re<\/sup> ann\u00e9e<\/li>\n<\/ul>\n\n\n\n<ul class=\"wp-block-list\">\n<li>Marie-Julie Emond, 2<sup>e<\/sup> ann\u00e9e<\/li>\n\n\n\n<li>Jos\u00e9e Dufour, 2<sup>e<\/sup> ann\u00e9e<\/li>\n\n\n\n<li>V\u00e9ronica Lamontagne,  2<sup>e<\/sup> ann\u00e9e<\/li>\n<\/ul>\n\n\n\n<ul class=\"wp-block-list\">\n<li>Salma Louati, 3<sup>e<\/sup> ann\u00e9e<\/li>\n\n\n\n<li>Alexis Bernard, 3<sup>e<\/sup> ann\u00e9e<\/li>\n\n\n\n<li>Monique L\u00e9vesque, 3<sup>e<\/sup> ann\u00e9e<\/li>\n<\/ul>\n\n\n\n<ul class=\"wp-block-list\">\n<li>Jos\u00e9e Grenier, 4<sup>e<\/sup> ann\u00e9e<\/li>\n\n\n\n<li>Laurie Labrecque, 4<sup>e<\/sup> ann\u00e9e<\/li>\n\n\n\n<li>Johanne Gagnon, 4<sup>e<\/sup> ann\u00e9e<\/li>\n<\/ul>\n\n\n\n<ul class=\"wp-block-list\">\n<li>Guillaume Fr\u00e9nette, 5e ann\u00e9e<\/li>\n\n\n\n<li>Julie Lecours,  5e et 6<sup>e<\/sup> ann\u00e9e<\/li>\n<\/ul>\n\n\n\n<ul class=\"wp-block-list\">\n<li>Katherine Jolin, 6e ann\u00e9e<\/li>\n\n\n\n<li>Lou Philippe Paquet, 6e ann\u00e9e<\/li>\n\n\n\n<li>Th\u00e9r\u00e8se Laflamme,  6e ann\u00e9e<\/li>\n<\/ul>\n\n\n\n<p class=\"wp-block-paragraph\"><strong>\u00c9quipe volante<\/strong><\/p>\n\n\n\n<ul class=\"wp-block-list\">\n<li>Emy Fay Couture<\/li>\n\n\n\n<li>Gabrielle Fontaine<\/li>\n\n\n\n<li>Am\u00e9lie Lavoie<\/li>\n\n\n\n<li>Lauriane Roy<\/li>\n\n\n\n<li>Audrey-Maude Boucher<\/li>\n\n\n\n<li>Danielle Gagnon<\/li>\n\n\n\n<li>Laurie-\u00c8ve Marcoux<\/li>\n<\/ul>\n","protected":false},"excerpt":{"rendered":"<p>Personnel DIRECTION D&rsquo;\u00c9COLE ET SOUTIEN Marie-\u00c8ve Gagnon, directrice S\u00e9verine Eudelin, secr\u00e9taire d&rsquo;\u00e9cole Nicole H\u00e9bert, secr\u00e9taire Karine Martineau, responsable du service de garde &nbsp; LE PERSONNEL ENSEIGNANT PR\u00c9SCOLAIRE Passe-partout 4 ans Maternelle 5 ans Compl\u00e9ment de t\u00e2che: St\u00e9phanie Gagnon Primaire 1re&nbsp;ann\u00e9e Compl\u00e9ment de t\u00e2che: Dariane Guilbeault 2e&nbsp;ann\u00e9e Compl\u00e9ment de t\u00e2che: Dariane Guilbeault 3e&nbsp;ann\u00e9e Compl\u00e9ment de t\u00e2che: [&hellip;]<\/p>\n","protected":false},"author":1,"featured_media":0,"parent":6,"menu_order":0,"comment_status":"closed","ping_status":"closed","template":"","meta":{"_acf_changed":false,"_crdt_document":"","inline_featured_image":false,"footnotes":""},"categories":[],"tags":[],"class_list":["post-9","page","type-page","status-publish","hentry"],"acf":[],"yoast_head":"<!-- This site is optimized with the Yoast SEO plugin v27.4 - https:\/\/yoast.com\/product\/yoast-seo-wordpress\/ -->\n<title>Notre \u00e9quipe - \u00c9cole de l\u2019\u00c9toile<\/title>\n<meta name=\"robots\" content=\"index, follow, max-snippet:-1, max-image-preview:large, max-video-preview:-1\" \/>\n<link rel=\"canonical\" href=\"https:\/\/cssdn.gouv.qc.ca\/etoile\/a-propos\/notre-equipe\/\" \/>\n<meta property=\"og:locale\" content=\"fr_CA\" \/>\n<meta property=\"og:type\" content=\"article\" \/>\n<meta property=\"og:title\" content=\"Notre \u00e9quipe - \u00c9cole de l\u2019\u00c9toile\" \/>\n<meta property=\"og:description\" content=\"Personnel DIRECTION D&rsquo;\u00c9COLE ET SOUTIEN Marie-\u00c8ve Gagnon, directrice S\u00e9verine Eudelin, secr\u00e9taire d&rsquo;\u00e9cole Nicole H\u00e9bert, secr\u00e9taire Karine Martineau, responsable du service de garde &nbsp; LE PERSONNEL ENSEIGNANT PR\u00c9SCOLAIRE Passe-partout 4 ans Maternelle 5 ans Compl\u00e9ment de t\u00e2che: St\u00e9phanie Gagnon Primaire 1re&nbsp;ann\u00e9e Compl\u00e9ment de t\u00e2che: Dariane Guilbeault 2e&nbsp;ann\u00e9e Compl\u00e9ment de t\u00e2che: Dariane Guilbeault 3e&nbsp;ann\u00e9e Compl\u00e9ment de t\u00e2che: [&hellip;]\" \/>\n<meta property=\"og:url\" content=\"https:\/\/cssdn.gouv.qc.ca\/etoile\/a-propos\/notre-equipe\/\" \/>\n<meta property=\"og:site_name\" content=\"\u00c9cole de l\u2019\u00c9toile\" \/>\n<meta property=\"article:publisher\" content=\"https:\/\/www.facebook.com\/profile.php?id=100057324555043\" \/>\n<meta property=\"article:modified_time\" content=\"2025-12-18T14:21:23+00:00\" \/>\n<meta name=\"twitter:card\" content=\"summary_large_image\" \/>\n<meta name=\"twitter:label1\" content=\"Estimation du temps de lecture\" \/>\n\t<meta name=\"twitter:data1\" content=\"2 minutes\" \/>\n<script type=\"application\/ld+json\" class=\"yoast-schema-graph\">{\"@context\":\"https:\\\/\\\/schema.org\",\"@graph\":[{\"@type\":\"WebPage\",\"@id\":\"https:\\\/\\\/cssdn.gouv.qc.ca\\\/etoile\\\/a-propos\\\/notre-equipe\\\/\",\"url\":\"https:\\\/\\\/cssdn.gouv.qc.ca\\\/etoile\\\/a-propos\\\/notre-equipe\\\/\",\"name\":\"Notre \u00e9quipe - \u00c9cole de l\u2019\u00c9toile\",\"isPartOf\":{\"@id\":\"https:\\\/\\\/cssdn.gouv.qc.ca\\\/etoile\\\/#website\"},\"primaryImageOfPage\":{\"@id\":\"https:\\\/\\\/cssdn.gouv.qc.ca\\\/etoile\\\/a-propos\\\/notre-equipe\\\/#primaryimage\"},\"image\":{\"@id\":\"https:\\\/\\\/cssdn.gouv.qc.ca\\\/etoile\\\/a-propos\\\/notre-equipe\\\/#primaryimage\"},\"thumbnailUrl\":\"https:\\\/\\\/cssdn.gouv.qc.ca\\\/wp-content\\\/uploads\\\/2022\\\/08\\\/Seawire-Hero-06.jpg\",\"datePublished\":\"2022-11-08T21:07:54+00:00\",\"dateModified\":\"2025-12-18T14:21:23+00:00\",\"breadcrumb\":{\"@id\":\"https:\\\/\\\/cssdn.gouv.qc.ca\\\/etoile\\\/a-propos\\\/notre-equipe\\\/#breadcrumb\"},\"inLanguage\":\"fr-CA\",\"potentialAction\":[{\"@type\":\"ReadAction\",\"target\":[\"https:\\\/\\\/cssdn.gouv.qc.ca\\\/etoile\\\/a-propos\\\/notre-equipe\\\/\"]}]},{\"@type\":\"ImageObject\",\"inLanguage\":\"fr-CA\",\"@id\":\"https:\\\/\\\/cssdn.gouv.qc.ca\\\/etoile\\\/a-propos\\\/notre-equipe\\\/#primaryimage\",\"url\":\"https:\\\/\\\/cssdn.gouv.qc.ca\\\/wp-content\\\/uploads\\\/2022\\\/08\\\/Seawire-Hero-06.jpg\",\"contentUrl\":\"https:\\\/\\\/cssdn.gouv.qc.ca\\\/wp-content\\\/uploads\\\/2022\\\/08\\\/Seawire-Hero-06.jpg\"},{\"@type\":\"BreadcrumbList\",\"@id\":\"https:\\\/\\\/cssdn.gouv.qc.ca\\\/etoile\\\/a-propos\\\/notre-equipe\\\/#breadcrumb\",\"itemListElement\":[{\"@type\":\"ListItem\",\"position\":1,\"name\":\"Accueil\",\"item\":\"https:\\\/\\\/cssdn.gouv.qc.ca\\\/etoile\\\/\"},{\"@type\":\"ListItem\",\"position\":2,\"name\":\"\u00c0 propos\",\"item\":\"https:\\\/\\\/cssdn.gouv.qc.ca\\\/etoile\\\/a-propos\\\/\"},{\"@type\":\"ListItem\",\"position\":3,\"name\":\"Notre \u00e9quipe\"}]},{\"@type\":\"WebSite\",\"@id\":\"https:\\\/\\\/cssdn.gouv.qc.ca\\\/etoile\\\/#website\",\"url\":\"https:\\\/\\\/cssdn.gouv.qc.ca\\\/etoile\\\/\",\"name\":\"\u00c9cole de l\u2019\u00c9toile\",\"description\":\"Un site des centres de services scolaires des Navigateurs\",\"publisher\":{\"@id\":\"https:\\\/\\\/cssdn.gouv.qc.ca\\\/etoile\\\/#organization\"},\"potentialAction\":[{\"@type\":\"SearchAction\",\"target\":{\"@type\":\"EntryPoint\",\"urlTemplate\":\"https:\\\/\\\/cssdn.gouv.qc.ca\\\/etoile\\\/?s={search_term_string}\"},\"query-input\":{\"@type\":\"PropertyValueSpecification\",\"valueRequired\":true,\"valueName\":\"search_term_string\"}}],\"inLanguage\":\"fr-CA\"},{\"@type\":\"Organization\",\"@id\":\"https:\\\/\\\/cssdn.gouv.qc.ca\\\/etoile\\\/#organization\",\"name\":\"\u00c9cole de l\u2019\u00c9toile\",\"url\":\"https:\\\/\\\/cssdn.gouv.qc.ca\\\/etoile\\\/\",\"logo\":{\"@type\":\"ImageObject\",\"inLanguage\":\"fr-CA\",\"@id\":\"https:\\\/\\\/cssdn.gouv.qc.ca\\\/etoile\\\/#\\\/schema\\\/logo\\\/image\\\/\",\"url\":\"https:\\\/\\\/cssdn.gouv.qc.ca\\\/etoile\\\/wp-content\\\/uploads\\\/sites\\\/43\\\/2023\\\/01\\\/logo_quebec.svg\",\"contentUrl\":\"https:\\\/\\\/cssdn.gouv.qc.ca\\\/etoile\\\/wp-content\\\/uploads\\\/sites\\\/43\\\/2023\\\/01\\\/logo_quebec.svg\",\"width\":188,\"height\":41,\"caption\":\"\u00c9cole de l\u2019\u00c9toile\"},\"image\":{\"@id\":\"https:\\\/\\\/cssdn.gouv.qc.ca\\\/etoile\\\/#\\\/schema\\\/logo\\\/image\\\/\"},\"sameAs\":[\"https:\\\/\\\/www.facebook.com\\\/profile.php?id=100057324555043\"]}]}<\/script>\n<!-- \/ Yoast SEO plugin. -->","yoast_head_json":{"title":"Notre \u00e9quipe - \u00c9cole de l\u2019\u00c9toile","robots":{"index":"index","follow":"follow","max-snippet":"max-snippet:-1","max-image-preview":"max-image-preview:large","max-video-preview":"max-video-preview:-1"},"canonical":"https:\/\/cssdn.gouv.qc.ca\/etoile\/a-propos\/notre-equipe\/","og_locale":"fr_CA","og_type":"article","og_title":"Notre \u00e9quipe - \u00c9cole de l\u2019\u00c9toile","og_description":"Personnel DIRECTION D&rsquo;\u00c9COLE ET SOUTIEN Marie-\u00c8ve Gagnon, directrice S\u00e9verine Eudelin, secr\u00e9taire d&rsquo;\u00e9cole Nicole H\u00e9bert, secr\u00e9taire Karine Martineau, responsable du service de garde &nbsp; LE PERSONNEL ENSEIGNANT PR\u00c9SCOLAIRE Passe-partout 4 ans Maternelle 5 ans Compl\u00e9ment de t\u00e2che: St\u00e9phanie Gagnon Primaire 1re&nbsp;ann\u00e9e Compl\u00e9ment de t\u00e2che: Dariane Guilbeault 2e&nbsp;ann\u00e9e Compl\u00e9ment de t\u00e2che: Dariane Guilbeault 3e&nbsp;ann\u00e9e Compl\u00e9ment de t\u00e2che: [&hellip;]","og_url":"https:\/\/cssdn.gouv.qc.ca\/etoile\/a-propos\/notre-equipe\/","og_site_name":"\u00c9cole de l\u2019\u00c9toile","article_publisher":"https:\/\/www.facebook.com\/profile.php?id=100057324555043","article_modified_time":"2025-12-18T14:21:23+00:00","twitter_card":"summary_large_image","twitter_misc":{"Estimation du temps de lecture":"2 minutes"},"schema":{"@context":"https:\/\/schema.org","@graph":[{"@type":"WebPage","@id":"https:\/\/cssdn.gouv.qc.ca\/etoile\/a-propos\/notre-equipe\/","url":"https:\/\/cssdn.gouv.qc.ca\/etoile\/a-propos\/notre-equipe\/","name":"Notre \u00e9quipe - \u00c9cole de l\u2019\u00c9toile","isPartOf":{"@id":"https:\/\/cssdn.gouv.qc.ca\/etoile\/#website"},"primaryImageOfPage":{"@id":"https:\/\/cssdn.gouv.qc.ca\/etoile\/a-propos\/notre-equipe\/#primaryimage"},"image":{"@id":"https:\/\/cssdn.gouv.qc.ca\/etoile\/a-propos\/notre-equipe\/#primaryimage"},"thumbnailUrl":"https:\/\/cssdn.gouv.qc.ca\/wp-content\/uploads\/2022\/08\/Seawire-Hero-06.jpg","datePublished":"2022-11-08T21:07:54+00:00","dateModified":"2025-12-18T14:21:23+00:00","breadcrumb":{"@id":"https:\/\/cssdn.gouv.qc.ca\/etoile\/a-propos\/notre-equipe\/#breadcrumb"},"inLanguage":"fr-CA","potentialAction":[{"@type":"ReadAction","target":["https:\/\/cssdn.gouv.qc.ca\/etoile\/a-propos\/notre-equipe\/"]}]},{"@type":"ImageObject","inLanguage":"fr-CA","@id":"https:\/\/cssdn.gouv.qc.ca\/etoile\/a-propos\/notre-equipe\/#primaryimage","url":"https:\/\/cssdn.gouv.qc.ca\/wp-content\/uploads\/2022\/08\/Seawire-Hero-06.jpg","contentUrl":"https:\/\/cssdn.gouv.qc.ca\/wp-content\/uploads\/2022\/08\/Seawire-Hero-06.jpg"},{"@type":"BreadcrumbList","@id":"https:\/\/cssdn.gouv.qc.ca\/etoile\/a-propos\/notre-equipe\/#breadcrumb","itemListElement":[{"@type":"ListItem","position":1,"name":"Accueil","item":"https:\/\/cssdn.gouv.qc.ca\/etoile\/"},{"@type":"ListItem","position":2,"name":"\u00c0 propos","item":"https:\/\/cssdn.gouv.qc.ca\/etoile\/a-propos\/"},{"@type":"ListItem","position":3,"name":"Notre \u00e9quipe"}]},{"@type":"WebSite","@id":"https:\/\/cssdn.gouv.qc.ca\/etoile\/#website","url":"https:\/\/cssdn.gouv.qc.ca\/etoile\/","name":"\u00c9cole de l\u2019\u00c9toile","description":"Un site des centres de services scolaires des Navigateurs","publisher":{"@id":"https:\/\/cssdn.gouv.qc.ca\/etoile\/#organization"},"potentialAction":[{"@type":"SearchAction","target":{"@type":"EntryPoint","urlTemplate":"https:\/\/cssdn.gouv.qc.ca\/etoile\/?s={search_term_string}"},"query-input":{"@type":"PropertyValueSpecification","valueRequired":true,"valueName":"search_term_string"}}],"inLanguage":"fr-CA"},{"@type":"Organization","@id":"https:\/\/cssdn.gouv.qc.ca\/etoile\/#organization","name":"\u00c9cole de l\u2019\u00c9toile","url":"https:\/\/cssdn.gouv.qc.ca\/etoile\/","logo":{"@type":"ImageObject","inLanguage":"fr-CA","@id":"https:\/\/cssdn.gouv.qc.ca\/etoile\/#\/schema\/logo\/image\/","url":"https:\/\/cssdn.gouv.qc.ca\/etoile\/wp-content\/uploads\/sites\/43\/2023\/01\/logo_quebec.svg","contentUrl":"https:\/\/cssdn.gouv.qc.ca\/etoile\/wp-content\/uploads\/sites\/43\/2023\/01\/logo_quebec.svg","width":188,"height":41,"caption":"\u00c9cole de l\u2019\u00c9toile"},"image":{"@id":"https:\/\/cssdn.gouv.qc.ca\/etoile\/#\/schema\/logo\/image\/"},"sameAs":["https:\/\/www.facebook.com\/profile.php?id=100057324555043"]}]}},"publishpress_future_action":{"enabled":false,"date":"2026-04-27 17:20:06","action":"change-status","newStatus":"draft","terms":[],"taxonomy":"category","extraData":[]},"publishpress_future_workflow_manual_trigger":{"enabledWorkflows":[]},"_links":{"self":[{"href":"https:\/\/cssdn.gouv.qc.ca\/etoile\/wp-json\/wp\/v2\/pages\/9","targetHints":{"allow":["GET"]}}],"collection":[{"href":"https:\/\/cssdn.gouv.qc.ca\/etoile\/wp-json\/wp\/v2\/pages"}],"about":[{"href":"https:\/\/cssdn.gouv.qc.ca\/etoile\/wp-json\/wp\/v2\/types\/page"}],"author":[{"embeddable":true,"href":"https:\/\/cssdn.gouv.qc.ca\/etoile\/wp-json\/wp\/v2\/users\/1"}],"replies":[{"embeddable":true,"href":"https:\/\/cssdn.gouv.qc.ca\/etoile\/wp-json\/wp\/v2\/comments?post=9"}],"version-history":[{"count":0,"href":"https:\/\/cssdn.gouv.qc.ca\/etoile\/wp-json\/wp\/v2\/pages\/9\/revisions"}],"up":[{"embeddable":true,"href":"https:\/\/cssdn.gouv.qc.ca\/etoile\/wp-json\/wp\/v2\/pages\/6"}],"wp:attachment":[{"href":"https:\/\/cssdn.gouv.qc.ca\/etoile\/wp-json\/wp\/v2\/media?parent=9"}],"wp:term":[{"taxonomy":"category","embeddable":true,"href":"https:\/\/cssdn.gouv.qc.ca\/etoile\/wp-json\/wp\/v2\/categories?post=9"},{"taxonomy":"post_tag","embeddable":true,"href":"https:\/\/cssdn.gouv.qc.ca\/etoile\/wp-json\/wp\/v2\/tags?post=9"}],"curies":[{"name":"wp","href":"https:\/\/api.w.org\/{rel}","templated":true}]}}