
{"id":17,"date":"2022-11-08T16:07:56","date_gmt":"2022-11-08T21:07:56","guid":{"rendered":"https:\/\/cssdn.gouv.qc.ca\/grandvoilier\/vie-scolaire\/"},"modified":"2023-01-04T14:40:11","modified_gmt":"2023-01-04T19:40:11","slug":"vie-scolaire","status":"publish","type":"page","link":"https:\/\/cssdn.gouv.qc.ca\/grandvoilier\/vie-scolaire\/","title":{"rendered":"Vie scolaire"},"content":{"rendered":"\n<div class=\"wp-block-cover alignfull is-light is-style-title-banner\"><span aria-hidden=\"true\" class=\"wp-block-cover__background has-primary-background-color has-background-dim\"><\/span><img decoding=\"async\" class=\"wp-block-cover__image-background wp-image-111 lazyload\" alt=\"\" data-src=\"https:\/\/cssdn.gouv.qc.ca\/wp-content\/uploads\/2022\/08\/Seawire-Hero-06.jpg\" data-object-fit=\"cover\" src=\"data:image\/svg+xml;base64,PHN2ZyB3aWR0aD0iMSIgaGVpZ2h0PSIxIiB4bWxucz0iaHR0cDovL3d3dy53My5vcmcvMjAwMC9zdmciPjwvc3ZnPg==\" \/><div class=\"wp-block-cover__inner-container\"><h3 class=\"wp-block-post-title\">Vie scolaire<\/h3><\/div><\/div>\n\n\n\n<div class=\"wp-block-group alignfull has-padding-y-large has-secondary-background-color has-background\"><div class=\"yoast-breadcrumbs alignwide \"><span class=\"breadcrumbs\"><a href=\"https:\/\/cssdn.gouv.qc.ca\/grandvoilier\/\" class=\"breadcrumbs__element\">Accueil<\/a> <span class=\"breadcrumbs__separator\">\n        <svg class=\"icon icon-breadcrumb__separator\"><use xlink:href=\"#icon-breadcrumb__separator\"><\/use><\/svg>\n    <\/span> <span class=\"breadcrumbs__element breadcrumbs__element-current\">Vie scolaire<\/span><\/span><\/div><\/div>\n\n\n\n<div class=\"act-collapsible\">\n<h5 class=\"act-collapsible__heading wp-block-heading\">Conseil \u00e9tudiant <\/h5>\n\n\n\n<div class=\"act-collapsible__content\"><div class=\"act-collapsible__content-inner\">\n<p class=\"wp-block-paragraph\">Le conseil \u00e9tudiant de l\u2019\u00e9cole du Grand-Voilier encourage la participation des \u00e9l\u00e8ves aux d\u00e9cisions touchant la vie de leur \u00e9cole. L\u2019implication des jeunes contribue alors au d\u00e9veloppement d\u2019un plus grand sentiment d\u2019appartenance \u00e0 leur milieu de vie. Le conseil \u00e9tudiant permet aux jeunes d\u2019apprendre et de mettre en pratique des valeurs d\u00e9mocratiques pour le bien de tous les \u00e9l\u00e8ves.<\/p>\n\n\n\n<p class=\"wp-block-paragraph\">\u00c0 l\u2019automne&nbsp;2022-2023, le conseil \u00e9tudiant de l\u2019\u00e9cole du Grand-Voilier a \u00e9t\u00e9 constitu\u00e9.<\/p>\n\n\n\n<p class=\"wp-block-paragraph\"><strong>Conseil \u00e9tudiant&nbsp;2022-2023<\/strong><\/p>\n<\/div><\/div>\n<\/div>\n","protected":false},"excerpt":{"rendered":"","protected":false},"author":1,"featured_media":0,"parent":0,"menu_order":50,"comment_status":"closed","ping_status":"closed","template":"","meta":{"_acf_changed":false,"_crdt_document":"","inline_featured_image":false,"footnotes":""},"categories":[],"tags":[],"class_list":["post-17","page","type-page","status-publish","hentry"],"acf":[],"yoast_head":"<!-- This site is optimized with the Yoast SEO plugin v27.4 - https:\/\/yoast.com\/product\/yoast-seo-wordpress\/ -->\n<title>Vie scolaire - \u00c9cole du Grand-Voilier<\/title>\n<meta name=\"robots\" content=\"index, follow, max-snippet:-1, max-image-preview:large, max-video-preview:-1\" \/>\n<link rel=\"canonical\" href=\"https:\/\/cssdn.gouv.qc.ca\/grandvoilier\/vie-scolaire\/\" \/>\n<meta property=\"og:locale\" content=\"fr_CA\" \/>\n<meta property=\"og:type\" content=\"article\" \/>\n<meta property=\"og:title\" content=\"Vie scolaire - \u00c9cole du Grand-Voilier\" \/>\n<meta property=\"og:url\" content=\"https:\/\/cssdn.gouv.qc.ca\/grandvoilier\/vie-scolaire\/\" \/>\n<meta property=\"og:site_name\" content=\"\u00c9cole du Grand-Voilier\" \/>\n<meta property=\"article:publisher\" content=\"https:\/\/www.facebook.com\/GrandVoilier\" \/>\n<meta property=\"article:modified_time\" content=\"2023-01-04T19:40:11+00:00\" \/>\n<meta property=\"og:image\" content=\"https:\/\/cssdn.gouv.qc.ca\/wp-content\/uploads\/2022\/08\/Seawire-Hero-06.jpg\" \/>\n<meta name=\"twitter:card\" content=\"summary_large_image\" \/>\n<meta name=\"twitter:label1\" content=\"Estimation du temps de lecture\" \/>\n\t<meta name=\"twitter:data1\" content=\"1 minute\" \/>\n<script type=\"application\/ld+json\" class=\"yoast-schema-graph\">{\"@context\":\"https:\\\/\\\/schema.org\",\"@graph\":[{\"@type\":\"WebPage\",\"@id\":\"https:\\\/\\\/cssdn.gouv.qc.ca\\\/grandvoilier\\\/vie-scolaire\\\/\",\"url\":\"https:\\\/\\\/cssdn.gouv.qc.ca\\\/grandvoilier\\\/vie-scolaire\\\/\",\"name\":\"Vie scolaire - \u00c9cole du Grand-Voilier\",\"isPartOf\":{\"@id\":\"https:\\\/\\\/cssdn.gouv.qc.ca\\\/grandvoilier\\\/#website\"},\"primaryImageOfPage\":{\"@id\":\"https:\\\/\\\/cssdn.gouv.qc.ca\\\/grandvoilier\\\/vie-scolaire\\\/#primaryimage\"},\"image\":{\"@id\":\"https:\\\/\\\/cssdn.gouv.qc.ca\\\/grandvoilier\\\/vie-scolaire\\\/#primaryimage\"},\"thumbnailUrl\":\"https:\\\/\\\/cssdn.gouv.qc.ca\\\/wp-content\\\/uploads\\\/2022\\\/08\\\/Seawire-Hero-06.jpg\",\"datePublished\":\"2022-11-08T21:07:56+00:00\",\"dateModified\":\"2023-01-04T19:40:11+00:00\",\"breadcrumb\":{\"@id\":\"https:\\\/\\\/cssdn.gouv.qc.ca\\\/grandvoilier\\\/vie-scolaire\\\/#breadcrumb\"},\"inLanguage\":\"fr-CA\",\"potentialAction\":[{\"@type\":\"ReadAction\",\"target\":[\"https:\\\/\\\/cssdn.gouv.qc.ca\\\/grandvoilier\\\/vie-scolaire\\\/\"]}]},{\"@type\":\"ImageObject\",\"inLanguage\":\"fr-CA\",\"@id\":\"https:\\\/\\\/cssdn.gouv.qc.ca\\\/grandvoilier\\\/vie-scolaire\\\/#primaryimage\",\"url\":\"https:\\\/\\\/cssdn.gouv.qc.ca\\\/wp-content\\\/uploads\\\/2022\\\/08\\\/Seawire-Hero-06.jpg\",\"contentUrl\":\"https:\\\/\\\/cssdn.gouv.qc.ca\\\/wp-content\\\/uploads\\\/2022\\\/08\\\/Seawire-Hero-06.jpg\"},{\"@type\":\"BreadcrumbList\",\"@id\":\"https:\\\/\\\/cssdn.gouv.qc.ca\\\/grandvoilier\\\/vie-scolaire\\\/#breadcrumb\",\"itemListElement\":[{\"@type\":\"ListItem\",\"position\":1,\"name\":\"Accueil\",\"item\":\"https:\\\/\\\/cssdn.gouv.qc.ca\\\/grandvoilier\\\/\"},{\"@type\":\"ListItem\",\"position\":2,\"name\":\"Vie scolaire\"}]},{\"@type\":\"WebSite\",\"@id\":\"https:\\\/\\\/cssdn.gouv.qc.ca\\\/grandvoilier\\\/#website\",\"url\":\"https:\\\/\\\/cssdn.gouv.qc.ca\\\/grandvoilier\\\/\",\"name\":\"\u00c9cole du Grand-Voilier\",\"description\":\"Un site des centres de services scolaires des Navigateurs\",\"publisher\":{\"@id\":\"https:\\\/\\\/cssdn.gouv.qc.ca\\\/grandvoilier\\\/#organization\"},\"potentialAction\":[{\"@type\":\"SearchAction\",\"target\":{\"@type\":\"EntryPoint\",\"urlTemplate\":\"https:\\\/\\\/cssdn.gouv.qc.ca\\\/grandvoilier\\\/?s={search_term_string}\"},\"query-input\":{\"@type\":\"PropertyValueSpecification\",\"valueRequired\":true,\"valueName\":\"search_term_string\"}}],\"inLanguage\":\"fr-CA\"},{\"@type\":\"Organization\",\"@id\":\"https:\\\/\\\/cssdn.gouv.qc.ca\\\/grandvoilier\\\/#organization\",\"name\":\"\u00c9cole du Grand-Voilier\",\"url\":\"https:\\\/\\\/cssdn.gouv.qc.ca\\\/grandvoilier\\\/\",\"logo\":{\"@type\":\"ImageObject\",\"inLanguage\":\"fr-CA\",\"@id\":\"https:\\\/\\\/cssdn.gouv.qc.ca\\\/grandvoilier\\\/#\\\/schema\\\/logo\\\/image\\\/\",\"url\":\"https:\\\/\\\/cssdn.gouv.qc.ca\\\/grandvoilier\\\/wp-content\\\/uploads\\\/sites\\\/45\\\/2023\\\/01\\\/logo_quebec.svg\",\"contentUrl\":\"https:\\\/\\\/cssdn.gouv.qc.ca\\\/grandvoilier\\\/wp-content\\\/uploads\\\/sites\\\/45\\\/2023\\\/01\\\/logo_quebec.svg\",\"width\":188,\"height\":41,\"caption\":\"\u00c9cole du Grand-Voilier\"},\"image\":{\"@id\":\"https:\\\/\\\/cssdn.gouv.qc.ca\\\/grandvoilier\\\/#\\\/schema\\\/logo\\\/image\\\/\"},\"sameAs\":[\"https:\\\/\\\/www.facebook.com\\\/GrandVoilier\"]}]}<\/script>\n<!-- \/ Yoast SEO plugin. -->","yoast_head_json":{"title":"Vie scolaire - \u00c9cole du Grand-Voilier","robots":{"index":"index","follow":"follow","max-snippet":"max-snippet:-1","max-image-preview":"max-image-preview:large","max-video-preview":"max-video-preview:-1"},"canonical":"https:\/\/cssdn.gouv.qc.ca\/grandvoilier\/vie-scolaire\/","og_locale":"fr_CA","og_type":"article","og_title":"Vie scolaire - \u00c9cole du Grand-Voilier","og_url":"https:\/\/cssdn.gouv.qc.ca\/grandvoilier\/vie-scolaire\/","og_site_name":"\u00c9cole du Grand-Voilier","article_publisher":"https:\/\/www.facebook.com\/GrandVoilier","article_modified_time":"2023-01-04T19:40:11+00:00","og_image":[{"url":"https:\/\/cssdn.gouv.qc.ca\/wp-content\/uploads\/2022\/08\/Seawire-Hero-06.jpg","type":"","width":"","height":""}],"twitter_card":"summary_large_image","twitter_misc":{"Estimation du temps de lecture":"1 minute"},"schema":{"@context":"https:\/\/schema.org","@graph":[{"@type":"WebPage","@id":"https:\/\/cssdn.gouv.qc.ca\/grandvoilier\/vie-scolaire\/","url":"https:\/\/cssdn.gouv.qc.ca\/grandvoilier\/vie-scolaire\/","name":"Vie scolaire - \u00c9cole du Grand-Voilier","isPartOf":{"@id":"https:\/\/cssdn.gouv.qc.ca\/grandvoilier\/#website"},"primaryImageOfPage":{"@id":"https:\/\/cssdn.gouv.qc.ca\/grandvoilier\/vie-scolaire\/#primaryimage"},"image":{"@id":"https:\/\/cssdn.gouv.qc.ca\/grandvoilier\/vie-scolaire\/#primaryimage"},"thumbnailUrl":"https:\/\/cssdn.gouv.qc.ca\/wp-content\/uploads\/2022\/08\/Seawire-Hero-06.jpg","datePublished":"2022-11-08T21:07:56+00:00","dateModified":"2023-01-04T19:40:11+00:00","breadcrumb":{"@id":"https:\/\/cssdn.gouv.qc.ca\/grandvoilier\/vie-scolaire\/#breadcrumb"},"inLanguage":"fr-CA","potentialAction":[{"@type":"ReadAction","target":["https:\/\/cssdn.gouv.qc.ca\/grandvoilier\/vie-scolaire\/"]}]},{"@type":"ImageObject","inLanguage":"fr-CA","@id":"https:\/\/cssdn.gouv.qc.ca\/grandvoilier\/vie-scolaire\/#primaryimage","url":"https:\/\/cssdn.gouv.qc.ca\/wp-content\/uploads\/2022\/08\/Seawire-Hero-06.jpg","contentUrl":"https:\/\/cssdn.gouv.qc.ca\/wp-content\/uploads\/2022\/08\/Seawire-Hero-06.jpg"},{"@type":"BreadcrumbList","@id":"https:\/\/cssdn.gouv.qc.ca\/grandvoilier\/vie-scolaire\/#breadcrumb","itemListElement":[{"@type":"ListItem","position":1,"name":"Accueil","item":"https:\/\/cssdn.gouv.qc.ca\/grandvoilier\/"},{"@type":"ListItem","position":2,"name":"Vie scolaire"}]},{"@type":"WebSite","@id":"https:\/\/cssdn.gouv.qc.ca\/grandvoilier\/#website","url":"https:\/\/cssdn.gouv.qc.ca\/grandvoilier\/","name":"\u00c9cole du Grand-Voilier","description":"Un site des centres de services scolaires des Navigateurs","publisher":{"@id":"https:\/\/cssdn.gouv.qc.ca\/grandvoilier\/#organization"},"potentialAction":[{"@type":"SearchAction","target":{"@type":"EntryPoint","urlTemplate":"https:\/\/cssdn.gouv.qc.ca\/grandvoilier\/?s={search_term_string}"},"query-input":{"@type":"PropertyValueSpecification","valueRequired":true,"valueName":"search_term_string"}}],"inLanguage":"fr-CA"},{"@type":"Organization","@id":"https:\/\/cssdn.gouv.qc.ca\/grandvoilier\/#organization","name":"\u00c9cole du Grand-Voilier","url":"https:\/\/cssdn.gouv.qc.ca\/grandvoilier\/","logo":{"@type":"ImageObject","inLanguage":"fr-CA","@id":"https:\/\/cssdn.gouv.qc.ca\/grandvoilier\/#\/schema\/logo\/image\/","url":"https:\/\/cssdn.gouv.qc.ca\/grandvoilier\/wp-content\/uploads\/sites\/45\/2023\/01\/logo_quebec.svg","contentUrl":"https:\/\/cssdn.gouv.qc.ca\/grandvoilier\/wp-content\/uploads\/sites\/45\/2023\/01\/logo_quebec.svg","width":188,"height":41,"caption":"\u00c9cole du Grand-Voilier"},"image":{"@id":"https:\/\/cssdn.gouv.qc.ca\/grandvoilier\/#\/schema\/logo\/image\/"},"sameAs":["https:\/\/www.facebook.com\/GrandVoilier"]}]}},"publishpress_future_action":{"enabled":false,"date":"2026-04-22 23:32:36","action":"change-status","newStatus":"draft","terms":[],"taxonomy":"category","extraData":[]},"publishpress_future_workflow_manual_trigger":{"enabledWorkflows":[]},"_links":{"self":[{"href":"https:\/\/cssdn.gouv.qc.ca\/grandvoilier\/wp-json\/wp\/v2\/pages\/17","targetHints":{"allow":["GET"]}}],"collection":[{"href":"https:\/\/cssdn.gouv.qc.ca\/grandvoilier\/wp-json\/wp\/v2\/pages"}],"about":[{"href":"https:\/\/cssdn.gouv.qc.ca\/grandvoilier\/wp-json\/wp\/v2\/types\/page"}],"author":[{"embeddable":true,"href":"https:\/\/cssdn.gouv.qc.ca\/grandvoilier\/wp-json\/wp\/v2\/users\/1"}],"replies":[{"embeddable":true,"href":"https:\/\/cssdn.gouv.qc.ca\/grandvoilier\/wp-json\/wp\/v2\/comments?post=17"}],"version-history":[{"count":0,"href":"https:\/\/cssdn.gouv.qc.ca\/grandvoilier\/wp-json\/wp\/v2\/pages\/17\/revisions"}],"wp:attachment":[{"href":"https:\/\/cssdn.gouv.qc.ca\/grandvoilier\/wp-json\/wp\/v2\/media?parent=17"}],"wp:term":[{"taxonomy":"category","embeddable":true,"href":"https:\/\/cssdn.gouv.qc.ca\/grandvoilier\/wp-json\/wp\/v2\/categories?post=17"},{"taxonomy":"post_tag","embeddable":true,"href":"https:\/\/cssdn.gouv.qc.ca\/grandvoilier\/wp-json\/wp\/v2\/tags?post=17"}],"curies":[{"name":"wp","href":"https:\/\/api.w.org\/{rel}","templated":true}]}}