
{"id":172,"date":"2022-12-20T09:31:00","date_gmt":"2022-12-20T14:31:00","guid":{"rendered":"https:\/\/cssdn.gouv.qc.ca\/grandvoilier\/?page_id=172"},"modified":"2025-11-03T14:14:03","modified_gmt":"2025-11-03T19:14:03","slug":"mot-de-la-direction","status":"publish","type":"page","link":"https:\/\/cssdn.gouv.qc.ca\/grandvoilier\/a-propos\/mot-de-la-direction\/","title":{"rendered":"Mot de la direction"},"content":{"rendered":"\n<div class=\"wp-block-cover alignfull is-light is-style-title-banner\"><img decoding=\"async\" class=\"wp-block-cover__image-background wp-image-111 lazyload\" alt=\"\" data-src=\"https:\/\/cssdn.gouv.qc.ca\/wp-content\/uploads\/2022\/08\/Seawire-Hero-06.jpg\" data-object-fit=\"cover\" src=\"data:image\/svg+xml;base64,PHN2ZyB3aWR0aD0iMSIgaGVpZ2h0PSIxIiB4bWxucz0iaHR0cDovL3d3dy53My5vcmcvMjAwMC9zdmciPjwvc3ZnPg==\" \/><span aria-hidden=\"true\" class=\"wp-block-cover__background has-primary-background-color has-background-dim\"><\/span><div class=\"wp-block-cover__inner-container\"><h3 class=\"wp-block-post-title\">Mot de la direction<\/h3><\/div><\/div>\n\n\n\n<div class=\"wp-block-group alignfull has-padding-y-large has-secondary-background-color has-background\"><div class=\"yoast-breadcrumbs alignwide \"><span class=\"breadcrumbs\"><a href=\"https:\/\/cssdn.gouv.qc.ca\/grandvoilier\/\" class=\"breadcrumbs__element\">Accueil<\/a> <span class=\"breadcrumbs__separator\">\n        <svg class=\"icon icon-breadcrumb__separator\"><use xlink:href=\"#icon-breadcrumb__separator\"><\/use><\/svg>\n    <\/span> <a href=\"https:\/\/cssdn.gouv.qc.ca\/grandvoilier\/a-propos\/\" class=\"breadcrumbs__element\">\u00c0 propos<\/a> <span class=\"breadcrumbs__separator\">\n        <svg class=\"icon icon-breadcrumb__separator\"><use xlink:href=\"#icon-breadcrumb__separator\"><\/use><\/svg>\n    <\/span> <span class=\"breadcrumbs__element breadcrumbs__element-current\">Mot de la direction<\/span><\/span><\/div><\/div>\n\n\n\n<h2 class=\"wp-block-heading\">Mot de l&rsquo;\u00e9quipe de direction<\/h2>\n\n\n\n<p class=\"wp-block-paragraph\">C\u2019est avec beaucoup de joie et de fiert\u00e9 que nous accueillons cette ann\u00e9e <strong>535 \u00e9l\u00e8ves<\/strong>, de la <strong>maternelle 5 ans \u00e0 la 6e ann\u00e9e<\/strong>.<\/p>\n\n\n\n<p class=\"wp-block-paragraph\">Notre \u00e9cole est r\u00e9partie sur deux pavillons :<\/p>\n\n\n\n<ul class=\"wp-block-list\">\n<li>\ud83d\udc26 <strong>Pavillon des Hirondelles<\/strong> : Maternelle, 1re et 2e ann\u00e9e<\/li>\n\n\n\n<li>\ud83c\udf0a <strong>Pavillon Saint-Laurent<\/strong> : 3e, 4e, 5e et 6e ann\u00e9e<\/li>\n<\/ul>\n\n\n\n<p class=\"wp-block-paragraph\">Nous sommes heureuses de vous retrouver ou de vous accueillir pour une nouvelle ann\u00e9e scolaire plac\u00e9e sous le signe de la collaboration, du plaisir d\u2019apprendre et du d\u00e9veloppement de chaque enfant.<\/p>\n\n\n\n<h3 class=\"wp-block-heading\">\ud83c\udfaf <strong>Notre mission<\/strong><\/h3>\n\n\n\n<p class=\"wp-block-paragraph\"><em>Que chaque jour, chaque \u00e9l\u00e8ve \u00e9volue avec plaisir vers sa r\u00e9ussite.<\/em><\/p>\n\n\n\n<h3 class=\"wp-block-heading\">\ud83d\udc41\ufe0f <strong>Notre vision<\/strong><\/h3>\n\n\n\n<p class=\"wp-block-paragraph\"><em>Une \u00e9cole rayonnante et dynamique, engag\u00e9e au service des \u00e9l\u00e8ves.<\/em><\/p>\n\n\n\n<h3 class=\"wp-block-heading\">\ud83d\udca1 <strong>Nos valeurs<\/strong><\/h3>\n\n\n\n<p class=\"wp-block-paragraph\"><em>Respect \u2013 Travail d\u2019\u00e9quipe \u2013 \u00c9panouissement<\/em><\/p>\n\n\n\n<p class=\"wp-block-paragraph\">Nous avons \u00e0 c\u0153ur de cr\u00e9er un milieu de vie s\u00e9curisant, stimulant et inclusif, o\u00f9 chaque \u00e9l\u00e8ve peut grandir, apprendre et s\u2019\u00e9panouir pleinement.<\/p>\n\n\n\n<p class=\"wp-block-paragraph\">Bonne ann\u00e9e scolaire \u00e0 toutes et \u00e0 tous !<\/p>\n\n\n\n<p class=\"wp-block-paragraph\">L\u2019\u00e9quipe de direction<\/p>\n\n\n\n<p class=\"wp-block-paragraph\">Isabelle Breault, directrice<\/p>\n\n\n\n<p class=\"wp-block-paragraph\">Sonia Boisvert, directrice adjointe<\/p>\n\n\n\n<p class=\"wp-block-paragraph\">Bonne ann\u00e9e scolaire!<\/p>\n","protected":false},"excerpt":{"rendered":"<p>Mot de l&rsquo;\u00e9quipe de direction C\u2019est avec beaucoup de joie et de fiert\u00e9 que nous accueillons cette ann\u00e9e 535 \u00e9l\u00e8ves, de la maternelle 5 ans \u00e0 la 6e ann\u00e9e. Notre \u00e9cole est r\u00e9partie sur deux pavillons : Nous sommes heureuses de vous retrouver ou de vous accueillir pour une nouvelle ann\u00e9e scolaire plac\u00e9e sous le [&hellip;]<\/p>\n","protected":false},"author":8,"featured_media":0,"parent":6,"menu_order":-1,"comment_status":"closed","ping_status":"closed","template":"","meta":{"_acf_changed":false,"_crdt_document":"","inline_featured_image":false,"footnotes":""},"categories":[],"tags":[],"class_list":["post-172","page","type-page","status-publish","hentry"],"acf":[],"yoast_head":"<!-- This site is optimized with the Yoast SEO plugin v27.3 - https:\/\/yoast.com\/product\/yoast-seo-wordpress\/ -->\n<title>Mot de la direction - \u00c9cole du Grand-Voilier<\/title>\n<meta name=\"robots\" content=\"index, follow, max-snippet:-1, max-image-preview:large, max-video-preview:-1\" \/>\n<link rel=\"canonical\" href=\"https:\/\/cssdn.gouv.qc.ca\/grandvoilier\/a-propos\/mot-de-la-direction\/\" \/>\n<meta property=\"og:locale\" content=\"fr_CA\" \/>\n<meta property=\"og:type\" content=\"article\" \/>\n<meta property=\"og:title\" content=\"Mot de la direction - \u00c9cole du Grand-Voilier\" \/>\n<meta property=\"og:description\" content=\"Mot de l&rsquo;\u00e9quipe de direction C\u2019est avec beaucoup de joie et de fiert\u00e9 que nous accueillons cette ann\u00e9e 535 \u00e9l\u00e8ves, de la maternelle 5 ans \u00e0 la 6e ann\u00e9e. Notre \u00e9cole est r\u00e9partie sur deux pavillons : Nous sommes heureuses de vous retrouver ou de vous accueillir pour une nouvelle ann\u00e9e scolaire plac\u00e9e sous le [&hellip;]\" \/>\n<meta property=\"og:url\" content=\"https:\/\/cssdn.gouv.qc.ca\/grandvoilier\/a-propos\/mot-de-la-direction\/\" \/>\n<meta property=\"og:site_name\" content=\"\u00c9cole du Grand-Voilier\" \/>\n<meta property=\"article:publisher\" content=\"https:\/\/www.facebook.com\/GrandVoilier\" \/>\n<meta property=\"article:modified_time\" content=\"2025-11-03T19:14:03+00:00\" \/>\n<meta name=\"twitter:card\" content=\"summary_large_image\" \/>\n<meta name=\"twitter:label1\" content=\"Estimation du temps de lecture\" \/>\n\t<meta name=\"twitter:data1\" content=\"2 minutes\" \/>\n<script type=\"application\/ld+json\" class=\"yoast-schema-graph\">{\"@context\":\"https:\\\/\\\/schema.org\",\"@graph\":[{\"@type\":\"WebPage\",\"@id\":\"https:\\\/\\\/cssdn.gouv.qc.ca\\\/grandvoilier\\\/a-propos\\\/mot-de-la-direction\\\/\",\"url\":\"https:\\\/\\\/cssdn.gouv.qc.ca\\\/grandvoilier\\\/a-propos\\\/mot-de-la-direction\\\/\",\"name\":\"Mot de la direction - \u00c9cole du Grand-Voilier\",\"isPartOf\":{\"@id\":\"https:\\\/\\\/cssdn.gouv.qc.ca\\\/grandvoilier\\\/#website\"},\"primaryImageOfPage\":{\"@id\":\"https:\\\/\\\/cssdn.gouv.qc.ca\\\/grandvoilier\\\/a-propos\\\/mot-de-la-direction\\\/#primaryimage\"},\"image\":{\"@id\":\"https:\\\/\\\/cssdn.gouv.qc.ca\\\/grandvoilier\\\/a-propos\\\/mot-de-la-direction\\\/#primaryimage\"},\"thumbnailUrl\":\"https:\\\/\\\/cssdn.gouv.qc.ca\\\/wp-content\\\/uploads\\\/2022\\\/08\\\/Seawire-Hero-06.jpg\",\"datePublished\":\"2022-12-20T14:31:00+00:00\",\"dateModified\":\"2025-11-03T19:14:03+00:00\",\"breadcrumb\":{\"@id\":\"https:\\\/\\\/cssdn.gouv.qc.ca\\\/grandvoilier\\\/a-propos\\\/mot-de-la-direction\\\/#breadcrumb\"},\"inLanguage\":\"fr-CA\",\"potentialAction\":[{\"@type\":\"ReadAction\",\"target\":[\"https:\\\/\\\/cssdn.gouv.qc.ca\\\/grandvoilier\\\/a-propos\\\/mot-de-la-direction\\\/\"]}]},{\"@type\":\"ImageObject\",\"inLanguage\":\"fr-CA\",\"@id\":\"https:\\\/\\\/cssdn.gouv.qc.ca\\\/grandvoilier\\\/a-propos\\\/mot-de-la-direction\\\/#primaryimage\",\"url\":\"https:\\\/\\\/cssdn.gouv.qc.ca\\\/wp-content\\\/uploads\\\/2022\\\/08\\\/Seawire-Hero-06.jpg\",\"contentUrl\":\"https:\\\/\\\/cssdn.gouv.qc.ca\\\/wp-content\\\/uploads\\\/2022\\\/08\\\/Seawire-Hero-06.jpg\"},{\"@type\":\"BreadcrumbList\",\"@id\":\"https:\\\/\\\/cssdn.gouv.qc.ca\\\/grandvoilier\\\/a-propos\\\/mot-de-la-direction\\\/#breadcrumb\",\"itemListElement\":[{\"@type\":\"ListItem\",\"position\":1,\"name\":\"Accueil\",\"item\":\"https:\\\/\\\/cssdn.gouv.qc.ca\\\/grandvoilier\\\/\"},{\"@type\":\"ListItem\",\"position\":2,\"name\":\"\u00c0 propos\",\"item\":\"https:\\\/\\\/cssdn.gouv.qc.ca\\\/grandvoilier\\\/a-propos\\\/\"},{\"@type\":\"ListItem\",\"position\":3,\"name\":\"Mot de la direction\"}]},{\"@type\":\"WebSite\",\"@id\":\"https:\\\/\\\/cssdn.gouv.qc.ca\\\/grandvoilier\\\/#website\",\"url\":\"https:\\\/\\\/cssdn.gouv.qc.ca\\\/grandvoilier\\\/\",\"name\":\"\u00c9cole du Grand-Voilier\",\"description\":\"Un site des centres de services scolaires des Navigateurs\",\"publisher\":{\"@id\":\"https:\\\/\\\/cssdn.gouv.qc.ca\\\/grandvoilier\\\/#organization\"},\"potentialAction\":[{\"@type\":\"SearchAction\",\"target\":{\"@type\":\"EntryPoint\",\"urlTemplate\":\"https:\\\/\\\/cssdn.gouv.qc.ca\\\/grandvoilier\\\/?s={search_term_string}\"},\"query-input\":{\"@type\":\"PropertyValueSpecification\",\"valueRequired\":true,\"valueName\":\"search_term_string\"}}],\"inLanguage\":\"fr-CA\"},{\"@type\":\"Organization\",\"@id\":\"https:\\\/\\\/cssdn.gouv.qc.ca\\\/grandvoilier\\\/#organization\",\"name\":\"\u00c9cole du Grand-Voilier\",\"url\":\"https:\\\/\\\/cssdn.gouv.qc.ca\\\/grandvoilier\\\/\",\"logo\":{\"@type\":\"ImageObject\",\"inLanguage\":\"fr-CA\",\"@id\":\"https:\\\/\\\/cssdn.gouv.qc.ca\\\/grandvoilier\\\/#\\\/schema\\\/logo\\\/image\\\/\",\"url\":\"https:\\\/\\\/cssdn.gouv.qc.ca\\\/grandvoilier\\\/wp-content\\\/uploads\\\/sites\\\/45\\\/2023\\\/01\\\/logo_quebec.svg\",\"contentUrl\":\"https:\\\/\\\/cssdn.gouv.qc.ca\\\/grandvoilier\\\/wp-content\\\/uploads\\\/sites\\\/45\\\/2023\\\/01\\\/logo_quebec.svg\",\"width\":188,\"height\":41,\"caption\":\"\u00c9cole du Grand-Voilier\"},\"image\":{\"@id\":\"https:\\\/\\\/cssdn.gouv.qc.ca\\\/grandvoilier\\\/#\\\/schema\\\/logo\\\/image\\\/\"},\"sameAs\":[\"https:\\\/\\\/www.facebook.com\\\/GrandVoilier\"]}]}<\/script>\n<!-- \/ Yoast SEO plugin. -->","yoast_head_json":{"title":"Mot de la direction - \u00c9cole du Grand-Voilier","robots":{"index":"index","follow":"follow","max-snippet":"max-snippet:-1","max-image-preview":"max-image-preview:large","max-video-preview":"max-video-preview:-1"},"canonical":"https:\/\/cssdn.gouv.qc.ca\/grandvoilier\/a-propos\/mot-de-la-direction\/","og_locale":"fr_CA","og_type":"article","og_title":"Mot de la direction - \u00c9cole du Grand-Voilier","og_description":"Mot de l&rsquo;\u00e9quipe de direction C\u2019est avec beaucoup de joie et de fiert\u00e9 que nous accueillons cette ann\u00e9e 535 \u00e9l\u00e8ves, de la maternelle 5 ans \u00e0 la 6e ann\u00e9e. Notre \u00e9cole est r\u00e9partie sur deux pavillons : Nous sommes heureuses de vous retrouver ou de vous accueillir pour une nouvelle ann\u00e9e scolaire plac\u00e9e sous le [&hellip;]","og_url":"https:\/\/cssdn.gouv.qc.ca\/grandvoilier\/a-propos\/mot-de-la-direction\/","og_site_name":"\u00c9cole du Grand-Voilier","article_publisher":"https:\/\/www.facebook.com\/GrandVoilier","article_modified_time":"2025-11-03T19:14:03+00:00","twitter_card":"summary_large_image","twitter_misc":{"Estimation du temps de lecture":"2 minutes"},"schema":{"@context":"https:\/\/schema.org","@graph":[{"@type":"WebPage","@id":"https:\/\/cssdn.gouv.qc.ca\/grandvoilier\/a-propos\/mot-de-la-direction\/","url":"https:\/\/cssdn.gouv.qc.ca\/grandvoilier\/a-propos\/mot-de-la-direction\/","name":"Mot de la direction - \u00c9cole du Grand-Voilier","isPartOf":{"@id":"https:\/\/cssdn.gouv.qc.ca\/grandvoilier\/#website"},"primaryImageOfPage":{"@id":"https:\/\/cssdn.gouv.qc.ca\/grandvoilier\/a-propos\/mot-de-la-direction\/#primaryimage"},"image":{"@id":"https:\/\/cssdn.gouv.qc.ca\/grandvoilier\/a-propos\/mot-de-la-direction\/#primaryimage"},"thumbnailUrl":"https:\/\/cssdn.gouv.qc.ca\/wp-content\/uploads\/2022\/08\/Seawire-Hero-06.jpg","datePublished":"2022-12-20T14:31:00+00:00","dateModified":"2025-11-03T19:14:03+00:00","breadcrumb":{"@id":"https:\/\/cssdn.gouv.qc.ca\/grandvoilier\/a-propos\/mot-de-la-direction\/#breadcrumb"},"inLanguage":"fr-CA","potentialAction":[{"@type":"ReadAction","target":["https:\/\/cssdn.gouv.qc.ca\/grandvoilier\/a-propos\/mot-de-la-direction\/"]}]},{"@type":"ImageObject","inLanguage":"fr-CA","@id":"https:\/\/cssdn.gouv.qc.ca\/grandvoilier\/a-propos\/mot-de-la-direction\/#primaryimage","url":"https:\/\/cssdn.gouv.qc.ca\/wp-content\/uploads\/2022\/08\/Seawire-Hero-06.jpg","contentUrl":"https:\/\/cssdn.gouv.qc.ca\/wp-content\/uploads\/2022\/08\/Seawire-Hero-06.jpg"},{"@type":"BreadcrumbList","@id":"https:\/\/cssdn.gouv.qc.ca\/grandvoilier\/a-propos\/mot-de-la-direction\/#breadcrumb","itemListElement":[{"@type":"ListItem","position":1,"name":"Accueil","item":"https:\/\/cssdn.gouv.qc.ca\/grandvoilier\/"},{"@type":"ListItem","position":2,"name":"\u00c0 propos","item":"https:\/\/cssdn.gouv.qc.ca\/grandvoilier\/a-propos\/"},{"@type":"ListItem","position":3,"name":"Mot de la direction"}]},{"@type":"WebSite","@id":"https:\/\/cssdn.gouv.qc.ca\/grandvoilier\/#website","url":"https:\/\/cssdn.gouv.qc.ca\/grandvoilier\/","name":"\u00c9cole du Grand-Voilier","description":"Un site des centres de services scolaires des Navigateurs","publisher":{"@id":"https:\/\/cssdn.gouv.qc.ca\/grandvoilier\/#organization"},"potentialAction":[{"@type":"SearchAction","target":{"@type":"EntryPoint","urlTemplate":"https:\/\/cssdn.gouv.qc.ca\/grandvoilier\/?s={search_term_string}"},"query-input":{"@type":"PropertyValueSpecification","valueRequired":true,"valueName":"search_term_string"}}],"inLanguage":"fr-CA"},{"@type":"Organization","@id":"https:\/\/cssdn.gouv.qc.ca\/grandvoilier\/#organization","name":"\u00c9cole du Grand-Voilier","url":"https:\/\/cssdn.gouv.qc.ca\/grandvoilier\/","logo":{"@type":"ImageObject","inLanguage":"fr-CA","@id":"https:\/\/cssdn.gouv.qc.ca\/grandvoilier\/#\/schema\/logo\/image\/","url":"https:\/\/cssdn.gouv.qc.ca\/grandvoilier\/wp-content\/uploads\/sites\/45\/2023\/01\/logo_quebec.svg","contentUrl":"https:\/\/cssdn.gouv.qc.ca\/grandvoilier\/wp-content\/uploads\/sites\/45\/2023\/01\/logo_quebec.svg","width":188,"height":41,"caption":"\u00c9cole du Grand-Voilier"},"image":{"@id":"https:\/\/cssdn.gouv.qc.ca\/grandvoilier\/#\/schema\/logo\/image\/"},"sameAs":["https:\/\/www.facebook.com\/GrandVoilier"]}]}},"publishpress_future_action":{"enabled":false,"date":"2026-04-21 17:48:54","action":"change-status","newStatus":"draft","terms":[],"taxonomy":"category","extraData":[]},"publishpress_future_workflow_manual_trigger":{"enabledWorkflows":[]},"_links":{"self":[{"href":"https:\/\/cssdn.gouv.qc.ca\/grandvoilier\/wp-json\/wp\/v2\/pages\/172","targetHints":{"allow":["GET"]}}],"collection":[{"href":"https:\/\/cssdn.gouv.qc.ca\/grandvoilier\/wp-json\/wp\/v2\/pages"}],"about":[{"href":"https:\/\/cssdn.gouv.qc.ca\/grandvoilier\/wp-json\/wp\/v2\/types\/page"}],"author":[{"embeddable":true,"href":"https:\/\/cssdn.gouv.qc.ca\/grandvoilier\/wp-json\/wp\/v2\/users\/8"}],"replies":[{"embeddable":true,"href":"https:\/\/cssdn.gouv.qc.ca\/grandvoilier\/wp-json\/wp\/v2\/comments?post=172"}],"version-history":[{"count":0,"href":"https:\/\/cssdn.gouv.qc.ca\/grandvoilier\/wp-json\/wp\/v2\/pages\/172\/revisions"}],"up":[{"embeddable":true,"href":"https:\/\/cssdn.gouv.qc.ca\/grandvoilier\/wp-json\/wp\/v2\/pages\/6"}],"wp:attachment":[{"href":"https:\/\/cssdn.gouv.qc.ca\/grandvoilier\/wp-json\/wp\/v2\/media?parent=172"}],"wp:term":[{"taxonomy":"category","embeddable":true,"href":"https:\/\/cssdn.gouv.qc.ca\/grandvoilier\/wp-json\/wp\/v2\/categories?post=172"},{"taxonomy":"post_tag","embeddable":true,"href":"https:\/\/cssdn.gouv.qc.ca\/grandvoilier\/wp-json\/wp\/v2\/tags?post=172"}],"curies":[{"name":"wp","href":"https:\/\/api.w.org\/{rel}","templated":true}]}}