
{"id":286,"date":"2023-01-20T09:15:58","date_gmt":"2023-01-20T14:15:58","guid":{"rendered":"https:\/\/cssdn.gouv.qc.ca\/grandvoilier\/?page_id=286"},"modified":"2025-09-25T16:58:40","modified_gmt":"2025-09-25T20:58:40","slug":"a","status":"publish","type":"page","link":"https:\/\/cssdn.gouv.qc.ca\/grandvoilier\/service-de-garde\/a\/","title":{"rendered":"Renseignements g\u00e9n\u00e9raux"},"content":{"rendered":"\n<div class=\"wp-block-cover alignfull is-light is-style-title-banner\"><img decoding=\"async\" class=\"wp-block-cover__image-background wp-image-111 lazyload\" alt=\"\" data-src=\"https:\/\/cssdn.gouv.qc.ca\/wp-content\/uploads\/2022\/08\/Seawire-Hero-06.jpg\" data-object-fit=\"cover\" src=\"data:image\/svg+xml;base64,PHN2ZyB3aWR0aD0iMSIgaGVpZ2h0PSIxIiB4bWxucz0iaHR0cDovL3d3dy53My5vcmcvMjAwMC9zdmciPjwvc3ZnPg==\" \/><span aria-hidden=\"true\" class=\"wp-block-cover__background has-background-dim\"><\/span><div class=\"wp-block-cover__inner-container\"><h3 class=\"wp-block-post-title\">Renseignements g\u00e9n\u00e9raux<\/h3><\/div><\/div>\n\n\n\n<div class=\"wp-block-group alignfull has-padding-y-large has-secondary-background-color has-background\"><div class=\"yoast-breadcrumbs alignwide \"><span class=\"breadcrumbs\"><a href=\"https:\/\/cssdn.gouv.qc.ca\/grandvoilier\/\" class=\"breadcrumbs__element\">Accueil<\/a> <span class=\"breadcrumbs__separator\">\n        <svg class=\"icon icon-breadcrumb__separator\"><use xlink:href=\"#icon-breadcrumb__separator\"><\/use><\/svg>\n    <\/span> <a href=\"https:\/\/cssdn.gouv.qc.ca\/grandvoilier\/service-de-garde\/\" class=\"breadcrumbs__element\">Service de garde<\/a> <span class=\"breadcrumbs__separator\">\n        <svg class=\"icon icon-breadcrumb__separator\"><use xlink:href=\"#icon-breadcrumb__separator\"><\/use><\/svg>\n    <\/span> <span class=\"breadcrumbs__element breadcrumbs__element-current\">Renseignements g\u00e9n\u00e9raux<\/span><\/span><\/div><\/div>\n\n\n\n<h3 class=\"wp-block-heading\">Mission du service de garde<\/h3>\n\n\n\n<p class=\"wp-block-paragraph\">La mission du service de garde<sup>1<\/sup> est de \u00ab [veiller] au bien-\u00eatre g\u00e9n\u00e9ral des \u00e9l\u00e8ves et poursuivre, dans le cadre du projet \u00e9ducatif de l\u2019\u00e9cole, le d\u00e9veloppement global des \u00e9l\u00e8ves par l\u2019\u00e9laboration d\u2019activit\u00e9s tenant compte de leurs int\u00e9r\u00eats et de leurs besoins, en compl\u00e9mentarit\u00e9 aux services \u00e9ducatifs de l\u2019\u00e9cole. Assurer un soutien aux familles des \u00e9l\u00e8ves, notamment en offrant \u00e0 ceux qui le d\u00e9sirent un lieu ad\u00e9quat et, dans la mesure du possible, le soutien n\u00e9cessaire pour leur permettre de r\u00e9aliser leurs travaux scolaires apr\u00e8s la classe. Assurer la sant\u00e9 et la s\u00e9curit\u00e9 des \u00e9l\u00e8ves, dans le respect des r\u00e8gles de conduite et des mesures de s\u00e9curit\u00e9 approuv\u00e9es par le conseil d\u2019\u00e9tablissement de l\u2019\u00e9cole, conform\u00e9ment \u00e0 l\u2019article 76 de la Loi sur l\u2019instruction publique. \u00bb (RLRQ, c. I-13.3).<br><\/p>\n\n\n\n<p class=\"wp-block-paragraph\"><sup><sub>1<\/sub> <\/sup>R\u00e8glement sur les services de garde en milieu scolaire, I-13.3, r.11, a.2 (R\u00e8glement adopt\u00e9 en vertu de la Loi sur l&rsquo;instruction publique (RLRQ, c. I-13.3, a. 454.1)<\/p>\n\n\n\n<p class=\"has-primary-color has-text-color has-link-color wp-elements-be06d8a42e4cb1487f008a04ccdac25e wp-block-paragraph\"><strong>Programme d&rsquo;activit\u00e9s du service de garde<\/strong> <a href=\"https:\/\/can01.safelinks.protection.outlook.com\/?url=https%3A%2F%2Fview.genially.com%2F6841aa4f22462d0b6217c9b4%2Fpresentation-programme-dactivites&amp;data=05%7C02%7Cboisverts2%40cssdn.gouv.qc.ca%7C99b773bf206c4a63a11b08ddfc6389b3%7C116b0fe7428e49b58982f9c63799268d%7C0%7C0%7C638944226632640790%7CUnknown%7CTWFpbGZsb3d8eyJFbXB0eU1hcGkiOnRydWUsIlYiOiIwLjAuMDAwMCIsIlAiOiJXaW4zMiIsIkFOIjoiTWFpbCIsIldUIjoyfQ%3D%3D%7C0%7C%7C%7C&amp;sdata=jZJamYB735dnticBcurgDnaw1lKczznt9ViO2%2Ft14gQ%3D&amp;reserved=0\">Programme d&rsquo;activit\u00e9s <\/a><\/p>\n\n\n\n<div class=\"act-collapsible\">\n<h5 class=\"wp-block-heading act-collapsible__heading\">Autorisation pour quitter seul et personne autoris\u00e9e<\/h5>\n\n\n\n<div class=\"act-collapsible__content\"><div class=\"act-collapsible__content-inner\">\n<p class=\"wp-block-paragraph\"><a href=\"https:\/\/forms.office.com\/pages\/responsepage.aspx?id=5w9rEY5CtUmJgvnGN5kmjTHK-TIXIm9Cvi73OyavAYxURFhBRjZKWVhSNURNS1MzM1Y5UFZLSlFXWS4u&amp;route=shorturl\"><strong>Autorisation de d\u00e9part seul et \u00e0 pied du service de garde<\/strong><\/a><\/p>\n<\/div><\/div>\n<\/div>\n\n\n\n<div class=\"act-collapsible\">\n<h5 class=\"wp-block-heading act-collapsible__heading\">Avis de modification de la fr\u00e9quentation<\/h5>\n\n\n\n<div class=\"act-collapsible__content\"><div class=\"act-collapsible__content-inner\">\n<div class=\"wp-block-buttons\">\n<div class=\"wp-block-button\"><a class=\"wp-block-button__link wp-element-button\" href=\"https:\/\/forms.office.com\/pages\/responsepage.aspx?id=5w9rEY5CtUmJgvnGN5kmjTHK-TIXIm9Cvi73OyavAYxUNlhFVEJTSjdDMklGV0ZCTUZPTjZKTlc1My4u&amp;route=shorturl\" target=\"_blank\" rel=\"noreferrer noopener\">Formulaire <\/a><\/div>\n<\/div>\n<\/div><\/div>\n<\/div>\n\n\n\n<div class=\"act-collapsible\">\n<h5 class=\"wp-block-heading act-collapsible__heading\">Formulaire d&rsquo;inscription <\/h5>\n\n\n\n<div class=\"act-collapsible__content\"><div class=\"act-collapsible__content-inner\">\n<div class=\"wp-block-file\"><a id=\"wp-block-file--media-2b1412a6-724f-4feb-a127-32d5080f2063\" href=\"https:\/\/cssdn.gouv.qc.ca\/grandvoilier\/wp-content\/uploads\/sites\/45\/2024\/12\/Formulaire-dinscription-24-25-1.pdf\">Formulaire d&rsquo;inscription 24-25 1<\/a><a href=\"https:\/\/cssdn.gouv.qc.ca\/grandvoilier\/wp-content\/uploads\/sites\/45\/2024\/12\/Formulaire-dinscription-24-25-1.pdf\" class=\"wp-block-file__button wp-element-button\" download aria-describedby=\"wp-block-file--media-2b1412a6-724f-4feb-a127-32d5080f2063\">T\u00e9l\u00e9charger<\/a><\/div>\n<\/div><\/div>\n<\/div>\n\n\n\n<div class=\"act-collapsible\">\n<h5 class=\"wp-block-heading act-collapsible__heading\">R\u00e8gles de fonctionnement du service de garde<\/h5>\n\n\n\n<div class=\"act-collapsible__content\"><div class=\"act-collapsible__content-inner\">\n<div class=\"wp-block-file\"><a id=\"wp-block-file--media-2904ff51-5661-45d4-b400-d044e1bcd481\" href=\"https:\/\/cssdn.gouv.qc.ca\/grandvoilier\/wp-content\/uploads\/sites\/45\/2024\/12\/Regie-interne-2024-2025.pdf\">R\u00e9gie interne 2024-2025<\/a><a href=\"https:\/\/cssdn.gouv.qc.ca\/grandvoilier\/wp-content\/uploads\/sites\/45\/2024\/12\/Regie-interne-2024-2025.pdf\" class=\"wp-block-file__button wp-element-button\" download aria-describedby=\"wp-block-file--media-2904ff51-5661-45d4-b400-d044e1bcd481\">T\u00e9l\u00e9charger<\/a><\/div>\n<\/div><\/div>\n<\/div>\n\n\n\n<div class=\"act-collapsible\">\n<h5 class=\"wp-block-heading act-collapsible__heading\">Traiteur<\/h5>\n\n\n\n<div class=\"act-collapsible__content\"><div class=\"act-collapsible__content-inner\">\n<p class=\"wp-block-paragraph\"><a href=\"https:\/\/marcobergerontraiteur.com\/\"><strong>Accueil | Bergeron Traiteur<\/strong><\/a><\/p>\n<\/div><\/div>\n<\/div>\n\n\n\n<div class=\"act-collapsible\">\n<h5 class=\"wp-block-heading act-collapsible__heading\">Journ\u00e9es p\u00e9dagogiques<\/h5>\n\n\n\n<div class=\"act-collapsible__content\"><div class=\"act-collapsible__content-inner\">\n<div class=\"wp-block-file\"><a id=\"wp-block-file--media-d7c7158c-0a98-459d-9d2e-986f15046d4f\" href=\"https:\/\/cssdn.gouv.qc.ca\/grandvoilier\/wp-content\/uploads\/sites\/45\/2025\/09\/Journees-pedagogiques-service-de-garde-ecole-Grand-Voilier-2025-2026.pdf\">Journ\u00e9es p\u00e9dagogiques service de garde \u00e9cole Grand Voilier 2025-2026<\/a><a href=\"https:\/\/cssdn.gouv.qc.ca\/grandvoilier\/wp-content\/uploads\/sites\/45\/2025\/09\/Journees-pedagogiques-service-de-garde-ecole-Grand-Voilier-2025-2026.pdf\" class=\"wp-block-file__button wp-element-button\" download aria-describedby=\"wp-block-file--media-d7c7158c-0a98-459d-9d2e-986f15046d4f\">T\u00e9l\u00e9charger<\/a><\/div>\n<\/div><\/div>\n<\/div>\n\n\n\n<p class=\"wp-block-paragraph\"><strong>N\u2019h\u00e9sitez pas \u00e0 communiquer&nbsp;avec nous, si vous avez des questions<\/strong>. <\/p>\n\n\n\n<p class=\"wp-block-paragraph\"><\/p>\n","protected":false},"excerpt":{"rendered":"<p>Mission du service de garde La mission du service de garde1 est de \u00ab [veiller] au bien-\u00eatre g\u00e9n\u00e9ral des \u00e9l\u00e8ves et poursuivre, dans le cadre du projet \u00e9ducatif de l\u2019\u00e9cole, le d\u00e9veloppement global des \u00e9l\u00e8ves par l\u2019\u00e9laboration d\u2019activit\u00e9s tenant compte de leurs int\u00e9r\u00eats et de leurs besoins, en compl\u00e9mentarit\u00e9 aux services \u00e9ducatifs de l\u2019\u00e9cole. Assurer [&hellip;]<\/p>\n","protected":false},"author":8,"featured_media":0,"parent":16,"menu_order":0,"comment_status":"closed","ping_status":"closed","template":"","meta":{"_acf_changed":false,"_crdt_document":"","inline_featured_image":false,"footnotes":""},"categories":[],"tags":[],"class_list":["post-286","page","type-page","status-publish","hentry"],"acf":[],"yoast_head":"<!-- This site is optimized with the Yoast SEO plugin v27.3 - https:\/\/yoast.com\/product\/yoast-seo-wordpress\/ -->\n<title>Renseignements g\u00e9n\u00e9raux - \u00c9cole du Grand-Voilier<\/title>\n<meta name=\"robots\" content=\"index, follow, max-snippet:-1, max-image-preview:large, max-video-preview:-1\" \/>\n<link rel=\"canonical\" href=\"https:\/\/cssdn.gouv.qc.ca\/grandvoilier\/service-de-garde\/a\/\" \/>\n<meta property=\"og:locale\" content=\"fr_CA\" \/>\n<meta property=\"og:type\" content=\"article\" \/>\n<meta property=\"og:title\" content=\"Renseignements g\u00e9n\u00e9raux - \u00c9cole du Grand-Voilier\" \/>\n<meta property=\"og:description\" content=\"Mission du service de garde La mission du service de garde1 est de \u00ab [veiller] au bien-\u00eatre g\u00e9n\u00e9ral des \u00e9l\u00e8ves et poursuivre, dans le cadre du projet \u00e9ducatif de l\u2019\u00e9cole, le d\u00e9veloppement global des \u00e9l\u00e8ves par l\u2019\u00e9laboration d\u2019activit\u00e9s tenant compte de leurs int\u00e9r\u00eats et de leurs besoins, en compl\u00e9mentarit\u00e9 aux services \u00e9ducatifs de l\u2019\u00e9cole. Assurer [&hellip;]\" \/>\n<meta property=\"og:url\" content=\"https:\/\/cssdn.gouv.qc.ca\/grandvoilier\/service-de-garde\/a\/\" \/>\n<meta property=\"og:site_name\" content=\"\u00c9cole du Grand-Voilier\" \/>\n<meta property=\"article:publisher\" content=\"https:\/\/www.facebook.com\/GrandVoilier\" \/>\n<meta property=\"article:modified_time\" content=\"2025-09-25T20:58:40+00:00\" \/>\n<meta name=\"twitter:card\" content=\"summary_large_image\" \/>\n<meta name=\"twitter:label1\" content=\"Estimation du temps de lecture\" \/>\n\t<meta name=\"twitter:data1\" content=\"2 minutes\" \/>\n<script type=\"application\/ld+json\" class=\"yoast-schema-graph\">{\"@context\":\"https:\\\/\\\/schema.org\",\"@graph\":[{\"@type\":\"WebPage\",\"@id\":\"https:\\\/\\\/cssdn.gouv.qc.ca\\\/grandvoilier\\\/service-de-garde\\\/a\\\/\",\"url\":\"https:\\\/\\\/cssdn.gouv.qc.ca\\\/grandvoilier\\\/service-de-garde\\\/a\\\/\",\"name\":\"Renseignements g\u00e9n\u00e9raux - \u00c9cole du Grand-Voilier\",\"isPartOf\":{\"@id\":\"https:\\\/\\\/cssdn.gouv.qc.ca\\\/grandvoilier\\\/#website\"},\"primaryImageOfPage\":{\"@id\":\"https:\\\/\\\/cssdn.gouv.qc.ca\\\/grandvoilier\\\/service-de-garde\\\/a\\\/#primaryimage\"},\"image\":{\"@id\":\"https:\\\/\\\/cssdn.gouv.qc.ca\\\/grandvoilier\\\/service-de-garde\\\/a\\\/#primaryimage\"},\"thumbnailUrl\":\"https:\\\/\\\/cssdn.gouv.qc.ca\\\/wp-content\\\/uploads\\\/2022\\\/08\\\/Seawire-Hero-06.jpg\",\"datePublished\":\"2023-01-20T14:15:58+00:00\",\"dateModified\":\"2025-09-25T20:58:40+00:00\",\"breadcrumb\":{\"@id\":\"https:\\\/\\\/cssdn.gouv.qc.ca\\\/grandvoilier\\\/service-de-garde\\\/a\\\/#breadcrumb\"},\"inLanguage\":\"fr-CA\",\"potentialAction\":[{\"@type\":\"ReadAction\",\"target\":[\"https:\\\/\\\/cssdn.gouv.qc.ca\\\/grandvoilier\\\/service-de-garde\\\/a\\\/\"]}]},{\"@type\":\"ImageObject\",\"inLanguage\":\"fr-CA\",\"@id\":\"https:\\\/\\\/cssdn.gouv.qc.ca\\\/grandvoilier\\\/service-de-garde\\\/a\\\/#primaryimage\",\"url\":\"https:\\\/\\\/cssdn.gouv.qc.ca\\\/wp-content\\\/uploads\\\/2022\\\/08\\\/Seawire-Hero-06.jpg\",\"contentUrl\":\"https:\\\/\\\/cssdn.gouv.qc.ca\\\/wp-content\\\/uploads\\\/2022\\\/08\\\/Seawire-Hero-06.jpg\"},{\"@type\":\"BreadcrumbList\",\"@id\":\"https:\\\/\\\/cssdn.gouv.qc.ca\\\/grandvoilier\\\/service-de-garde\\\/a\\\/#breadcrumb\",\"itemListElement\":[{\"@type\":\"ListItem\",\"position\":1,\"name\":\"Accueil\",\"item\":\"https:\\\/\\\/cssdn.gouv.qc.ca\\\/grandvoilier\\\/\"},{\"@type\":\"ListItem\",\"position\":2,\"name\":\"Service de garde\",\"item\":\"https:\\\/\\\/cssdn.gouv.qc.ca\\\/grandvoilier\\\/service-de-garde\\\/\"},{\"@type\":\"ListItem\",\"position\":3,\"name\":\"Renseignements g\u00e9n\u00e9raux\"}]},{\"@type\":\"WebSite\",\"@id\":\"https:\\\/\\\/cssdn.gouv.qc.ca\\\/grandvoilier\\\/#website\",\"url\":\"https:\\\/\\\/cssdn.gouv.qc.ca\\\/grandvoilier\\\/\",\"name\":\"\u00c9cole du Grand-Voilier\",\"description\":\"Un site des centres de services scolaires des Navigateurs\",\"publisher\":{\"@id\":\"https:\\\/\\\/cssdn.gouv.qc.ca\\\/grandvoilier\\\/#organization\"},\"potentialAction\":[{\"@type\":\"SearchAction\",\"target\":{\"@type\":\"EntryPoint\",\"urlTemplate\":\"https:\\\/\\\/cssdn.gouv.qc.ca\\\/grandvoilier\\\/?s={search_term_string}\"},\"query-input\":{\"@type\":\"PropertyValueSpecification\",\"valueRequired\":true,\"valueName\":\"search_term_string\"}}],\"inLanguage\":\"fr-CA\"},{\"@type\":\"Organization\",\"@id\":\"https:\\\/\\\/cssdn.gouv.qc.ca\\\/grandvoilier\\\/#organization\",\"name\":\"\u00c9cole du Grand-Voilier\",\"url\":\"https:\\\/\\\/cssdn.gouv.qc.ca\\\/grandvoilier\\\/\",\"logo\":{\"@type\":\"ImageObject\",\"inLanguage\":\"fr-CA\",\"@id\":\"https:\\\/\\\/cssdn.gouv.qc.ca\\\/grandvoilier\\\/#\\\/schema\\\/logo\\\/image\\\/\",\"url\":\"https:\\\/\\\/cssdn.gouv.qc.ca\\\/grandvoilier\\\/wp-content\\\/uploads\\\/sites\\\/45\\\/2023\\\/01\\\/logo_quebec.svg\",\"contentUrl\":\"https:\\\/\\\/cssdn.gouv.qc.ca\\\/grandvoilier\\\/wp-content\\\/uploads\\\/sites\\\/45\\\/2023\\\/01\\\/logo_quebec.svg\",\"width\":188,\"height\":41,\"caption\":\"\u00c9cole du Grand-Voilier\"},\"image\":{\"@id\":\"https:\\\/\\\/cssdn.gouv.qc.ca\\\/grandvoilier\\\/#\\\/schema\\\/logo\\\/image\\\/\"},\"sameAs\":[\"https:\\\/\\\/www.facebook.com\\\/GrandVoilier\"]}]}<\/script>\n<!-- \/ Yoast SEO plugin. -->","yoast_head_json":{"title":"Renseignements g\u00e9n\u00e9raux - \u00c9cole du Grand-Voilier","robots":{"index":"index","follow":"follow","max-snippet":"max-snippet:-1","max-image-preview":"max-image-preview:large","max-video-preview":"max-video-preview:-1"},"canonical":"https:\/\/cssdn.gouv.qc.ca\/grandvoilier\/service-de-garde\/a\/","og_locale":"fr_CA","og_type":"article","og_title":"Renseignements g\u00e9n\u00e9raux - \u00c9cole du Grand-Voilier","og_description":"Mission du service de garde La mission du service de garde1 est de \u00ab [veiller] au bien-\u00eatre g\u00e9n\u00e9ral des \u00e9l\u00e8ves et poursuivre, dans le cadre du projet \u00e9ducatif de l\u2019\u00e9cole, le d\u00e9veloppement global des \u00e9l\u00e8ves par l\u2019\u00e9laboration d\u2019activit\u00e9s tenant compte de leurs int\u00e9r\u00eats et de leurs besoins, en compl\u00e9mentarit\u00e9 aux services \u00e9ducatifs de l\u2019\u00e9cole. Assurer [&hellip;]","og_url":"https:\/\/cssdn.gouv.qc.ca\/grandvoilier\/service-de-garde\/a\/","og_site_name":"\u00c9cole du Grand-Voilier","article_publisher":"https:\/\/www.facebook.com\/GrandVoilier","article_modified_time":"2025-09-25T20:58:40+00:00","twitter_card":"summary_large_image","twitter_misc":{"Estimation du temps de lecture":"2 minutes"},"schema":{"@context":"https:\/\/schema.org","@graph":[{"@type":"WebPage","@id":"https:\/\/cssdn.gouv.qc.ca\/grandvoilier\/service-de-garde\/a\/","url":"https:\/\/cssdn.gouv.qc.ca\/grandvoilier\/service-de-garde\/a\/","name":"Renseignements g\u00e9n\u00e9raux - \u00c9cole du Grand-Voilier","isPartOf":{"@id":"https:\/\/cssdn.gouv.qc.ca\/grandvoilier\/#website"},"primaryImageOfPage":{"@id":"https:\/\/cssdn.gouv.qc.ca\/grandvoilier\/service-de-garde\/a\/#primaryimage"},"image":{"@id":"https:\/\/cssdn.gouv.qc.ca\/grandvoilier\/service-de-garde\/a\/#primaryimage"},"thumbnailUrl":"https:\/\/cssdn.gouv.qc.ca\/wp-content\/uploads\/2022\/08\/Seawire-Hero-06.jpg","datePublished":"2023-01-20T14:15:58+00:00","dateModified":"2025-09-25T20:58:40+00:00","breadcrumb":{"@id":"https:\/\/cssdn.gouv.qc.ca\/grandvoilier\/service-de-garde\/a\/#breadcrumb"},"inLanguage":"fr-CA","potentialAction":[{"@type":"ReadAction","target":["https:\/\/cssdn.gouv.qc.ca\/grandvoilier\/service-de-garde\/a\/"]}]},{"@type":"ImageObject","inLanguage":"fr-CA","@id":"https:\/\/cssdn.gouv.qc.ca\/grandvoilier\/service-de-garde\/a\/#primaryimage","url":"https:\/\/cssdn.gouv.qc.ca\/wp-content\/uploads\/2022\/08\/Seawire-Hero-06.jpg","contentUrl":"https:\/\/cssdn.gouv.qc.ca\/wp-content\/uploads\/2022\/08\/Seawire-Hero-06.jpg"},{"@type":"BreadcrumbList","@id":"https:\/\/cssdn.gouv.qc.ca\/grandvoilier\/service-de-garde\/a\/#breadcrumb","itemListElement":[{"@type":"ListItem","position":1,"name":"Accueil","item":"https:\/\/cssdn.gouv.qc.ca\/grandvoilier\/"},{"@type":"ListItem","position":2,"name":"Service de garde","item":"https:\/\/cssdn.gouv.qc.ca\/grandvoilier\/service-de-garde\/"},{"@type":"ListItem","position":3,"name":"Renseignements g\u00e9n\u00e9raux"}]},{"@type":"WebSite","@id":"https:\/\/cssdn.gouv.qc.ca\/grandvoilier\/#website","url":"https:\/\/cssdn.gouv.qc.ca\/grandvoilier\/","name":"\u00c9cole du Grand-Voilier","description":"Un site des centres de services scolaires des Navigateurs","publisher":{"@id":"https:\/\/cssdn.gouv.qc.ca\/grandvoilier\/#organization"},"potentialAction":[{"@type":"SearchAction","target":{"@type":"EntryPoint","urlTemplate":"https:\/\/cssdn.gouv.qc.ca\/grandvoilier\/?s={search_term_string}"},"query-input":{"@type":"PropertyValueSpecification","valueRequired":true,"valueName":"search_term_string"}}],"inLanguage":"fr-CA"},{"@type":"Organization","@id":"https:\/\/cssdn.gouv.qc.ca\/grandvoilier\/#organization","name":"\u00c9cole du Grand-Voilier","url":"https:\/\/cssdn.gouv.qc.ca\/grandvoilier\/","logo":{"@type":"ImageObject","inLanguage":"fr-CA","@id":"https:\/\/cssdn.gouv.qc.ca\/grandvoilier\/#\/schema\/logo\/image\/","url":"https:\/\/cssdn.gouv.qc.ca\/grandvoilier\/wp-content\/uploads\/sites\/45\/2023\/01\/logo_quebec.svg","contentUrl":"https:\/\/cssdn.gouv.qc.ca\/grandvoilier\/wp-content\/uploads\/sites\/45\/2023\/01\/logo_quebec.svg","width":188,"height":41,"caption":"\u00c9cole du Grand-Voilier"},"image":{"@id":"https:\/\/cssdn.gouv.qc.ca\/grandvoilier\/#\/schema\/logo\/image\/"},"sameAs":["https:\/\/www.facebook.com\/GrandVoilier"]}]}},"publishpress_future_action":{"enabled":false,"date":"2026-04-12 22:40:42","action":"change-status","newStatus":"draft","terms":[],"taxonomy":"category","extraData":[]},"publishpress_future_workflow_manual_trigger":{"enabledWorkflows":[]},"_links":{"self":[{"href":"https:\/\/cssdn.gouv.qc.ca\/grandvoilier\/wp-json\/wp\/v2\/pages\/286","targetHints":{"allow":["GET"]}}],"collection":[{"href":"https:\/\/cssdn.gouv.qc.ca\/grandvoilier\/wp-json\/wp\/v2\/pages"}],"about":[{"href":"https:\/\/cssdn.gouv.qc.ca\/grandvoilier\/wp-json\/wp\/v2\/types\/page"}],"author":[{"embeddable":true,"href":"https:\/\/cssdn.gouv.qc.ca\/grandvoilier\/wp-json\/wp\/v2\/users\/8"}],"replies":[{"embeddable":true,"href":"https:\/\/cssdn.gouv.qc.ca\/grandvoilier\/wp-json\/wp\/v2\/comments?post=286"}],"version-history":[{"count":0,"href":"https:\/\/cssdn.gouv.qc.ca\/grandvoilier\/wp-json\/wp\/v2\/pages\/286\/revisions"}],"up":[{"embeddable":true,"href":"https:\/\/cssdn.gouv.qc.ca\/grandvoilier\/wp-json\/wp\/v2\/pages\/16"}],"wp:attachment":[{"href":"https:\/\/cssdn.gouv.qc.ca\/grandvoilier\/wp-json\/wp\/v2\/media?parent=286"}],"wp:term":[{"taxonomy":"category","embeddable":true,"href":"https:\/\/cssdn.gouv.qc.ca\/grandvoilier\/wp-json\/wp\/v2\/categories?post=286"},{"taxonomy":"post_tag","embeddable":true,"href":"https:\/\/cssdn.gouv.qc.ca\/grandvoilier\/wp-json\/wp\/v2\/tags?post=286"}],"curies":[{"name":"wp","href":"https:\/\/api.w.org\/{rel}","templated":true}]}}