
{"id":7,"date":"2022-11-08T16:07:53","date_gmt":"2022-11-08T21:07:53","guid":{"rendered":"https:\/\/cssdn.gouv.qc.ca\/grandvoilier\/a-propos\/mission-vision-valeurs\/"},"modified":"2024-08-13T08:24:17","modified_gmt":"2024-08-13T12:24:17","slug":"mission-vision-valeurs","status":"publish","type":"page","link":"https:\/\/cssdn.gouv.qc.ca\/grandvoilier\/a-propos\/mission-vision-valeurs\/","title":{"rendered":"Mission, vision, valeurs"},"content":{"rendered":"\n<div class=\"wp-block-cover alignfull is-light is-style-title-banner\"><span aria-hidden=\"true\" class=\"wp-block-cover__background has-primary-background-color has-background-dim\"><\/span><img decoding=\"async\" class=\"wp-block-cover__image-background wp-image-111 lazyload\" alt=\"\" data-src=\"https:\/\/cssdn.gouv.qc.ca\/wp-content\/uploads\/2022\/08\/Seawire-Hero-06.jpg\" data-object-fit=\"cover\" src=\"data:image\/svg+xml;base64,PHN2ZyB3aWR0aD0iMSIgaGVpZ2h0PSIxIiB4bWxucz0iaHR0cDovL3d3dy53My5vcmcvMjAwMC9zdmciPjwvc3ZnPg==\" \/><div class=\"wp-block-cover__inner-container\"><h3 class=\"wp-block-post-title\">Mission, vision, valeurs<\/h3><\/div><\/div>\n\n\n\n<div class=\"wp-block-group alignfull has-padding-y-large has-secondary-background-color has-background\"><div class=\"yoast-breadcrumbs alignwide \"><span class=\"breadcrumbs\"><a href=\"https:\/\/cssdn.gouv.qc.ca\/grandvoilier\/\" class=\"breadcrumbs__element\">Accueil<\/a> <span class=\"breadcrumbs__separator\">\n        <svg class=\"icon icon-breadcrumb__separator\"><use xlink:href=\"#icon-breadcrumb__separator\"><\/use><\/svg>\n    <\/span> <a href=\"https:\/\/cssdn.gouv.qc.ca\/grandvoilier\/a-propos\/\" class=\"breadcrumbs__element\">\u00c0 propos<\/a> <span class=\"breadcrumbs__separator\">\n        <svg class=\"icon icon-breadcrumb__separator\"><use xlink:href=\"#icon-breadcrumb__separator\"><\/use><\/svg>\n    <\/span> <span class=\"breadcrumbs__element breadcrumbs__element-current\">Mission, vision, valeurs<\/span><\/span><\/div><\/div>\n\n\n\n<div class=\"act-collapsible\">\n<h5 class=\"wp-block-heading act-collapsible__heading\">Mission<\/h5>\n\n\n\n<div class=\"act-collapsible__content\"><div class=\"act-collapsible__content-inner\">\n<p class=\"wp-block-paragraph\">Que chaque jour, chaque \u00e9l\u00e8ve \u00e9volue avec plaisir vers sa r\u00e9ussite.<\/p>\n<\/div><\/div>\n<\/div>\n\n\n\n<div class=\"act-collapsible\">\n<h5 class=\"wp-block-heading act-collapsible__heading\">Vision<\/h5>\n\n\n\n<div class=\"act-collapsible__content\"><div class=\"act-collapsible__content-inner\">\n<p class=\"wp-block-paragraph\">Une \u00e9cole rayonnante et dynamique engag\u00e9e au service des \u00e9l\u00e8ves.<\/p>\n<\/div><\/div>\n<\/div>\n\n\n\n<div class=\"act-collapsible\">\n<h5 class=\"wp-block-heading act-collapsible__heading\">Valeurs<\/h5>\n\n\n\n<div class=\"act-collapsible__content\"><div class=\"act-collapsible__content-inner\">\n<div class=\"wp-block-columns\">\n<div class=\"wp-block-column\">\n<h3 class=\"wp-block-heading\">Le respect<\/h3>\n\n\n\n<p class=\"wp-block-paragraph\">Sentiment de consid\u00e9ration envers quelqu\u2019un, et qui porte \u00e0 le traiter avec des \u00e9gards particuliers. Manifestation de ces \u00e9gards:<\/p>\n\n\n\n<ul class=\"wp-block-list\">\n<li>\u00catre poli (dire bonjour, svp, merci et s&rsquo;excuser);<\/li>\n\n\n\n<li><span style=\"text-indent: -2em;font-size: inherit;color: var(--color--text);font-family: var(--font-family--text)\">Collaborer aux demandes respectueuses des autres;<\/span><\/li>\n\n\n\n<li><span style=\"text-indent: -2em;font-size: inherit;color: var(--color--text);font-family: var(--font-family--text)\">Tenir compte de l\u2019espace (bulle) des autres ;<\/span><\/li>\n\n\n\n<li><span style=\"text-indent: -2em;font-size: inherit;color: var(--color--text);font-family: var(--font-family--text)\">\u00catre \u00e0 l\u2019\u00e9coute des autres;<\/span><\/li>\n\n\n\n<li>Utiliser un langage respectueux.<\/li>\n\n\n\n<li><\/li>\n<\/ul>\n\n\n\n<p class=\"wp-block-paragraph\"><\/p>\n<\/div>\n\n\n\n<div class=\"wp-block-column\">\n<h3 class=\"wp-block-heading\">Le travail d\u2019\u00e9quipe<\/h3>\n\n\n\n<p class=\"wp-block-paragraph\">Travailler en collaboration avec d\u2019autres membres d\u2019un groupe en vue d\u2019atteindre un objectif commun. Comportements observables:<\/p>\n\n\n\n<ul class=\"wp-block-list\">\n<li>S&rsquo;entraider;<\/li>\n\n\n\n<li><span style=\"text-indent: -2em;font-size: inherit;color: var(--color--text);font-family: var(--font-family--text)\">S\u2019ouvrir aux id\u00e9es des autres<\/span>; <\/li>\n\n\n\n<li><span style=\"text-indent: -2em;font-size: inherit;color: var(--color--text);font-family: var(--font-family--text)\">Partager ses id\u00e9es;<\/span><\/li>\n\n\n\n<li>Participer activement \u00e0 la r\u00e9alisation d\u2019un projet.<\/li>\n<\/ul>\n<\/div>\n\n\n\n<div class=\"wp-block-column\">\n<h3 class=\"wp-block-heading\">L\u2019\u00e9panouissement<\/h3>\n\n\n\n<p class=\"wp-block-paragraph\">Atteindre un stade de d\u00e9veloppement plein et heureux. Comportements observables:<\/p>\n\n\n\n<ul class=\"wp-block-list\">\n<li>Apprendre quelque chose de nouveaux;<\/li>\n\n\n\n<li><span style=\"text-indent: -2em;font-size: inherit;color: var(--color--text);font-family: var(--font-family--text)\">Avoir des d\u00e9fis \u00e0 sa port\u00e9e;<\/span><\/li>\n\n\n\n<li><span style=\"text-indent: -2em;font-size: inherit;color: var(--color--text);font-family: var(--font-family--text)\">\u00catre accompagn\u00e9;<\/span><\/li>\n\n\n\n<li>\u00catre fier de ses r\u00e9alisations.<\/li>\n<\/ul>\n<\/div>\n<\/div>\n<\/div><\/div>\n<\/div>\n\n\n\n<div class=\"wp-block-columns\">\n<div class=\"wp-block-column\">\n<p class=\"wp-block-paragraph\"><br><\/p>\n<\/div>\n<\/div>\n\n\n\n<p class=\"wp-block-paragraph\"><\/p>\n\n\n\n<p class=\"wp-block-paragraph\"><\/p>\n","protected":false},"excerpt":{"rendered":"","protected":false},"author":1,"featured_media":0,"parent":6,"menu_order":0,"comment_status":"closed","ping_status":"closed","template":"","meta":{"_acf_changed":false,"_crdt_document":"","inline_featured_image":false,"footnotes":""},"categories":[],"tags":[],"class_list":["post-7","page","type-page","status-publish","hentry"],"acf":[],"yoast_head":"<!-- This site is optimized with the Yoast SEO plugin v27.3 - https:\/\/yoast.com\/product\/yoast-seo-wordpress\/ -->\n<title>Mission, vision, valeurs - \u00c9cole du Grand-Voilier<\/title>\n<meta name=\"robots\" content=\"index, follow, max-snippet:-1, max-image-preview:large, max-video-preview:-1\" \/>\n<link rel=\"canonical\" href=\"https:\/\/cssdn.gouv.qc.ca\/grandvoilier\/a-propos\/mission-vision-valeurs\/\" \/>\n<meta property=\"og:locale\" content=\"fr_CA\" \/>\n<meta property=\"og:type\" content=\"article\" \/>\n<meta property=\"og:title\" content=\"Mission, vision, valeurs - \u00c9cole du Grand-Voilier\" \/>\n<meta property=\"og:url\" content=\"https:\/\/cssdn.gouv.qc.ca\/grandvoilier\/a-propos\/mission-vision-valeurs\/\" \/>\n<meta property=\"og:site_name\" content=\"\u00c9cole du Grand-Voilier\" \/>\n<meta property=\"article:publisher\" content=\"https:\/\/www.facebook.com\/GrandVoilier\" \/>\n<meta property=\"article:modified_time\" content=\"2024-08-13T12:24:17+00:00\" \/>\n<meta property=\"og:image\" content=\"https:\/\/cssdn.gouv.qc.ca\/wp-content\/uploads\/2022\/08\/Seawire-Hero-06.jpg\" \/>\n<meta name=\"twitter:card\" content=\"summary_large_image\" \/>\n<meta name=\"twitter:label1\" content=\"Estimation du temps de lecture\" \/>\n\t<meta name=\"twitter:data1\" content=\"1 minute\" \/>\n<script type=\"application\/ld+json\" class=\"yoast-schema-graph\">{\"@context\":\"https:\\\/\\\/schema.org\",\"@graph\":[{\"@type\":\"WebPage\",\"@id\":\"https:\\\/\\\/cssdn.gouv.qc.ca\\\/grandvoilier\\\/a-propos\\\/mission-vision-valeurs\\\/\",\"url\":\"https:\\\/\\\/cssdn.gouv.qc.ca\\\/grandvoilier\\\/a-propos\\\/mission-vision-valeurs\\\/\",\"name\":\"Mission, vision, valeurs - \u00c9cole du Grand-Voilier\",\"isPartOf\":{\"@id\":\"https:\\\/\\\/cssdn.gouv.qc.ca\\\/grandvoilier\\\/#website\"},\"primaryImageOfPage\":{\"@id\":\"https:\\\/\\\/cssdn.gouv.qc.ca\\\/grandvoilier\\\/a-propos\\\/mission-vision-valeurs\\\/#primaryimage\"},\"image\":{\"@id\":\"https:\\\/\\\/cssdn.gouv.qc.ca\\\/grandvoilier\\\/a-propos\\\/mission-vision-valeurs\\\/#primaryimage\"},\"thumbnailUrl\":\"https:\\\/\\\/cssdn.gouv.qc.ca\\\/wp-content\\\/uploads\\\/2022\\\/08\\\/Seawire-Hero-06.jpg\",\"datePublished\":\"2022-11-08T21:07:53+00:00\",\"dateModified\":\"2024-08-13T12:24:17+00:00\",\"breadcrumb\":{\"@id\":\"https:\\\/\\\/cssdn.gouv.qc.ca\\\/grandvoilier\\\/a-propos\\\/mission-vision-valeurs\\\/#breadcrumb\"},\"inLanguage\":\"fr-CA\",\"potentialAction\":[{\"@type\":\"ReadAction\",\"target\":[\"https:\\\/\\\/cssdn.gouv.qc.ca\\\/grandvoilier\\\/a-propos\\\/mission-vision-valeurs\\\/\"]}]},{\"@type\":\"ImageObject\",\"inLanguage\":\"fr-CA\",\"@id\":\"https:\\\/\\\/cssdn.gouv.qc.ca\\\/grandvoilier\\\/a-propos\\\/mission-vision-valeurs\\\/#primaryimage\",\"url\":\"https:\\\/\\\/cssdn.gouv.qc.ca\\\/wp-content\\\/uploads\\\/2022\\\/08\\\/Seawire-Hero-06.jpg\",\"contentUrl\":\"https:\\\/\\\/cssdn.gouv.qc.ca\\\/wp-content\\\/uploads\\\/2022\\\/08\\\/Seawire-Hero-06.jpg\"},{\"@type\":\"BreadcrumbList\",\"@id\":\"https:\\\/\\\/cssdn.gouv.qc.ca\\\/grandvoilier\\\/a-propos\\\/mission-vision-valeurs\\\/#breadcrumb\",\"itemListElement\":[{\"@type\":\"ListItem\",\"position\":1,\"name\":\"Accueil\",\"item\":\"https:\\\/\\\/cssdn.gouv.qc.ca\\\/grandvoilier\\\/\"},{\"@type\":\"ListItem\",\"position\":2,\"name\":\"\u00c0 propos\",\"item\":\"https:\\\/\\\/cssdn.gouv.qc.ca\\\/grandvoilier\\\/a-propos\\\/\"},{\"@type\":\"ListItem\",\"position\":3,\"name\":\"Mission, vision, valeurs\"}]},{\"@type\":\"WebSite\",\"@id\":\"https:\\\/\\\/cssdn.gouv.qc.ca\\\/grandvoilier\\\/#website\",\"url\":\"https:\\\/\\\/cssdn.gouv.qc.ca\\\/grandvoilier\\\/\",\"name\":\"\u00c9cole du Grand-Voilier\",\"description\":\"Un site des centres de services scolaires des Navigateurs\",\"publisher\":{\"@id\":\"https:\\\/\\\/cssdn.gouv.qc.ca\\\/grandvoilier\\\/#organization\"},\"potentialAction\":[{\"@type\":\"SearchAction\",\"target\":{\"@type\":\"EntryPoint\",\"urlTemplate\":\"https:\\\/\\\/cssdn.gouv.qc.ca\\\/grandvoilier\\\/?s={search_term_string}\"},\"query-input\":{\"@type\":\"PropertyValueSpecification\",\"valueRequired\":true,\"valueName\":\"search_term_string\"}}],\"inLanguage\":\"fr-CA\"},{\"@type\":\"Organization\",\"@id\":\"https:\\\/\\\/cssdn.gouv.qc.ca\\\/grandvoilier\\\/#organization\",\"name\":\"\u00c9cole du Grand-Voilier\",\"url\":\"https:\\\/\\\/cssdn.gouv.qc.ca\\\/grandvoilier\\\/\",\"logo\":{\"@type\":\"ImageObject\",\"inLanguage\":\"fr-CA\",\"@id\":\"https:\\\/\\\/cssdn.gouv.qc.ca\\\/grandvoilier\\\/#\\\/schema\\\/logo\\\/image\\\/\",\"url\":\"https:\\\/\\\/cssdn.gouv.qc.ca\\\/grandvoilier\\\/wp-content\\\/uploads\\\/sites\\\/45\\\/2023\\\/01\\\/logo_quebec.svg\",\"contentUrl\":\"https:\\\/\\\/cssdn.gouv.qc.ca\\\/grandvoilier\\\/wp-content\\\/uploads\\\/sites\\\/45\\\/2023\\\/01\\\/logo_quebec.svg\",\"width\":188,\"height\":41,\"caption\":\"\u00c9cole du Grand-Voilier\"},\"image\":{\"@id\":\"https:\\\/\\\/cssdn.gouv.qc.ca\\\/grandvoilier\\\/#\\\/schema\\\/logo\\\/image\\\/\"},\"sameAs\":[\"https:\\\/\\\/www.facebook.com\\\/GrandVoilier\"]}]}<\/script>\n<!-- \/ Yoast SEO plugin. -->","yoast_head_json":{"title":"Mission, vision, valeurs - \u00c9cole du Grand-Voilier","robots":{"index":"index","follow":"follow","max-snippet":"max-snippet:-1","max-image-preview":"max-image-preview:large","max-video-preview":"max-video-preview:-1"},"canonical":"https:\/\/cssdn.gouv.qc.ca\/grandvoilier\/a-propos\/mission-vision-valeurs\/","og_locale":"fr_CA","og_type":"article","og_title":"Mission, vision, valeurs - \u00c9cole du Grand-Voilier","og_url":"https:\/\/cssdn.gouv.qc.ca\/grandvoilier\/a-propos\/mission-vision-valeurs\/","og_site_name":"\u00c9cole du Grand-Voilier","article_publisher":"https:\/\/www.facebook.com\/GrandVoilier","article_modified_time":"2024-08-13T12:24:17+00:00","og_image":[{"url":"https:\/\/cssdn.gouv.qc.ca\/wp-content\/uploads\/2022\/08\/Seawire-Hero-06.jpg","type":"","width":"","height":""}],"twitter_card":"summary_large_image","twitter_misc":{"Estimation du temps de lecture":"1 minute"},"schema":{"@context":"https:\/\/schema.org","@graph":[{"@type":"WebPage","@id":"https:\/\/cssdn.gouv.qc.ca\/grandvoilier\/a-propos\/mission-vision-valeurs\/","url":"https:\/\/cssdn.gouv.qc.ca\/grandvoilier\/a-propos\/mission-vision-valeurs\/","name":"Mission, vision, valeurs - \u00c9cole du Grand-Voilier","isPartOf":{"@id":"https:\/\/cssdn.gouv.qc.ca\/grandvoilier\/#website"},"primaryImageOfPage":{"@id":"https:\/\/cssdn.gouv.qc.ca\/grandvoilier\/a-propos\/mission-vision-valeurs\/#primaryimage"},"image":{"@id":"https:\/\/cssdn.gouv.qc.ca\/grandvoilier\/a-propos\/mission-vision-valeurs\/#primaryimage"},"thumbnailUrl":"https:\/\/cssdn.gouv.qc.ca\/wp-content\/uploads\/2022\/08\/Seawire-Hero-06.jpg","datePublished":"2022-11-08T21:07:53+00:00","dateModified":"2024-08-13T12:24:17+00:00","breadcrumb":{"@id":"https:\/\/cssdn.gouv.qc.ca\/grandvoilier\/a-propos\/mission-vision-valeurs\/#breadcrumb"},"inLanguage":"fr-CA","potentialAction":[{"@type":"ReadAction","target":["https:\/\/cssdn.gouv.qc.ca\/grandvoilier\/a-propos\/mission-vision-valeurs\/"]}]},{"@type":"ImageObject","inLanguage":"fr-CA","@id":"https:\/\/cssdn.gouv.qc.ca\/grandvoilier\/a-propos\/mission-vision-valeurs\/#primaryimage","url":"https:\/\/cssdn.gouv.qc.ca\/wp-content\/uploads\/2022\/08\/Seawire-Hero-06.jpg","contentUrl":"https:\/\/cssdn.gouv.qc.ca\/wp-content\/uploads\/2022\/08\/Seawire-Hero-06.jpg"},{"@type":"BreadcrumbList","@id":"https:\/\/cssdn.gouv.qc.ca\/grandvoilier\/a-propos\/mission-vision-valeurs\/#breadcrumb","itemListElement":[{"@type":"ListItem","position":1,"name":"Accueil","item":"https:\/\/cssdn.gouv.qc.ca\/grandvoilier\/"},{"@type":"ListItem","position":2,"name":"\u00c0 propos","item":"https:\/\/cssdn.gouv.qc.ca\/grandvoilier\/a-propos\/"},{"@type":"ListItem","position":3,"name":"Mission, vision, valeurs"}]},{"@type":"WebSite","@id":"https:\/\/cssdn.gouv.qc.ca\/grandvoilier\/#website","url":"https:\/\/cssdn.gouv.qc.ca\/grandvoilier\/","name":"\u00c9cole du Grand-Voilier","description":"Un site des centres de services scolaires des Navigateurs","publisher":{"@id":"https:\/\/cssdn.gouv.qc.ca\/grandvoilier\/#organization"},"potentialAction":[{"@type":"SearchAction","target":{"@type":"EntryPoint","urlTemplate":"https:\/\/cssdn.gouv.qc.ca\/grandvoilier\/?s={search_term_string}"},"query-input":{"@type":"PropertyValueSpecification","valueRequired":true,"valueName":"search_term_string"}}],"inLanguage":"fr-CA"},{"@type":"Organization","@id":"https:\/\/cssdn.gouv.qc.ca\/grandvoilier\/#organization","name":"\u00c9cole du Grand-Voilier","url":"https:\/\/cssdn.gouv.qc.ca\/grandvoilier\/","logo":{"@type":"ImageObject","inLanguage":"fr-CA","@id":"https:\/\/cssdn.gouv.qc.ca\/grandvoilier\/#\/schema\/logo\/image\/","url":"https:\/\/cssdn.gouv.qc.ca\/grandvoilier\/wp-content\/uploads\/sites\/45\/2023\/01\/logo_quebec.svg","contentUrl":"https:\/\/cssdn.gouv.qc.ca\/grandvoilier\/wp-content\/uploads\/sites\/45\/2023\/01\/logo_quebec.svg","width":188,"height":41,"caption":"\u00c9cole du Grand-Voilier"},"image":{"@id":"https:\/\/cssdn.gouv.qc.ca\/grandvoilier\/#\/schema\/logo\/image\/"},"sameAs":["https:\/\/www.facebook.com\/GrandVoilier"]}]}},"publishpress_future_action":{"enabled":false,"date":"2026-04-12 19:25:12","action":"change-status","newStatus":"draft","terms":[],"taxonomy":"category","extraData":[]},"publishpress_future_workflow_manual_trigger":{"enabledWorkflows":[]},"_links":{"self":[{"href":"https:\/\/cssdn.gouv.qc.ca\/grandvoilier\/wp-json\/wp\/v2\/pages\/7","targetHints":{"allow":["GET"]}}],"collection":[{"href":"https:\/\/cssdn.gouv.qc.ca\/grandvoilier\/wp-json\/wp\/v2\/pages"}],"about":[{"href":"https:\/\/cssdn.gouv.qc.ca\/grandvoilier\/wp-json\/wp\/v2\/types\/page"}],"author":[{"embeddable":true,"href":"https:\/\/cssdn.gouv.qc.ca\/grandvoilier\/wp-json\/wp\/v2\/users\/1"}],"replies":[{"embeddable":true,"href":"https:\/\/cssdn.gouv.qc.ca\/grandvoilier\/wp-json\/wp\/v2\/comments?post=7"}],"version-history":[{"count":0,"href":"https:\/\/cssdn.gouv.qc.ca\/grandvoilier\/wp-json\/wp\/v2\/pages\/7\/revisions"}],"up":[{"embeddable":true,"href":"https:\/\/cssdn.gouv.qc.ca\/grandvoilier\/wp-json\/wp\/v2\/pages\/6"}],"wp:attachment":[{"href":"https:\/\/cssdn.gouv.qc.ca\/grandvoilier\/wp-json\/wp\/v2\/media?parent=7"}],"wp:term":[{"taxonomy":"category","embeddable":true,"href":"https:\/\/cssdn.gouv.qc.ca\/grandvoilier\/wp-json\/wp\/v2\/categories?post=7"},{"taxonomy":"post_tag","embeddable":true,"href":"https:\/\/cssdn.gouv.qc.ca\/grandvoilier\/wp-json\/wp\/v2\/tags?post=7"}],"curies":[{"name":"wp","href":"https:\/\/api.w.org\/{rel}","templated":true}]}}