
{"id":17,"date":"2022-11-08T16:17:58","date_gmt":"2022-11-08T21:17:58","guid":{"rendered":"https:\/\/cssdn.gouv.qc.ca\/horizon\/information\/services-a-leleve\/"},"modified":"2025-07-02T14:28:06","modified_gmt":"2025-07-02T18:28:06","slug":"rentree-scolaire","status":"publish","type":"page","link":"https:\/\/cssdn.gouv.qc.ca\/horizon\/information\/rentree-scolaire\/","title":{"rendered":"Rentr\u00e9e scolaire 2025-2026"},"content":{"rendered":"\n<div class=\"wp-block-cover alignfull is-light is-style-title-banner\"><img decoding=\"async\" class=\"wp-block-cover__image-background wp-image-111 lazyload\" alt=\"\" data-src=\"https:\/\/stage.cssdn.gouv.qc.ca\/wp-content\/uploads\/2022\/08\/Seawire-Hero-06.jpg\" data-object-fit=\"cover\" src=\"data:image\/svg+xml;base64,PHN2ZyB3aWR0aD0iMSIgaGVpZ2h0PSIxIiB4bWxucz0iaHR0cDovL3d3dy53My5vcmcvMjAwMC9zdmciPjwvc3ZnPg==\" \/><span aria-hidden=\"true\" class=\"wp-block-cover__background has-primary-background-color has-background-dim\"><\/span><div class=\"wp-block-cover__inner-container\"><h3 class=\"wp-block-post-title\">Rentr\u00e9e scolaire 2025-2026<\/h3><\/div><\/div>\n\n\n\n<div class=\"wp-block-group alignfull has-padding-y-large has-secondary-background-color has-background\"><div class=\"yoast-breadcrumbs alignwide \"><span class=\"breadcrumbs\"><a href=\"https:\/\/cssdn.gouv.qc.ca\/horizon\/\" class=\"breadcrumbs__element\">Accueil<\/a> <span class=\"breadcrumbs__separator\">\n        <svg class=\"icon icon-breadcrumb__separator\"><use xlink:href=\"#icon-breadcrumb__separator\"><\/use><\/svg>\n    <\/span> <a href=\"https:\/\/cssdn.gouv.qc.ca\/horizon\/information\/\" class=\"breadcrumbs__element\">Information<\/a> <span class=\"breadcrumbs__separator\">\n        <svg class=\"icon icon-breadcrumb__separator\"><use xlink:href=\"#icon-breadcrumb__separator\"><\/use><\/svg>\n    <\/span> <span class=\"breadcrumbs__element breadcrumbs__element-current\">Rentr\u00e9e scolaire 2025-2026<\/span><\/span><\/div><\/div>\n\n\n\n<p class=\"wp-block-paragraph\"><\/p>\n\n\n\n<p class=\"has-large-font-size wp-block-paragraph\"><strong>Listes mat\u00e9riel scolaire<\/strong><\/p>\n\n\n\n<div class=\"wp-block-file\"><a id=\"wp-block-file--media-fde83fad-94bd-43aa-bab5-dddaaababb13\" href=\"https:\/\/cssdn.gouv.qc.ca\/horizon\/wp-content\/uploads\/sites\/39\/2025\/06\/LES-ESSENTIELS-par-matiere-SEC-1.pdf\" target=\"_blank\" rel=\"noreferrer noopener\">Mat\u00e9riel scolaire secondaire 1<\/a><a href=\"https:\/\/cssdn.gouv.qc.ca\/horizon\/wp-content\/uploads\/sites\/39\/2025\/06\/LES-ESSENTIELS-par-matiere-SEC-1.pdf\" class=\"wp-block-file__button wp-element-button\" download aria-describedby=\"wp-block-file--media-fde83fad-94bd-43aa-bab5-dddaaababb13\">T\u00e9l\u00e9charger<\/a><\/div>\n\n\n\n<div class=\"wp-block-file\"><a id=\"wp-block-file--media-496e519a-6948-48cc-82d9-cfbeb0e95d8a\" href=\"https:\/\/cssdn.gouv.qc.ca\/horizon\/wp-content\/uploads\/sites\/39\/2025\/06\/LES-ESSENTIELS-par-matiere-SEC-2.pdf\" target=\"_blank\" rel=\"noreferrer noopener\">Mat\u00e9riel scolaire secondaire 2<\/a><a href=\"https:\/\/cssdn.gouv.qc.ca\/horizon\/wp-content\/uploads\/sites\/39\/2025\/06\/LES-ESSENTIELS-par-matiere-SEC-2.pdf\" class=\"wp-block-file__button wp-element-button\" download aria-describedby=\"wp-block-file--media-496e519a-6948-48cc-82d9-cfbeb0e95d8a\">T\u00e9l\u00e9charger<\/a><\/div>\n\n\n\n<div class=\"wp-block-file\"><a id=\"wp-block-file--media-1c029283-6c85-4a60-85a7-28a4361cf45c\" href=\"https:\/\/cssdn.gouv.qc.ca\/horizon\/wp-content\/uploads\/sites\/39\/2025\/06\/LES-ESSENTIELS-par-matiere-SEC-3.pdf\" target=\"_blank\" rel=\"noreferrer noopener\">Mat\u00e9riel scolaire secondaire 3<\/a><a href=\"https:\/\/cssdn.gouv.qc.ca\/horizon\/wp-content\/uploads\/sites\/39\/2025\/06\/LES-ESSENTIELS-par-matiere-SEC-3.pdf\" class=\"wp-block-file__button wp-element-button\" download aria-describedby=\"wp-block-file--media-1c029283-6c85-4a60-85a7-28a4361cf45c\">T\u00e9l\u00e9charger<\/a><\/div>\n\n\n\n<p class=\"has-black-color has-text-color has-link-color has-large-font-size wp-elements-d552031982b608babe047cf39c76e3fa wp-block-paragraph\"><strong>Achats iPad<\/strong><\/p>\n\n\n\n<p class=\"has-black-color has-text-color has-link-color wp-elements-8f153fa566e672e11a62c6467fc92486 wp-block-paragraph\"><strong>seulement pour les \u00e9l\u00e8ves inscrits aux programmes D\u00e9clic interdisciplinaires et D\u00e9clic langues<\/strong><\/p>\n\n\n\n<div class=\"wp-block-file\"><a id=\"wp-block-file--media-9db4f1f1-9d63-48af-b92d-ce652eb47990\" href=\"https:\/\/cssdn.gouv.qc.ca\/horizon\/wp-content\/uploads\/sites\/39\/2025\/07\/Lettre-achat-iPad-2025-2026.docx.pdf\" target=\"_blank\" rel=\"noreferrer noopener\">Lettre achat iPad 2025-2026<\/a><a href=\"https:\/\/cssdn.gouv.qc.ca\/horizon\/wp-content\/uploads\/sites\/39\/2025\/07\/Lettre-achat-iPad-2025-2026.docx.pdf\" class=\"wp-block-file__button wp-element-button\" download aria-describedby=\"wp-block-file--media-9db4f1f1-9d63-48af-b92d-ce652eb47990\">T\u00e9l\u00e9charger<\/a><\/div>\n\n\n\n<div class=\"wp-block-file\"><a id=\"wp-block-file--media-6c48d909-4acb-4bff-b207-f3608d5493a3\" href=\"https:\/\/cssdn.gouv.qc.ca\/horizon\/wp-content\/uploads\/sites\/39\/2025\/07\/Lettre-configuration-et-applications-ipad-2025-2026.pdf\" target=\"_blank\" rel=\"noreferrer noopener\">Lettre configuration et applications ipad 2025-2026<\/a><a href=\"https:\/\/cssdn.gouv.qc.ca\/horizon\/wp-content\/uploads\/sites\/39\/2025\/07\/Lettre-configuration-et-applications-ipad-2025-2026.pdf\" class=\"wp-block-file__button wp-element-button\" download aria-describedby=\"wp-block-file--media-6c48d909-4acb-4bff-b207-f3608d5493a3\">T\u00e9l\u00e9charger<\/a><\/div>\n\n\n\n<p class=\"has-large-font-size wp-block-paragraph\"><strong>Tout ce qu&rsquo;il faut savoir pour l&rsquo;ann\u00e9e scolaire 2025-2026<\/strong><\/p>\n\n\n\n<div class=\"wp-block-file\"><a id=\"wp-block-file--media-5964dd6d-21df-4cc1-b79d-dbdafdda32c7\" href=\"https:\/\/cssdn.gouv.qc.ca\/horizon\/wp-content\/uploads\/sites\/39\/2025\/07\/Informations-rentree-scolaire-2025-2026.pdf\" target=\"_blank\" rel=\"noreferrer noopener\">Informations  rentr\u00e9e scolaire 2025-2026<\/a><a href=\"https:\/\/cssdn.gouv.qc.ca\/horizon\/wp-content\/uploads\/sites\/39\/2025\/07\/Informations-rentree-scolaire-2025-2026.pdf\" class=\"wp-block-file__button wp-element-button\" download aria-describedby=\"wp-block-file--media-5964dd6d-21df-4cc1-b79d-dbdafdda32c7\">T\u00e9l\u00e9charger<\/a><\/div>\n\n\n\n<div class=\"wp-block-file\"><a id=\"wp-block-file--media-3f4ae2d9-ab9b-43df-a34d-7dab6a4cff42\" href=\"https:\/\/cssdn.gouv.qc.ca\/horizon\/wp-content\/uploads\/sites\/39\/2025\/07\/Calendrier-SECONDAIRE-2025-2026-CSSDN.pdf\" target=\"_blank\" rel=\"noreferrer noopener\">Calendrier scolaire 2025-2026<\/a><a href=\"https:\/\/cssdn.gouv.qc.ca\/horizon\/wp-content\/uploads\/sites\/39\/2025\/07\/Calendrier-SECONDAIRE-2025-2026-CSSDN.pdf\" class=\"wp-block-file__button wp-element-button\" download aria-describedby=\"wp-block-file--media-3f4ae2d9-ab9b-43df-a34d-7dab6a4cff42\">T\u00e9l\u00e9charger<\/a><\/div>\n\n\n\n<div class=\"wp-block-file\"><a id=\"wp-block-file--media-6c9175fa-a7a5-432b-9376-3b23b95aba27\" href=\"https:\/\/cssdn.gouv.qc.ca\/horizon\/wp-content\/uploads\/sites\/39\/2025\/06\/Menu-cafeteria-2025-2026.pdf\" target=\"_blank\" rel=\"noreferrer noopener\">Menu caf\u00e9t\u00e9ria 2025-2026<\/a><a href=\"https:\/\/cssdn.gouv.qc.ca\/horizon\/wp-content\/uploads\/sites\/39\/2025\/06\/Menu-cafeteria-2025-2026.pdf\" class=\"wp-block-file__button wp-element-button\" download aria-describedby=\"wp-block-file--media-6c9175fa-a7a5-432b-9376-3b23b95aba27\">T\u00e9l\u00e9charger<\/a><\/div>\n\n\n\n<p class=\"wp-block-paragraph\"><\/p>\n","protected":false},"excerpt":{"rendered":"<p>Listes mat\u00e9riel scolaire Achats iPad seulement pour les \u00e9l\u00e8ves inscrits aux programmes D\u00e9clic interdisciplinaires et D\u00e9clic langues Tout ce qu&rsquo;il faut savoir pour l&rsquo;ann\u00e9e scolaire 2025-2026<\/p>\n","protected":false},"author":1,"featured_media":0,"parent":14,"menu_order":0,"comment_status":"closed","ping_status":"closed","template":"","meta":{"_acf_changed":false,"_crdt_document":"","inline_featured_image":false,"footnotes":""},"categories":[],"tags":[],"class_list":["post-17","page","type-page","status-publish","hentry"],"acf":[],"yoast_head":"<!-- This site is optimized with the Yoast SEO plugin v27.3 - https:\/\/yoast.com\/product\/yoast-seo-wordpress\/ -->\n<title>Rentr\u00e9e scolaire 2025-2026 - \u00c9cole secondaire de l&#039;Horizon<\/title>\n<meta name=\"robots\" content=\"index, follow, max-snippet:-1, max-image-preview:large, max-video-preview:-1\" \/>\n<link rel=\"canonical\" href=\"https:\/\/cssdn.gouv.qc.ca\/horizon\/information\/rentree-scolaire\/\" \/>\n<meta property=\"og:locale\" content=\"fr_CA\" \/>\n<meta property=\"og:type\" content=\"article\" \/>\n<meta property=\"og:title\" content=\"Rentr\u00e9e scolaire 2025-2026 - \u00c9cole secondaire de l&#039;Horizon\" \/>\n<meta property=\"og:description\" content=\"Listes mat\u00e9riel scolaire Achats iPad seulement pour les \u00e9l\u00e8ves inscrits aux programmes D\u00e9clic interdisciplinaires et D\u00e9clic langues Tout ce qu&rsquo;il faut savoir pour l&rsquo;ann\u00e9e scolaire 2025-2026\" \/>\n<meta property=\"og:url\" content=\"https:\/\/cssdn.gouv.qc.ca\/horizon\/information\/rentree-scolaire\/\" \/>\n<meta property=\"og:site_name\" content=\"\u00c9cole secondaire de l&#039;Horizon\" \/>\n<meta property=\"article:publisher\" content=\"https:\/\/www.facebook.com\/horizonCSSDN\" \/>\n<meta property=\"article:modified_time\" content=\"2025-07-02T18:28:06+00:00\" \/>\n<meta name=\"twitter:card\" content=\"summary_large_image\" \/>\n<meta name=\"twitter:site\" content=\"@CSSNavigateurs\" \/>\n<meta name=\"twitter:label1\" content=\"Estimation du temps de lecture\" \/>\n\t<meta name=\"twitter:data1\" content=\"1 minute\" \/>\n<script type=\"application\/ld+json\" class=\"yoast-schema-graph\">{\"@context\":\"https:\\\/\\\/schema.org\",\"@graph\":[{\"@type\":\"WebPage\",\"@id\":\"https:\\\/\\\/cssdn.gouv.qc.ca\\\/horizon\\\/information\\\/rentree-scolaire\\\/\",\"url\":\"https:\\\/\\\/cssdn.gouv.qc.ca\\\/horizon\\\/information\\\/rentree-scolaire\\\/\",\"name\":\"Rentr\u00e9e scolaire 2025-2026 - \u00c9cole secondaire de l&#039;Horizon\",\"isPartOf\":{\"@id\":\"https:\\\/\\\/cssdn.gouv.qc.ca\\\/horizon\\\/#website\"},\"primaryImageOfPage\":{\"@id\":\"https:\\\/\\\/cssdn.gouv.qc.ca\\\/horizon\\\/information\\\/rentree-scolaire\\\/#primaryimage\"},\"image\":{\"@id\":\"https:\\\/\\\/cssdn.gouv.qc.ca\\\/horizon\\\/information\\\/rentree-scolaire\\\/#primaryimage\"},\"thumbnailUrl\":\"https:\\\/\\\/stage.cssdn.gouv.qc.ca\\\/wp-content\\\/uploads\\\/2022\\\/08\\\/Seawire-Hero-06.jpg\",\"datePublished\":\"2022-11-08T21:17:58+00:00\",\"dateModified\":\"2025-07-02T18:28:06+00:00\",\"breadcrumb\":{\"@id\":\"https:\\\/\\\/cssdn.gouv.qc.ca\\\/horizon\\\/information\\\/rentree-scolaire\\\/#breadcrumb\"},\"inLanguage\":\"fr-CA\",\"potentialAction\":[{\"@type\":\"ReadAction\",\"target\":[\"https:\\\/\\\/cssdn.gouv.qc.ca\\\/horizon\\\/information\\\/rentree-scolaire\\\/\"]}]},{\"@type\":\"ImageObject\",\"inLanguage\":\"fr-CA\",\"@id\":\"https:\\\/\\\/cssdn.gouv.qc.ca\\\/horizon\\\/information\\\/rentree-scolaire\\\/#primaryimage\",\"url\":\"https:\\\/\\\/stage.cssdn.gouv.qc.ca\\\/wp-content\\\/uploads\\\/2022\\\/08\\\/Seawire-Hero-06.jpg\",\"contentUrl\":\"https:\\\/\\\/stage.cssdn.gouv.qc.ca\\\/wp-content\\\/uploads\\\/2022\\\/08\\\/Seawire-Hero-06.jpg\"},{\"@type\":\"BreadcrumbList\",\"@id\":\"https:\\\/\\\/cssdn.gouv.qc.ca\\\/horizon\\\/information\\\/rentree-scolaire\\\/#breadcrumb\",\"itemListElement\":[{\"@type\":\"ListItem\",\"position\":1,\"name\":\"Accueil\",\"item\":\"https:\\\/\\\/cssdn.gouv.qc.ca\\\/horizon\\\/\"},{\"@type\":\"ListItem\",\"position\":2,\"name\":\"Information\",\"item\":\"https:\\\/\\\/cssdn.gouv.qc.ca\\\/horizon\\\/information\\\/\"},{\"@type\":\"ListItem\",\"position\":3,\"name\":\"Rentr\u00e9e scolaire 2025-2026\"}]},{\"@type\":\"WebSite\",\"@id\":\"https:\\\/\\\/cssdn.gouv.qc.ca\\\/horizon\\\/#website\",\"url\":\"https:\\\/\\\/cssdn.gouv.qc.ca\\\/horizon\\\/\",\"name\":\"\u00c9cole secondaire de l&#039;Horizon\",\"description\":\"Un site des centres de services scolaires des Navigateurs\",\"publisher\":{\"@id\":\"https:\\\/\\\/cssdn.gouv.qc.ca\\\/horizon\\\/#organization\"},\"potentialAction\":[{\"@type\":\"SearchAction\",\"target\":{\"@type\":\"EntryPoint\",\"urlTemplate\":\"https:\\\/\\\/cssdn.gouv.qc.ca\\\/horizon\\\/?s={search_term_string}\"},\"query-input\":{\"@type\":\"PropertyValueSpecification\",\"valueRequired\":true,\"valueName\":\"search_term_string\"}}],\"inLanguage\":\"fr-CA\"},{\"@type\":\"Organization\",\"@id\":\"https:\\\/\\\/cssdn.gouv.qc.ca\\\/horizon\\\/#organization\",\"name\":\"\u00c9cole secondaire de l&#039;Horizon\",\"url\":\"https:\\\/\\\/cssdn.gouv.qc.ca\\\/horizon\\\/\",\"logo\":{\"@type\":\"ImageObject\",\"inLanguage\":\"fr-CA\",\"@id\":\"https:\\\/\\\/cssdn.gouv.qc.ca\\\/horizon\\\/#\\\/schema\\\/logo\\\/image\\\/\",\"url\":\"https:\\\/\\\/cssdn.gouv.qc.ca\\\/horizon\\\/wp-content\\\/uploads\\\/sites\\\/39\\\/2023\\\/01\\\/logo_quebec.svg\",\"contentUrl\":\"https:\\\/\\\/cssdn.gouv.qc.ca\\\/horizon\\\/wp-content\\\/uploads\\\/sites\\\/39\\\/2023\\\/01\\\/logo_quebec.svg\",\"width\":188,\"height\":41,\"caption\":\"\u00c9cole secondaire de l&#039;Horizon\"},\"image\":{\"@id\":\"https:\\\/\\\/cssdn.gouv.qc.ca\\\/horizon\\\/#\\\/schema\\\/logo\\\/image\\\/\"},\"sameAs\":[\"https:\\\/\\\/www.facebook.com\\\/horizonCSSDN\",\"https:\\\/\\\/x.com\\\/CSSNavigateurs\",\"https:\\\/\\\/www.instagram.com\\\/cssnavigateurs\\\/\",\"https:\\\/\\\/www.youtube.com\\\/channel\\\/UCHbNBehije70JBzCIVT82bQ\",\"https:\\\/\\\/www.linkedin.com\\\/company\\\/cssdn\"]}]}<\/script>\n<!-- \/ Yoast SEO plugin. -->","yoast_head_json":{"title":"Rentr\u00e9e scolaire 2025-2026 - \u00c9cole secondaire de l&#039;Horizon","robots":{"index":"index","follow":"follow","max-snippet":"max-snippet:-1","max-image-preview":"max-image-preview:large","max-video-preview":"max-video-preview:-1"},"canonical":"https:\/\/cssdn.gouv.qc.ca\/horizon\/information\/rentree-scolaire\/","og_locale":"fr_CA","og_type":"article","og_title":"Rentr\u00e9e scolaire 2025-2026 - \u00c9cole secondaire de l&#039;Horizon","og_description":"Listes mat\u00e9riel scolaire Achats iPad seulement pour les \u00e9l\u00e8ves inscrits aux programmes D\u00e9clic interdisciplinaires et D\u00e9clic langues Tout ce qu&rsquo;il faut savoir pour l&rsquo;ann\u00e9e scolaire 2025-2026","og_url":"https:\/\/cssdn.gouv.qc.ca\/horizon\/information\/rentree-scolaire\/","og_site_name":"\u00c9cole secondaire de l&#039;Horizon","article_publisher":"https:\/\/www.facebook.com\/horizonCSSDN","article_modified_time":"2025-07-02T18:28:06+00:00","twitter_card":"summary_large_image","twitter_site":"@CSSNavigateurs","twitter_misc":{"Estimation du temps de lecture":"1 minute"},"schema":{"@context":"https:\/\/schema.org","@graph":[{"@type":"WebPage","@id":"https:\/\/cssdn.gouv.qc.ca\/horizon\/information\/rentree-scolaire\/","url":"https:\/\/cssdn.gouv.qc.ca\/horizon\/information\/rentree-scolaire\/","name":"Rentr\u00e9e scolaire 2025-2026 - \u00c9cole secondaire de l&#039;Horizon","isPartOf":{"@id":"https:\/\/cssdn.gouv.qc.ca\/horizon\/#website"},"primaryImageOfPage":{"@id":"https:\/\/cssdn.gouv.qc.ca\/horizon\/information\/rentree-scolaire\/#primaryimage"},"image":{"@id":"https:\/\/cssdn.gouv.qc.ca\/horizon\/information\/rentree-scolaire\/#primaryimage"},"thumbnailUrl":"https:\/\/stage.cssdn.gouv.qc.ca\/wp-content\/uploads\/2022\/08\/Seawire-Hero-06.jpg","datePublished":"2022-11-08T21:17:58+00:00","dateModified":"2025-07-02T18:28:06+00:00","breadcrumb":{"@id":"https:\/\/cssdn.gouv.qc.ca\/horizon\/information\/rentree-scolaire\/#breadcrumb"},"inLanguage":"fr-CA","potentialAction":[{"@type":"ReadAction","target":["https:\/\/cssdn.gouv.qc.ca\/horizon\/information\/rentree-scolaire\/"]}]},{"@type":"ImageObject","inLanguage":"fr-CA","@id":"https:\/\/cssdn.gouv.qc.ca\/horizon\/information\/rentree-scolaire\/#primaryimage","url":"https:\/\/stage.cssdn.gouv.qc.ca\/wp-content\/uploads\/2022\/08\/Seawire-Hero-06.jpg","contentUrl":"https:\/\/stage.cssdn.gouv.qc.ca\/wp-content\/uploads\/2022\/08\/Seawire-Hero-06.jpg"},{"@type":"BreadcrumbList","@id":"https:\/\/cssdn.gouv.qc.ca\/horizon\/information\/rentree-scolaire\/#breadcrumb","itemListElement":[{"@type":"ListItem","position":1,"name":"Accueil","item":"https:\/\/cssdn.gouv.qc.ca\/horizon\/"},{"@type":"ListItem","position":2,"name":"Information","item":"https:\/\/cssdn.gouv.qc.ca\/horizon\/information\/"},{"@type":"ListItem","position":3,"name":"Rentr\u00e9e scolaire 2025-2026"}]},{"@type":"WebSite","@id":"https:\/\/cssdn.gouv.qc.ca\/horizon\/#website","url":"https:\/\/cssdn.gouv.qc.ca\/horizon\/","name":"\u00c9cole secondaire de l&#039;Horizon","description":"Un site des centres de services scolaires des Navigateurs","publisher":{"@id":"https:\/\/cssdn.gouv.qc.ca\/horizon\/#organization"},"potentialAction":[{"@type":"SearchAction","target":{"@type":"EntryPoint","urlTemplate":"https:\/\/cssdn.gouv.qc.ca\/horizon\/?s={search_term_string}"},"query-input":{"@type":"PropertyValueSpecification","valueRequired":true,"valueName":"search_term_string"}}],"inLanguage":"fr-CA"},{"@type":"Organization","@id":"https:\/\/cssdn.gouv.qc.ca\/horizon\/#organization","name":"\u00c9cole secondaire de l&#039;Horizon","url":"https:\/\/cssdn.gouv.qc.ca\/horizon\/","logo":{"@type":"ImageObject","inLanguage":"fr-CA","@id":"https:\/\/cssdn.gouv.qc.ca\/horizon\/#\/schema\/logo\/image\/","url":"https:\/\/cssdn.gouv.qc.ca\/horizon\/wp-content\/uploads\/sites\/39\/2023\/01\/logo_quebec.svg","contentUrl":"https:\/\/cssdn.gouv.qc.ca\/horizon\/wp-content\/uploads\/sites\/39\/2023\/01\/logo_quebec.svg","width":188,"height":41,"caption":"\u00c9cole secondaire de l&#039;Horizon"},"image":{"@id":"https:\/\/cssdn.gouv.qc.ca\/horizon\/#\/schema\/logo\/image\/"},"sameAs":["https:\/\/www.facebook.com\/horizonCSSDN","https:\/\/x.com\/CSSNavigateurs","https:\/\/www.instagram.com\/cssnavigateurs\/","https:\/\/www.youtube.com\/channel\/UCHbNBehije70JBzCIVT82bQ","https:\/\/www.linkedin.com\/company\/cssdn"]}]}},"publishpress_future_action":{"enabled":false,"date":"2026-04-18 11:52:48","action":"change-status","newStatus":"draft","terms":[],"taxonomy":"category","extraData":[]},"publishpress_future_workflow_manual_trigger":{"enabledWorkflows":[]},"_links":{"self":[{"href":"https:\/\/cssdn.gouv.qc.ca\/horizon\/wp-json\/wp\/v2\/pages\/17","targetHints":{"allow":["GET"]}}],"collection":[{"href":"https:\/\/cssdn.gouv.qc.ca\/horizon\/wp-json\/wp\/v2\/pages"}],"about":[{"href":"https:\/\/cssdn.gouv.qc.ca\/horizon\/wp-json\/wp\/v2\/types\/page"}],"author":[{"embeddable":true,"href":"https:\/\/cssdn.gouv.qc.ca\/horizon\/wp-json\/wp\/v2\/users\/1"}],"replies":[{"embeddable":true,"href":"https:\/\/cssdn.gouv.qc.ca\/horizon\/wp-json\/wp\/v2\/comments?post=17"}],"version-history":[{"count":0,"href":"https:\/\/cssdn.gouv.qc.ca\/horizon\/wp-json\/wp\/v2\/pages\/17\/revisions"}],"up":[{"embeddable":true,"href":"https:\/\/cssdn.gouv.qc.ca\/horizon\/wp-json\/wp\/v2\/pages\/14"}],"wp:attachment":[{"href":"https:\/\/cssdn.gouv.qc.ca\/horizon\/wp-json\/wp\/v2\/media?parent=17"}],"wp:term":[{"taxonomy":"category","embeddable":true,"href":"https:\/\/cssdn.gouv.qc.ca\/horizon\/wp-json\/wp\/v2\/categories?post=17"},{"taxonomy":"post_tag","embeddable":true,"href":"https:\/\/cssdn.gouv.qc.ca\/horizon\/wp-json\/wp\/v2\/tags?post=17"}],"curies":[{"name":"wp","href":"https:\/\/api.w.org\/{rel}","templated":true}]}}