
{"id":5737,"date":"2024-09-06T09:45:51","date_gmt":"2024-09-06T13:45:51","guid":{"rendered":"https:\/\/cssdn.gouv.qc.ca\/horizon\/?page_id=5737"},"modified":"2025-09-02T11:32:30","modified_gmt":"2025-09-02T15:32:30","slug":"beautes-fatales","status":"publish","type":"page","link":"https:\/\/cssdn.gouv.qc.ca\/horizon\/vie-scolaire\/beautes-fatales\/","title":{"rendered":"Beaut\u00e9s Fatales"},"content":{"rendered":"\n<div class=\"wp-block-cover alignfull is-light is-style-title-banner\"><img decoding=\"async\" class=\"wp-block-cover__image-background wp-image-111 lazyload\" alt=\"\" data-src=\"https:\/\/stage.cssdn.gouv.qc.ca\/wp-content\/uploads\/2022\/08\/Seawire-Hero-06.jpg\" data-object-fit=\"cover\" src=\"data:image\/svg+xml;base64,PHN2ZyB3aWR0aD0iMSIgaGVpZ2h0PSIxIiB4bWxucz0iaHR0cDovL3d3dy53My5vcmcvMjAwMC9zdmciPjwvc3ZnPg==\" \/><span aria-hidden=\"true\" class=\"wp-block-cover__background has-primary-background-color has-background-dim\"><\/span><div class=\"wp-block-cover__inner-container\"><h3 class=\"wp-block-post-title\">Beaut\u00e9s Fatales<\/h3><\/div><\/div>\n\n\n\n<div class=\"wp-block-group alignfull has-padding-y-large has-secondary-background-color has-background\"><div class=\"yoast-breadcrumbs alignwide \"><span class=\"breadcrumbs\"><a href=\"https:\/\/cssdn.gouv.qc.ca\/horizon\/\" class=\"breadcrumbs__element\">Accueil<\/a> <span class=\"breadcrumbs__separator\">\n        <svg class=\"icon icon-breadcrumb__separator\"><use xlink:href=\"#icon-breadcrumb__separator\"><\/use><\/svg>\n    <\/span> <a href=\"https:\/\/cssdn.gouv.qc.ca\/horizon\/vie-scolaire\/\" class=\"breadcrumbs__element\">Vie scolaire<\/a> <span class=\"breadcrumbs__separator\">\n        <svg class=\"icon icon-breadcrumb__separator\"><use xlink:href=\"#icon-breadcrumb__separator\"><\/use><\/svg>\n    <\/span> <span class=\"breadcrumbs__element breadcrumbs__element-current\">Beaut\u00e9s Fatales<\/span><\/span><\/div><\/div>\n\n\n\n<p class=\"wp-block-paragraph\">Vous avez tr\u00e8s certainement d\u00e9j\u00e0 entendu parler de Beaut\u00e9s Fatales! Ce projet qui mise sur l&rsquo;estime de soi pour tous les \u00e9l\u00e8ves de secondaire 3 en est \u00e0 sa 9e \u00e9dition. Vos jeunes vivront une panoplie d&rsquo;activit\u00e9s tout au long de l&rsquo;ann\u00e9e en lien avec la sant\u00e9 mentale, la sant\u00e9 physique, la sant\u00e9 num\u00e9rique, la sant\u00e9 sexuelle, la diversit\u00e9 corporelle. Toute l&rsquo;\u00e9quipe croit tr\u00e8s fort en ce projet!<\/p>\n\n\n\n<p class=\"wp-block-paragraph\"><br>Dans la prochaine semaine, nous proc\u00e8derons au recrutement de l&rsquo;escouade Beaut\u00e9s Fatales! Votre jeune sera donc invit\u00e9 \u00e0 participer \u00e0 un ou plusieurs comit\u00e9s pour aider \u00e0 l&rsquo;organisation et au rayonnement de Beaut\u00e9s Fatales dans notre \u00e9cole et au sein de notre communaut\u00e9.<\/p>\n\n\n\n<p class=\"wp-block-paragraph\">Nous sommes \u00e9galement partenaires avec le d\u00e9partement de p\u00e9dopsychiatrie de l&rsquo;H\u00f4tel-Dieu de L\u00e9vis depuis 4 ans. Avec le comit\u00e9 fondation de l&rsquo;escouade BF, nous amassons des sous de diff\u00e9rentes fa\u00e7ons tout au long de l&rsquo;ann\u00e9e afin d&rsquo;am\u00e9liorer le confort des jeunes qui s\u00e9journent sur ce d\u00e9partement pour une p\u00e9riode plus ou moins longue. L&rsquo;ann\u00e9e derni\u00e8re, c&rsquo;est plus de 16 400$ qui ont \u00e9t\u00e9 vers\u00e9s \u00e0 ce d\u00e9partement, ce qui nous a permis d&rsquo;acheter du mat\u00e9riel et de remettre 200 doudous \u00e0 l&rsquo;effigie de BF pour les jeunes qui y sont hospitalis\u00e9s. Petites primeurs pour cette ann\u00e9e: oui les chandails BF seront de retour, il y aura des bracelets, des chats crochet\u00e9s, mais aussi de belles nouveaut\u00e9s pour la p\u00e9riode des F\u00eates: des sous-verres et des sapins en bois \u00e0 l&rsquo;effigie de BF en pr\u00e9commande tr\u00e8s bient\u00f4t! Il y aura bien s\u00fbr d&rsquo;autres surprises \ud83d\ude42\ud83d\ude42<\/p>\n\n\n\n<h2 class=\"wp-block-heading has-large-font-size\">Programmation :<\/h2>\n\n\n\n<div class=\"wp-block-file\"><a id=\"wp-block-file--media-1da28d01-cf98-4cee-8f39-6bbe89ecf149\" href=\"https:\/\/cssdn.gouv.qc.ca\/horizon\/wp-content\/uploads\/sites\/39\/2025\/09\/Programmation-Beautes-Fatales-2025-2026.pdf\" target=\"_blank\" rel=\"noreferrer noopener\"><strong>Programmation Beaute\u0301s Fatales 2025-2026<\/strong><\/a><a href=\"https:\/\/cssdn.gouv.qc.ca\/horizon\/wp-content\/uploads\/sites\/39\/2025\/09\/Programmation-Beautes-Fatales-2025-2026.pdf\" class=\"wp-block-file__button wp-element-button\" download aria-describedby=\"wp-block-file--media-1da28d01-cf98-4cee-8f39-6bbe89ecf149\">Download<\/a><\/div>\n\n\n\n<div class=\"wp-block-file\"><a id=\"wp-block-file--media-b7cc63b3-8f3f-4169-a421-b69b31a490b7\" href=\"https:\/\/cssdn.gouv.qc.ca\/horizon\/wp-content\/uploads\/sites\/39\/2024\/09\/Programmation-BF-24-25.pdf\" target=\"_blank\" rel=\"noreferrer noopener\"><strong><em>Programmation BF 24-25<\/em><\/strong><\/a><a href=\"https:\/\/cssdn.gouv.qc.ca\/horizon\/wp-content\/uploads\/sites\/39\/2024\/09\/Programmation-BF-24-25.pdf\" class=\"wp-block-file__button wp-element-button\" download aria-describedby=\"wp-block-file--media-b7cc63b3-8f3f-4169-a421-b69b31a490b7\">T\u00e9l\u00e9charger<\/a><\/div>\n","protected":false},"excerpt":{"rendered":"<p>Vous avez tr\u00e8s certainement d\u00e9j\u00e0 entendu parler de Beaut\u00e9s Fatales! Ce projet qui mise sur l&rsquo;estime de soi pour tous les \u00e9l\u00e8ves de secondaire 3 en est \u00e0 sa 9e \u00e9dition. Vos jeunes vivront une panoplie d&rsquo;activit\u00e9s tout au long de l&rsquo;ann\u00e9e en lien avec la sant\u00e9 mentale, la sant\u00e9 physique, la sant\u00e9 num\u00e9rique, la [&hellip;]<\/p>\n","protected":false},"author":90,"featured_media":0,"parent":18,"menu_order":0,"comment_status":"closed","ping_status":"closed","template":"","meta":{"_acf_changed":false,"_crdt_document":"","inline_featured_image":false,"footnotes":""},"categories":[],"tags":[],"class_list":["post-5737","page","type-page","status-publish","hentry"],"acf":[],"yoast_head":"<!-- This site is optimized with the Yoast SEO plugin v27.4 - https:\/\/yoast.com\/product\/yoast-seo-wordpress\/ -->\n<title>Beaut\u00e9s Fatales - \u00c9cole secondaire de l&#039;Horizon<\/title>\n<meta name=\"robots\" content=\"index, follow, max-snippet:-1, max-image-preview:large, max-video-preview:-1\" \/>\n<link rel=\"canonical\" href=\"https:\/\/cssdn.gouv.qc.ca\/horizon\/vie-scolaire\/beautes-fatales\/\" \/>\n<meta property=\"og:locale\" content=\"fr_CA\" \/>\n<meta property=\"og:type\" content=\"article\" \/>\n<meta property=\"og:title\" content=\"Beaut\u00e9s Fatales - \u00c9cole secondaire de l&#039;Horizon\" \/>\n<meta property=\"og:description\" content=\"Vous avez tr\u00e8s certainement d\u00e9j\u00e0 entendu parler de Beaut\u00e9s Fatales! Ce projet qui mise sur l&rsquo;estime de soi pour tous les \u00e9l\u00e8ves de secondaire 3 en est \u00e0 sa 9e \u00e9dition. Vos jeunes vivront une panoplie d&rsquo;activit\u00e9s tout au long de l&rsquo;ann\u00e9e en lien avec la sant\u00e9 mentale, la sant\u00e9 physique, la sant\u00e9 num\u00e9rique, la [&hellip;]\" \/>\n<meta property=\"og:url\" content=\"https:\/\/cssdn.gouv.qc.ca\/horizon\/vie-scolaire\/beautes-fatales\/\" \/>\n<meta property=\"og:site_name\" content=\"\u00c9cole secondaire de l&#039;Horizon\" \/>\n<meta property=\"article:publisher\" content=\"https:\/\/www.facebook.com\/horizonCSSDN\" \/>\n<meta property=\"article:modified_time\" content=\"2025-09-02T15:32:30+00:00\" \/>\n<meta name=\"twitter:card\" content=\"summary_large_image\" \/>\n<meta name=\"twitter:site\" content=\"@CSSNavigateurs\" \/>\n<meta name=\"twitter:label1\" content=\"Estimation du temps de lecture\" \/>\n\t<meta name=\"twitter:data1\" content=\"2 minutes\" \/>\n<script type=\"application\/ld+json\" class=\"yoast-schema-graph\">{\"@context\":\"https:\\\/\\\/schema.org\",\"@graph\":[{\"@type\":\"WebPage\",\"@id\":\"https:\\\/\\\/cssdn.gouv.qc.ca\\\/horizon\\\/vie-scolaire\\\/beautes-fatales\\\/\",\"url\":\"https:\\\/\\\/cssdn.gouv.qc.ca\\\/horizon\\\/vie-scolaire\\\/beautes-fatales\\\/\",\"name\":\"Beaut\u00e9s Fatales - \u00c9cole secondaire de l&#039;Horizon\",\"isPartOf\":{\"@id\":\"https:\\\/\\\/cssdn.gouv.qc.ca\\\/horizon\\\/#website\"},\"primaryImageOfPage\":{\"@id\":\"https:\\\/\\\/cssdn.gouv.qc.ca\\\/horizon\\\/vie-scolaire\\\/beautes-fatales\\\/#primaryimage\"},\"image\":{\"@id\":\"https:\\\/\\\/cssdn.gouv.qc.ca\\\/horizon\\\/vie-scolaire\\\/beautes-fatales\\\/#primaryimage\"},\"thumbnailUrl\":\"https:\\\/\\\/stage.cssdn.gouv.qc.ca\\\/wp-content\\\/uploads\\\/2022\\\/08\\\/Seawire-Hero-06.jpg\",\"datePublished\":\"2024-09-06T13:45:51+00:00\",\"dateModified\":\"2025-09-02T15:32:30+00:00\",\"breadcrumb\":{\"@id\":\"https:\\\/\\\/cssdn.gouv.qc.ca\\\/horizon\\\/vie-scolaire\\\/beautes-fatales\\\/#breadcrumb\"},\"inLanguage\":\"fr-CA\",\"potentialAction\":[{\"@type\":\"ReadAction\",\"target\":[\"https:\\\/\\\/cssdn.gouv.qc.ca\\\/horizon\\\/vie-scolaire\\\/beautes-fatales\\\/\"]}]},{\"@type\":\"ImageObject\",\"inLanguage\":\"fr-CA\",\"@id\":\"https:\\\/\\\/cssdn.gouv.qc.ca\\\/horizon\\\/vie-scolaire\\\/beautes-fatales\\\/#primaryimage\",\"url\":\"https:\\\/\\\/stage.cssdn.gouv.qc.ca\\\/wp-content\\\/uploads\\\/2022\\\/08\\\/Seawire-Hero-06.jpg\",\"contentUrl\":\"https:\\\/\\\/stage.cssdn.gouv.qc.ca\\\/wp-content\\\/uploads\\\/2022\\\/08\\\/Seawire-Hero-06.jpg\"},{\"@type\":\"BreadcrumbList\",\"@id\":\"https:\\\/\\\/cssdn.gouv.qc.ca\\\/horizon\\\/vie-scolaire\\\/beautes-fatales\\\/#breadcrumb\",\"itemListElement\":[{\"@type\":\"ListItem\",\"position\":1,\"name\":\"Accueil\",\"item\":\"https:\\\/\\\/cssdn.gouv.qc.ca\\\/horizon\\\/\"},{\"@type\":\"ListItem\",\"position\":2,\"name\":\"Vie scolaire\",\"item\":\"https:\\\/\\\/cssdn.gouv.qc.ca\\\/horizon\\\/vie-scolaire\\\/\"},{\"@type\":\"ListItem\",\"position\":3,\"name\":\"Beaut\u00e9s Fatales\"}]},{\"@type\":\"WebSite\",\"@id\":\"https:\\\/\\\/cssdn.gouv.qc.ca\\\/horizon\\\/#website\",\"url\":\"https:\\\/\\\/cssdn.gouv.qc.ca\\\/horizon\\\/\",\"name\":\"\u00c9cole secondaire de l&#039;Horizon\",\"description\":\"Un site des centres de services scolaires des Navigateurs\",\"publisher\":{\"@id\":\"https:\\\/\\\/cssdn.gouv.qc.ca\\\/horizon\\\/#organization\"},\"potentialAction\":[{\"@type\":\"SearchAction\",\"target\":{\"@type\":\"EntryPoint\",\"urlTemplate\":\"https:\\\/\\\/cssdn.gouv.qc.ca\\\/horizon\\\/?s={search_term_string}\"},\"query-input\":{\"@type\":\"PropertyValueSpecification\",\"valueRequired\":true,\"valueName\":\"search_term_string\"}}],\"inLanguage\":\"fr-CA\"},{\"@type\":\"Organization\",\"@id\":\"https:\\\/\\\/cssdn.gouv.qc.ca\\\/horizon\\\/#organization\",\"name\":\"\u00c9cole secondaire de l&#039;Horizon\",\"url\":\"https:\\\/\\\/cssdn.gouv.qc.ca\\\/horizon\\\/\",\"logo\":{\"@type\":\"ImageObject\",\"inLanguage\":\"fr-CA\",\"@id\":\"https:\\\/\\\/cssdn.gouv.qc.ca\\\/horizon\\\/#\\\/schema\\\/logo\\\/image\\\/\",\"url\":\"https:\\\/\\\/cssdn.gouv.qc.ca\\\/horizon\\\/wp-content\\\/uploads\\\/sites\\\/39\\\/2023\\\/01\\\/logo_quebec.svg\",\"contentUrl\":\"https:\\\/\\\/cssdn.gouv.qc.ca\\\/horizon\\\/wp-content\\\/uploads\\\/sites\\\/39\\\/2023\\\/01\\\/logo_quebec.svg\",\"width\":188,\"height\":41,\"caption\":\"\u00c9cole secondaire de l&#039;Horizon\"},\"image\":{\"@id\":\"https:\\\/\\\/cssdn.gouv.qc.ca\\\/horizon\\\/#\\\/schema\\\/logo\\\/image\\\/\"},\"sameAs\":[\"https:\\\/\\\/www.facebook.com\\\/horizonCSSDN\",\"https:\\\/\\\/x.com\\\/CSSNavigateurs\",\"https:\\\/\\\/www.instagram.com\\\/cssnavigateurs\\\/\",\"https:\\\/\\\/www.youtube.com\\\/channel\\\/UCHbNBehije70JBzCIVT82bQ\",\"https:\\\/\\\/www.linkedin.com\\\/company\\\/cssdn\"]}]}<\/script>\n<!-- \/ Yoast SEO plugin. -->","yoast_head_json":{"title":"Beaut\u00e9s Fatales - \u00c9cole secondaire de l&#039;Horizon","robots":{"index":"index","follow":"follow","max-snippet":"max-snippet:-1","max-image-preview":"max-image-preview:large","max-video-preview":"max-video-preview:-1"},"canonical":"https:\/\/cssdn.gouv.qc.ca\/horizon\/vie-scolaire\/beautes-fatales\/","og_locale":"fr_CA","og_type":"article","og_title":"Beaut\u00e9s Fatales - \u00c9cole secondaire de l&#039;Horizon","og_description":"Vous avez tr\u00e8s certainement d\u00e9j\u00e0 entendu parler de Beaut\u00e9s Fatales! Ce projet qui mise sur l&rsquo;estime de soi pour tous les \u00e9l\u00e8ves de secondaire 3 en est \u00e0 sa 9e \u00e9dition. Vos jeunes vivront une panoplie d&rsquo;activit\u00e9s tout au long de l&rsquo;ann\u00e9e en lien avec la sant\u00e9 mentale, la sant\u00e9 physique, la sant\u00e9 num\u00e9rique, la [&hellip;]","og_url":"https:\/\/cssdn.gouv.qc.ca\/horizon\/vie-scolaire\/beautes-fatales\/","og_site_name":"\u00c9cole secondaire de l&#039;Horizon","article_publisher":"https:\/\/www.facebook.com\/horizonCSSDN","article_modified_time":"2025-09-02T15:32:30+00:00","twitter_card":"summary_large_image","twitter_site":"@CSSNavigateurs","twitter_misc":{"Estimation du temps de lecture":"2 minutes"},"schema":{"@context":"https:\/\/schema.org","@graph":[{"@type":"WebPage","@id":"https:\/\/cssdn.gouv.qc.ca\/horizon\/vie-scolaire\/beautes-fatales\/","url":"https:\/\/cssdn.gouv.qc.ca\/horizon\/vie-scolaire\/beautes-fatales\/","name":"Beaut\u00e9s Fatales - \u00c9cole secondaire de l&#039;Horizon","isPartOf":{"@id":"https:\/\/cssdn.gouv.qc.ca\/horizon\/#website"},"primaryImageOfPage":{"@id":"https:\/\/cssdn.gouv.qc.ca\/horizon\/vie-scolaire\/beautes-fatales\/#primaryimage"},"image":{"@id":"https:\/\/cssdn.gouv.qc.ca\/horizon\/vie-scolaire\/beautes-fatales\/#primaryimage"},"thumbnailUrl":"https:\/\/stage.cssdn.gouv.qc.ca\/wp-content\/uploads\/2022\/08\/Seawire-Hero-06.jpg","datePublished":"2024-09-06T13:45:51+00:00","dateModified":"2025-09-02T15:32:30+00:00","breadcrumb":{"@id":"https:\/\/cssdn.gouv.qc.ca\/horizon\/vie-scolaire\/beautes-fatales\/#breadcrumb"},"inLanguage":"fr-CA","potentialAction":[{"@type":"ReadAction","target":["https:\/\/cssdn.gouv.qc.ca\/horizon\/vie-scolaire\/beautes-fatales\/"]}]},{"@type":"ImageObject","inLanguage":"fr-CA","@id":"https:\/\/cssdn.gouv.qc.ca\/horizon\/vie-scolaire\/beautes-fatales\/#primaryimage","url":"https:\/\/stage.cssdn.gouv.qc.ca\/wp-content\/uploads\/2022\/08\/Seawire-Hero-06.jpg","contentUrl":"https:\/\/stage.cssdn.gouv.qc.ca\/wp-content\/uploads\/2022\/08\/Seawire-Hero-06.jpg"},{"@type":"BreadcrumbList","@id":"https:\/\/cssdn.gouv.qc.ca\/horizon\/vie-scolaire\/beautes-fatales\/#breadcrumb","itemListElement":[{"@type":"ListItem","position":1,"name":"Accueil","item":"https:\/\/cssdn.gouv.qc.ca\/horizon\/"},{"@type":"ListItem","position":2,"name":"Vie scolaire","item":"https:\/\/cssdn.gouv.qc.ca\/horizon\/vie-scolaire\/"},{"@type":"ListItem","position":3,"name":"Beaut\u00e9s Fatales"}]},{"@type":"WebSite","@id":"https:\/\/cssdn.gouv.qc.ca\/horizon\/#website","url":"https:\/\/cssdn.gouv.qc.ca\/horizon\/","name":"\u00c9cole secondaire de l&#039;Horizon","description":"Un site des centres de services scolaires des Navigateurs","publisher":{"@id":"https:\/\/cssdn.gouv.qc.ca\/horizon\/#organization"},"potentialAction":[{"@type":"SearchAction","target":{"@type":"EntryPoint","urlTemplate":"https:\/\/cssdn.gouv.qc.ca\/horizon\/?s={search_term_string}"},"query-input":{"@type":"PropertyValueSpecification","valueRequired":true,"valueName":"search_term_string"}}],"inLanguage":"fr-CA"},{"@type":"Organization","@id":"https:\/\/cssdn.gouv.qc.ca\/horizon\/#organization","name":"\u00c9cole secondaire de l&#039;Horizon","url":"https:\/\/cssdn.gouv.qc.ca\/horizon\/","logo":{"@type":"ImageObject","inLanguage":"fr-CA","@id":"https:\/\/cssdn.gouv.qc.ca\/horizon\/#\/schema\/logo\/image\/","url":"https:\/\/cssdn.gouv.qc.ca\/horizon\/wp-content\/uploads\/sites\/39\/2023\/01\/logo_quebec.svg","contentUrl":"https:\/\/cssdn.gouv.qc.ca\/horizon\/wp-content\/uploads\/sites\/39\/2023\/01\/logo_quebec.svg","width":188,"height":41,"caption":"\u00c9cole secondaire de l&#039;Horizon"},"image":{"@id":"https:\/\/cssdn.gouv.qc.ca\/horizon\/#\/schema\/logo\/image\/"},"sameAs":["https:\/\/www.facebook.com\/horizonCSSDN","https:\/\/x.com\/CSSNavigateurs","https:\/\/www.instagram.com\/cssnavigateurs\/","https:\/\/www.youtube.com\/channel\/UCHbNBehije70JBzCIVT82bQ","https:\/\/www.linkedin.com\/company\/cssdn"]}]}},"publishpress_future_action":{"enabled":false,"date":"2026-04-27 20:46:25","action":"change-status","newStatus":"draft","terms":[],"taxonomy":"category","extraData":[]},"publishpress_future_workflow_manual_trigger":{"enabledWorkflows":[]},"_links":{"self":[{"href":"https:\/\/cssdn.gouv.qc.ca\/horizon\/wp-json\/wp\/v2\/pages\/5737","targetHints":{"allow":["GET"]}}],"collection":[{"href":"https:\/\/cssdn.gouv.qc.ca\/horizon\/wp-json\/wp\/v2\/pages"}],"about":[{"href":"https:\/\/cssdn.gouv.qc.ca\/horizon\/wp-json\/wp\/v2\/types\/page"}],"author":[{"embeddable":true,"href":"https:\/\/cssdn.gouv.qc.ca\/horizon\/wp-json\/wp\/v2\/users\/90"}],"replies":[{"embeddable":true,"href":"https:\/\/cssdn.gouv.qc.ca\/horizon\/wp-json\/wp\/v2\/comments?post=5737"}],"version-history":[{"count":0,"href":"https:\/\/cssdn.gouv.qc.ca\/horizon\/wp-json\/wp\/v2\/pages\/5737\/revisions"}],"up":[{"embeddable":true,"href":"https:\/\/cssdn.gouv.qc.ca\/horizon\/wp-json\/wp\/v2\/pages\/18"}],"wp:attachment":[{"href":"https:\/\/cssdn.gouv.qc.ca\/horizon\/wp-json\/wp\/v2\/media?parent=5737"}],"wp:term":[{"taxonomy":"category","embeddable":true,"href":"https:\/\/cssdn.gouv.qc.ca\/horizon\/wp-json\/wp\/v2\/categories?post=5737"},{"taxonomy":"post_tag","embeddable":true,"href":"https:\/\/cssdn.gouv.qc.ca\/horizon\/wp-json\/wp\/v2\/tags?post=5737"}],"curies":[{"name":"wp","href":"https:\/\/api.w.org\/{rel}","templated":true}]}}