
{"id":9,"date":"2022-11-08T16:17:56","date_gmt":"2022-11-08T21:17:56","guid":{"rendered":"https:\/\/cssdn.gouv.qc.ca\/horizon\/a-propos\/notre-equipe\/"},"modified":"2025-09-23T13:02:04","modified_gmt":"2025-09-23T17:02:04","slug":"notre-equipe","status":"publish","type":"page","link":"https:\/\/cssdn.gouv.qc.ca\/horizon\/a-propos\/notre-equipe\/","title":{"rendered":"Notre \u00e9quipe"},"content":{"rendered":"\n<div class=\"wp-block-cover alignfull is-light is-style-title-banner\"><img decoding=\"async\" class=\"wp-block-cover__image-background wp-image-111 lazyload\" alt=\"\" data-src=\"https:\/\/stage.cssdn.gouv.qc.ca\/wp-content\/uploads\/2022\/08\/Seawire-Hero-06.jpg\" data-object-fit=\"cover\" src=\"data:image\/svg+xml;base64,PHN2ZyB3aWR0aD0iMSIgaGVpZ2h0PSIxIiB4bWxucz0iaHR0cDovL3d3dy53My5vcmcvMjAwMC9zdmciPjwvc3ZnPg==\" \/><span aria-hidden=\"true\" class=\"wp-block-cover__background has-primary-background-color has-background-dim\"><\/span><div class=\"wp-block-cover__inner-container\"><h3 class=\"wp-block-post-title\">Notre \u00e9quipe<\/h3><\/div><\/div>\n\n\n\n<div class=\"wp-block-group alignfull has-padding-y-large has-secondary-background-color has-background\"><div class=\"yoast-breadcrumbs alignwide \"><span class=\"breadcrumbs\"><a href=\"https:\/\/cssdn.gouv.qc.ca\/horizon\/\" class=\"breadcrumbs__element\">Accueil<\/a> <span class=\"breadcrumbs__separator\">\n        <svg class=\"icon icon-breadcrumb__separator\"><use xlink:href=\"#icon-breadcrumb__separator\"><\/use><\/svg>\n    <\/span> <a href=\"https:\/\/cssdn.gouv.qc.ca\/horizon\/a-propos\/\" class=\"breadcrumbs__element\">\u00c0 propos<\/a> <span class=\"breadcrumbs__separator\">\n        <svg class=\"icon icon-breadcrumb__separator\"><use xlink:href=\"#icon-breadcrumb__separator\"><\/use><\/svg>\n    <\/span> <span class=\"breadcrumbs__element breadcrumbs__element-current\">Notre \u00e9quipe<\/span><\/span><\/div><\/div>\n\n\n\n<h2 class=\"wp-block-heading\">Personnel de directions &#8211; administratif <\/h2>\n\n\n\n<ul class=\"wp-block-list\">\n<li><strong>Directrice : Caroline Gingras<\/strong> <strong>(CPA)<\/strong><\/li>\n\n\n\n<li><strong>Directrice adjointe : Cynthia Belleau (secondaire 1 et CISA)<\/strong><\/li>\n\n\n\n<li><strong>Directeur adjoint : Luc St-Louis (secondaire 2 et 3)<\/strong><\/li>\n\n\n\n<li><strong>Secr\u00e9taire de gestion : Isabel Levasseur<\/strong><\/li>\n\n\n\n<li><strong>Technicienne en administration : Audrey St-Onge<\/strong><\/li>\n\n\n\n<li><strong>Technicienne en organisation scolaire : Johanne Pelletier<\/strong><\/li>\n<\/ul>\n\n\n\n<h2 class=\"wp-block-heading\">Personnel de soutien<\/h2>\n\n\n\n<ul class=\"wp-block-list\">\n<li><strong>Technicienne en \u00e9ducation sp\u00e9cialis\u00e9e<\/strong> :\n<ul class=\"wp-block-list\">\n<li><strong>Isabelle Lizotte (sec 1)<\/strong><\/li>\n\n\n\n<li><strong>Marie Fortier (sec 2)<\/strong><\/li>\n\n\n\n<li><strong>Nancy Isabelle (sec 3)<\/strong><\/li>\n\n\n\n<li><strong>Marie-Mai Auger (la Relance)<\/strong><\/li>\n\n\n\n<li><strong>Caroline Provencher<\/strong><\/li>\n\n\n\n<li><strong>Samuel Boutin<\/strong><\/li>\n\n\n\n<li><strong>Jean-Philippe Bernier (CISA)<\/strong><\/li>\n\n\n\n<li><strong>Nancy Grenier (CPA)<\/strong><\/li>\n\n\n\n<li><strong>Genevi\u00e8ve Morin (CPA)<\/strong><\/li>\n\n\n\n<li><strong>M\u00e9lanie Moreau (CPA)<\/strong><\/li>\n\n\n\n<li><strong>Jade Chamberland (CPA)<\/strong><\/li>\n<\/ul>\n<\/li>\n\n\n\n<li><strong>Pr\u00e9pos\u00e9 aux \u00e9l\u00e8ves handicap\u00e9s<\/strong> :\n<ul class=\"wp-block-list\">\n<li><strong>France Bellavance<\/strong><\/li>\n\n\n\n<li><strong>Krystle Leclerc<\/strong><\/li>\n<\/ul>\n<\/li>\n\n\n\n<li><strong>Technicienne en documentation&nbsp;: M\u00e9lanie Cantin<\/strong><\/li>\n\n\n\n<li><strong>Technicienne en loisirs&nbsp;: Carolyne B\u00e9dard-Masse<\/strong><\/li>\n\n\n\n<li><strong>Techniciennes en travaux pratiques&nbsp;:<\/strong>\n<ul class=\"wp-block-list\">\n<li><strong>Ann-Dominique C\u00f4t\u00e9<\/strong><\/li>\n\n\n\n<li><strong>Nancy Lacasse<\/strong><\/li>\n<\/ul>\n<\/li>\n\n\n\n<li><strong>Appariteur : R\u00e9jean Gosselin<\/strong><\/li>\n\n\n\n<li><strong>Ouvrier d&rsquo;entretien : Pascal Marquis<\/strong><\/li>\n\n\n\n<li><strong>Surveillant d&rsquo;\u00e9l\u00e8ves : S\u00e9bastien Joubert<\/strong><\/li>\n<\/ul>\n\n\n\n<h2 class=\"wp-block-heading\">Personnel professionnel<\/h2>\n\n\n\n<ul class=\"wp-block-list\">\n<li><strong>Psychologue&nbsp;: V\u00e9ronique Lemelin-Roberge<\/strong><\/li>\n\n\n\n<li><strong>Psycho\u00e9ducatrice\u00a0: Brenda Aucoin et Rosalie Fecteau<\/strong><\/li>\n\n\n\n<li><strong>Orthop\u00e9dagogue<\/strong>\n<ul class=\"wp-block-list\">\n<li><strong>Marie-\u00c8ve Beaulieu<\/strong><\/li>\n\n\n\n<li><strong>Mireille Boivin<\/strong> (enseignante ortho)<\/li>\n\n\n\n<li><strong>Myriam C\u00f4t\u00e9<\/strong><\/li>\n<\/ul>\n<\/li>\n\n\n\n<li><strong>Animation de d\u00e9veloppement personnel et engagement communautaire : \u00c9ric Demers<\/strong><\/li>\n\n\n\n<li><strong>Conseill\u00e8re en orientation&nbsp;: Mich\u00e8le Dessureault<\/strong><\/li>\n\n\n\n<li><strong>Travailleuse sociale (CISSS-CA)&nbsp;: Audrey Roy<\/strong><\/li>\n\n\n\n<li><strong>Infirmi\u00e8re (CISSS-CA)&nbsp;: Val\u00e9rie Pelletier<\/strong><\/li>\n<\/ul>\n\n\n\n<h2 class=\"wp-block-heading\">Enseignants<\/h2>\n\n\n\n<ul class=\"wp-block-list\">\n<li>ALAIN, Catherine<\/li>\n\n\n\n<li>ASSELIN, Karine<\/li>\n\n\n\n<li>AUB\u00c9, France<\/li>\n\n\n\n<li>AUDET, Sarah<\/li>\n\n\n\n<li>BEAUREGARD, Chantal<\/li>\n\n\n\n<li>B\u00c9LAND, Rosalie<\/li>\n\n\n\n<li>B\u00c9LANGER, Jo\u00eblle<\/li>\n\n\n\n<li>BLAIS, Genevi\u00e8ve<\/li>\n\n\n\n<li>BLANCHETTE, Pascal<\/li>\n\n\n\n<li>BOIVIN, Mireille<\/li>\n\n\n\n<li>BOUTIN, Claudia<\/li>\n\n\n\n<li>BRETON, Nelson<\/li>\n\n\n\n<li>BROCHU, Steeve<\/li>\n\n\n\n<li>CLOUTIER, Kelly<\/li>\n\n\n\n<li>DAIGLE, Guillaume<\/li>\n\n\n\n<li>DEMERS, Tommy<\/li>\n\n\n\n<li>DIONNE, Kevin<\/li>\n\n\n\n<li>DROUIN, Manon<\/li>\n\n\n\n<li>DUTIL, Louise<\/li>\n\n\n\n<li>GAGN\u00c9, Jean-Simon<\/li>\n\n\n\n<li>GAGNON, Genevi\u00e8ve<\/li>\n\n\n\n<li>GAGNON, Stacy<\/li>\n\n\n\n<li>GOBEIL, Jennifer<\/li>\n\n\n\n<li>HOUDE, Emmanuel<\/li>\n\n\n\n<li>ISABEL, Dominique<\/li>\n\n\n\n<li>LAROCHELLE, Preska<\/li>\n\n\n\n<li>LAUZON, Marc-Andr\u00e9<\/li>\n\n\n\n<li>LEMIEUX, M\u00e9lissa<\/li>\n\n\n\n<li>MANNINGHAM, Julie<\/li>\n\n\n\n<li>MARTEL, Annick<\/li>\n\n\n\n<li>MATHIEU, Sylvain<\/li>\n\n\n\n<li>MCKAY-LANGLOIS, Pascale<\/li>\n\n\n\n<li>MICHAUD, Julie<\/li>\n\n\n\n<li>NAPPERT, Anne-Marie<\/li>\n\n\n\n<li>PAQUET, Daniel<\/li>\n\n\n\n<li>PAR\u00c9, Christine<\/li>\n\n\n\n<li>PAR\u00c9, Marie-Andr\u00e9e<\/li>\n\n\n\n<li>PAR\u00c9, Virginie<\/li>\n\n\n\n<li>PICARD, Marilou<\/li>\n\n\n\n<li>PLANTE, Marie-Mich\u00e8le<\/li>\n\n\n\n<li>RUEL, Nicolas<\/li>\n\n\n\n<li>SP\u00c9NARD, S\u00e9bastien<\/li>\n\n\n\n<li>ST-ARNAULT, Mathieu<\/li>\n\n\n\n<li>ST-MARTIN, Sonia<\/li>\n\n\n\n<li>TREMBLAY, Caroline<\/li>\n\n\n\n<li>TUPPER-TREMBLAY, Wendy<\/li>\n<\/ul>\n","protected":false},"excerpt":{"rendered":"<p>Personnel de directions &#8211; administratif Personnel de soutien Personnel professionnel Enseignants<\/p>\n","protected":false},"author":1,"featured_media":0,"parent":5,"menu_order":0,"comment_status":"closed","ping_status":"closed","template":"","meta":{"_acf_changed":false,"_crdt_document":"","inline_featured_image":false,"footnotes":""},"categories":[],"tags":[],"class_list":["post-9","page","type-page","status-publish","hentry"],"acf":[],"yoast_head":"<!-- This site is optimized with the Yoast SEO plugin v27.3 - https:\/\/yoast.com\/product\/yoast-seo-wordpress\/ -->\n<title>Notre \u00e9quipe - \u00c9cole secondaire de l&#039;Horizon<\/title>\n<meta name=\"robots\" content=\"index, follow, max-snippet:-1, max-image-preview:large, max-video-preview:-1\" \/>\n<link rel=\"canonical\" href=\"https:\/\/cssdn.gouv.qc.ca\/horizon\/a-propos\/notre-equipe\/\" \/>\n<meta property=\"og:locale\" content=\"fr_CA\" \/>\n<meta property=\"og:type\" content=\"article\" \/>\n<meta property=\"og:title\" content=\"Notre \u00e9quipe - \u00c9cole secondaire de l&#039;Horizon\" \/>\n<meta property=\"og:description\" content=\"Personnel de directions &#8211; administratif Personnel de soutien Personnel professionnel Enseignants\" \/>\n<meta property=\"og:url\" content=\"https:\/\/cssdn.gouv.qc.ca\/horizon\/a-propos\/notre-equipe\/\" \/>\n<meta property=\"og:site_name\" content=\"\u00c9cole secondaire de l&#039;Horizon\" \/>\n<meta property=\"article:publisher\" content=\"https:\/\/www.facebook.com\/horizonCSSDN\" \/>\n<meta property=\"article:modified_time\" content=\"2025-09-23T17:02:04+00:00\" \/>\n<meta name=\"twitter:card\" content=\"summary_large_image\" \/>\n<meta name=\"twitter:site\" content=\"@CSSNavigateurs\" \/>\n<meta name=\"twitter:label1\" content=\"Estimation du temps de lecture\" \/>\n\t<meta name=\"twitter:data1\" content=\"2 minutes\" \/>\n<script type=\"application\/ld+json\" class=\"yoast-schema-graph\">{\"@context\":\"https:\\\/\\\/schema.org\",\"@graph\":[{\"@type\":\"WebPage\",\"@id\":\"https:\\\/\\\/cssdn.gouv.qc.ca\\\/horizon\\\/a-propos\\\/notre-equipe\\\/\",\"url\":\"https:\\\/\\\/cssdn.gouv.qc.ca\\\/horizon\\\/a-propos\\\/notre-equipe\\\/\",\"name\":\"Notre \u00e9quipe - \u00c9cole secondaire de l&#039;Horizon\",\"isPartOf\":{\"@id\":\"https:\\\/\\\/cssdn.gouv.qc.ca\\\/horizon\\\/#website\"},\"primaryImageOfPage\":{\"@id\":\"https:\\\/\\\/cssdn.gouv.qc.ca\\\/horizon\\\/a-propos\\\/notre-equipe\\\/#primaryimage\"},\"image\":{\"@id\":\"https:\\\/\\\/cssdn.gouv.qc.ca\\\/horizon\\\/a-propos\\\/notre-equipe\\\/#primaryimage\"},\"thumbnailUrl\":\"https:\\\/\\\/stage.cssdn.gouv.qc.ca\\\/wp-content\\\/uploads\\\/2022\\\/08\\\/Seawire-Hero-06.jpg\",\"datePublished\":\"2022-11-08T21:17:56+00:00\",\"dateModified\":\"2025-09-23T17:02:04+00:00\",\"breadcrumb\":{\"@id\":\"https:\\\/\\\/cssdn.gouv.qc.ca\\\/horizon\\\/a-propos\\\/notre-equipe\\\/#breadcrumb\"},\"inLanguage\":\"fr-CA\",\"potentialAction\":[{\"@type\":\"ReadAction\",\"target\":[\"https:\\\/\\\/cssdn.gouv.qc.ca\\\/horizon\\\/a-propos\\\/notre-equipe\\\/\"]}]},{\"@type\":\"ImageObject\",\"inLanguage\":\"fr-CA\",\"@id\":\"https:\\\/\\\/cssdn.gouv.qc.ca\\\/horizon\\\/a-propos\\\/notre-equipe\\\/#primaryimage\",\"url\":\"https:\\\/\\\/stage.cssdn.gouv.qc.ca\\\/wp-content\\\/uploads\\\/2022\\\/08\\\/Seawire-Hero-06.jpg\",\"contentUrl\":\"https:\\\/\\\/stage.cssdn.gouv.qc.ca\\\/wp-content\\\/uploads\\\/2022\\\/08\\\/Seawire-Hero-06.jpg\"},{\"@type\":\"BreadcrumbList\",\"@id\":\"https:\\\/\\\/cssdn.gouv.qc.ca\\\/horizon\\\/a-propos\\\/notre-equipe\\\/#breadcrumb\",\"itemListElement\":[{\"@type\":\"ListItem\",\"position\":1,\"name\":\"Accueil\",\"item\":\"https:\\\/\\\/cssdn.gouv.qc.ca\\\/horizon\\\/\"},{\"@type\":\"ListItem\",\"position\":2,\"name\":\"\u00c0 propos\",\"item\":\"https:\\\/\\\/cssdn.gouv.qc.ca\\\/horizon\\\/a-propos\\\/\"},{\"@type\":\"ListItem\",\"position\":3,\"name\":\"Notre \u00e9quipe\"}]},{\"@type\":\"WebSite\",\"@id\":\"https:\\\/\\\/cssdn.gouv.qc.ca\\\/horizon\\\/#website\",\"url\":\"https:\\\/\\\/cssdn.gouv.qc.ca\\\/horizon\\\/\",\"name\":\"\u00c9cole secondaire de l&#039;Horizon\",\"description\":\"Un site des centres de services scolaires des Navigateurs\",\"publisher\":{\"@id\":\"https:\\\/\\\/cssdn.gouv.qc.ca\\\/horizon\\\/#organization\"},\"potentialAction\":[{\"@type\":\"SearchAction\",\"target\":{\"@type\":\"EntryPoint\",\"urlTemplate\":\"https:\\\/\\\/cssdn.gouv.qc.ca\\\/horizon\\\/?s={search_term_string}\"},\"query-input\":{\"@type\":\"PropertyValueSpecification\",\"valueRequired\":true,\"valueName\":\"search_term_string\"}}],\"inLanguage\":\"fr-CA\"},{\"@type\":\"Organization\",\"@id\":\"https:\\\/\\\/cssdn.gouv.qc.ca\\\/horizon\\\/#organization\",\"name\":\"\u00c9cole secondaire de l&#039;Horizon\",\"url\":\"https:\\\/\\\/cssdn.gouv.qc.ca\\\/horizon\\\/\",\"logo\":{\"@type\":\"ImageObject\",\"inLanguage\":\"fr-CA\",\"@id\":\"https:\\\/\\\/cssdn.gouv.qc.ca\\\/horizon\\\/#\\\/schema\\\/logo\\\/image\\\/\",\"url\":\"https:\\\/\\\/cssdn.gouv.qc.ca\\\/horizon\\\/wp-content\\\/uploads\\\/sites\\\/39\\\/2023\\\/01\\\/logo_quebec.svg\",\"contentUrl\":\"https:\\\/\\\/cssdn.gouv.qc.ca\\\/horizon\\\/wp-content\\\/uploads\\\/sites\\\/39\\\/2023\\\/01\\\/logo_quebec.svg\",\"width\":188,\"height\":41,\"caption\":\"\u00c9cole secondaire de l&#039;Horizon\"},\"image\":{\"@id\":\"https:\\\/\\\/cssdn.gouv.qc.ca\\\/horizon\\\/#\\\/schema\\\/logo\\\/image\\\/\"},\"sameAs\":[\"https:\\\/\\\/www.facebook.com\\\/horizonCSSDN\",\"https:\\\/\\\/x.com\\\/CSSNavigateurs\",\"https:\\\/\\\/www.instagram.com\\\/cssnavigateurs\\\/\",\"https:\\\/\\\/www.youtube.com\\\/channel\\\/UCHbNBehije70JBzCIVT82bQ\",\"https:\\\/\\\/www.linkedin.com\\\/company\\\/cssdn\"]}]}<\/script>\n<!-- \/ Yoast SEO plugin. -->","yoast_head_json":{"title":"Notre \u00e9quipe - \u00c9cole secondaire de l&#039;Horizon","robots":{"index":"index","follow":"follow","max-snippet":"max-snippet:-1","max-image-preview":"max-image-preview:large","max-video-preview":"max-video-preview:-1"},"canonical":"https:\/\/cssdn.gouv.qc.ca\/horizon\/a-propos\/notre-equipe\/","og_locale":"fr_CA","og_type":"article","og_title":"Notre \u00e9quipe - \u00c9cole secondaire de l&#039;Horizon","og_description":"Personnel de directions &#8211; administratif Personnel de soutien Personnel professionnel Enseignants","og_url":"https:\/\/cssdn.gouv.qc.ca\/horizon\/a-propos\/notre-equipe\/","og_site_name":"\u00c9cole secondaire de l&#039;Horizon","article_publisher":"https:\/\/www.facebook.com\/horizonCSSDN","article_modified_time":"2025-09-23T17:02:04+00:00","twitter_card":"summary_large_image","twitter_site":"@CSSNavigateurs","twitter_misc":{"Estimation du temps de lecture":"2 minutes"},"schema":{"@context":"https:\/\/schema.org","@graph":[{"@type":"WebPage","@id":"https:\/\/cssdn.gouv.qc.ca\/horizon\/a-propos\/notre-equipe\/","url":"https:\/\/cssdn.gouv.qc.ca\/horizon\/a-propos\/notre-equipe\/","name":"Notre \u00e9quipe - \u00c9cole secondaire de l&#039;Horizon","isPartOf":{"@id":"https:\/\/cssdn.gouv.qc.ca\/horizon\/#website"},"primaryImageOfPage":{"@id":"https:\/\/cssdn.gouv.qc.ca\/horizon\/a-propos\/notre-equipe\/#primaryimage"},"image":{"@id":"https:\/\/cssdn.gouv.qc.ca\/horizon\/a-propos\/notre-equipe\/#primaryimage"},"thumbnailUrl":"https:\/\/stage.cssdn.gouv.qc.ca\/wp-content\/uploads\/2022\/08\/Seawire-Hero-06.jpg","datePublished":"2022-11-08T21:17:56+00:00","dateModified":"2025-09-23T17:02:04+00:00","breadcrumb":{"@id":"https:\/\/cssdn.gouv.qc.ca\/horizon\/a-propos\/notre-equipe\/#breadcrumb"},"inLanguage":"fr-CA","potentialAction":[{"@type":"ReadAction","target":["https:\/\/cssdn.gouv.qc.ca\/horizon\/a-propos\/notre-equipe\/"]}]},{"@type":"ImageObject","inLanguage":"fr-CA","@id":"https:\/\/cssdn.gouv.qc.ca\/horizon\/a-propos\/notre-equipe\/#primaryimage","url":"https:\/\/stage.cssdn.gouv.qc.ca\/wp-content\/uploads\/2022\/08\/Seawire-Hero-06.jpg","contentUrl":"https:\/\/stage.cssdn.gouv.qc.ca\/wp-content\/uploads\/2022\/08\/Seawire-Hero-06.jpg"},{"@type":"BreadcrumbList","@id":"https:\/\/cssdn.gouv.qc.ca\/horizon\/a-propos\/notre-equipe\/#breadcrumb","itemListElement":[{"@type":"ListItem","position":1,"name":"Accueil","item":"https:\/\/cssdn.gouv.qc.ca\/horizon\/"},{"@type":"ListItem","position":2,"name":"\u00c0 propos","item":"https:\/\/cssdn.gouv.qc.ca\/horizon\/a-propos\/"},{"@type":"ListItem","position":3,"name":"Notre \u00e9quipe"}]},{"@type":"WebSite","@id":"https:\/\/cssdn.gouv.qc.ca\/horizon\/#website","url":"https:\/\/cssdn.gouv.qc.ca\/horizon\/","name":"\u00c9cole secondaire de l&#039;Horizon","description":"Un site des centres de services scolaires des Navigateurs","publisher":{"@id":"https:\/\/cssdn.gouv.qc.ca\/horizon\/#organization"},"potentialAction":[{"@type":"SearchAction","target":{"@type":"EntryPoint","urlTemplate":"https:\/\/cssdn.gouv.qc.ca\/horizon\/?s={search_term_string}"},"query-input":{"@type":"PropertyValueSpecification","valueRequired":true,"valueName":"search_term_string"}}],"inLanguage":"fr-CA"},{"@type":"Organization","@id":"https:\/\/cssdn.gouv.qc.ca\/horizon\/#organization","name":"\u00c9cole secondaire de l&#039;Horizon","url":"https:\/\/cssdn.gouv.qc.ca\/horizon\/","logo":{"@type":"ImageObject","inLanguage":"fr-CA","@id":"https:\/\/cssdn.gouv.qc.ca\/horizon\/#\/schema\/logo\/image\/","url":"https:\/\/cssdn.gouv.qc.ca\/horizon\/wp-content\/uploads\/sites\/39\/2023\/01\/logo_quebec.svg","contentUrl":"https:\/\/cssdn.gouv.qc.ca\/horizon\/wp-content\/uploads\/sites\/39\/2023\/01\/logo_quebec.svg","width":188,"height":41,"caption":"\u00c9cole secondaire de l&#039;Horizon"},"image":{"@id":"https:\/\/cssdn.gouv.qc.ca\/horizon\/#\/schema\/logo\/image\/"},"sameAs":["https:\/\/www.facebook.com\/horizonCSSDN","https:\/\/x.com\/CSSNavigateurs","https:\/\/www.instagram.com\/cssnavigateurs\/","https:\/\/www.youtube.com\/channel\/UCHbNBehije70JBzCIVT82bQ","https:\/\/www.linkedin.com\/company\/cssdn"]}]}},"publishpress_future_action":{"enabled":false,"date":"2026-04-16 22:08:22","action":"change-status","newStatus":"draft","terms":[],"taxonomy":"category","extraData":[]},"publishpress_future_workflow_manual_trigger":{"enabledWorkflows":[]},"_links":{"self":[{"href":"https:\/\/cssdn.gouv.qc.ca\/horizon\/wp-json\/wp\/v2\/pages\/9","targetHints":{"allow":["GET"]}}],"collection":[{"href":"https:\/\/cssdn.gouv.qc.ca\/horizon\/wp-json\/wp\/v2\/pages"}],"about":[{"href":"https:\/\/cssdn.gouv.qc.ca\/horizon\/wp-json\/wp\/v2\/types\/page"}],"author":[{"embeddable":true,"href":"https:\/\/cssdn.gouv.qc.ca\/horizon\/wp-json\/wp\/v2\/users\/1"}],"replies":[{"embeddable":true,"href":"https:\/\/cssdn.gouv.qc.ca\/horizon\/wp-json\/wp\/v2\/comments?post=9"}],"version-history":[{"count":0,"href":"https:\/\/cssdn.gouv.qc.ca\/horizon\/wp-json\/wp\/v2\/pages\/9\/revisions"}],"up":[{"embeddable":true,"href":"https:\/\/cssdn.gouv.qc.ca\/horizon\/wp-json\/wp\/v2\/pages\/5"}],"wp:attachment":[{"href":"https:\/\/cssdn.gouv.qc.ca\/horizon\/wp-json\/wp\/v2\/media?parent=9"}],"wp:term":[{"taxonomy":"category","embeddable":true,"href":"https:\/\/cssdn.gouv.qc.ca\/horizon\/wp-json\/wp\/v2\/categories?post=9"},{"taxonomy":"post_tag","embeddable":true,"href":"https:\/\/cssdn.gouv.qc.ca\/horizon\/wp-json\/wp\/v2\/tags?post=9"}],"curies":[{"name":"wp","href":"https:\/\/api.w.org\/{rel}","templated":true}]}}