
{"id":11,"date":"2022-11-08T16:07:54","date_gmt":"2022-11-08T21:07:54","guid":{"rendered":"https:\/\/cssdn.gouv.qc.ca\/ilot-des-appalaches\/a-propos\/documentation-et-rapport-annuel\/"},"modified":"2026-04-14T09:05:28","modified_gmt":"2026-04-14T13:05:28","slug":"documentation-et-rapport-annuel","status":"publish","type":"page","link":"https:\/\/cssdn.gouv.qc.ca\/ilot-des-appalaches\/a-propos\/documentation-et-rapport-annuel\/","title":{"rendered":"Documentation officielle"},"content":{"rendered":"\n<div class=\"wp-block-cover alignfull is-light is-style-title-banner\"><img decoding=\"async\" class=\"wp-block-cover__image-background wp-image-111 lazyload\" alt=\"\" data-src=\"https:\/\/cssdn.gouv.qc.ca\/wp-content\/uploads\/2022\/08\/Seawire-Hero-06.jpg\" data-object-fit=\"cover\" src=\"data:image\/svg+xml;base64,PHN2ZyB3aWR0aD0iMSIgaGVpZ2h0PSIxIiB4bWxucz0iaHR0cDovL3d3dy53My5vcmcvMjAwMC9zdmciPjwvc3ZnPg==\" \/><span aria-hidden=\"true\" class=\"wp-block-cover__background has-primary-background-color has-background-dim\"><\/span><div class=\"wp-block-cover__inner-container\"><h3 class=\"wp-block-post-title\">Documentation officielle<\/h3><\/div><\/div>\n\n\n\n<div class=\"wp-block-group alignfull has-padding-y-large has-secondary-background-color has-background\"><div class=\"yoast-breadcrumbs alignwide \"><span class=\"breadcrumbs\"><a href=\"https:\/\/cssdn.gouv.qc.ca\/ilot-des-appalaches\/\" class=\"breadcrumbs__element\">Accueil<\/a> <span class=\"breadcrumbs__separator\">\n        <svg class=\"icon icon-breadcrumb__separator\"><use xlink:href=\"#icon-breadcrumb__separator\"><\/use><\/svg>\n    <\/span> <a href=\"https:\/\/cssdn.gouv.qc.ca\/ilot-des-appalaches\/a-propos\/\" class=\"breadcrumbs__element\">\u00c0 propos<\/a> <span class=\"breadcrumbs__separator\">\n        <svg class=\"icon icon-breadcrumb__separator\"><use xlink:href=\"#icon-breadcrumb__separator\"><\/use><\/svg>\n    <\/span> <span class=\"breadcrumbs__element breadcrumbs__element-current\">Documentation officielle<\/span><\/span><\/div><\/div>\n\n\n\n<h1 class=\"wp-block-heading\">Projet \u00e9ducatif<\/h1>\n\n\n\n<div class=\"wp-block-file\"><a id=\"wp-block-file--media-17b1bd42-3ae6-47b3-b9c1-ae75f8efef3f\" href=\"https:\/\/cssdn.gouv.qc.ca\/ilot-des-appalaches\/wp-content\/uploads\/sites\/79\/2024\/06\/210-Projet-educatif_Ilot-des-Appalaches.pdf\">Projet \u00e9ducatif 2023-2027<\/a><a href=\"https:\/\/cssdn.gouv.qc.ca\/ilot-des-appalaches\/wp-content\/uploads\/sites\/79\/2024\/06\/210-Projet-educatif_Ilot-des-Appalaches.pdf\" class=\"wp-block-file__button wp-element-button\" download aria-describedby=\"wp-block-file--media-17b1bd42-3ae6-47b3-b9c1-ae75f8efef3f\">T\u00e9l\u00e9charger<\/a><\/div>\n\n\n\n<h2 class=\"wp-block-heading\">Redditions de comptes du projet \u00e9ducatif<\/h2>\n\n\n\n<div class=\"wp-block-file\"><a id=\"wp-block-file--media-acbf3dc4-1da2-4b87-b3df-3204b7414c69\" href=\"https:\/\/cssdn.gouv.qc.ca\/ilot-des-appalaches\/wp-content\/uploads\/sites\/79\/2025\/09\/2025-2026.pdf\">2024-2025<\/a><a href=\"https:\/\/cssdn.gouv.qc.ca\/ilot-des-appalaches\/wp-content\/uploads\/sites\/79\/2025\/09\/2025-2026.pdf\" class=\"wp-block-file__button wp-element-button\" download aria-describedby=\"wp-block-file--media-acbf3dc4-1da2-4b87-b3df-3204b7414c69\">Download<\/a><\/div>\n\n\n\n<div class=\"wp-block-file\"><a id=\"wp-block-file--media-025f941a-59c4-4db9-8389-4fa8ac46a11e\" href=\"https:\/\/cssdn.gouv.qc.ca\/ilot-des-appalaches\/wp-content\/uploads\/sites\/79\/2023\/01\/2021-2022_rcpe-ilot.pdf\" target=\"_blank\" rel=\"noreferrer noopener\">2021-2022<\/a><\/div>\n\n\n\n<div class=\"wp-block-file\"><a id=\"wp-block-file--media-5c924ac4-2137-4ea4-85e5-ea4ee90456d9\" href=\"https:\/\/cssdn.gouv.qc.ca\/ilot-des-appalaches\/wp-content\/uploads\/sites\/79\/2023\/01\/rcpe_ilotdesappalaches_2020-2021.pdf\" target=\"_blank\" rel=\"noreferrer noopener\">2020-2021<\/a><\/div>\n\n\n\n<h2 class=\"wp-block-heading\">Code de vie<\/h2>\n\n\n\n<div class=\"wp-block-file\"><a id=\"wp-block-file--media-0016c821-35c7-4ed0-9a17-08ca8b604a21\" href=\"https:\/\/cssdn.gouv.qc.ca\/ilot-des-appalaches\/wp-content\/uploads\/sites\/79\/2025\/09\/Code-de-vie-1.pdf\">Code de vie<\/a><a href=\"https:\/\/cssdn.gouv.qc.ca\/ilot-des-appalaches\/wp-content\/uploads\/sites\/79\/2025\/09\/Code-de-vie-1.pdf\" class=\"wp-block-file__button wp-element-button\" download aria-describedby=\"wp-block-file--media-0016c821-35c7-4ed0-9a17-08ca8b604a21\">Download<\/a><\/div>\n\n\n\n<p class=\"wp-block-paragraph\"><\/p>\n\n\n\n<h2 class=\"wp-block-heading\"><strong>Plan de lutte contre la violence et l\u2019intimidation \u00e0 l\u2019\u00e9cole<\/strong><\/h2>\n\n\n\n<div class=\"wp-block-file\"><a id=\"wp-block-file--media-feaa63b6-275c-4b0d-a200-0ab97dc5aac5\" href=\"https:\/\/cssdn.gouv.qc.ca\/ilot-des-appalaches\/wp-content\/uploads\/sites\/79\/2025\/08\/210-ilot-des-Appalaches-Plan-de-lutte-Juin2024.pdf\">Plan d&rsquo;action pour un climat positif qui favorise la s\u00e9curit\u00e9 et le bien-\u00eatre de tous &#8211; \u00c9cole de l&rsquo;\u00celot-des-Appalaches<\/a><a href=\"https:\/\/cssdn.gouv.qc.ca\/ilot-des-appalaches\/wp-content\/uploads\/sites\/79\/2025\/08\/210-ilot-des-Appalaches-Plan-de-lutte-Juin2024.pdf\" class=\"wp-block-file__button wp-element-button\" download aria-describedby=\"wp-block-file--media-feaa63b6-275c-4b0d-a200-0ab97dc5aac5\">T\u00e9l\u00e9charger<\/a><\/div>\n\n\n\n<h2 class=\"wp-block-heading\">Code vestimentaire<\/h2>\n\n\n\n<div class=\"wp-block-file\"><a id=\"wp-block-file--media-0ace912a-efdf-4230-80df-3d3026dfcde1\" href=\"https:\/\/cssdn.gouv.qc.ca\/ilot-des-appalaches\/wp-content\/uploads\/sites\/79\/2025\/09\/Code-vestimentaire-1.pdf\">Code vestimentaire<\/a><a href=\"https:\/\/cssdn.gouv.qc.ca\/ilot-des-appalaches\/wp-content\/uploads\/sites\/79\/2025\/09\/Code-vestimentaire-1.pdf\" class=\"wp-block-file__button wp-element-button\" download aria-describedby=\"wp-block-file--media-0ace912a-efdf-4230-80df-3d3026dfcde1\">Download<\/a><\/div>\n\n\n\n<p class=\"is-style-default wp-block-paragraph\"><\/p>\n\n\n\n<p class=\"wp-block-paragraph\"><\/p>\n\n\n\n<h2 class=\"wp-block-heading\">Normes et modalit\u00e9s<\/h2>\n\n\n\n<div class=\"wp-block-file\"><a id=\"wp-block-file--media-e719464e-121d-4dc3-8879-3d33fa286762\" href=\"https:\/\/cssdn.gouv.qc.ca\/ilot-des-appalaches\/wp-content\/uploads\/sites\/79\/2025\/10\/Normes-et-modalites-ilot-25-26.pdf\">Normes et modalit\u00e9s \u00eelot-25-26<\/a><a href=\"https:\/\/cssdn.gouv.qc.ca\/ilot-des-appalaches\/wp-content\/uploads\/sites\/79\/2025\/10\/Normes-et-modalites-ilot-25-26.pdf\" class=\"wp-block-file__button wp-element-button\" download aria-describedby=\"wp-block-file--media-e719464e-121d-4dc3-8879-3d33fa286762\">Download<\/a><\/div>\n","protected":false},"excerpt":{"rendered":"<p>Projet \u00e9ducatif Redditions de comptes du projet \u00e9ducatif Code de vie Plan de lutte contre la violence et l\u2019intimidation \u00e0 l\u2019\u00e9cole Code vestimentaire Normes et modalit\u00e9s<\/p>\n","protected":false},"author":1,"featured_media":0,"parent":6,"menu_order":0,"comment_status":"closed","ping_status":"closed","template":"","meta":{"_acf_changed":false,"_crdt_document":"","inline_featured_image":false,"footnotes":""},"categories":[],"tags":[],"class_list":["post-11","page","type-page","status-publish","hentry"],"acf":[],"yoast_head":"<!-- This site is optimized with the Yoast SEO plugin v27.4 - https:\/\/yoast.com\/product\/yoast-seo-wordpress\/ -->\n<title>Documentation officielle - \u00c9cole de l&#039;\u00celot-des-Appalaches<\/title>\n<meta name=\"robots\" content=\"index, follow, max-snippet:-1, max-image-preview:large, max-video-preview:-1\" \/>\n<link rel=\"canonical\" href=\"https:\/\/cssdn.gouv.qc.ca\/ilot-des-appalaches\/a-propos\/documentation-et-rapport-annuel\/\" \/>\n<meta property=\"og:locale\" content=\"fr_CA\" \/>\n<meta property=\"og:type\" content=\"article\" \/>\n<meta property=\"og:title\" content=\"Documentation officielle - \u00c9cole de l&#039;\u00celot-des-Appalaches\" \/>\n<meta property=\"og:description\" content=\"Projet \u00e9ducatif Redditions de comptes du projet \u00e9ducatif Code de vie Plan de lutte contre la violence et l\u2019intimidation \u00e0 l\u2019\u00e9cole Code vestimentaire Normes et modalit\u00e9s\" \/>\n<meta property=\"og:url\" content=\"https:\/\/cssdn.gouv.qc.ca\/ilot-des-appalaches\/a-propos\/documentation-et-rapport-annuel\/\" \/>\n<meta property=\"og:site_name\" content=\"\u00c9cole de l&#039;\u00celot-des-Appalaches\" \/>\n<meta property=\"article:publisher\" content=\"https:\/\/www.facebook.com\/CSSNavigateurs\" \/>\n<meta property=\"article:modified_time\" content=\"2026-04-14T13:05:28+00:00\" \/>\n<meta name=\"twitter:card\" content=\"summary_large_image\" \/>\n<meta name=\"twitter:label1\" content=\"Estimation du temps de lecture\" \/>\n\t<meta name=\"twitter:data1\" content=\"1 minute\" \/>\n<script type=\"application\/ld+json\" class=\"yoast-schema-graph\">{\"@context\":\"https:\\\/\\\/schema.org\",\"@graph\":[{\"@type\":\"WebPage\",\"@id\":\"https:\\\/\\\/cssdn.gouv.qc.ca\\\/ilot-des-appalaches\\\/a-propos\\\/documentation-et-rapport-annuel\\\/\",\"url\":\"https:\\\/\\\/cssdn.gouv.qc.ca\\\/ilot-des-appalaches\\\/a-propos\\\/documentation-et-rapport-annuel\\\/\",\"name\":\"Documentation officielle - \u00c9cole de l&#039;\u00celot-des-Appalaches\",\"isPartOf\":{\"@id\":\"https:\\\/\\\/cssdn.gouv.qc.ca\\\/ilot-des-appalaches\\\/#website\"},\"primaryImageOfPage\":{\"@id\":\"https:\\\/\\\/cssdn.gouv.qc.ca\\\/ilot-des-appalaches\\\/a-propos\\\/documentation-et-rapport-annuel\\\/#primaryimage\"},\"image\":{\"@id\":\"https:\\\/\\\/cssdn.gouv.qc.ca\\\/ilot-des-appalaches\\\/a-propos\\\/documentation-et-rapport-annuel\\\/#primaryimage\"},\"thumbnailUrl\":\"https:\\\/\\\/cssdn.gouv.qc.ca\\\/wp-content\\\/uploads\\\/2022\\\/08\\\/Seawire-Hero-06.jpg\",\"datePublished\":\"2022-11-08T21:07:54+00:00\",\"dateModified\":\"2026-04-14T13:05:28+00:00\",\"breadcrumb\":{\"@id\":\"https:\\\/\\\/cssdn.gouv.qc.ca\\\/ilot-des-appalaches\\\/a-propos\\\/documentation-et-rapport-annuel\\\/#breadcrumb\"},\"inLanguage\":\"fr-CA\",\"potentialAction\":[{\"@type\":\"ReadAction\",\"target\":[\"https:\\\/\\\/cssdn.gouv.qc.ca\\\/ilot-des-appalaches\\\/a-propos\\\/documentation-et-rapport-annuel\\\/\"]}]},{\"@type\":\"ImageObject\",\"inLanguage\":\"fr-CA\",\"@id\":\"https:\\\/\\\/cssdn.gouv.qc.ca\\\/ilot-des-appalaches\\\/a-propos\\\/documentation-et-rapport-annuel\\\/#primaryimage\",\"url\":\"https:\\\/\\\/cssdn.gouv.qc.ca\\\/wp-content\\\/uploads\\\/2022\\\/08\\\/Seawire-Hero-06.jpg\",\"contentUrl\":\"https:\\\/\\\/cssdn.gouv.qc.ca\\\/wp-content\\\/uploads\\\/2022\\\/08\\\/Seawire-Hero-06.jpg\"},{\"@type\":\"BreadcrumbList\",\"@id\":\"https:\\\/\\\/cssdn.gouv.qc.ca\\\/ilot-des-appalaches\\\/a-propos\\\/documentation-et-rapport-annuel\\\/#breadcrumb\",\"itemListElement\":[{\"@type\":\"ListItem\",\"position\":1,\"name\":\"Accueil\",\"item\":\"https:\\\/\\\/cssdn.gouv.qc.ca\\\/ilot-des-appalaches\\\/\"},{\"@type\":\"ListItem\",\"position\":2,\"name\":\"\u00c0 propos\",\"item\":\"https:\\\/\\\/cssdn.gouv.qc.ca\\\/ilot-des-appalaches\\\/a-propos\\\/\"},{\"@type\":\"ListItem\",\"position\":3,\"name\":\"Documentation officielle\"}]},{\"@type\":\"WebSite\",\"@id\":\"https:\\\/\\\/cssdn.gouv.qc.ca\\\/ilot-des-appalaches\\\/#website\",\"url\":\"https:\\\/\\\/cssdn.gouv.qc.ca\\\/ilot-des-appalaches\\\/\",\"name\":\"\u00c9cole de l&#039;\u00celot-des-Appalaches\",\"description\":\"Un site des centres de services scolaires des Navigateurs\",\"potentialAction\":[{\"@type\":\"SearchAction\",\"target\":{\"@type\":\"EntryPoint\",\"urlTemplate\":\"https:\\\/\\\/cssdn.gouv.qc.ca\\\/ilot-des-appalaches\\\/?s={search_term_string}\"},\"query-input\":{\"@type\":\"PropertyValueSpecification\",\"valueRequired\":true,\"valueName\":\"search_term_string\"}}],\"inLanguage\":\"fr-CA\"}]}<\/script>\n<!-- \/ Yoast SEO plugin. -->","yoast_head_json":{"title":"Documentation officielle - \u00c9cole de l&#039;\u00celot-des-Appalaches","robots":{"index":"index","follow":"follow","max-snippet":"max-snippet:-1","max-image-preview":"max-image-preview:large","max-video-preview":"max-video-preview:-1"},"canonical":"https:\/\/cssdn.gouv.qc.ca\/ilot-des-appalaches\/a-propos\/documentation-et-rapport-annuel\/","og_locale":"fr_CA","og_type":"article","og_title":"Documentation officielle - \u00c9cole de l&#039;\u00celot-des-Appalaches","og_description":"Projet \u00e9ducatif Redditions de comptes du projet \u00e9ducatif Code de vie Plan de lutte contre la violence et l\u2019intimidation \u00e0 l\u2019\u00e9cole Code vestimentaire Normes et modalit\u00e9s","og_url":"https:\/\/cssdn.gouv.qc.ca\/ilot-des-appalaches\/a-propos\/documentation-et-rapport-annuel\/","og_site_name":"\u00c9cole de l&#039;\u00celot-des-Appalaches","article_publisher":"https:\/\/www.facebook.com\/CSSNavigateurs","article_modified_time":"2026-04-14T13:05:28+00:00","twitter_card":"summary_large_image","twitter_misc":{"Estimation du temps de lecture":"1 minute"},"schema":{"@context":"https:\/\/schema.org","@graph":[{"@type":"WebPage","@id":"https:\/\/cssdn.gouv.qc.ca\/ilot-des-appalaches\/a-propos\/documentation-et-rapport-annuel\/","url":"https:\/\/cssdn.gouv.qc.ca\/ilot-des-appalaches\/a-propos\/documentation-et-rapport-annuel\/","name":"Documentation officielle - \u00c9cole de l&#039;\u00celot-des-Appalaches","isPartOf":{"@id":"https:\/\/cssdn.gouv.qc.ca\/ilot-des-appalaches\/#website"},"primaryImageOfPage":{"@id":"https:\/\/cssdn.gouv.qc.ca\/ilot-des-appalaches\/a-propos\/documentation-et-rapport-annuel\/#primaryimage"},"image":{"@id":"https:\/\/cssdn.gouv.qc.ca\/ilot-des-appalaches\/a-propos\/documentation-et-rapport-annuel\/#primaryimage"},"thumbnailUrl":"https:\/\/cssdn.gouv.qc.ca\/wp-content\/uploads\/2022\/08\/Seawire-Hero-06.jpg","datePublished":"2022-11-08T21:07:54+00:00","dateModified":"2026-04-14T13:05:28+00:00","breadcrumb":{"@id":"https:\/\/cssdn.gouv.qc.ca\/ilot-des-appalaches\/a-propos\/documentation-et-rapport-annuel\/#breadcrumb"},"inLanguage":"fr-CA","potentialAction":[{"@type":"ReadAction","target":["https:\/\/cssdn.gouv.qc.ca\/ilot-des-appalaches\/a-propos\/documentation-et-rapport-annuel\/"]}]},{"@type":"ImageObject","inLanguage":"fr-CA","@id":"https:\/\/cssdn.gouv.qc.ca\/ilot-des-appalaches\/a-propos\/documentation-et-rapport-annuel\/#primaryimage","url":"https:\/\/cssdn.gouv.qc.ca\/wp-content\/uploads\/2022\/08\/Seawire-Hero-06.jpg","contentUrl":"https:\/\/cssdn.gouv.qc.ca\/wp-content\/uploads\/2022\/08\/Seawire-Hero-06.jpg"},{"@type":"BreadcrumbList","@id":"https:\/\/cssdn.gouv.qc.ca\/ilot-des-appalaches\/a-propos\/documentation-et-rapport-annuel\/#breadcrumb","itemListElement":[{"@type":"ListItem","position":1,"name":"Accueil","item":"https:\/\/cssdn.gouv.qc.ca\/ilot-des-appalaches\/"},{"@type":"ListItem","position":2,"name":"\u00c0 propos","item":"https:\/\/cssdn.gouv.qc.ca\/ilot-des-appalaches\/a-propos\/"},{"@type":"ListItem","position":3,"name":"Documentation officielle"}]},{"@type":"WebSite","@id":"https:\/\/cssdn.gouv.qc.ca\/ilot-des-appalaches\/#website","url":"https:\/\/cssdn.gouv.qc.ca\/ilot-des-appalaches\/","name":"\u00c9cole de l&#039;\u00celot-des-Appalaches","description":"Un site des centres de services scolaires des Navigateurs","potentialAction":[{"@type":"SearchAction","target":{"@type":"EntryPoint","urlTemplate":"https:\/\/cssdn.gouv.qc.ca\/ilot-des-appalaches\/?s={search_term_string}"},"query-input":{"@type":"PropertyValueSpecification","valueRequired":true,"valueName":"search_term_string"}}],"inLanguage":"fr-CA"}]}},"publishpress_future_action":{"enabled":false,"date":"2026-04-27 13:41:57","action":"change-status","newStatus":"draft","terms":[],"taxonomy":"category","extraData":[]},"publishpress_future_workflow_manual_trigger":{"enabledWorkflows":[]},"_links":{"self":[{"href":"https:\/\/cssdn.gouv.qc.ca\/ilot-des-appalaches\/wp-json\/wp\/v2\/pages\/11","targetHints":{"allow":["GET"]}}],"collection":[{"href":"https:\/\/cssdn.gouv.qc.ca\/ilot-des-appalaches\/wp-json\/wp\/v2\/pages"}],"about":[{"href":"https:\/\/cssdn.gouv.qc.ca\/ilot-des-appalaches\/wp-json\/wp\/v2\/types\/page"}],"author":[{"embeddable":true,"href":"https:\/\/cssdn.gouv.qc.ca\/ilot-des-appalaches\/wp-json\/wp\/v2\/users\/1"}],"replies":[{"embeddable":true,"href":"https:\/\/cssdn.gouv.qc.ca\/ilot-des-appalaches\/wp-json\/wp\/v2\/comments?post=11"}],"version-history":[{"count":0,"href":"https:\/\/cssdn.gouv.qc.ca\/ilot-des-appalaches\/wp-json\/wp\/v2\/pages\/11\/revisions"}],"up":[{"embeddable":true,"href":"https:\/\/cssdn.gouv.qc.ca\/ilot-des-appalaches\/wp-json\/wp\/v2\/pages\/6"}],"wp:attachment":[{"href":"https:\/\/cssdn.gouv.qc.ca\/ilot-des-appalaches\/wp-json\/wp\/v2\/media?parent=11"}],"wp:term":[{"taxonomy":"category","embeddable":true,"href":"https:\/\/cssdn.gouv.qc.ca\/ilot-des-appalaches\/wp-json\/wp\/v2\/categories?post=11"},{"taxonomy":"post_tag","embeddable":true,"href":"https:\/\/cssdn.gouv.qc.ca\/ilot-des-appalaches\/wp-json\/wp\/v2\/tags?post=11"}],"curies":[{"name":"wp","href":"https:\/\/api.w.org\/{rel}","templated":true}]}}