
{"id":13,"date":"2022-11-08T16:07:55","date_gmt":"2022-11-08T21:07:55","guid":{"rendered":"https:\/\/cssdn.gouv.qc.ca\/immigration\/informations-aux-parents\/"},"modified":"2024-11-13T16:12:45","modified_gmt":"2024-11-13T21:12:45","slug":"livres-virtuels","status":"publish","type":"page","link":"https:\/\/cssdn.gouv.qc.ca\/immigration\/livres-virtuels\/","title":{"rendered":"Livres virtuels"},"content":{"rendered":"\n<div class=\"wp-block-cover alignfull is-style-title-banner\"><span aria-hidden=\"true\" class=\"wp-block-cover__background has-background-dim\"><\/span><img decoding=\"async\" width=\"1500\" height=\"1000\" class=\"wp-block-cover__image-background wp-image-192 lazyload\" alt=\"Centre de services scolaire des Navigateurs - Bienvenue \u00e0 l'\u00e9cole\" data-src=\"https:\/\/cssdn.gouv.qc.ca\/immigration\/wp-content\/uploads\/sites\/86\/2024\/11\/centre-services-scolaire-navigateurs_bienvenue-ecole.jpg\" style=\"--smush-placeholder-width: 1500px; --smush-placeholder-aspect-ratio: 1500\/1000;object-position:58% 14%\" data-object-fit=\"cover\" data-object-position=\"58% 14%\" data-srcset=\"https:\/\/cssdn.gouv.qc.ca\/immigration\/wp-content\/uploads\/sites\/86\/2024\/11\/centre-services-scolaire-navigateurs_bienvenue-ecole.jpg 1500w, https:\/\/cssdn.gouv.qc.ca\/immigration\/wp-content\/uploads\/sites\/86\/2024\/11\/centre-services-scolaire-navigateurs_bienvenue-ecole-300x200.jpg 300w, https:\/\/cssdn.gouv.qc.ca\/immigration\/wp-content\/uploads\/sites\/86\/2024\/11\/centre-services-scolaire-navigateurs_bienvenue-ecole-1024x683.jpg 1024w, https:\/\/cssdn.gouv.qc.ca\/immigration\/wp-content\/uploads\/sites\/86\/2024\/11\/centre-services-scolaire-navigateurs_bienvenue-ecole-768x512.jpg 768w\" data-sizes=\"(max-width: 1500px) 100vw, 1500px\" src=\"data:image\/svg+xml;base64,PHN2ZyB3aWR0aD0iMSIgaGVpZ2h0PSIxIiB4bWxucz0iaHR0cDovL3d3dy53My5vcmcvMjAwMC9zdmciPjwvc3ZnPg==\" \/><div class=\"wp-block-cover__inner-container\"><h3 class=\"wp-block-post-title\">Livres virtuels<\/h3><\/div><\/div>\n\n\n\n<div class=\"wp-block-group alignfull has-padding-y-large has-secondary-background-color has-background\"><div class=\"yoast-breadcrumbs alignwide \"><span class=\"breadcrumbs\"><a href=\"https:\/\/cssdn.gouv.qc.ca\/immigration\/\" class=\"breadcrumbs__element\">Accueil<\/a> <span class=\"breadcrumbs__separator\">\n        <svg class=\"icon icon-breadcrumb__separator\"><use xlink:href=\"#icon-breadcrumb__separator\"><\/use><\/svg>\n    <\/span> <span class=\"breadcrumbs__element breadcrumbs__element-current\">Livres virtuels<\/span><\/span><\/div><\/div>\n\n\n\n<p class=\"wp-block-paragraph\">Pour vous familiariser avec le fonctionnement scolaire au sein de notre centre de services, nous avons cr\u00e9\u00e9 deux livres virtuels <em>Bienvenue \u00e0 l&rsquo;\u00e9cole qu\u00e9b\u00e9coise<\/em>, regroupant toute l\u2019information pertinente aussi pour le primaire que pour le secondaire.<\/p>\n\n\n\n<div class=\"wp-block-buttons\">\n<div class=\"wp-block-button\"><a class=\"wp-block-button__link wp-element-button\" href=\"https:\/\/read.bookcreator.com\/Qqbq5a0XICeQ19rb9LgFhrdQhYJ3\/-j0z-ZCST96N3GUnjRnZQA\">Primaire<\/a><\/div>\n\n\n\n<div class=\"wp-block-button\"><a class=\"wp-block-button__link wp-element-button\" href=\"https:\/\/read.bookcreator.com\/JWYfakUAD1hovu2f5hIxqgJDVPH3\/XpLdjrEJSV6u2jJxd6LebQ\">Secondaire<\/a><\/div>\n<\/div>\n","protected":false},"excerpt":{"rendered":"<p>Pour vous familiariser avec le fonctionnement scolaire au sein de notre centre de services, nous avons cr\u00e9\u00e9 deux livres virtuels Bienvenue \u00e0 l&rsquo;\u00e9cole qu\u00e9b\u00e9coise, regroupant toute l\u2019information pertinente aussi pour le primaire que pour le secondaire.<\/p>\n","protected":false},"author":21,"featured_media":0,"parent":0,"menu_order":10,"comment_status":"closed","ping_status":"closed","template":"","meta":{"_acf_changed":false,"_crdt_document":"","inline_featured_image":false,"footnotes":""},"categories":[],"tags":[],"class_list":["post-13","page","type-page","status-publish","hentry"],"acf":[],"yoast_head":"<!-- This site is optimized with the Yoast SEO plugin v27.3 - https:\/\/yoast.com\/product\/yoast-seo-wordpress\/ -->\n<title>Livres virtuels - Immigration CSSDN<\/title>\n<meta name=\"robots\" content=\"index, follow, max-snippet:-1, max-image-preview:large, max-video-preview:-1\" \/>\n<link rel=\"canonical\" href=\"https:\/\/cssdn.gouv.qc.ca\/immigration\/livres-virtuels\/\" \/>\n<meta property=\"og:locale\" content=\"fr_CA\" \/>\n<meta property=\"og:type\" content=\"article\" \/>\n<meta property=\"og:title\" content=\"Livres virtuels - Immigration CSSDN\" \/>\n<meta property=\"og:description\" content=\"Pour vous familiariser avec le fonctionnement scolaire au sein de notre centre de services, nous avons cr\u00e9\u00e9 deux livres virtuels Bienvenue \u00e0 l&rsquo;\u00e9cole qu\u00e9b\u00e9coise, regroupant toute l\u2019information pertinente aussi pour le primaire que pour le secondaire.\" \/>\n<meta property=\"og:url\" content=\"https:\/\/cssdn.gouv.qc.ca\/immigration\/livres-virtuels\/\" \/>\n<meta property=\"og:site_name\" content=\"Immigration CSSDN\" \/>\n<meta property=\"article:publisher\" content=\"https:\/\/www.facebook.com\/CSSNavigateurs\/\" \/>\n<meta property=\"article:modified_time\" content=\"2024-11-13T21:12:45+00:00\" \/>\n<meta property=\"og:image\" content=\"https:\/\/cssdn.gouv.qc.ca\/immigration\/wp-content\/uploads\/sites\/86\/2024\/11\/centre-services-scolaire-navigateurs_bienvenue-ecole.jpg\" \/>\n\t<meta property=\"og:image:width\" content=\"1500\" \/>\n\t<meta property=\"og:image:height\" content=\"1000\" \/>\n\t<meta property=\"og:image:type\" content=\"image\/jpeg\" \/>\n<meta name=\"twitter:card\" content=\"summary_large_image\" \/>\n<meta name=\"twitter:label1\" content=\"Estimation du temps de lecture\" \/>\n\t<meta name=\"twitter:data1\" content=\"1 minute\" \/>\n<script type=\"application\/ld+json\" class=\"yoast-schema-graph\">{\"@context\":\"https:\\\/\\\/schema.org\",\"@graph\":[{\"@type\":\"WebPage\",\"@id\":\"https:\\\/\\\/cssdn.gouv.qc.ca\\\/immigration\\\/livres-virtuels\\\/\",\"url\":\"https:\\\/\\\/cssdn.gouv.qc.ca\\\/immigration\\\/livres-virtuels\\\/\",\"name\":\"Livres virtuels - Immigration CSSDN\",\"isPartOf\":{\"@id\":\"https:\\\/\\\/cssdn.gouv.qc.ca\\\/immigration\\\/#website\"},\"primaryImageOfPage\":{\"@id\":\"https:\\\/\\\/cssdn.gouv.qc.ca\\\/immigration\\\/livres-virtuels\\\/#primaryimage\"},\"image\":{\"@id\":\"https:\\\/\\\/cssdn.gouv.qc.ca\\\/immigration\\\/livres-virtuels\\\/#primaryimage\"},\"thumbnailUrl\":\"https:\\\/\\\/cssdn.gouv.qc.ca\\\/immigration\\\/wp-content\\\/uploads\\\/sites\\\/86\\\/2024\\\/11\\\/centre-services-scolaire-navigateurs_bienvenue-ecole.jpg\",\"datePublished\":\"2022-11-08T21:07:55+00:00\",\"dateModified\":\"2024-11-13T21:12:45+00:00\",\"breadcrumb\":{\"@id\":\"https:\\\/\\\/cssdn.gouv.qc.ca\\\/immigration\\\/livres-virtuels\\\/#breadcrumb\"},\"inLanguage\":\"fr-CA\",\"potentialAction\":[{\"@type\":\"ReadAction\",\"target\":[\"https:\\\/\\\/cssdn.gouv.qc.ca\\\/immigration\\\/livres-virtuels\\\/\"]}]},{\"@type\":\"ImageObject\",\"inLanguage\":\"fr-CA\",\"@id\":\"https:\\\/\\\/cssdn.gouv.qc.ca\\\/immigration\\\/livres-virtuels\\\/#primaryimage\",\"url\":\"https:\\\/\\\/cssdn.gouv.qc.ca\\\/immigration\\\/wp-content\\\/uploads\\\/sites\\\/86\\\/2024\\\/11\\\/centre-services-scolaire-navigateurs_bienvenue-ecole.jpg\",\"contentUrl\":\"https:\\\/\\\/cssdn.gouv.qc.ca\\\/immigration\\\/wp-content\\\/uploads\\\/sites\\\/86\\\/2024\\\/11\\\/centre-services-scolaire-navigateurs_bienvenue-ecole.jpg\",\"width\":1500,\"height\":1000,\"caption\":\"Centre de services scolaire des Navigateurs - Bienvenue \u00e0 l'\u00e9cole\"},{\"@type\":\"BreadcrumbList\",\"@id\":\"https:\\\/\\\/cssdn.gouv.qc.ca\\\/immigration\\\/livres-virtuels\\\/#breadcrumb\",\"itemListElement\":[{\"@type\":\"ListItem\",\"position\":1,\"name\":\"Accueil\",\"item\":\"https:\\\/\\\/cssdn.gouv.qc.ca\\\/immigration\\\/\"},{\"@type\":\"ListItem\",\"position\":2,\"name\":\"Livres virtuels\"}]},{\"@type\":\"WebSite\",\"@id\":\"https:\\\/\\\/cssdn.gouv.qc.ca\\\/immigration\\\/#website\",\"url\":\"https:\\\/\\\/cssdn.gouv.qc.ca\\\/immigration\\\/\",\"name\":\"Immigration CSSDN\",\"description\":\"\",\"potentialAction\":[{\"@type\":\"SearchAction\",\"target\":{\"@type\":\"EntryPoint\",\"urlTemplate\":\"https:\\\/\\\/cssdn.gouv.qc.ca\\\/immigration\\\/?s={search_term_string}\"},\"query-input\":{\"@type\":\"PropertyValueSpecification\",\"valueRequired\":true,\"valueName\":\"search_term_string\"}}],\"inLanguage\":\"fr-CA\"}]}<\/script>\n<!-- \/ Yoast SEO plugin. -->","yoast_head_json":{"title":"Livres virtuels - Immigration CSSDN","robots":{"index":"index","follow":"follow","max-snippet":"max-snippet:-1","max-image-preview":"max-image-preview:large","max-video-preview":"max-video-preview:-1"},"canonical":"https:\/\/cssdn.gouv.qc.ca\/immigration\/livres-virtuels\/","og_locale":"fr_CA","og_type":"article","og_title":"Livres virtuels - Immigration CSSDN","og_description":"Pour vous familiariser avec le fonctionnement scolaire au sein de notre centre de services, nous avons cr\u00e9\u00e9 deux livres virtuels Bienvenue \u00e0 l&rsquo;\u00e9cole qu\u00e9b\u00e9coise, regroupant toute l\u2019information pertinente aussi pour le primaire que pour le secondaire.","og_url":"https:\/\/cssdn.gouv.qc.ca\/immigration\/livres-virtuels\/","og_site_name":"Immigration CSSDN","article_publisher":"https:\/\/www.facebook.com\/CSSNavigateurs\/","article_modified_time":"2024-11-13T21:12:45+00:00","og_image":[{"width":1500,"height":1000,"url":"https:\/\/cssdn.gouv.qc.ca\/immigration\/wp-content\/uploads\/sites\/86\/2024\/11\/centre-services-scolaire-navigateurs_bienvenue-ecole.jpg","type":"image\/jpeg"}],"twitter_card":"summary_large_image","twitter_misc":{"Estimation du temps de lecture":"1 minute"},"schema":{"@context":"https:\/\/schema.org","@graph":[{"@type":"WebPage","@id":"https:\/\/cssdn.gouv.qc.ca\/immigration\/livres-virtuels\/","url":"https:\/\/cssdn.gouv.qc.ca\/immigration\/livres-virtuels\/","name":"Livres virtuels - Immigration CSSDN","isPartOf":{"@id":"https:\/\/cssdn.gouv.qc.ca\/immigration\/#website"},"primaryImageOfPage":{"@id":"https:\/\/cssdn.gouv.qc.ca\/immigration\/livres-virtuels\/#primaryimage"},"image":{"@id":"https:\/\/cssdn.gouv.qc.ca\/immigration\/livres-virtuels\/#primaryimage"},"thumbnailUrl":"https:\/\/cssdn.gouv.qc.ca\/immigration\/wp-content\/uploads\/sites\/86\/2024\/11\/centre-services-scolaire-navigateurs_bienvenue-ecole.jpg","datePublished":"2022-11-08T21:07:55+00:00","dateModified":"2024-11-13T21:12:45+00:00","breadcrumb":{"@id":"https:\/\/cssdn.gouv.qc.ca\/immigration\/livres-virtuels\/#breadcrumb"},"inLanguage":"fr-CA","potentialAction":[{"@type":"ReadAction","target":["https:\/\/cssdn.gouv.qc.ca\/immigration\/livres-virtuels\/"]}]},{"@type":"ImageObject","inLanguage":"fr-CA","@id":"https:\/\/cssdn.gouv.qc.ca\/immigration\/livres-virtuels\/#primaryimage","url":"https:\/\/cssdn.gouv.qc.ca\/immigration\/wp-content\/uploads\/sites\/86\/2024\/11\/centre-services-scolaire-navigateurs_bienvenue-ecole.jpg","contentUrl":"https:\/\/cssdn.gouv.qc.ca\/immigration\/wp-content\/uploads\/sites\/86\/2024\/11\/centre-services-scolaire-navigateurs_bienvenue-ecole.jpg","width":1500,"height":1000,"caption":"Centre de services scolaire des Navigateurs - Bienvenue \u00e0 l'\u00e9cole"},{"@type":"BreadcrumbList","@id":"https:\/\/cssdn.gouv.qc.ca\/immigration\/livres-virtuels\/#breadcrumb","itemListElement":[{"@type":"ListItem","position":1,"name":"Accueil","item":"https:\/\/cssdn.gouv.qc.ca\/immigration\/"},{"@type":"ListItem","position":2,"name":"Livres virtuels"}]},{"@type":"WebSite","@id":"https:\/\/cssdn.gouv.qc.ca\/immigration\/#website","url":"https:\/\/cssdn.gouv.qc.ca\/immigration\/","name":"Immigration CSSDN","description":"","potentialAction":[{"@type":"SearchAction","target":{"@type":"EntryPoint","urlTemplate":"https:\/\/cssdn.gouv.qc.ca\/immigration\/?s={search_term_string}"},"query-input":{"@type":"PropertyValueSpecification","valueRequired":true,"valueName":"search_term_string"}}],"inLanguage":"fr-CA"}]}},"publishpress_future_action":{"enabled":false,"date":"2026-04-13 11:32:51","action":"change-status","newStatus":"draft","terms":[],"taxonomy":"category","extraData":[]},"publishpress_future_workflow_manual_trigger":{"enabledWorkflows":[]},"_links":{"self":[{"href":"https:\/\/cssdn.gouv.qc.ca\/immigration\/wp-json\/wp\/v2\/pages\/13","targetHints":{"allow":["GET"]}}],"collection":[{"href":"https:\/\/cssdn.gouv.qc.ca\/immigration\/wp-json\/wp\/v2\/pages"}],"about":[{"href":"https:\/\/cssdn.gouv.qc.ca\/immigration\/wp-json\/wp\/v2\/types\/page"}],"author":[{"embeddable":true,"href":"https:\/\/cssdn.gouv.qc.ca\/immigration\/wp-json\/wp\/v2\/users\/21"}],"replies":[{"embeddable":true,"href":"https:\/\/cssdn.gouv.qc.ca\/immigration\/wp-json\/wp\/v2\/comments?post=13"}],"version-history":[{"count":0,"href":"https:\/\/cssdn.gouv.qc.ca\/immigration\/wp-json\/wp\/v2\/pages\/13\/revisions"}],"wp:attachment":[{"href":"https:\/\/cssdn.gouv.qc.ca\/immigration\/wp-json\/wp\/v2\/media?parent=13"}],"wp:term":[{"taxonomy":"category","embeddable":true,"href":"https:\/\/cssdn.gouv.qc.ca\/immigration\/wp-json\/wp\/v2\/categories?post=13"},{"taxonomy":"post_tag","embeddable":true,"href":"https:\/\/cssdn.gouv.qc.ca\/immigration\/wp-json\/wp\/v2\/tags?post=13"}],"curies":[{"name":"wp","href":"https:\/\/api.w.org\/{rel}","templated":true}]}}