
{"id":5,"date":"2022-11-08T16:07:53","date_gmt":"2022-11-08T21:07:53","guid":{"rendered":"https:\/\/cssdn.gouv.qc.ca\/immigration\/accueil\/"},"modified":"2025-08-15T11:31:38","modified_gmt":"2025-08-15T15:31:38","slug":"accueil","status":"publish","type":"page","link":"https:\/\/cssdn.gouv.qc.ca\/immigration\/","title":{"rendered":"Accueil"},"content":{"rendered":"\n<div class=\"wp-block-cover alignfull is-style-hero-home\" style=\"min-height:537px;aspect-ratio:unset;\"><img decoding=\"async\" width=\"1500\" height=\"1000\" class=\"wp-block-cover__image-background wp-image-159 lazyload\" alt=\"Centre de services scolaire des Navigateurs - Une famille\" data-src=\"https:\/\/cssdn.gouv.qc.ca\/immigration\/wp-content\/uploads\/sites\/86\/2024\/11\/centre-services-scolaire-navigateurs_famille01.jpg\" style=\"--smush-placeholder-width: 1500px; --smush-placeholder-aspect-ratio: 1500\/1000;object-position:49% 26%\" data-object-fit=\"cover\" data-object-position=\"49% 26%\" data-srcset=\"https:\/\/cssdn.gouv.qc.ca\/immigration\/wp-content\/uploads\/sites\/86\/2024\/11\/centre-services-scolaire-navigateurs_famille01.jpg 1500w, https:\/\/cssdn.gouv.qc.ca\/immigration\/wp-content\/uploads\/sites\/86\/2024\/11\/centre-services-scolaire-navigateurs_famille01-300x200.jpg 300w, https:\/\/cssdn.gouv.qc.ca\/immigration\/wp-content\/uploads\/sites\/86\/2024\/11\/centre-services-scolaire-navigateurs_famille01-1024x683.jpg 1024w, https:\/\/cssdn.gouv.qc.ca\/immigration\/wp-content\/uploads\/sites\/86\/2024\/11\/centre-services-scolaire-navigateurs_famille01-768x512.jpg 768w\" data-sizes=\"(max-width: 1500px) 100vw, 1500px\" src=\"data:image\/svg+xml;base64,PHN2ZyB3aWR0aD0iMSIgaGVpZ2h0PSIxIiB4bWxucz0iaHR0cDovL3d3dy53My5vcmcvMjAwMC9zdmciPjwvc3ZnPg==\" \/><span aria-hidden=\"true\" class=\"wp-block-cover__background has-white-background-color has-background-dim-30 has-background-dim\"><\/span><div class=\"wp-block-cover__inner-container\">\n<div class=\"wp-block-group alignwide\">\n<h1 class=\"wp-block-heading wp-block-post-title has-white-color has-text-color\">Bienvenue sur le territoire des Navigateurs!<\/h1>\n<\/div>\n<\/div><\/div>\n\n\n\n<div class=\"wp-block-group alignfull is-style-bg-waves\">\n<h2 class=\"wp-block-heading alignwide has-heading-1-font-size\">Actualit\u00e9s<\/h2>\n\n\n<div class=\" alignwide alignwide alignwide archive-listing\" id=\"testimonial-block_8beed0a5a3de63e180cce8df7071b50e\">\n                                                                    <ul class=\"archive-listing__list  archive-listing__group-\">\n                                <li class=\"archive-listing__item\">\n                     <div class=\"actualite-card\">    <div class=\"wp-block-post-image\">\n    \n    <\/div>\n    <div class=\"wp-block-post-content\">\n        <div class=\"wp-block-post-date\"><time datetime=\"2022-11-08T15:55:06-05:00\">8 novembre 2022<\/time><\/div>\n        <h2 class=\"wp-block-post-title\">Bonjour tout le monde\u00a0!<\/h2>\n\n        <div class=\"wp-block-post-excerpt\"><p class=\"wp-block-post-excerpt__excerpt\">Bienvenue \u00e0 CSSDN sites. Ceci est votre premier article. Modifiez ou supprimez-le, puis lancez-vous! <\/p><\/div>\n        <a aria-label=\"Bonjour tout le monde\u00a0!\" class=\"wp-block-read-more\" href=\"https:\/\/cssdn.gouv.qc.ca\/immigration\/2022\/11\/08\/bonjour-tout-le-monde\/\" target=\"_self\">En savoir plus<span class=\"screen-reader-text\">\u00a0: Bonjour tout le monde\u00a0!<\/span><\/a>\n    <\/div><\/div>                <\/li>\n                    <\/ul>\n        <\/div>\n\n\n\n<div class=\"is-content-justification-right wp-block-buttons alignwide\">\n<div class=\"wp-block-button\"><a class=\"wp-block-button__link wp-element-button\" href=\"https:\/\/cssdn.gouv.qc.ca\/immigration\/actualites\/\">Voir toutes les actualit\u00e9s<img decoding=\"async\" class=\"wp-image-243 lazyload\" style=\"width: 0px\" data-src=\"https:\/\/cssdn.gouv.qc.ca\/wp-content\/uploads\/2022\/09\/Arrow_Left_SM.svg\" alt=\"\" src=\"data:image\/svg+xml;base64,PHN2ZyB3aWR0aD0iMSIgaGVpZ2h0PSIxIiB4bWxucz0iaHR0cDovL3d3dy53My5vcmcvMjAwMC9zdmciPjwvc3ZnPg==\"><\/a><\/div>\n<\/div>\n<\/div>\n\n\n\n<div class=\"wp-block-group alignwide\">\n<h2 class=\"wp-block-heading alignwide has-gap-x-large-bottom has-heading-1-font-size\">Calendrier<\/h2>\n\n\n\n<div class=\"wp-block-columns alignwide has-gap-ultra-large-bottom\">\n<div class=\"wp-block-column\">\n<h3 class=\"wp-block-heading has-primary-color has-text-color\">\u00c0 surveiller<\/h3>\n\n\n<div class=\"align wp-block-acf-act-date-list\" id=\"testimonial-block_e8a4dc5e4bda160b2ac9fe73fe344de6\"><div class=\"wp-block-group\"><\/div><\/div><\/div>\n\n\n\n<div class=\"wp-block-column\">\n<div style=\"--layout--content-size: ;--layout--wide-size: ;\" class=\"wp-block-group calendar-container\"><div class=\"act-post-calendar\">\n\n<\/div>\n<script>\n    if (document.querySelectorAll('.act-post-calendar').length > 0) {\n        var actPostCalendarPopups = {\n             '2022-11-10': {\n                    modifier: 'bg-accent',\n                    html: '<a href=\"https:\/\/cssdn.gouv.qc.ca\/immigration\/evenements\/test\/\">test<\/a>'\n                },\n             '2022-11-19': {\n                    modifier: 'bg-accent',\n                    html: '<a href=\"https:\/\/cssdn.gouv.qc.ca\/immigration\/evenements\/test-2\/\">test 2<\/a>'\n                },\n             '2022-11-20': {\n                    modifier: 'bg-accent',\n                    html: '<a href=\"https:\/\/cssdn.gouv.qc.ca\/immigration\/evenements\/test-2\/\">test 2<\/a>'\n                },\n             '2022-11-23': {\n                    modifier: 'bg-accent',\n                    html: '<a href=\"https:\/\/cssdn.gouv.qc.ca\/immigration\/evenements\/test-3\/\">test 3<\/a>'\n                },\n                    }\n        var actPostCalendarMonths = [\n            'Janvier',\n            'F\u00e9vrier',\n            'Mars',\n            'Avril',\n            'Mai',\n            'Juin',\n            'Juillet',\n            'Ao\u00fbt',\n            'Septembre',\n            'Octobre',\n            'Novembre',\n            'D\u00e9cembre'\n        ]\n        var actPostCalendarWeekdays = ['D', 'L', 'M', 'M', 'J', 'V', 'S'];\n    }\n<\/script>\n\n\n<div class=\"wp-block-buttons\">\n<div class=\"wp-block-button\"><a class=\"wp-block-button__link wp-element-button\" href=\"https:\/\/cssdn.gouv.qc.ca\/immigration\/evenements\/\">Voir tous les \u00e9v\u00e9nements<img decoding=\"async\" class=\"wp-image-243 lazyload\" style=\"width: 0px\" data-src=\"https:\/\/cssdn.gouv.qc.ca\/wp-content\/uploads\/2022\/09\/Arrow_Left_SM.svg\" alt=\"\" src=\"data:image\/svg+xml;base64,PHN2ZyB3aWR0aD0iMSIgaGVpZ2h0PSIxIiB4bWxucz0iaHR0cDovL3d3dy53My5vcmcvMjAwMC9zdmciPjwvc3ZnPg==\"><\/a><\/div>\n<\/div>\n<\/div>\n<\/div>\n<\/div>\n<\/div>\n\n\n\n<div class=\"wp-block-media-text alignwide is-stacked-on-mobile is-style-image-to-side\"><figure class=\"wp-block-media-text__media\"><img decoding=\"async\" width=\"1024\" height=\"683\" data-src=\"https:\/\/cssdn.gouv.qc.ca\/immigration\/wp-content\/uploads\/sites\/86\/2024\/11\/centre-services-scolaire-navigateurs_famille03-1024x683.jpg\" alt=\"Centre de services scolaire des Navigateurs - Info francisation\" class=\"wp-image-167 size-full lazyload\" data-srcset=\"https:\/\/cssdn.gouv.qc.ca\/immigration\/wp-content\/uploads\/sites\/86\/2024\/11\/centre-services-scolaire-navigateurs_famille03-1024x683.jpg 1024w, https:\/\/cssdn.gouv.qc.ca\/immigration\/wp-content\/uploads\/sites\/86\/2024\/11\/centre-services-scolaire-navigateurs_famille03-300x200.jpg 300w, https:\/\/cssdn.gouv.qc.ca\/immigration\/wp-content\/uploads\/sites\/86\/2024\/11\/centre-services-scolaire-navigateurs_famille03-768x512.jpg 768w, https:\/\/cssdn.gouv.qc.ca\/immigration\/wp-content\/uploads\/sites\/86\/2024\/11\/centre-services-scolaire-navigateurs_famille03.jpg 1500w\" data-sizes=\"(max-width: 1024px) 100vw, 1024px\" src=\"data:image\/svg+xml;base64,PHN2ZyB3aWR0aD0iMSIgaGVpZ2h0PSIxIiB4bWxucz0iaHR0cDovL3d3dy53My5vcmcvMjAwMC9zdmciPjwvc3ZnPg==\" style=\"--smush-placeholder-width: 1024px; --smush-placeholder-aspect-ratio: 1024\/683;\" \/><\/figure><div class=\"wp-block-media-text__content\">\n<h2 class=\"wp-block-heading has-heading-1-font-size\">Info francisation<\/h2>\n\n\n\n<p class=\"wp-block-paragraph\">Consultez l&rsquo;info&nbsp;francisation pour conna\u00eetre nos derni\u00e8res nouveaut\u00e9s! Vous aurez \u00e9galement la possibilit\u00e9 de vous inscrire directement \u00e0 notre liste de diffusion.<\/p>\n\n\n\n<p class=\"wp-block-paragraph\">Bonne lecture!<\/p>\n\n\n\n<div class=\"wp-block-buttons\">\n<div class=\"wp-block-button\"><a class=\"wp-block-button__link wp-element-button\" href=\"https:\/\/cssdn.gouv.qc.ca\/immigration\/info-francisation\/\" target=\"_blank\" rel=\"noreferrer noopener\">Lire les derniers num\u00e9ros<img decoding=\"async\" class=\"wp-image-243 lazyload\" style=\"width: 0px\" data-src=\"https:\/\/cssdn.gouv.qc.ca\/wp-content\/uploads\/2022\/09\/Arrow_Left_SM.svg\" alt=\"\" src=\"data:image\/svg+xml;base64,PHN2ZyB3aWR0aD0iMSIgaGVpZ2h0PSIxIiB4bWxucz0iaHR0cDovL3d3dy53My5vcmcvMjAwMC9zdmciPjwvc3ZnPg==\"><\/a><\/div>\n<\/div>\n<\/div><\/div>\n\n\n\n<div class=\"wp-block-group alignfull is-style-bg-gradient\"><section class=\"act-galerie-slider align alignwide act-galerie\">\n    <ul id=\"act-galerie-slider_69e8242b37960\">\n                    <li class=\"act-galerie-slider__item\">\n                <img decoding=\"async\" width=\"1024\" height=\"575\" data-src=\"https:\/\/cssdn.gouv.qc.ca\/immigration\/wp-content\/uploads\/sites\/86\/2022\/11\/Rectangle-50-1-1024x575.jpg\" class=\"attachment-large size-large lazyload\" alt=\"\" data-srcset=\"https:\/\/cssdn.gouv.qc.ca\/immigration\/wp-content\/uploads\/sites\/86\/2022\/11\/Rectangle-50-1-1024x575.jpg 1024w, https:\/\/cssdn.gouv.qc.ca\/immigration\/wp-content\/uploads\/sites\/86\/2022\/11\/Rectangle-50-1-300x168.jpg 300w, https:\/\/cssdn.gouv.qc.ca\/immigration\/wp-content\/uploads\/sites\/86\/2022\/11\/Rectangle-50-1-768x431.jpg 768w, https:\/\/cssdn.gouv.qc.ca\/immigration\/wp-content\/uploads\/sites\/86\/2022\/11\/Rectangle-50-1.jpg 1281w\" data-sizes=\"(max-width: 1024px) 100vw, 1024px\" src=\"data:image\/svg+xml;base64,PHN2ZyB3aWR0aD0iMSIgaGVpZ2h0PSIxIiB4bWxucz0iaHR0cDovL3d3dy53My5vcmcvMjAwMC9zdmciPjwvc3ZnPg==\" style=\"--smush-placeholder-width: 1024px; --smush-placeholder-aspect-ratio: 1024\/575;\" \/>            <\/li>\n                    <li class=\"act-galerie-slider__item\">\n                <img decoding=\"async\" width=\"1024\" height=\"486\" data-src=\"https:\/\/cssdn.gouv.qc.ca\/immigration\/wp-content\/uploads\/sites\/86\/2022\/11\/Frame-26-1024x486.jpg\" class=\"attachment-large size-large lazyload\" alt=\"\" data-srcset=\"https:\/\/cssdn.gouv.qc.ca\/immigration\/wp-content\/uploads\/sites\/86\/2022\/11\/Frame-26-1024x486.jpg 1024w, https:\/\/cssdn.gouv.qc.ca\/immigration\/wp-content\/uploads\/sites\/86\/2022\/11\/Frame-26-300x142.jpg 300w, https:\/\/cssdn.gouv.qc.ca\/immigration\/wp-content\/uploads\/sites\/86\/2022\/11\/Frame-26-768x365.jpg 768w, https:\/\/cssdn.gouv.qc.ca\/immigration\/wp-content\/uploads\/sites\/86\/2022\/11\/Frame-26.jpg 1059w\" data-sizes=\"(max-width: 1024px) 100vw, 1024px\" src=\"data:image\/svg+xml;base64,PHN2ZyB3aWR0aD0iMSIgaGVpZ2h0PSIxIiB4bWxucz0iaHR0cDovL3d3dy53My5vcmcvMjAwMC9zdmciPjwvc3ZnPg==\" style=\"--smush-placeholder-width: 1024px; --smush-placeholder-aspect-ratio: 1024\/486;\" \/>            <\/li>\n            <\/ul>\n<\/section>\n\n<\/div>\n\n\n\n<p class=\"wp-block-paragraph\"><\/p>\n","protected":false},"excerpt":{"rendered":"<p>Actualit\u00e9s Calendrier \u00c0 surveiller<\/p>\n","protected":false},"author":1,"featured_media":0,"parent":0,"menu_order":10,"comment_status":"closed","ping_status":"closed","template":"","meta":{"_acf_changed":false,"_crdt_document":"","inline_featured_image":false,"footnotes":""},"categories":[],"tags":[],"class_list":["post-5","page","type-page","status-publish","hentry"],"acf":[],"yoast_head":"<!-- This site is optimized with the Yoast SEO plugin v27.4 - https:\/\/yoast.com\/product\/yoast-seo-wordpress\/ -->\n<title>Accueil - Immigration CSSDN<\/title>\n<meta name=\"robots\" content=\"index, follow, max-snippet:-1, max-image-preview:large, max-video-preview:-1\" \/>\n<link rel=\"canonical\" href=\"https:\/\/cssdn.gouv.qc.ca\/immigration\/\" \/>\n<meta property=\"og:locale\" content=\"fr_CA\" \/>\n<meta property=\"og:type\" content=\"article\" \/>\n<meta property=\"og:title\" content=\"Accueil - Immigration CSSDN\" \/>\n<meta property=\"og:description\" content=\"Actualit\u00e9s Calendrier \u00c0 surveiller\" \/>\n<meta property=\"og:url\" content=\"https:\/\/cssdn.gouv.qc.ca\/immigration\/\" \/>\n<meta property=\"og:site_name\" content=\"Immigration CSSDN\" \/>\n<meta property=\"article:publisher\" content=\"https:\/\/www.facebook.com\/CSSNavigateurs\/\" \/>\n<meta property=\"article:modified_time\" content=\"2025-08-15T15:31:38+00:00\" \/>\n<meta property=\"og:image\" content=\"https:\/\/cssdn.gouv.qc.ca\/immigration\/wp-content\/uploads\/sites\/86\/2024\/11\/centre-services-scolaire-navigateurs_famille01.jpg\" \/>\n\t<meta property=\"og:image:width\" content=\"1500\" \/>\n\t<meta property=\"og:image:height\" content=\"1000\" \/>\n\t<meta property=\"og:image:type\" content=\"image\/jpeg\" \/>\n<meta name=\"twitter:card\" content=\"summary_large_image\" \/>\n<meta name=\"twitter:label1\" content=\"Estimation du temps de lecture\" \/>\n\t<meta name=\"twitter:data1\" content=\"2 minutes\" \/>\n<script type=\"application\/ld+json\" class=\"yoast-schema-graph\">{\"@context\":\"https:\\\/\\\/schema.org\",\"@graph\":[{\"@type\":\"WebPage\",\"@id\":\"https:\\\/\\\/cssdn.gouv.qc.ca\\\/immigration\\\/\",\"url\":\"https:\\\/\\\/cssdn.gouv.qc.ca\\\/immigration\\\/\",\"name\":\"Accueil - Immigration CSSDN\",\"isPartOf\":{\"@id\":\"https:\\\/\\\/cssdn.gouv.qc.ca\\\/immigration\\\/#website\"},\"primaryImageOfPage\":{\"@id\":\"https:\\\/\\\/cssdn.gouv.qc.ca\\\/immigration\\\/#primaryimage\"},\"image\":{\"@id\":\"https:\\\/\\\/cssdn.gouv.qc.ca\\\/immigration\\\/#primaryimage\"},\"thumbnailUrl\":\"https:\\\/\\\/cssdn.gouv.qc.ca\\\/immigration\\\/wp-content\\\/uploads\\\/sites\\\/86\\\/2024\\\/11\\\/centre-services-scolaire-navigateurs_famille01.jpg\",\"datePublished\":\"2022-11-08T21:07:53+00:00\",\"dateModified\":\"2025-08-15T15:31:38+00:00\",\"breadcrumb\":{\"@id\":\"https:\\\/\\\/cssdn.gouv.qc.ca\\\/immigration\\\/#breadcrumb\"},\"inLanguage\":\"fr-CA\",\"potentialAction\":[{\"@type\":\"ReadAction\",\"target\":[\"https:\\\/\\\/cssdn.gouv.qc.ca\\\/immigration\\\/\"]}]},{\"@type\":\"ImageObject\",\"inLanguage\":\"fr-CA\",\"@id\":\"https:\\\/\\\/cssdn.gouv.qc.ca\\\/immigration\\\/#primaryimage\",\"url\":\"https:\\\/\\\/cssdn.gouv.qc.ca\\\/immigration\\\/wp-content\\\/uploads\\\/sites\\\/86\\\/2024\\\/11\\\/centre-services-scolaire-navigateurs_famille01.jpg\",\"contentUrl\":\"https:\\\/\\\/cssdn.gouv.qc.ca\\\/immigration\\\/wp-content\\\/uploads\\\/sites\\\/86\\\/2024\\\/11\\\/centre-services-scolaire-navigateurs_famille01.jpg\",\"width\":1500,\"height\":1000,\"caption\":\"Centre de services scolaire des Navigateurs - Une famille\"},{\"@type\":\"BreadcrumbList\",\"@id\":\"https:\\\/\\\/cssdn.gouv.qc.ca\\\/immigration\\\/#breadcrumb\",\"itemListElement\":[{\"@type\":\"ListItem\",\"position\":1,\"name\":\"Accueil\",\"item\":\"https:\\\/\\\/cssdn.gouv.qc.ca\\\/immigration\\\/\"},{\"@type\":\"ListItem\",\"position\":2,\"name\":\"Accueil\"}]},{\"@type\":\"WebSite\",\"@id\":\"https:\\\/\\\/cssdn.gouv.qc.ca\\\/immigration\\\/#website\",\"url\":\"https:\\\/\\\/cssdn.gouv.qc.ca\\\/immigration\\\/\",\"name\":\"Immigration CSSDN\",\"description\":\"\",\"potentialAction\":[{\"@type\":\"SearchAction\",\"target\":{\"@type\":\"EntryPoint\",\"urlTemplate\":\"https:\\\/\\\/cssdn.gouv.qc.ca\\\/immigration\\\/?s={search_term_string}\"},\"query-input\":{\"@type\":\"PropertyValueSpecification\",\"valueRequired\":true,\"valueName\":\"search_term_string\"}}],\"inLanguage\":\"fr-CA\"}]}<\/script>\n<!-- \/ Yoast SEO plugin. -->","yoast_head_json":{"title":"Accueil - Immigration CSSDN","robots":{"index":"index","follow":"follow","max-snippet":"max-snippet:-1","max-image-preview":"max-image-preview:large","max-video-preview":"max-video-preview:-1"},"canonical":"https:\/\/cssdn.gouv.qc.ca\/immigration\/","og_locale":"fr_CA","og_type":"article","og_title":"Accueil - Immigration CSSDN","og_description":"Actualit\u00e9s Calendrier \u00c0 surveiller","og_url":"https:\/\/cssdn.gouv.qc.ca\/immigration\/","og_site_name":"Immigration CSSDN","article_publisher":"https:\/\/www.facebook.com\/CSSNavigateurs\/","article_modified_time":"2025-08-15T15:31:38+00:00","og_image":[{"width":1500,"height":1000,"url":"https:\/\/cssdn.gouv.qc.ca\/immigration\/wp-content\/uploads\/sites\/86\/2024\/11\/centre-services-scolaire-navigateurs_famille01.jpg","type":"image\/jpeg"}],"twitter_card":"summary_large_image","twitter_misc":{"Estimation du temps de lecture":"2 minutes"},"schema":{"@context":"https:\/\/schema.org","@graph":[{"@type":"WebPage","@id":"https:\/\/cssdn.gouv.qc.ca\/immigration\/","url":"https:\/\/cssdn.gouv.qc.ca\/immigration\/","name":"Accueil - Immigration CSSDN","isPartOf":{"@id":"https:\/\/cssdn.gouv.qc.ca\/immigration\/#website"},"primaryImageOfPage":{"@id":"https:\/\/cssdn.gouv.qc.ca\/immigration\/#primaryimage"},"image":{"@id":"https:\/\/cssdn.gouv.qc.ca\/immigration\/#primaryimage"},"thumbnailUrl":"https:\/\/cssdn.gouv.qc.ca\/immigration\/wp-content\/uploads\/sites\/86\/2024\/11\/centre-services-scolaire-navigateurs_famille01.jpg","datePublished":"2022-11-08T21:07:53+00:00","dateModified":"2025-08-15T15:31:38+00:00","breadcrumb":{"@id":"https:\/\/cssdn.gouv.qc.ca\/immigration\/#breadcrumb"},"inLanguage":"fr-CA","potentialAction":[{"@type":"ReadAction","target":["https:\/\/cssdn.gouv.qc.ca\/immigration\/"]}]},{"@type":"ImageObject","inLanguage":"fr-CA","@id":"https:\/\/cssdn.gouv.qc.ca\/immigration\/#primaryimage","url":"https:\/\/cssdn.gouv.qc.ca\/immigration\/wp-content\/uploads\/sites\/86\/2024\/11\/centre-services-scolaire-navigateurs_famille01.jpg","contentUrl":"https:\/\/cssdn.gouv.qc.ca\/immigration\/wp-content\/uploads\/sites\/86\/2024\/11\/centre-services-scolaire-navigateurs_famille01.jpg","width":1500,"height":1000,"caption":"Centre de services scolaire des Navigateurs - Une famille"},{"@type":"BreadcrumbList","@id":"https:\/\/cssdn.gouv.qc.ca\/immigration\/#breadcrumb","itemListElement":[{"@type":"ListItem","position":1,"name":"Accueil","item":"https:\/\/cssdn.gouv.qc.ca\/immigration\/"},{"@type":"ListItem","position":2,"name":"Accueil"}]},{"@type":"WebSite","@id":"https:\/\/cssdn.gouv.qc.ca\/immigration\/#website","url":"https:\/\/cssdn.gouv.qc.ca\/immigration\/","name":"Immigration CSSDN","description":"","potentialAction":[{"@type":"SearchAction","target":{"@type":"EntryPoint","urlTemplate":"https:\/\/cssdn.gouv.qc.ca\/immigration\/?s={search_term_string}"},"query-input":{"@type":"PropertyValueSpecification","valueRequired":true,"valueName":"search_term_string"}}],"inLanguage":"fr-CA"}]}},"publishpress_future_action":{"enabled":false,"date":"2026-04-28 21:28:11","action":"change-status","newStatus":"draft","terms":[],"taxonomy":"category","extraData":[]},"publishpress_future_workflow_manual_trigger":{"enabledWorkflows":[]},"_links":{"self":[{"href":"https:\/\/cssdn.gouv.qc.ca\/immigration\/wp-json\/wp\/v2\/pages\/5","targetHints":{"allow":["GET"]}}],"collection":[{"href":"https:\/\/cssdn.gouv.qc.ca\/immigration\/wp-json\/wp\/v2\/pages"}],"about":[{"href":"https:\/\/cssdn.gouv.qc.ca\/immigration\/wp-json\/wp\/v2\/types\/page"}],"author":[{"embeddable":true,"href":"https:\/\/cssdn.gouv.qc.ca\/immigration\/wp-json\/wp\/v2\/users\/1"}],"replies":[{"embeddable":true,"href":"https:\/\/cssdn.gouv.qc.ca\/immigration\/wp-json\/wp\/v2\/comments?post=5"}],"version-history":[{"count":0,"href":"https:\/\/cssdn.gouv.qc.ca\/immigration\/wp-json\/wp\/v2\/pages\/5\/revisions"}],"wp:attachment":[{"href":"https:\/\/cssdn.gouv.qc.ca\/immigration\/wp-json\/wp\/v2\/media?parent=5"}],"wp:term":[{"taxonomy":"category","embeddable":true,"href":"https:\/\/cssdn.gouv.qc.ca\/immigration\/wp-json\/wp\/v2\/categories?post=5"},{"taxonomy":"post_tag","embeddable":true,"href":"https:\/\/cssdn.gouv.qc.ca\/immigration\/wp-json\/wp\/v2\/tags?post=5"}],"curies":[{"name":"wp","href":"https:\/\/api.w.org\/{rel}","templated":true}]}}