
{"id":12,"date":"2022-11-08T16:07:55","date_gmt":"2022-11-08T21:07:55","guid":{"rendered":"https:\/\/cssdn.gouv.qc.ca\/lamennais\/projet-educatif\/"},"modified":"2025-11-13T11:41:13","modified_gmt":"2025-11-13T16:41:13","slug":"projet-educatif","status":"publish","type":"page","link":"https:\/\/cssdn.gouv.qc.ca\/lamennais\/a-propos\/projet-educatif\/","title":{"rendered":"Documentation officielle"},"content":{"rendered":"\n<div class=\"wp-block-cover alignfull is-light is-style-title-banner\"><img decoding=\"async\" class=\"wp-block-cover__image-background wp-image-111 lazyload\" alt=\"\" data-src=\"https:\/\/stage.cssdn.gouv.qc.ca\/wp-content\/uploads\/2022\/08\/Seawire-Hero-06.jpg\" data-object-fit=\"cover\" src=\"data:image\/svg+xml;base64,PHN2ZyB3aWR0aD0iMSIgaGVpZ2h0PSIxIiB4bWxucz0iaHR0cDovL3d3dy53My5vcmcvMjAwMC9zdmciPjwvc3ZnPg==\" \/><span aria-hidden=\"true\" class=\"wp-block-cover__background has-primary-background-color has-background-dim\"><\/span><div class=\"wp-block-cover__inner-container\"><h3 class=\"wp-block-post-title\">Documentation officielle<\/h3><\/div><\/div>\n\n\n\n<div class=\"wp-block-group alignfull has-padding-y-large has-secondary-background-color has-background\"><div class=\"yoast-breadcrumbs alignwide \"><span class=\"breadcrumbs\"><a href=\"https:\/\/cssdn.gouv.qc.ca\/lamennais\/\" class=\"breadcrumbs__element\">Accueil<\/a> <span class=\"breadcrumbs__separator\">\n        <svg class=\"icon icon-breadcrumb__separator\"><use xlink:href=\"#icon-breadcrumb__separator\"><\/use><\/svg>\n    <\/span> <a href=\"https:\/\/cssdn.gouv.qc.ca\/lamennais\/a-propos\/\" class=\"breadcrumbs__element\">\u00c0 propos<\/a> <span class=\"breadcrumbs__separator\">\n        <svg class=\"icon icon-breadcrumb__separator\"><use xlink:href=\"#icon-breadcrumb__separator\"><\/use><\/svg>\n    <\/span> <span class=\"breadcrumbs__element breadcrumbs__element-current\">Documentation officielle<\/span><\/span><\/div><\/div>\n\n\n\n<h2 class=\"wp-block-heading\">Projet \u00e9ducatif 2023-2027<\/h2>\n\n\n\n<div class=\"wp-block-file\"><a id=\"wp-block-file--media-2129334d-2978-4d41-b3ac-e530af9a974b\" href=\"https:\/\/cssdn.gouv.qc.ca\/lamennais\/wp-content\/uploads\/sites\/46\/2025\/01\/Projet-educatif-2023-2027-Mennais-1.pdf\">Projet \u00e9ducatif 2023-2027 <\/a><a href=\"https:\/\/cssdn.gouv.qc.ca\/lamennais\/wp-content\/uploads\/sites\/46\/2025\/01\/Projet-educatif-2023-2027-Mennais-1.pdf\" class=\"wp-block-file__button wp-element-button\" download aria-describedby=\"wp-block-file--media-2129334d-2978-4d41-b3ac-e530af9a974b\">T\u00e9l\u00e9charger<\/a><\/div>\n\n\n\n<h2 class=\"wp-block-heading\">Rapport annuel de gestion du conseil d&rsquo;\u00e9tablissement<\/h2>\n\n\n\n<div class=\"wp-block-file\"><a id=\"wp-block-file--media-16312a25-8928-4024-bbc3-6bac736218ae\" href=\"https:\/\/cssdn.gouv.qc.ca\/lamennais\/wp-content\/uploads\/sites\/46\/2025\/06\/Mennais-MEQ_Rapport-annuel-CE-2024-2025-2.pdf\">Rapport annuel 2024-2025 <\/a><a href=\"https:\/\/cssdn.gouv.qc.ca\/lamennais\/wp-content\/uploads\/sites\/46\/2025\/06\/Mennais-MEQ_Rapport-annuel-CE-2024-2025-2.pdf\" class=\"wp-block-file__button wp-element-button\" download aria-describedby=\"wp-block-file--media-16312a25-8928-4024-bbc3-6bac736218ae\">T\u00e9l\u00e9charger<\/a><\/div>\n\n\n\n<h2 class=\"wp-block-heading\">Reddition de compte du projet \u00e9ducatif<\/h2>\n\n\n\n<div class=\"wp-block-file\"><a id=\"wp-block-file--media-1dde5cf2-54cc-4d23-9239-9a9816a7a4e3\" href=\"https:\/\/cssdn.gouv.qc.ca\/lamennais\/wp-content\/uploads\/sites\/46\/2025\/10\/RCPE_Primaire_2024-2025-Mennais-1.pdf\">RCP\u00c9 2024-2025<\/a><a href=\"https:\/\/cssdn.gouv.qc.ca\/lamennais\/wp-content\/uploads\/sites\/46\/2025\/10\/RCPE_Primaire_2024-2025-Mennais-1.pdf\" class=\"wp-block-file__button wp-element-button\" download aria-describedby=\"wp-block-file--media-1dde5cf2-54cc-4d23-9239-9a9816a7a4e3\">Download<\/a><\/div>\n\n\n\n<h2 class=\"wp-block-heading\">Plan de lutte contre la violence<\/h2>\n\n\n\n<div class=\"wp-block-file\"><a id=\"wp-block-file--media-318e002a-7809-4591-a7b0-4bc4224240d8\" href=\"https:\/\/cssdn.gouv.qc.ca\/lamennais\/wp-content\/uploads\/sites\/46\/2025\/06\/Plan-de-lutte-contre-lintimidation-et-la-violence_Mennais_2025-2026.pdf\">Plan de lutte contre l&rsquo;intimidation et la violence 2025-2026<\/a><a href=\"https:\/\/cssdn.gouv.qc.ca\/lamennais\/wp-content\/uploads\/sites\/46\/2025\/06\/Plan-de-lutte-contre-lintimidation-et-la-violence_Mennais_2025-2026.pdf\" class=\"wp-block-file__button wp-element-button\" download aria-describedby=\"wp-block-file--media-318e002a-7809-4591-a7b0-4bc4224240d8\">T\u00e9l\u00e9charger<\/a><\/div>\n\n\n\n<div class=\"wp-block-file\"><a id=\"wp-block-file--media-5f00eaf8-b856-4811-ab90-6b02f9470d75\" href=\"https:\/\/cssdn.gouv.qc.ca\/lamennais\/wp-content\/uploads\/sites\/46\/2025\/09\/Document-explicatif-Plan-daction-Mennais-2025-2026.pdf\">Document explicatif Plan d&rsquo;action Mennais 2025-2026<\/a><a href=\"https:\/\/cssdn.gouv.qc.ca\/lamennais\/wp-content\/uploads\/sites\/46\/2025\/09\/Document-explicatif-Plan-daction-Mennais-2025-2026.pdf\" class=\"wp-block-file__button wp-element-button\" download aria-describedby=\"wp-block-file--media-5f00eaf8-b856-4811-ab90-6b02f9470d75\">Download<\/a><\/div>\n\n\n\n<div class=\"wp-block-group\">\n<h2 class=\"wp-block-heading\">R\u00e8gles de vie<\/h2>\n\n\n\n<div class=\"wp-block-file\"><a id=\"wp-block-file--media-5e511198-63c7-4c9f-9886-aa159360b992\" href=\"https:\/\/cssdn.gouv.qc.ca\/lamennais\/wp-content\/uploads\/sites\/46\/2025\/09\/Agenda-complet-tous-niveaux.pdf\">Agenda complet tous niveaux<\/a><a href=\"https:\/\/cssdn.gouv.qc.ca\/lamennais\/wp-content\/uploads\/sites\/46\/2025\/09\/Agenda-complet-tous-niveaux.pdf\" class=\"wp-block-file__button wp-element-button\" download aria-describedby=\"wp-block-file--media-5e511198-63c7-4c9f-9886-aa159360b992\">Download<\/a><\/div>\n\n\n\n<h2 class=\"wp-block-heading\">Normes et modalit\u00e9s <\/h2>\n\n\n\n<div class=\"wp-block-file\"><a id=\"wp-block-file--media-3a57d5ff-5a44-4aab-9b57-5788fbec725e\" href=\"https:\/\/cssdn.gouv.qc.ca\/lamennais\/wp-content\/uploads\/sites\/46\/2025\/10\/Normes-et-modalites-25-26-Prescolaire-1-1.pdf\">Normes et modalit\u00e9s 2025-2026 Pr\u00e9scolaire <\/a><a href=\"https:\/\/cssdn.gouv.qc.ca\/lamennais\/wp-content\/uploads\/sites\/46\/2025\/10\/Normes-et-modalites-25-26-Prescolaire-1-1.pdf\" class=\"wp-block-file__button wp-element-button\" download aria-describedby=\"wp-block-file--media-3a57d5ff-5a44-4aab-9b57-5788fbec725e\">Download<\/a><\/div>\n\n\n\n<div class=\"wp-block-file\"><a id=\"wp-block-file--media-0e5288a0-cf0d-4af1-8713-e0105c013792\" href=\"https:\/\/cssdn.gouv.qc.ca\/lamennais\/wp-content\/uploads\/sites\/46\/2025\/10\/Normes-et-modalites-25-26-1er-cycle-2-1.pdf\">Normes et modalit\u00e9s 2025-2026 1er cycle <\/a><a href=\"https:\/\/cssdn.gouv.qc.ca\/lamennais\/wp-content\/uploads\/sites\/46\/2025\/10\/Normes-et-modalites-25-26-1er-cycle-2-1.pdf\" class=\"wp-block-file__button wp-element-button\" download aria-describedby=\"wp-block-file--media-0e5288a0-cf0d-4af1-8713-e0105c013792\">Download<\/a><\/div>\n\n\n\n<div class=\"wp-block-file\"><a id=\"wp-block-file--media-cb5b755f-c7c3-46fb-993e-04fc7b5c7c8a\" href=\"https:\/\/cssdn.gouv.qc.ca\/lamennais\/wp-content\/uploads\/sites\/46\/2025\/10\/Normes-et-modalites-25-26-2e-cycle-2-1.pdf\">Normes et modalit\u00e9s 2025-2026 2e cycle <\/a><a href=\"https:\/\/cssdn.gouv.qc.ca\/lamennais\/wp-content\/uploads\/sites\/46\/2025\/10\/Normes-et-modalites-25-26-2e-cycle-2-1.pdf\" class=\"wp-block-file__button wp-element-button\" download aria-describedby=\"wp-block-file--media-cb5b755f-c7c3-46fb-993e-04fc7b5c7c8a\">Download<\/a><\/div>\n\n\n\n<div class=\"wp-block-file\"><a id=\"wp-block-file--media-e2adea5d-64f5-4fc8-942d-70dc36575843\" href=\"https:\/\/cssdn.gouv.qc.ca\/lamennais\/wp-content\/uploads\/sites\/46\/2025\/10\/Normes-et-modalites-24-25-3e-cycle-1.pdf\">Normes et modalit\u00e9s 2025-2026 3e cycle<\/a><a href=\"https:\/\/cssdn.gouv.qc.ca\/lamennais\/wp-content\/uploads\/sites\/46\/2025\/10\/Normes-et-modalites-24-25-3e-cycle-1.pdf\" class=\"wp-block-file__button wp-element-button\" download aria-describedby=\"wp-block-file--media-e2adea5d-64f5-4fc8-942d-70dc36575843\">Download<\/a><\/div>\n<\/div>\n","protected":false},"excerpt":{"rendered":"<p>Projet \u00e9ducatif 2023-2027 Rapport annuel de gestion du conseil d&rsquo;\u00e9tablissement Reddition de compte du projet \u00e9ducatif Plan de lutte contre la violence R\u00e8gles de vie Normes et modalit\u00e9s<\/p>\n","protected":false},"author":1,"featured_media":0,"parent":6,"menu_order":20,"comment_status":"closed","ping_status":"closed","template":"","meta":{"_acf_changed":false,"_crdt_document":"","inline_featured_image":false,"footnotes":""},"categories":[],"tags":[],"class_list":["post-12","page","type-page","status-publish","hentry"],"acf":[],"yoast_head":"<!-- This site is optimized with the Yoast SEO plugin v27.3 - https:\/\/yoast.com\/product\/yoast-seo-wordpress\/ -->\n<title>Documentation officielle - \u00c9cole La Mennais<\/title>\n<meta name=\"robots\" content=\"index, follow, max-snippet:-1, max-image-preview:large, max-video-preview:-1\" \/>\n<link rel=\"canonical\" href=\"https:\/\/cssdn.gouv.qc.ca\/lamennais\/a-propos\/projet-educatif\/\" \/>\n<meta property=\"og:locale\" content=\"fr_CA\" \/>\n<meta property=\"og:type\" content=\"article\" \/>\n<meta property=\"og:title\" content=\"Documentation officielle - \u00c9cole La Mennais\" \/>\n<meta property=\"og:description\" content=\"Projet \u00e9ducatif 2023-2027 Rapport annuel de gestion du conseil d&rsquo;\u00e9tablissement Reddition de compte du projet \u00e9ducatif Plan de lutte contre la violence R\u00e8gles de vie Normes et modalit\u00e9s\" \/>\n<meta property=\"og:url\" content=\"https:\/\/cssdn.gouv.qc.ca\/lamennais\/a-propos\/projet-educatif\/\" \/>\n<meta property=\"og:site_name\" content=\"\u00c9cole La Mennais\" \/>\n<meta property=\"article:publisher\" content=\"https:\/\/www.facebook.com\/Ecolelamennais\" \/>\n<meta property=\"article:modified_time\" content=\"2025-11-13T16:41:13+00:00\" \/>\n<meta property=\"og:image\" content=\"https:\/\/cssdn.gouv.qc.ca\/lamennais\/wp-content\/uploads\/sites\/46\/2022\/12\/LaMennais2coul-1.jpg\" \/>\n\t<meta property=\"og:image:width\" content=\"1510\" \/>\n\t<meta property=\"og:image:height\" content=\"1369\" \/>\n\t<meta property=\"og:image:type\" content=\"image\/jpeg\" \/>\n<meta name=\"twitter:card\" content=\"summary_large_image\" \/>\n<meta name=\"twitter:label1\" content=\"Estimation du temps de lecture\" \/>\n\t<meta name=\"twitter:data1\" content=\"1 minute\" \/>\n<script type=\"application\/ld+json\" class=\"yoast-schema-graph\">{\"@context\":\"https:\\\/\\\/schema.org\",\"@graph\":[{\"@type\":\"WebPage\",\"@id\":\"https:\\\/\\\/cssdn.gouv.qc.ca\\\/lamennais\\\/a-propos\\\/projet-educatif\\\/\",\"url\":\"https:\\\/\\\/cssdn.gouv.qc.ca\\\/lamennais\\\/a-propos\\\/projet-educatif\\\/\",\"name\":\"Documentation officielle - \u00c9cole La Mennais\",\"isPartOf\":{\"@id\":\"https:\\\/\\\/cssdn.gouv.qc.ca\\\/lamennais\\\/#website\"},\"primaryImageOfPage\":{\"@id\":\"https:\\\/\\\/cssdn.gouv.qc.ca\\\/lamennais\\\/a-propos\\\/projet-educatif\\\/#primaryimage\"},\"image\":{\"@id\":\"https:\\\/\\\/cssdn.gouv.qc.ca\\\/lamennais\\\/a-propos\\\/projet-educatif\\\/#primaryimage\"},\"thumbnailUrl\":\"https:\\\/\\\/stage.cssdn.gouv.qc.ca\\\/wp-content\\\/uploads\\\/2022\\\/08\\\/Seawire-Hero-06.jpg\",\"datePublished\":\"2022-11-08T21:07:55+00:00\",\"dateModified\":\"2025-11-13T16:41:13+00:00\",\"breadcrumb\":{\"@id\":\"https:\\\/\\\/cssdn.gouv.qc.ca\\\/lamennais\\\/a-propos\\\/projet-educatif\\\/#breadcrumb\"},\"inLanguage\":\"fr-CA\",\"potentialAction\":[{\"@type\":\"ReadAction\",\"target\":[\"https:\\\/\\\/cssdn.gouv.qc.ca\\\/lamennais\\\/a-propos\\\/projet-educatif\\\/\"]}]},{\"@type\":\"ImageObject\",\"inLanguage\":\"fr-CA\",\"@id\":\"https:\\\/\\\/cssdn.gouv.qc.ca\\\/lamennais\\\/a-propos\\\/projet-educatif\\\/#primaryimage\",\"url\":\"https:\\\/\\\/stage.cssdn.gouv.qc.ca\\\/wp-content\\\/uploads\\\/2022\\\/08\\\/Seawire-Hero-06.jpg\",\"contentUrl\":\"https:\\\/\\\/stage.cssdn.gouv.qc.ca\\\/wp-content\\\/uploads\\\/2022\\\/08\\\/Seawire-Hero-06.jpg\"},{\"@type\":\"BreadcrumbList\",\"@id\":\"https:\\\/\\\/cssdn.gouv.qc.ca\\\/lamennais\\\/a-propos\\\/projet-educatif\\\/#breadcrumb\",\"itemListElement\":[{\"@type\":\"ListItem\",\"position\":1,\"name\":\"Accueil\",\"item\":\"https:\\\/\\\/cssdn.gouv.qc.ca\\\/lamennais\\\/\"},{\"@type\":\"ListItem\",\"position\":2,\"name\":\"\u00c0 propos\",\"item\":\"https:\\\/\\\/cssdn.gouv.qc.ca\\\/lamennais\\\/a-propos\\\/\"},{\"@type\":\"ListItem\",\"position\":3,\"name\":\"Documentation officielle\"}]},{\"@type\":\"WebSite\",\"@id\":\"https:\\\/\\\/cssdn.gouv.qc.ca\\\/lamennais\\\/#website\",\"url\":\"https:\\\/\\\/cssdn.gouv.qc.ca\\\/lamennais\\\/\",\"name\":\"\u00c9cole La Mennais\",\"description\":\"Un site des centres de services scolaires des Navigateurs\",\"publisher\":{\"@id\":\"https:\\\/\\\/cssdn.gouv.qc.ca\\\/lamennais\\\/#organization\"},\"potentialAction\":[{\"@type\":\"SearchAction\",\"target\":{\"@type\":\"EntryPoint\",\"urlTemplate\":\"https:\\\/\\\/cssdn.gouv.qc.ca\\\/lamennais\\\/?s={search_term_string}\"},\"query-input\":{\"@type\":\"PropertyValueSpecification\",\"valueRequired\":true,\"valueName\":\"search_term_string\"}}],\"inLanguage\":\"fr-CA\"},{\"@type\":\"Organization\",\"@id\":\"https:\\\/\\\/cssdn.gouv.qc.ca\\\/lamennais\\\/#organization\",\"name\":\"\u00c9cole La Mennais\",\"url\":\"https:\\\/\\\/cssdn.gouv.qc.ca\\\/lamennais\\\/\",\"logo\":{\"@type\":\"ImageObject\",\"inLanguage\":\"fr-CA\",\"@id\":\"https:\\\/\\\/cssdn.gouv.qc.ca\\\/lamennais\\\/#\\\/schema\\\/logo\\\/image\\\/\",\"url\":\"https:\\\/\\\/cssdn.gouv.qc.ca\\\/lamennais\\\/wp-content\\\/uploads\\\/sites\\\/46\\\/2023\\\/01\\\/logo_quebec.svg\",\"contentUrl\":\"https:\\\/\\\/cssdn.gouv.qc.ca\\\/lamennais\\\/wp-content\\\/uploads\\\/sites\\\/46\\\/2023\\\/01\\\/logo_quebec.svg\",\"width\":188,\"height\":41,\"caption\":\"\u00c9cole La Mennais\"},\"image\":{\"@id\":\"https:\\\/\\\/cssdn.gouv.qc.ca\\\/lamennais\\\/#\\\/schema\\\/logo\\\/image\\\/\"},\"sameAs\":[\"https:\\\/\\\/www.facebook.com\\\/Ecolelamennais\"]}]}<\/script>\n<!-- \/ Yoast SEO plugin. -->","yoast_head_json":{"title":"Documentation officielle - \u00c9cole La Mennais","robots":{"index":"index","follow":"follow","max-snippet":"max-snippet:-1","max-image-preview":"max-image-preview:large","max-video-preview":"max-video-preview:-1"},"canonical":"https:\/\/cssdn.gouv.qc.ca\/lamennais\/a-propos\/projet-educatif\/","og_locale":"fr_CA","og_type":"article","og_title":"Documentation officielle - \u00c9cole La Mennais","og_description":"Projet \u00e9ducatif 2023-2027 Rapport annuel de gestion du conseil d&rsquo;\u00e9tablissement Reddition de compte du projet \u00e9ducatif Plan de lutte contre la violence R\u00e8gles de vie Normes et modalit\u00e9s","og_url":"https:\/\/cssdn.gouv.qc.ca\/lamennais\/a-propos\/projet-educatif\/","og_site_name":"\u00c9cole La Mennais","article_publisher":"https:\/\/www.facebook.com\/Ecolelamennais","article_modified_time":"2025-11-13T16:41:13+00:00","og_image":[{"width":1510,"height":1369,"url":"https:\/\/cssdn.gouv.qc.ca\/lamennais\/wp-content\/uploads\/sites\/46\/2022\/12\/LaMennais2coul-1.jpg","type":"image\/jpeg"}],"twitter_card":"summary_large_image","twitter_misc":{"Estimation du temps de lecture":"1 minute"},"schema":{"@context":"https:\/\/schema.org","@graph":[{"@type":"WebPage","@id":"https:\/\/cssdn.gouv.qc.ca\/lamennais\/a-propos\/projet-educatif\/","url":"https:\/\/cssdn.gouv.qc.ca\/lamennais\/a-propos\/projet-educatif\/","name":"Documentation officielle - \u00c9cole La Mennais","isPartOf":{"@id":"https:\/\/cssdn.gouv.qc.ca\/lamennais\/#website"},"primaryImageOfPage":{"@id":"https:\/\/cssdn.gouv.qc.ca\/lamennais\/a-propos\/projet-educatif\/#primaryimage"},"image":{"@id":"https:\/\/cssdn.gouv.qc.ca\/lamennais\/a-propos\/projet-educatif\/#primaryimage"},"thumbnailUrl":"https:\/\/stage.cssdn.gouv.qc.ca\/wp-content\/uploads\/2022\/08\/Seawire-Hero-06.jpg","datePublished":"2022-11-08T21:07:55+00:00","dateModified":"2025-11-13T16:41:13+00:00","breadcrumb":{"@id":"https:\/\/cssdn.gouv.qc.ca\/lamennais\/a-propos\/projet-educatif\/#breadcrumb"},"inLanguage":"fr-CA","potentialAction":[{"@type":"ReadAction","target":["https:\/\/cssdn.gouv.qc.ca\/lamennais\/a-propos\/projet-educatif\/"]}]},{"@type":"ImageObject","inLanguage":"fr-CA","@id":"https:\/\/cssdn.gouv.qc.ca\/lamennais\/a-propos\/projet-educatif\/#primaryimage","url":"https:\/\/stage.cssdn.gouv.qc.ca\/wp-content\/uploads\/2022\/08\/Seawire-Hero-06.jpg","contentUrl":"https:\/\/stage.cssdn.gouv.qc.ca\/wp-content\/uploads\/2022\/08\/Seawire-Hero-06.jpg"},{"@type":"BreadcrumbList","@id":"https:\/\/cssdn.gouv.qc.ca\/lamennais\/a-propos\/projet-educatif\/#breadcrumb","itemListElement":[{"@type":"ListItem","position":1,"name":"Accueil","item":"https:\/\/cssdn.gouv.qc.ca\/lamennais\/"},{"@type":"ListItem","position":2,"name":"\u00c0 propos","item":"https:\/\/cssdn.gouv.qc.ca\/lamennais\/a-propos\/"},{"@type":"ListItem","position":3,"name":"Documentation officielle"}]},{"@type":"WebSite","@id":"https:\/\/cssdn.gouv.qc.ca\/lamennais\/#website","url":"https:\/\/cssdn.gouv.qc.ca\/lamennais\/","name":"\u00c9cole La Mennais","description":"Un site des centres de services scolaires des Navigateurs","publisher":{"@id":"https:\/\/cssdn.gouv.qc.ca\/lamennais\/#organization"},"potentialAction":[{"@type":"SearchAction","target":{"@type":"EntryPoint","urlTemplate":"https:\/\/cssdn.gouv.qc.ca\/lamennais\/?s={search_term_string}"},"query-input":{"@type":"PropertyValueSpecification","valueRequired":true,"valueName":"search_term_string"}}],"inLanguage":"fr-CA"},{"@type":"Organization","@id":"https:\/\/cssdn.gouv.qc.ca\/lamennais\/#organization","name":"\u00c9cole La Mennais","url":"https:\/\/cssdn.gouv.qc.ca\/lamennais\/","logo":{"@type":"ImageObject","inLanguage":"fr-CA","@id":"https:\/\/cssdn.gouv.qc.ca\/lamennais\/#\/schema\/logo\/image\/","url":"https:\/\/cssdn.gouv.qc.ca\/lamennais\/wp-content\/uploads\/sites\/46\/2023\/01\/logo_quebec.svg","contentUrl":"https:\/\/cssdn.gouv.qc.ca\/lamennais\/wp-content\/uploads\/sites\/46\/2023\/01\/logo_quebec.svg","width":188,"height":41,"caption":"\u00c9cole La Mennais"},"image":{"@id":"https:\/\/cssdn.gouv.qc.ca\/lamennais\/#\/schema\/logo\/image\/"},"sameAs":["https:\/\/www.facebook.com\/Ecolelamennais"]}]}},"publishpress_future_action":{"enabled":false,"date":"2026-04-14 07:15:55","action":"change-status","newStatus":"draft","terms":[],"taxonomy":"category","extraData":[]},"publishpress_future_workflow_manual_trigger":{"enabledWorkflows":[]},"_links":{"self":[{"href":"https:\/\/cssdn.gouv.qc.ca\/lamennais\/wp-json\/wp\/v2\/pages\/12","targetHints":{"allow":["GET"]}}],"collection":[{"href":"https:\/\/cssdn.gouv.qc.ca\/lamennais\/wp-json\/wp\/v2\/pages"}],"about":[{"href":"https:\/\/cssdn.gouv.qc.ca\/lamennais\/wp-json\/wp\/v2\/types\/page"}],"author":[{"embeddable":true,"href":"https:\/\/cssdn.gouv.qc.ca\/lamennais\/wp-json\/wp\/v2\/users\/1"}],"replies":[{"embeddable":true,"href":"https:\/\/cssdn.gouv.qc.ca\/lamennais\/wp-json\/wp\/v2\/comments?post=12"}],"version-history":[{"count":0,"href":"https:\/\/cssdn.gouv.qc.ca\/lamennais\/wp-json\/wp\/v2\/pages\/12\/revisions"}],"up":[{"embeddable":true,"href":"https:\/\/cssdn.gouv.qc.ca\/lamennais\/wp-json\/wp\/v2\/pages\/6"}],"wp:attachment":[{"href":"https:\/\/cssdn.gouv.qc.ca\/lamennais\/wp-json\/wp\/v2\/media?parent=12"}],"wp:term":[{"taxonomy":"category","embeddable":true,"href":"https:\/\/cssdn.gouv.qc.ca\/lamennais\/wp-json\/wp\/v2\/categories?post=12"},{"taxonomy":"post_tag","embeddable":true,"href":"https:\/\/cssdn.gouv.qc.ca\/lamennais\/wp-json\/wp\/v2\/tags?post=12"}],"curies":[{"name":"wp","href":"https:\/\/api.w.org\/{rel}","templated":true}]}}