
{"id":7,"date":"2022-11-08T16:07:53","date_gmt":"2022-11-08T21:07:53","guid":{"rendered":"https:\/\/cssdn.gouv.qc.ca\/lamennais\/a-propos\/mission-vision-valeurs\/"},"modified":"2025-09-10T15:11:42","modified_gmt":"2025-09-10T19:11:42","slug":"mission-vision-valeurs","status":"publish","type":"page","link":"https:\/\/cssdn.gouv.qc.ca\/lamennais\/a-propos\/mission-vision-valeurs\/","title":{"rendered":"Mission, vision, valeurs"},"content":{"rendered":"\n<div class=\"wp-block-cover alignfull is-light is-style-title-banner\"><img decoding=\"async\" class=\"wp-block-cover__image-background wp-image-111 lazyload\" alt=\"\" data-src=\"https:\/\/stage.cssdn.gouv.qc.ca\/wp-content\/uploads\/2022\/08\/Seawire-Hero-06.jpg\" data-object-fit=\"cover\" src=\"data:image\/svg+xml;base64,PHN2ZyB3aWR0aD0iMSIgaGVpZ2h0PSIxIiB4bWxucz0iaHR0cDovL3d3dy53My5vcmcvMjAwMC9zdmciPjwvc3ZnPg==\" \/><span aria-hidden=\"true\" class=\"wp-block-cover__background has-primary-background-color has-background-dim\"><\/span><div class=\"wp-block-cover__inner-container\"><h3 class=\"wp-block-post-title\">Mission, vision, valeurs<\/h3><\/div><\/div>\n\n\n\n<div class=\"wp-block-group alignfull has-padding-y-large has-secondary-background-color has-background\"><div class=\"yoast-breadcrumbs alignwide \"><span class=\"breadcrumbs\"><a href=\"https:\/\/cssdn.gouv.qc.ca\/lamennais\/\" class=\"breadcrumbs__element\">Accueil<\/a> <span class=\"breadcrumbs__separator\">\n        <svg class=\"icon icon-breadcrumb__separator\"><use xlink:href=\"#icon-breadcrumb__separator\"><\/use><\/svg>\n    <\/span> <a href=\"https:\/\/cssdn.gouv.qc.ca\/lamennais\/a-propos\/\" class=\"breadcrumbs__element\">\u00c0 propos<\/a> <span class=\"breadcrumbs__separator\">\n        <svg class=\"icon icon-breadcrumb__separator\"><use xlink:href=\"#icon-breadcrumb__separator\"><\/use><\/svg>\n    <\/span> <span class=\"breadcrumbs__element breadcrumbs__element-current\">Mission, vision, valeurs<\/span><\/span><\/div><\/div>\n\n\n\n<h2 class=\"wp-block-heading\">Mission<\/h2>\n\n\n\n<p class=\"wp-block-paragraph\">Offrir un milieu sain, s\u00e9curitaire et stimulant<\/p>\n\n\n\n<h2 class=\"wp-block-heading\">Vision<\/h2>\n\n\n\n<p class=\"wp-block-paragraph\">Une \u00e9cole qui place les int\u00e9r\u00eats des \u00e9l\u00e8ves au coeur de leurs apprentissages.  Une \u00e9quipe qui partage ses passions<\/p>\n\n\n\n<h2 class=\"wp-block-heading\">Valeurs<\/h2>\n\n\n\n<p class=\"wp-block-paragraph\">Collaboration, bienveillance et coh\u00e9rence<\/p>\n","protected":false},"excerpt":{"rendered":"<p>Mission Offrir un milieu sain, s\u00e9curitaire et stimulant Vision Une \u00e9cole qui place les int\u00e9r\u00eats des \u00e9l\u00e8ves au coeur de leurs apprentissages. Une \u00e9quipe qui partage ses passions Valeurs Collaboration, bienveillance et coh\u00e9rence<\/p>\n","protected":false},"author":1,"featured_media":0,"parent":6,"menu_order":0,"comment_status":"closed","ping_status":"closed","template":"","meta":{"_acf_changed":false,"_crdt_document":"","inline_featured_image":false,"footnotes":""},"categories":[],"tags":[],"class_list":["post-7","page","type-page","status-publish","hentry"],"acf":[],"yoast_head":"<!-- This site is optimized with the Yoast SEO plugin v27.4 - https:\/\/yoast.com\/product\/yoast-seo-wordpress\/ -->\n<title>Mission, vision, valeurs - \u00c9cole La Mennais<\/title>\n<meta name=\"robots\" content=\"index, follow, max-snippet:-1, max-image-preview:large, max-video-preview:-1\" \/>\n<link rel=\"canonical\" href=\"https:\/\/cssdn.gouv.qc.ca\/lamennais\/a-propos\/mission-vision-valeurs\/\" \/>\n<meta property=\"og:locale\" content=\"fr_CA\" \/>\n<meta property=\"og:type\" content=\"article\" \/>\n<meta property=\"og:title\" content=\"Mission, vision, valeurs - \u00c9cole La Mennais\" \/>\n<meta property=\"og:description\" content=\"Mission Offrir un milieu sain, s\u00e9curitaire et stimulant Vision Une \u00e9cole qui place les int\u00e9r\u00eats des \u00e9l\u00e8ves au coeur de leurs apprentissages. Une \u00e9quipe qui partage ses passions Valeurs Collaboration, bienveillance et coh\u00e9rence\" \/>\n<meta property=\"og:url\" content=\"https:\/\/cssdn.gouv.qc.ca\/lamennais\/a-propos\/mission-vision-valeurs\/\" \/>\n<meta property=\"og:site_name\" content=\"\u00c9cole La Mennais\" \/>\n<meta property=\"article:publisher\" content=\"https:\/\/www.facebook.com\/Ecolelamennais\" \/>\n<meta property=\"article:modified_time\" content=\"2025-09-10T19:11:42+00:00\" \/>\n<meta property=\"og:image\" content=\"https:\/\/cssdn.gouv.qc.ca\/lamennais\/wp-content\/uploads\/sites\/46\/2022\/12\/LaMennais2coul-1.jpg\" \/>\n\t<meta property=\"og:image:width\" content=\"1510\" \/>\n\t<meta property=\"og:image:height\" content=\"1369\" \/>\n\t<meta property=\"og:image:type\" content=\"image\/jpeg\" \/>\n<meta name=\"twitter:card\" content=\"summary_large_image\" \/>\n<meta name=\"twitter:label1\" content=\"Estimation du temps de lecture\" \/>\n\t<meta name=\"twitter:data1\" content=\"1 minute\" \/>\n<script type=\"application\/ld+json\" class=\"yoast-schema-graph\">{\"@context\":\"https:\\\/\\\/schema.org\",\"@graph\":[{\"@type\":\"WebPage\",\"@id\":\"https:\\\/\\\/cssdn.gouv.qc.ca\\\/lamennais\\\/a-propos\\\/mission-vision-valeurs\\\/\",\"url\":\"https:\\\/\\\/cssdn.gouv.qc.ca\\\/lamennais\\\/a-propos\\\/mission-vision-valeurs\\\/\",\"name\":\"Mission, vision, valeurs - \u00c9cole La Mennais\",\"isPartOf\":{\"@id\":\"https:\\\/\\\/cssdn.gouv.qc.ca\\\/lamennais\\\/#website\"},\"primaryImageOfPage\":{\"@id\":\"https:\\\/\\\/cssdn.gouv.qc.ca\\\/lamennais\\\/a-propos\\\/mission-vision-valeurs\\\/#primaryimage\"},\"image\":{\"@id\":\"https:\\\/\\\/cssdn.gouv.qc.ca\\\/lamennais\\\/a-propos\\\/mission-vision-valeurs\\\/#primaryimage\"},\"thumbnailUrl\":\"https:\\\/\\\/stage.cssdn.gouv.qc.ca\\\/wp-content\\\/uploads\\\/2022\\\/08\\\/Seawire-Hero-06.jpg\",\"datePublished\":\"2022-11-08T21:07:53+00:00\",\"dateModified\":\"2025-09-10T19:11:42+00:00\",\"breadcrumb\":{\"@id\":\"https:\\\/\\\/cssdn.gouv.qc.ca\\\/lamennais\\\/a-propos\\\/mission-vision-valeurs\\\/#breadcrumb\"},\"inLanguage\":\"fr-CA\",\"potentialAction\":[{\"@type\":\"ReadAction\",\"target\":[\"https:\\\/\\\/cssdn.gouv.qc.ca\\\/lamennais\\\/a-propos\\\/mission-vision-valeurs\\\/\"]}]},{\"@type\":\"ImageObject\",\"inLanguage\":\"fr-CA\",\"@id\":\"https:\\\/\\\/cssdn.gouv.qc.ca\\\/lamennais\\\/a-propos\\\/mission-vision-valeurs\\\/#primaryimage\",\"url\":\"https:\\\/\\\/stage.cssdn.gouv.qc.ca\\\/wp-content\\\/uploads\\\/2022\\\/08\\\/Seawire-Hero-06.jpg\",\"contentUrl\":\"https:\\\/\\\/stage.cssdn.gouv.qc.ca\\\/wp-content\\\/uploads\\\/2022\\\/08\\\/Seawire-Hero-06.jpg\"},{\"@type\":\"BreadcrumbList\",\"@id\":\"https:\\\/\\\/cssdn.gouv.qc.ca\\\/lamennais\\\/a-propos\\\/mission-vision-valeurs\\\/#breadcrumb\",\"itemListElement\":[{\"@type\":\"ListItem\",\"position\":1,\"name\":\"Accueil\",\"item\":\"https:\\\/\\\/cssdn.gouv.qc.ca\\\/lamennais\\\/\"},{\"@type\":\"ListItem\",\"position\":2,\"name\":\"\u00c0 propos\",\"item\":\"https:\\\/\\\/cssdn.gouv.qc.ca\\\/lamennais\\\/a-propos\\\/\"},{\"@type\":\"ListItem\",\"position\":3,\"name\":\"Mission, vision, valeurs\"}]},{\"@type\":\"WebSite\",\"@id\":\"https:\\\/\\\/cssdn.gouv.qc.ca\\\/lamennais\\\/#website\",\"url\":\"https:\\\/\\\/cssdn.gouv.qc.ca\\\/lamennais\\\/\",\"name\":\"\u00c9cole La Mennais\",\"description\":\"Un site des centres de services scolaires des Navigateurs\",\"publisher\":{\"@id\":\"https:\\\/\\\/cssdn.gouv.qc.ca\\\/lamennais\\\/#organization\"},\"potentialAction\":[{\"@type\":\"SearchAction\",\"target\":{\"@type\":\"EntryPoint\",\"urlTemplate\":\"https:\\\/\\\/cssdn.gouv.qc.ca\\\/lamennais\\\/?s={search_term_string}\"},\"query-input\":{\"@type\":\"PropertyValueSpecification\",\"valueRequired\":true,\"valueName\":\"search_term_string\"}}],\"inLanguage\":\"fr-CA\"},{\"@type\":\"Organization\",\"@id\":\"https:\\\/\\\/cssdn.gouv.qc.ca\\\/lamennais\\\/#organization\",\"name\":\"\u00c9cole La Mennais\",\"url\":\"https:\\\/\\\/cssdn.gouv.qc.ca\\\/lamennais\\\/\",\"logo\":{\"@type\":\"ImageObject\",\"inLanguage\":\"fr-CA\",\"@id\":\"https:\\\/\\\/cssdn.gouv.qc.ca\\\/lamennais\\\/#\\\/schema\\\/logo\\\/image\\\/\",\"url\":\"https:\\\/\\\/cssdn.gouv.qc.ca\\\/lamennais\\\/wp-content\\\/uploads\\\/sites\\\/46\\\/2023\\\/01\\\/logo_quebec.svg\",\"contentUrl\":\"https:\\\/\\\/cssdn.gouv.qc.ca\\\/lamennais\\\/wp-content\\\/uploads\\\/sites\\\/46\\\/2023\\\/01\\\/logo_quebec.svg\",\"width\":188,\"height\":41,\"caption\":\"\u00c9cole La Mennais\"},\"image\":{\"@id\":\"https:\\\/\\\/cssdn.gouv.qc.ca\\\/lamennais\\\/#\\\/schema\\\/logo\\\/image\\\/\"},\"sameAs\":[\"https:\\\/\\\/www.facebook.com\\\/Ecolelamennais\"]}]}<\/script>\n<!-- \/ Yoast SEO plugin. -->","yoast_head_json":{"title":"Mission, vision, valeurs - \u00c9cole La Mennais","robots":{"index":"index","follow":"follow","max-snippet":"max-snippet:-1","max-image-preview":"max-image-preview:large","max-video-preview":"max-video-preview:-1"},"canonical":"https:\/\/cssdn.gouv.qc.ca\/lamennais\/a-propos\/mission-vision-valeurs\/","og_locale":"fr_CA","og_type":"article","og_title":"Mission, vision, valeurs - \u00c9cole La Mennais","og_description":"Mission Offrir un milieu sain, s\u00e9curitaire et stimulant Vision Une \u00e9cole qui place les int\u00e9r\u00eats des \u00e9l\u00e8ves au coeur de leurs apprentissages. Une \u00e9quipe qui partage ses passions Valeurs Collaboration, bienveillance et coh\u00e9rence","og_url":"https:\/\/cssdn.gouv.qc.ca\/lamennais\/a-propos\/mission-vision-valeurs\/","og_site_name":"\u00c9cole La Mennais","article_publisher":"https:\/\/www.facebook.com\/Ecolelamennais","article_modified_time":"2025-09-10T19:11:42+00:00","og_image":[{"width":1510,"height":1369,"url":"https:\/\/cssdn.gouv.qc.ca\/lamennais\/wp-content\/uploads\/sites\/46\/2022\/12\/LaMennais2coul-1.jpg","type":"image\/jpeg"}],"twitter_card":"summary_large_image","twitter_misc":{"Estimation du temps de lecture":"1 minute"},"schema":{"@context":"https:\/\/schema.org","@graph":[{"@type":"WebPage","@id":"https:\/\/cssdn.gouv.qc.ca\/lamennais\/a-propos\/mission-vision-valeurs\/","url":"https:\/\/cssdn.gouv.qc.ca\/lamennais\/a-propos\/mission-vision-valeurs\/","name":"Mission, vision, valeurs - \u00c9cole La Mennais","isPartOf":{"@id":"https:\/\/cssdn.gouv.qc.ca\/lamennais\/#website"},"primaryImageOfPage":{"@id":"https:\/\/cssdn.gouv.qc.ca\/lamennais\/a-propos\/mission-vision-valeurs\/#primaryimage"},"image":{"@id":"https:\/\/cssdn.gouv.qc.ca\/lamennais\/a-propos\/mission-vision-valeurs\/#primaryimage"},"thumbnailUrl":"https:\/\/stage.cssdn.gouv.qc.ca\/wp-content\/uploads\/2022\/08\/Seawire-Hero-06.jpg","datePublished":"2022-11-08T21:07:53+00:00","dateModified":"2025-09-10T19:11:42+00:00","breadcrumb":{"@id":"https:\/\/cssdn.gouv.qc.ca\/lamennais\/a-propos\/mission-vision-valeurs\/#breadcrumb"},"inLanguage":"fr-CA","potentialAction":[{"@type":"ReadAction","target":["https:\/\/cssdn.gouv.qc.ca\/lamennais\/a-propos\/mission-vision-valeurs\/"]}]},{"@type":"ImageObject","inLanguage":"fr-CA","@id":"https:\/\/cssdn.gouv.qc.ca\/lamennais\/a-propos\/mission-vision-valeurs\/#primaryimage","url":"https:\/\/stage.cssdn.gouv.qc.ca\/wp-content\/uploads\/2022\/08\/Seawire-Hero-06.jpg","contentUrl":"https:\/\/stage.cssdn.gouv.qc.ca\/wp-content\/uploads\/2022\/08\/Seawire-Hero-06.jpg"},{"@type":"BreadcrumbList","@id":"https:\/\/cssdn.gouv.qc.ca\/lamennais\/a-propos\/mission-vision-valeurs\/#breadcrumb","itemListElement":[{"@type":"ListItem","position":1,"name":"Accueil","item":"https:\/\/cssdn.gouv.qc.ca\/lamennais\/"},{"@type":"ListItem","position":2,"name":"\u00c0 propos","item":"https:\/\/cssdn.gouv.qc.ca\/lamennais\/a-propos\/"},{"@type":"ListItem","position":3,"name":"Mission, vision, valeurs"}]},{"@type":"WebSite","@id":"https:\/\/cssdn.gouv.qc.ca\/lamennais\/#website","url":"https:\/\/cssdn.gouv.qc.ca\/lamennais\/","name":"\u00c9cole La Mennais","description":"Un site des centres de services scolaires des Navigateurs","publisher":{"@id":"https:\/\/cssdn.gouv.qc.ca\/lamennais\/#organization"},"potentialAction":[{"@type":"SearchAction","target":{"@type":"EntryPoint","urlTemplate":"https:\/\/cssdn.gouv.qc.ca\/lamennais\/?s={search_term_string}"},"query-input":{"@type":"PropertyValueSpecification","valueRequired":true,"valueName":"search_term_string"}}],"inLanguage":"fr-CA"},{"@type":"Organization","@id":"https:\/\/cssdn.gouv.qc.ca\/lamennais\/#organization","name":"\u00c9cole La Mennais","url":"https:\/\/cssdn.gouv.qc.ca\/lamennais\/","logo":{"@type":"ImageObject","inLanguage":"fr-CA","@id":"https:\/\/cssdn.gouv.qc.ca\/lamennais\/#\/schema\/logo\/image\/","url":"https:\/\/cssdn.gouv.qc.ca\/lamennais\/wp-content\/uploads\/sites\/46\/2023\/01\/logo_quebec.svg","contentUrl":"https:\/\/cssdn.gouv.qc.ca\/lamennais\/wp-content\/uploads\/sites\/46\/2023\/01\/logo_quebec.svg","width":188,"height":41,"caption":"\u00c9cole La Mennais"},"image":{"@id":"https:\/\/cssdn.gouv.qc.ca\/lamennais\/#\/schema\/logo\/image\/"},"sameAs":["https:\/\/www.facebook.com\/Ecolelamennais"]}]}},"publishpress_future_action":{"enabled":false,"date":"2026-05-02 06:55:27","action":"change-status","newStatus":"draft","terms":[],"taxonomy":"category","extraData":[]},"publishpress_future_workflow_manual_trigger":{"enabledWorkflows":[]},"_links":{"self":[{"href":"https:\/\/cssdn.gouv.qc.ca\/lamennais\/wp-json\/wp\/v2\/pages\/7","targetHints":{"allow":["GET"]}}],"collection":[{"href":"https:\/\/cssdn.gouv.qc.ca\/lamennais\/wp-json\/wp\/v2\/pages"}],"about":[{"href":"https:\/\/cssdn.gouv.qc.ca\/lamennais\/wp-json\/wp\/v2\/types\/page"}],"author":[{"embeddable":true,"href":"https:\/\/cssdn.gouv.qc.ca\/lamennais\/wp-json\/wp\/v2\/users\/1"}],"replies":[{"embeddable":true,"href":"https:\/\/cssdn.gouv.qc.ca\/lamennais\/wp-json\/wp\/v2\/comments?post=7"}],"version-history":[{"count":0,"href":"https:\/\/cssdn.gouv.qc.ca\/lamennais\/wp-json\/wp\/v2\/pages\/7\/revisions"}],"up":[{"embeddable":true,"href":"https:\/\/cssdn.gouv.qc.ca\/lamennais\/wp-json\/wp\/v2\/pages\/6"}],"wp:attachment":[{"href":"https:\/\/cssdn.gouv.qc.ca\/lamennais\/wp-json\/wp\/v2\/media?parent=7"}],"wp:term":[{"taxonomy":"category","embeddable":true,"href":"https:\/\/cssdn.gouv.qc.ca\/lamennais\/wp-json\/wp\/v2\/categories?post=7"},{"taxonomy":"post_tag","embeddable":true,"href":"https:\/\/cssdn.gouv.qc.ca\/lamennais\/wp-json\/wp\/v2\/tags?post=7"}],"curies":[{"name":"wp","href":"https:\/\/api.w.org\/{rel}","templated":true}]}}