
{"id":9,"date":"2022-11-08T16:07:54","date_gmt":"2022-11-08T21:07:54","guid":{"rendered":"https:\/\/cssdn.gouv.qc.ca\/lamennais\/a-propos\/notre-equipe\/"},"modified":"2026-01-26T13:48:54","modified_gmt":"2026-01-26T18:48:54","slug":"notre-equipe","status":"publish","type":"page","link":"https:\/\/cssdn.gouv.qc.ca\/lamennais\/a-propos\/notre-equipe\/","title":{"rendered":"Notre \u00e9quipe"},"content":{"rendered":"\n<div class=\"wp-block-cover alignfull is-light is-style-title-banner\"><img decoding=\"async\" class=\"wp-block-cover__image-background wp-image-111 lazyload\" alt=\"\" data-src=\"https:\/\/cssdn.gouv.qc.ca\/wp-content\/uploads\/2022\/08\/Seawire-Hero-06.jpg\" data-object-fit=\"cover\" src=\"data:image\/svg+xml;base64,PHN2ZyB3aWR0aD0iMSIgaGVpZ2h0PSIxIiB4bWxucz0iaHR0cDovL3d3dy53My5vcmcvMjAwMC9zdmciPjwvc3ZnPg==\" \/><span aria-hidden=\"true\" class=\"wp-block-cover__background has-primary-background-color has-background-dim\"><\/span><div class=\"wp-block-cover__inner-container\"><h3 class=\"wp-block-post-title\">Notre \u00e9quipe<\/h3><\/div><\/div>\n\n\n\n<div class=\"wp-block-group alignfull has-padding-y-large has-secondary-background-color has-background\"><div class=\"yoast-breadcrumbs alignwide \"><span class=\"breadcrumbs\"><a href=\"https:\/\/cssdn.gouv.qc.ca\/lamennais\/\" class=\"breadcrumbs__element\">Accueil<\/a> <span class=\"breadcrumbs__separator\">\n        <svg class=\"icon icon-breadcrumb__separator\"><use xlink:href=\"#icon-breadcrumb__separator\"><\/use><\/svg>\n    <\/span> <a href=\"https:\/\/cssdn.gouv.qc.ca\/lamennais\/a-propos\/\" class=\"breadcrumbs__element\">\u00c0 propos<\/a> <span class=\"breadcrumbs__separator\">\n        <svg class=\"icon icon-breadcrumb__separator\"><use xlink:href=\"#icon-breadcrumb__separator\"><\/use><\/svg>\n    <\/span> <span class=\"breadcrumbs__element breadcrumbs__element-current\">Notre \u00e9quipe<\/span><\/span><\/div><\/div>\n\n\n\n<p class=\"has-large-font-size wp-block-paragraph\"><strong>Notre personnel 2025-2026<\/strong><\/p>\n\n\n\n<p class=\"wp-block-paragraph\"><strong>Direction:<\/strong> Madame Mich\u00e8le Binette<\/p>\n\n\n\n<p class=\"wp-block-paragraph\"><strong>Secr\u00e9taire: <\/strong>Madame Cindy Fontaine<\/p>\n\n\n\n<p class=\"wp-block-paragraph\"><strong>Concierge :<\/strong> Monsieur Fran\u00e7ois Lavoie<\/p>\n\n\n\n<p class=\"wp-block-paragraph\"><strong>Maternelle 4 ans :<\/strong> Madame Ariane Dumont-Hayfield et Madame Manon Drouin (\u00e9ducatrice)<\/p>\n\n\n\n<p class=\"wp-block-paragraph\"><strong>Maternelle 5 ans :<\/strong> Madame Gabrielle Fortin<\/p>\n\n\n\n<p class=\"wp-block-paragraph\"><strong>Maternelle 5 ans :<\/strong> Madame Marie-\u00c8ve Chouinard<\/p>\n\n\n\n<p class=\"wp-block-paragraph\"><strong>1\u00e8re ann\u00e9e:<\/strong> Madame  \u00c9lise Paquet<\/p>\n\n\n\n<p class=\"wp-block-paragraph\"><strong>1\u00e8re ann\u00e9e: <\/strong>Madame Jacinthe Poulin<\/p>\n\n\n\n<p class=\"wp-block-paragraph\"><strong>2\u00e8re ann\u00e9e:<\/strong> Madame Isabelle B\u00e9dard<\/p>\n\n\n\n<p class=\"wp-block-paragraph\"><strong>3\u00e8me ann\u00e9e :<\/strong> Madame Sophie Lambert et Madame Cindy Breton<\/p>\n\n\n\n<p class=\"wp-block-paragraph\"><strong>4\u00e8me ann\u00e9e : <\/strong>Madame Marianne Maranda<\/p>\n\n\n\n<p class=\"wp-block-paragraph\"><strong>5\u00e8me ann\u00e9e :<\/strong> Madame Vanessa Boulay<\/p>\n\n\n\n<p class=\"wp-block-paragraph\"><strong>5e -6\u00e8me ann\u00e9e:<\/strong> Madame Jovane Leclerc<\/p>\n\n\n\n<p class=\"wp-block-paragraph\"><strong>6\u00e8me ann\u00e9e :<\/strong> Madame Vickie Garant<\/p>\n\n\n\n<p class=\"wp-block-paragraph\"><strong>Compl\u00e9ment de t\u00e2ches pr\u00e9scolaire : <\/strong>Madame Jordan Breton-Lessard<\/p>\n\n\n\n<p class=\"wp-block-paragraph\"><strong>Compl\u00e9ments de t\u00e2ches : <\/strong>Madame Cindy Breton et Madame \u00c9mie Longpr\u00e9<\/p>\n\n\n\n<p class=\"wp-block-paragraph\"><strong>Anglais: <\/strong><\/p>\n\n\n\n<p class=\"wp-block-paragraph\"><strong>Art dramatique:<\/strong> Madame Daphn\u00e9 G\u00e9lineau<\/p>\n\n\n\n<p class=\"wp-block-paragraph\"><strong>\u00c9ducation physique :<\/strong> Monsieur Nicholas Savard<\/p>\n\n\n\n<p class=\"wp-block-paragraph\"><strong>Aides \u00e0 la classe<\/strong>: Madame C\u00e9line Olivier, Madame Lily Saindon, Madame L\u00e9a Pr\u00e9vost et Madame Nathalie Paradis<\/p>\n\n\n\n<p class=\"wp-block-paragraph\"><strong>\u00c9ducatrices sp\u00e9cialis\u00e9es<\/strong>: Madame Rachel Beaudoin, Madame Chantal Par\u00e9, Madame Lucie Lavoie, Madame Maxim Bernier<\/p>\n\n\n\n<p class=\"wp-block-paragraph\"><strong>Orthop\u00e9dagogues\/enseignantes: <\/strong>Madame Cindy Tremblay<\/p>\n\n\n\n<p class=\"wp-block-paragraph\"><strong>Psycho\u00e9ducatrice<\/strong>: Madame Delphine-Jade Landry-Vachon<\/p>\n\n\n\n<p class=\"wp-block-paragraph\"><strong>Ergoth\u00e9rapeute<\/strong>: Madame Jade Groleau<\/p>\n\n\n\n<p class=\"wp-block-paragraph\"><strong>Orthophoniste<\/strong>: Madame Andr\u00e9anne Robitaille-Bilodeau<\/p>\n\n\n\n<p class=\"wp-block-paragraph\"><strong>Responsable service de garde<\/strong>: Madame Anne-Marie Gagnon<\/p>\n\n\n\n<p class=\"wp-block-paragraph\"><strong>\u00c9ducatrices au service de garde<\/strong>: Madame C\u00e9line Olivier, Madame Manon Drouin, Madame Lily Saindon, Madame Megan Ferland, Madame \u00c9lizabeth Frachon, Madame L\u00e9a Pr\u00e9vost, Madame Maxim Bernier et Madame L\u00e9a Beaudoin-Saindon<\/p>\n\n\n\n<p class=\"wp-block-paragraph\"><strong>Francisation:<\/strong> Madame L\u00e9a Hanser-Dion<\/p>\n","protected":false},"excerpt":{"rendered":"<p>Notre personnel 2025-2026 Direction: Madame Mich\u00e8le Binette Secr\u00e9taire: Madame Cindy Fontaine Concierge : Monsieur Fran\u00e7ois Lavoie Maternelle 4 ans : Madame Ariane Dumont-Hayfield et Madame Manon Drouin (\u00e9ducatrice) Maternelle 5 ans : Madame Gabrielle Fortin Maternelle 5 ans : Madame Marie-\u00c8ve Chouinard 1\u00e8re ann\u00e9e: Madame \u00c9lise Paquet 1\u00e8re ann\u00e9e: Madame Jacinthe Poulin 2\u00e8re ann\u00e9e: Madame [&hellip;]<\/p>\n","protected":false},"author":1,"featured_media":0,"parent":6,"menu_order":0,"comment_status":"closed","ping_status":"closed","template":"","meta":{"_acf_changed":false,"_crdt_document":"","inline_featured_image":false,"footnotes":""},"categories":[],"tags":[],"class_list":["post-9","page","type-page","status-publish","hentry"],"acf":[],"yoast_head":"<!-- This site is optimized with the Yoast SEO plugin v27.4 - https:\/\/yoast.com\/product\/yoast-seo-wordpress\/ -->\n<title>Notre \u00e9quipe - \u00c9cole La Mennais<\/title>\n<meta name=\"robots\" content=\"index, follow, max-snippet:-1, max-image-preview:large, max-video-preview:-1\" \/>\n<link rel=\"canonical\" href=\"https:\/\/cssdn.gouv.qc.ca\/lamennais\/a-propos\/notre-equipe\/\" \/>\n<meta property=\"og:locale\" content=\"fr_CA\" \/>\n<meta property=\"og:type\" content=\"article\" \/>\n<meta property=\"og:title\" content=\"Notre \u00e9quipe - \u00c9cole La Mennais\" \/>\n<meta property=\"og:description\" content=\"Notre personnel 2025-2026 Direction: Madame Mich\u00e8le Binette Secr\u00e9taire: Madame Cindy Fontaine Concierge : Monsieur Fran\u00e7ois Lavoie Maternelle 4 ans : Madame Ariane Dumont-Hayfield et Madame Manon Drouin (\u00e9ducatrice) Maternelle 5 ans : Madame Gabrielle Fortin Maternelle 5 ans : Madame Marie-\u00c8ve Chouinard 1\u00e8re ann\u00e9e: Madame \u00c9lise Paquet 1\u00e8re ann\u00e9e: Madame Jacinthe Poulin 2\u00e8re ann\u00e9e: Madame [&hellip;]\" \/>\n<meta property=\"og:url\" content=\"https:\/\/cssdn.gouv.qc.ca\/lamennais\/a-propos\/notre-equipe\/\" \/>\n<meta property=\"og:site_name\" content=\"\u00c9cole La Mennais\" \/>\n<meta property=\"article:publisher\" content=\"https:\/\/www.facebook.com\/Ecolelamennais\" \/>\n<meta property=\"article:modified_time\" content=\"2026-01-26T18:48:54+00:00\" \/>\n<meta property=\"og:image\" content=\"https:\/\/cssdn.gouv.qc.ca\/lamennais\/wp-content\/uploads\/sites\/46\/2022\/12\/LaMennais2coul-1.jpg\" \/>\n\t<meta property=\"og:image:width\" content=\"1510\" \/>\n\t<meta property=\"og:image:height\" content=\"1369\" \/>\n\t<meta property=\"og:image:type\" content=\"image\/jpeg\" \/>\n<meta name=\"twitter:card\" content=\"summary_large_image\" \/>\n<meta name=\"twitter:label1\" content=\"Estimation du temps de lecture\" \/>\n\t<meta name=\"twitter:data1\" content=\"2 minutes\" \/>\n<script type=\"application\/ld+json\" class=\"yoast-schema-graph\">{\"@context\":\"https:\\\/\\\/schema.org\",\"@graph\":[{\"@type\":\"WebPage\",\"@id\":\"https:\\\/\\\/cssdn.gouv.qc.ca\\\/lamennais\\\/a-propos\\\/notre-equipe\\\/\",\"url\":\"https:\\\/\\\/cssdn.gouv.qc.ca\\\/lamennais\\\/a-propos\\\/notre-equipe\\\/\",\"name\":\"Notre \u00e9quipe - \u00c9cole La Mennais\",\"isPartOf\":{\"@id\":\"https:\\\/\\\/cssdn.gouv.qc.ca\\\/lamennais\\\/#website\"},\"primaryImageOfPage\":{\"@id\":\"https:\\\/\\\/cssdn.gouv.qc.ca\\\/lamennais\\\/a-propos\\\/notre-equipe\\\/#primaryimage\"},\"image\":{\"@id\":\"https:\\\/\\\/cssdn.gouv.qc.ca\\\/lamennais\\\/a-propos\\\/notre-equipe\\\/#primaryimage\"},\"thumbnailUrl\":\"https:\\\/\\\/cssdn.gouv.qc.ca\\\/wp-content\\\/uploads\\\/2022\\\/08\\\/Seawire-Hero-06.jpg\",\"datePublished\":\"2022-11-08T21:07:54+00:00\",\"dateModified\":\"2026-01-26T18:48:54+00:00\",\"breadcrumb\":{\"@id\":\"https:\\\/\\\/cssdn.gouv.qc.ca\\\/lamennais\\\/a-propos\\\/notre-equipe\\\/#breadcrumb\"},\"inLanguage\":\"fr-CA\",\"potentialAction\":[{\"@type\":\"ReadAction\",\"target\":[\"https:\\\/\\\/cssdn.gouv.qc.ca\\\/lamennais\\\/a-propos\\\/notre-equipe\\\/\"]}]},{\"@type\":\"ImageObject\",\"inLanguage\":\"fr-CA\",\"@id\":\"https:\\\/\\\/cssdn.gouv.qc.ca\\\/lamennais\\\/a-propos\\\/notre-equipe\\\/#primaryimage\",\"url\":\"https:\\\/\\\/cssdn.gouv.qc.ca\\\/wp-content\\\/uploads\\\/2022\\\/08\\\/Seawire-Hero-06.jpg\",\"contentUrl\":\"https:\\\/\\\/cssdn.gouv.qc.ca\\\/wp-content\\\/uploads\\\/2022\\\/08\\\/Seawire-Hero-06.jpg\"},{\"@type\":\"BreadcrumbList\",\"@id\":\"https:\\\/\\\/cssdn.gouv.qc.ca\\\/lamennais\\\/a-propos\\\/notre-equipe\\\/#breadcrumb\",\"itemListElement\":[{\"@type\":\"ListItem\",\"position\":1,\"name\":\"Accueil\",\"item\":\"https:\\\/\\\/cssdn.gouv.qc.ca\\\/lamennais\\\/\"},{\"@type\":\"ListItem\",\"position\":2,\"name\":\"\u00c0 propos\",\"item\":\"https:\\\/\\\/cssdn.gouv.qc.ca\\\/lamennais\\\/a-propos\\\/\"},{\"@type\":\"ListItem\",\"position\":3,\"name\":\"Notre \u00e9quipe\"}]},{\"@type\":\"WebSite\",\"@id\":\"https:\\\/\\\/cssdn.gouv.qc.ca\\\/lamennais\\\/#website\",\"url\":\"https:\\\/\\\/cssdn.gouv.qc.ca\\\/lamennais\\\/\",\"name\":\"\u00c9cole La Mennais\",\"description\":\"Un site des centres de services scolaires des Navigateurs\",\"publisher\":{\"@id\":\"https:\\\/\\\/cssdn.gouv.qc.ca\\\/lamennais\\\/#organization\"},\"potentialAction\":[{\"@type\":\"SearchAction\",\"target\":{\"@type\":\"EntryPoint\",\"urlTemplate\":\"https:\\\/\\\/cssdn.gouv.qc.ca\\\/lamennais\\\/?s={search_term_string}\"},\"query-input\":{\"@type\":\"PropertyValueSpecification\",\"valueRequired\":true,\"valueName\":\"search_term_string\"}}],\"inLanguage\":\"fr-CA\"},{\"@type\":\"Organization\",\"@id\":\"https:\\\/\\\/cssdn.gouv.qc.ca\\\/lamennais\\\/#organization\",\"name\":\"\u00c9cole La Mennais\",\"url\":\"https:\\\/\\\/cssdn.gouv.qc.ca\\\/lamennais\\\/\",\"logo\":{\"@type\":\"ImageObject\",\"inLanguage\":\"fr-CA\",\"@id\":\"https:\\\/\\\/cssdn.gouv.qc.ca\\\/lamennais\\\/#\\\/schema\\\/logo\\\/image\\\/\",\"url\":\"https:\\\/\\\/cssdn.gouv.qc.ca\\\/lamennais\\\/wp-content\\\/uploads\\\/sites\\\/46\\\/2023\\\/01\\\/logo_quebec.svg\",\"contentUrl\":\"https:\\\/\\\/cssdn.gouv.qc.ca\\\/lamennais\\\/wp-content\\\/uploads\\\/sites\\\/46\\\/2023\\\/01\\\/logo_quebec.svg\",\"width\":188,\"height\":41,\"caption\":\"\u00c9cole La Mennais\"},\"image\":{\"@id\":\"https:\\\/\\\/cssdn.gouv.qc.ca\\\/lamennais\\\/#\\\/schema\\\/logo\\\/image\\\/\"},\"sameAs\":[\"https:\\\/\\\/www.facebook.com\\\/Ecolelamennais\"]}]}<\/script>\n<!-- \/ Yoast SEO plugin. -->","yoast_head_json":{"title":"Notre \u00e9quipe - \u00c9cole La Mennais","robots":{"index":"index","follow":"follow","max-snippet":"max-snippet:-1","max-image-preview":"max-image-preview:large","max-video-preview":"max-video-preview:-1"},"canonical":"https:\/\/cssdn.gouv.qc.ca\/lamennais\/a-propos\/notre-equipe\/","og_locale":"fr_CA","og_type":"article","og_title":"Notre \u00e9quipe - \u00c9cole La Mennais","og_description":"Notre personnel 2025-2026 Direction: Madame Mich\u00e8le Binette Secr\u00e9taire: Madame Cindy Fontaine Concierge : Monsieur Fran\u00e7ois Lavoie Maternelle 4 ans : Madame Ariane Dumont-Hayfield et Madame Manon Drouin (\u00e9ducatrice) Maternelle 5 ans : Madame Gabrielle Fortin Maternelle 5 ans : Madame Marie-\u00c8ve Chouinard 1\u00e8re ann\u00e9e: Madame \u00c9lise Paquet 1\u00e8re ann\u00e9e: Madame Jacinthe Poulin 2\u00e8re ann\u00e9e: Madame [&hellip;]","og_url":"https:\/\/cssdn.gouv.qc.ca\/lamennais\/a-propos\/notre-equipe\/","og_site_name":"\u00c9cole La Mennais","article_publisher":"https:\/\/www.facebook.com\/Ecolelamennais","article_modified_time":"2026-01-26T18:48:54+00:00","og_image":[{"width":1510,"height":1369,"url":"https:\/\/cssdn.gouv.qc.ca\/lamennais\/wp-content\/uploads\/sites\/46\/2022\/12\/LaMennais2coul-1.jpg","type":"image\/jpeg"}],"twitter_card":"summary_large_image","twitter_misc":{"Estimation du temps de lecture":"2 minutes"},"schema":{"@context":"https:\/\/schema.org","@graph":[{"@type":"WebPage","@id":"https:\/\/cssdn.gouv.qc.ca\/lamennais\/a-propos\/notre-equipe\/","url":"https:\/\/cssdn.gouv.qc.ca\/lamennais\/a-propos\/notre-equipe\/","name":"Notre \u00e9quipe - \u00c9cole La Mennais","isPartOf":{"@id":"https:\/\/cssdn.gouv.qc.ca\/lamennais\/#website"},"primaryImageOfPage":{"@id":"https:\/\/cssdn.gouv.qc.ca\/lamennais\/a-propos\/notre-equipe\/#primaryimage"},"image":{"@id":"https:\/\/cssdn.gouv.qc.ca\/lamennais\/a-propos\/notre-equipe\/#primaryimage"},"thumbnailUrl":"https:\/\/cssdn.gouv.qc.ca\/wp-content\/uploads\/2022\/08\/Seawire-Hero-06.jpg","datePublished":"2022-11-08T21:07:54+00:00","dateModified":"2026-01-26T18:48:54+00:00","breadcrumb":{"@id":"https:\/\/cssdn.gouv.qc.ca\/lamennais\/a-propos\/notre-equipe\/#breadcrumb"},"inLanguage":"fr-CA","potentialAction":[{"@type":"ReadAction","target":["https:\/\/cssdn.gouv.qc.ca\/lamennais\/a-propos\/notre-equipe\/"]}]},{"@type":"ImageObject","inLanguage":"fr-CA","@id":"https:\/\/cssdn.gouv.qc.ca\/lamennais\/a-propos\/notre-equipe\/#primaryimage","url":"https:\/\/cssdn.gouv.qc.ca\/wp-content\/uploads\/2022\/08\/Seawire-Hero-06.jpg","contentUrl":"https:\/\/cssdn.gouv.qc.ca\/wp-content\/uploads\/2022\/08\/Seawire-Hero-06.jpg"},{"@type":"BreadcrumbList","@id":"https:\/\/cssdn.gouv.qc.ca\/lamennais\/a-propos\/notre-equipe\/#breadcrumb","itemListElement":[{"@type":"ListItem","position":1,"name":"Accueil","item":"https:\/\/cssdn.gouv.qc.ca\/lamennais\/"},{"@type":"ListItem","position":2,"name":"\u00c0 propos","item":"https:\/\/cssdn.gouv.qc.ca\/lamennais\/a-propos\/"},{"@type":"ListItem","position":3,"name":"Notre \u00e9quipe"}]},{"@type":"WebSite","@id":"https:\/\/cssdn.gouv.qc.ca\/lamennais\/#website","url":"https:\/\/cssdn.gouv.qc.ca\/lamennais\/","name":"\u00c9cole La Mennais","description":"Un site des centres de services scolaires des Navigateurs","publisher":{"@id":"https:\/\/cssdn.gouv.qc.ca\/lamennais\/#organization"},"potentialAction":[{"@type":"SearchAction","target":{"@type":"EntryPoint","urlTemplate":"https:\/\/cssdn.gouv.qc.ca\/lamennais\/?s={search_term_string}"},"query-input":{"@type":"PropertyValueSpecification","valueRequired":true,"valueName":"search_term_string"}}],"inLanguage":"fr-CA"},{"@type":"Organization","@id":"https:\/\/cssdn.gouv.qc.ca\/lamennais\/#organization","name":"\u00c9cole La Mennais","url":"https:\/\/cssdn.gouv.qc.ca\/lamennais\/","logo":{"@type":"ImageObject","inLanguage":"fr-CA","@id":"https:\/\/cssdn.gouv.qc.ca\/lamennais\/#\/schema\/logo\/image\/","url":"https:\/\/cssdn.gouv.qc.ca\/lamennais\/wp-content\/uploads\/sites\/46\/2023\/01\/logo_quebec.svg","contentUrl":"https:\/\/cssdn.gouv.qc.ca\/lamennais\/wp-content\/uploads\/sites\/46\/2023\/01\/logo_quebec.svg","width":188,"height":41,"caption":"\u00c9cole La Mennais"},"image":{"@id":"https:\/\/cssdn.gouv.qc.ca\/lamennais\/#\/schema\/logo\/image\/"},"sameAs":["https:\/\/www.facebook.com\/Ecolelamennais"]}]}},"publishpress_future_action":{"enabled":false,"date":"2026-04-30 20:41:50","action":"change-status","newStatus":"draft","terms":[],"taxonomy":"category","extraData":[]},"publishpress_future_workflow_manual_trigger":{"enabledWorkflows":[]},"_links":{"self":[{"href":"https:\/\/cssdn.gouv.qc.ca\/lamennais\/wp-json\/wp\/v2\/pages\/9","targetHints":{"allow":["GET"]}}],"collection":[{"href":"https:\/\/cssdn.gouv.qc.ca\/lamennais\/wp-json\/wp\/v2\/pages"}],"about":[{"href":"https:\/\/cssdn.gouv.qc.ca\/lamennais\/wp-json\/wp\/v2\/types\/page"}],"author":[{"embeddable":true,"href":"https:\/\/cssdn.gouv.qc.ca\/lamennais\/wp-json\/wp\/v2\/users\/1"}],"replies":[{"embeddable":true,"href":"https:\/\/cssdn.gouv.qc.ca\/lamennais\/wp-json\/wp\/v2\/comments?post=9"}],"version-history":[{"count":0,"href":"https:\/\/cssdn.gouv.qc.ca\/lamennais\/wp-json\/wp\/v2\/pages\/9\/revisions"}],"up":[{"embeddable":true,"href":"https:\/\/cssdn.gouv.qc.ca\/lamennais\/wp-json\/wp\/v2\/pages\/6"}],"wp:attachment":[{"href":"https:\/\/cssdn.gouv.qc.ca\/lamennais\/wp-json\/wp\/v2\/media?parent=9"}],"wp:term":[{"taxonomy":"category","embeddable":true,"href":"https:\/\/cssdn.gouv.qc.ca\/lamennais\/wp-json\/wp\/v2\/categories?post=9"},{"taxonomy":"post_tag","embeddable":true,"href":"https:\/\/cssdn.gouv.qc.ca\/lamennais\/wp-json\/wp\/v2\/tags?post=9"}],"curies":[{"name":"wp","href":"https:\/\/api.w.org\/{rel}","templated":true}]}}