
{"id":17,"date":"2022-11-08T16:07:56","date_gmt":"2022-11-08T21:07:56","guid":{"rendered":"https:\/\/cssdn.gouv.qc.ca\/martiniere\/vie-scolaire\/"},"modified":"2026-03-17T09:52:46","modified_gmt":"2026-03-17T13:52:46","slug":"vie-scolaire","status":"publish","type":"page","link":"https:\/\/cssdn.gouv.qc.ca\/martiniere\/vie-scolaire\/","title":{"rendered":"Vie scolaire"},"content":{"rendered":"\n<div class=\"wp-block-cover alignfull is-style-title-banner\"><img decoding=\"async\" width=\"1024\" height=\"449\" class=\"wp-block-cover__image-background wp-image-5850 size-large lazyload\" alt=\"\" data-src=\"https:\/\/cssdn.gouv.qc.ca\/martiniere\/wp-content\/uploads\/sites\/33\/2025\/09\/Bienveillance-septembre-2025-1024x449.png\" data-object-fit=\"cover\" data-srcset=\"https:\/\/cssdn.gouv.qc.ca\/martiniere\/wp-content\/uploads\/sites\/33\/2025\/09\/Bienveillance-septembre-2025-1024x449.png 1024w, https:\/\/cssdn.gouv.qc.ca\/martiniere\/wp-content\/uploads\/sites\/33\/2025\/09\/Bienveillance-septembre-2025-300x131.png 300w, https:\/\/cssdn.gouv.qc.ca\/martiniere\/wp-content\/uploads\/sites\/33\/2025\/09\/Bienveillance-septembre-2025-768x336.png 768w, https:\/\/cssdn.gouv.qc.ca\/martiniere\/wp-content\/uploads\/sites\/33\/2025\/09\/Bienveillance-septembre-2025.png 1502w\" data-sizes=\"(max-width: 1024px) 100vw, 1024px\" src=\"data:image\/svg+xml;base64,PHN2ZyB3aWR0aD0iMSIgaGVpZ2h0PSIxIiB4bWxucz0iaHR0cDovL3d3dy53My5vcmcvMjAwMC9zdmciPjwvc3ZnPg==\" style=\"--smush-placeholder-width: 1024px; --smush-placeholder-aspect-ratio: 1024\/449;\" \/><span aria-hidden=\"true\" class=\"wp-block-cover__background has-primary-background-color has-background-dim\"><\/span><div class=\"wp-block-cover__inner-container\"><h3 class=\"wp-block-post-title\">Vie scolaire<\/h3><\/div><\/div>\n\n\n\n<div class=\"wp-block-group alignfull has-padding-y-large has-secondary-background-color has-background\"><div class=\"yoast-breadcrumbs alignwide \"><span class=\"breadcrumbs\"><a href=\"https:\/\/cssdn.gouv.qc.ca\/martiniere\/\" class=\"breadcrumbs__element\">Accueil<\/a> <span class=\"breadcrumbs__separator\">\n        <svg class=\"icon icon-breadcrumb__separator\"><use xlink:href=\"#icon-breadcrumb__separator\"><\/use><\/svg>\n    <\/span> <span class=\"breadcrumbs__element breadcrumbs__element-current\">Vie scolaire<\/span><\/span><\/div><\/div>\n\n\n\n<h2 class=\"wp-block-heading\">F\u00eate de l&rsquo;hiver 25-26<\/h2>\n\n\n\n<div class=\"wp-block-group\"><\/div>\n\n\n\n<figure class=\"wp-block-image size-large is-resized\"><img decoding=\"async\" width=\"768\" height=\"1024\" data-src=\"https:\/\/cssdn.gouv.qc.ca\/martiniere\/wp-content\/uploads\/sites\/33\/2026\/03\/IMG_0220-1-768x1024.jpeg\" alt=\"\" class=\"wp-image-6104 lazyload\" style=\"--smush-placeholder-width: 768px; --smush-placeholder-aspect-ratio: 768\/1024;aspect-ratio:0.7500052692591421;width:392px;height:auto\" data-srcset=\"https:\/\/cssdn.gouv.qc.ca\/martiniere\/wp-content\/uploads\/sites\/33\/2026\/03\/IMG_0220-1-768x1024.jpeg 768w, https:\/\/cssdn.gouv.qc.ca\/martiniere\/wp-content\/uploads\/sites\/33\/2026\/03\/IMG_0220-1-225x300.jpeg 225w, https:\/\/cssdn.gouv.qc.ca\/martiniere\/wp-content\/uploads\/sites\/33\/2026\/03\/IMG_0220-1-432x576.jpeg 432w, https:\/\/cssdn.gouv.qc.ca\/martiniere\/wp-content\/uploads\/sites\/33\/2026\/03\/IMG_0220-1-1152x1536.jpeg 1152w, https:\/\/cssdn.gouv.qc.ca\/martiniere\/wp-content\/uploads\/sites\/33\/2026\/03\/IMG_0220-1-1536x2048.jpeg 1536w, https:\/\/cssdn.gouv.qc.ca\/martiniere\/wp-content\/uploads\/sites\/33\/2026\/03\/IMG_0220-1-scaled.jpeg 1920w\" data-sizes=\"(max-width: 768px) 100vw, 768px\" src=\"data:image\/svg+xml;base64,PHN2ZyB3aWR0aD0iMSIgaGVpZ2h0PSIxIiB4bWxucz0iaHR0cDovL3d3dy53My5vcmcvMjAwMC9zdmciPjwvc3ZnPg==\" \/><\/figure>\n\n\n\n<figure class=\"wp-block-image size-large is-resized\"><img decoding=\"async\" width=\"768\" height=\"1024\" data-src=\"https:\/\/cssdn.gouv.qc.ca\/martiniere\/wp-content\/uploads\/sites\/33\/2026\/03\/IMG_0221-1-768x1024.jpeg\" alt=\"\" class=\"wp-image-6106 lazyload\" style=\"--smush-placeholder-width: 768px; --smush-placeholder-aspect-ratio: 768\/1024;aspect-ratio:0.7500034467070161;width:314px;height:auto\" data-srcset=\"https:\/\/cssdn.gouv.qc.ca\/martiniere\/wp-content\/uploads\/sites\/33\/2026\/03\/IMG_0221-1-768x1024.jpeg 768w, https:\/\/cssdn.gouv.qc.ca\/martiniere\/wp-content\/uploads\/sites\/33\/2026\/03\/IMG_0221-1-225x300.jpeg 225w, https:\/\/cssdn.gouv.qc.ca\/martiniere\/wp-content\/uploads\/sites\/33\/2026\/03\/IMG_0221-1-432x576.jpeg 432w, https:\/\/cssdn.gouv.qc.ca\/martiniere\/wp-content\/uploads\/sites\/33\/2026\/03\/IMG_0221-1-1152x1536.jpeg 1152w, https:\/\/cssdn.gouv.qc.ca\/martiniere\/wp-content\/uploads\/sites\/33\/2026\/03\/IMG_0221-1-1536x2048.jpeg 1536w, https:\/\/cssdn.gouv.qc.ca\/martiniere\/wp-content\/uploads\/sites\/33\/2026\/03\/IMG_0221-1-scaled.jpeg 1920w\" data-sizes=\"(max-width: 768px) 100vw, 768px\" src=\"data:image\/svg+xml;base64,PHN2ZyB3aWR0aD0iMSIgaGVpZ2h0PSIxIiB4bWxucz0iaHR0cDovL3d3dy53My5vcmcvMjAwMC9zdmciPjwvc3ZnPg==\" \/><\/figure>\n\n\n\n<figure class=\"wp-block-image size-full\"><img decoding=\"async\" width=\"651\" height=\"669\" data-src=\"https:\/\/cssdn.gouv.qc.ca\/martiniere\/wp-content\/uploads\/sites\/33\/2026\/02\/Dictee-PGL.png\" alt=\"\" class=\"wp-image-6087 lazyload\" data-srcset=\"https:\/\/cssdn.gouv.qc.ca\/martiniere\/wp-content\/uploads\/sites\/33\/2026\/02\/Dictee-PGL.png 651w, https:\/\/cssdn.gouv.qc.ca\/martiniere\/wp-content\/uploads\/sites\/33\/2026\/02\/Dictee-PGL-292x300.png 292w\" data-sizes=\"(max-width: 651px) 100vw, 651px\" src=\"data:image\/svg+xml;base64,PHN2ZyB3aWR0aD0iMSIgaGVpZ2h0PSIxIiB4bWxucz0iaHR0cDovL3d3dy53My5vcmcvMjAwMC9zdmciPjwvc3ZnPg==\" style=\"--smush-placeholder-width: 651px; --smush-placeholder-aspect-ratio: 651\/669;\" \/><\/figure>\n\n\n\n<figure class=\"wp-block-image size-full\"><img decoding=\"async\" width=\"709\" height=\"678\" data-src=\"https:\/\/cssdn.gouv.qc.ca\/martiniere\/wp-content\/uploads\/sites\/33\/2026\/02\/Championnat-AQJM-1.png\" alt=\"\" class=\"wp-image-6089 lazyload\" data-srcset=\"https:\/\/cssdn.gouv.qc.ca\/martiniere\/wp-content\/uploads\/sites\/33\/2026\/02\/Championnat-AQJM-1.png 709w, https:\/\/cssdn.gouv.qc.ca\/martiniere\/wp-content\/uploads\/sites\/33\/2026\/02\/Championnat-AQJM-300x287.png 300w\" data-sizes=\"(max-width: 709px) 100vw, 709px\" src=\"data:image\/svg+xml;base64,PHN2ZyB3aWR0aD0iMSIgaGVpZ2h0PSIxIiB4bWxucz0iaHR0cDovL3d3dy53My5vcmcvMjAwMC9zdmciPjwvc3ZnPg==\" style=\"--smush-placeholder-width: 709px; --smush-placeholder-aspect-ratio: 709\/678;\" \/><\/figure>\n\n\n\n<h2 class=\"wp-block-heading\">En mode Olympiques<\/h2>\n\n\n\n<p class=\"wp-block-paragraph\">Du 6 au 22 f\u00e9vrier prochain, l\u2019\u00c9cole La Martini\u00e8re vibrera au rythme des Jeux olympiques de Milano-Cortina ! Ce grand projet rassembleur a d\u00e9but\u00e9 par la lev\u00e9e des anneaux olympiques accompagn\u00e9e de la flamme, lan\u00e7ant officiellement les festivit\u00e9s et l\u2019esprit sportif dans toute l\u2019\u00e9cole.<\/p>\n\n\n\n<p class=\"wp-block-paragraph\">Les \u00e9l\u00e8ves de 6e ann\u00e9e ont r\u00e9alis\u00e9 un travail remarquable en pr\u00e9parant les fiches pr\u00e9sentant nos athl\u00e8tes canadiens. Tout au long de l\u2019\u00e9v\u00e9nement, les m\u00e9dailles seront comptabilis\u00e9es quotidiennement, ajoutant un \u00e9l\u00e9ment de motivation et d\u2019excitation pour tous.<\/p>\n\n\n\n<p class=\"wp-block-paragraph\">Chaque midi, les \u00e9l\u00e8ves du service de garde auront la chance de participer \u00e0 diff\u00e9rentes \u00e9preuves sportives et ludiques. De plus, chaque groupe repr\u00e9sentera un pays, favorisant l\u2019esprit d\u2019\u00e9quipe, la d\u00e9couverte et le sentiment d\u2019appartenance.<\/p>\n\n\n\n<p class=\"wp-block-paragraph\">Nous ressentons d\u00e9j\u00e0 toute l\u2019\u00e9nergie et l\u2019enthousiasme des jeunes autour de ce magnifique projet rassembleur qui met en valeur l\u2019effort, le d\u00e9passement de soi et la fiert\u00e9 collective.<\/p>\n\n\n\n<figure class=\"wp-block-image size-full\"><img decoding=\"async\" width=\"320\" height=\"240\" data-src=\"https:\/\/cssdn.gouv.qc.ca\/martiniere\/wp-content\/uploads\/sites\/33\/2026\/02\/photo-olympiques2-Martniere.jpg\" alt=\"\" class=\"wp-image-6068 lazyload\" data-srcset=\"https:\/\/cssdn.gouv.qc.ca\/martiniere\/wp-content\/uploads\/sites\/33\/2026\/02\/photo-olympiques2-Martniere.jpg 320w, https:\/\/cssdn.gouv.qc.ca\/martiniere\/wp-content\/uploads\/sites\/33\/2026\/02\/photo-olympiques2-Martniere-300x225.jpg 300w\" data-sizes=\"(max-width: 320px) 100vw, 320px\" src=\"data:image\/svg+xml;base64,PHN2ZyB3aWR0aD0iMSIgaGVpZ2h0PSIxIiB4bWxucz0iaHR0cDovL3d3dy53My5vcmcvMjAwMC9zdmciPjwvc3ZnPg==\" style=\"--smush-placeholder-width: 320px; --smush-placeholder-aspect-ratio: 320\/240;\" \/><\/figure>\n\n\n\n<figure class=\"wp-block-image size-full\"><img decoding=\"async\" width=\"240\" height=\"320\" data-src=\"https:\/\/cssdn.gouv.qc.ca\/martiniere\/wp-content\/uploads\/sites\/33\/2026\/02\/photo-olympiques-Martniere.jpg\" alt=\"\" class=\"wp-image-6067 lazyload\" data-srcset=\"https:\/\/cssdn.gouv.qc.ca\/martiniere\/wp-content\/uploads\/sites\/33\/2026\/02\/photo-olympiques-Martniere.jpg 240w, https:\/\/cssdn.gouv.qc.ca\/martiniere\/wp-content\/uploads\/sites\/33\/2026\/02\/photo-olympiques-Martniere-225x300.jpg 225w\" data-sizes=\"(max-width: 240px) 100vw, 240px\" src=\"data:image\/svg+xml;base64,PHN2ZyB3aWR0aD0iMSIgaGVpZ2h0PSIxIiB4bWxucz0iaHR0cDovL3d3dy53My5vcmcvMjAwMC9zdmciPjwvc3ZnPg==\" style=\"--smush-placeholder-width: 240px; --smush-placeholder-aspect-ratio: 240\/320;\" \/><\/figure>\n\n\n\n<figure class=\"wp-block-image size-full\"><img decoding=\"async\" width=\"240\" height=\"320\" data-src=\"https:\/\/cssdn.gouv.qc.ca\/martiniere\/wp-content\/uploads\/sites\/33\/2026\/02\/photo-3-des-olympiques.jpg\" alt=\"\" class=\"wp-image-6065 lazyload\" data-srcset=\"https:\/\/cssdn.gouv.qc.ca\/martiniere\/wp-content\/uploads\/sites\/33\/2026\/02\/photo-3-des-olympiques.jpg 240w, https:\/\/cssdn.gouv.qc.ca\/martiniere\/wp-content\/uploads\/sites\/33\/2026\/02\/photo-3-des-olympiques-225x300.jpg 225w\" data-sizes=\"(max-width: 240px) 100vw, 240px\" src=\"data:image\/svg+xml;base64,PHN2ZyB3aWR0aD0iMSIgaGVpZ2h0PSIxIiB4bWxucz0iaHR0cDovL3d3dy53My5vcmcvMjAwMC9zdmciPjwvc3ZnPg==\" style=\"--smush-placeholder-width: 240px; --smush-placeholder-aspect-ratio: 240\/320;\" \/><\/figure>\n\n\n\n<h2 class=\"wp-block-heading\">D\u00eener familial<\/h2>\n\n\n\n<p class=\"wp-block-paragraph\"><strong>Nous vous remercions de votre pr\u00e9cieuse pr\u00e9sence au d\u00eener familial de La Martini\u00e8re. Je vous attends \u00e0 notre assembl\u00e9e g\u00e9n\u00e9rale le 16 septembre prochain \u00e0 18:15 . Venez en grand nombre j&rsquo;aurai besoin de parents pour participer \u00e0 certains comit\u00e9s de parents en 25-26 !<\/strong><\/p>\n\n\n\n<figure class=\"wp-block-image size-large is-resized\"><img decoding=\"async\" width=\"1024\" height=\"768\" data-src=\"https:\/\/cssdn.gouv.qc.ca\/martiniere\/wp-content\/uploads\/sites\/33\/2025\/09\/IMG_9883-1024x768.jpg\" alt=\"\" class=\"wp-image-5876 lazyload\" style=\"--smush-placeholder-width: 1024px; --smush-placeholder-aspect-ratio: 1024\/768;width:422px;height:auto\" data-srcset=\"https:\/\/cssdn.gouv.qc.ca\/martiniere\/wp-content\/uploads\/sites\/33\/2025\/09\/IMG_9883-1024x768.jpg 1024w, https:\/\/cssdn.gouv.qc.ca\/martiniere\/wp-content\/uploads\/sites\/33\/2025\/09\/IMG_9883-300x225.jpg 300w, https:\/\/cssdn.gouv.qc.ca\/martiniere\/wp-content\/uploads\/sites\/33\/2025\/09\/IMG_9883-768x576.jpg 768w, https:\/\/cssdn.gouv.qc.ca\/martiniere\/wp-content\/uploads\/sites\/33\/2025\/09\/IMG_9883-1536x1152.jpg 1536w, https:\/\/cssdn.gouv.qc.ca\/martiniere\/wp-content\/uploads\/sites\/33\/2025\/09\/IMG_9883-2048x1536.jpg 2048w\" data-sizes=\"(max-width: 1024px) 100vw, 1024px\" src=\"data:image\/svg+xml;base64,PHN2ZyB3aWR0aD0iMSIgaGVpZ2h0PSIxIiB4bWxucz0iaHR0cDovL3d3dy53My5vcmcvMjAwMC9zdmciPjwvc3ZnPg==\" \/><\/figure>\n\n\n\n<figure class=\"wp-block-image size-large is-resized is-style-default\"><img decoding=\"async\" width=\"1024\" height=\"768\" data-src=\"https:\/\/cssdn.gouv.qc.ca\/martiniere\/wp-content\/uploads\/sites\/33\/2025\/09\/IMG_9884-1024x768.jpg\" alt=\"\" class=\"wp-image-5875 lazyload\" style=\"--smush-placeholder-width: 1024px; --smush-placeholder-aspect-ratio: 1024\/768;width:422px;height:auto\" data-srcset=\"https:\/\/cssdn.gouv.qc.ca\/martiniere\/wp-content\/uploads\/sites\/33\/2025\/09\/IMG_9884-1024x768.jpg 1024w, https:\/\/cssdn.gouv.qc.ca\/martiniere\/wp-content\/uploads\/sites\/33\/2025\/09\/IMG_9884-300x225.jpg 300w, https:\/\/cssdn.gouv.qc.ca\/martiniere\/wp-content\/uploads\/sites\/33\/2025\/09\/IMG_9884-768x576.jpg 768w, https:\/\/cssdn.gouv.qc.ca\/martiniere\/wp-content\/uploads\/sites\/33\/2025\/09\/IMG_9884-1536x1152.jpg 1536w, https:\/\/cssdn.gouv.qc.ca\/martiniere\/wp-content\/uploads\/sites\/33\/2025\/09\/IMG_9884-2048x1536.jpg 2048w\" data-sizes=\"(max-width: 1024px) 100vw, 1024px\" src=\"data:image\/svg+xml;base64,PHN2ZyB3aWR0aD0iMSIgaGVpZ2h0PSIxIiB4bWxucz0iaHR0cDovL3d3dy53My5vcmcvMjAwMC9zdmciPjwvc3ZnPg==\" \/><\/figure>\n\n\n\n<figure class=\"wp-block-image size-medium is-resized\"><img decoding=\"async\" width=\"225\" height=\"300\" data-src=\"https:\/\/cssdn.gouv.qc.ca\/martiniere\/wp-content\/uploads\/sites\/33\/2025\/09\/IMG_9881-225x300.jpg\" alt=\"\" class=\"wp-image-5877 lazyload\" style=\"--smush-placeholder-width: 225px; --smush-placeholder-aspect-ratio: 225\/300;width:253px;height:auto\" data-srcset=\"https:\/\/cssdn.gouv.qc.ca\/martiniere\/wp-content\/uploads\/sites\/33\/2025\/09\/IMG_9881-225x300.jpg 225w, https:\/\/cssdn.gouv.qc.ca\/martiniere\/wp-content\/uploads\/sites\/33\/2025\/09\/IMG_9881-768x1024.jpg 768w, https:\/\/cssdn.gouv.qc.ca\/martiniere\/wp-content\/uploads\/sites\/33\/2025\/09\/IMG_9881-1152x1536.jpg 1152w, https:\/\/cssdn.gouv.qc.ca\/martiniere\/wp-content\/uploads\/sites\/33\/2025\/09\/IMG_9881-1536x2048.jpg 1536w, https:\/\/cssdn.gouv.qc.ca\/martiniere\/wp-content\/uploads\/sites\/33\/2025\/09\/IMG_9881-scaled.jpg 1920w\" data-sizes=\"(max-width: 225px) 100vw, 225px\" src=\"data:image\/svg+xml;base64,PHN2ZyB3aWR0aD0iMSIgaGVpZ2h0PSIxIiB4bWxucz0iaHR0cDovL3d3dy53My5vcmcvMjAwMC9zdmciPjwvc3ZnPg==\" \/><\/figure>\n","protected":false},"excerpt":{"rendered":"<p>F\u00eate de l&rsquo;hiver 25-26 En mode Olympiques Du 6 au 22 f\u00e9vrier prochain, l\u2019\u00c9cole La Martini\u00e8re vibrera au rythme des Jeux olympiques de Milano-Cortina ! Ce grand projet rassembleur a d\u00e9but\u00e9 par la lev\u00e9e des anneaux olympiques accompagn\u00e9e de la flamme, lan\u00e7ant officiellement les festivit\u00e9s et l\u2019esprit sportif dans toute l\u2019\u00e9cole. Les \u00e9l\u00e8ves de 6e [&hellip;]<\/p>\n","protected":false},"author":1,"featured_media":0,"parent":0,"menu_order":50,"comment_status":"closed","ping_status":"closed","template":"","meta":{"_acf_changed":false,"_crdt_document":"","inline_featured_image":false,"footnotes":""},"categories":[],"tags":[],"class_list":["post-17","page","type-page","status-publish","hentry"],"acf":[],"yoast_head":"<!-- This site is optimized with the Yoast SEO plugin v27.3 - https:\/\/yoast.com\/product\/yoast-seo-wordpress\/ -->\n<title>Vie scolaire - \u00c9cole La Martini\u00e8re<\/title>\n<meta name=\"robots\" content=\"index, follow, max-snippet:-1, max-image-preview:large, max-video-preview:-1\" \/>\n<link rel=\"canonical\" href=\"https:\/\/cssdn.gouv.qc.ca\/martiniere\/vie-scolaire\/\" \/>\n<meta property=\"og:locale\" content=\"fr_CA\" \/>\n<meta property=\"og:type\" content=\"article\" \/>\n<meta property=\"og:title\" content=\"Vie scolaire - \u00c9cole La Martini\u00e8re\" \/>\n<meta property=\"og:description\" content=\"F\u00eate de l&rsquo;hiver 25-26 En mode Olympiques Du 6 au 22 f\u00e9vrier prochain, l\u2019\u00c9cole La Martini\u00e8re vibrera au rythme des Jeux olympiques de Milano-Cortina ! Ce grand projet rassembleur a d\u00e9but\u00e9 par la lev\u00e9e des anneaux olympiques accompagn\u00e9e de la flamme, lan\u00e7ant officiellement les festivit\u00e9s et l\u2019esprit sportif dans toute l\u2019\u00e9cole. Les \u00e9l\u00e8ves de 6e [&hellip;]\" \/>\n<meta property=\"og:url\" content=\"https:\/\/cssdn.gouv.qc.ca\/martiniere\/vie-scolaire\/\" \/>\n<meta property=\"og:site_name\" content=\"\u00c9cole La Martini\u00e8re\" \/>\n<meta property=\"article:publisher\" content=\"https:\/\/www.facebook.com\/profile.php?id=100057657571666\" \/>\n<meta property=\"article:modified_time\" content=\"2026-03-17T13:52:46+00:00\" \/>\n<meta property=\"og:image\" content=\"https:\/\/cssdn.gouv.qc.ca\/martiniere\/wp-content\/uploads\/sites\/33\/2025\/09\/Bienveillance-septembre-2025.png\" \/>\n\t<meta property=\"og:image:width\" content=\"1502\" \/>\n\t<meta property=\"og:image:height\" content=\"658\" \/>\n\t<meta property=\"og:image:type\" content=\"image\/png\" \/>\n<meta name=\"twitter:card\" content=\"summary_large_image\" \/>\n<meta name=\"twitter:label1\" content=\"Estimation du temps de lecture\" \/>\n\t<meta name=\"twitter:data1\" content=\"3 minutes\" \/>\n<script type=\"application\/ld+json\" class=\"yoast-schema-graph\">{\"@context\":\"https:\\\/\\\/schema.org\",\"@graph\":[{\"@type\":\"WebPage\",\"@id\":\"https:\\\/\\\/cssdn.gouv.qc.ca\\\/martiniere\\\/vie-scolaire\\\/\",\"url\":\"https:\\\/\\\/cssdn.gouv.qc.ca\\\/martiniere\\\/vie-scolaire\\\/\",\"name\":\"Vie scolaire - \u00c9cole La Martini\u00e8re\",\"isPartOf\":{\"@id\":\"https:\\\/\\\/cssdn.gouv.qc.ca\\\/martiniere\\\/#website\"},\"primaryImageOfPage\":{\"@id\":\"https:\\\/\\\/cssdn.gouv.qc.ca\\\/martiniere\\\/vie-scolaire\\\/#primaryimage\"},\"image\":{\"@id\":\"https:\\\/\\\/cssdn.gouv.qc.ca\\\/martiniere\\\/vie-scolaire\\\/#primaryimage\"},\"thumbnailUrl\":\"https:\\\/\\\/cssdn.gouv.qc.ca\\\/martiniere\\\/wp-content\\\/uploads\\\/sites\\\/33\\\/2025\\\/09\\\/Bienveillance-septembre-2025-1024x449.png\",\"datePublished\":\"2022-11-08T21:07:56+00:00\",\"dateModified\":\"2026-03-17T13:52:46+00:00\",\"breadcrumb\":{\"@id\":\"https:\\\/\\\/cssdn.gouv.qc.ca\\\/martiniere\\\/vie-scolaire\\\/#breadcrumb\"},\"inLanguage\":\"fr-CA\",\"potentialAction\":[{\"@type\":\"ReadAction\",\"target\":[\"https:\\\/\\\/cssdn.gouv.qc.ca\\\/martiniere\\\/vie-scolaire\\\/\"]}]},{\"@type\":\"ImageObject\",\"inLanguage\":\"fr-CA\",\"@id\":\"https:\\\/\\\/cssdn.gouv.qc.ca\\\/martiniere\\\/vie-scolaire\\\/#primaryimage\",\"url\":\"https:\\\/\\\/cssdn.gouv.qc.ca\\\/martiniere\\\/wp-content\\\/uploads\\\/sites\\\/33\\\/2025\\\/09\\\/Bienveillance-septembre-2025.png\",\"contentUrl\":\"https:\\\/\\\/cssdn.gouv.qc.ca\\\/martiniere\\\/wp-content\\\/uploads\\\/sites\\\/33\\\/2025\\\/09\\\/Bienveillance-septembre-2025.png\",\"width\":1502,\"height\":658},{\"@type\":\"BreadcrumbList\",\"@id\":\"https:\\\/\\\/cssdn.gouv.qc.ca\\\/martiniere\\\/vie-scolaire\\\/#breadcrumb\",\"itemListElement\":[{\"@type\":\"ListItem\",\"position\":1,\"name\":\"Accueil\",\"item\":\"https:\\\/\\\/cssdn.gouv.qc.ca\\\/martiniere\\\/\"},{\"@type\":\"ListItem\",\"position\":2,\"name\":\"Vie scolaire\"}]},{\"@type\":\"WebSite\",\"@id\":\"https:\\\/\\\/cssdn.gouv.qc.ca\\\/martiniere\\\/#website\",\"url\":\"https:\\\/\\\/cssdn.gouv.qc.ca\\\/martiniere\\\/\",\"name\":\"\u00c9cole La Martini\u00e8re\",\"description\":\"Un site des centres de services scolaires des Navigateurs\",\"publisher\":{\"@id\":\"https:\\\/\\\/cssdn.gouv.qc.ca\\\/martiniere\\\/#organization\"},\"potentialAction\":[{\"@type\":\"SearchAction\",\"target\":{\"@type\":\"EntryPoint\",\"urlTemplate\":\"https:\\\/\\\/cssdn.gouv.qc.ca\\\/martiniere\\\/?s={search_term_string}\"},\"query-input\":{\"@type\":\"PropertyValueSpecification\",\"valueRequired\":true,\"valueName\":\"search_term_string\"}}],\"inLanguage\":\"fr-CA\"},{\"@type\":\"Organization\",\"@id\":\"https:\\\/\\\/cssdn.gouv.qc.ca\\\/martiniere\\\/#organization\",\"name\":\"\u00c9cole La Martini\u00e8re\",\"url\":\"https:\\\/\\\/cssdn.gouv.qc.ca\\\/martiniere\\\/\",\"logo\":{\"@type\":\"ImageObject\",\"inLanguage\":\"fr-CA\",\"@id\":\"https:\\\/\\\/cssdn.gouv.qc.ca\\\/martiniere\\\/#\\\/schema\\\/logo\\\/image\\\/\",\"url\":\"https:\\\/\\\/cssdn.gouv.qc.ca\\\/martiniere\\\/wp-content\\\/uploads\\\/sites\\\/33\\\/2023\\\/01\\\/logo_quebec.svg\",\"contentUrl\":\"https:\\\/\\\/cssdn.gouv.qc.ca\\\/martiniere\\\/wp-content\\\/uploads\\\/sites\\\/33\\\/2023\\\/01\\\/logo_quebec.svg\",\"width\":188,\"height\":41,\"caption\":\"\u00c9cole La Martini\u00e8re\"},\"image\":{\"@id\":\"https:\\\/\\\/cssdn.gouv.qc.ca\\\/martiniere\\\/#\\\/schema\\\/logo\\\/image\\\/\"},\"sameAs\":[\"https:\\\/\\\/www.facebook.com\\\/profile.php?id=100057657571666\"]}]}<\/script>\n<!-- \/ Yoast SEO plugin. -->","yoast_head_json":{"title":"Vie scolaire - \u00c9cole La Martini\u00e8re","robots":{"index":"index","follow":"follow","max-snippet":"max-snippet:-1","max-image-preview":"max-image-preview:large","max-video-preview":"max-video-preview:-1"},"canonical":"https:\/\/cssdn.gouv.qc.ca\/martiniere\/vie-scolaire\/","og_locale":"fr_CA","og_type":"article","og_title":"Vie scolaire - \u00c9cole La Martini\u00e8re","og_description":"F\u00eate de l&rsquo;hiver 25-26 En mode Olympiques Du 6 au 22 f\u00e9vrier prochain, l\u2019\u00c9cole La Martini\u00e8re vibrera au rythme des Jeux olympiques de Milano-Cortina ! Ce grand projet rassembleur a d\u00e9but\u00e9 par la lev\u00e9e des anneaux olympiques accompagn\u00e9e de la flamme, lan\u00e7ant officiellement les festivit\u00e9s et l\u2019esprit sportif dans toute l\u2019\u00e9cole. Les \u00e9l\u00e8ves de 6e [&hellip;]","og_url":"https:\/\/cssdn.gouv.qc.ca\/martiniere\/vie-scolaire\/","og_site_name":"\u00c9cole La Martini\u00e8re","article_publisher":"https:\/\/www.facebook.com\/profile.php?id=100057657571666","article_modified_time":"2026-03-17T13:52:46+00:00","og_image":[{"width":1502,"height":658,"url":"https:\/\/cssdn.gouv.qc.ca\/martiniere\/wp-content\/uploads\/sites\/33\/2025\/09\/Bienveillance-septembre-2025.png","type":"image\/png"}],"twitter_card":"summary_large_image","twitter_misc":{"Estimation du temps de lecture":"3 minutes"},"schema":{"@context":"https:\/\/schema.org","@graph":[{"@type":"WebPage","@id":"https:\/\/cssdn.gouv.qc.ca\/martiniere\/vie-scolaire\/","url":"https:\/\/cssdn.gouv.qc.ca\/martiniere\/vie-scolaire\/","name":"Vie scolaire - \u00c9cole La Martini\u00e8re","isPartOf":{"@id":"https:\/\/cssdn.gouv.qc.ca\/martiniere\/#website"},"primaryImageOfPage":{"@id":"https:\/\/cssdn.gouv.qc.ca\/martiniere\/vie-scolaire\/#primaryimage"},"image":{"@id":"https:\/\/cssdn.gouv.qc.ca\/martiniere\/vie-scolaire\/#primaryimage"},"thumbnailUrl":"https:\/\/cssdn.gouv.qc.ca\/martiniere\/wp-content\/uploads\/sites\/33\/2025\/09\/Bienveillance-septembre-2025-1024x449.png","datePublished":"2022-11-08T21:07:56+00:00","dateModified":"2026-03-17T13:52:46+00:00","breadcrumb":{"@id":"https:\/\/cssdn.gouv.qc.ca\/martiniere\/vie-scolaire\/#breadcrumb"},"inLanguage":"fr-CA","potentialAction":[{"@type":"ReadAction","target":["https:\/\/cssdn.gouv.qc.ca\/martiniere\/vie-scolaire\/"]}]},{"@type":"ImageObject","inLanguage":"fr-CA","@id":"https:\/\/cssdn.gouv.qc.ca\/martiniere\/vie-scolaire\/#primaryimage","url":"https:\/\/cssdn.gouv.qc.ca\/martiniere\/wp-content\/uploads\/sites\/33\/2025\/09\/Bienveillance-septembre-2025.png","contentUrl":"https:\/\/cssdn.gouv.qc.ca\/martiniere\/wp-content\/uploads\/sites\/33\/2025\/09\/Bienveillance-septembre-2025.png","width":1502,"height":658},{"@type":"BreadcrumbList","@id":"https:\/\/cssdn.gouv.qc.ca\/martiniere\/vie-scolaire\/#breadcrumb","itemListElement":[{"@type":"ListItem","position":1,"name":"Accueil","item":"https:\/\/cssdn.gouv.qc.ca\/martiniere\/"},{"@type":"ListItem","position":2,"name":"Vie scolaire"}]},{"@type":"WebSite","@id":"https:\/\/cssdn.gouv.qc.ca\/martiniere\/#website","url":"https:\/\/cssdn.gouv.qc.ca\/martiniere\/","name":"\u00c9cole La Martini\u00e8re","description":"Un site des centres de services scolaires des Navigateurs","publisher":{"@id":"https:\/\/cssdn.gouv.qc.ca\/martiniere\/#organization"},"potentialAction":[{"@type":"SearchAction","target":{"@type":"EntryPoint","urlTemplate":"https:\/\/cssdn.gouv.qc.ca\/martiniere\/?s={search_term_string}"},"query-input":{"@type":"PropertyValueSpecification","valueRequired":true,"valueName":"search_term_string"}}],"inLanguage":"fr-CA"},{"@type":"Organization","@id":"https:\/\/cssdn.gouv.qc.ca\/martiniere\/#organization","name":"\u00c9cole La Martini\u00e8re","url":"https:\/\/cssdn.gouv.qc.ca\/martiniere\/","logo":{"@type":"ImageObject","inLanguage":"fr-CA","@id":"https:\/\/cssdn.gouv.qc.ca\/martiniere\/#\/schema\/logo\/image\/","url":"https:\/\/cssdn.gouv.qc.ca\/martiniere\/wp-content\/uploads\/sites\/33\/2023\/01\/logo_quebec.svg","contentUrl":"https:\/\/cssdn.gouv.qc.ca\/martiniere\/wp-content\/uploads\/sites\/33\/2023\/01\/logo_quebec.svg","width":188,"height":41,"caption":"\u00c9cole La Martini\u00e8re"},"image":{"@id":"https:\/\/cssdn.gouv.qc.ca\/martiniere\/#\/schema\/logo\/image\/"},"sameAs":["https:\/\/www.facebook.com\/profile.php?id=100057657571666"]}]}},"publishpress_future_action":{"enabled":false,"date":"2026-04-15 19:52:16","action":"change-status","newStatus":"draft","terms":[],"taxonomy":"category","extraData":[]},"publishpress_future_workflow_manual_trigger":{"enabledWorkflows":[]},"_links":{"self":[{"href":"https:\/\/cssdn.gouv.qc.ca\/martiniere\/wp-json\/wp\/v2\/pages\/17","targetHints":{"allow":["GET"]}}],"collection":[{"href":"https:\/\/cssdn.gouv.qc.ca\/martiniere\/wp-json\/wp\/v2\/pages"}],"about":[{"href":"https:\/\/cssdn.gouv.qc.ca\/martiniere\/wp-json\/wp\/v2\/types\/page"}],"author":[{"embeddable":true,"href":"https:\/\/cssdn.gouv.qc.ca\/martiniere\/wp-json\/wp\/v2\/users\/1"}],"replies":[{"embeddable":true,"href":"https:\/\/cssdn.gouv.qc.ca\/martiniere\/wp-json\/wp\/v2\/comments?post=17"}],"version-history":[{"count":0,"href":"https:\/\/cssdn.gouv.qc.ca\/martiniere\/wp-json\/wp\/v2\/pages\/17\/revisions"}],"wp:attachment":[{"href":"https:\/\/cssdn.gouv.qc.ca\/martiniere\/wp-json\/wp\/v2\/media?parent=17"}],"wp:term":[{"taxonomy":"category","embeddable":true,"href":"https:\/\/cssdn.gouv.qc.ca\/martiniere\/wp-json\/wp\/v2\/categories?post=17"},{"taxonomy":"post_tag","embeddable":true,"href":"https:\/\/cssdn.gouv.qc.ca\/martiniere\/wp-json\/wp\/v2\/tags?post=17"}],"curies":[{"name":"wp","href":"https:\/\/api.w.org\/{rel}","templated":true}]}}