
{"id":8,"date":"2022-11-08T16:07:54","date_gmt":"2022-11-08T21:07:54","guid":{"rendered":"https:\/\/cssdn.gouv.qc.ca\/martiniere\/a-propos\/horaire-et-calendrier\/"},"modified":"2026-04-08T11:05:34","modified_gmt":"2026-04-08T15:05:34","slug":"horaire-et-calendrier","status":"publish","type":"page","link":"https:\/\/cssdn.gouv.qc.ca\/martiniere\/informations-aux-parents\/horaire-et-calendrier\/","title":{"rendered":"Horaire et calendrier"},"content":{"rendered":"\n<div class=\"wp-block-cover alignfull is-light is-style-title-banner\"><img decoding=\"async\" class=\"wp-block-cover__image-background wp-image-111 lazyload\" alt=\"\" data-src=\"https:\/\/cssdn.gouv.qc.ca\/wp-content\/uploads\/2022\/08\/Seawire-Hero-06.jpg\" data-object-fit=\"cover\" src=\"data:image\/svg+xml;base64,PHN2ZyB3aWR0aD0iMSIgaGVpZ2h0PSIxIiB4bWxucz0iaHR0cDovL3d3dy53My5vcmcvMjAwMC9zdmciPjwvc3ZnPg==\" \/><span aria-hidden=\"true\" class=\"wp-block-cover__background has-primary-background-color has-background-dim\"><\/span><div class=\"wp-block-cover__inner-container\"><h3 class=\"wp-block-post-title\">Horaire et calendrier<\/h3><\/div><\/div>\n\n\n\n<div class=\"wp-block-group alignfull has-padding-y-large has-secondary-background-color has-background\"><div class=\"yoast-breadcrumbs alignwide \"><span class=\"breadcrumbs\"><a href=\"https:\/\/cssdn.gouv.qc.ca\/martiniere\/\" class=\"breadcrumbs__element\">Accueil<\/a> <span class=\"breadcrumbs__separator\">\n        <svg class=\"icon icon-breadcrumb__separator\"><use xlink:href=\"#icon-breadcrumb__separator\"><\/use><\/svg>\n    <\/span> <a href=\"https:\/\/cssdn.gouv.qc.ca\/martiniere\/informations-aux-parents\/\" class=\"breadcrumbs__element\">Informations aux parents<\/a> <span class=\"breadcrumbs__separator\">\n        <svg class=\"icon icon-breadcrumb__separator\"><use xlink:href=\"#icon-breadcrumb__separator\"><\/use><\/svg>\n    <\/span> <span class=\"breadcrumbs__element breadcrumbs__element-current\">Horaire et calendrier<\/span><\/span><\/div><\/div>\n\n\n\n<div class=\"wp-block-file\"><a id=\"wp-block-file--media-73b25371-fca4-45dc-9bdd-b4143c30a129\" href=\"https:\/\/cssdn.gouv.qc.ca\/martiniere\/wp-content\/uploads\/sites\/33\/2025\/08\/Calendrier-PRIMAIRE-2025-2026-CSSDN_-Version-officielle-1.pdf\">Calendrier-PRIMAIRE-2025-2026-CSSDN_-Version-officielle-1<\/a><a href=\"https:\/\/cssdn.gouv.qc.ca\/martiniere\/wp-content\/uploads\/sites\/33\/2025\/08\/Calendrier-PRIMAIRE-2025-2026-CSSDN_-Version-officielle-1.pdf\" class=\"wp-block-file__button wp-element-button\" download aria-describedby=\"wp-block-file--media-73b25371-fca4-45dc-9bdd-b4143c30a129\">Download<\/a><\/div>\n\n\n\n<div class=\"wp-block-file\"><a id=\"wp-block-file--media-3824df26-0634-4f98-b6c7-5ea57d88dbab\" href=\"https:\/\/cssdn.gouv.qc.ca\/martiniere\/wp-content\/uploads\/sites\/33\/2026\/02\/Calendrier-PRIMAIRE-2026-2027-CSSDN_Final.pdf\">Calendrier PRIMAIRE 2026-2027 CSSDN_Final<\/a><a href=\"https:\/\/cssdn.gouv.qc.ca\/martiniere\/wp-content\/uploads\/sites\/33\/2026\/02\/Calendrier-PRIMAIRE-2026-2027-CSSDN_Final.pdf\" class=\"wp-block-file__button wp-element-button\" download aria-describedby=\"wp-block-file--media-3824df26-0634-4f98-b6c7-5ea57d88dbab\">Download<\/a><\/div>\n\n\n\n<h2 class=\"wp-block-heading\">Horaire de l&rsquo;\u00e9cole<\/h2>\n\n\n\n<p class=\"wp-block-paragraph\">Primaire<\/p>\n\n\n\n<ul class=\"wp-block-list\">\n<li><strong>6h45 : Ouverture du service de garde<\/strong><\/li>\n\n\n\n<li>8h00 : Arriv\u00e9e des marcheurs<\/li>\n\n\n\n<li>8h10 \u00e0 9h10 : P\u00e9riode 1<\/li>\n\n\n\n<li>9h10 \u00e0 10h10 : P\u00e9riode 2<\/li>\n\n\n\n<li>10h10 \u00e0 10h35 : R\u00e9cr\u00e9ation AM<\/li>\n\n\n\n<li>10h35 \u00e0 11h35 : P\u00e9riode 3<\/li>\n\n\n\n<li><strong>D\u00ceNER 11h35 \u00e0 13h00<\/strong><\/li>\n\n\n\n<li>12h50 : Arriv\u00e9e des marcheurs<\/li>\n\n\n\n<li>13h \u00e0 14h : P\u00e9riode 4<\/li>\n\n\n\n<li>14h \u00e0 14h25 : R\u00e9cr\u00e9ation PM<\/li>\n\n\n\n<li>14h25 \u00e0 15h25 : P\u00e9riode 5<\/li>\n\n\n\n<li><strong>17h45 : Fermeture du service de garde<\/strong><\/li>\n<\/ul>\n\n\n\n<p class=\"wp-block-paragraph\">Pr\u00e9scolaire<\/p>\n\n\n\n<ul class=\"wp-block-list\">\n<li><strong>6h45 : Ouverture du service de garde<\/strong><\/li>\n\n\n\n<li>8h00: Arriv\u00e9e des marcheurs<\/li>\n\n\n\n<li>8h10 \u00e0 11h30 : AM<\/li>\n\n\n\n<li><strong>D\u00ceNER 11h30 \u00e0 13h00<\/strong><\/li>\n\n\n\n<li>12h50 : Arriv\u00e9e des marcheurs<\/li>\n\n\n\n<li>13h \u00e0 14h27 : PM<\/li>\n\n\n\n<li><strong>14h27 \u00e0 17h45 : Service de garde<\/strong><\/li>\n<\/ul>\n\n\n\n<p class=\"wp-block-paragraph\">Horaire du secr\u00e9tariat<\/p>\n\n\n\n<ul class=\"wp-block-list\">\n<li>7h40 \u00e0 11h45 et 12h45 \u00e0 15h40<\/li>\n<\/ul>\n","protected":false},"excerpt":{"rendered":"<p>Horaire de l&rsquo;\u00e9cole Primaire Pr\u00e9scolaire Horaire du secr\u00e9tariat<\/p>\n","protected":false},"author":1,"featured_media":0,"parent":13,"menu_order":0,"comment_status":"closed","ping_status":"closed","template":"","meta":{"_acf_changed":false,"_crdt_document":"","inline_featured_image":false,"footnotes":""},"categories":[],"tags":[],"class_list":["post-8","page","type-page","status-publish","hentry"],"acf":[],"yoast_head":"<!-- This site is optimized with the Yoast SEO plugin v27.4 - https:\/\/yoast.com\/product\/yoast-seo-wordpress\/ -->\n<title>Horaire et calendrier - \u00c9cole La Martini\u00e8re<\/title>\n<meta name=\"robots\" content=\"index, follow, max-snippet:-1, max-image-preview:large, max-video-preview:-1\" \/>\n<link rel=\"canonical\" href=\"https:\/\/cssdn.gouv.qc.ca\/martiniere\/informations-aux-parents\/horaire-et-calendrier\/\" \/>\n<meta property=\"og:locale\" content=\"fr_CA\" \/>\n<meta property=\"og:type\" content=\"article\" \/>\n<meta property=\"og:title\" content=\"Horaire et calendrier - \u00c9cole La Martini\u00e8re\" \/>\n<meta property=\"og:description\" content=\"Horaire de l&rsquo;\u00e9cole Primaire Pr\u00e9scolaire Horaire du secr\u00e9tariat\" \/>\n<meta property=\"og:url\" content=\"https:\/\/cssdn.gouv.qc.ca\/martiniere\/informations-aux-parents\/horaire-et-calendrier\/\" \/>\n<meta property=\"og:site_name\" content=\"\u00c9cole La Martini\u00e8re\" \/>\n<meta property=\"article:publisher\" content=\"https:\/\/www.facebook.com\/profile.php?id=100057657571666\" \/>\n<meta property=\"article:modified_time\" content=\"2026-04-08T15:05:34+00:00\" \/>\n<meta name=\"twitter:card\" content=\"summary_large_image\" \/>\n<meta name=\"twitter:label1\" content=\"Estimation du temps de lecture\" \/>\n\t<meta name=\"twitter:data1\" content=\"1 minute\" \/>\n<script type=\"application\/ld+json\" class=\"yoast-schema-graph\">{\"@context\":\"https:\\\/\\\/schema.org\",\"@graph\":[{\"@type\":\"WebPage\",\"@id\":\"https:\\\/\\\/cssdn.gouv.qc.ca\\\/martiniere\\\/informations-aux-parents\\\/horaire-et-calendrier\\\/\",\"url\":\"https:\\\/\\\/cssdn.gouv.qc.ca\\\/martiniere\\\/informations-aux-parents\\\/horaire-et-calendrier\\\/\",\"name\":\"Horaire et calendrier - \u00c9cole La Martini\u00e8re\",\"isPartOf\":{\"@id\":\"https:\\\/\\\/cssdn.gouv.qc.ca\\\/martiniere\\\/#website\"},\"primaryImageOfPage\":{\"@id\":\"https:\\\/\\\/cssdn.gouv.qc.ca\\\/martiniere\\\/informations-aux-parents\\\/horaire-et-calendrier\\\/#primaryimage\"},\"image\":{\"@id\":\"https:\\\/\\\/cssdn.gouv.qc.ca\\\/martiniere\\\/informations-aux-parents\\\/horaire-et-calendrier\\\/#primaryimage\"},\"thumbnailUrl\":\"https:\\\/\\\/cssdn.gouv.qc.ca\\\/wp-content\\\/uploads\\\/2022\\\/08\\\/Seawire-Hero-06.jpg\",\"datePublished\":\"2022-11-08T21:07:54+00:00\",\"dateModified\":\"2026-04-08T15:05:34+00:00\",\"breadcrumb\":{\"@id\":\"https:\\\/\\\/cssdn.gouv.qc.ca\\\/martiniere\\\/informations-aux-parents\\\/horaire-et-calendrier\\\/#breadcrumb\"},\"inLanguage\":\"fr-CA\",\"potentialAction\":[{\"@type\":\"ReadAction\",\"target\":[\"https:\\\/\\\/cssdn.gouv.qc.ca\\\/martiniere\\\/informations-aux-parents\\\/horaire-et-calendrier\\\/\"]}]},{\"@type\":\"ImageObject\",\"inLanguage\":\"fr-CA\",\"@id\":\"https:\\\/\\\/cssdn.gouv.qc.ca\\\/martiniere\\\/informations-aux-parents\\\/horaire-et-calendrier\\\/#primaryimage\",\"url\":\"https:\\\/\\\/cssdn.gouv.qc.ca\\\/wp-content\\\/uploads\\\/2022\\\/08\\\/Seawire-Hero-06.jpg\",\"contentUrl\":\"https:\\\/\\\/cssdn.gouv.qc.ca\\\/wp-content\\\/uploads\\\/2022\\\/08\\\/Seawire-Hero-06.jpg\"},{\"@type\":\"BreadcrumbList\",\"@id\":\"https:\\\/\\\/cssdn.gouv.qc.ca\\\/martiniere\\\/informations-aux-parents\\\/horaire-et-calendrier\\\/#breadcrumb\",\"itemListElement\":[{\"@type\":\"ListItem\",\"position\":1,\"name\":\"Accueil\",\"item\":\"https:\\\/\\\/cssdn.gouv.qc.ca\\\/martiniere\\\/\"},{\"@type\":\"ListItem\",\"position\":2,\"name\":\"Informations aux parents\",\"item\":\"https:\\\/\\\/cssdn.gouv.qc.ca\\\/martiniere\\\/informations-aux-parents\\\/\"},{\"@type\":\"ListItem\",\"position\":3,\"name\":\"Horaire et calendrier\"}]},{\"@type\":\"WebSite\",\"@id\":\"https:\\\/\\\/cssdn.gouv.qc.ca\\\/martiniere\\\/#website\",\"url\":\"https:\\\/\\\/cssdn.gouv.qc.ca\\\/martiniere\\\/\",\"name\":\"\u00c9cole La Martini\u00e8re\",\"description\":\"Un site des centres de services scolaires des Navigateurs\",\"publisher\":{\"@id\":\"https:\\\/\\\/cssdn.gouv.qc.ca\\\/martiniere\\\/#organization\"},\"potentialAction\":[{\"@type\":\"SearchAction\",\"target\":{\"@type\":\"EntryPoint\",\"urlTemplate\":\"https:\\\/\\\/cssdn.gouv.qc.ca\\\/martiniere\\\/?s={search_term_string}\"},\"query-input\":{\"@type\":\"PropertyValueSpecification\",\"valueRequired\":true,\"valueName\":\"search_term_string\"}}],\"inLanguage\":\"fr-CA\"},{\"@type\":\"Organization\",\"@id\":\"https:\\\/\\\/cssdn.gouv.qc.ca\\\/martiniere\\\/#organization\",\"name\":\"\u00c9cole La Martini\u00e8re\",\"url\":\"https:\\\/\\\/cssdn.gouv.qc.ca\\\/martiniere\\\/\",\"logo\":{\"@type\":\"ImageObject\",\"inLanguage\":\"fr-CA\",\"@id\":\"https:\\\/\\\/cssdn.gouv.qc.ca\\\/martiniere\\\/#\\\/schema\\\/logo\\\/image\\\/\",\"url\":\"https:\\\/\\\/cssdn.gouv.qc.ca\\\/martiniere\\\/wp-content\\\/uploads\\\/sites\\\/33\\\/2023\\\/01\\\/logo_quebec.svg\",\"contentUrl\":\"https:\\\/\\\/cssdn.gouv.qc.ca\\\/martiniere\\\/wp-content\\\/uploads\\\/sites\\\/33\\\/2023\\\/01\\\/logo_quebec.svg\",\"width\":188,\"height\":41,\"caption\":\"\u00c9cole La Martini\u00e8re\"},\"image\":{\"@id\":\"https:\\\/\\\/cssdn.gouv.qc.ca\\\/martiniere\\\/#\\\/schema\\\/logo\\\/image\\\/\"},\"sameAs\":[\"https:\\\/\\\/www.facebook.com\\\/profile.php?id=100057657571666\"]}]}<\/script>\n<!-- \/ Yoast SEO plugin. -->","yoast_head_json":{"title":"Horaire et calendrier - \u00c9cole La Martini\u00e8re","robots":{"index":"index","follow":"follow","max-snippet":"max-snippet:-1","max-image-preview":"max-image-preview:large","max-video-preview":"max-video-preview:-1"},"canonical":"https:\/\/cssdn.gouv.qc.ca\/martiniere\/informations-aux-parents\/horaire-et-calendrier\/","og_locale":"fr_CA","og_type":"article","og_title":"Horaire et calendrier - \u00c9cole La Martini\u00e8re","og_description":"Horaire de l&rsquo;\u00e9cole Primaire Pr\u00e9scolaire Horaire du secr\u00e9tariat","og_url":"https:\/\/cssdn.gouv.qc.ca\/martiniere\/informations-aux-parents\/horaire-et-calendrier\/","og_site_name":"\u00c9cole La Martini\u00e8re","article_publisher":"https:\/\/www.facebook.com\/profile.php?id=100057657571666","article_modified_time":"2026-04-08T15:05:34+00:00","twitter_card":"summary_large_image","twitter_misc":{"Estimation du temps de lecture":"1 minute"},"schema":{"@context":"https:\/\/schema.org","@graph":[{"@type":"WebPage","@id":"https:\/\/cssdn.gouv.qc.ca\/martiniere\/informations-aux-parents\/horaire-et-calendrier\/","url":"https:\/\/cssdn.gouv.qc.ca\/martiniere\/informations-aux-parents\/horaire-et-calendrier\/","name":"Horaire et calendrier - \u00c9cole La Martini\u00e8re","isPartOf":{"@id":"https:\/\/cssdn.gouv.qc.ca\/martiniere\/#website"},"primaryImageOfPage":{"@id":"https:\/\/cssdn.gouv.qc.ca\/martiniere\/informations-aux-parents\/horaire-et-calendrier\/#primaryimage"},"image":{"@id":"https:\/\/cssdn.gouv.qc.ca\/martiniere\/informations-aux-parents\/horaire-et-calendrier\/#primaryimage"},"thumbnailUrl":"https:\/\/cssdn.gouv.qc.ca\/wp-content\/uploads\/2022\/08\/Seawire-Hero-06.jpg","datePublished":"2022-11-08T21:07:54+00:00","dateModified":"2026-04-08T15:05:34+00:00","breadcrumb":{"@id":"https:\/\/cssdn.gouv.qc.ca\/martiniere\/informations-aux-parents\/horaire-et-calendrier\/#breadcrumb"},"inLanguage":"fr-CA","potentialAction":[{"@type":"ReadAction","target":["https:\/\/cssdn.gouv.qc.ca\/martiniere\/informations-aux-parents\/horaire-et-calendrier\/"]}]},{"@type":"ImageObject","inLanguage":"fr-CA","@id":"https:\/\/cssdn.gouv.qc.ca\/martiniere\/informations-aux-parents\/horaire-et-calendrier\/#primaryimage","url":"https:\/\/cssdn.gouv.qc.ca\/wp-content\/uploads\/2022\/08\/Seawire-Hero-06.jpg","contentUrl":"https:\/\/cssdn.gouv.qc.ca\/wp-content\/uploads\/2022\/08\/Seawire-Hero-06.jpg"},{"@type":"BreadcrumbList","@id":"https:\/\/cssdn.gouv.qc.ca\/martiniere\/informations-aux-parents\/horaire-et-calendrier\/#breadcrumb","itemListElement":[{"@type":"ListItem","position":1,"name":"Accueil","item":"https:\/\/cssdn.gouv.qc.ca\/martiniere\/"},{"@type":"ListItem","position":2,"name":"Informations aux parents","item":"https:\/\/cssdn.gouv.qc.ca\/martiniere\/informations-aux-parents\/"},{"@type":"ListItem","position":3,"name":"Horaire et calendrier"}]},{"@type":"WebSite","@id":"https:\/\/cssdn.gouv.qc.ca\/martiniere\/#website","url":"https:\/\/cssdn.gouv.qc.ca\/martiniere\/","name":"\u00c9cole La Martini\u00e8re","description":"Un site des centres de services scolaires des Navigateurs","publisher":{"@id":"https:\/\/cssdn.gouv.qc.ca\/martiniere\/#organization"},"potentialAction":[{"@type":"SearchAction","target":{"@type":"EntryPoint","urlTemplate":"https:\/\/cssdn.gouv.qc.ca\/martiniere\/?s={search_term_string}"},"query-input":{"@type":"PropertyValueSpecification","valueRequired":true,"valueName":"search_term_string"}}],"inLanguage":"fr-CA"},{"@type":"Organization","@id":"https:\/\/cssdn.gouv.qc.ca\/martiniere\/#organization","name":"\u00c9cole La Martini\u00e8re","url":"https:\/\/cssdn.gouv.qc.ca\/martiniere\/","logo":{"@type":"ImageObject","inLanguage":"fr-CA","@id":"https:\/\/cssdn.gouv.qc.ca\/martiniere\/#\/schema\/logo\/image\/","url":"https:\/\/cssdn.gouv.qc.ca\/martiniere\/wp-content\/uploads\/sites\/33\/2023\/01\/logo_quebec.svg","contentUrl":"https:\/\/cssdn.gouv.qc.ca\/martiniere\/wp-content\/uploads\/sites\/33\/2023\/01\/logo_quebec.svg","width":188,"height":41,"caption":"\u00c9cole La Martini\u00e8re"},"image":{"@id":"https:\/\/cssdn.gouv.qc.ca\/martiniere\/#\/schema\/logo\/image\/"},"sameAs":["https:\/\/www.facebook.com\/profile.php?id=100057657571666"]}]}},"publishpress_future_action":{"enabled":false,"date":"2026-04-27 05:02:23","action":"change-status","newStatus":"draft","terms":[],"taxonomy":"category","extraData":[]},"publishpress_future_workflow_manual_trigger":{"enabledWorkflows":[]},"_links":{"self":[{"href":"https:\/\/cssdn.gouv.qc.ca\/martiniere\/wp-json\/wp\/v2\/pages\/8","targetHints":{"allow":["GET"]}}],"collection":[{"href":"https:\/\/cssdn.gouv.qc.ca\/martiniere\/wp-json\/wp\/v2\/pages"}],"about":[{"href":"https:\/\/cssdn.gouv.qc.ca\/martiniere\/wp-json\/wp\/v2\/types\/page"}],"author":[{"embeddable":true,"href":"https:\/\/cssdn.gouv.qc.ca\/martiniere\/wp-json\/wp\/v2\/users\/1"}],"replies":[{"embeddable":true,"href":"https:\/\/cssdn.gouv.qc.ca\/martiniere\/wp-json\/wp\/v2\/comments?post=8"}],"version-history":[{"count":0,"href":"https:\/\/cssdn.gouv.qc.ca\/martiniere\/wp-json\/wp\/v2\/pages\/8\/revisions"}],"up":[{"embeddable":true,"href":"https:\/\/cssdn.gouv.qc.ca\/martiniere\/wp-json\/wp\/v2\/pages\/13"}],"wp:attachment":[{"href":"https:\/\/cssdn.gouv.qc.ca\/martiniere\/wp-json\/wp\/v2\/media?parent=8"}],"wp:term":[{"taxonomy":"category","embeddable":true,"href":"https:\/\/cssdn.gouv.qc.ca\/martiniere\/wp-json\/wp\/v2\/categories?post=8"},{"taxonomy":"post_tag","embeddable":true,"href":"https:\/\/cssdn.gouv.qc.ca\/martiniere\/wp-json\/wp\/v2\/tags?post=8"}],"curies":[{"name":"wp","href":"https:\/\/api.w.org\/{rel}","templated":true}]}}