
{"id":11,"date":"2022-11-08T16:07:54","date_gmt":"2022-11-08T21:07:54","guid":{"rendered":"https:\/\/cssdn.gouv.qc.ca\/moussaillonsboise\/a-propos\/documentation-et-rapport-annuel\/"},"modified":"2025-10-31T15:59:10","modified_gmt":"2025-10-31T19:59:10","slug":"documentation-et-rapport-annuel","status":"publish","type":"page","link":"https:\/\/cssdn.gouv.qc.ca\/moussaillonsboise\/a-propos\/documentation-et-rapport-annuel\/","title":{"rendered":"Documentation officielle"},"content":{"rendered":"\n<div class=\"wp-block-cover alignfull is-light is-style-title-banner\"><img decoding=\"async\" class=\"wp-block-cover__image-background wp-image-111 lazyload\" alt=\"\" data-src=\"https:\/\/cssdn.gouv.qc.ca\/wp-content\/uploads\/2022\/08\/Seawire-Hero-06.jpg\" data-object-fit=\"cover\" src=\"data:image\/svg+xml;base64,PHN2ZyB3aWR0aD0iMSIgaGVpZ2h0PSIxIiB4bWxucz0iaHR0cDovL3d3dy53My5vcmcvMjAwMC9zdmciPjwvc3ZnPg==\" \/><span aria-hidden=\"true\" class=\"wp-block-cover__background has-primary-background-color has-background-dim\"><\/span><div class=\"wp-block-cover__inner-container\"><h3 class=\"wp-block-post-title\">Documentation officielle<\/h3><\/div><\/div>\n\n\n\n<div class=\"wp-block-group alignfull has-padding-y-large has-secondary-background-color has-background\"><div class=\"yoast-breadcrumbs alignwide \"><span class=\"breadcrumbs\"><a href=\"https:\/\/cssdn.gouv.qc.ca\/moussaillonsboise\/\" class=\"breadcrumbs__element\">Accueil<\/a> <span class=\"breadcrumbs__separator\">\n        <svg class=\"icon icon-breadcrumb__separator\"><use xlink:href=\"#icon-breadcrumb__separator\"><\/use><\/svg>\n    <\/span> <a href=\"https:\/\/cssdn.gouv.qc.ca\/moussaillonsboise\/a-propos\/\" class=\"breadcrumbs__element\">\u00c0 propos<\/a> <span class=\"breadcrumbs__separator\">\n        <svg class=\"icon icon-breadcrumb__separator\"><use xlink:href=\"#icon-breadcrumb__separator\"><\/use><\/svg>\n    <\/span> <span class=\"breadcrumbs__element breadcrumbs__element-current\">Documentation officielle<\/span><\/span><\/div><\/div>\n\n\n\n<h1 class=\"wp-block-heading\">Projet \u00e9ducatif<\/h1>\n\n\n\n<div class=\"wp-block-file\"><a id=\"wp-block-file--media-3a92f228-2589-4b79-b782-0fd26c61dae4\" href=\"https:\/\/cssdn.gouv.qc.ca\/moussaillonsboise\/wp-content\/uploads\/sites\/34\/2025\/02\/PE-2023-2027_Moussaillons-du-Boise.pdf\">Projet \u00e9ducatif 2023-2027 Moussaillons du Bois\u00e9<\/a><a href=\"https:\/\/cssdn.gouv.qc.ca\/moussaillonsboise\/wp-content\/uploads\/sites\/34\/2025\/02\/PE-2023-2027_Moussaillons-du-Boise.pdf\" class=\"wp-block-file__button wp-element-button\" download aria-describedby=\"wp-block-file--media-3a92f228-2589-4b79-b782-0fd26c61dae4\">T\u00e9l\u00e9charger<\/a><\/div>\n\n\n\n<h2 class=\"wp-block-heading\">Rapport annuel de gestion du conseil d\u2019\u00e9tablissement<\/h2>\n\n\n\n<h2 class=\"wp-block-heading\">Redditions de comptes du projet \u00e9ducatif<\/h2>\n\n\n\n<div class=\"wp-block-file\"><a id=\"wp-block-file--media-3a9e6c5c-cfce-46c9-9579-6bd2665f6709\" href=\"https:\/\/cssdn.gouv.qc.ca\/moussaillonsboise\/wp-content\/uploads\/sites\/34\/2025\/09\/Rapport-annuel-du-projet-educatif-Moussaillons-Boise_-2024-2025.pdf\">Reddition de comptes du projet \u00e9ducatif Moussaillons, Bois\u00e9 2024-2025<\/a><a href=\"https:\/\/cssdn.gouv.qc.ca\/moussaillonsboise\/wp-content\/uploads\/sites\/34\/2025\/09\/Rapport-annuel-du-projet-educatif-Moussaillons-Boise_-2024-2025.pdf\" class=\"wp-block-file__button wp-element-button\" download aria-describedby=\"wp-block-file--media-3a9e6c5c-cfce-46c9-9579-6bd2665f6709\">Download<\/a><\/div>\n\n\n\n<div class=\"wp-block-file\"><a id=\"wp-block-file--media-ad04dc84-84df-4a1b-89c0-bdfb5b089edb\" href=\"https:\/\/cssdn.gouv.qc.ca\/moussaillonsboise\/wp-content\/uploads\/sites\/34\/2023\/12\/Mousaillons-boise-22-231.pdf\">2022-2023<\/a><a href=\"https:\/\/cssdn.gouv.qc.ca\/moussaillonsboise\/wp-content\/uploads\/sites\/34\/2023\/12\/Mousaillons-boise-22-231.pdf\" class=\"wp-block-file__button wp-element-button\" download aria-describedby=\"wp-block-file--media-ad04dc84-84df-4a1b-89c0-bdfb5b089edb\">Download<\/a><\/div>\n\n\n\n<div class=\"wp-block-file\"><a id=\"wp-block-file--media-7cfe0889-d5f5-4ae1-85ac-d12aa70c142b\" href=\"https:\/\/cssdn.gouv.qc.ca\/moussaillonsboise\/wp-content\/uploads\/sites\/34\/2023\/03\/2021-2022_rcpe-mousaillons.pdf\">2021-2022<\/a><a href=\"https:\/\/cssdn.gouv.qc.ca\/moussaillonsboise\/wp-content\/uploads\/sites\/34\/2023\/03\/2021-2022_rcpe-mousaillons.pdf\" class=\"wp-block-file__button wp-element-button\" download aria-describedby=\"wp-block-file--media-7cfe0889-d5f5-4ae1-85ac-d12aa70c142b\">Download<\/a><\/div>\n\n\n\n<div class=\"wp-block-file\"><a id=\"wp-block-file--media-9e13eb60-3e2a-453f-a17b-5e5475782678\" href=\"https:\/\/cssdn.gouv.qc.ca\/moussaillonsboise\/wp-content\/uploads\/sites\/34\/2023\/03\/rcpe_moussaillons-boise_2020-2021.pdf\">2020-2021<\/a><a href=\"https:\/\/cssdn.gouv.qc.ca\/moussaillonsboise\/wp-content\/uploads\/sites\/34\/2023\/03\/rcpe_moussaillons-boise_2020-2021.pdf\" class=\"wp-block-file__button wp-element-button\" download aria-describedby=\"wp-block-file--media-9e13eb60-3e2a-453f-a17b-5e5475782678\">Download<\/a><\/div>\n\n\n\n<div class=\"wp-block-file\"><a id=\"wp-block-file--media-3c3197eb-4d7c-4c92-9fb9-3ec8697c581f\" href=\"https:\/\/cssdn.gouv.qc.ca\/moussaillonsboise\/wp-content\/uploads\/sites\/34\/2023\/03\/ra_moussaillons_duboise_2019-2020.pdf\">2019-2020<\/a><a href=\"https:\/\/cssdn.gouv.qc.ca\/moussaillonsboise\/wp-content\/uploads\/sites\/34\/2023\/03\/ra_moussaillons_duboise_2019-2020.pdf\" class=\"wp-block-file__button wp-element-button\" download aria-describedby=\"wp-block-file--media-3c3197eb-4d7c-4c92-9fb9-3ec8697c581f\">Download<\/a><\/div>\n\n\n\n<div class=\"wp-block-file\"><a id=\"wp-block-file--media-2b10dd99-1efb-4ef5-a607-a749e55bfc41\" href=\"https:\/\/cssdn.gouv.qc.ca\/moussaillonsboise\/wp-content\/uploads\/sites\/34\/2023\/03\/ra_moussaillons-boise1819.pdf\" target=\"_blank\" rel=\"noreferrer noopener\">2018-2019<\/a><\/div>\n\n\n\n<div class=\"wp-block-file\"><a id=\"wp-block-file--media-80d0b7bd-70e0-4260-b33a-d8a55a45c88d\" href=\"https:\/\/cssdn.gouv.qc.ca\/moussaillonsboise\/wp-content\/uploads\/sites\/34\/2023\/03\/ra_moussaillons-boise1718_v2.pdf\" target=\"_blank\" rel=\"noreferrer noopener\">2017-2018<\/a><\/div>\n\n\n\n<h1 class=\"wp-block-heading\">Plan de lutte contre la violence et l\u2019intimidation \u00e0 l\u2019\u00e9cole<\/h1>\n\n\n\n<div class=\"wp-block-file\"><a id=\"wp-block-file--media-e4fe1a7f-3003-477e-8d6f-6eb2d38f60df\" href=\"https:\/\/cssdn.gouv.qc.ca\/moussaillonsboise\/wp-content\/uploads\/sites\/34\/2025\/06\/Plan-de-lutte-pour-contrer-la-violence-et-lintimidation_2025-26-ecole-des-Moussaillons-du-Boise.pdf\">Plan de lutte pour contrer la violence et l&rsquo;intimidation 2025-2026 \u00c9cole des Moussaillons, du Bois\u00e9<\/a><a href=\"https:\/\/cssdn.gouv.qc.ca\/moussaillonsboise\/wp-content\/uploads\/sites\/34\/2025\/06\/Plan-de-lutte-pour-contrer-la-violence-et-lintimidation_2025-26-ecole-des-Moussaillons-du-Boise.pdf\" class=\"wp-block-file__button wp-element-button\" download aria-describedby=\"wp-block-file--media-e4fe1a7f-3003-477e-8d6f-6eb2d38f60df\">T\u00e9l\u00e9charger<\/a><\/div>\n\n\n\n<div class=\"wp-block-file\"><a id=\"wp-block-file--media-90eee23c-be48-4340-96e3-365103c35851\" href=\"https:\/\/cssdn.gouv.qc.ca\/moussaillonsboise\/wp-content\/uploads\/sites\/34\/2025\/07\/012-Moussaillons-Plan-daction-2025-2026-et-resultats-2024-2025-pour-un-climat-sain-et-securitaire.pdf\">Plan d&rsquo;action 2025-2026 et r\u00e9sultats 2024-2025 pour un climat sain et s\u00e9curitaire \u00c9cole des Moussaillons, du Bois\u00e9<\/a><a href=\"https:\/\/cssdn.gouv.qc.ca\/moussaillonsboise\/wp-content\/uploads\/sites\/34\/2025\/07\/012-Moussaillons-Plan-daction-2025-2026-et-resultats-2024-2025-pour-un-climat-sain-et-securitaire.pdf\" class=\"wp-block-file__button wp-element-button\" download aria-describedby=\"wp-block-file--media-90eee23c-be48-4340-96e3-365103c35851\">T\u00e9l\u00e9charger<\/a><\/div>\n\n\n\n<h2 class=\"wp-block-heading\">Code de vie<\/h2>\n\n\n\n<div class=\"wp-block-file\"><a id=\"wp-block-file--media-07f69cc7-5712-4971-9b4c-077fc482fb23\" href=\"https:\/\/cssdn.gouv.qc.ca\/moussaillonsboise\/wp-content\/uploads\/sites\/34\/2025\/09\/Regles-de-conduite_version-finale-1.pdf\">R\u00e8gles-de-conduite<\/a><a href=\"https:\/\/cssdn.gouv.qc.ca\/moussaillonsboise\/wp-content\/uploads\/sites\/34\/2025\/09\/Regles-de-conduite_version-finale-1.pdf\" class=\"wp-block-file__button wp-element-button\" download aria-describedby=\"wp-block-file--media-07f69cc7-5712-4971-9b4c-077fc482fb23\">Download<\/a><\/div>\n","protected":false},"excerpt":{"rendered":"<p>Projet \u00e9ducatif Rapport annuel de gestion du conseil d\u2019\u00e9tablissement Redditions de comptes du projet \u00e9ducatif Plan de lutte contre la violence et l\u2019intimidation \u00e0 l\u2019\u00e9cole Code de vie<\/p>\n","protected":false},"author":1,"featured_media":0,"parent":6,"menu_order":0,"comment_status":"closed","ping_status":"closed","template":"","meta":{"_acf_changed":false,"_crdt_document":"","inline_featured_image":false,"footnotes":""},"categories":[],"tags":[],"class_list":["post-11","page","type-page","status-publish","hentry"],"acf":[],"yoast_head":"<!-- This site is optimized with the Yoast SEO plugin v27.4 - https:\/\/yoast.com\/product\/yoast-seo-wordpress\/ -->\n<title>Documentation officielle - \u00c9cole des\u00a0Moussaillons, du\u00a0Bois\u00e9<\/title>\n<meta name=\"robots\" content=\"index, follow, max-snippet:-1, max-image-preview:large, max-video-preview:-1\" \/>\n<link rel=\"canonical\" href=\"https:\/\/cssdn.gouv.qc.ca\/moussaillonsboise\/a-propos\/documentation-et-rapport-annuel\/\" \/>\n<meta property=\"og:locale\" content=\"fr_CA\" \/>\n<meta property=\"og:type\" content=\"article\" \/>\n<meta property=\"og:title\" content=\"Documentation officielle - \u00c9cole des\u00a0Moussaillons, du\u00a0Bois\u00e9\" \/>\n<meta property=\"og:description\" content=\"Projet \u00e9ducatif Rapport annuel de gestion du conseil d\u2019\u00e9tablissement Redditions de comptes du projet \u00e9ducatif Plan de lutte contre la violence et l\u2019intimidation \u00e0 l\u2019\u00e9cole Code de vie\" \/>\n<meta property=\"og:url\" content=\"https:\/\/cssdn.gouv.qc.ca\/moussaillonsboise\/a-propos\/documentation-et-rapport-annuel\/\" \/>\n<meta property=\"og:site_name\" content=\"\u00c9cole des\u00a0Moussaillons, du\u00a0Bois\u00e9\" \/>\n<meta property=\"article:publisher\" content=\"https:\/\/www.facebook.com\/ecole.des.moussaillons.duboise\" \/>\n<meta property=\"article:modified_time\" content=\"2025-10-31T19:59:10+00:00\" \/>\n<meta name=\"twitter:card\" content=\"summary_large_image\" \/>\n<meta name=\"twitter:label1\" content=\"Estimation du temps de lecture\" \/>\n\t<meta name=\"twitter:data1\" content=\"1 minute\" \/>\n<script type=\"application\/ld+json\" class=\"yoast-schema-graph\">{\"@context\":\"https:\\\/\\\/schema.org\",\"@graph\":[{\"@type\":\"WebPage\",\"@id\":\"https:\\\/\\\/cssdn.gouv.qc.ca\\\/moussaillonsboise\\\/a-propos\\\/documentation-et-rapport-annuel\\\/\",\"url\":\"https:\\\/\\\/cssdn.gouv.qc.ca\\\/moussaillonsboise\\\/a-propos\\\/documentation-et-rapport-annuel\\\/\",\"name\":\"Documentation officielle - \u00c9cole des\u00a0Moussaillons, du\u00a0Bois\u00e9\",\"isPartOf\":{\"@id\":\"https:\\\/\\\/cssdn.gouv.qc.ca\\\/moussaillonsboise\\\/#website\"},\"primaryImageOfPage\":{\"@id\":\"https:\\\/\\\/cssdn.gouv.qc.ca\\\/moussaillonsboise\\\/a-propos\\\/documentation-et-rapport-annuel\\\/#primaryimage\"},\"image\":{\"@id\":\"https:\\\/\\\/cssdn.gouv.qc.ca\\\/moussaillonsboise\\\/a-propos\\\/documentation-et-rapport-annuel\\\/#primaryimage\"},\"thumbnailUrl\":\"https:\\\/\\\/cssdn.gouv.qc.ca\\\/wp-content\\\/uploads\\\/2022\\\/08\\\/Seawire-Hero-06.jpg\",\"datePublished\":\"2022-11-08T21:07:54+00:00\",\"dateModified\":\"2025-10-31T19:59:10+00:00\",\"breadcrumb\":{\"@id\":\"https:\\\/\\\/cssdn.gouv.qc.ca\\\/moussaillonsboise\\\/a-propos\\\/documentation-et-rapport-annuel\\\/#breadcrumb\"},\"inLanguage\":\"fr-CA\",\"potentialAction\":[{\"@type\":\"ReadAction\",\"target\":[\"https:\\\/\\\/cssdn.gouv.qc.ca\\\/moussaillonsboise\\\/a-propos\\\/documentation-et-rapport-annuel\\\/\"]}]},{\"@type\":\"ImageObject\",\"inLanguage\":\"fr-CA\",\"@id\":\"https:\\\/\\\/cssdn.gouv.qc.ca\\\/moussaillonsboise\\\/a-propos\\\/documentation-et-rapport-annuel\\\/#primaryimage\",\"url\":\"https:\\\/\\\/cssdn.gouv.qc.ca\\\/wp-content\\\/uploads\\\/2022\\\/08\\\/Seawire-Hero-06.jpg\",\"contentUrl\":\"https:\\\/\\\/cssdn.gouv.qc.ca\\\/wp-content\\\/uploads\\\/2022\\\/08\\\/Seawire-Hero-06.jpg\"},{\"@type\":\"BreadcrumbList\",\"@id\":\"https:\\\/\\\/cssdn.gouv.qc.ca\\\/moussaillonsboise\\\/a-propos\\\/documentation-et-rapport-annuel\\\/#breadcrumb\",\"itemListElement\":[{\"@type\":\"ListItem\",\"position\":1,\"name\":\"Accueil\",\"item\":\"https:\\\/\\\/cssdn.gouv.qc.ca\\\/moussaillonsboise\\\/\"},{\"@type\":\"ListItem\",\"position\":2,\"name\":\"\u00c0 propos\",\"item\":\"https:\\\/\\\/cssdn.gouv.qc.ca\\\/moussaillonsboise\\\/a-propos\\\/\"},{\"@type\":\"ListItem\",\"position\":3,\"name\":\"Documentation officielle\"}]},{\"@type\":\"WebSite\",\"@id\":\"https:\\\/\\\/cssdn.gouv.qc.ca\\\/moussaillonsboise\\\/#website\",\"url\":\"https:\\\/\\\/cssdn.gouv.qc.ca\\\/moussaillonsboise\\\/\",\"name\":\"\u00c9cole des\u00a0Moussaillons, du\u00a0Bois\u00e9\",\"description\":\"Un site des centres de services scolaires des Navigateurs\",\"publisher\":{\"@id\":\"https:\\\/\\\/cssdn.gouv.qc.ca\\\/moussaillonsboise\\\/#organization\"},\"potentialAction\":[{\"@type\":\"SearchAction\",\"target\":{\"@type\":\"EntryPoint\",\"urlTemplate\":\"https:\\\/\\\/cssdn.gouv.qc.ca\\\/moussaillonsboise\\\/?s={search_term_string}\"},\"query-input\":{\"@type\":\"PropertyValueSpecification\",\"valueRequired\":true,\"valueName\":\"search_term_string\"}}],\"inLanguage\":\"fr-CA\"},{\"@type\":\"Organization\",\"@id\":\"https:\\\/\\\/cssdn.gouv.qc.ca\\\/moussaillonsboise\\\/#organization\",\"name\":\"\u00c9cole des\u00a0Moussaillons, du\u00a0Bois\u00e9\",\"url\":\"https:\\\/\\\/cssdn.gouv.qc.ca\\\/moussaillonsboise\\\/\",\"logo\":{\"@type\":\"ImageObject\",\"inLanguage\":\"fr-CA\",\"@id\":\"https:\\\/\\\/cssdn.gouv.qc.ca\\\/moussaillonsboise\\\/#\\\/schema\\\/logo\\\/image\\\/\",\"url\":\"https:\\\/\\\/cssdn.gouv.qc.ca\\\/moussaillonsboise\\\/wp-content\\\/uploads\\\/sites\\\/34\\\/2023\\\/01\\\/logo_quebec.svg\",\"contentUrl\":\"https:\\\/\\\/cssdn.gouv.qc.ca\\\/moussaillonsboise\\\/wp-content\\\/uploads\\\/sites\\\/34\\\/2023\\\/01\\\/logo_quebec.svg\",\"width\":188,\"height\":41,\"caption\":\"\u00c9cole des\u00a0Moussaillons, du\u00a0Bois\u00e9\"},\"image\":{\"@id\":\"https:\\\/\\\/cssdn.gouv.qc.ca\\\/moussaillonsboise\\\/#\\\/schema\\\/logo\\\/image\\\/\"},\"sameAs\":[\"https:\\\/\\\/www.facebook.com\\\/ecole.des.moussaillons.duboise\"]}]}<\/script>\n<!-- \/ Yoast SEO plugin. -->","yoast_head_json":{"title":"Documentation officielle - \u00c9cole des\u00a0Moussaillons, du\u00a0Bois\u00e9","robots":{"index":"index","follow":"follow","max-snippet":"max-snippet:-1","max-image-preview":"max-image-preview:large","max-video-preview":"max-video-preview:-1"},"canonical":"https:\/\/cssdn.gouv.qc.ca\/moussaillonsboise\/a-propos\/documentation-et-rapport-annuel\/","og_locale":"fr_CA","og_type":"article","og_title":"Documentation officielle - \u00c9cole des\u00a0Moussaillons, du\u00a0Bois\u00e9","og_description":"Projet \u00e9ducatif Rapport annuel de gestion du conseil d\u2019\u00e9tablissement Redditions de comptes du projet \u00e9ducatif Plan de lutte contre la violence et l\u2019intimidation \u00e0 l\u2019\u00e9cole Code de vie","og_url":"https:\/\/cssdn.gouv.qc.ca\/moussaillonsboise\/a-propos\/documentation-et-rapport-annuel\/","og_site_name":"\u00c9cole des\u00a0Moussaillons, du\u00a0Bois\u00e9","article_publisher":"https:\/\/www.facebook.com\/ecole.des.moussaillons.duboise","article_modified_time":"2025-10-31T19:59:10+00:00","twitter_card":"summary_large_image","twitter_misc":{"Estimation du temps de lecture":"1 minute"},"schema":{"@context":"https:\/\/schema.org","@graph":[{"@type":"WebPage","@id":"https:\/\/cssdn.gouv.qc.ca\/moussaillonsboise\/a-propos\/documentation-et-rapport-annuel\/","url":"https:\/\/cssdn.gouv.qc.ca\/moussaillonsboise\/a-propos\/documentation-et-rapport-annuel\/","name":"Documentation officielle - \u00c9cole des\u00a0Moussaillons, du\u00a0Bois\u00e9","isPartOf":{"@id":"https:\/\/cssdn.gouv.qc.ca\/moussaillonsboise\/#website"},"primaryImageOfPage":{"@id":"https:\/\/cssdn.gouv.qc.ca\/moussaillonsboise\/a-propos\/documentation-et-rapport-annuel\/#primaryimage"},"image":{"@id":"https:\/\/cssdn.gouv.qc.ca\/moussaillonsboise\/a-propos\/documentation-et-rapport-annuel\/#primaryimage"},"thumbnailUrl":"https:\/\/cssdn.gouv.qc.ca\/wp-content\/uploads\/2022\/08\/Seawire-Hero-06.jpg","datePublished":"2022-11-08T21:07:54+00:00","dateModified":"2025-10-31T19:59:10+00:00","breadcrumb":{"@id":"https:\/\/cssdn.gouv.qc.ca\/moussaillonsboise\/a-propos\/documentation-et-rapport-annuel\/#breadcrumb"},"inLanguage":"fr-CA","potentialAction":[{"@type":"ReadAction","target":["https:\/\/cssdn.gouv.qc.ca\/moussaillonsboise\/a-propos\/documentation-et-rapport-annuel\/"]}]},{"@type":"ImageObject","inLanguage":"fr-CA","@id":"https:\/\/cssdn.gouv.qc.ca\/moussaillonsboise\/a-propos\/documentation-et-rapport-annuel\/#primaryimage","url":"https:\/\/cssdn.gouv.qc.ca\/wp-content\/uploads\/2022\/08\/Seawire-Hero-06.jpg","contentUrl":"https:\/\/cssdn.gouv.qc.ca\/wp-content\/uploads\/2022\/08\/Seawire-Hero-06.jpg"},{"@type":"BreadcrumbList","@id":"https:\/\/cssdn.gouv.qc.ca\/moussaillonsboise\/a-propos\/documentation-et-rapport-annuel\/#breadcrumb","itemListElement":[{"@type":"ListItem","position":1,"name":"Accueil","item":"https:\/\/cssdn.gouv.qc.ca\/moussaillonsboise\/"},{"@type":"ListItem","position":2,"name":"\u00c0 propos","item":"https:\/\/cssdn.gouv.qc.ca\/moussaillonsboise\/a-propos\/"},{"@type":"ListItem","position":3,"name":"Documentation officielle"}]},{"@type":"WebSite","@id":"https:\/\/cssdn.gouv.qc.ca\/moussaillonsboise\/#website","url":"https:\/\/cssdn.gouv.qc.ca\/moussaillonsboise\/","name":"\u00c9cole des\u00a0Moussaillons, du\u00a0Bois\u00e9","description":"Un site des centres de services scolaires des Navigateurs","publisher":{"@id":"https:\/\/cssdn.gouv.qc.ca\/moussaillonsboise\/#organization"},"potentialAction":[{"@type":"SearchAction","target":{"@type":"EntryPoint","urlTemplate":"https:\/\/cssdn.gouv.qc.ca\/moussaillonsboise\/?s={search_term_string}"},"query-input":{"@type":"PropertyValueSpecification","valueRequired":true,"valueName":"search_term_string"}}],"inLanguage":"fr-CA"},{"@type":"Organization","@id":"https:\/\/cssdn.gouv.qc.ca\/moussaillonsboise\/#organization","name":"\u00c9cole des\u00a0Moussaillons, du\u00a0Bois\u00e9","url":"https:\/\/cssdn.gouv.qc.ca\/moussaillonsboise\/","logo":{"@type":"ImageObject","inLanguage":"fr-CA","@id":"https:\/\/cssdn.gouv.qc.ca\/moussaillonsboise\/#\/schema\/logo\/image\/","url":"https:\/\/cssdn.gouv.qc.ca\/moussaillonsboise\/wp-content\/uploads\/sites\/34\/2023\/01\/logo_quebec.svg","contentUrl":"https:\/\/cssdn.gouv.qc.ca\/moussaillonsboise\/wp-content\/uploads\/sites\/34\/2023\/01\/logo_quebec.svg","width":188,"height":41,"caption":"\u00c9cole des\u00a0Moussaillons, du\u00a0Bois\u00e9"},"image":{"@id":"https:\/\/cssdn.gouv.qc.ca\/moussaillonsboise\/#\/schema\/logo\/image\/"},"sameAs":["https:\/\/www.facebook.com\/ecole.des.moussaillons.duboise"]}]}},"publishpress_future_action":{"enabled":false,"date":"2026-04-27 09:35:28","action":"change-status","newStatus":"draft","terms":[],"taxonomy":"category","extraData":[]},"publishpress_future_workflow_manual_trigger":{"enabledWorkflows":[]},"_links":{"self":[{"href":"https:\/\/cssdn.gouv.qc.ca\/moussaillonsboise\/wp-json\/wp\/v2\/pages\/11","targetHints":{"allow":["GET"]}}],"collection":[{"href":"https:\/\/cssdn.gouv.qc.ca\/moussaillonsboise\/wp-json\/wp\/v2\/pages"}],"about":[{"href":"https:\/\/cssdn.gouv.qc.ca\/moussaillonsboise\/wp-json\/wp\/v2\/types\/page"}],"author":[{"embeddable":true,"href":"https:\/\/cssdn.gouv.qc.ca\/moussaillonsboise\/wp-json\/wp\/v2\/users\/1"}],"replies":[{"embeddable":true,"href":"https:\/\/cssdn.gouv.qc.ca\/moussaillonsboise\/wp-json\/wp\/v2\/comments?post=11"}],"version-history":[{"count":0,"href":"https:\/\/cssdn.gouv.qc.ca\/moussaillonsboise\/wp-json\/wp\/v2\/pages\/11\/revisions"}],"up":[{"embeddable":true,"href":"https:\/\/cssdn.gouv.qc.ca\/moussaillonsboise\/wp-json\/wp\/v2\/pages\/6"}],"wp:attachment":[{"href":"https:\/\/cssdn.gouv.qc.ca\/moussaillonsboise\/wp-json\/wp\/v2\/media?parent=11"}],"wp:term":[{"taxonomy":"category","embeddable":true,"href":"https:\/\/cssdn.gouv.qc.ca\/moussaillonsboise\/wp-json\/wp\/v2\/categories?post=11"},{"taxonomy":"post_tag","embeddable":true,"href":"https:\/\/cssdn.gouv.qc.ca\/moussaillonsboise\/wp-json\/wp\/v2\/tags?post=11"}],"curies":[{"name":"wp","href":"https:\/\/api.w.org\/{rel}","templated":true}]}}