
{"id":9,"date":"2022-11-08T16:07:54","date_gmt":"2022-11-08T21:07:54","guid":{"rendered":"https:\/\/cssdn.gouv.qc.ca\/moussaillonsboise\/a-propos\/notre-equipe\/"},"modified":"2025-09-04T12:44:41","modified_gmt":"2025-09-04T16:44:41","slug":"notre-equipe","status":"publish","type":"page","link":"https:\/\/cssdn.gouv.qc.ca\/moussaillonsboise\/a-propos\/notre-equipe\/","title":{"rendered":"Notre \u00e9quipe"},"content":{"rendered":"\n<div class=\"wp-block-cover alignfull is-light is-style-title-banner\"><img decoding=\"async\" class=\"wp-block-cover__image-background wp-image-111 lazyload\" alt=\"\" data-src=\"https:\/\/stage.cssdn.gouv.qc.ca\/wp-content\/uploads\/2022\/08\/Seawire-Hero-06.jpg\" data-object-fit=\"cover\" src=\"data:image\/svg+xml;base64,PHN2ZyB3aWR0aD0iMSIgaGVpZ2h0PSIxIiB4bWxucz0iaHR0cDovL3d3dy53My5vcmcvMjAwMC9zdmciPjwvc3ZnPg==\" \/><span aria-hidden=\"true\" class=\"wp-block-cover__background has-primary-background-color has-background-dim\"><\/span><div class=\"wp-block-cover__inner-container\"><h3 class=\"wp-block-post-title\">Notre \u00e9quipe<\/h3><\/div><\/div>\n\n\n\n<div class=\"wp-block-group alignfull has-padding-y-large has-secondary-background-color has-background\"><div class=\"yoast-breadcrumbs alignwide \"><span class=\"breadcrumbs\"><a href=\"https:\/\/cssdn.gouv.qc.ca\/moussaillonsboise\/\" class=\"breadcrumbs__element\">Accueil<\/a> <span class=\"breadcrumbs__separator\">\n        <svg class=\"icon icon-breadcrumb__separator\"><use xlink:href=\"#icon-breadcrumb__separator\"><\/use><\/svg>\n    <\/span> <a href=\"https:\/\/cssdn.gouv.qc.ca\/moussaillonsboise\/a-propos\/\" class=\"breadcrumbs__element\">\u00c0 propos<\/a> <span class=\"breadcrumbs__separator\">\n        <svg class=\"icon icon-breadcrumb__separator\"><use xlink:href=\"#icon-breadcrumb__separator\"><\/use><\/svg>\n    <\/span> <span class=\"breadcrumbs__element breadcrumbs__element-current\">Notre \u00e9quipe<\/span><\/span><\/div><\/div>\n\n\n\n<h2 class=\"wp-block-heading\">\u00c9COLE DES MOUSSAILLONS<\/h2>\n\n\n\n<p class=\"wp-block-paragraph\"><strong>Direction et soutien<\/strong><\/p>\n\n\n\n<ul class=\"wp-block-list\">\n<li>Marie-Jos\u00e9e Brassard, directrice<\/li>\n\n\n\n<li>Marc-Antoine Morin, directeur&nbsp;adjoint<\/li>\n\n\n\n<li>Annie Rollin, directrice adjointe<\/li>\n\n\n\n<li>Annie Thibault, secr\u00e9taire d&rsquo;\u00e9cole \/ \u00c9cole des Moussaillons<\/li>\n\n\n\n<li>Josiane Lemieux, secr\u00e9taire d&rsquo;\u00e9cole \/ \u00c9cole du Bois\u00e9<\/li>\n<\/ul>\n\n\n\n<p class=\"wp-block-paragraph\"><strong>Le personnel enseignant<\/strong><\/p>\n\n\n\n<p class=\"wp-block-paragraph\"><strong>Pr\u00e9scolaire et Passe-Partout 4 ans<\/strong><\/p>\n\n\n\n<ul class=\"wp-block-list\">\n<li>Sophie B\u00e9rub\u00e9<\/li>\n\n\n\n<li>Isabelle Samson<\/li>\n\n\n\n<li>Karine Voyer<\/li>\n\n\n\n<li>Sophie Isabelle<\/li>\n\n\n\n<li>Emmanuelle Rioux McDougall (Passe-Partout 4 ans)<\/li>\n<\/ul>\n\n\n\n<p class=\"wp-block-paragraph\"><strong>Premier cycle<\/strong><\/p>\n\n\n\n<ul class=\"wp-block-list\">\n<li>Marie-Claude Bernard <\/li>\n\n\n\n<li>Isabelle Bouchard<\/li>\n\n\n\n<li>Nathalie Gauthier<\/li>\n\n\n\n<li>Nathalie Guay<\/li>\n\n\n\n<li>Marie-Pier Houle<\/li>\n\n\n\n<li>Marie-Soleil Perreault<\/li>\n\n\n\n<li>Molly Genest-Simard<\/li>\n<\/ul>\n\n\n\n<p class=\"wp-block-paragraph\"><strong>Deuxi\u00e8me cycle<\/strong><\/p>\n\n\n\n<ul class=\"wp-block-list\">\n<li>Marie-Anne Couture<\/li>\n\n\n\n<li>\u00c9milie Dussault<\/li>\n\n\n\n<li>Marie-Pier Boss\u00e9<\/li>\n\n\n\n<li>Andr\u00e9anne Lalibert\u00e9<\/li>\n\n\n\n<li>Jos\u00e9e Samson<\/li>\n<\/ul>\n\n\n\n<p class=\"wp-block-paragraph\"><strong>Troisi\u00e8me cycle<\/strong><\/p>\n\n\n\n<ul class=\"wp-block-list\">\n<li>Vanessa Lee<\/li>\n\n\n\n<li>Catherine Fleury-Tanguay<\/li>\n\n\n\n<li>Julie Dumont<\/li>\n\n\n\n<li>Andr\u00e9a Montminy<\/li>\n\n\n\n<li>Jos\u00e9e Laflamme<\/li>\n\n\n\n<li>Anne-Marie Lemieux<\/li>\n<\/ul>\n\n\n\n<p class=\"wp-block-paragraph\"><strong>Compl\u00e9ment de t\u00e2ches<\/strong><\/p>\n\n\n\n<ul class=\"wp-block-list\">\n<li>Nathalie Lagrange<\/li>\n<\/ul>\n\n\n\n<p class=\"wp-block-paragraph\"><strong>Sciences et univers social 6e ann\u00e9e<\/strong><\/p>\n\n\n\n<ul class=\"wp-block-list\">\n<li>Julie-Ann Houle<\/li>\n<\/ul>\n\n\n\n<p class=\"wp-block-paragraph\"><strong>Sp\u00e9cialistes<\/strong><\/p>\n\n\n\n<p class=\"wp-block-paragraph\">Anglais intensif:<\/p>\n\n\n\n<ul class=\"wp-block-list\">\n<li>Jos\u00e9e Laflamme<\/li>\n<\/ul>\n\n\n\n<p class=\"wp-block-paragraph\">Anglais:<\/p>\n\n\n\n<ul class=\"wp-block-list\">\n<li>Karine Breton<\/li>\n\n\n\n<li><\/li>\n<\/ul>\n\n\n\n<p class=\"wp-block-paragraph\">Musique:<\/p>\n\n\n\n<ul class=\"wp-block-list\">\n<li>Benoit Bouchard<\/li>\n\n\n\n<li><\/li>\n<\/ul>\n\n\n\n<p class=\"wp-block-paragraph\">\u00c9ducation physique:<\/p>\n\n\n\n<ul class=\"wp-block-list\">\n<li>Philippe Fortier<\/li>\n\n\n\n<li>Marie-\u00c8ve Desharnais<\/li>\n<\/ul>\n\n\n\n<p class=\"wp-block-paragraph\"><strong>Les services compl\u00e9mentaires<\/strong><strong>&nbsp;et particuliers<\/strong><\/p>\n\n\n\n<ul class=\"wp-block-list\">\n<li>Andr\u00e9e-Anne Turgeon, orthop\u00e9dagogue<\/li>\n\n\n\n<li>Andr\u00e9anne Dumas, enseignante orthop\u00e9dagogue<\/li>\n\n\n\n<li>Rosaly C\u00f4t\u00e9, orthophoniste<\/li>\n\n\n\n<li>Am\u00e9lie Dion, psycho\u00e9ducatrice<\/li>\n\n\n\n<li>Katie&nbsp;Landry, technicienne en \u00e9ducation sp\u00e9cialis\u00e9e<\/li>\n\n\n\n<li>Delphine Lachance, technicienne en \u00e9ducation sp\u00e9cialis\u00e9e<\/li>\n\n\n\n<li>Val\u00e9rie Fortin, technicienne en \u00e9ducation sp\u00e9cialis\u00e9e<\/li>\n<\/ul>\n\n\n\n<p class=\"wp-block-paragraph\"><strong>Le service d&rsquo;entretien<\/strong><\/p>\n\n\n\n<ul class=\"wp-block-list\">\n<li>Andr\u00e9 Minville<\/li>\n\n\n\n<li>Rachel Lacasse-Pelchat<\/li>\n<\/ul>\n\n\n\n<h2 class=\"wp-block-heading\"><strong>\u00c9COLE DU BOIS\u00c9<\/strong><\/h2>\n\n\n\n<p class=\"wp-block-paragraph\"><strong>Le personnel enseignant<\/strong><\/p>\n\n\n\n<p class=\"wp-block-paragraph\"><strong>Pr\u00e9scolaire<\/strong> <strong>et Passe-Partout 4 ans<\/strong><\/p>\n\n\n\n<ul class=\"wp-block-list\">\n<li>Julie Labrecque<\/li>\n\n\n\n<li>Nadia Thomassin Marcoux<\/li>\n\n\n\n<li>Emmanuelle Rioux McDougall (Passe-Partout 4 ans)<\/li>\n<\/ul>\n\n\n\n<p class=\"wp-block-paragraph\"><strong>Premier cycle<\/strong><\/p>\n\n\n\n<ul class=\"wp-block-list\">\n<li>M\u00e9lanie Ashby<\/li>\n\n\n\n<li>Isabelle Couture<\/li>\n\n\n\n<li>M\u00e9lissa Ouellet Dumas<\/li>\n\n\n\n<li>Christiane Nadeau<\/li>\n<\/ul>\n\n\n\n<p class=\"wp-block-paragraph\"><strong>Deuxi\u00e8me cycle<\/strong><\/p>\n\n\n\n<ul class=\"wp-block-list\">\n<li>Diane H\u00e9bert<\/li>\n\n\n\n<li>M\u00e9lissa L\u00e9vesque<\/li>\n\n\n\n<li>Val\u00e9rie Francis<\/li>\n\n\n\n<li>Marie-Krystle B\u00e9gin<\/li>\n<\/ul>\n\n\n\n<p class=\"wp-block-paragraph\"><strong>Troisi\u00e8me cycle<\/strong><\/p>\n\n\n\n<ul class=\"wp-block-list\">\n<li>Marie-Krystle B\u00e9gin<\/li>\n\n\n\n<li>Marie-Pier Breton<\/li>\n\n\n\n<li>Annabelle Lepage<\/li>\n\n\n\n<li>Jos\u00e9e Laflamme<\/li>\n\n\n\n<li>Vanessa Le<\/li>\n<\/ul>\n\n\n\n<p class=\"wp-block-paragraph\"><strong>Compl\u00e9ment de t\u00e2ches<\/strong><\/p>\n\n\n\n<ul class=\"wp-block-list\">\n<li>Julie-Anne Houle<\/li>\n\n\n\n<li>Johanne Ouellet (pr\u00e9scolaire)<\/li>\n<\/ul>\n\n\n\n<p class=\"wp-block-paragraph\"><strong>Sciences et univers social 6e ann\u00e9e<\/strong><\/p>\n\n\n\n<ul class=\"wp-block-list\">\n<li>Julie-Anne Houle<\/li>\n<\/ul>\n\n\n\n<p class=\"wp-block-paragraph\"><strong>Sp\u00e9cialistes<\/strong><\/p>\n\n\n\n<p class=\"wp-block-paragraph\">Anglais intensif:<\/p>\n\n\n\n<ul class=\"wp-block-list\">\n<li>Jos\u00e9e Laflamme<\/li>\n<\/ul>\n\n\n\n<p class=\"wp-block-paragraph\">Anglais:&nbsp;<\/p>\n\n\n\n<ul class=\"wp-block-list\">\n<li>Louise Drapeau<\/li>\n<\/ul>\n\n\n\n<p class=\"wp-block-paragraph\">Musique:<\/p>\n\n\n\n<ul class=\"wp-block-list\">\n<li>Cristelle Cotnam<\/li>\n<\/ul>\n\n\n\n<p class=\"wp-block-paragraph\">\u00c9ducation physique:<\/p>\n\n\n\n<ul class=\"wp-block-list\">\n<li>Jean-Philippe Miller-Dussault<\/li>\n\n\n\n<li>Marie-Eve Desharnais<\/li>\n<\/ul>\n\n\n\n<p class=\"wp-block-paragraph\"><strong>Les services compl\u00e9mentaires<\/strong>&nbsp;<strong>et particuliers<\/strong><\/p>\n\n\n\n<ul class=\"wp-block-list\">\n<li>Josiane Gourde, enseignante orthop\u00e9dagogue<\/li>\n\n\n\n<li>Sarah Tremblay,&nbsp;technicienne en \u00e9ducation sp\u00e9cialis\u00e9e<\/li>\n\n\n\n<li>Jessie L\u00e9tourneau, technicienne en \u00e9ducation sp\u00e9cialis\u00e9e<\/li>\n\n\n\n<li>Sabrina Hins, technicienne en \u00e9ducation sp\u00e9cialis\u00e9e<\/li>\n\n\n\n<li>Am\u00e9lie Dion, psycho\u00e9ducatrice<\/li>\n<\/ul>\n\n\n\n<p class=\"wp-block-paragraph\"><strong>Le service d&rsquo;entretien<\/strong><\/p>\n\n\n\n<ul class=\"wp-block-list\">\n<li>Compagnie d&rsquo;entretien Derko<\/li>\n<\/ul>\n\n\n\n<p class=\"wp-block-paragraph\"><\/p>\n","protected":false},"excerpt":{"rendered":"<p>\u00c9COLE DES MOUSSAILLONS Direction et soutien Le personnel enseignant Pr\u00e9scolaire et Passe-Partout 4 ans Premier cycle Deuxi\u00e8me cycle Troisi\u00e8me cycle Compl\u00e9ment de t\u00e2ches Sciences et univers social 6e ann\u00e9e Sp\u00e9cialistes Anglais intensif: Anglais: Musique: \u00c9ducation physique: Les services compl\u00e9mentaires&nbsp;et particuliers Le service d&rsquo;entretien \u00c9COLE DU BOIS\u00c9 Le personnel enseignant Pr\u00e9scolaire et Passe-Partout 4 ans Premier [&hellip;]<\/p>\n","protected":false},"author":1,"featured_media":0,"parent":6,"menu_order":0,"comment_status":"closed","ping_status":"closed","template":"","meta":{"_acf_changed":false,"_crdt_document":"","inline_featured_image":false,"footnotes":""},"categories":[],"tags":[],"class_list":["post-9","page","type-page","status-publish","hentry"],"acf":[],"yoast_head":"<!-- This site is optimized with the Yoast SEO plugin v27.4 - https:\/\/yoast.com\/product\/yoast-seo-wordpress\/ -->\n<title>Notre \u00e9quipe - \u00c9cole des\u00a0Moussaillons, du\u00a0Bois\u00e9<\/title>\n<meta name=\"robots\" content=\"index, follow, max-snippet:-1, max-image-preview:large, max-video-preview:-1\" \/>\n<link rel=\"canonical\" href=\"https:\/\/cssdn.gouv.qc.ca\/moussaillonsboise\/a-propos\/notre-equipe\/\" \/>\n<meta property=\"og:locale\" content=\"fr_CA\" \/>\n<meta property=\"og:type\" content=\"article\" \/>\n<meta property=\"og:title\" content=\"Notre \u00e9quipe - \u00c9cole des\u00a0Moussaillons, du\u00a0Bois\u00e9\" \/>\n<meta property=\"og:description\" content=\"\u00c9COLE DES MOUSSAILLONS Direction et soutien Le personnel enseignant Pr\u00e9scolaire et Passe-Partout 4 ans Premier cycle Deuxi\u00e8me cycle Troisi\u00e8me cycle Compl\u00e9ment de t\u00e2ches Sciences et univers social 6e ann\u00e9e Sp\u00e9cialistes Anglais intensif: Anglais: Musique: \u00c9ducation physique: Les services compl\u00e9mentaires&nbsp;et particuliers Le service d&rsquo;entretien \u00c9COLE DU BOIS\u00c9 Le personnel enseignant Pr\u00e9scolaire et Passe-Partout 4 ans Premier [&hellip;]\" \/>\n<meta property=\"og:url\" content=\"https:\/\/cssdn.gouv.qc.ca\/moussaillonsboise\/a-propos\/notre-equipe\/\" \/>\n<meta property=\"og:site_name\" content=\"\u00c9cole des\u00a0Moussaillons, du\u00a0Bois\u00e9\" \/>\n<meta property=\"article:publisher\" content=\"https:\/\/www.facebook.com\/ecole.des.moussaillons.duboise\" \/>\n<meta property=\"article:modified_time\" content=\"2025-09-04T16:44:41+00:00\" \/>\n<meta name=\"twitter:card\" content=\"summary_large_image\" \/>\n<meta name=\"twitter:label1\" content=\"Estimation du temps de lecture\" \/>\n\t<meta name=\"twitter:data1\" content=\"2 minutes\" \/>\n<script type=\"application\/ld+json\" class=\"yoast-schema-graph\">{\"@context\":\"https:\\\/\\\/schema.org\",\"@graph\":[{\"@type\":\"WebPage\",\"@id\":\"https:\\\/\\\/cssdn.gouv.qc.ca\\\/moussaillonsboise\\\/a-propos\\\/notre-equipe\\\/\",\"url\":\"https:\\\/\\\/cssdn.gouv.qc.ca\\\/moussaillonsboise\\\/a-propos\\\/notre-equipe\\\/\",\"name\":\"Notre \u00e9quipe - \u00c9cole des\u00a0Moussaillons, du\u00a0Bois\u00e9\",\"isPartOf\":{\"@id\":\"https:\\\/\\\/cssdn.gouv.qc.ca\\\/moussaillonsboise\\\/#website\"},\"primaryImageOfPage\":{\"@id\":\"https:\\\/\\\/cssdn.gouv.qc.ca\\\/moussaillonsboise\\\/a-propos\\\/notre-equipe\\\/#primaryimage\"},\"image\":{\"@id\":\"https:\\\/\\\/cssdn.gouv.qc.ca\\\/moussaillonsboise\\\/a-propos\\\/notre-equipe\\\/#primaryimage\"},\"thumbnailUrl\":\"https:\\\/\\\/stage.cssdn.gouv.qc.ca\\\/wp-content\\\/uploads\\\/2022\\\/08\\\/Seawire-Hero-06.jpg\",\"datePublished\":\"2022-11-08T21:07:54+00:00\",\"dateModified\":\"2025-09-04T16:44:41+00:00\",\"breadcrumb\":{\"@id\":\"https:\\\/\\\/cssdn.gouv.qc.ca\\\/moussaillonsboise\\\/a-propos\\\/notre-equipe\\\/#breadcrumb\"},\"inLanguage\":\"fr-CA\",\"potentialAction\":[{\"@type\":\"ReadAction\",\"target\":[\"https:\\\/\\\/cssdn.gouv.qc.ca\\\/moussaillonsboise\\\/a-propos\\\/notre-equipe\\\/\"]}]},{\"@type\":\"ImageObject\",\"inLanguage\":\"fr-CA\",\"@id\":\"https:\\\/\\\/cssdn.gouv.qc.ca\\\/moussaillonsboise\\\/a-propos\\\/notre-equipe\\\/#primaryimage\",\"url\":\"https:\\\/\\\/stage.cssdn.gouv.qc.ca\\\/wp-content\\\/uploads\\\/2022\\\/08\\\/Seawire-Hero-06.jpg\",\"contentUrl\":\"https:\\\/\\\/stage.cssdn.gouv.qc.ca\\\/wp-content\\\/uploads\\\/2022\\\/08\\\/Seawire-Hero-06.jpg\"},{\"@type\":\"BreadcrumbList\",\"@id\":\"https:\\\/\\\/cssdn.gouv.qc.ca\\\/moussaillonsboise\\\/a-propos\\\/notre-equipe\\\/#breadcrumb\",\"itemListElement\":[{\"@type\":\"ListItem\",\"position\":1,\"name\":\"Accueil\",\"item\":\"https:\\\/\\\/cssdn.gouv.qc.ca\\\/moussaillonsboise\\\/\"},{\"@type\":\"ListItem\",\"position\":2,\"name\":\"\u00c0 propos\",\"item\":\"https:\\\/\\\/cssdn.gouv.qc.ca\\\/moussaillonsboise\\\/a-propos\\\/\"},{\"@type\":\"ListItem\",\"position\":3,\"name\":\"Notre \u00e9quipe\"}]},{\"@type\":\"WebSite\",\"@id\":\"https:\\\/\\\/cssdn.gouv.qc.ca\\\/moussaillonsboise\\\/#website\",\"url\":\"https:\\\/\\\/cssdn.gouv.qc.ca\\\/moussaillonsboise\\\/\",\"name\":\"\u00c9cole des\u00a0Moussaillons, du\u00a0Bois\u00e9\",\"description\":\"Un site des centres de services scolaires des Navigateurs\",\"publisher\":{\"@id\":\"https:\\\/\\\/cssdn.gouv.qc.ca\\\/moussaillonsboise\\\/#organization\"},\"potentialAction\":[{\"@type\":\"SearchAction\",\"target\":{\"@type\":\"EntryPoint\",\"urlTemplate\":\"https:\\\/\\\/cssdn.gouv.qc.ca\\\/moussaillonsboise\\\/?s={search_term_string}\"},\"query-input\":{\"@type\":\"PropertyValueSpecification\",\"valueRequired\":true,\"valueName\":\"search_term_string\"}}],\"inLanguage\":\"fr-CA\"},{\"@type\":\"Organization\",\"@id\":\"https:\\\/\\\/cssdn.gouv.qc.ca\\\/moussaillonsboise\\\/#organization\",\"name\":\"\u00c9cole des\u00a0Moussaillons, du\u00a0Bois\u00e9\",\"url\":\"https:\\\/\\\/cssdn.gouv.qc.ca\\\/moussaillonsboise\\\/\",\"logo\":{\"@type\":\"ImageObject\",\"inLanguage\":\"fr-CA\",\"@id\":\"https:\\\/\\\/cssdn.gouv.qc.ca\\\/moussaillonsboise\\\/#\\\/schema\\\/logo\\\/image\\\/\",\"url\":\"https:\\\/\\\/cssdn.gouv.qc.ca\\\/moussaillonsboise\\\/wp-content\\\/uploads\\\/sites\\\/34\\\/2023\\\/01\\\/logo_quebec.svg\",\"contentUrl\":\"https:\\\/\\\/cssdn.gouv.qc.ca\\\/moussaillonsboise\\\/wp-content\\\/uploads\\\/sites\\\/34\\\/2023\\\/01\\\/logo_quebec.svg\",\"width\":188,\"height\":41,\"caption\":\"\u00c9cole des\u00a0Moussaillons, du\u00a0Bois\u00e9\"},\"image\":{\"@id\":\"https:\\\/\\\/cssdn.gouv.qc.ca\\\/moussaillonsboise\\\/#\\\/schema\\\/logo\\\/image\\\/\"},\"sameAs\":[\"https:\\\/\\\/www.facebook.com\\\/ecole.des.moussaillons.duboise\"]}]}<\/script>\n<!-- \/ Yoast SEO plugin. -->","yoast_head_json":{"title":"Notre \u00e9quipe - \u00c9cole des\u00a0Moussaillons, du\u00a0Bois\u00e9","robots":{"index":"index","follow":"follow","max-snippet":"max-snippet:-1","max-image-preview":"max-image-preview:large","max-video-preview":"max-video-preview:-1"},"canonical":"https:\/\/cssdn.gouv.qc.ca\/moussaillonsboise\/a-propos\/notre-equipe\/","og_locale":"fr_CA","og_type":"article","og_title":"Notre \u00e9quipe - \u00c9cole des\u00a0Moussaillons, du\u00a0Bois\u00e9","og_description":"\u00c9COLE DES MOUSSAILLONS Direction et soutien Le personnel enseignant Pr\u00e9scolaire et Passe-Partout 4 ans Premier cycle Deuxi\u00e8me cycle Troisi\u00e8me cycle Compl\u00e9ment de t\u00e2ches Sciences et univers social 6e ann\u00e9e Sp\u00e9cialistes Anglais intensif: Anglais: Musique: \u00c9ducation physique: Les services compl\u00e9mentaires&nbsp;et particuliers Le service d&rsquo;entretien \u00c9COLE DU BOIS\u00c9 Le personnel enseignant Pr\u00e9scolaire et Passe-Partout 4 ans Premier [&hellip;]","og_url":"https:\/\/cssdn.gouv.qc.ca\/moussaillonsboise\/a-propos\/notre-equipe\/","og_site_name":"\u00c9cole des\u00a0Moussaillons, du\u00a0Bois\u00e9","article_publisher":"https:\/\/www.facebook.com\/ecole.des.moussaillons.duboise","article_modified_time":"2025-09-04T16:44:41+00:00","twitter_card":"summary_large_image","twitter_misc":{"Estimation du temps de lecture":"2 minutes"},"schema":{"@context":"https:\/\/schema.org","@graph":[{"@type":"WebPage","@id":"https:\/\/cssdn.gouv.qc.ca\/moussaillonsboise\/a-propos\/notre-equipe\/","url":"https:\/\/cssdn.gouv.qc.ca\/moussaillonsboise\/a-propos\/notre-equipe\/","name":"Notre \u00e9quipe - \u00c9cole des\u00a0Moussaillons, du\u00a0Bois\u00e9","isPartOf":{"@id":"https:\/\/cssdn.gouv.qc.ca\/moussaillonsboise\/#website"},"primaryImageOfPage":{"@id":"https:\/\/cssdn.gouv.qc.ca\/moussaillonsboise\/a-propos\/notre-equipe\/#primaryimage"},"image":{"@id":"https:\/\/cssdn.gouv.qc.ca\/moussaillonsboise\/a-propos\/notre-equipe\/#primaryimage"},"thumbnailUrl":"https:\/\/stage.cssdn.gouv.qc.ca\/wp-content\/uploads\/2022\/08\/Seawire-Hero-06.jpg","datePublished":"2022-11-08T21:07:54+00:00","dateModified":"2025-09-04T16:44:41+00:00","breadcrumb":{"@id":"https:\/\/cssdn.gouv.qc.ca\/moussaillonsboise\/a-propos\/notre-equipe\/#breadcrumb"},"inLanguage":"fr-CA","potentialAction":[{"@type":"ReadAction","target":["https:\/\/cssdn.gouv.qc.ca\/moussaillonsboise\/a-propos\/notre-equipe\/"]}]},{"@type":"ImageObject","inLanguage":"fr-CA","@id":"https:\/\/cssdn.gouv.qc.ca\/moussaillonsboise\/a-propos\/notre-equipe\/#primaryimage","url":"https:\/\/stage.cssdn.gouv.qc.ca\/wp-content\/uploads\/2022\/08\/Seawire-Hero-06.jpg","contentUrl":"https:\/\/stage.cssdn.gouv.qc.ca\/wp-content\/uploads\/2022\/08\/Seawire-Hero-06.jpg"},{"@type":"BreadcrumbList","@id":"https:\/\/cssdn.gouv.qc.ca\/moussaillonsboise\/a-propos\/notre-equipe\/#breadcrumb","itemListElement":[{"@type":"ListItem","position":1,"name":"Accueil","item":"https:\/\/cssdn.gouv.qc.ca\/moussaillonsboise\/"},{"@type":"ListItem","position":2,"name":"\u00c0 propos","item":"https:\/\/cssdn.gouv.qc.ca\/moussaillonsboise\/a-propos\/"},{"@type":"ListItem","position":3,"name":"Notre \u00e9quipe"}]},{"@type":"WebSite","@id":"https:\/\/cssdn.gouv.qc.ca\/moussaillonsboise\/#website","url":"https:\/\/cssdn.gouv.qc.ca\/moussaillonsboise\/","name":"\u00c9cole des\u00a0Moussaillons, du\u00a0Bois\u00e9","description":"Un site des centres de services scolaires des Navigateurs","publisher":{"@id":"https:\/\/cssdn.gouv.qc.ca\/moussaillonsboise\/#organization"},"potentialAction":[{"@type":"SearchAction","target":{"@type":"EntryPoint","urlTemplate":"https:\/\/cssdn.gouv.qc.ca\/moussaillonsboise\/?s={search_term_string}"},"query-input":{"@type":"PropertyValueSpecification","valueRequired":true,"valueName":"search_term_string"}}],"inLanguage":"fr-CA"},{"@type":"Organization","@id":"https:\/\/cssdn.gouv.qc.ca\/moussaillonsboise\/#organization","name":"\u00c9cole des\u00a0Moussaillons, du\u00a0Bois\u00e9","url":"https:\/\/cssdn.gouv.qc.ca\/moussaillonsboise\/","logo":{"@type":"ImageObject","inLanguage":"fr-CA","@id":"https:\/\/cssdn.gouv.qc.ca\/moussaillonsboise\/#\/schema\/logo\/image\/","url":"https:\/\/cssdn.gouv.qc.ca\/moussaillonsboise\/wp-content\/uploads\/sites\/34\/2023\/01\/logo_quebec.svg","contentUrl":"https:\/\/cssdn.gouv.qc.ca\/moussaillonsboise\/wp-content\/uploads\/sites\/34\/2023\/01\/logo_quebec.svg","width":188,"height":41,"caption":"\u00c9cole des\u00a0Moussaillons, du\u00a0Bois\u00e9"},"image":{"@id":"https:\/\/cssdn.gouv.qc.ca\/moussaillonsboise\/#\/schema\/logo\/image\/"},"sameAs":["https:\/\/www.facebook.com\/ecole.des.moussaillons.duboise"]}]}},"publishpress_future_action":{"enabled":false,"date":"2026-04-25 18:52:09","action":"change-status","newStatus":"draft","terms":[],"taxonomy":"category","extraData":[]},"publishpress_future_workflow_manual_trigger":{"enabledWorkflows":[]},"_links":{"self":[{"href":"https:\/\/cssdn.gouv.qc.ca\/moussaillonsboise\/wp-json\/wp\/v2\/pages\/9","targetHints":{"allow":["GET"]}}],"collection":[{"href":"https:\/\/cssdn.gouv.qc.ca\/moussaillonsboise\/wp-json\/wp\/v2\/pages"}],"about":[{"href":"https:\/\/cssdn.gouv.qc.ca\/moussaillonsboise\/wp-json\/wp\/v2\/types\/page"}],"author":[{"embeddable":true,"href":"https:\/\/cssdn.gouv.qc.ca\/moussaillonsboise\/wp-json\/wp\/v2\/users\/1"}],"replies":[{"embeddable":true,"href":"https:\/\/cssdn.gouv.qc.ca\/moussaillonsboise\/wp-json\/wp\/v2\/comments?post=9"}],"version-history":[{"count":0,"href":"https:\/\/cssdn.gouv.qc.ca\/moussaillonsboise\/wp-json\/wp\/v2\/pages\/9\/revisions"}],"up":[{"embeddable":true,"href":"https:\/\/cssdn.gouv.qc.ca\/moussaillonsboise\/wp-json\/wp\/v2\/pages\/6"}],"wp:attachment":[{"href":"https:\/\/cssdn.gouv.qc.ca\/moussaillonsboise\/wp-json\/wp\/v2\/media?parent=9"}],"wp:term":[{"taxonomy":"category","embeddable":true,"href":"https:\/\/cssdn.gouv.qc.ca\/moussaillonsboise\/wp-json\/wp\/v2\/categories?post=9"},{"taxonomy":"post_tag","embeddable":true,"href":"https:\/\/cssdn.gouv.qc.ca\/moussaillonsboise\/wp-json\/wp\/v2\/tags?post=9"}],"curies":[{"name":"wp","href":"https:\/\/api.w.org\/{rel}","templated":true}]}}