
{"id":10,"date":"2022-11-08T16:07:54","date_gmt":"2022-11-08T21:07:54","guid":{"rendered":"https:\/\/cssdn.gouv.qc.ca\/notredame\/a-propos\/conseil-detablissement\/"},"modified":"2025-07-03T14:36:01","modified_gmt":"2025-07-03T18:36:01","slug":"conseil-detablissement","status":"publish","type":"page","link":"https:\/\/cssdn.gouv.qc.ca\/notredame\/a-propos\/conseil-detablissement\/","title":{"rendered":"Conseil d&rsquo;\u00e9tablissement"},"content":{"rendered":"\n<div class=\"wp-block-cover alignfull is-light is-style-title-banner\"><img decoding=\"async\" class=\"wp-block-cover__image-background wp-image-111 lazyload\" alt=\"\" data-src=\"https:\/\/stage.cssdn.gouv.qc.ca\/wp-content\/uploads\/2022\/08\/Seawire-Hero-06.jpg\" data-object-fit=\"cover\" src=\"data:image\/svg+xml;base64,PHN2ZyB3aWR0aD0iMSIgaGVpZ2h0PSIxIiB4bWxucz0iaHR0cDovL3d3dy53My5vcmcvMjAwMC9zdmciPjwvc3ZnPg==\" \/><span aria-hidden=\"true\" class=\"wp-block-cover__background has-primary-background-color has-background-dim\"><\/span><div class=\"wp-block-cover__inner-container\"><h3 class=\"wp-block-post-title\">Conseil d&rsquo;\u00e9tablissement<\/h3><\/div><\/div>\n\n\n\n<div class=\"wp-block-group alignfull has-padding-y-large has-secondary-background-color has-background\"><div class=\"yoast-breadcrumbs alignwide \"><span class=\"breadcrumbs\"><a href=\"https:\/\/cssdn.gouv.qc.ca\/notredame\/\" class=\"breadcrumbs__element\">Accueil<\/a> <span class=\"breadcrumbs__separator\">\n        <svg class=\"icon icon-breadcrumb__separator\"><use xlink:href=\"#icon-breadcrumb__separator\"><\/use><\/svg>\n    <\/span> <a href=\"https:\/\/cssdn.gouv.qc.ca\/notredame\/a-propos\/\" class=\"breadcrumbs__element\">\u00c0 propos<\/a> <span class=\"breadcrumbs__separator\">\n        <svg class=\"icon icon-breadcrumb__separator\"><use xlink:href=\"#icon-breadcrumb__separator\"><\/use><\/svg>\n    <\/span> <span class=\"breadcrumbs__element breadcrumbs__element-current\">Conseil d&#8217;\u00e9tablissement<\/span><\/span><\/div><\/div>\n\n\n\n<h2 class=\"wp-block-heading\">Assembl\u00e9e g\u00e9n\u00e9rale de parents<\/h2>\n\n\n\n<div class=\"wp-block-file\"><a id=\"wp-block-file--media-0f341df1-6061-4cdf-9bb4-df9447e08906\" href=\"https:\/\/cssdn.gouv.qc.ca\/notredame\/wp-content\/uploads\/sites\/48\/2025\/07\/Avis_convocation_AG_27aout25.pdf\">Avis_convocation_AG_27aout25<\/a><a href=\"https:\/\/cssdn.gouv.qc.ca\/notredame\/wp-content\/uploads\/sites\/48\/2025\/07\/Avis_convocation_AG_27aout25.pdf\" class=\"wp-block-file__button wp-element-button\" download aria-describedby=\"wp-block-file--media-0f341df1-6061-4cdf-9bb4-df9447e08906\">T\u00e9l\u00e9charger<\/a><\/div>\n\n\n\n<div class=\"wp-block-file\"><a id=\"wp-block-file--media-aebe52ba-2147-436f-905b-877beb974896\" href=\"https:\/\/cssdn.gouv.qc.ca\/notredame\/wp-content\/uploads\/sites\/48\/2025\/07\/ODJ_AG_27-08-2025.pdf\">ODJ_AG_27-08-2025<\/a><a href=\"https:\/\/cssdn.gouv.qc.ca\/notredame\/wp-content\/uploads\/sites\/48\/2025\/07\/ODJ_AG_27-08-2025.pdf\" class=\"wp-block-file__button wp-element-button\" download aria-describedby=\"wp-block-file--media-aebe52ba-2147-436f-905b-877beb974896\">T\u00e9l\u00e9charger<\/a><\/div>\n\n\n\n<div class=\"wp-block-file\"><a id=\"wp-block-file--media-bdb53017-ee5e-4858-ac76-f9e0e806c35c\" href=\"https:\/\/cssdn.gouv.qc.ca\/notredame\/wp-content\/uploads\/sites\/48\/2025\/07\/PV-AG-27-08-24.pdf\">PV AG 27-08-24<\/a><a href=\"https:\/\/cssdn.gouv.qc.ca\/notredame\/wp-content\/uploads\/sites\/48\/2025\/07\/PV-AG-27-08-24.pdf\" class=\"wp-block-file__button wp-element-button\" download aria-describedby=\"wp-block-file--media-bdb53017-ee5e-4858-ac76-f9e0e806c35c\">T\u00e9l\u00e9charger<\/a><\/div>\n\n\n\n<div class=\"wp-block-file\"><a id=\"wp-block-file--media-b20948d1-2b52-447f-977c-254a49792487\" href=\"https:\/\/cssdn.gouv.qc.ca\/notredame\/wp-content\/uploads\/sites\/48\/2025\/07\/25-26-Procuration-pour-AGA-CE.pdf\">25-26-Procuration pour AGA C\u00c9<\/a><a href=\"https:\/\/cssdn.gouv.qc.ca\/notredame\/wp-content\/uploads\/sites\/48\/2025\/07\/25-26-Procuration-pour-AGA-CE.pdf\" class=\"wp-block-file__button wp-element-button\" download aria-describedby=\"wp-block-file--media-b20948d1-2b52-447f-977c-254a49792487\">T\u00e9l\u00e9charger<\/a><\/div>\n\n\n\n<div class=\"wp-block-file\"><a id=\"wp-block-file--media-0871c4f3-159c-4a1c-add0-28764014c6b1\" href=\"https:\/\/cssdn.gouv.qc.ca\/notredame\/wp-content\/uploads\/sites\/48\/2025\/07\/25-26-Procuration-pour-AGA_comite_parent.pdf\">25-26-Procuration pour AGA_comite_parent<\/a><a href=\"https:\/\/cssdn.gouv.qc.ca\/notredame\/wp-content\/uploads\/sites\/48\/2025\/07\/25-26-Procuration-pour-AGA_comite_parent.pdf\" class=\"wp-block-file__button wp-element-button\" download aria-describedby=\"wp-block-file--media-0871c4f3-159c-4a1c-add0-28764014c6b1\">T\u00e9l\u00e9charger<\/a><\/div>\n\n\n\n<h2 class=\"wp-block-heading\">Rapport annuel<\/h2>\n\n\n\n<div class=\"wp-block-file\"><a id=\"wp-block-file--media-25dc5c54-28a6-4e5b-b617-e28f6d0a1291\" href=\"https:\/\/cssdn.gouv.qc.ca\/notredame\/wp-content\/uploads\/sites\/48\/2023\/07\/MEQ_Rapport-annuel-CE_ND_22_23.pdf\">MEQ_Rapport-annuel-CE_ND_22_23<\/a><a href=\"https:\/\/cssdn.gouv.qc.ca\/notredame\/wp-content\/uploads\/sites\/48\/2023\/07\/MEQ_Rapport-annuel-CE_ND_22_23.pdf\" class=\"wp-block-file__button wp-element-button\" download aria-describedby=\"wp-block-file--media-25dc5c54-28a6-4e5b-b617-e28f6d0a1291\">Download<\/a><\/div>\n\n\n\n<div class=\"wp-block-file\"><a id=\"wp-block-file--media-f529d5a4-f338-4b96-9a9a-e68976f869ec\" href=\"https:\/\/cssdn.gouv.qc.ca\/notredame\/wp-content\/uploads\/sites\/48\/2024\/06\/23-24-Rapport-annuel-CE_Notre-Dame.pdf\">23-24-Rapport-annuel-CE_Notre-Dame<\/a><a href=\"https:\/\/cssdn.gouv.qc.ca\/notredame\/wp-content\/uploads\/sites\/48\/2024\/06\/23-24-Rapport-annuel-CE_Notre-Dame.pdf\" class=\"wp-block-file__button wp-element-button\" download aria-describedby=\"wp-block-file--media-f529d5a4-f338-4b96-9a9a-e68976f869ec\">T\u00e9l\u00e9charger<\/a><\/div>\n\n\n\n<div class=\"wp-block-file\"><a id=\"wp-block-file--media-8e6793e3-42dc-4b13-b1f3-b771af26ed2f\" href=\"https:\/\/cssdn.gouv.qc.ca\/notredame\/wp-content\/uploads\/sites\/48\/2025\/07\/25-26-Rapport-annuel-CE.pdf\">25-26-Rapport-annuel-CE<\/a><a href=\"https:\/\/cssdn.gouv.qc.ca\/notredame\/wp-content\/uploads\/sites\/48\/2025\/07\/25-26-Rapport-annuel-CE.pdf\" class=\"wp-block-file__button wp-element-button\" download aria-describedby=\"wp-block-file--media-8e6793e3-42dc-4b13-b1f3-b771af26ed2f\">T\u00e9l\u00e9charger<\/a><\/div>\n\n\n\n<h2 class=\"wp-block-heading\">Calendrier des rencontres<\/h2>\n\n\n\n<div class=\"wp-block-file\"><a id=\"wp-block-file--media-ed083dbd-1ea4-4fe5-9278-857a0c8f96ae\" href=\"https:\/\/cssdn.gouv.qc.ca\/notredame\/wp-content\/uploads\/sites\/48\/2025\/07\/25-26-Calendrier.pdf\">25-26-Calendrier<\/a><a href=\"https:\/\/cssdn.gouv.qc.ca\/notredame\/wp-content\/uploads\/sites\/48\/2025\/07\/25-26-Calendrier.pdf\" class=\"wp-block-file__button wp-element-button\" download aria-describedby=\"wp-block-file--media-ed083dbd-1ea4-4fe5-9278-857a0c8f96ae\">T\u00e9l\u00e9charger<\/a><\/div>\n\n\n\n<h2 class=\"wp-block-heading\">Proc\u00e8s-verbaux des rencontres<\/h2>\n","protected":false},"excerpt":{"rendered":"<p>Assembl\u00e9e g\u00e9n\u00e9rale de parents Rapport annuel Calendrier des rencontres Proc\u00e8s-verbaux des rencontres<\/p>\n","protected":false},"author":1,"featured_media":0,"parent":6,"menu_order":0,"comment_status":"closed","ping_status":"closed","template":"","meta":{"_acf_changed":false,"_crdt_document":"","inline_featured_image":false,"footnotes":""},"categories":[],"tags":[],"class_list":["post-10","page","type-page","status-publish","hentry"],"acf":[],"yoast_head":"<!-- This site is optimized with the Yoast SEO plugin v27.4 - https:\/\/yoast.com\/product\/yoast-seo-wordpress\/ -->\n<title>Conseil d&#039;\u00e9tablissement - \u00c9cole Notre-Dame<\/title>\n<meta name=\"robots\" content=\"index, follow, max-snippet:-1, max-image-preview:large, max-video-preview:-1\" \/>\n<link rel=\"canonical\" href=\"https:\/\/cssdn.gouv.qc.ca\/notredame\/a-propos\/conseil-detablissement\/\" \/>\n<meta property=\"og:locale\" content=\"fr_CA\" \/>\n<meta property=\"og:type\" content=\"article\" \/>\n<meta property=\"og:title\" content=\"Conseil d&#039;\u00e9tablissement - \u00c9cole Notre-Dame\" \/>\n<meta property=\"og:description\" content=\"Assembl\u00e9e g\u00e9n\u00e9rale de parents Rapport annuel Calendrier des rencontres Proc\u00e8s-verbaux des rencontres\" \/>\n<meta property=\"og:url\" content=\"https:\/\/cssdn.gouv.qc.ca\/notredame\/a-propos\/conseil-detablissement\/\" \/>\n<meta property=\"og:site_name\" content=\"\u00c9cole Notre-Dame\" \/>\n<meta property=\"article:publisher\" content=\"https:\/\/www.facebook.com\/ecolenotredamelevis\" \/>\n<meta property=\"article:modified_time\" content=\"2025-07-03T18:36:01+00:00\" \/>\n<meta name=\"twitter:card\" content=\"summary_large_image\" \/>\n<meta name=\"twitter:label1\" content=\"Estimation du temps de lecture\" \/>\n\t<meta name=\"twitter:data1\" content=\"1 minute\" \/>\n<script type=\"application\/ld+json\" class=\"yoast-schema-graph\">{\"@context\":\"https:\\\/\\\/schema.org\",\"@graph\":[{\"@type\":\"WebPage\",\"@id\":\"https:\\\/\\\/cssdn.gouv.qc.ca\\\/notredame\\\/a-propos\\\/conseil-detablissement\\\/\",\"url\":\"https:\\\/\\\/cssdn.gouv.qc.ca\\\/notredame\\\/a-propos\\\/conseil-detablissement\\\/\",\"name\":\"Conseil d'\u00e9tablissement - \u00c9cole Notre-Dame\",\"isPartOf\":{\"@id\":\"https:\\\/\\\/cssdn.gouv.qc.ca\\\/notredame\\\/#website\"},\"primaryImageOfPage\":{\"@id\":\"https:\\\/\\\/cssdn.gouv.qc.ca\\\/notredame\\\/a-propos\\\/conseil-detablissement\\\/#primaryimage\"},\"image\":{\"@id\":\"https:\\\/\\\/cssdn.gouv.qc.ca\\\/notredame\\\/a-propos\\\/conseil-detablissement\\\/#primaryimage\"},\"thumbnailUrl\":\"https:\\\/\\\/stage.cssdn.gouv.qc.ca\\\/wp-content\\\/uploads\\\/2022\\\/08\\\/Seawire-Hero-06.jpg\",\"datePublished\":\"2022-11-08T21:07:54+00:00\",\"dateModified\":\"2025-07-03T18:36:01+00:00\",\"breadcrumb\":{\"@id\":\"https:\\\/\\\/cssdn.gouv.qc.ca\\\/notredame\\\/a-propos\\\/conseil-detablissement\\\/#breadcrumb\"},\"inLanguage\":\"fr-CA\",\"potentialAction\":[{\"@type\":\"ReadAction\",\"target\":[\"https:\\\/\\\/cssdn.gouv.qc.ca\\\/notredame\\\/a-propos\\\/conseil-detablissement\\\/\"]}]},{\"@type\":\"ImageObject\",\"inLanguage\":\"fr-CA\",\"@id\":\"https:\\\/\\\/cssdn.gouv.qc.ca\\\/notredame\\\/a-propos\\\/conseil-detablissement\\\/#primaryimage\",\"url\":\"https:\\\/\\\/stage.cssdn.gouv.qc.ca\\\/wp-content\\\/uploads\\\/2022\\\/08\\\/Seawire-Hero-06.jpg\",\"contentUrl\":\"https:\\\/\\\/stage.cssdn.gouv.qc.ca\\\/wp-content\\\/uploads\\\/2022\\\/08\\\/Seawire-Hero-06.jpg\"},{\"@type\":\"BreadcrumbList\",\"@id\":\"https:\\\/\\\/cssdn.gouv.qc.ca\\\/notredame\\\/a-propos\\\/conseil-detablissement\\\/#breadcrumb\",\"itemListElement\":[{\"@type\":\"ListItem\",\"position\":1,\"name\":\"Accueil\",\"item\":\"https:\\\/\\\/cssdn.gouv.qc.ca\\\/notredame\\\/\"},{\"@type\":\"ListItem\",\"position\":2,\"name\":\"\u00c0 propos\",\"item\":\"https:\\\/\\\/cssdn.gouv.qc.ca\\\/notredame\\\/a-propos\\\/\"},{\"@type\":\"ListItem\",\"position\":3,\"name\":\"Conseil d&#8217;\u00e9tablissement\"}]},{\"@type\":\"WebSite\",\"@id\":\"https:\\\/\\\/cssdn.gouv.qc.ca\\\/notredame\\\/#website\",\"url\":\"https:\\\/\\\/cssdn.gouv.qc.ca\\\/notredame\\\/\",\"name\":\"\u00c9cole Notre-Dame\",\"description\":\"Un site des centres de services scolaires des Navigateurs\",\"publisher\":{\"@id\":\"https:\\\/\\\/cssdn.gouv.qc.ca\\\/notredame\\\/#organization\"},\"potentialAction\":[{\"@type\":\"SearchAction\",\"target\":{\"@type\":\"EntryPoint\",\"urlTemplate\":\"https:\\\/\\\/cssdn.gouv.qc.ca\\\/notredame\\\/?s={search_term_string}\"},\"query-input\":{\"@type\":\"PropertyValueSpecification\",\"valueRequired\":true,\"valueName\":\"search_term_string\"}}],\"inLanguage\":\"fr-CA\"},{\"@type\":\"Organization\",\"@id\":\"https:\\\/\\\/cssdn.gouv.qc.ca\\\/notredame\\\/#organization\",\"name\":\"\u00c9cole Notre-Dame\",\"url\":\"https:\\\/\\\/cssdn.gouv.qc.ca\\\/notredame\\\/\",\"logo\":{\"@type\":\"ImageObject\",\"inLanguage\":\"fr-CA\",\"@id\":\"https:\\\/\\\/cssdn.gouv.qc.ca\\\/notredame\\\/#\\\/schema\\\/logo\\\/image\\\/\",\"url\":\"https:\\\/\\\/cssdn.gouv.qc.ca\\\/notredame\\\/wp-content\\\/uploads\\\/sites\\\/48\\\/2023\\\/01\\\/logo_quebec.svg\",\"contentUrl\":\"https:\\\/\\\/cssdn.gouv.qc.ca\\\/notredame\\\/wp-content\\\/uploads\\\/sites\\\/48\\\/2023\\\/01\\\/logo_quebec.svg\",\"width\":188,\"height\":41,\"caption\":\"\u00c9cole Notre-Dame\"},\"image\":{\"@id\":\"https:\\\/\\\/cssdn.gouv.qc.ca\\\/notredame\\\/#\\\/schema\\\/logo\\\/image\\\/\"},\"sameAs\":[\"https:\\\/\\\/www.facebook.com\\\/ecolenotredamelevis\"]}]}<\/script>\n<!-- \/ Yoast SEO plugin. -->","yoast_head_json":{"title":"Conseil d'\u00e9tablissement - \u00c9cole Notre-Dame","robots":{"index":"index","follow":"follow","max-snippet":"max-snippet:-1","max-image-preview":"max-image-preview:large","max-video-preview":"max-video-preview:-1"},"canonical":"https:\/\/cssdn.gouv.qc.ca\/notredame\/a-propos\/conseil-detablissement\/","og_locale":"fr_CA","og_type":"article","og_title":"Conseil d'\u00e9tablissement - \u00c9cole Notre-Dame","og_description":"Assembl\u00e9e g\u00e9n\u00e9rale de parents Rapport annuel Calendrier des rencontres Proc\u00e8s-verbaux des rencontres","og_url":"https:\/\/cssdn.gouv.qc.ca\/notredame\/a-propos\/conseil-detablissement\/","og_site_name":"\u00c9cole Notre-Dame","article_publisher":"https:\/\/www.facebook.com\/ecolenotredamelevis","article_modified_time":"2025-07-03T18:36:01+00:00","twitter_card":"summary_large_image","twitter_misc":{"Estimation du temps de lecture":"1 minute"},"schema":{"@context":"https:\/\/schema.org","@graph":[{"@type":"WebPage","@id":"https:\/\/cssdn.gouv.qc.ca\/notredame\/a-propos\/conseil-detablissement\/","url":"https:\/\/cssdn.gouv.qc.ca\/notredame\/a-propos\/conseil-detablissement\/","name":"Conseil d'\u00e9tablissement - \u00c9cole Notre-Dame","isPartOf":{"@id":"https:\/\/cssdn.gouv.qc.ca\/notredame\/#website"},"primaryImageOfPage":{"@id":"https:\/\/cssdn.gouv.qc.ca\/notredame\/a-propos\/conseil-detablissement\/#primaryimage"},"image":{"@id":"https:\/\/cssdn.gouv.qc.ca\/notredame\/a-propos\/conseil-detablissement\/#primaryimage"},"thumbnailUrl":"https:\/\/stage.cssdn.gouv.qc.ca\/wp-content\/uploads\/2022\/08\/Seawire-Hero-06.jpg","datePublished":"2022-11-08T21:07:54+00:00","dateModified":"2025-07-03T18:36:01+00:00","breadcrumb":{"@id":"https:\/\/cssdn.gouv.qc.ca\/notredame\/a-propos\/conseil-detablissement\/#breadcrumb"},"inLanguage":"fr-CA","potentialAction":[{"@type":"ReadAction","target":["https:\/\/cssdn.gouv.qc.ca\/notredame\/a-propos\/conseil-detablissement\/"]}]},{"@type":"ImageObject","inLanguage":"fr-CA","@id":"https:\/\/cssdn.gouv.qc.ca\/notredame\/a-propos\/conseil-detablissement\/#primaryimage","url":"https:\/\/stage.cssdn.gouv.qc.ca\/wp-content\/uploads\/2022\/08\/Seawire-Hero-06.jpg","contentUrl":"https:\/\/stage.cssdn.gouv.qc.ca\/wp-content\/uploads\/2022\/08\/Seawire-Hero-06.jpg"},{"@type":"BreadcrumbList","@id":"https:\/\/cssdn.gouv.qc.ca\/notredame\/a-propos\/conseil-detablissement\/#breadcrumb","itemListElement":[{"@type":"ListItem","position":1,"name":"Accueil","item":"https:\/\/cssdn.gouv.qc.ca\/notredame\/"},{"@type":"ListItem","position":2,"name":"\u00c0 propos","item":"https:\/\/cssdn.gouv.qc.ca\/notredame\/a-propos\/"},{"@type":"ListItem","position":3,"name":"Conseil d&#8217;\u00e9tablissement"}]},{"@type":"WebSite","@id":"https:\/\/cssdn.gouv.qc.ca\/notredame\/#website","url":"https:\/\/cssdn.gouv.qc.ca\/notredame\/","name":"\u00c9cole Notre-Dame","description":"Un site des centres de services scolaires des Navigateurs","publisher":{"@id":"https:\/\/cssdn.gouv.qc.ca\/notredame\/#organization"},"potentialAction":[{"@type":"SearchAction","target":{"@type":"EntryPoint","urlTemplate":"https:\/\/cssdn.gouv.qc.ca\/notredame\/?s={search_term_string}"},"query-input":{"@type":"PropertyValueSpecification","valueRequired":true,"valueName":"search_term_string"}}],"inLanguage":"fr-CA"},{"@type":"Organization","@id":"https:\/\/cssdn.gouv.qc.ca\/notredame\/#organization","name":"\u00c9cole Notre-Dame","url":"https:\/\/cssdn.gouv.qc.ca\/notredame\/","logo":{"@type":"ImageObject","inLanguage":"fr-CA","@id":"https:\/\/cssdn.gouv.qc.ca\/notredame\/#\/schema\/logo\/image\/","url":"https:\/\/cssdn.gouv.qc.ca\/notredame\/wp-content\/uploads\/sites\/48\/2023\/01\/logo_quebec.svg","contentUrl":"https:\/\/cssdn.gouv.qc.ca\/notredame\/wp-content\/uploads\/sites\/48\/2023\/01\/logo_quebec.svg","width":188,"height":41,"caption":"\u00c9cole Notre-Dame"},"image":{"@id":"https:\/\/cssdn.gouv.qc.ca\/notredame\/#\/schema\/logo\/image\/"},"sameAs":["https:\/\/www.facebook.com\/ecolenotredamelevis"]}]}},"publishpress_future_action":{"enabled":false,"date":"2026-04-23 04:56:13","action":"change-status","newStatus":"draft","terms":[],"taxonomy":"category","extraData":[]},"publishpress_future_workflow_manual_trigger":{"enabledWorkflows":[]},"_links":{"self":[{"href":"https:\/\/cssdn.gouv.qc.ca\/notredame\/wp-json\/wp\/v2\/pages\/10","targetHints":{"allow":["GET"]}}],"collection":[{"href":"https:\/\/cssdn.gouv.qc.ca\/notredame\/wp-json\/wp\/v2\/pages"}],"about":[{"href":"https:\/\/cssdn.gouv.qc.ca\/notredame\/wp-json\/wp\/v2\/types\/page"}],"author":[{"embeddable":true,"href":"https:\/\/cssdn.gouv.qc.ca\/notredame\/wp-json\/wp\/v2\/users\/1"}],"replies":[{"embeddable":true,"href":"https:\/\/cssdn.gouv.qc.ca\/notredame\/wp-json\/wp\/v2\/comments?post=10"}],"version-history":[{"count":0,"href":"https:\/\/cssdn.gouv.qc.ca\/notredame\/wp-json\/wp\/v2\/pages\/10\/revisions"}],"up":[{"embeddable":true,"href":"https:\/\/cssdn.gouv.qc.ca\/notredame\/wp-json\/wp\/v2\/pages\/6"}],"wp:attachment":[{"href":"https:\/\/cssdn.gouv.qc.ca\/notredame\/wp-json\/wp\/v2\/media?parent=10"}],"wp:term":[{"taxonomy":"category","embeddable":true,"href":"https:\/\/cssdn.gouv.qc.ca\/notredame\/wp-json\/wp\/v2\/categories?post=10"},{"taxonomy":"post_tag","embeddable":true,"href":"https:\/\/cssdn.gouv.qc.ca\/notredame\/wp-json\/wp\/v2\/tags?post=10"}],"curies":[{"name":"wp","href":"https:\/\/api.w.org\/{rel}","templated":true}]}}