
{"id":5616,"date":"2024-09-17T12:36:06","date_gmt":"2024-09-17T16:36:06","guid":{"rendered":"https:\/\/cssdn.gouv.qc.ca\/notredame\/?page_id=5616"},"modified":"2024-09-17T12:36:57","modified_gmt":"2024-09-17T16:36:57","slug":"5616-2","status":"publish","type":"page","link":"https:\/\/cssdn.gouv.qc.ca\/notredame\/informations-aux-parents\/5616-2\/","title":{"rendered":"Plainte"},"content":{"rendered":"\n<div class=\"wp-block-cover alignfull is-light is-style-title-banner\"><span aria-hidden=\"true\" class=\"wp-block-cover__background has-background-dim\"><\/span><img decoding=\"async\" class=\"wp-block-cover__image-background wp-image-111 lazyload\" alt=\"\" data-src=\"https:\/\/stage.cssdn.gouv.qc.ca\/wp-content\/uploads\/2022\/08\/Seawire-Hero-06.jpg\" data-object-fit=\"cover\" src=\"data:image\/svg+xml;base64,PHN2ZyB3aWR0aD0iMSIgaGVpZ2h0PSIxIiB4bWxucz0iaHR0cDovL3d3dy53My5vcmcvMjAwMC9zdmciPjwvc3ZnPg==\" \/><div class=\"wp-block-cover__inner-container\"><h3 class=\"wp-block-post-title\">Plainte<\/h3><\/div><\/div>\n\n\n\n<div class=\"wp-block-group alignfull has-padding-y-large has-secondary-background-color has-background\"><div class=\"yoast-breadcrumbs alignwide \"><span class=\"breadcrumbs\"><a href=\"https:\/\/cssdn.gouv.qc.ca\/notredame\/\" class=\"breadcrumbs__element\">Accueil<\/a> <span class=\"breadcrumbs__separator\">\n        <svg class=\"icon icon-breadcrumb__separator\"><use xlink:href=\"#icon-breadcrumb__separator\"><\/use><\/svg>\n    <\/span> <a href=\"https:\/\/cssdn.gouv.qc.ca\/notredame\/informations-aux-parents\/\" class=\"breadcrumbs__element\">Informations aux parents<\/a> <span class=\"breadcrumbs__separator\">\n        <svg class=\"icon icon-breadcrumb__separator\"><use xlink:href=\"#icon-breadcrumb__separator\"><\/use><\/svg>\n    <\/span> <span class=\"breadcrumbs__element breadcrumbs__element-current\">Plainte<\/span><\/span><\/div><\/div>\n\n\n\n<h1 class=\"wp-block-heading\">Processus de plainte<\/h1>\n\n\n\n\n<p class=\"act-lead wp-block-paragraph\">Vous \u00eates insatisfait \u00e0 la suite d\u2019un \u00e9v\u00e9nement survenu dans l\u2019un des \u00e9tablissements scolaires du CSSDN? Consultez la proc\u00e9dure de traitement des plaintes pour conna\u00eetre les \u00e9tapes \u00e0 suivre. Le document est en pi\u00e8ce jointe de ce courriel.<\/p>\n\n\n\n\n<div class=\"wp-block-file\"><a id=\"wp-block-file--media-b1c5aacb-a5b2-40b2-b216-69b945b16c16\" href=\"https:\/\/cssdn.gouv.qc.ca\/notredame\/wp-content\/uploads\/sites\/48\/2024\/09\/Processus-de-plainte-CSSDN.pdf\">Processus de plainte CSSDN<\/a><a href=\"https:\/\/cssdn.gouv.qc.ca\/notredame\/wp-content\/uploads\/sites\/48\/2024\/09\/Processus-de-plainte-CSSDN.pdf\" class=\"wp-block-file__button wp-element-button\" download aria-describedby=\"wp-block-file--media-b1c5aacb-a5b2-40b2-b216-69b945b16c16\">T\u00e9l\u00e9charger<\/a><\/div>\n","protected":false},"excerpt":{"rendered":"<p>Processus de plainte<\/p>\n","protected":false},"author":127,"featured_media":0,"parent":13,"menu_order":0,"comment_status":"closed","ping_status":"closed","template":"","meta":{"_acf_changed":false,"_crdt_document":"","inline_featured_image":false,"footnotes":""},"categories":[],"tags":[],"class_list":["post-5616","page","type-page","status-publish","hentry"],"acf":[],"yoast_head":"<!-- This site is optimized with the Yoast SEO plugin v27.5 - https:\/\/yoast.com\/product\/yoast-seo-wordpress\/ -->\n<title>Plainte - \u00c9cole Notre-Dame<\/title>\n<meta name=\"robots\" content=\"index, follow, max-snippet:-1, max-image-preview:large, max-video-preview:-1\" \/>\n<link rel=\"canonical\" href=\"https:\/\/cssdn.gouv.qc.ca\/notredame\/informations-aux-parents\/5616-2\/\" \/>\n<meta property=\"og:locale\" content=\"fr_CA\" \/>\n<meta property=\"og:type\" content=\"article\" \/>\n<meta property=\"og:title\" content=\"Plainte - \u00c9cole Notre-Dame\" \/>\n<meta property=\"og:description\" content=\"Processus de plainte\" \/>\n<meta property=\"og:url\" content=\"https:\/\/cssdn.gouv.qc.ca\/notredame\/informations-aux-parents\/5616-2\/\" \/>\n<meta property=\"og:site_name\" content=\"\u00c9cole Notre-Dame\" \/>\n<meta property=\"article:publisher\" content=\"https:\/\/www.facebook.com\/ecolenotredamelevis\" \/>\n<meta property=\"article:modified_time\" content=\"2024-09-17T16:36:57+00:00\" \/>\n<meta property=\"og:image\" content=\"https:\/\/stage.cssdn.gouv.qc.ca\/wp-content\/uploads\/2022\/08\/Seawire-Hero-06.jpg\" \/>\n<meta name=\"twitter:card\" content=\"summary_large_image\" \/>\n<meta name=\"twitter:label1\" content=\"Estimation du temps de lecture\" \/>\n\t<meta name=\"twitter:data1\" content=\"1 minute\" \/>\n<script type=\"application\/ld+json\" class=\"yoast-schema-graph\">{\"@context\":\"https:\\\/\\\/schema.org\",\"@graph\":[{\"@type\":\"WebPage\",\"@id\":\"https:\\\/\\\/cssdn.gouv.qc.ca\\\/notredame\\\/informations-aux-parents\\\/5616-2\\\/\",\"url\":\"https:\\\/\\\/cssdn.gouv.qc.ca\\\/notredame\\\/informations-aux-parents\\\/5616-2\\\/\",\"name\":\"Plainte - \u00c9cole Notre-Dame\",\"isPartOf\":{\"@id\":\"https:\\\/\\\/cssdn.gouv.qc.ca\\\/notredame\\\/#website\"},\"primaryImageOfPage\":{\"@id\":\"https:\\\/\\\/cssdn.gouv.qc.ca\\\/notredame\\\/informations-aux-parents\\\/5616-2\\\/#primaryimage\"},\"image\":{\"@id\":\"https:\\\/\\\/cssdn.gouv.qc.ca\\\/notredame\\\/informations-aux-parents\\\/5616-2\\\/#primaryimage\"},\"thumbnailUrl\":\"https:\\\/\\\/stage.cssdn.gouv.qc.ca\\\/wp-content\\\/uploads\\\/2022\\\/08\\\/Seawire-Hero-06.jpg\",\"datePublished\":\"2024-09-17T16:36:06+00:00\",\"dateModified\":\"2024-09-17T16:36:57+00:00\",\"breadcrumb\":{\"@id\":\"https:\\\/\\\/cssdn.gouv.qc.ca\\\/notredame\\\/informations-aux-parents\\\/5616-2\\\/#breadcrumb\"},\"inLanguage\":\"fr-CA\",\"potentialAction\":[{\"@type\":\"ReadAction\",\"target\":[\"https:\\\/\\\/cssdn.gouv.qc.ca\\\/notredame\\\/informations-aux-parents\\\/5616-2\\\/\"]}]},{\"@type\":\"ImageObject\",\"inLanguage\":\"fr-CA\",\"@id\":\"https:\\\/\\\/cssdn.gouv.qc.ca\\\/notredame\\\/informations-aux-parents\\\/5616-2\\\/#primaryimage\",\"url\":\"https:\\\/\\\/stage.cssdn.gouv.qc.ca\\\/wp-content\\\/uploads\\\/2022\\\/08\\\/Seawire-Hero-06.jpg\",\"contentUrl\":\"https:\\\/\\\/stage.cssdn.gouv.qc.ca\\\/wp-content\\\/uploads\\\/2022\\\/08\\\/Seawire-Hero-06.jpg\"},{\"@type\":\"BreadcrumbList\",\"@id\":\"https:\\\/\\\/cssdn.gouv.qc.ca\\\/notredame\\\/informations-aux-parents\\\/5616-2\\\/#breadcrumb\",\"itemListElement\":[{\"@type\":\"ListItem\",\"position\":1,\"name\":\"Accueil\",\"item\":\"https:\\\/\\\/cssdn.gouv.qc.ca\\\/notredame\\\/\"},{\"@type\":\"ListItem\",\"position\":2,\"name\":\"Informations aux parents\",\"item\":\"https:\\\/\\\/cssdn.gouv.qc.ca\\\/notredame\\\/informations-aux-parents\\\/\"},{\"@type\":\"ListItem\",\"position\":3,\"name\":\"Plainte\"}]},{\"@type\":\"WebSite\",\"@id\":\"https:\\\/\\\/cssdn.gouv.qc.ca\\\/notredame\\\/#website\",\"url\":\"https:\\\/\\\/cssdn.gouv.qc.ca\\\/notredame\\\/\",\"name\":\"\u00c9cole Notre-Dame\",\"description\":\"Un site des centres de services scolaires des Navigateurs\",\"publisher\":{\"@id\":\"https:\\\/\\\/cssdn.gouv.qc.ca\\\/notredame\\\/#organization\"},\"potentialAction\":[{\"@type\":\"SearchAction\",\"target\":{\"@type\":\"EntryPoint\",\"urlTemplate\":\"https:\\\/\\\/cssdn.gouv.qc.ca\\\/notredame\\\/?s={search_term_string}\"},\"query-input\":{\"@type\":\"PropertyValueSpecification\",\"valueRequired\":true,\"valueName\":\"search_term_string\"}}],\"inLanguage\":\"fr-CA\"},{\"@type\":\"Organization\",\"@id\":\"https:\\\/\\\/cssdn.gouv.qc.ca\\\/notredame\\\/#organization\",\"name\":\"\u00c9cole Notre-Dame\",\"url\":\"https:\\\/\\\/cssdn.gouv.qc.ca\\\/notredame\\\/\",\"logo\":{\"@type\":\"ImageObject\",\"inLanguage\":\"fr-CA\",\"@id\":\"https:\\\/\\\/cssdn.gouv.qc.ca\\\/notredame\\\/#\\\/schema\\\/logo\\\/image\\\/\",\"url\":\"https:\\\/\\\/cssdn.gouv.qc.ca\\\/notredame\\\/wp-content\\\/uploads\\\/sites\\\/48\\\/2023\\\/01\\\/logo_quebec.svg\",\"contentUrl\":\"https:\\\/\\\/cssdn.gouv.qc.ca\\\/notredame\\\/wp-content\\\/uploads\\\/sites\\\/48\\\/2023\\\/01\\\/logo_quebec.svg\",\"width\":188,\"height\":41,\"caption\":\"\u00c9cole Notre-Dame\"},\"image\":{\"@id\":\"https:\\\/\\\/cssdn.gouv.qc.ca\\\/notredame\\\/#\\\/schema\\\/logo\\\/image\\\/\"},\"sameAs\":[\"https:\\\/\\\/www.facebook.com\\\/ecolenotredamelevis\"]}]}<\/script>\n<!-- \/ Yoast SEO plugin. -->","yoast_head_json":{"title":"Plainte - \u00c9cole Notre-Dame","robots":{"index":"index","follow":"follow","max-snippet":"max-snippet:-1","max-image-preview":"max-image-preview:large","max-video-preview":"max-video-preview:-1"},"canonical":"https:\/\/cssdn.gouv.qc.ca\/notredame\/informations-aux-parents\/5616-2\/","og_locale":"fr_CA","og_type":"article","og_title":"Plainte - \u00c9cole Notre-Dame","og_description":"Processus de plainte","og_url":"https:\/\/cssdn.gouv.qc.ca\/notredame\/informations-aux-parents\/5616-2\/","og_site_name":"\u00c9cole Notre-Dame","article_publisher":"https:\/\/www.facebook.com\/ecolenotredamelevis","article_modified_time":"2024-09-17T16:36:57+00:00","og_image":[{"url":"https:\/\/stage.cssdn.gouv.qc.ca\/wp-content\/uploads\/2022\/08\/Seawire-Hero-06.jpg","type":"","width":"","height":""}],"twitter_card":"summary_large_image","twitter_misc":{"Estimation du temps de lecture":"1 minute"},"schema":{"@context":"https:\/\/schema.org","@graph":[{"@type":"WebPage","@id":"https:\/\/cssdn.gouv.qc.ca\/notredame\/informations-aux-parents\/5616-2\/","url":"https:\/\/cssdn.gouv.qc.ca\/notredame\/informations-aux-parents\/5616-2\/","name":"Plainte - \u00c9cole Notre-Dame","isPartOf":{"@id":"https:\/\/cssdn.gouv.qc.ca\/notredame\/#website"},"primaryImageOfPage":{"@id":"https:\/\/cssdn.gouv.qc.ca\/notredame\/informations-aux-parents\/5616-2\/#primaryimage"},"image":{"@id":"https:\/\/cssdn.gouv.qc.ca\/notredame\/informations-aux-parents\/5616-2\/#primaryimage"},"thumbnailUrl":"https:\/\/stage.cssdn.gouv.qc.ca\/wp-content\/uploads\/2022\/08\/Seawire-Hero-06.jpg","datePublished":"2024-09-17T16:36:06+00:00","dateModified":"2024-09-17T16:36:57+00:00","breadcrumb":{"@id":"https:\/\/cssdn.gouv.qc.ca\/notredame\/informations-aux-parents\/5616-2\/#breadcrumb"},"inLanguage":"fr-CA","potentialAction":[{"@type":"ReadAction","target":["https:\/\/cssdn.gouv.qc.ca\/notredame\/informations-aux-parents\/5616-2\/"]}]},{"@type":"ImageObject","inLanguage":"fr-CA","@id":"https:\/\/cssdn.gouv.qc.ca\/notredame\/informations-aux-parents\/5616-2\/#primaryimage","url":"https:\/\/stage.cssdn.gouv.qc.ca\/wp-content\/uploads\/2022\/08\/Seawire-Hero-06.jpg","contentUrl":"https:\/\/stage.cssdn.gouv.qc.ca\/wp-content\/uploads\/2022\/08\/Seawire-Hero-06.jpg"},{"@type":"BreadcrumbList","@id":"https:\/\/cssdn.gouv.qc.ca\/notredame\/informations-aux-parents\/5616-2\/#breadcrumb","itemListElement":[{"@type":"ListItem","position":1,"name":"Accueil","item":"https:\/\/cssdn.gouv.qc.ca\/notredame\/"},{"@type":"ListItem","position":2,"name":"Informations aux parents","item":"https:\/\/cssdn.gouv.qc.ca\/notredame\/informations-aux-parents\/"},{"@type":"ListItem","position":3,"name":"Plainte"}]},{"@type":"WebSite","@id":"https:\/\/cssdn.gouv.qc.ca\/notredame\/#website","url":"https:\/\/cssdn.gouv.qc.ca\/notredame\/","name":"\u00c9cole Notre-Dame","description":"Un site des centres de services scolaires des Navigateurs","publisher":{"@id":"https:\/\/cssdn.gouv.qc.ca\/notredame\/#organization"},"potentialAction":[{"@type":"SearchAction","target":{"@type":"EntryPoint","urlTemplate":"https:\/\/cssdn.gouv.qc.ca\/notredame\/?s={search_term_string}"},"query-input":{"@type":"PropertyValueSpecification","valueRequired":true,"valueName":"search_term_string"}}],"inLanguage":"fr-CA"},{"@type":"Organization","@id":"https:\/\/cssdn.gouv.qc.ca\/notredame\/#organization","name":"\u00c9cole Notre-Dame","url":"https:\/\/cssdn.gouv.qc.ca\/notredame\/","logo":{"@type":"ImageObject","inLanguage":"fr-CA","@id":"https:\/\/cssdn.gouv.qc.ca\/notredame\/#\/schema\/logo\/image\/","url":"https:\/\/cssdn.gouv.qc.ca\/notredame\/wp-content\/uploads\/sites\/48\/2023\/01\/logo_quebec.svg","contentUrl":"https:\/\/cssdn.gouv.qc.ca\/notredame\/wp-content\/uploads\/sites\/48\/2023\/01\/logo_quebec.svg","width":188,"height":41,"caption":"\u00c9cole Notre-Dame"},"image":{"@id":"https:\/\/cssdn.gouv.qc.ca\/notredame\/#\/schema\/logo\/image\/"},"sameAs":["https:\/\/www.facebook.com\/ecolenotredamelevis"]}]}},"publishpress_future_action":{"enabled":false,"date":"2026-05-19 09:58:30","action":"change-status","newStatus":"draft","terms":[],"taxonomy":"category","extraData":[]},"publishpress_future_workflow_manual_trigger":{"enabledWorkflows":[]},"_links":{"self":[{"href":"https:\/\/cssdn.gouv.qc.ca\/notredame\/wp-json\/wp\/v2\/pages\/5616","targetHints":{"allow":["GET"]}}],"collection":[{"href":"https:\/\/cssdn.gouv.qc.ca\/notredame\/wp-json\/wp\/v2\/pages"}],"about":[{"href":"https:\/\/cssdn.gouv.qc.ca\/notredame\/wp-json\/wp\/v2\/types\/page"}],"author":[{"embeddable":true,"href":"https:\/\/cssdn.gouv.qc.ca\/notredame\/wp-json\/wp\/v2\/users\/127"}],"replies":[{"embeddable":true,"href":"https:\/\/cssdn.gouv.qc.ca\/notredame\/wp-json\/wp\/v2\/comments?post=5616"}],"version-history":[{"count":0,"href":"https:\/\/cssdn.gouv.qc.ca\/notredame\/wp-json\/wp\/v2\/pages\/5616\/revisions"}],"up":[{"embeddable":true,"href":"https:\/\/cssdn.gouv.qc.ca\/notredame\/wp-json\/wp\/v2\/pages\/13"}],"wp:attachment":[{"href":"https:\/\/cssdn.gouv.qc.ca\/notredame\/wp-json\/wp\/v2\/media?parent=5616"}],"wp:term":[{"taxonomy":"category","embeddable":true,"href":"https:\/\/cssdn.gouv.qc.ca\/notredame\/wp-json\/wp\/v2\/categories?post=5616"},{"taxonomy":"post_tag","embeddable":true,"href":"https:\/\/cssdn.gouv.qc.ca\/notredame\/wp-json\/wp\/v2\/tags?post=5616"}],"curies":[{"name":"wp","href":"https:\/\/api.w.org\/{rel}","templated":true}]}}