
{"id":9,"date":"2022-11-08T16:07:54","date_gmt":"2022-11-08T21:07:54","guid":{"rendered":"https:\/\/cssdn.gouv.qc.ca\/notredame\/a-propos\/notre-equipe\/"},"modified":"2025-08-13T09:27:02","modified_gmt":"2025-08-13T13:27:02","slug":"notre-personnel","status":"publish","type":"page","link":"https:\/\/cssdn.gouv.qc.ca\/notredame\/a-propos\/notre-personnel\/","title":{"rendered":"Notre personnel"},"content":{"rendered":"\n<div class=\"wp-block-cover alignfull is-light is-style-title-banner\"><img decoding=\"async\" class=\"wp-block-cover__image-background wp-image-111 lazyload\" alt=\"\" data-src=\"https:\/\/stage.cssdn.gouv.qc.ca\/wp-content\/uploads\/2022\/08\/Seawire-Hero-06.jpg\" data-object-fit=\"cover\" src=\"data:image\/svg+xml;base64,PHN2ZyB3aWR0aD0iMSIgaGVpZ2h0PSIxIiB4bWxucz0iaHR0cDovL3d3dy53My5vcmcvMjAwMC9zdmciPjwvc3ZnPg==\" \/><span aria-hidden=\"true\" class=\"wp-block-cover__background has-primary-background-color has-background-dim\"><\/span><div class=\"wp-block-cover__inner-container\"><h3 class=\"wp-block-post-title\">Notre personnel<\/h3><\/div><\/div>\n\n\n\n<div class=\"wp-block-group alignfull has-padding-y-large has-secondary-background-color has-background\"><div class=\"yoast-breadcrumbs alignwide \"><span class=\"breadcrumbs\"><a href=\"https:\/\/cssdn.gouv.qc.ca\/notredame\/\" class=\"breadcrumbs__element\">Accueil<\/a> <span class=\"breadcrumbs__separator\">\n        <svg class=\"icon icon-breadcrumb__separator\"><use xlink:href=\"#icon-breadcrumb__separator\"><\/use><\/svg>\n    <\/span> <a href=\"https:\/\/cssdn.gouv.qc.ca\/notredame\/a-propos\/\" class=\"breadcrumbs__element\">\u00c0 propos<\/a> <span class=\"breadcrumbs__separator\">\n        <svg class=\"icon icon-breadcrumb__separator\"><use xlink:href=\"#icon-breadcrumb__separator\"><\/use><\/svg>\n    <\/span> <span class=\"breadcrumbs__element breadcrumbs__element-current\">Notre personnel<\/span><\/span><\/div><\/div>\n\n\n\n<div class=\"act-collapsible\">\n<h2 class=\"wp-block-heading act-collapsible__heading\">Personnel de direction<\/h2>\n\n\n\n<div class=\"act-collapsible__content\"><div class=\"act-collapsible__content-inner\">\n<div class=\"wp-block-columns\">\n<div class=\"wp-block-column\">\n<p class=\"wp-block-paragraph\">Myriam Chabot, directrice<\/p>\n<\/div>\n\n\n\n<div class=\"wp-block-column\">\n<p class=\"wp-block-paragraph\"><a href=\"mailto:notre-dame@cssdn.qc.ca\">notre-dame@cssdn.qc.ca<\/a><\/p>\n<\/div>\n<\/div>\n<\/div><\/div>\n<\/div>\n\n\n\n<div class=\"act-collapsible\">\n<h2 class=\"wp-block-heading act-collapsible__heading\">Personnel de soutien<\/h2>\n\n\n\n<div class=\"act-collapsible__content\"><div class=\"act-collapsible__content-inner\">\n<div class=\"wp-block-columns\">\n<div class=\"wp-block-column\">\n<p class=\"wp-block-paragraph\">C\u00e9line Lavoie, secr\u00e9taire<\/p>\n<\/div>\n\n\n\n<div class=\"wp-block-column\">\n<p class=\"wp-block-paragraph\"><a href=\"mailto:notre-dame@cssdn.gouv.qc.ca\">notre-dame@cssdn.gouv.qc.ca<\/a><\/p>\n<\/div>\n<\/div>\n\n\n\n<div class=\"wp-block-columns\">\n<div class=\"wp-block-column\">\n<p class=\"wp-block-paragraph\">Julie Duquette, technicienne en service de garde<\/p>\n\n\n\n<p class=\"wp-block-paragraph\">Ang\u00e9lie Landry, TES<\/p>\n\n\n\n<p class=\"wp-block-paragraph\">Julie Roberge, TES<\/p>\n\n\n\n<p class=\"wp-block-paragraph\">Andr\u00e9anne Demers-Soucy, TES<\/p>\n<\/div>\n\n\n\n<div class=\"wp-block-column\">\n<p class=\"wp-block-paragraph\"><a href=\"mailto:service-garde.notre-dame-levis@cssdn.gouv.qc.ca\">service-garde.notre-dame-levis@cssdn.gouv.qc.ca<\/a><\/p>\n\n\n\n<p class=\"wp-block-paragraph\"><a href=\"mailto:angelie.landry@cssdn.gouv.qc.ca\">angelie.landry@cssdn.gouv.qc.ca<\/a><\/p>\n\n\n\n<p class=\"wp-block-paragraph\"><a href=\"mailto:Julie.Roberge1@cssdn.gouv.qc.ca\">Julie.Roberge1@cssdn.gouv.qc.ca<\/a><\/p>\n\n\n\n<p class=\"wp-block-paragraph\"><a href=\"mailto:Andreane.Demers-Soucy@cssdn.gouv.qc.ca\">Andreane.Demers-Soucy@cssdn.gouv.qc.ca<\/a><\/p>\n<\/div>\n<\/div>\n<\/div><\/div>\n<\/div>\n\n\n\n<div class=\"act-collapsible\">\n<h2 class=\"wp-block-heading act-collapsible__heading\">Personnel professionnel<\/h2>\n\n\n\n<div class=\"act-collapsible__content\"><div class=\"act-collapsible__content-inner\">\n<div class=\"wp-block-columns\">\n<div class=\"wp-block-column\">\n<p class=\"wp-block-paragraph\">\u00c9rika Asselin, orthophoniste<\/p>\n\n\n\n<p class=\"wp-block-paragraph\">M\u00e9lodie B\u00e9lisle, psycho\u00e9ducatrice<\/p>\n\n\n\n<p class=\"wp-block-paragraph\">Claudia Breton (enseignante-ortho)<\/p>\n\n\n\n<p class=\"wp-block-paragraph\">St\u00e9phanie Ouellet<\/p>\n<\/div>\n\n\n\n<div class=\"wp-block-column\">\n<p class=\"wp-block-paragraph\"><a href=\"mailto:Erika.Asselin@cssdn.gouv.qc.ca\">Erika.Asselin@cssdn.gouv.qc.ca<\/a><\/p>\n\n\n\n<p class=\"wp-block-paragraph\"><a href=\"mailto:Melodie.Belisle@cssdn.gouv.qc.ca\">Melodie.Belisle@cssdn.gouv.qc.ca<\/a><\/p>\n\n\n\n<p class=\"wp-block-paragraph\"><a href=\"mailto:bretonc12@cssdn.gouv.qc.ca\">bretonc12@cssdn.gouv.qc.ca<\/a><\/p>\n\n\n\n<p class=\"wp-block-paragraph\"><a href=\"mailto:Stephanie.Ouellet2@cssdn.gouv.qc.ca\">Stephanie.Ouellet2@cssdn.gouv.qc.ca<\/a><\/p>\n<\/div>\n<\/div>\n<\/div><\/div>\n<\/div>\n\n\n\n<div class=\"act-collapsible\">\n<h2 class=\"wp-block-heading act-collapsible__heading\">Personnel enseignant<\/h2>\n\n\n\n<div class=\"act-collapsible__content\"><div class=\"act-collapsible__content-inner\">\n<div class=\"wp-block-columns\">\n<div class=\"wp-block-column\">\n<p class=\"wp-block-paragraph\">Fanny-Audrey Dionne (groupe 001)<\/p>\n\n\n\n<p class=\"wp-block-paragraph\">Alicia McCarthy (groupe 002)<\/p>\n\n\n\n<p class=\"wp-block-paragraph\">\u00c9milie Roberge (groupe 003)<\/p>\n\n\n\n<p class=\"wp-block-paragraph\">Aur\u00e9lie Desbiens (pr\u00e9scolaire- 001-002)<\/p>\n\n\n\n<p class=\"wp-block-paragraph\">Isabelle Busque (groupe 101)<\/p>\n\n\n\n<p class=\"wp-block-paragraph\">Genevi\u00e8ve Chabot (groupe 102)<\/p>\n\n\n\n<p class=\"wp-block-paragraph\">Floriane Simard (groupe 201)<\/p>\n\n\n\n<p class=\"wp-block-paragraph\">V\u00e9ronique Henry (groupe 202)<\/p>\n\n\n\n<p class=\"wp-block-paragraph\">Marie-Eve Fournier (groupe 301)<\/p>\n\n\n\n<p class=\"wp-block-paragraph\">Marie-pier M\u00e9nard (groupe 302)<\/p>\n\n\n\n<p class=\"wp-block-paragraph\">Annie Demers (groupe 401)<\/p>\n\n\n\n<p class=\"wp-block-paragraph\">Julie Rousseau (groupe 402)<\/p>\n\n\n\n<p class=\"wp-block-paragraph\">Sophie Gagnon (groupe 501)<\/p>\n\n\n\n<p class=\"wp-block-paragraph\">Marilou Ouellet (groupe 502)<\/p>\n\n\n\n<p class=\"wp-block-paragraph\">Julie Couillard (groupes 601-602)<\/p>\n\n\n\n<p class=\"wp-block-paragraph\">Keven Cloutier (groupes 601-602)<\/p>\n\n\n\n<p class=\"wp-block-paragraph\">\u00c9lodie Sansoucy (CST-primaire)<\/p>\n\n\n\n<p class=\"wp-block-paragraph\">Sophie Bouchard-Bellemare (\u00e9ducation physique)<\/p>\n\n\n\n<p class=\"wp-block-paragraph\">Marie-Pier Paris\u00e9 (\u00e9ducation physique)<\/p>\n\n\n\n<p class=\"wp-block-paragraph\">Enseignant (anglais)<\/p>\n\n\n\n<p class=\"wp-block-paragraph\">Enseignant (musique)<\/p>\n\n\n\n<p class=\"wp-block-paragraph\">Andr\u00e9e Beaulieu (art dramatique)<\/p>\n<\/div>\n\n\n\n<div class=\"wp-block-column\">\n<p class=\"wp-block-paragraph\"><a href=\"mailto:dionnef7@cssdn.gouv.qc.ca\">dionnef7@cssdn.gouv.qc.ca<\/a><\/p>\n\n\n\n<p class=\"wp-block-paragraph\"><a href=\"mailto:fugerec@cssdn.gouv.qc.ca\"><a href=\"mailto:mccarthya@cssdn.gouv.qc.ca\">mccarthya@cssdn.gouv.qc.ca<\/a><\/a><\/p>\n\n\n\n<p class=\"wp-block-paragraph\"><a href=\"mailto:robergee2@cssdn.gouv.qc.ca\">robergee2@cssdn.gouv.qc.ca<\/a><\/p>\n\n\n\n<p class=\"wp-block-paragraph\"><a href=\"mailto:Aurelie.Desbiens@cssdn.gouv.qc.ca\">Aurelie.Desbiens@cssdn.gouv.qc.ca<\/a><\/p>\n\n\n\n<p class=\"wp-block-paragraph\"><a href=\"mailto:busquei@cssdn.gouv.qc.ca\">busquei@cssdn.gouv.qc.ca<\/a><\/p>\n\n\n\n<p class=\"wp-block-paragraph\"><a href=\"mailto:chabotg1@cssdn.gouv.qc.ca\">chabotg1@cssdn.gouv.qc.ca<\/a><\/p>\n\n\n\n<p class=\"wp-block-paragraph\"><a href=\"mailto:simardf17@cssdn.gouv.qc.ca\">simardf17@cssdn.gouv.qc.ca<\/a><\/p>\n\n\n\n<p class=\"wp-block-paragraph\"><a href=\"mailto:henryv2@cssdn.gouv.qc.ca\">henryv2@cssdn.gouv.qc.ca<\/a><\/p>\n\n\n\n<p class=\"wp-block-paragraph\"><a href=\"mailto:fournierm3@cssdn.gouv.qc.ca\">fournierm3@cssdn.gouv.qc.ca<\/a><\/p>\n\n\n\n<p class=\"wp-block-paragraph\"><a href=\"mailto:menardm8@cssdn.gouv.qc.ca\">menardm8@cssdn.gouv.qc.ca<\/a><\/p>\n\n\n\n<p class=\"wp-block-paragraph\"><a href=\"mailto:demersa45@cssdn.gouv.qc.ca\">demersa45@cssdn.gouv.qc.ca<\/a><\/p>\n\n\n\n<p class=\"wp-block-paragraph\"><a href=\"mailto:rousseauj40@cssdn.gouv.qc.ca\">rousseauj40@cssdn.gouv.qc.ca<\/a><\/p>\n\n\n\n<p class=\"wp-block-paragraph\"><a href=\"mailto:gagnons7@cssdn.gouv.qc.ca\">gagnons7@cssdn.gouv.qc.ca<\/a><\/p>\n\n\n\n<p class=\"wp-block-paragraph\"><a href=\"mailto:Marilou.Ouellet@cssdn.gouv.qc.ca\">Marilou.Ouellet@cssdn.gouv.qc.ca<\/a><\/p>\n\n\n\n<p class=\"wp-block-paragraph\"><a href=\"mailto:couillardj@cssdn.gouv.qc.ca\">couillardj@cssdn.gouv.qc.ca<\/a><\/p>\n\n\n\n<p class=\"wp-block-paragraph\"><a href=\"mailto:cloutierk4@cssdn.gouv.qc.ca\">cloutierk4@cssdn.gouv.qc.ca<\/a><\/p>\n\n\n\n<p class=\"wp-block-paragraph\"><a href=\"mailto:Elodie.Sansoucy@cssdn.gouv.qc.ca\">Elodie.Sansoucy@cssdn.gouv.qc.ca<\/a><\/p>\n\n\n\n<p class=\"wp-block-paragraph\"><a href=\"mailto:bouchardbellemares@cssdn.gouv.qc.ca\">bouchardbellemares@cssdn.gouv.qc.ca<\/a><\/p>\n\n\n\n<p class=\"wp-block-paragraph\"><a href=\"mailto:Marie-Pier.Parise@cssdn.gouv.qc.ca\">Marie-Pier.Parise@cssdn.gouv.qc.ca<\/a><\/p>\n\n\n\n<p class=\"wp-block-paragraph\">Adresse \u00e0 venir<\/p>\n\n\n\n<p class=\"wp-block-paragraph\">Adresse \u00e0 venir<\/p>\n\n\n\n<p class=\"wp-block-paragraph\"><a href=\"mailto:beaulieua67@cssdn.gouv.qc.ca\">beaulieua67@cssdn.gouv.qc.ca<\/a><\/p>\n<\/div>\n<\/div>\n<\/div><\/div>\n<\/div>\n\n\n\n<div class=\"act-collapsible\">\n<h2 class=\"wp-block-heading act-collapsible__heading\">Personnel du service de garde<\/h2>\n\n\n\n<div class=\"act-collapsible__content\"><div class=\"act-collapsible__content-inner\">\n<p class=\"wp-block-paragraph\"><\/p>\n\n\n\n<div class=\"wp-block-columns\">\n<div class=\"wp-block-column\">\n<p class=\"wp-block-paragraph\">Magali Lampron (6e ann\u00e9e)<\/p>\n\n\n\n<p class=\"wp-block-paragraph\">Julie C\u00f4t\u00e9 (6e ann\u00e9e)<\/p>\n\n\n\n<p class=\"wp-block-paragraph\">M\u00e9lanie Beaumont (2e ann\u00e9e)<\/p>\n\n\n\n<p class=\"wp-block-paragraph\">Imane Bennani (1re ann\u00e9e)<\/p>\n\n\n\n<p class=\"wp-block-paragraph\">Isabelle Lalibert\u00e9 (1re ann\u00e9e)<\/p>\n\n\n\n<p class=\"wp-block-paragraph\">V\u00e9ronique Lalibert\u00e9-Pilon <\/p>\n\n\n\n<p class=\"wp-block-paragraph\">Marie-Claude Desbiens (pr\u00e9scolaire)<\/p>\n\n\n\n<p class=\"wp-block-paragraph\">Jessica S\u00e9vigny<\/p>\n\n\n\n<p class=\"wp-block-paragraph\">Nancy Turgeon (5e ann\u00e9e)<\/p>\n\n\n\n<p class=\"wp-block-paragraph\">Dominic Coulombe (3e ann\u00e9e)<\/p>\n<\/div>\n\n\n\n<div class=\"wp-block-column\">\n<p class=\"wp-block-paragraph\"><a href=\"mailto:lampronm@cssdn.gouv.qc.ca\">lampronm@cssdn.gouv.qc.ca<\/a><\/p>\n\n\n\n<p class=\"wp-block-paragraph\"><a href=\"mailto:cotej33@cssdn.gouv.qc.ca\">cotej33@cssdn.gouv.qc.ca<\/a><\/p>\n\n\n\n<p class=\"wp-block-paragraph\"><a href=\"mailto:Melanie.Beaumont@cssdn.gouv.qc.ca\">Melanie.Beaumont@cssdn.gouv.qc.ca<\/a><\/p>\n\n\n\n<p class=\"wp-block-paragraph\"><a href=\"mailto:bennanii@cssdn.gouv.qc.ca\">bennanii@cssdn.gouv.qc.ca<\/a><\/p>\n\n\n\n<p class=\"wp-block-paragraph\"><a href=\"mailto:lalibertei@cssdn.gouv.qc.ca\">lalibertei@cssdn.gouv.qc.ca<\/a><\/p>\n\n\n\n<p class=\"wp-block-paragraph\"><a href=\"mailto:veronique.laliberte-pilon@cssdn.gouv.qc.ca\">veronique.laliberte-pilon@cssdn.gouv.qc.ca<\/a><\/p>\n\n\n\n<p class=\"wp-block-paragraph\"><a href=\"mailto:desbiensm28@cssdn.gouv.qc.ca\">desbiensm28@cssdn.gouv.qc.ca<\/a><\/p>\n\n\n\n<p class=\"wp-block-paragraph\"><a href=\"mailto:sevignyj10@cssdn.gouv.qc.ca\">sevignyj10@cssdn.gouv.qc.ca<\/a><\/p>\n\n\n\n<p class=\"wp-block-paragraph\"><a href=\"mailto:nancy.turgeon@cssdn.gouv.qc.ca\">nancy.turgeon@cssdn.gouv.qc.ca<\/a><\/p>\n\n\n\n<p class=\"wp-block-paragraph\"><a href=\"mailto:coulombed4@cssdn.gouv.qc.ca\">coulombed4@cssdn.gouv.qc.ca<\/a><\/p>\n<\/div>\n<\/div>\n\n\n\n<p class=\"wp-block-paragraph\"><\/p>\n<\/div><\/div>\n<\/div>\n","protected":false},"excerpt":{"rendered":"","protected":false},"author":1,"featured_media":0,"parent":6,"menu_order":0,"comment_status":"closed","ping_status":"closed","template":"","meta":{"_acf_changed":false,"_crdt_document":"","inline_featured_image":false,"footnotes":""},"categories":[],"tags":[],"class_list":["post-9","page","type-page","status-publish","hentry"],"acf":[],"yoast_head":"<!-- This site is optimized with the Yoast SEO plugin v27.3 - https:\/\/yoast.com\/product\/yoast-seo-wordpress\/ -->\n<title>Notre personnel<\/title>\n<meta name=\"robots\" content=\"index, follow, max-snippet:-1, max-image-preview:large, max-video-preview:-1\" \/>\n<link rel=\"canonical\" href=\"https:\/\/cssdn.gouv.qc.ca\/notredame\/a-propos\/notre-personnel\/\" \/>\n<meta property=\"og:locale\" content=\"fr_CA\" \/>\n<meta property=\"og:type\" content=\"article\" \/>\n<meta property=\"og:title\" content=\"Notre personnel\" \/>\n<meta property=\"og:url\" content=\"https:\/\/cssdn.gouv.qc.ca\/notredame\/a-propos\/notre-personnel\/\" \/>\n<meta property=\"og:site_name\" content=\"\u00c9cole Notre-Dame\" \/>\n<meta property=\"article:publisher\" content=\"https:\/\/www.facebook.com\/ecolenotredamelevis\" \/>\n<meta property=\"article:modified_time\" content=\"2025-08-13T13:27:02+00:00\" \/>\n<meta name=\"twitter:card\" content=\"summary_large_image\" \/>\n<meta name=\"twitter:label1\" content=\"Estimation du temps de lecture\" \/>\n\t<meta name=\"twitter:data1\" content=\"2 minutes\" \/>\n<script type=\"application\/ld+json\" class=\"yoast-schema-graph\">{\"@context\":\"https:\\\/\\\/schema.org\",\"@graph\":[{\"@type\":\"WebPage\",\"@id\":\"https:\\\/\\\/cssdn.gouv.qc.ca\\\/notredame\\\/a-propos\\\/notre-personnel\\\/\",\"url\":\"https:\\\/\\\/cssdn.gouv.qc.ca\\\/notredame\\\/a-propos\\\/notre-personnel\\\/\",\"name\":\"Notre personnel\",\"isPartOf\":{\"@id\":\"https:\\\/\\\/cssdn.gouv.qc.ca\\\/notredame\\\/#website\"},\"primaryImageOfPage\":{\"@id\":\"https:\\\/\\\/cssdn.gouv.qc.ca\\\/notredame\\\/a-propos\\\/notre-personnel\\\/#primaryimage\"},\"image\":{\"@id\":\"https:\\\/\\\/cssdn.gouv.qc.ca\\\/notredame\\\/a-propos\\\/notre-personnel\\\/#primaryimage\"},\"thumbnailUrl\":\"https:\\\/\\\/stage.cssdn.gouv.qc.ca\\\/wp-content\\\/uploads\\\/2022\\\/08\\\/Seawire-Hero-06.jpg\",\"datePublished\":\"2022-11-08T21:07:54+00:00\",\"dateModified\":\"2025-08-13T13:27:02+00:00\",\"breadcrumb\":{\"@id\":\"https:\\\/\\\/cssdn.gouv.qc.ca\\\/notredame\\\/a-propos\\\/notre-personnel\\\/#breadcrumb\"},\"inLanguage\":\"fr-CA\",\"potentialAction\":[{\"@type\":\"ReadAction\",\"target\":[\"https:\\\/\\\/cssdn.gouv.qc.ca\\\/notredame\\\/a-propos\\\/notre-personnel\\\/\"]}]},{\"@type\":\"ImageObject\",\"inLanguage\":\"fr-CA\",\"@id\":\"https:\\\/\\\/cssdn.gouv.qc.ca\\\/notredame\\\/a-propos\\\/notre-personnel\\\/#primaryimage\",\"url\":\"https:\\\/\\\/stage.cssdn.gouv.qc.ca\\\/wp-content\\\/uploads\\\/2022\\\/08\\\/Seawire-Hero-06.jpg\",\"contentUrl\":\"https:\\\/\\\/stage.cssdn.gouv.qc.ca\\\/wp-content\\\/uploads\\\/2022\\\/08\\\/Seawire-Hero-06.jpg\"},{\"@type\":\"BreadcrumbList\",\"@id\":\"https:\\\/\\\/cssdn.gouv.qc.ca\\\/notredame\\\/a-propos\\\/notre-personnel\\\/#breadcrumb\",\"itemListElement\":[{\"@type\":\"ListItem\",\"position\":1,\"name\":\"Accueil\",\"item\":\"https:\\\/\\\/cssdn.gouv.qc.ca\\\/notredame\\\/\"},{\"@type\":\"ListItem\",\"position\":2,\"name\":\"\u00c0 propos\",\"item\":\"https:\\\/\\\/cssdn.gouv.qc.ca\\\/notredame\\\/a-propos\\\/\"},{\"@type\":\"ListItem\",\"position\":3,\"name\":\"Notre personnel\"}]},{\"@type\":\"WebSite\",\"@id\":\"https:\\\/\\\/cssdn.gouv.qc.ca\\\/notredame\\\/#website\",\"url\":\"https:\\\/\\\/cssdn.gouv.qc.ca\\\/notredame\\\/\",\"name\":\"\u00c9cole Notre-Dame\",\"description\":\"Un site des centres de services scolaires des Navigateurs\",\"publisher\":{\"@id\":\"https:\\\/\\\/cssdn.gouv.qc.ca\\\/notredame\\\/#organization\"},\"potentialAction\":[{\"@type\":\"SearchAction\",\"target\":{\"@type\":\"EntryPoint\",\"urlTemplate\":\"https:\\\/\\\/cssdn.gouv.qc.ca\\\/notredame\\\/?s={search_term_string}\"},\"query-input\":{\"@type\":\"PropertyValueSpecification\",\"valueRequired\":true,\"valueName\":\"search_term_string\"}}],\"inLanguage\":\"fr-CA\"},{\"@type\":\"Organization\",\"@id\":\"https:\\\/\\\/cssdn.gouv.qc.ca\\\/notredame\\\/#organization\",\"name\":\"\u00c9cole Notre-Dame\",\"url\":\"https:\\\/\\\/cssdn.gouv.qc.ca\\\/notredame\\\/\",\"logo\":{\"@type\":\"ImageObject\",\"inLanguage\":\"fr-CA\",\"@id\":\"https:\\\/\\\/cssdn.gouv.qc.ca\\\/notredame\\\/#\\\/schema\\\/logo\\\/image\\\/\",\"url\":\"https:\\\/\\\/cssdn.gouv.qc.ca\\\/notredame\\\/wp-content\\\/uploads\\\/sites\\\/48\\\/2023\\\/01\\\/logo_quebec.svg\",\"contentUrl\":\"https:\\\/\\\/cssdn.gouv.qc.ca\\\/notredame\\\/wp-content\\\/uploads\\\/sites\\\/48\\\/2023\\\/01\\\/logo_quebec.svg\",\"width\":188,\"height\":41,\"caption\":\"\u00c9cole Notre-Dame\"},\"image\":{\"@id\":\"https:\\\/\\\/cssdn.gouv.qc.ca\\\/notredame\\\/#\\\/schema\\\/logo\\\/image\\\/\"},\"sameAs\":[\"https:\\\/\\\/www.facebook.com\\\/ecolenotredamelevis\"]}]}<\/script>\n<!-- \/ Yoast SEO plugin. -->","yoast_head_json":{"title":"Notre personnel","robots":{"index":"index","follow":"follow","max-snippet":"max-snippet:-1","max-image-preview":"max-image-preview:large","max-video-preview":"max-video-preview:-1"},"canonical":"https:\/\/cssdn.gouv.qc.ca\/notredame\/a-propos\/notre-personnel\/","og_locale":"fr_CA","og_type":"article","og_title":"Notre personnel","og_url":"https:\/\/cssdn.gouv.qc.ca\/notredame\/a-propos\/notre-personnel\/","og_site_name":"\u00c9cole Notre-Dame","article_publisher":"https:\/\/www.facebook.com\/ecolenotredamelevis","article_modified_time":"2025-08-13T13:27:02+00:00","twitter_card":"summary_large_image","twitter_misc":{"Estimation du temps de lecture":"2 minutes"},"schema":{"@context":"https:\/\/schema.org","@graph":[{"@type":"WebPage","@id":"https:\/\/cssdn.gouv.qc.ca\/notredame\/a-propos\/notre-personnel\/","url":"https:\/\/cssdn.gouv.qc.ca\/notredame\/a-propos\/notre-personnel\/","name":"Notre personnel","isPartOf":{"@id":"https:\/\/cssdn.gouv.qc.ca\/notredame\/#website"},"primaryImageOfPage":{"@id":"https:\/\/cssdn.gouv.qc.ca\/notredame\/a-propos\/notre-personnel\/#primaryimage"},"image":{"@id":"https:\/\/cssdn.gouv.qc.ca\/notredame\/a-propos\/notre-personnel\/#primaryimage"},"thumbnailUrl":"https:\/\/stage.cssdn.gouv.qc.ca\/wp-content\/uploads\/2022\/08\/Seawire-Hero-06.jpg","datePublished":"2022-11-08T21:07:54+00:00","dateModified":"2025-08-13T13:27:02+00:00","breadcrumb":{"@id":"https:\/\/cssdn.gouv.qc.ca\/notredame\/a-propos\/notre-personnel\/#breadcrumb"},"inLanguage":"fr-CA","potentialAction":[{"@type":"ReadAction","target":["https:\/\/cssdn.gouv.qc.ca\/notredame\/a-propos\/notre-personnel\/"]}]},{"@type":"ImageObject","inLanguage":"fr-CA","@id":"https:\/\/cssdn.gouv.qc.ca\/notredame\/a-propos\/notre-personnel\/#primaryimage","url":"https:\/\/stage.cssdn.gouv.qc.ca\/wp-content\/uploads\/2022\/08\/Seawire-Hero-06.jpg","contentUrl":"https:\/\/stage.cssdn.gouv.qc.ca\/wp-content\/uploads\/2022\/08\/Seawire-Hero-06.jpg"},{"@type":"BreadcrumbList","@id":"https:\/\/cssdn.gouv.qc.ca\/notredame\/a-propos\/notre-personnel\/#breadcrumb","itemListElement":[{"@type":"ListItem","position":1,"name":"Accueil","item":"https:\/\/cssdn.gouv.qc.ca\/notredame\/"},{"@type":"ListItem","position":2,"name":"\u00c0 propos","item":"https:\/\/cssdn.gouv.qc.ca\/notredame\/a-propos\/"},{"@type":"ListItem","position":3,"name":"Notre personnel"}]},{"@type":"WebSite","@id":"https:\/\/cssdn.gouv.qc.ca\/notredame\/#website","url":"https:\/\/cssdn.gouv.qc.ca\/notredame\/","name":"\u00c9cole Notre-Dame","description":"Un site des centres de services scolaires des Navigateurs","publisher":{"@id":"https:\/\/cssdn.gouv.qc.ca\/notredame\/#organization"},"potentialAction":[{"@type":"SearchAction","target":{"@type":"EntryPoint","urlTemplate":"https:\/\/cssdn.gouv.qc.ca\/notredame\/?s={search_term_string}"},"query-input":{"@type":"PropertyValueSpecification","valueRequired":true,"valueName":"search_term_string"}}],"inLanguage":"fr-CA"},{"@type":"Organization","@id":"https:\/\/cssdn.gouv.qc.ca\/notredame\/#organization","name":"\u00c9cole Notre-Dame","url":"https:\/\/cssdn.gouv.qc.ca\/notredame\/","logo":{"@type":"ImageObject","inLanguage":"fr-CA","@id":"https:\/\/cssdn.gouv.qc.ca\/notredame\/#\/schema\/logo\/image\/","url":"https:\/\/cssdn.gouv.qc.ca\/notredame\/wp-content\/uploads\/sites\/48\/2023\/01\/logo_quebec.svg","contentUrl":"https:\/\/cssdn.gouv.qc.ca\/notredame\/wp-content\/uploads\/sites\/48\/2023\/01\/logo_quebec.svg","width":188,"height":41,"caption":"\u00c9cole Notre-Dame"},"image":{"@id":"https:\/\/cssdn.gouv.qc.ca\/notredame\/#\/schema\/logo\/image\/"},"sameAs":["https:\/\/www.facebook.com\/ecolenotredamelevis"]}]}},"publishpress_future_action":{"enabled":false,"date":"2026-04-13 20:53:41","action":"change-status","newStatus":"draft","terms":[],"taxonomy":"category","extraData":[]},"publishpress_future_workflow_manual_trigger":{"enabledWorkflows":[]},"_links":{"self":[{"href":"https:\/\/cssdn.gouv.qc.ca\/notredame\/wp-json\/wp\/v2\/pages\/9","targetHints":{"allow":["GET"]}}],"collection":[{"href":"https:\/\/cssdn.gouv.qc.ca\/notredame\/wp-json\/wp\/v2\/pages"}],"about":[{"href":"https:\/\/cssdn.gouv.qc.ca\/notredame\/wp-json\/wp\/v2\/types\/page"}],"author":[{"embeddable":true,"href":"https:\/\/cssdn.gouv.qc.ca\/notredame\/wp-json\/wp\/v2\/users\/1"}],"replies":[{"embeddable":true,"href":"https:\/\/cssdn.gouv.qc.ca\/notredame\/wp-json\/wp\/v2\/comments?post=9"}],"version-history":[{"count":0,"href":"https:\/\/cssdn.gouv.qc.ca\/notredame\/wp-json\/wp\/v2\/pages\/9\/revisions"}],"up":[{"embeddable":true,"href":"https:\/\/cssdn.gouv.qc.ca\/notredame\/wp-json\/wp\/v2\/pages\/6"}],"wp:attachment":[{"href":"https:\/\/cssdn.gouv.qc.ca\/notredame\/wp-json\/wp\/v2\/media?parent=9"}],"wp:term":[{"taxonomy":"category","embeddable":true,"href":"https:\/\/cssdn.gouv.qc.ca\/notredame\/wp-json\/wp\/v2\/categories?post=9"},{"taxonomy":"post_tag","embeddable":true,"href":"https:\/\/cssdn.gouv.qc.ca\/notredame\/wp-json\/wp\/v2\/tags?post=9"}],"curies":[{"name":"wp","href":"https:\/\/api.w.org\/{rel}","templated":true}]}}