
{"id":10,"date":"2022-11-08T16:07:54","date_gmt":"2022-11-08T21:07:54","guid":{"rendered":"https:\/\/cssdn.gouv.qc.ca\/notredamedetchemin\/a-propos\/conseil-detablissement\/"},"modified":"2026-04-24T15:29:27","modified_gmt":"2026-04-24T19:29:27","slug":"conseil-detablissement","status":"publish","type":"page","link":"https:\/\/cssdn.gouv.qc.ca\/notredamedetchemin\/a-propos\/conseil-detablissement\/","title":{"rendered":"Conseil d&rsquo;\u00e9tablissement"},"content":{"rendered":"\n<div class=\"wp-block-cover alignfull is-light is-style-title-banner\"><img decoding=\"async\" class=\"wp-block-cover__image-background wp-image-111 lazyload\" alt=\"\" data-src=\"https:\/\/cssdn.gouv.qc.ca\/wp-content\/uploads\/2022\/08\/Seawire-Hero-06.jpg\" data-object-fit=\"cover\" src=\"data:image\/svg+xml;base64,PHN2ZyB3aWR0aD0iMSIgaGVpZ2h0PSIxIiB4bWxucz0iaHR0cDovL3d3dy53My5vcmcvMjAwMC9zdmciPjwvc3ZnPg==\" \/><span aria-hidden=\"true\" class=\"wp-block-cover__background has-primary-background-color has-background-dim\"><\/span><div class=\"wp-block-cover__inner-container\"><h3 class=\"wp-block-post-title\">Conseil d&rsquo;\u00e9tablissement<\/h3><\/div><\/div>\n\n\n\n<div class=\"wp-block-group alignfull has-padding-y-large has-secondary-background-color has-background\"><div class=\"yoast-breadcrumbs alignwide \"><span class=\"breadcrumbs\"><a href=\"https:\/\/cssdn.gouv.qc.ca\/notredamedetchemin\/\" class=\"breadcrumbs__element\">Accueil<\/a> <span class=\"breadcrumbs__separator\">\n        <svg class=\"icon icon-breadcrumb__separator\"><use xlink:href=\"#icon-breadcrumb__separator\"><\/use><\/svg>\n    <\/span> <a href=\"https:\/\/cssdn.gouv.qc.ca\/notredamedetchemin\/a-propos\/\" class=\"breadcrumbs__element\">\u00c0 propos<\/a> <span class=\"breadcrumbs__separator\">\n        <svg class=\"icon icon-breadcrumb__separator\"><use xlink:href=\"#icon-breadcrumb__separator\"><\/use><\/svg>\n    <\/span> <span class=\"breadcrumbs__element breadcrumbs__element-current\">Conseil d&rsquo;\u00e9tablissement<\/span><\/span><\/div><\/div>\n\n\n\n<h2 class=\"wp-block-heading\">Calendrier des rencontres 2025-2026<\/h2>\n\n\n\n<figure class=\"wp-block-table\"><table class=\"has-fixed-layout\"><tbody><tr><td>Mardi 9 septembre 18h30 &#8211; AGA<\/td><td>Mercredi 11 f\u00e9vrier 18h30<\/td><\/tr><tr><td>Mardi 30 septembre 18h45 <\/td><td>Mardi 24 mars 18h30<\/td><\/tr><tr><td>Mardi 4 novembre 18h30<\/td><td>Mardi 28 avril 18h30<\/td><\/tr><tr><td>Mardi 9 d\u00e9cembre 18h15<\/td><td>Mardi 26 mai 18h30<\/td><\/tr><\/tbody><\/table><\/figure>\n\n\n\n<details class=\"wp-block-details\"><summary>Toutes les rencontres se d\u00e9roulent au pavillon du M\u00e9andre.<\/summary>\n<p class=\"wp-block-paragraph\"><\/p>\n<\/details>\n\n\n\n<h4 class=\"wp-block-heading\"><strong>LISTE DES&nbsp;MEMBRES DU CONSEIL D&rsquo;\u00c9TABLISSEMENT POUR 2025-202<\/strong>6<\/h4>\n\n\n\n<div class=\"act-collapsible\">\n<h2 class=\"wp-block-heading act-collapsible__heading\">Membres parents<\/h2>\n\n\n\n<div class=\"act-collapsible__content\"><div class=\"act-collapsible__content-inner\">\n<p class=\"wp-block-paragraph\">Monsieur Marc Hardy<\/p>\n\n\n\n<p class=\"wp-block-paragraph\">Monsieur Thomas Lhomme<\/p>\n\n\n\n<p class=\"wp-block-paragraph\">Madame Abicha Bekbouti<\/p>\n\n\n\n<p class=\"wp-block-paragraph\">Madame Grace Lopes<\/p>\n\n\n\n<p class=\"wp-block-paragraph\">Madame Tanya Paquet<\/p>\n\n\n\n<p class=\"wp-block-paragraph\">Monsieur Dany Jean <\/p>\n\n\n\n<p class=\"wp-block-paragraph\">Madame Marie-\u00c8ve Dubois<\/p>\n\n\n\n<p class=\"wp-block-paragraph\">Widad El Mensouri<\/p>\n\n\n\n<p class=\"wp-block-paragraph\"><\/p>\n<\/div><\/div>\n<\/div>\n\n\n\n<div class=\"act-collapsible\">\n<h2 class=\"wp-block-heading act-collapsible__heading\">Direction<\/h2>\n\n\n\n<div class=\"act-collapsible__content\"><div class=\"act-collapsible__content-inner\">\n<p class=\"wp-block-paragraph\">Madame Marie-Claude Breton<\/p>\n\n\n\n<p class=\"wp-block-paragraph\">Monsieur J\u00e9r\u00f4me Proulx<\/p>\n\n\n\n<p class=\"wp-block-paragraph\">Madame Sabrina Thibault<\/p>\n\n\n\n<p class=\"wp-block-paragraph\">Monsieur S\u00e9bastien Bourgault<\/p>\n<\/div><\/div>\n<\/div>\n\n\n\n<div class=\"act-collapsible\">\n<h2 class=\"wp-block-heading act-collapsible__heading\">Personnel de l&rsquo;\u00e9cole<\/h2>\n\n\n\n<div class=\"act-collapsible__content\"><div class=\"act-collapsible__content-inner\">\n<p class=\"wp-block-paragraph\">Madame \u00c9milie Ouellet<\/p>\n\n\n\n<p class=\"wp-block-paragraph\">Madame Marie-Annie Rinfret<\/p>\n\n\n\n<p class=\"wp-block-paragraph\">Madame Julie Lavoie<\/p>\n\n\n\n<p class=\"wp-block-paragraph\">Madame Anne Marchand<\/p>\n\n\n\n<p class=\"wp-block-paragraph\">Madame Karina Gendron<\/p>\n\n\n\n<p class=\"wp-block-paragraph\">Madame Myriam Lussier<\/p>\n\n\n\n<p class=\"wp-block-paragraph\">Madame C\u00e9line Bourret<\/p>\n\n\n\n<p class=\"wp-block-paragraph\">Madame Catherine Boulianne <\/p>\n\n\n\n<p class=\"wp-block-paragraph\">Madame Laurence Mercier<\/p>\n<\/div><\/div>\n<\/div>\n\n\n\n<div class=\"act-collapsible\">\n<h2 class=\"wp-block-heading act-collapsible__heading\">Membre de la communaut\u00e9<\/h2>\n\n\n\n<div class=\"act-collapsible__content\"><div class=\"act-collapsible__content-inner\">\n<p class=\"wp-block-paragraph\">Madame Jacinthe Larochelle<\/p>\n<\/div><\/div>\n<\/div>\n\n\n\n<h5 class=\"wp-block-heading\">Rencontre du 28 avril 2026<\/h5>\n\n\n\n<div class=\"wp-block-file\"><a id=\"wp-block-file--media-522c615a-4b0c-447d-afae-4aeaee638947\" href=\"https:\/\/cssdn.gouv.qc.ca\/notredamedetchemin\/wp-content\/uploads\/sites\/49\/2026\/04\/ODJ_28-04-26_CE_NDE_compressed.pdf\">Ordre du jour 28 avril 2026<\/a><a href=\"https:\/\/cssdn.gouv.qc.ca\/notredamedetchemin\/wp-content\/uploads\/sites\/49\/2026\/04\/ODJ_28-04-26_CE_NDE_compressed.pdf\" class=\"wp-block-file__button wp-element-button\" download aria-describedby=\"wp-block-file--media-522c615a-4b0c-447d-afae-4aeaee638947\">Download<\/a><\/div>\n\n\n\n\n\n<h5 class=\"wp-block-heading\">Rencontre du 24 mars 2026<\/h5>\n\n\n\n<div class=\"wp-block-file\"><a id=\"wp-block-file--media-ec48d1b7-832d-4820-85e0-2b1e5180c749\" href=\"https:\/\/cssdn.gouv.qc.ca\/notredamedetchemin\/wp-content\/uploads\/sites\/49\/2026\/04\/PV-26-03-24_compressed.pdf\">Proc\u00e8s-verbal 24 mars 2026<\/a><a href=\"https:\/\/cssdn.gouv.qc.ca\/notredamedetchemin\/wp-content\/uploads\/sites\/49\/2026\/04\/PV-26-03-24_compressed.pdf\" class=\"wp-block-file__button wp-element-button\" download aria-describedby=\"wp-block-file--media-ec48d1b7-832d-4820-85e0-2b1e5180c749\">Download<\/a><\/div>\n\n\n\n<div class=\"wp-block-file\"><a id=\"wp-block-file--media-1d1a8cb1-7392-4847-98b4-7b7e1eb952a3\" href=\"https:\/\/cssdn.gouv.qc.ca\/notredamedetchemin\/wp-content\/uploads\/sites\/49\/2026\/04\/ODJ_Conseil-detablissement_24-03-2026_compressed.pdf\">Ordre du jour 24 mars 2026<\/a><a href=\"https:\/\/cssdn.gouv.qc.ca\/notredamedetchemin\/wp-content\/uploads\/sites\/49\/2026\/04\/ODJ_Conseil-detablissement_24-03-2026_compressed.pdf\" class=\"wp-block-file__button wp-element-button\" download aria-describedby=\"wp-block-file--media-1d1a8cb1-7392-4847-98b4-7b7e1eb952a3\">Download<\/a><\/div>\n\n\n\n<h5 class=\"wp-block-heading\">Rencontre du  4 f\u00e9vrier 2026<\/h5>\n\n\n\n<div class=\"wp-block-file\"><a id=\"wp-block-file--media-aff05b45-a557-416f-a359-e771e8d34fc9\" href=\"https:\/\/cssdn.gouv.qc.ca\/notredamedetchemin\/wp-content\/uploads\/sites\/49\/2026\/04\/PV-26-02-04-F_compressed.pdf\">Proc\u00e8s-verbal du 4 f\u00e9vrier 2026<\/a><a href=\"https:\/\/cssdn.gouv.qc.ca\/notredamedetchemin\/wp-content\/uploads\/sites\/49\/2026\/04\/PV-26-02-04-F_compressed.pdf\" class=\"wp-block-file__button wp-element-button\" download aria-describedby=\"wp-block-file--media-aff05b45-a557-416f-a359-e771e8d34fc9\">Download<\/a><\/div>\n\n\n\n<div class=\"wp-block-file\"><a id=\"wp-block-file--media-7128d24a-7c77-4897-8cb4-c611cfc84be4\" href=\"https:\/\/cssdn.gouv.qc.ca\/notredamedetchemin\/wp-content\/uploads\/sites\/49\/2026\/02\/ODJ_Conseil-detablissement-4-fevrier-2026.pdf\">Ordre du jour 4 f\u00e9vrier 2026<\/a><a href=\"https:\/\/cssdn.gouv.qc.ca\/notredamedetchemin\/wp-content\/uploads\/sites\/49\/2026\/02\/ODJ_Conseil-detablissement-4-fevrier-2026.pdf\" class=\"wp-block-file__button wp-element-button\" download aria-describedby=\"wp-block-file--media-7128d24a-7c77-4897-8cb4-c611cfc84be4\">Download<\/a><\/div>\n\n\n\n<h5 class=\"wp-block-heading\">Rencontre du 9 d\u00e9cembre 2025<\/h5>\n\n\n\n<div class=\"wp-block-file\"><a id=\"wp-block-file--media-268c7819-ae57-47b8-8e04-61eeb293bb14\" href=\"https:\/\/cssdn.gouv.qc.ca\/notredamedetchemin\/wp-content\/uploads\/sites\/49\/2026\/02\/PV_CE_25-12-09.pdf\">Proc\u00e8s-verbal du 9 d\u00e9cembre 2025<\/a><a href=\"https:\/\/cssdn.gouv.qc.ca\/notredamedetchemin\/wp-content\/uploads\/sites\/49\/2026\/02\/PV_CE_25-12-09.pdf\" class=\"wp-block-file__button wp-element-button\" download aria-describedby=\"wp-block-file--media-268c7819-ae57-47b8-8e04-61eeb293bb14\">Download<\/a><\/div>\n\n\n\n<div class=\"wp-block-file\"><a id=\"wp-block-file--media-9a2ec720-8b1a-4e71-916b-cccd324187c8\" href=\"https:\/\/cssdn.gouv.qc.ca\/notredamedetchemin\/wp-content\/uploads\/sites\/49\/2025\/12\/ODJ_Conseil-detablissement-09-12-2025.pdf\">Ordre du jour 9 d\u00e9cembre 2025<\/a><a href=\"https:\/\/cssdn.gouv.qc.ca\/notredamedetchemin\/wp-content\/uploads\/sites\/49\/2025\/12\/ODJ_Conseil-detablissement-09-12-2025.pdf\" class=\"wp-block-file__button wp-element-button\" download aria-describedby=\"wp-block-file--media-9a2ec720-8b1a-4e71-916b-cccd324187c8\">Download<\/a><\/div>\n\n\n\n<h5 class=\"wp-block-heading\">Rencontre du 4 novembre 2025<\/h5>\n\n\n\n<div class=\"wp-block-file\"><a id=\"wp-block-file--media-b7d3e063-00cb-4f6f-a8d6-35523e46a4ba\" href=\"https:\/\/cssdn.gouv.qc.ca\/notredamedetchemin\/wp-content\/uploads\/sites\/49\/2026\/02\/PV-25-11-04-2-003.pdf\">Proc\u00e8s-verbal 4 novembre 2025<\/a><a href=\"https:\/\/cssdn.gouv.qc.ca\/notredamedetchemin\/wp-content\/uploads\/sites\/49\/2026\/02\/PV-25-11-04-2-003.pdf\" class=\"wp-block-file__button wp-element-button\" download aria-describedby=\"wp-block-file--media-b7d3e063-00cb-4f6f-a8d6-35523e46a4ba\">Download<\/a><\/div>\n\n\n\n<div class=\"wp-block-file\"><a id=\"wp-block-file--media-955fb71b-25a5-4d8f-acb2-a11bfc251e71\" href=\"https:\/\/cssdn.gouv.qc.ca\/notredamedetchemin\/wp-content\/uploads\/sites\/49\/2025\/11\/ODJ_Conseil-detablissement-04-11-2025.pdf\">Ordre du jour 4 novembre 2025<\/a><a href=\"https:\/\/cssdn.gouv.qc.ca\/notredamedetchemin\/wp-content\/uploads\/sites\/49\/2025\/11\/ODJ_Conseil-detablissement-04-11-2025.pdf\" class=\"wp-block-file__button wp-element-button\" download aria-describedby=\"wp-block-file--media-955fb71b-25a5-4d8f-acb2-a11bfc251e71\">Download<\/a><\/div>\n\n\n\n<h5 class=\"wp-block-heading\">Rencontre du 30 septembre 2025<\/h5>\n\n\n\n<div class=\"wp-block-file\"><a id=\"wp-block-file--media-e45369e4-029d-4716-b060-373ce597a5ad\" href=\"https:\/\/cssdn.gouv.qc.ca\/notredamedetchemin\/wp-content\/uploads\/sites\/49\/2025\/11\/PV-du-CE_30-09-2025.pdf\">Proc\u00e8s-verbal du 30 septembre 2025<\/a><a href=\"https:\/\/cssdn.gouv.qc.ca\/notredamedetchemin\/wp-content\/uploads\/sites\/49\/2025\/11\/PV-du-CE_30-09-2025.pdf\" class=\"wp-block-file__button wp-element-button\" download aria-describedby=\"wp-block-file--media-e45369e4-029d-4716-b060-373ce597a5ad\">Download<\/a><\/div>\n\n\n\n<h5 class=\"wp-block-heading\">Rencontre du 9 septembre 2025 &#8211; Assembl\u00e9e g\u00e9n\u00e9rale des parents<\/h5>\n\n\n\n<div class=\"wp-block-file\"><a id=\"wp-block-file--media-186df0ce-2e60-48ba-9e63-4bed6a32531a\" href=\"https:\/\/cssdn.gouv.qc.ca\/notredamedetchemin\/wp-content\/uploads\/sites\/49\/2025\/10\/Convocation-AGA-2025-2026.pdf\">Convocation et ordre du jour AGA 2025-2026<\/a><a href=\"https:\/\/cssdn.gouv.qc.ca\/notredamedetchemin\/wp-content\/uploads\/sites\/49\/2025\/10\/Convocation-AGA-2025-2026.pdf\" class=\"wp-block-file__button wp-element-button\" download aria-describedby=\"wp-block-file--media-186df0ce-2e60-48ba-9e63-4bed6a32531a\">Download<\/a><\/div>\n\n\n\n<p class=\"wp-block-paragraph\"><\/p>\n","protected":false},"excerpt":{"rendered":"<p>Calendrier des rencontres 2025-2026 Mardi 9 septembre 18h30 &#8211; AGA Mercredi 11 f\u00e9vrier 18h30 Mardi 30 septembre 18h45 Mardi 24 mars 18h30 Mardi 4 novembre 18h30 Mardi 28 avril 18h30 Mardi 9 d\u00e9cembre 18h15 Mardi 26 mai 18h30 LISTE DES&nbsp;MEMBRES DU CONSEIL D&rsquo;\u00c9TABLISSEMENT POUR 2025-2026 Rencontre du 28 avril 2026 Rencontre du 24 mars 2026 [&hellip;]<\/p>\n","protected":false},"author":1,"featured_media":0,"parent":6,"menu_order":0,"comment_status":"closed","ping_status":"closed","template":"","meta":{"_acf_changed":false,"_crdt_document":"","inline_featured_image":false,"footnotes":""},"categories":[],"tags":[],"class_list":["post-10","page","type-page","status-publish","hentry"],"acf":[],"yoast_head":"<!-- This site is optimized with the Yoast SEO plugin v27.5 - https:\/\/yoast.com\/product\/yoast-seo-wordpress\/ -->\n<title>Conseil d&#039;\u00e9tablissement - \u00c9cole Notre-Dame-d\u2019Etchemin<\/title>\n<meta name=\"robots\" content=\"index, follow, max-snippet:-1, max-image-preview:large, max-video-preview:-1\" \/>\n<link rel=\"canonical\" href=\"https:\/\/cssdn.gouv.qc.ca\/notredamedetchemin\/a-propos\/conseil-detablissement\/\" \/>\n<meta property=\"og:locale\" content=\"fr_CA\" \/>\n<meta property=\"og:type\" content=\"article\" \/>\n<meta property=\"og:title\" content=\"Conseil d&#039;\u00e9tablissement - \u00c9cole Notre-Dame-d\u2019Etchemin\" \/>\n<meta property=\"og:description\" content=\"Calendrier des rencontres 2025-2026 Mardi 9 septembre 18h30 &#8211; AGA Mercredi 11 f\u00e9vrier 18h30 Mardi 30 septembre 18h45 Mardi 24 mars 18h30 Mardi 4 novembre 18h30 Mardi 28 avril 18h30 Mardi 9 d\u00e9cembre 18h15 Mardi 26 mai 18h30 LISTE DES&nbsp;MEMBRES DU CONSEIL D&rsquo;\u00c9TABLISSEMENT POUR 2025-2026 Rencontre du 28 avril 2026 Rencontre du 24 mars 2026 [&hellip;]\" \/>\n<meta property=\"og:url\" content=\"https:\/\/cssdn.gouv.qc.ca\/notredamedetchemin\/a-propos\/conseil-detablissement\/\" \/>\n<meta property=\"og:site_name\" content=\"\u00c9cole Notre-Dame-d\u2019Etchemin\" \/>\n<meta property=\"article:publisher\" content=\"https:\/\/www.facebook.com\/notredamedetchemin\" \/>\n<meta property=\"article:modified_time\" content=\"2026-04-24T19:29:27+00:00\" \/>\n<meta name=\"twitter:card\" content=\"summary_large_image\" \/>\n<meta name=\"twitter:label1\" content=\"Estimation du temps de lecture\" \/>\n\t<meta name=\"twitter:data1\" content=\"2 minutes\" \/>\n<script type=\"application\/ld+json\" class=\"yoast-schema-graph\">{\"@context\":\"https:\\\/\\\/schema.org\",\"@graph\":[{\"@type\":\"WebPage\",\"@id\":\"https:\\\/\\\/cssdn.gouv.qc.ca\\\/notredamedetchemin\\\/a-propos\\\/conseil-detablissement\\\/\",\"url\":\"https:\\\/\\\/cssdn.gouv.qc.ca\\\/notredamedetchemin\\\/a-propos\\\/conseil-detablissement\\\/\",\"name\":\"Conseil d'\u00e9tablissement - \u00c9cole Notre-Dame-d\u2019Etchemin\",\"isPartOf\":{\"@id\":\"https:\\\/\\\/cssdn.gouv.qc.ca\\\/notredamedetchemin\\\/#website\"},\"primaryImageOfPage\":{\"@id\":\"https:\\\/\\\/cssdn.gouv.qc.ca\\\/notredamedetchemin\\\/a-propos\\\/conseil-detablissement\\\/#primaryimage\"},\"image\":{\"@id\":\"https:\\\/\\\/cssdn.gouv.qc.ca\\\/notredamedetchemin\\\/a-propos\\\/conseil-detablissement\\\/#primaryimage\"},\"thumbnailUrl\":\"https:\\\/\\\/cssdn.gouv.qc.ca\\\/wp-content\\\/uploads\\\/2022\\\/08\\\/Seawire-Hero-06.jpg\",\"datePublished\":\"2022-11-08T21:07:54+00:00\",\"dateModified\":\"2026-04-24T19:29:27+00:00\",\"breadcrumb\":{\"@id\":\"https:\\\/\\\/cssdn.gouv.qc.ca\\\/notredamedetchemin\\\/a-propos\\\/conseil-detablissement\\\/#breadcrumb\"},\"inLanguage\":\"fr-CA\",\"potentialAction\":[{\"@type\":\"ReadAction\",\"target\":[\"https:\\\/\\\/cssdn.gouv.qc.ca\\\/notredamedetchemin\\\/a-propos\\\/conseil-detablissement\\\/\"]}]},{\"@type\":\"ImageObject\",\"inLanguage\":\"fr-CA\",\"@id\":\"https:\\\/\\\/cssdn.gouv.qc.ca\\\/notredamedetchemin\\\/a-propos\\\/conseil-detablissement\\\/#primaryimage\",\"url\":\"https:\\\/\\\/cssdn.gouv.qc.ca\\\/wp-content\\\/uploads\\\/2022\\\/08\\\/Seawire-Hero-06.jpg\",\"contentUrl\":\"https:\\\/\\\/cssdn.gouv.qc.ca\\\/wp-content\\\/uploads\\\/2022\\\/08\\\/Seawire-Hero-06.jpg\"},{\"@type\":\"BreadcrumbList\",\"@id\":\"https:\\\/\\\/cssdn.gouv.qc.ca\\\/notredamedetchemin\\\/a-propos\\\/conseil-detablissement\\\/#breadcrumb\",\"itemListElement\":[{\"@type\":\"ListItem\",\"position\":1,\"name\":\"Accueil\",\"item\":\"https:\\\/\\\/cssdn.gouv.qc.ca\\\/notredamedetchemin\\\/\"},{\"@type\":\"ListItem\",\"position\":2,\"name\":\"\u00c0 propos\",\"item\":\"https:\\\/\\\/cssdn.gouv.qc.ca\\\/notredamedetchemin\\\/a-propos\\\/\"},{\"@type\":\"ListItem\",\"position\":3,\"name\":\"Conseil d&rsquo;\u00e9tablissement\"}]},{\"@type\":\"WebSite\",\"@id\":\"https:\\\/\\\/cssdn.gouv.qc.ca\\\/notredamedetchemin\\\/#website\",\"url\":\"https:\\\/\\\/cssdn.gouv.qc.ca\\\/notredamedetchemin\\\/\",\"name\":\"\u00c9cole Notre-Dame-d\u2019Etchemin\",\"description\":\"Un site du Centre de services scolaire des Navigateurs\",\"publisher\":{\"@id\":\"https:\\\/\\\/cssdn.gouv.qc.ca\\\/notredamedetchemin\\\/#organization\"},\"potentialAction\":[{\"@type\":\"SearchAction\",\"target\":{\"@type\":\"EntryPoint\",\"urlTemplate\":\"https:\\\/\\\/cssdn.gouv.qc.ca\\\/notredamedetchemin\\\/?s={search_term_string}\"},\"query-input\":{\"@type\":\"PropertyValueSpecification\",\"valueRequired\":true,\"valueName\":\"search_term_string\"}}],\"inLanguage\":\"fr-CA\"},{\"@type\":\"Organization\",\"@id\":\"https:\\\/\\\/cssdn.gouv.qc.ca\\\/notredamedetchemin\\\/#organization\",\"name\":\"\u00c9cole Notre-Dame-d\u2019Etchemin\",\"url\":\"https:\\\/\\\/cssdn.gouv.qc.ca\\\/notredamedetchemin\\\/\",\"logo\":{\"@type\":\"ImageObject\",\"inLanguage\":\"fr-CA\",\"@id\":\"https:\\\/\\\/cssdn.gouv.qc.ca\\\/notredamedetchemin\\\/#\\\/schema\\\/logo\\\/image\\\/\",\"url\":\"https:\\\/\\\/cssdn.gouv.qc.ca\\\/notredamedetchemin\\\/wp-content\\\/uploads\\\/sites\\\/49\\\/2023\\\/01\\\/logo_quebec.svg\",\"contentUrl\":\"https:\\\/\\\/cssdn.gouv.qc.ca\\\/notredamedetchemin\\\/wp-content\\\/uploads\\\/sites\\\/49\\\/2023\\\/01\\\/logo_quebec.svg\",\"width\":188,\"height\":41,\"caption\":\"\u00c9cole Notre-Dame-d\u2019Etchemin\"},\"image\":{\"@id\":\"https:\\\/\\\/cssdn.gouv.qc.ca\\\/notredamedetchemin\\\/#\\\/schema\\\/logo\\\/image\\\/\"},\"sameAs\":[\"https:\\\/\\\/www.facebook.com\\\/notredamedetchemin\"]}]}<\/script>\n<!-- \/ Yoast SEO plugin. -->","yoast_head_json":{"title":"Conseil d'\u00e9tablissement - \u00c9cole Notre-Dame-d\u2019Etchemin","robots":{"index":"index","follow":"follow","max-snippet":"max-snippet:-1","max-image-preview":"max-image-preview:large","max-video-preview":"max-video-preview:-1"},"canonical":"https:\/\/cssdn.gouv.qc.ca\/notredamedetchemin\/a-propos\/conseil-detablissement\/","og_locale":"fr_CA","og_type":"article","og_title":"Conseil d'\u00e9tablissement - \u00c9cole Notre-Dame-d\u2019Etchemin","og_description":"Calendrier des rencontres 2025-2026 Mardi 9 septembre 18h30 &#8211; AGA Mercredi 11 f\u00e9vrier 18h30 Mardi 30 septembre 18h45 Mardi 24 mars 18h30 Mardi 4 novembre 18h30 Mardi 28 avril 18h30 Mardi 9 d\u00e9cembre 18h15 Mardi 26 mai 18h30 LISTE DES&nbsp;MEMBRES DU CONSEIL D&rsquo;\u00c9TABLISSEMENT POUR 2025-2026 Rencontre du 28 avril 2026 Rencontre du 24 mars 2026 [&hellip;]","og_url":"https:\/\/cssdn.gouv.qc.ca\/notredamedetchemin\/a-propos\/conseil-detablissement\/","og_site_name":"\u00c9cole Notre-Dame-d\u2019Etchemin","article_publisher":"https:\/\/www.facebook.com\/notredamedetchemin","article_modified_time":"2026-04-24T19:29:27+00:00","twitter_card":"summary_large_image","twitter_misc":{"Estimation du temps de lecture":"2 minutes"},"schema":{"@context":"https:\/\/schema.org","@graph":[{"@type":"WebPage","@id":"https:\/\/cssdn.gouv.qc.ca\/notredamedetchemin\/a-propos\/conseil-detablissement\/","url":"https:\/\/cssdn.gouv.qc.ca\/notredamedetchemin\/a-propos\/conseil-detablissement\/","name":"Conseil d'\u00e9tablissement - \u00c9cole Notre-Dame-d\u2019Etchemin","isPartOf":{"@id":"https:\/\/cssdn.gouv.qc.ca\/notredamedetchemin\/#website"},"primaryImageOfPage":{"@id":"https:\/\/cssdn.gouv.qc.ca\/notredamedetchemin\/a-propos\/conseil-detablissement\/#primaryimage"},"image":{"@id":"https:\/\/cssdn.gouv.qc.ca\/notredamedetchemin\/a-propos\/conseil-detablissement\/#primaryimage"},"thumbnailUrl":"https:\/\/cssdn.gouv.qc.ca\/wp-content\/uploads\/2022\/08\/Seawire-Hero-06.jpg","datePublished":"2022-11-08T21:07:54+00:00","dateModified":"2026-04-24T19:29:27+00:00","breadcrumb":{"@id":"https:\/\/cssdn.gouv.qc.ca\/notredamedetchemin\/a-propos\/conseil-detablissement\/#breadcrumb"},"inLanguage":"fr-CA","potentialAction":[{"@type":"ReadAction","target":["https:\/\/cssdn.gouv.qc.ca\/notredamedetchemin\/a-propos\/conseil-detablissement\/"]}]},{"@type":"ImageObject","inLanguage":"fr-CA","@id":"https:\/\/cssdn.gouv.qc.ca\/notredamedetchemin\/a-propos\/conseil-detablissement\/#primaryimage","url":"https:\/\/cssdn.gouv.qc.ca\/wp-content\/uploads\/2022\/08\/Seawire-Hero-06.jpg","contentUrl":"https:\/\/cssdn.gouv.qc.ca\/wp-content\/uploads\/2022\/08\/Seawire-Hero-06.jpg"},{"@type":"BreadcrumbList","@id":"https:\/\/cssdn.gouv.qc.ca\/notredamedetchemin\/a-propos\/conseil-detablissement\/#breadcrumb","itemListElement":[{"@type":"ListItem","position":1,"name":"Accueil","item":"https:\/\/cssdn.gouv.qc.ca\/notredamedetchemin\/"},{"@type":"ListItem","position":2,"name":"\u00c0 propos","item":"https:\/\/cssdn.gouv.qc.ca\/notredamedetchemin\/a-propos\/"},{"@type":"ListItem","position":3,"name":"Conseil d&rsquo;\u00e9tablissement"}]},{"@type":"WebSite","@id":"https:\/\/cssdn.gouv.qc.ca\/notredamedetchemin\/#website","url":"https:\/\/cssdn.gouv.qc.ca\/notredamedetchemin\/","name":"\u00c9cole Notre-Dame-d\u2019Etchemin","description":"Un site du Centre de services scolaire des Navigateurs","publisher":{"@id":"https:\/\/cssdn.gouv.qc.ca\/notredamedetchemin\/#organization"},"potentialAction":[{"@type":"SearchAction","target":{"@type":"EntryPoint","urlTemplate":"https:\/\/cssdn.gouv.qc.ca\/notredamedetchemin\/?s={search_term_string}"},"query-input":{"@type":"PropertyValueSpecification","valueRequired":true,"valueName":"search_term_string"}}],"inLanguage":"fr-CA"},{"@type":"Organization","@id":"https:\/\/cssdn.gouv.qc.ca\/notredamedetchemin\/#organization","name":"\u00c9cole Notre-Dame-d\u2019Etchemin","url":"https:\/\/cssdn.gouv.qc.ca\/notredamedetchemin\/","logo":{"@type":"ImageObject","inLanguage":"fr-CA","@id":"https:\/\/cssdn.gouv.qc.ca\/notredamedetchemin\/#\/schema\/logo\/image\/","url":"https:\/\/cssdn.gouv.qc.ca\/notredamedetchemin\/wp-content\/uploads\/sites\/49\/2023\/01\/logo_quebec.svg","contentUrl":"https:\/\/cssdn.gouv.qc.ca\/notredamedetchemin\/wp-content\/uploads\/sites\/49\/2023\/01\/logo_quebec.svg","width":188,"height":41,"caption":"\u00c9cole Notre-Dame-d\u2019Etchemin"},"image":{"@id":"https:\/\/cssdn.gouv.qc.ca\/notredamedetchemin\/#\/schema\/logo\/image\/"},"sameAs":["https:\/\/www.facebook.com\/notredamedetchemin"]}]}},"publishpress_future_action":{"enabled":false,"date":"2026-05-11 07:13:34","action":"change-status","newStatus":"draft","terms":[],"taxonomy":"category","extraData":[]},"publishpress_future_workflow_manual_trigger":{"enabledWorkflows":[]},"_links":{"self":[{"href":"https:\/\/cssdn.gouv.qc.ca\/notredamedetchemin\/wp-json\/wp\/v2\/pages\/10","targetHints":{"allow":["GET"]}}],"collection":[{"href":"https:\/\/cssdn.gouv.qc.ca\/notredamedetchemin\/wp-json\/wp\/v2\/pages"}],"about":[{"href":"https:\/\/cssdn.gouv.qc.ca\/notredamedetchemin\/wp-json\/wp\/v2\/types\/page"}],"author":[{"embeddable":true,"href":"https:\/\/cssdn.gouv.qc.ca\/notredamedetchemin\/wp-json\/wp\/v2\/users\/1"}],"replies":[{"embeddable":true,"href":"https:\/\/cssdn.gouv.qc.ca\/notredamedetchemin\/wp-json\/wp\/v2\/comments?post=10"}],"version-history":[{"count":0,"href":"https:\/\/cssdn.gouv.qc.ca\/notredamedetchemin\/wp-json\/wp\/v2\/pages\/10\/revisions"}],"up":[{"embeddable":true,"href":"https:\/\/cssdn.gouv.qc.ca\/notredamedetchemin\/wp-json\/wp\/v2\/pages\/6"}],"wp:attachment":[{"href":"https:\/\/cssdn.gouv.qc.ca\/notredamedetchemin\/wp-json\/wp\/v2\/media?parent=10"}],"wp:term":[{"taxonomy":"category","embeddable":true,"href":"https:\/\/cssdn.gouv.qc.ca\/notredamedetchemin\/wp-json\/wp\/v2\/categories?post=10"},{"taxonomy":"post_tag","embeddable":true,"href":"https:\/\/cssdn.gouv.qc.ca\/notredamedetchemin\/wp-json\/wp\/v2\/tags?post=10"}],"curies":[{"name":"wp","href":"https:\/\/api.w.org\/{rel}","templated":true}]}}