
{"id":9,"date":"2022-11-08T16:07:54","date_gmt":"2022-11-08T21:07:54","guid":{"rendered":"https:\/\/cssdn.gouv.qc.ca\/notredamedetchemin\/a-propos\/notre-equipe\/"},"modified":"2025-09-29T09:10:08","modified_gmt":"2025-09-29T13:10:08","slug":"notre-equipe","status":"publish","type":"page","link":"https:\/\/cssdn.gouv.qc.ca\/notredamedetchemin\/a-propos\/notre-equipe\/","title":{"rendered":"Notre \u00e9quipe"},"content":{"rendered":"\n<div class=\"wp-block-cover alignfull is-light is-style-title-banner\"><img decoding=\"async\" class=\"wp-block-cover__image-background wp-image-111 lazyload\" alt=\"\" data-src=\"https:\/\/cssdn.gouv.qc.ca\/wp-content\/uploads\/2022\/08\/Seawire-Hero-06.jpg\" data-object-fit=\"cover\" src=\"data:image\/svg+xml;base64,PHN2ZyB3aWR0aD0iMSIgaGVpZ2h0PSIxIiB4bWxucz0iaHR0cDovL3d3dy53My5vcmcvMjAwMC9zdmciPjwvc3ZnPg==\" \/><span aria-hidden=\"true\" class=\"wp-block-cover__background has-primary-background-color has-background-dim\"><\/span><div class=\"wp-block-cover__inner-container\"><h3 class=\"wp-block-post-title\">Notre \u00e9quipe<\/h3><\/div><\/div>\n\n\n\n<div class=\"wp-block-group alignfull has-padding-y-large has-secondary-background-color has-background\"><div class=\"yoast-breadcrumbs alignwide \"><span class=\"breadcrumbs\"><a href=\"https:\/\/cssdn.gouv.qc.ca\/notredamedetchemin\/\" class=\"breadcrumbs__element\">Accueil<\/a> <span class=\"breadcrumbs__separator\">\n        <svg class=\"icon icon-breadcrumb__separator\"><use xlink:href=\"#icon-breadcrumb__separator\"><\/use><\/svg>\n    <\/span> <a href=\"https:\/\/cssdn.gouv.qc.ca\/notredamedetchemin\/a-propos\/\" class=\"breadcrumbs__element\">\u00c0 propos<\/a> <span class=\"breadcrumbs__separator\">\n        <svg class=\"icon icon-breadcrumb__separator\"><use xlink:href=\"#icon-breadcrumb__separator\"><\/use><\/svg>\n    <\/span> <span class=\"breadcrumbs__element breadcrumbs__element-current\">Notre \u00e9quipe<\/span><\/span><\/div>\n\n\n<div class=\"act-collapsible\">\n<h5 class=\"wp-block-heading act-collapsible__heading\">ADMINISTRATION<\/h5>\n\n\n\n<div class=\"act-collapsible__content\"><div class=\"act-collapsible__content-inner\">\n<p class=\"wp-block-paragraph\">Directrice : Marie-Claude Breton<\/p>\n\n\n\n<p class=\"wp-block-paragraph\">Directrice adjointe Notre-Dame d&rsquo;Etchemin : Sabrina Thibault<\/p>\n\n\n\n<p class=\"wp-block-paragraph\">Directeur adjoint Maria-Dominique : S\u00e9bastien Bourgault<\/p>\n\n\n\n<p class=\"wp-block-paragraph\">Directeur adjoint  M\u00e9andre : J\u00e9r\u00f4me Proulx<\/p>\n\n\n\n<p class=\"wp-block-paragraph\">Secr\u00e9taire Notre-Dame-d&rsquo;Etchemin (pr\u00e9scolaire et 1er cycle) : Catherine Boulianne, poste 10201<\/p>\n\n\n\n<p class=\"wp-block-paragraph\">Secr\u00e9taire Maria-Dominique (2e cycle ) : Min\u00e9ya Wiviane Vieira Daiello, poste 10001<\/p>\n\n\n\n<p class=\"wp-block-paragraph\">Secr\u00e9tariat M\u00e9andre (3e cycle et adaptation scolaire) : Chantal Turcotte, poste 10501<\/p>\n<\/div><\/div>\n<\/div>\n\n\n\n<div class=\"act-collapsible\">\n<h2 class=\"wp-block-heading act-collapsible__heading is-style-default\">Passe-Partout<\/h2>\n\n\n\n<div class=\"act-collapsible__content\"><div class=\"act-collapsible__content-inner\">\n<p class=\"wp-block-paragraph\">Roxane Thibault<\/p>\n<\/div><\/div>\n<\/div>\n\n\n\n<div class=\"act-collapsible\">\n<h5 class=\"wp-block-heading act-collapsible__heading\">Maternelle 5 ans<\/h5>\n\n\n\n<div class=\"act-collapsible__content\"><div class=\"act-collapsible__content-inner\">\n<p class=\"wp-block-paragraph\">001 Alice Pichette-Fournier<\/p>\n\n\n\n<p class=\"wp-block-paragraph\">002 C\u00e9line Bourret<\/p>\n\n\n\n<p class=\"wp-block-paragraph\">003 St\u00e9phanie Dion<\/p>\n\n\n\n<p class=\"wp-block-paragraph\">004 Marie-\u00c8ve Collin-L\u00e9veill\u00e9<\/p>\n\n\n\n<p class=\"wp-block-paragraph\">005 Vicky Martineau<\/p>\n\n\n\n<p class=\"wp-block-paragraph\">006 \u00c9dith B\u00e9langer Gagn\u00e9<\/p>\n\n\n\n<p class=\"wp-block-paragraph\">007 Marie-Claude Huot<\/p>\n<\/div><\/div>\n<\/div>\n\n\n\n<div class=\"act-collapsible\">\n<h5 class=\"wp-block-heading act-collapsible__heading\">1re ann\u00e9e<\/h5>\n\n\n\n<div class=\"act-collapsible__content\"><div class=\"act-collapsible__content-inner\">\n<p class=\"wp-block-paragraph\">101 Marie-Claude H\u00e9bert<\/p>\n\n\n\n<p class=\"wp-block-paragraph\">102 Genevi\u00e8ve Godbout Brunelle<\/p>\n\n\n\n<p class=\"wp-block-paragraph\">103 M\u00e9lanie Gauvreau<\/p>\n\n\n\n<p class=\"wp-block-paragraph\">104 P\u00e9n\u00e9loppe Laflamme<\/p>\n\n\n\n<p class=\"wp-block-paragraph\">105 St\u00e9phanie R\u00e9hel<\/p>\n\n\n\n<p class=\"wp-block-paragraph\">106 \u00c9lodie B\u00e9rub\u00e9-Rossignole<\/p>\n\n\n\n<p class=\"wp-block-paragraph\">120 Florence Poulin<\/p>\n<\/div><\/div>\n<\/div>\n\n\n\n<div class=\"act-collapsible\">\n<h5 class=\"wp-block-heading act-collapsible__heading\">2e ann\u00e9e NDE<\/h5>\n\n\n\n<div class=\"act-collapsible__content\"><div class=\"act-collapsible__content-inner\">\n<p class=\"wp-block-paragraph\">201 Marie-No\u00ebl Audet<\/p>\n\n\n\n<p class=\"wp-block-paragraph\">210 Florence Poulin<\/p>\n<\/div><\/div>\n<\/div>\n\n\n\n<div class=\"act-collapsible\">\n<h2 class=\"wp-block-heading act-collapsible__heading\">2e ann\u00e9e Pavillon Maria-Dominique<\/h2>\n\n\n\n<div class=\"act-collapsible__content\"><div class=\"act-collapsible__content-inner\">\n<p class=\"wp-block-paragraph\">203  Marie-Laure Paradis<\/p>\n\n\n\n<p class=\"wp-block-paragraph\">204 Johanne Caron<\/p>\n\n\n\n<p class=\"wp-block-paragraph\">205 V\u00e9ronique Chamard<\/p>\n<\/div><\/div>\n<\/div>\n\n\n\n<div class=\"act-collapsible\">\n<h2 class=\"wp-block-heading act-collapsible__heading\">3e ann\u00e9e Pavillon Maria-Dominique<\/h2>\n\n\n\n<div class=\"act-collapsible__content\"><div class=\"act-collapsible__content-inner\">\n<p class=\"wp-block-paragraph\">301 M\u00e9lanie Pelletier<\/p>\n\n\n\n<p class=\"wp-block-paragraph\">302 Bianca Dion <\/p>\n\n\n\n<p class=\"wp-block-paragraph\">303 V\u00e9ronique Turgeon<\/p>\n\n\n\n<p class=\"wp-block-paragraph\">304 Marie-Claude Vall\u00e9e<\/p>\n\n\n\n<p class=\"wp-block-paragraph\">340 Laurence Mericer<\/p>\n<\/div><\/div>\n<\/div>\n\n\n\n<div class=\"act-collapsible\">\n<h2 class=\"wp-block-heading act-collapsible__heading\">4e ann\u00e9e Pavillon Maria-Dominique<\/h2>\n\n\n\n<div class=\"act-collapsible__content\"><div class=\"act-collapsible__content-inner\">\n<p class=\"wp-block-paragraph\">401 Andr\u00e9anne P\u00e9pin<\/p>\n\n\n\n<p class=\"wp-block-paragraph\">402 Caroline Patry<\/p>\n\n\n\n<p class=\"wp-block-paragraph\">403 Karine Pellerin<\/p>\n\n\n\n<p class=\"wp-block-paragraph\">404 Isma\u00eblle Morissette<\/p>\n\n\n\n<p class=\"wp-block-paragraph\">430 Laurence Mercier<\/p>\n<\/div><\/div>\n<\/div>\n\n\n\n<div class=\"act-collapsible\">\n<h2 class=\"wp-block-heading act-collapsible__heading\">5e ann\u00e9e Pavillon du M\u00e9andre<\/h2>\n\n\n\n<div class=\"act-collapsible__content\"><div class=\"act-collapsible__content-inner\">\n<p class=\"wp-block-paragraph\">501 Catherine Gourde<\/p>\n\n\n\n<p class=\"wp-block-paragraph\">502 Annie-Pierre Turcotte<\/p>\n\n\n\n<p class=\"wp-block-paragraph\">503 Nancy Francoeur<\/p>\n\n\n\n<p class=\"wp-block-paragraph\">504 \u00c9milie Girard<\/p>\n\n\n\n<p class=\"wp-block-paragraph\">505 Marie-Jo Paill\u00e9<\/p>\n<\/div><\/div>\n<\/div>\n\n\n\n<div class=\"act-collapsible\">\n<h2 class=\"wp-block-heading act-collapsible__heading\">6e ann\u00e9e Pavillon du M\u00e9andre<\/h2>\n\n\n\n<div class=\"act-collapsible__content\"><div class=\"act-collapsible__content-inner\">\n<p class=\"wp-block-paragraph\">601 Marie-Annie Rinfret<\/p>\n\n\n\n<p class=\"wp-block-paragraph\">602 Manon B\u00e9langer<\/p>\n\n\n\n<p class=\"wp-block-paragraph\">603 \u00c9velyne Godbout<\/p>\n\n\n\n<p class=\"wp-block-paragraph\">604 Genevi\u00e8ve Dumont<\/p>\n\n\n\n<p class=\"wp-block-paragraph\">605 St\u00e9phanie B\u00e9langer<\/p>\n<\/div><\/div>\n<\/div>\n\n\n\n<div class=\"act-collapsible\">\n<h2 class=\"wp-block-heading act-collapsible__heading\">Classes DSPS au Pavillon du M\u00e9andre<br><\/h2>\n\n\n\n<div class=\"act-collapsible__content\"><div class=\"act-collapsible__content-inner\">\n<p class=\"wp-block-paragraph\">901 Am\u00e9lie Fecteau<\/p>\n\n\n\n<p class=\"wp-block-paragraph\">902 \u00c9milie Ouellet<\/p>\n\n\n\n<p class=\"wp-block-paragraph\">903 Marie-Jo\u00eblle V\u00e9zina<\/p>\n\n\n\n<p class=\"wp-block-paragraph\">904 L\u00e9onie Pouliot<\/p>\n\n\n\n<p class=\"wp-block-paragraph\">905 B\u00e9atrice Poisson<\/p>\n<\/div><\/div>\n<\/div>\n\n\n\n<div class=\"act-collapsible\">\n<h5 class=\"wp-block-heading act-collapsible__heading\">Compl\u00e9ments de t\u00e2ches<\/h5>\n\n\n\n<div class=\"act-collapsible__content\"><div class=\"act-collapsible__content-inner\">\n<p class=\"wp-block-paragraph\">Laurianne Drolet, pr\u00e9scolaire<\/p>\n\n\n\n<p class=\"wp-block-paragraph\">Roxane Roussy-Duguay, 1re, 2e, 3e, 403-505<\/p>\n\n\n\n<p class=\"wp-block-paragraph\">Laurie Michel, 605<\/p>\n<\/div><\/div>\n<\/div>\n\n\n\n<div class=\"act-collapsible\">\n<h5 class=\"wp-block-heading act-collapsible__heading\">Sp\u00e9cialistes<\/h5>\n\n\n\n<div class=\"act-collapsible__content\"><div class=\"act-collapsible__content-inner\">\n<p class=\"wp-block-paragraph\">Audrey Gagnon, \u00e9ducation physique<\/p>\n\n\n\n<p class=\"wp-block-paragraph\">Camille Bergeron, \u00e9ducation physique<\/p>\n\n\n\n<p class=\"wp-block-paragraph\">Ghislain Lehoux, \u00e9ducation physique<\/p>\n\n\n\n<p class=\"wp-block-paragraph\">Luc Alexandre Par\u00e9, \u00e9ducation physique<\/p>\n\n\n\n<p class=\"wp-block-paragraph\">Rosalie Chabot-Boutin, anglais<\/p>\n\n\n\n<p class=\"wp-block-paragraph\">Houria Samya Bendali, anglais<\/p>\n\n\n\n<p class=\"wp-block-paragraph\">\u00c9milie Paradis, Anglais <\/p>\n\n\n\n<p class=\"wp-block-paragraph\">Suzanne Zwygart , musique<\/p>\n\n\n\n<p class=\"wp-block-paragraph\">Justine Lemieux, musique<\/p>\n\n\n\n<p class=\"wp-block-paragraph\">Marie-Pier Leclerc-Therien, musique<\/p>\n<\/div><\/div>\n<\/div>\n\n\n\n<div class=\"act-collapsible\">\n<h5 class=\"wp-block-heading act-collapsible__heading\">Technicien en \u00e9ducation sp\u00e9cialis\u00e9<\/h5>\n\n\n\n<div class=\"act-collapsible__content\"><div class=\"act-collapsible__content-inner\">\n<p class=\"wp-block-paragraph\">Jessika Fortier-Thibault, NDE<\/p>\n\n\n\n<p class=\"wp-block-paragraph\">Jacob Dub\u00e9, NDE<\/p>\n\n\n\n<p class=\"wp-block-paragraph\">Maxime Demers, NDE<\/p>\n\n\n\n<p class=\"wp-block-paragraph\">Sarah-Maude L\u00e9vesque, NDE<\/p>\n\n\n\n<p class=\"wp-block-paragraph\">Fr\u00e9d\u00e9ric Plante, NDE<\/p>\n\n\n\n<p class=\"wp-block-paragraph\">Jane Bolduc, NDE<\/p>\n\n\n\n<p class=\"wp-block-paragraph\">M\u00e9lanie Henri, Maria-Dominique<\/p>\n\n\n\n<p class=\"wp-block-paragraph\">Sophie Lavall\u00e9e, Maria-Dominique<\/p>\n\n\n\n<p class=\"wp-block-paragraph\">Sophie Drouin-Desroches. Maria-Dominique &#8211; M\u00e9andre<\/p>\n\n\n\n<p class=\"wp-block-paragraph\">Yanie Couture, M\u00e9andre<\/p>\n\n\n\n<p class=\"wp-block-paragraph\">Roxanne Tremblay, M\u00e9andre<\/p>\n\n\n\n<p class=\"wp-block-paragraph\">K\u00e9vin Boisvert, M\u00e9andre<\/p>\n\n\n\n<p class=\"wp-block-paragraph\">Alexandra Rioux \/ M\u00e9andre<\/p>\n\n\n\n<p class=\"wp-block-paragraph\">Sandra St-Pierre, M\u00e9andre DSPS<\/p>\n\n\n\n<p class=\"wp-block-paragraph\">Isabelle B\u00e9chard, M\u00e9andre DSPS<\/p>\n\n\n\n<p class=\"wp-block-paragraph\">Claudine Michaud, M\u00e9andre DSPS<\/p>\n\n\n\n<p class=\"wp-block-paragraph\">Kamille Falardeau, M\u00e9andre DSPS<\/p>\n\n\n\n<p class=\"wp-block-paragraph\">Andr\u00e9anne Bergeron-Gendron, M\u00e9andre DSPS<\/p>\n\n\n\n<p class=\"wp-block-paragraph\">Marc-Antoine Hamel, M\u00e9andre DSPS<\/p>\n\n\n\n<p class=\"wp-block-paragraph\">Caroline Hamelin, M\u00e9andre DSPS<\/p>\n<\/div><\/div>\n<\/div>\n\n\n\n<div class=\"act-collapsible\">\n<h2 class=\"wp-block-heading act-collapsible__heading\">Pr\u00e9pos\u00e9 aux \u00e9l\u00e8ves handicap\u00e9s <\/h2>\n\n\n\n<div class=\"act-collapsible__content\"><div class=\"act-collapsible__content-inner\">\n<p class=\"wp-block-paragraph\">Myl\u00e8ne Gagnon, M\u00e9andre<\/p>\n\n\n\n<p class=\"wp-block-paragraph\">Jenny Beauregard, M\u00e9andre<\/p>\n\n\n\n<p class=\"wp-block-paragraph\">Kathleen Cooper, M\u00e9andre<\/p>\n\n\n\n<p class=\"wp-block-paragraph\">Anny Robitaille, M\u00e9andre<\/p>\n<\/div><\/div>\n<\/div>\n\n\n\n<div class=\"act-collapsible\">\n<h5 class=\"wp-block-heading act-collapsible__heading\">Professionnels<\/h5>\n\n\n\n<div class=\"act-collapsible__content\"><div class=\"act-collapsible__content-inner\">\n<p class=\"wp-block-paragraph\">Am\u00e9lie Mathieu, orthophoniste<\/p>\n\n\n\n<p class=\"wp-block-paragraph\">Sarah-Jeanne B\u00eaty, orthophoniste<\/p>\n\n\n\n<p class=\"wp-block-paragraph\">Liane Roy-Boissonneault, ortho-enseignante<\/p>\n\n\n\n<p class=\"wp-block-paragraph\">Anne Marchand, ortho-enseignante<\/p>\n\n\n\n<p class=\"wp-block-paragraph\">Julie Lavoie, orthop\u00e9dagogue<\/p>\n\n\n\n<p class=\"wp-block-paragraph\">Kassandra Gagnon, orthop\u00e9dagogue<\/p>\n\n\n\n<p class=\"wp-block-paragraph\">V\u00e9ronique Bh\u00e9rer, psycho\u00e9ducatrice<\/p>\n\n\n\n<p class=\"wp-block-paragraph\">Lydia Bety, psycho\u00e9ducatrice<\/p>\n<\/div><\/div>\n<\/div>\n\n\n\n<div class=\"act-collapsible\">\n<h2 class=\"wp-block-heading act-collapsible__heading\">Francisation<\/h2>\n\n\n\n<div class=\"act-collapsible__content\"><div class=\"act-collapsible__content-inner\">\n<p class=\"wp-block-paragraph\">Nancy Bolduc<\/p>\n\n\n\n<p class=\"wp-block-paragraph\">Karyne Fecteau<\/p>\n<\/div><\/div>\n<\/div>\n\n\n\n<h5 class=\"wp-block-heading\"><\/h5>\n<\/div>\n","protected":false},"excerpt":{"rendered":"","protected":false},"author":1,"featured_media":0,"parent":6,"menu_order":0,"comment_status":"closed","ping_status":"closed","template":"","meta":{"_acf_changed":false,"_crdt_document":"","inline_featured_image":false,"footnotes":""},"categories":[],"tags":[],"class_list":["post-9","page","type-page","status-publish","hentry"],"acf":[],"yoast_head":"<!-- This site is optimized with the Yoast SEO plugin v27.3 - https:\/\/yoast.com\/product\/yoast-seo-wordpress\/ -->\n<title>Notre \u00e9quipe - \u00c9cole Notre-Dame-d\u2019Etchemin<\/title>\n<meta name=\"robots\" content=\"index, follow, max-snippet:-1, max-image-preview:large, max-video-preview:-1\" \/>\n<link rel=\"canonical\" href=\"https:\/\/cssdn.gouv.qc.ca\/notredamedetchemin\/a-propos\/notre-equipe\/\" \/>\n<meta property=\"og:locale\" content=\"fr_CA\" \/>\n<meta property=\"og:type\" content=\"article\" \/>\n<meta property=\"og:title\" content=\"Notre \u00e9quipe - \u00c9cole Notre-Dame-d\u2019Etchemin\" \/>\n<meta property=\"og:url\" content=\"https:\/\/cssdn.gouv.qc.ca\/notredamedetchemin\/a-propos\/notre-equipe\/\" \/>\n<meta property=\"og:site_name\" content=\"\u00c9cole Notre-Dame-d\u2019Etchemin\" \/>\n<meta property=\"article:publisher\" content=\"https:\/\/www.facebook.com\/notredamedetchemin\" \/>\n<meta property=\"article:modified_time\" content=\"2025-09-29T13:10:08+00:00\" \/>\n<meta name=\"twitter:card\" content=\"summary_large_image\" \/>\n<meta name=\"twitter:label1\" content=\"Estimation du temps de lecture\" \/>\n\t<meta name=\"twitter:data1\" content=\"3 minutes\" \/>\n<script type=\"application\/ld+json\" class=\"yoast-schema-graph\">{\"@context\":\"https:\\\/\\\/schema.org\",\"@graph\":[{\"@type\":\"WebPage\",\"@id\":\"https:\\\/\\\/cssdn.gouv.qc.ca\\\/notredamedetchemin\\\/a-propos\\\/notre-equipe\\\/\",\"url\":\"https:\\\/\\\/cssdn.gouv.qc.ca\\\/notredamedetchemin\\\/a-propos\\\/notre-equipe\\\/\",\"name\":\"Notre \u00e9quipe - \u00c9cole Notre-Dame-d\u2019Etchemin\",\"isPartOf\":{\"@id\":\"https:\\\/\\\/cssdn.gouv.qc.ca\\\/notredamedetchemin\\\/#website\"},\"primaryImageOfPage\":{\"@id\":\"https:\\\/\\\/cssdn.gouv.qc.ca\\\/notredamedetchemin\\\/a-propos\\\/notre-equipe\\\/#primaryimage\"},\"image\":{\"@id\":\"https:\\\/\\\/cssdn.gouv.qc.ca\\\/notredamedetchemin\\\/a-propos\\\/notre-equipe\\\/#primaryimage\"},\"thumbnailUrl\":\"https:\\\/\\\/cssdn.gouv.qc.ca\\\/wp-content\\\/uploads\\\/2022\\\/08\\\/Seawire-Hero-06.jpg\",\"datePublished\":\"2022-11-08T21:07:54+00:00\",\"dateModified\":\"2025-09-29T13:10:08+00:00\",\"breadcrumb\":{\"@id\":\"https:\\\/\\\/cssdn.gouv.qc.ca\\\/notredamedetchemin\\\/a-propos\\\/notre-equipe\\\/#breadcrumb\"},\"inLanguage\":\"fr-CA\",\"potentialAction\":[{\"@type\":\"ReadAction\",\"target\":[\"https:\\\/\\\/cssdn.gouv.qc.ca\\\/notredamedetchemin\\\/a-propos\\\/notre-equipe\\\/\"]}]},{\"@type\":\"ImageObject\",\"inLanguage\":\"fr-CA\",\"@id\":\"https:\\\/\\\/cssdn.gouv.qc.ca\\\/notredamedetchemin\\\/a-propos\\\/notre-equipe\\\/#primaryimage\",\"url\":\"https:\\\/\\\/cssdn.gouv.qc.ca\\\/wp-content\\\/uploads\\\/2022\\\/08\\\/Seawire-Hero-06.jpg\",\"contentUrl\":\"https:\\\/\\\/cssdn.gouv.qc.ca\\\/wp-content\\\/uploads\\\/2022\\\/08\\\/Seawire-Hero-06.jpg\"},{\"@type\":\"BreadcrumbList\",\"@id\":\"https:\\\/\\\/cssdn.gouv.qc.ca\\\/notredamedetchemin\\\/a-propos\\\/notre-equipe\\\/#breadcrumb\",\"itemListElement\":[{\"@type\":\"ListItem\",\"position\":1,\"name\":\"Accueil\",\"item\":\"https:\\\/\\\/cssdn.gouv.qc.ca\\\/notredamedetchemin\\\/\"},{\"@type\":\"ListItem\",\"position\":2,\"name\":\"\u00c0 propos\",\"item\":\"https:\\\/\\\/cssdn.gouv.qc.ca\\\/notredamedetchemin\\\/a-propos\\\/\"},{\"@type\":\"ListItem\",\"position\":3,\"name\":\"Notre \u00e9quipe\"}]},{\"@type\":\"WebSite\",\"@id\":\"https:\\\/\\\/cssdn.gouv.qc.ca\\\/notredamedetchemin\\\/#website\",\"url\":\"https:\\\/\\\/cssdn.gouv.qc.ca\\\/notredamedetchemin\\\/\",\"name\":\"\u00c9cole Notre-Dame-d\u2019Etchemin\",\"description\":\"Un site du Centre de services scolaire des Navigateurs\",\"publisher\":{\"@id\":\"https:\\\/\\\/cssdn.gouv.qc.ca\\\/notredamedetchemin\\\/#organization\"},\"potentialAction\":[{\"@type\":\"SearchAction\",\"target\":{\"@type\":\"EntryPoint\",\"urlTemplate\":\"https:\\\/\\\/cssdn.gouv.qc.ca\\\/notredamedetchemin\\\/?s={search_term_string}\"},\"query-input\":{\"@type\":\"PropertyValueSpecification\",\"valueRequired\":true,\"valueName\":\"search_term_string\"}}],\"inLanguage\":\"fr-CA\"},{\"@type\":\"Organization\",\"@id\":\"https:\\\/\\\/cssdn.gouv.qc.ca\\\/notredamedetchemin\\\/#organization\",\"name\":\"\u00c9cole Notre-Dame-d\u2019Etchemin\",\"url\":\"https:\\\/\\\/cssdn.gouv.qc.ca\\\/notredamedetchemin\\\/\",\"logo\":{\"@type\":\"ImageObject\",\"inLanguage\":\"fr-CA\",\"@id\":\"https:\\\/\\\/cssdn.gouv.qc.ca\\\/notredamedetchemin\\\/#\\\/schema\\\/logo\\\/image\\\/\",\"url\":\"https:\\\/\\\/cssdn.gouv.qc.ca\\\/notredamedetchemin\\\/wp-content\\\/uploads\\\/sites\\\/49\\\/2023\\\/01\\\/logo_quebec.svg\",\"contentUrl\":\"https:\\\/\\\/cssdn.gouv.qc.ca\\\/notredamedetchemin\\\/wp-content\\\/uploads\\\/sites\\\/49\\\/2023\\\/01\\\/logo_quebec.svg\",\"width\":188,\"height\":41,\"caption\":\"\u00c9cole Notre-Dame-d\u2019Etchemin\"},\"image\":{\"@id\":\"https:\\\/\\\/cssdn.gouv.qc.ca\\\/notredamedetchemin\\\/#\\\/schema\\\/logo\\\/image\\\/\"},\"sameAs\":[\"https:\\\/\\\/www.facebook.com\\\/notredamedetchemin\"]}]}<\/script>\n<!-- \/ Yoast SEO plugin. -->","yoast_head_json":{"title":"Notre \u00e9quipe - \u00c9cole Notre-Dame-d\u2019Etchemin","robots":{"index":"index","follow":"follow","max-snippet":"max-snippet:-1","max-image-preview":"max-image-preview:large","max-video-preview":"max-video-preview:-1"},"canonical":"https:\/\/cssdn.gouv.qc.ca\/notredamedetchemin\/a-propos\/notre-equipe\/","og_locale":"fr_CA","og_type":"article","og_title":"Notre \u00e9quipe - \u00c9cole Notre-Dame-d\u2019Etchemin","og_url":"https:\/\/cssdn.gouv.qc.ca\/notredamedetchemin\/a-propos\/notre-equipe\/","og_site_name":"\u00c9cole Notre-Dame-d\u2019Etchemin","article_publisher":"https:\/\/www.facebook.com\/notredamedetchemin","article_modified_time":"2025-09-29T13:10:08+00:00","twitter_card":"summary_large_image","twitter_misc":{"Estimation du temps de lecture":"3 minutes"},"schema":{"@context":"https:\/\/schema.org","@graph":[{"@type":"WebPage","@id":"https:\/\/cssdn.gouv.qc.ca\/notredamedetchemin\/a-propos\/notre-equipe\/","url":"https:\/\/cssdn.gouv.qc.ca\/notredamedetchemin\/a-propos\/notre-equipe\/","name":"Notre \u00e9quipe - \u00c9cole Notre-Dame-d\u2019Etchemin","isPartOf":{"@id":"https:\/\/cssdn.gouv.qc.ca\/notredamedetchemin\/#website"},"primaryImageOfPage":{"@id":"https:\/\/cssdn.gouv.qc.ca\/notredamedetchemin\/a-propos\/notre-equipe\/#primaryimage"},"image":{"@id":"https:\/\/cssdn.gouv.qc.ca\/notredamedetchemin\/a-propos\/notre-equipe\/#primaryimage"},"thumbnailUrl":"https:\/\/cssdn.gouv.qc.ca\/wp-content\/uploads\/2022\/08\/Seawire-Hero-06.jpg","datePublished":"2022-11-08T21:07:54+00:00","dateModified":"2025-09-29T13:10:08+00:00","breadcrumb":{"@id":"https:\/\/cssdn.gouv.qc.ca\/notredamedetchemin\/a-propos\/notre-equipe\/#breadcrumb"},"inLanguage":"fr-CA","potentialAction":[{"@type":"ReadAction","target":["https:\/\/cssdn.gouv.qc.ca\/notredamedetchemin\/a-propos\/notre-equipe\/"]}]},{"@type":"ImageObject","inLanguage":"fr-CA","@id":"https:\/\/cssdn.gouv.qc.ca\/notredamedetchemin\/a-propos\/notre-equipe\/#primaryimage","url":"https:\/\/cssdn.gouv.qc.ca\/wp-content\/uploads\/2022\/08\/Seawire-Hero-06.jpg","contentUrl":"https:\/\/cssdn.gouv.qc.ca\/wp-content\/uploads\/2022\/08\/Seawire-Hero-06.jpg"},{"@type":"BreadcrumbList","@id":"https:\/\/cssdn.gouv.qc.ca\/notredamedetchemin\/a-propos\/notre-equipe\/#breadcrumb","itemListElement":[{"@type":"ListItem","position":1,"name":"Accueil","item":"https:\/\/cssdn.gouv.qc.ca\/notredamedetchemin\/"},{"@type":"ListItem","position":2,"name":"\u00c0 propos","item":"https:\/\/cssdn.gouv.qc.ca\/notredamedetchemin\/a-propos\/"},{"@type":"ListItem","position":3,"name":"Notre \u00e9quipe"}]},{"@type":"WebSite","@id":"https:\/\/cssdn.gouv.qc.ca\/notredamedetchemin\/#website","url":"https:\/\/cssdn.gouv.qc.ca\/notredamedetchemin\/","name":"\u00c9cole Notre-Dame-d\u2019Etchemin","description":"Un site du Centre de services scolaire des Navigateurs","publisher":{"@id":"https:\/\/cssdn.gouv.qc.ca\/notredamedetchemin\/#organization"},"potentialAction":[{"@type":"SearchAction","target":{"@type":"EntryPoint","urlTemplate":"https:\/\/cssdn.gouv.qc.ca\/notredamedetchemin\/?s={search_term_string}"},"query-input":{"@type":"PropertyValueSpecification","valueRequired":true,"valueName":"search_term_string"}}],"inLanguage":"fr-CA"},{"@type":"Organization","@id":"https:\/\/cssdn.gouv.qc.ca\/notredamedetchemin\/#organization","name":"\u00c9cole Notre-Dame-d\u2019Etchemin","url":"https:\/\/cssdn.gouv.qc.ca\/notredamedetchemin\/","logo":{"@type":"ImageObject","inLanguage":"fr-CA","@id":"https:\/\/cssdn.gouv.qc.ca\/notredamedetchemin\/#\/schema\/logo\/image\/","url":"https:\/\/cssdn.gouv.qc.ca\/notredamedetchemin\/wp-content\/uploads\/sites\/49\/2023\/01\/logo_quebec.svg","contentUrl":"https:\/\/cssdn.gouv.qc.ca\/notredamedetchemin\/wp-content\/uploads\/sites\/49\/2023\/01\/logo_quebec.svg","width":188,"height":41,"caption":"\u00c9cole Notre-Dame-d\u2019Etchemin"},"image":{"@id":"https:\/\/cssdn.gouv.qc.ca\/notredamedetchemin\/#\/schema\/logo\/image\/"},"sameAs":["https:\/\/www.facebook.com\/notredamedetchemin"]}]}},"publishpress_future_action":{"enabled":false,"date":"2026-04-16 10:26:06","action":"change-status","newStatus":"draft","terms":[],"taxonomy":"category","extraData":[]},"publishpress_future_workflow_manual_trigger":{"enabledWorkflows":[]},"_links":{"self":[{"href":"https:\/\/cssdn.gouv.qc.ca\/notredamedetchemin\/wp-json\/wp\/v2\/pages\/9","targetHints":{"allow":["GET"]}}],"collection":[{"href":"https:\/\/cssdn.gouv.qc.ca\/notredamedetchemin\/wp-json\/wp\/v2\/pages"}],"about":[{"href":"https:\/\/cssdn.gouv.qc.ca\/notredamedetchemin\/wp-json\/wp\/v2\/types\/page"}],"author":[{"embeddable":true,"href":"https:\/\/cssdn.gouv.qc.ca\/notredamedetchemin\/wp-json\/wp\/v2\/users\/1"}],"replies":[{"embeddable":true,"href":"https:\/\/cssdn.gouv.qc.ca\/notredamedetchemin\/wp-json\/wp\/v2\/comments?post=9"}],"version-history":[{"count":0,"href":"https:\/\/cssdn.gouv.qc.ca\/notredamedetchemin\/wp-json\/wp\/v2\/pages\/9\/revisions"}],"up":[{"embeddable":true,"href":"https:\/\/cssdn.gouv.qc.ca\/notredamedetchemin\/wp-json\/wp\/v2\/pages\/6"}],"wp:attachment":[{"href":"https:\/\/cssdn.gouv.qc.ca\/notredamedetchemin\/wp-json\/wp\/v2\/media?parent=9"}],"wp:term":[{"taxonomy":"category","embeddable":true,"href":"https:\/\/cssdn.gouv.qc.ca\/notredamedetchemin\/wp-json\/wp\/v2\/categories?post=9"},{"taxonomy":"post_tag","embeddable":true,"href":"https:\/\/cssdn.gouv.qc.ca\/notredamedetchemin\/wp-json\/wp\/v2\/tags?post=9"}],"curies":[{"name":"wp","href":"https:\/\/api.w.org\/{rel}","templated":true}]}}