
{"id":11,"date":"2022-11-08T16:07:54","date_gmt":"2022-11-08T21:07:54","guid":{"rendered":"https:\/\/cssdn.gouv.qc.ca\/odyssee\/a-propos\/documentation-et-rapport-annuel\/"},"modified":"2025-11-03T08:07:48","modified_gmt":"2025-11-03T13:07:48","slug":"projet-educatif","status":"publish","type":"page","link":"https:\/\/cssdn.gouv.qc.ca\/odyssee\/documentation-officielle\/projet-educatif\/","title":{"rendered":"Projet \u00e9ducatif"},"content":{"rendered":"\n<div class=\"wp-block-cover alignfull is-light is-style-title-banner\"><img decoding=\"async\" class=\"wp-block-cover__image-background wp-image-111 lazyload\" alt=\"\" data-src=\"https:\/\/stage.cssdn.gouv.qc.ca\/wp-content\/uploads\/2022\/08\/Seawire-Hero-06.jpg\" data-object-fit=\"cover\" src=\"data:image\/svg+xml;base64,PHN2ZyB3aWR0aD0iMSIgaGVpZ2h0PSIxIiB4bWxucz0iaHR0cDovL3d3dy53My5vcmcvMjAwMC9zdmciPjwvc3ZnPg==\" \/><span aria-hidden=\"true\" class=\"wp-block-cover__background has-primary-background-color has-background-dim\"><\/span><div class=\"wp-block-cover__inner-container\"><h3 class=\"wp-block-post-title\">Projet \u00e9ducatif<\/h3><\/div><\/div>\n\n\n\n<div class=\"wp-block-group alignfull has-padding-y-large has-secondary-background-color has-background\"><div class=\"yoast-breadcrumbs alignwide \"><span class=\"breadcrumbs\"><a href=\"https:\/\/cssdn.gouv.qc.ca\/odyssee\/\" class=\"breadcrumbs__element\">Accueil<\/a> <span class=\"breadcrumbs__separator\">\n        <svg class=\"icon icon-breadcrumb__separator\"><use xlink:href=\"#icon-breadcrumb__separator\"><\/use><\/svg>\n    <\/span> <a href=\"https:\/\/cssdn.gouv.qc.ca\/odyssee\/documentation-officielle\/\" class=\"breadcrumbs__element\">Documentation officielle<\/a> <span class=\"breadcrumbs__separator\">\n        <svg class=\"icon icon-breadcrumb__separator\"><use xlink:href=\"#icon-breadcrumb__separator\"><\/use><\/svg>\n    <\/span> <span class=\"breadcrumbs__element breadcrumbs__element-current\">Projet \u00e9ducatif<\/span><\/span><\/div><\/div>\n\n\n\n<p class=\"wp-block-paragraph\">Le projet \u00e9ducatif est un outil strat\u00e9gique permettant de d\u00e9finir et de faire conna\u00eetre \u00e0 la communaut\u00e9 \u00e9ducative d\u2019un \u00e9tablissement d\u2019enseignement des orientations, des priorit\u00e9s d\u2019action et les r\u00e9sultats attendus pour assurer la r\u00e9ussite \u00e9ducative de tous les \u00e9l\u00e8ves. Il est \u00e9labor\u00e9 en fonction des caract\u00e9ristiques et des besoins des \u00e9l\u00e8ves qui fr\u00e9quentent l\u2019\u00e9tablissement d\u2019enseignement ainsi que des attentes formul\u00e9es par le milieu au regard de l\u2019\u00e9ducation.<\/p>\n\n\n\n<p class=\"wp-block-paragraph\">R\u00e9sultant d\u2019un consensus, il est con\u00e7u et mis en \u0153uvre en faisant appel \u00e0 la collaboration des diff\u00e9rents acteurs int\u00e9ress\u00e9s par l\u2019\u00e9cole et la r\u00e9ussite \u00e9ducative : les \u00e9l\u00e8ves, les parents et le personnel de l\u2019\u00e9tablissement ainsi que les membres de la communaut\u00e9 et du centre de services scolaire.&nbsp; Il a \u00e9t\u00e9 approuv\u00e9 par le conseil d\u2019\u00e9tablissement le 6 d\u00e9cembre 2023<\/p>\n\n\n\n<div class=\"wp-block-columns are-vertically-aligned-center\">\n<div class=\"wp-block-column is-vertically-aligned-center\" style=\"flex-basis:100%\">\n<div data-wp-interactive=\"core\/file\" class=\"wp-block-file\"><object data-wp-bind--hidden=\"!state.hasPdfPreview\" hidden class=\"wp-block-file__embed\" data=\"https:\/\/cssdn.gouv.qc.ca\/odyssee\/wp-content\/uploads\/sites\/50\/2024\/08\/OdysseePE2023-2027-VA6dec.2023-1.pdf\" type=\"application\/pdf\" style=\"width:100%;height:600px\" aria-label=\"Contenu incorpor\u00e9 Projet \u00e9ducatif Odyss\u00e9e 2023-2027.\"><\/object><a id=\"wp-block-file--media-5cd0e098-71c8-4ce5-ab5b-afce6940ae20\" href=\"https:\/\/cssdn.gouv.qc.ca\/odyssee\/wp-content\/uploads\/sites\/50\/2024\/08\/OdysseePE2023-2027-VA6dec.2023-1.pdf\">Projet \u00e9ducatif Odyss\u00e9e 2023-2027<\/a><a href=\"https:\/\/cssdn.gouv.qc.ca\/odyssee\/wp-content\/uploads\/sites\/50\/2024\/08\/OdysseePE2023-2027-VA6dec.2023-1.pdf\" class=\"wp-block-file__button wp-element-button\" download aria-describedby=\"wp-block-file--media-5cd0e098-71c8-4ce5-ab5b-afce6940ae20\">T\u00e9l\u00e9charger<\/a><\/div>\n<\/div>\n<\/div>\n\n\n\n<div class=\"wp-block-file\"><a id=\"wp-block-file--media-618647f7-b5b3-4f29-bf8d-99420dd6c379\" href=\"https:\/\/cssdn.gouv.qc.ca\/odyssee\/wp-content\/uploads\/sites\/50\/2023\/03\/odyssee-pe-19-22.pdf\" target=\"_blank\" rel=\"noreferrer noopener\">2019-2022<\/a><\/div>\n\n\n\n<h2 class=\"wp-block-heading is-style-orange\">Redditions de comptes du projet \u00e9ducatif<\/h2>\n\n\n\n<div data-wp-interactive=\"core\/file\" class=\"wp-block-file\"><object data-wp-bind--hidden=\"!state.hasPdfPreview\" hidden class=\"wp-block-file__embed\" data=\"https:\/\/cssdn.gouv.qc.ca\/odyssee\/wp-content\/uploads\/sites\/50\/2025\/11\/Odyssee_RCPE_Primaire_2024-2025.pdf\" type=\"application\/pdf\" style=\"width:100%;height:600px\" aria-label=\"Contenu incorpor\u00e9 2024-2025.\"><\/object><a id=\"wp-block-file--media-163b3748-dbc1-4993-91de-eb552302b5d9\" href=\"https:\/\/cssdn.gouv.qc.ca\/odyssee\/wp-content\/uploads\/sites\/50\/2025\/11\/Odyssee_RCPE_Primaire_2024-2025.pdf\">2024-2025<\/a><a href=\"https:\/\/cssdn.gouv.qc.ca\/odyssee\/wp-content\/uploads\/sites\/50\/2025\/11\/Odyssee_RCPE_Primaire_2024-2025.pdf\" class=\"wp-block-file__button wp-element-button\" download aria-describedby=\"wp-block-file--media-163b3748-dbc1-4993-91de-eb552302b5d9\">Download<\/a><\/div>\n\n\n\n<div class=\"wp-block-file\"><a id=\"wp-block-file--media-d1f83715-9bc8-47a7-b156-7746fb58d62b\" href=\"https:\/\/cssdn.gouv.qc.ca\/odyssee\/wp-content\/uploads\/sites\/50\/2023\/03\/2021-2022_rcpe-odyssee.pdf\" target=\"_blank\" rel=\"noreferrer noopener\">2021-2022<\/a><\/div>\n\n\n\n<div class=\"wp-block-file\"><a id=\"wp-block-file--media-7d5eafd2-d456-44c7-9e0a-0819537646dc\" href=\"https:\/\/cssdn.gouv.qc.ca\/odyssee\/wp-content\/uploads\/sites\/50\/2023\/03\/rcpe_odysee_2020-2021.pdf\" target=\"_blank\" rel=\"noreferrer noopener\">2020-2021<\/a><\/div>\n\n\n\n<div class=\"wp-block-file\"><a id=\"wp-block-file--media-23d46889-1555-4143-a801-6c8c39f83bd6\" href=\"https:\/\/cssdn.gouv.qc.ca\/odyssee\/wp-content\/uploads\/sites\/50\/2023\/03\/29_ra_odyssee-19-20_v2.pdf\" target=\"_blank\" rel=\"noreferrer noopener\">2019-2020<\/a><\/div>\n\n\n\n<div class=\"wp-block-file\"><a id=\"wp-block-file--media-2c381747-1984-444f-9100-055a981784fd\" href=\"https:\/\/cssdn.gouv.qc.ca\/odyssee\/wp-content\/uploads\/sites\/50\/2023\/03\/ra_odyssee1819-1.pdf\" target=\"_blank\" rel=\"noreferrer noopener\">2018-2019<\/a><\/div>\n","protected":false},"excerpt":{"rendered":"<p>Le projet \u00e9ducatif est un outil strat\u00e9gique permettant de d\u00e9finir et de faire conna\u00eetre \u00e0 la communaut\u00e9 \u00e9ducative d\u2019un \u00e9tablissement d\u2019enseignement des orientations, des priorit\u00e9s d\u2019action et les r\u00e9sultats attendus pour assurer la r\u00e9ussite \u00e9ducative de tous les \u00e9l\u00e8ves. Il est \u00e9labor\u00e9 en fonction des caract\u00e9ristiques et des besoins des \u00e9l\u00e8ves qui fr\u00e9quentent l\u2019\u00e9tablissement d\u2019enseignement [&hellip;]<\/p>\n","protected":false},"author":1,"featured_media":0,"parent":12,"menu_order":0,"comment_status":"closed","ping_status":"closed","template":"","meta":{"_acf_changed":false,"_crdt_document":"","inline_featured_image":false,"footnotes":""},"categories":[],"tags":[],"class_list":["post-11","page","type-page","status-publish","hentry"],"acf":[],"yoast_head":"<!-- This site is optimized with the Yoast SEO plugin v27.4 - https:\/\/yoast.com\/product\/yoast-seo-wordpress\/ -->\n<title>Projet \u00e9ducatif - \u00c9cole de l\u2019Odyss\u00e9e<\/title>\n<meta name=\"robots\" content=\"index, follow, max-snippet:-1, max-image-preview:large, max-video-preview:-1\" \/>\n<link rel=\"canonical\" href=\"https:\/\/cssdn.gouv.qc.ca\/odyssee\/documentation-officielle\/projet-educatif\/\" \/>\n<meta property=\"og:locale\" content=\"fr_CA\" \/>\n<meta property=\"og:type\" content=\"article\" \/>\n<meta property=\"og:title\" content=\"Projet \u00e9ducatif - \u00c9cole de l\u2019Odyss\u00e9e\" \/>\n<meta property=\"og:description\" content=\"Le projet \u00e9ducatif est un outil strat\u00e9gique permettant de d\u00e9finir et de faire conna\u00eetre \u00e0 la communaut\u00e9 \u00e9ducative d\u2019un \u00e9tablissement d\u2019enseignement des orientations, des priorit\u00e9s d\u2019action et les r\u00e9sultats attendus pour assurer la r\u00e9ussite \u00e9ducative de tous les \u00e9l\u00e8ves. Il est \u00e9labor\u00e9 en fonction des caract\u00e9ristiques et des besoins des \u00e9l\u00e8ves qui fr\u00e9quentent l\u2019\u00e9tablissement d\u2019enseignement [&hellip;]\" \/>\n<meta property=\"og:url\" content=\"https:\/\/cssdn.gouv.qc.ca\/odyssee\/documentation-officielle\/projet-educatif\/\" \/>\n<meta property=\"og:site_name\" content=\"\u00c9cole de l\u2019Odyss\u00e9e\" \/>\n<meta property=\"article:publisher\" content=\"https:\/\/www.facebook.com\/profile.php?id=100034650562063\" \/>\n<meta property=\"article:modified_time\" content=\"2025-11-03T13:07:48+00:00\" \/>\n<meta property=\"og:image\" content=\"https:\/\/cssdn.gouv.qc.ca\/odyssee\/wp-content\/uploads\/sites\/50\/2022\/12\/ODYSSEE.jpg\" \/>\n\t<meta property=\"og:image:width\" content=\"1417\" \/>\n\t<meta property=\"og:image:height\" content=\"794\" \/>\n\t<meta property=\"og:image:type\" content=\"image\/jpeg\" \/>\n<meta name=\"twitter:card\" content=\"summary_large_image\" \/>\n<meta name=\"twitter:label1\" content=\"Estimation du temps de lecture\" \/>\n\t<meta name=\"twitter:data1\" content=\"1 minute\" \/>\n<script type=\"application\/ld+json\" class=\"yoast-schema-graph\">{\"@context\":\"https:\\\/\\\/schema.org\",\"@graph\":[{\"@type\":\"WebPage\",\"@id\":\"https:\\\/\\\/cssdn.gouv.qc.ca\\\/odyssee\\\/documentation-officielle\\\/projet-educatif\\\/\",\"url\":\"https:\\\/\\\/cssdn.gouv.qc.ca\\\/odyssee\\\/documentation-officielle\\\/projet-educatif\\\/\",\"name\":\"Projet \u00e9ducatif - \u00c9cole de l\u2019Odyss\u00e9e\",\"isPartOf\":{\"@id\":\"https:\\\/\\\/cssdn.gouv.qc.ca\\\/odyssee\\\/#website\"},\"primaryImageOfPage\":{\"@id\":\"https:\\\/\\\/cssdn.gouv.qc.ca\\\/odyssee\\\/documentation-officielle\\\/projet-educatif\\\/#primaryimage\"},\"image\":{\"@id\":\"https:\\\/\\\/cssdn.gouv.qc.ca\\\/odyssee\\\/documentation-officielle\\\/projet-educatif\\\/#primaryimage\"},\"thumbnailUrl\":\"https:\\\/\\\/stage.cssdn.gouv.qc.ca\\\/wp-content\\\/uploads\\\/2022\\\/08\\\/Seawire-Hero-06.jpg\",\"datePublished\":\"2022-11-08T21:07:54+00:00\",\"dateModified\":\"2025-11-03T13:07:48+00:00\",\"breadcrumb\":{\"@id\":\"https:\\\/\\\/cssdn.gouv.qc.ca\\\/odyssee\\\/documentation-officielle\\\/projet-educatif\\\/#breadcrumb\"},\"inLanguage\":\"fr-CA\",\"potentialAction\":[{\"@type\":\"ReadAction\",\"target\":[\"https:\\\/\\\/cssdn.gouv.qc.ca\\\/odyssee\\\/documentation-officielle\\\/projet-educatif\\\/\"]}]},{\"@type\":\"ImageObject\",\"inLanguage\":\"fr-CA\",\"@id\":\"https:\\\/\\\/cssdn.gouv.qc.ca\\\/odyssee\\\/documentation-officielle\\\/projet-educatif\\\/#primaryimage\",\"url\":\"https:\\\/\\\/stage.cssdn.gouv.qc.ca\\\/wp-content\\\/uploads\\\/2022\\\/08\\\/Seawire-Hero-06.jpg\",\"contentUrl\":\"https:\\\/\\\/stage.cssdn.gouv.qc.ca\\\/wp-content\\\/uploads\\\/2022\\\/08\\\/Seawire-Hero-06.jpg\"},{\"@type\":\"BreadcrumbList\",\"@id\":\"https:\\\/\\\/cssdn.gouv.qc.ca\\\/odyssee\\\/documentation-officielle\\\/projet-educatif\\\/#breadcrumb\",\"itemListElement\":[{\"@type\":\"ListItem\",\"position\":1,\"name\":\"Accueil\",\"item\":\"https:\\\/\\\/cssdn.gouv.qc.ca\\\/odyssee\\\/\"},{\"@type\":\"ListItem\",\"position\":2,\"name\":\"Documentation officielle\",\"item\":\"https:\\\/\\\/cssdn.gouv.qc.ca\\\/odyssee\\\/documentation-officielle\\\/\"},{\"@type\":\"ListItem\",\"position\":3,\"name\":\"Projet \u00e9ducatif\"}]},{\"@type\":\"WebSite\",\"@id\":\"https:\\\/\\\/cssdn.gouv.qc.ca\\\/odyssee\\\/#website\",\"url\":\"https:\\\/\\\/cssdn.gouv.qc.ca\\\/odyssee\\\/\",\"name\":\"\u00c9cole de l\u2019Odyss\u00e9e\",\"description\":\"Un site des centres de services scolaires des Navigateurs\",\"publisher\":{\"@id\":\"https:\\\/\\\/cssdn.gouv.qc.ca\\\/odyssee\\\/#organization\"},\"potentialAction\":[{\"@type\":\"SearchAction\",\"target\":{\"@type\":\"EntryPoint\",\"urlTemplate\":\"https:\\\/\\\/cssdn.gouv.qc.ca\\\/odyssee\\\/?s={search_term_string}\"},\"query-input\":{\"@type\":\"PropertyValueSpecification\",\"valueRequired\":true,\"valueName\":\"search_term_string\"}}],\"inLanguage\":\"fr-CA\"},{\"@type\":\"Organization\",\"@id\":\"https:\\\/\\\/cssdn.gouv.qc.ca\\\/odyssee\\\/#organization\",\"name\":\"\u00c9cole de l\u2019Odyss\u00e9e\",\"url\":\"https:\\\/\\\/cssdn.gouv.qc.ca\\\/odyssee\\\/\",\"logo\":{\"@type\":\"ImageObject\",\"inLanguage\":\"fr-CA\",\"@id\":\"https:\\\/\\\/cssdn.gouv.qc.ca\\\/odyssee\\\/#\\\/schema\\\/logo\\\/image\\\/\",\"url\":\"https:\\\/\\\/cssdn.gouv.qc.ca\\\/odyssee\\\/wp-content\\\/uploads\\\/sites\\\/50\\\/2023\\\/01\\\/logo_quebec.svg\",\"contentUrl\":\"https:\\\/\\\/cssdn.gouv.qc.ca\\\/odyssee\\\/wp-content\\\/uploads\\\/sites\\\/50\\\/2023\\\/01\\\/logo_quebec.svg\",\"width\":188,\"height\":41,\"caption\":\"\u00c9cole de l\u2019Odyss\u00e9e\"},\"image\":{\"@id\":\"https:\\\/\\\/cssdn.gouv.qc.ca\\\/odyssee\\\/#\\\/schema\\\/logo\\\/image\\\/\"},\"sameAs\":[\"https:\\\/\\\/www.facebook.com\\\/profile.php?id=100034650562063\"]}]}<\/script>\n<!-- \/ Yoast SEO plugin. -->","yoast_head_json":{"title":"Projet \u00e9ducatif - \u00c9cole de l\u2019Odyss\u00e9e","robots":{"index":"index","follow":"follow","max-snippet":"max-snippet:-1","max-image-preview":"max-image-preview:large","max-video-preview":"max-video-preview:-1"},"canonical":"https:\/\/cssdn.gouv.qc.ca\/odyssee\/documentation-officielle\/projet-educatif\/","og_locale":"fr_CA","og_type":"article","og_title":"Projet \u00e9ducatif - \u00c9cole de l\u2019Odyss\u00e9e","og_description":"Le projet \u00e9ducatif est un outil strat\u00e9gique permettant de d\u00e9finir et de faire conna\u00eetre \u00e0 la communaut\u00e9 \u00e9ducative d\u2019un \u00e9tablissement d\u2019enseignement des orientations, des priorit\u00e9s d\u2019action et les r\u00e9sultats attendus pour assurer la r\u00e9ussite \u00e9ducative de tous les \u00e9l\u00e8ves. Il est \u00e9labor\u00e9 en fonction des caract\u00e9ristiques et des besoins des \u00e9l\u00e8ves qui fr\u00e9quentent l\u2019\u00e9tablissement d\u2019enseignement [&hellip;]","og_url":"https:\/\/cssdn.gouv.qc.ca\/odyssee\/documentation-officielle\/projet-educatif\/","og_site_name":"\u00c9cole de l\u2019Odyss\u00e9e","article_publisher":"https:\/\/www.facebook.com\/profile.php?id=100034650562063","article_modified_time":"2025-11-03T13:07:48+00:00","og_image":[{"width":1417,"height":794,"url":"https:\/\/cssdn.gouv.qc.ca\/odyssee\/wp-content\/uploads\/sites\/50\/2022\/12\/ODYSSEE.jpg","type":"image\/jpeg"}],"twitter_card":"summary_large_image","twitter_misc":{"Estimation du temps de lecture":"1 minute"},"schema":{"@context":"https:\/\/schema.org","@graph":[{"@type":"WebPage","@id":"https:\/\/cssdn.gouv.qc.ca\/odyssee\/documentation-officielle\/projet-educatif\/","url":"https:\/\/cssdn.gouv.qc.ca\/odyssee\/documentation-officielle\/projet-educatif\/","name":"Projet \u00e9ducatif - \u00c9cole de l\u2019Odyss\u00e9e","isPartOf":{"@id":"https:\/\/cssdn.gouv.qc.ca\/odyssee\/#website"},"primaryImageOfPage":{"@id":"https:\/\/cssdn.gouv.qc.ca\/odyssee\/documentation-officielle\/projet-educatif\/#primaryimage"},"image":{"@id":"https:\/\/cssdn.gouv.qc.ca\/odyssee\/documentation-officielle\/projet-educatif\/#primaryimage"},"thumbnailUrl":"https:\/\/stage.cssdn.gouv.qc.ca\/wp-content\/uploads\/2022\/08\/Seawire-Hero-06.jpg","datePublished":"2022-11-08T21:07:54+00:00","dateModified":"2025-11-03T13:07:48+00:00","breadcrumb":{"@id":"https:\/\/cssdn.gouv.qc.ca\/odyssee\/documentation-officielle\/projet-educatif\/#breadcrumb"},"inLanguage":"fr-CA","potentialAction":[{"@type":"ReadAction","target":["https:\/\/cssdn.gouv.qc.ca\/odyssee\/documentation-officielle\/projet-educatif\/"]}]},{"@type":"ImageObject","inLanguage":"fr-CA","@id":"https:\/\/cssdn.gouv.qc.ca\/odyssee\/documentation-officielle\/projet-educatif\/#primaryimage","url":"https:\/\/stage.cssdn.gouv.qc.ca\/wp-content\/uploads\/2022\/08\/Seawire-Hero-06.jpg","contentUrl":"https:\/\/stage.cssdn.gouv.qc.ca\/wp-content\/uploads\/2022\/08\/Seawire-Hero-06.jpg"},{"@type":"BreadcrumbList","@id":"https:\/\/cssdn.gouv.qc.ca\/odyssee\/documentation-officielle\/projet-educatif\/#breadcrumb","itemListElement":[{"@type":"ListItem","position":1,"name":"Accueil","item":"https:\/\/cssdn.gouv.qc.ca\/odyssee\/"},{"@type":"ListItem","position":2,"name":"Documentation officielle","item":"https:\/\/cssdn.gouv.qc.ca\/odyssee\/documentation-officielle\/"},{"@type":"ListItem","position":3,"name":"Projet \u00e9ducatif"}]},{"@type":"WebSite","@id":"https:\/\/cssdn.gouv.qc.ca\/odyssee\/#website","url":"https:\/\/cssdn.gouv.qc.ca\/odyssee\/","name":"\u00c9cole de l\u2019Odyss\u00e9e","description":"Un site des centres de services scolaires des Navigateurs","publisher":{"@id":"https:\/\/cssdn.gouv.qc.ca\/odyssee\/#organization"},"potentialAction":[{"@type":"SearchAction","target":{"@type":"EntryPoint","urlTemplate":"https:\/\/cssdn.gouv.qc.ca\/odyssee\/?s={search_term_string}"},"query-input":{"@type":"PropertyValueSpecification","valueRequired":true,"valueName":"search_term_string"}}],"inLanguage":"fr-CA"},{"@type":"Organization","@id":"https:\/\/cssdn.gouv.qc.ca\/odyssee\/#organization","name":"\u00c9cole de l\u2019Odyss\u00e9e","url":"https:\/\/cssdn.gouv.qc.ca\/odyssee\/","logo":{"@type":"ImageObject","inLanguage":"fr-CA","@id":"https:\/\/cssdn.gouv.qc.ca\/odyssee\/#\/schema\/logo\/image\/","url":"https:\/\/cssdn.gouv.qc.ca\/odyssee\/wp-content\/uploads\/sites\/50\/2023\/01\/logo_quebec.svg","contentUrl":"https:\/\/cssdn.gouv.qc.ca\/odyssee\/wp-content\/uploads\/sites\/50\/2023\/01\/logo_quebec.svg","width":188,"height":41,"caption":"\u00c9cole de l\u2019Odyss\u00e9e"},"image":{"@id":"https:\/\/cssdn.gouv.qc.ca\/odyssee\/#\/schema\/logo\/image\/"},"sameAs":["https:\/\/www.facebook.com\/profile.php?id=100034650562063"]}]}},"publishpress_future_action":{"enabled":false,"date":"2026-04-26 01:48:04","action":"change-status","newStatus":"draft","terms":[],"taxonomy":"category","extraData":[]},"publishpress_future_workflow_manual_trigger":{"enabledWorkflows":[]},"_links":{"self":[{"href":"https:\/\/cssdn.gouv.qc.ca\/odyssee\/wp-json\/wp\/v2\/pages\/11","targetHints":{"allow":["GET"]}}],"collection":[{"href":"https:\/\/cssdn.gouv.qc.ca\/odyssee\/wp-json\/wp\/v2\/pages"}],"about":[{"href":"https:\/\/cssdn.gouv.qc.ca\/odyssee\/wp-json\/wp\/v2\/types\/page"}],"author":[{"embeddable":true,"href":"https:\/\/cssdn.gouv.qc.ca\/odyssee\/wp-json\/wp\/v2\/users\/1"}],"replies":[{"embeddable":true,"href":"https:\/\/cssdn.gouv.qc.ca\/odyssee\/wp-json\/wp\/v2\/comments?post=11"}],"version-history":[{"count":0,"href":"https:\/\/cssdn.gouv.qc.ca\/odyssee\/wp-json\/wp\/v2\/pages\/11\/revisions"}],"up":[{"embeddable":true,"href":"https:\/\/cssdn.gouv.qc.ca\/odyssee\/wp-json\/wp\/v2\/pages\/12"}],"wp:attachment":[{"href":"https:\/\/cssdn.gouv.qc.ca\/odyssee\/wp-json\/wp\/v2\/media?parent=11"}],"wp:term":[{"taxonomy":"category","embeddable":true,"href":"https:\/\/cssdn.gouv.qc.ca\/odyssee\/wp-json\/wp\/v2\/categories?post=11"},{"taxonomy":"post_tag","embeddable":true,"href":"https:\/\/cssdn.gouv.qc.ca\/odyssee\/wp-json\/wp\/v2\/tags?post=11"}],"curies":[{"name":"wp","href":"https:\/\/api.w.org\/{rel}","templated":true}]}}