
{"id":17,"date":"2022-11-08T16:07:56","date_gmt":"2022-11-08T21:07:56","guid":{"rendered":"https:\/\/cssdn.gouv.qc.ca\/odyssee\/vie-scolaire\/"},"modified":"2025-03-14T13:18:16","modified_gmt":"2025-03-14T17:18:16","slug":"vie-scolaire","status":"publish","type":"page","link":"https:\/\/cssdn.gouv.qc.ca\/odyssee\/vie-scolaire\/","title":{"rendered":"Vie scolaire"},"content":{"rendered":"\n<div class=\"wp-block-cover alignfull is-light is-style-title-banner\"><span aria-hidden=\"true\" class=\"wp-block-cover__background has-primary-background-color has-background-dim\"><\/span><img decoding=\"async\" class=\"wp-block-cover__image-background wp-image-111 lazyload\" alt=\"\" data-src=\"https:\/\/cssdn.gouv.qc.ca\/wp-content\/uploads\/2022\/08\/Seawire-Hero-06.jpg\" data-object-fit=\"cover\" src=\"data:image\/svg+xml;base64,PHN2ZyB3aWR0aD0iMSIgaGVpZ2h0PSIxIiB4bWxucz0iaHR0cDovL3d3dy53My5vcmcvMjAwMC9zdmciPjwvc3ZnPg==\" \/><div class=\"wp-block-cover__inner-container\"><h3 class=\"wp-block-post-title\">Vie scolaire<\/h3><\/div><\/div>\n\n\n\n<div class=\"wp-block-group alignfull has-padding-y-large has-secondary-background-color has-background\"><div class=\"yoast-breadcrumbs alignwide \"><span class=\"breadcrumbs\"><a href=\"https:\/\/cssdn.gouv.qc.ca\/odyssee\/\" class=\"breadcrumbs__element\">Accueil<\/a> <span class=\"breadcrumbs__separator\">\n        <svg class=\"icon icon-breadcrumb__separator\"><use xlink:href=\"#icon-breadcrumb__separator\"><\/use><\/svg>\n    <\/span> <span class=\"breadcrumbs__element breadcrumbs__element-current\">Vie scolaire<\/span><\/span><\/div><\/div>\n\n\n\n<h2 class=\"wp-block-heading\">Salon du livre usag\u00e9 de l&rsquo;Odyss\u00e9e &#8211; 27 mars 2025<\/h2>\n\n\n\n<p class=\"wp-block-paragraph\">Pour la premi\u00e8re ann\u00e9e, nous accueillerons le Salon du livre usag\u00e9 !<\/p>\n\n\n\n<p class=\"wp-block-paragraph\">Afin de pr\u00e9parer cet \u00e9v\u00e9nement, nous avons besoin de votre aide.&nbsp; Si vous avez des livres (pour enfants ou pour adultes) qui ne sont pas ab\u00eem\u00e9s, dont vous d\u00e9sirez vous d\u00e9partir, nous sommes int\u00e9ress\u00e9s. Que ce soit un roman, un album, une bande dessin\u00e9e ou un documentaire, nous sommes preneurs.<\/p>\n\n\n\n<p class=\"wp-block-paragraph\">Du 11 au 21 mars, des bo\u00eetes seront mises \u00e0 votre disposition pr\u00e8s de l\u2019entr\u00e9e du service de garde pour y d\u00e9poser vos livres.<\/p>\n\n\n\n<p class=\"wp-block-paragraph\">Le Salon du livre de l\u2019Odyss\u00e9e se tiendra le jeudi 27 mars au gymnase de 15h45 \u00e0 17h30.<\/p>\n\n\n\n<p class=\"wp-block-paragraph\">(Paiement en argent comptant seulement.)<\/p>\n\n\n\n<p class=\"wp-block-paragraph\">Bon salon !<\/p>\n\n\n\n<p class=\"wp-block-paragraph\">Les jeunes du Parlement \u00e9colier<\/p>\n\n\n\n<h2 class=\"wp-block-heading\">Mini-Relais pour la vie de l&rsquo;Odyss\u00e9e &#8211; 6 juin 2025<\/h2>\n\n\n\n<p class=\"wp-block-paragraph\">Aujourd&rsquo;hui, les \u00e9l\u00e8ves et les membres du personnel se sont r\u00e9unis au gymnase pour le grand lancement du projet du Mini-Relais pour la Vie de l&rsquo;Odyss\u00e9e! Comme mentionn\u00e9 pendant le rassemblement, nous vous envoyons ces informations afin que les familles int\u00e9ress\u00e9es puissent inscrire leur \u00e9quipe pour l&rsquo;\u00e9v\u00e9nement.<\/p>\n\n\n\n<p class=\"wp-block-paragraph\">Voici un rappel des d\u00e9tails :<\/p>\n\n\n\n<p class=\"wp-block-paragraph\">Quand? Vendredi, 6 juin en soir\u00e9e (de 17h \u00e0 21h environ) O\u00f9? Sur le terrain de l&rsquo;\u00e9cole de l&rsquo;Odyss\u00e9e<\/p>\n\n\n\n<p class=\"wp-block-paragraph\">Nous vous invitons \u00e0 consulter le document en pi\u00e8ce jointe afin de prendre connaissance de toutes les informations utiles. De plus, le lien pour vous inscrire est aussi dans ce document.<\/p>\n\n\n\n<p class=\"wp-block-paragraph\">N&rsquo;h\u00e9sitez pas \u00e0 communiquer avec nous via la messagerie priv\u00e9e de la page Facebook du Mini-Relais si vous avez des questions.<\/p>\n\n\n\n<p class=\"wp-block-paragraph\">Au plaisir!<\/p>\n\n\n\n<p class=\"wp-block-paragraph\">Les enseignant.es de l&rsquo;Odyss\u00e9e et le Parlement \u00e9colier<\/p>\n\n\n\n<div data-wp-interactive=\"core\/file\" class=\"wp-block-file\"><object data-wp-bind--hidden=\"!state.hasPdfPreview\" hidden class=\"wp-block-file__embed\" data=\"https:\/\/cssdn.gouv.qc.ca\/odyssee\/wp-content\/uploads\/sites\/50\/2025\/03\/2025-Description-du-projet-mini-relais-pour-la-vie.pdf\" type=\"application\/pdf\" style=\"width:100%;height:600px\" aria-label=\"Contenu incorpor\u00e9 2025-Description du projet mini-relais pour la vie.\"><\/object><a id=\"wp-block-file--media-932042ac-c14b-4286-a3a3-d7c1bb6f2351\" href=\"https:\/\/cssdn.gouv.qc.ca\/odyssee\/wp-content\/uploads\/sites\/50\/2025\/03\/2025-Description-du-projet-mini-relais-pour-la-vie.pdf\">2025-Description du projet mini-relais pour la vie<\/a><a href=\"https:\/\/cssdn.gouv.qc.ca\/odyssee\/wp-content\/uploads\/sites\/50\/2025\/03\/2025-Description-du-projet-mini-relais-pour-la-vie.pdf\" class=\"wp-block-file__button wp-element-button\" download aria-describedby=\"wp-block-file--media-932042ac-c14b-4286-a3a3-d7c1bb6f2351\">T\u00e9l\u00e9charger<\/a><\/div>\n\n\n\n<h2 class=\"wp-block-heading\">\u00c9cOdyss\u00e9e<\/h2>\n\n\n\n<p class=\"wp-block-paragraph\">Les \u00e9l\u00e8ves du groupe de 5<sup>e<\/sup>-6<sup>e<\/sup> ann\u00e9e, accompagn\u00e9s par Mme \u00c9lise Bilodeau, se lancent dans le compostage. Ils d\u00e9marrent une jeune Coop nomm\u00e9e \u00c9cOdyss\u00e9e!<\/p>\n\n\n\n<p class=\"wp-block-paragraph\">Depuis le d\u00e9but de la semaine, tous les \u00e9l\u00e8ves de l\u2019\u00e9cole sont invit\u00e9s \u00e0 participer au projet en compostant leurs d\u00e9chets. Ainsi, au printemps, il sera possible d&rsquo;utiliser le compost pour la culture de semis.&nbsp; <\/p>\n\n\n\n<figure class=\"wp-block-image size-large\"><img decoding=\"async\" width=\"1024\" height=\"768\" data-src=\"https:\/\/cssdn.gouv.qc.ca\/odyssee\/wp-content\/uploads\/sites\/50\/2024\/01\/Compost-1024x768.jpg\" alt=\"\" class=\"wp-image-230 lazyload\" data-srcset=\"https:\/\/cssdn.gouv.qc.ca\/odyssee\/wp-content\/uploads\/sites\/50\/2024\/01\/Compost-1024x768.jpg 1024w, https:\/\/cssdn.gouv.qc.ca\/odyssee\/wp-content\/uploads\/sites\/50\/2024\/01\/Compost-300x225.jpg 300w, https:\/\/cssdn.gouv.qc.ca\/odyssee\/wp-content\/uploads\/sites\/50\/2024\/01\/Compost-768x576.jpg 768w, https:\/\/cssdn.gouv.qc.ca\/odyssee\/wp-content\/uploads\/sites\/50\/2024\/01\/Compost-1536x1153.jpg 1536w, https:\/\/cssdn.gouv.qc.ca\/odyssee\/wp-content\/uploads\/sites\/50\/2024\/01\/Compost-2048x1537.jpg 2048w\" data-sizes=\"(max-width: 1024px) 100vw, 1024px\" src=\"data:image\/svg+xml;base64,PHN2ZyB3aWR0aD0iMSIgaGVpZ2h0PSIxIiB4bWxucz0iaHR0cDovL3d3dy53My5vcmcvMjAwMC9zdmciPjwvc3ZnPg==\" style=\"--smush-placeholder-width: 1024px; --smush-placeholder-aspect-ratio: 1024\/768;\" \/><\/figure>\n\n\n\n<h2 class=\"wp-block-heading\">Parlement \u00e9colier de l&rsquo;Odyss\u00e9e 2023-2024<\/h2>\n\n\n\n<p class=\"wp-block-paragraph\">Voici les \u00e9l\u00e8ves qui nous repr\u00e9senteront dans le Parlement \u00e9colier cette ann\u00e9e (dans l&rsquo;ordre habituel):<\/p>\n\n\n\n<p class=\"wp-block-paragraph\">\u00c0 l&rsquo;avant: L\u00e9a (pr\u00e9sidente), Sarah et Louka<br>Au centre: Emmanuela et Caroline<br>\u00c0 l&rsquo;arri\u00e8re: Kylan, Adam et Lou\u00e2y<\/p>\n\n\n\n<figure class=\"wp-block-image size-large\"><img decoding=\"async\" width=\"1024\" height=\"768\" data-src=\"https:\/\/cssdn.gouv.qc.ca\/odyssee\/wp-content\/uploads\/sites\/50\/2024\/01\/Parlement-ecolier-2023-2024-1024x768.jpg\" alt=\"\" class=\"wp-image-216 lazyload\" data-srcset=\"https:\/\/cssdn.gouv.qc.ca\/odyssee\/wp-content\/uploads\/sites\/50\/2024\/01\/Parlement-ecolier-2023-2024-1024x768.jpg 1024w, https:\/\/cssdn.gouv.qc.ca\/odyssee\/wp-content\/uploads\/sites\/50\/2024\/01\/Parlement-ecolier-2023-2024-300x225.jpg 300w, https:\/\/cssdn.gouv.qc.ca\/odyssee\/wp-content\/uploads\/sites\/50\/2024\/01\/Parlement-ecolier-2023-2024-768x576.jpg 768w, https:\/\/cssdn.gouv.qc.ca\/odyssee\/wp-content\/uploads\/sites\/50\/2024\/01\/Parlement-ecolier-2023-2024-1536x1152.jpg 1536w, https:\/\/cssdn.gouv.qc.ca\/odyssee\/wp-content\/uploads\/sites\/50\/2024\/01\/Parlement-ecolier-2023-2024.jpg 2048w\" data-sizes=\"(max-width: 1024px) 100vw, 1024px\" src=\"data:image\/svg+xml;base64,PHN2ZyB3aWR0aD0iMSIgaGVpZ2h0PSIxIiB4bWxucz0iaHR0cDovL3d3dy53My5vcmcvMjAwMC9zdmciPjwvc3ZnPg==\" style=\"--smush-placeholder-width: 1024px; --smush-placeholder-aspect-ratio: 1024\/768;\" \/><\/figure>\n","protected":false},"excerpt":{"rendered":"<p>Salon du livre usag\u00e9 de l&rsquo;Odyss\u00e9e &#8211; 27 mars 2025 Pour la premi\u00e8re ann\u00e9e, nous accueillerons le Salon du livre usag\u00e9 ! Afin de pr\u00e9parer cet \u00e9v\u00e9nement, nous avons besoin de votre aide.&nbsp; Si vous avez des livres (pour enfants ou pour adultes) qui ne sont pas ab\u00eem\u00e9s, dont vous d\u00e9sirez vous d\u00e9partir, nous sommes [&hellip;]<\/p>\n","protected":false},"author":1,"featured_media":0,"parent":0,"menu_order":50,"comment_status":"closed","ping_status":"closed","template":"","meta":{"_acf_changed":false,"_crdt_document":"","inline_featured_image":false,"footnotes":""},"categories":[],"tags":[],"class_list":["post-17","page","type-page","status-publish","hentry"],"acf":[],"yoast_head":"<!-- This site is optimized with the Yoast SEO plugin v27.4 - https:\/\/yoast.com\/product\/yoast-seo-wordpress\/ -->\n<title>Vie scolaire - \u00c9cole de l\u2019Odyss\u00e9e<\/title>\n<meta name=\"robots\" content=\"index, follow, max-snippet:-1, max-image-preview:large, max-video-preview:-1\" \/>\n<link rel=\"canonical\" href=\"https:\/\/cssdn.gouv.qc.ca\/odyssee\/vie-scolaire\/\" \/>\n<meta property=\"og:locale\" content=\"fr_CA\" \/>\n<meta property=\"og:type\" content=\"article\" \/>\n<meta property=\"og:title\" content=\"Vie scolaire - \u00c9cole de l\u2019Odyss\u00e9e\" \/>\n<meta property=\"og:description\" content=\"Salon du livre usag\u00e9 de l&rsquo;Odyss\u00e9e &#8211; 27 mars 2025 Pour la premi\u00e8re ann\u00e9e, nous accueillerons le Salon du livre usag\u00e9 ! Afin de pr\u00e9parer cet \u00e9v\u00e9nement, nous avons besoin de votre aide.&nbsp; Si vous avez des livres (pour enfants ou pour adultes) qui ne sont pas ab\u00eem\u00e9s, dont vous d\u00e9sirez vous d\u00e9partir, nous sommes [&hellip;]\" \/>\n<meta property=\"og:url\" content=\"https:\/\/cssdn.gouv.qc.ca\/odyssee\/vie-scolaire\/\" \/>\n<meta property=\"og:site_name\" content=\"\u00c9cole de l\u2019Odyss\u00e9e\" \/>\n<meta property=\"article:publisher\" content=\"https:\/\/www.facebook.com\/profile.php?id=100034650562063\" \/>\n<meta property=\"article:modified_time\" content=\"2025-03-14T17:18:16+00:00\" \/>\n<meta property=\"og:image\" content=\"https:\/\/cssdn.gouv.qc.ca\/odyssee\/wp-content\/uploads\/sites\/50\/2022\/12\/ODYSSEE.jpg\" \/>\n\t<meta property=\"og:image:width\" content=\"1417\" \/>\n\t<meta property=\"og:image:height\" content=\"794\" \/>\n\t<meta property=\"og:image:type\" content=\"image\/jpeg\" \/>\n<meta name=\"twitter:card\" content=\"summary_large_image\" \/>\n<meta name=\"twitter:label1\" content=\"Estimation du temps de lecture\" \/>\n\t<meta name=\"twitter:data1\" content=\"3 minutes\" \/>\n<script type=\"application\/ld+json\" class=\"yoast-schema-graph\">{\"@context\":\"https:\\\/\\\/schema.org\",\"@graph\":[{\"@type\":\"WebPage\",\"@id\":\"https:\\\/\\\/cssdn.gouv.qc.ca\\\/odyssee\\\/vie-scolaire\\\/\",\"url\":\"https:\\\/\\\/cssdn.gouv.qc.ca\\\/odyssee\\\/vie-scolaire\\\/\",\"name\":\"Vie scolaire - \u00c9cole de l\u2019Odyss\u00e9e\",\"isPartOf\":{\"@id\":\"https:\\\/\\\/cssdn.gouv.qc.ca\\\/odyssee\\\/#website\"},\"primaryImageOfPage\":{\"@id\":\"https:\\\/\\\/cssdn.gouv.qc.ca\\\/odyssee\\\/vie-scolaire\\\/#primaryimage\"},\"image\":{\"@id\":\"https:\\\/\\\/cssdn.gouv.qc.ca\\\/odyssee\\\/vie-scolaire\\\/#primaryimage\"},\"thumbnailUrl\":\"https:\\\/\\\/cssdn.gouv.qc.ca\\\/wp-content\\\/uploads\\\/2022\\\/08\\\/Seawire-Hero-06.jpg\",\"datePublished\":\"2022-11-08T21:07:56+00:00\",\"dateModified\":\"2025-03-14T17:18:16+00:00\",\"breadcrumb\":{\"@id\":\"https:\\\/\\\/cssdn.gouv.qc.ca\\\/odyssee\\\/vie-scolaire\\\/#breadcrumb\"},\"inLanguage\":\"fr-CA\",\"potentialAction\":[{\"@type\":\"ReadAction\",\"target\":[\"https:\\\/\\\/cssdn.gouv.qc.ca\\\/odyssee\\\/vie-scolaire\\\/\"]}]},{\"@type\":\"ImageObject\",\"inLanguage\":\"fr-CA\",\"@id\":\"https:\\\/\\\/cssdn.gouv.qc.ca\\\/odyssee\\\/vie-scolaire\\\/#primaryimage\",\"url\":\"https:\\\/\\\/cssdn.gouv.qc.ca\\\/wp-content\\\/uploads\\\/2022\\\/08\\\/Seawire-Hero-06.jpg\",\"contentUrl\":\"https:\\\/\\\/cssdn.gouv.qc.ca\\\/wp-content\\\/uploads\\\/2022\\\/08\\\/Seawire-Hero-06.jpg\"},{\"@type\":\"BreadcrumbList\",\"@id\":\"https:\\\/\\\/cssdn.gouv.qc.ca\\\/odyssee\\\/vie-scolaire\\\/#breadcrumb\",\"itemListElement\":[{\"@type\":\"ListItem\",\"position\":1,\"name\":\"Accueil\",\"item\":\"https:\\\/\\\/cssdn.gouv.qc.ca\\\/odyssee\\\/\"},{\"@type\":\"ListItem\",\"position\":2,\"name\":\"Vie scolaire\"}]},{\"@type\":\"WebSite\",\"@id\":\"https:\\\/\\\/cssdn.gouv.qc.ca\\\/odyssee\\\/#website\",\"url\":\"https:\\\/\\\/cssdn.gouv.qc.ca\\\/odyssee\\\/\",\"name\":\"\u00c9cole de l\u2019Odyss\u00e9e\",\"description\":\"Un site des centres de services scolaires des Navigateurs\",\"publisher\":{\"@id\":\"https:\\\/\\\/cssdn.gouv.qc.ca\\\/odyssee\\\/#organization\"},\"potentialAction\":[{\"@type\":\"SearchAction\",\"target\":{\"@type\":\"EntryPoint\",\"urlTemplate\":\"https:\\\/\\\/cssdn.gouv.qc.ca\\\/odyssee\\\/?s={search_term_string}\"},\"query-input\":{\"@type\":\"PropertyValueSpecification\",\"valueRequired\":true,\"valueName\":\"search_term_string\"}}],\"inLanguage\":\"fr-CA\"},{\"@type\":\"Organization\",\"@id\":\"https:\\\/\\\/cssdn.gouv.qc.ca\\\/odyssee\\\/#organization\",\"name\":\"\u00c9cole de l\u2019Odyss\u00e9e\",\"url\":\"https:\\\/\\\/cssdn.gouv.qc.ca\\\/odyssee\\\/\",\"logo\":{\"@type\":\"ImageObject\",\"inLanguage\":\"fr-CA\",\"@id\":\"https:\\\/\\\/cssdn.gouv.qc.ca\\\/odyssee\\\/#\\\/schema\\\/logo\\\/image\\\/\",\"url\":\"https:\\\/\\\/cssdn.gouv.qc.ca\\\/odyssee\\\/wp-content\\\/uploads\\\/sites\\\/50\\\/2023\\\/01\\\/logo_quebec.svg\",\"contentUrl\":\"https:\\\/\\\/cssdn.gouv.qc.ca\\\/odyssee\\\/wp-content\\\/uploads\\\/sites\\\/50\\\/2023\\\/01\\\/logo_quebec.svg\",\"width\":188,\"height\":41,\"caption\":\"\u00c9cole de l\u2019Odyss\u00e9e\"},\"image\":{\"@id\":\"https:\\\/\\\/cssdn.gouv.qc.ca\\\/odyssee\\\/#\\\/schema\\\/logo\\\/image\\\/\"},\"sameAs\":[\"https:\\\/\\\/www.facebook.com\\\/profile.php?id=100034650562063\"]}]}<\/script>\n<!-- \/ Yoast SEO plugin. -->","yoast_head_json":{"title":"Vie scolaire - \u00c9cole de l\u2019Odyss\u00e9e","robots":{"index":"index","follow":"follow","max-snippet":"max-snippet:-1","max-image-preview":"max-image-preview:large","max-video-preview":"max-video-preview:-1"},"canonical":"https:\/\/cssdn.gouv.qc.ca\/odyssee\/vie-scolaire\/","og_locale":"fr_CA","og_type":"article","og_title":"Vie scolaire - \u00c9cole de l\u2019Odyss\u00e9e","og_description":"Salon du livre usag\u00e9 de l&rsquo;Odyss\u00e9e &#8211; 27 mars 2025 Pour la premi\u00e8re ann\u00e9e, nous accueillerons le Salon du livre usag\u00e9 ! Afin de pr\u00e9parer cet \u00e9v\u00e9nement, nous avons besoin de votre aide.&nbsp; Si vous avez des livres (pour enfants ou pour adultes) qui ne sont pas ab\u00eem\u00e9s, dont vous d\u00e9sirez vous d\u00e9partir, nous sommes [&hellip;]","og_url":"https:\/\/cssdn.gouv.qc.ca\/odyssee\/vie-scolaire\/","og_site_name":"\u00c9cole de l\u2019Odyss\u00e9e","article_publisher":"https:\/\/www.facebook.com\/profile.php?id=100034650562063","article_modified_time":"2025-03-14T17:18:16+00:00","og_image":[{"width":1417,"height":794,"url":"https:\/\/cssdn.gouv.qc.ca\/odyssee\/wp-content\/uploads\/sites\/50\/2022\/12\/ODYSSEE.jpg","type":"image\/jpeg"}],"twitter_card":"summary_large_image","twitter_misc":{"Estimation du temps de lecture":"3 minutes"},"schema":{"@context":"https:\/\/schema.org","@graph":[{"@type":"WebPage","@id":"https:\/\/cssdn.gouv.qc.ca\/odyssee\/vie-scolaire\/","url":"https:\/\/cssdn.gouv.qc.ca\/odyssee\/vie-scolaire\/","name":"Vie scolaire - \u00c9cole de l\u2019Odyss\u00e9e","isPartOf":{"@id":"https:\/\/cssdn.gouv.qc.ca\/odyssee\/#website"},"primaryImageOfPage":{"@id":"https:\/\/cssdn.gouv.qc.ca\/odyssee\/vie-scolaire\/#primaryimage"},"image":{"@id":"https:\/\/cssdn.gouv.qc.ca\/odyssee\/vie-scolaire\/#primaryimage"},"thumbnailUrl":"https:\/\/cssdn.gouv.qc.ca\/wp-content\/uploads\/2022\/08\/Seawire-Hero-06.jpg","datePublished":"2022-11-08T21:07:56+00:00","dateModified":"2025-03-14T17:18:16+00:00","breadcrumb":{"@id":"https:\/\/cssdn.gouv.qc.ca\/odyssee\/vie-scolaire\/#breadcrumb"},"inLanguage":"fr-CA","potentialAction":[{"@type":"ReadAction","target":["https:\/\/cssdn.gouv.qc.ca\/odyssee\/vie-scolaire\/"]}]},{"@type":"ImageObject","inLanguage":"fr-CA","@id":"https:\/\/cssdn.gouv.qc.ca\/odyssee\/vie-scolaire\/#primaryimage","url":"https:\/\/cssdn.gouv.qc.ca\/wp-content\/uploads\/2022\/08\/Seawire-Hero-06.jpg","contentUrl":"https:\/\/cssdn.gouv.qc.ca\/wp-content\/uploads\/2022\/08\/Seawire-Hero-06.jpg"},{"@type":"BreadcrumbList","@id":"https:\/\/cssdn.gouv.qc.ca\/odyssee\/vie-scolaire\/#breadcrumb","itemListElement":[{"@type":"ListItem","position":1,"name":"Accueil","item":"https:\/\/cssdn.gouv.qc.ca\/odyssee\/"},{"@type":"ListItem","position":2,"name":"Vie scolaire"}]},{"@type":"WebSite","@id":"https:\/\/cssdn.gouv.qc.ca\/odyssee\/#website","url":"https:\/\/cssdn.gouv.qc.ca\/odyssee\/","name":"\u00c9cole de l\u2019Odyss\u00e9e","description":"Un site des centres de services scolaires des Navigateurs","publisher":{"@id":"https:\/\/cssdn.gouv.qc.ca\/odyssee\/#organization"},"potentialAction":[{"@type":"SearchAction","target":{"@type":"EntryPoint","urlTemplate":"https:\/\/cssdn.gouv.qc.ca\/odyssee\/?s={search_term_string}"},"query-input":{"@type":"PropertyValueSpecification","valueRequired":true,"valueName":"search_term_string"}}],"inLanguage":"fr-CA"},{"@type":"Organization","@id":"https:\/\/cssdn.gouv.qc.ca\/odyssee\/#organization","name":"\u00c9cole de l\u2019Odyss\u00e9e","url":"https:\/\/cssdn.gouv.qc.ca\/odyssee\/","logo":{"@type":"ImageObject","inLanguage":"fr-CA","@id":"https:\/\/cssdn.gouv.qc.ca\/odyssee\/#\/schema\/logo\/image\/","url":"https:\/\/cssdn.gouv.qc.ca\/odyssee\/wp-content\/uploads\/sites\/50\/2023\/01\/logo_quebec.svg","contentUrl":"https:\/\/cssdn.gouv.qc.ca\/odyssee\/wp-content\/uploads\/sites\/50\/2023\/01\/logo_quebec.svg","width":188,"height":41,"caption":"\u00c9cole de l\u2019Odyss\u00e9e"},"image":{"@id":"https:\/\/cssdn.gouv.qc.ca\/odyssee\/#\/schema\/logo\/image\/"},"sameAs":["https:\/\/www.facebook.com\/profile.php?id=100034650562063"]}]}},"publishpress_future_action":{"enabled":false,"date":"2026-04-25 18:28:28","action":"change-status","newStatus":"draft","terms":[],"taxonomy":"category","extraData":[]},"publishpress_future_workflow_manual_trigger":{"enabledWorkflows":[]},"_links":{"self":[{"href":"https:\/\/cssdn.gouv.qc.ca\/odyssee\/wp-json\/wp\/v2\/pages\/17","targetHints":{"allow":["GET"]}}],"collection":[{"href":"https:\/\/cssdn.gouv.qc.ca\/odyssee\/wp-json\/wp\/v2\/pages"}],"about":[{"href":"https:\/\/cssdn.gouv.qc.ca\/odyssee\/wp-json\/wp\/v2\/types\/page"}],"author":[{"embeddable":true,"href":"https:\/\/cssdn.gouv.qc.ca\/odyssee\/wp-json\/wp\/v2\/users\/1"}],"replies":[{"embeddable":true,"href":"https:\/\/cssdn.gouv.qc.ca\/odyssee\/wp-json\/wp\/v2\/comments?post=17"}],"version-history":[{"count":0,"href":"https:\/\/cssdn.gouv.qc.ca\/odyssee\/wp-json\/wp\/v2\/pages\/17\/revisions"}],"wp:attachment":[{"href":"https:\/\/cssdn.gouv.qc.ca\/odyssee\/wp-json\/wp\/v2\/media?parent=17"}],"wp:term":[{"taxonomy":"category","embeddable":true,"href":"https:\/\/cssdn.gouv.qc.ca\/odyssee\/wp-json\/wp\/v2\/categories?post=17"},{"taxonomy":"post_tag","embeddable":true,"href":"https:\/\/cssdn.gouv.qc.ca\/odyssee\/wp-json\/wp\/v2\/tags?post=17"}],"curies":[{"name":"wp","href":"https:\/\/api.w.org\/{rel}","templated":true}]}}