
{"id":11,"date":"2022-11-08T16:07:54","date_gmt":"2022-11-08T21:07:54","guid":{"rendered":"https:\/\/cssdn.gouv.qc.ca\/petitscheminots\/a-propos\/documentation-et-rapport-annuel\/"},"modified":"2025-11-03T13:05:45","modified_gmt":"2025-11-03T18:05:45","slug":"documentation-et-rapport-annuel","status":"publish","type":"page","link":"https:\/\/cssdn.gouv.qc.ca\/petitscheminots\/a-propos\/documentation-et-rapport-annuel\/","title":{"rendered":"Documentation officielle"},"content":{"rendered":"\n<div class=\"wp-block-cover alignfull is-light is-style-title-banner\"><img decoding=\"async\" class=\"wp-block-cover__image-background wp-image-111 lazyload\" alt=\"\" data-src=\"https:\/\/cssdn.gouv.qc.ca\/wp-content\/uploads\/2022\/08\/Seawire-Hero-06.jpg\" data-object-fit=\"cover\" src=\"data:image\/svg+xml;base64,PHN2ZyB3aWR0aD0iMSIgaGVpZ2h0PSIxIiB4bWxucz0iaHR0cDovL3d3dy53My5vcmcvMjAwMC9zdmciPjwvc3ZnPg==\" \/><span aria-hidden=\"true\" class=\"wp-block-cover__background has-primary-background-color has-background-dim\"><\/span><div class=\"wp-block-cover__inner-container\">\n<h2 class=\"wp-block-heading has-white-color has-text-color\">Documentation officielle<\/h2>\n<\/div><\/div>\n\n\n\n<div class=\"wp-block-group alignfull has-padding-y-large has-secondary-background-color has-background\"><div class=\"yoast-breadcrumbs alignwide \"><span class=\"breadcrumbs\"><a href=\"https:\/\/cssdn.gouv.qc.ca\/petitscheminots\/\" class=\"breadcrumbs__element\">Accueil<\/a> <span class=\"breadcrumbs__separator\">\n        <svg class=\"icon icon-breadcrumb__separator\"><use xlink:href=\"#icon-breadcrumb__separator\"><\/use><\/svg>\n    <\/span> <a href=\"https:\/\/cssdn.gouv.qc.ca\/petitscheminots\/a-propos\/\" class=\"breadcrumbs__element\">\u00c0 propos<\/a> <span class=\"breadcrumbs__separator\">\n        <svg class=\"icon icon-breadcrumb__separator\"><use xlink:href=\"#icon-breadcrumb__separator\"><\/use><\/svg>\n    <\/span> <span class=\"breadcrumbs__element breadcrumbs__element-current\">Documentation officielle<\/span><\/span><\/div><\/div>\n\n\n\n<h1 class=\"wp-block-heading\">Projet \u00e9ducatif<\/h1>\n\n\n\n<div class=\"wp-block-file\"><a id=\"wp-block-file--media-0a413f80-bc57-4b86-b99d-8b5a5b173ac9\" href=\"https:\/\/cssdn.gouv.qc.ca\/petitscheminots\/wp-content\/uploads\/sites\/51\/2024\/07\/Projet-educatif-2023-2027-045.pdf\">Projet \u00e9ducatif 2023-2027 &#8211;<\/a><a href=\"https:\/\/cssdn.gouv.qc.ca\/petitscheminots\/wp-content\/uploads\/sites\/51\/2024\/07\/Projet-educatif-2023-2027-045.pdf\" class=\"wp-block-file__button wp-element-button\" download aria-describedby=\"wp-block-file--media-0a413f80-bc57-4b86-b99d-8b5a5b173ac9\">Download<\/a><\/div>\n\n\n\n<h2 class=\"wp-block-heading\">Rapport annuel de gestion du conseil d\u2019\u00e9tablissement<\/h2>\n\n\n\n<div class=\"wp-block-file\"><a id=\"wp-block-file--media-1a29b8ee-9c7a-422c-bb96-af4c6536b36b\" href=\"https:\/\/cssdn.gouv.qc.ca\/petitscheminots\/wp-content\/uploads\/sites\/51\/2025\/11\/MEQ_Rapport-annuel-CE-2024-2025.pdf\">MEQ_Rapport-annuel-CE-2024-2025<\/a><a href=\"https:\/\/cssdn.gouv.qc.ca\/petitscheminots\/wp-content\/uploads\/sites\/51\/2025\/11\/MEQ_Rapport-annuel-CE-2024-2025.pdf\" class=\"wp-block-file__button wp-element-button\" download aria-describedby=\"wp-block-file--media-1a29b8ee-9c7a-422c-bb96-af4c6536b36b\">Download<\/a><\/div>\n\n\n\n<h2 class=\"wp-block-heading\">Redditions de comptes du projet \u00e9ducatif<\/h2>\n\n\n\n<div class=\"wp-block-file\"><a id=\"wp-block-file--media-eda6370c-27fe-4e5c-b0a6-35740ce4d9e7\" href=\"https:\/\/cssdn.gouv.qc.ca\/petitscheminots\/wp-content\/uploads\/sites\/51\/2025\/11\/Reddition-de-comptes-du-projet-educatif-2024-2025.pdf\">Reddition de comptes du projet \u00e9ducatif &#8211; 2024-2025<\/a><a href=\"https:\/\/cssdn.gouv.qc.ca\/petitscheminots\/wp-content\/uploads\/sites\/51\/2025\/11\/Reddition-de-comptes-du-projet-educatif-2024-2025.pdf\" class=\"wp-block-file__button wp-element-button\" download aria-describedby=\"wp-block-file--media-eda6370c-27fe-4e5c-b0a6-35740ce4d9e7\">Download<\/a><\/div>\n\n\n\n<div class=\"wp-block-file\"><a id=\"wp-block-file--media-fd59ce76-f078-4cd2-82bd-eef9fffb2bd4\" href=\"https:\/\/cssdn.gouv.qc.ca\/petitscheminots\/wp-content\/uploads\/sites\/51\/2023\/12\/16-petits-cheminots_22-23V2.pdf\">2022-2023<\/a><a href=\"https:\/\/cssdn.gouv.qc.ca\/petitscheminots\/wp-content\/uploads\/sites\/51\/2023\/12\/16-petits-cheminots_22-23V2.pdf\" class=\"wp-block-file__button wp-element-button\" download aria-describedby=\"wp-block-file--media-fd59ce76-f078-4cd2-82bd-eef9fffb2bd4\">T\u00e9l\u00e9charger<\/a><\/div>\n\n\n\n<div class=\"wp-block-file\"><a id=\"wp-block-file--media-6a924bcb-e52e-4be8-ac4d-46a33a397a09\" href=\"https:\/\/cssdn.gouv.qc.ca\/petitscheminots\/wp-content\/uploads\/sites\/51\/2023\/02\/2021-2022_rcpe_petits-cheminots_v03.pdf\">2021-2022<\/a><a href=\"https:\/\/cssdn.gouv.qc.ca\/petitscheminots\/wp-content\/uploads\/sites\/51\/2023\/02\/2021-2022_rcpe_petits-cheminots_v03.pdf\" class=\"wp-block-file__button wp-element-button\" download aria-describedby=\"wp-block-file--media-6a924bcb-e52e-4be8-ac4d-46a33a397a09\">Download<\/a><\/div>\n\n\n\n<h1 class=\"wp-block-heading\">Plan de lutte contre la violence et l\u2019intimidation \u00e0 l\u2019\u00e9cole<\/h1>\n\n\n\n<div class=\"wp-block-file\"><a id=\"wp-block-file--media-ac31ed29-57d9-49eb-8b9d-5331c83ce854\" href=\"https:\/\/cssdn.gouv.qc.ca\/petitscheminots\/wp-content\/uploads\/sites\/51\/2025\/07\/Plan-daction-pour-un-climat-positif-2025-2026-Ecole-des-Petits-Cheminots.pdf\">Plan d&rsquo;action pour un climat positif 2025-2026 &#8211; \u00c9cole des Petits-Cheminots<\/a><a href=\"https:\/\/cssdn.gouv.qc.ca\/petitscheminots\/wp-content\/uploads\/sites\/51\/2025\/07\/Plan-daction-pour-un-climat-positif-2025-2026-Ecole-des-Petits-Cheminots.pdf\" class=\"wp-block-file__button wp-element-button\" download aria-describedby=\"wp-block-file--media-ac31ed29-57d9-49eb-8b9d-5331c83ce854\">Download<\/a><\/div>\n\n\n\n<h2 class=\"wp-block-heading\">Code de vie<\/h2>\n\n\n\n<h2 class=\"wp-block-heading\">Document explicatif aux parents et aux \u00e9l\u00e8ves<\/h2>\n\n\n\n<h2 class=\"wp-block-heading\">Rapports annuels<\/h2>\n\n\n\n<ul class=\"wp-block-list\">\n<li><a href=\"https:\/\/cssdn.gouv.qc.ca\/petitscheminots\/wp-content\/uploads\/sites\/51\/2023\/02\/2021-2022_rcpe_petits-cheminots_v03.pdf\" target=\"_blank\" rel=\"noreferrer noopener\">2021-2022<\/a><\/li>\n<\/ul>\n","protected":false},"excerpt":{"rendered":"<p>Projet \u00e9ducatif Rapport annuel de gestion du conseil d\u2019\u00e9tablissement Redditions de comptes du projet \u00e9ducatif Plan de lutte contre la violence et l\u2019intimidation \u00e0 l\u2019\u00e9cole Code de vie Document explicatif aux parents et aux \u00e9l\u00e8ves Rapports annuels<\/p>\n","protected":false},"author":1,"featured_media":0,"parent":6,"menu_order":0,"comment_status":"closed","ping_status":"closed","template":"","meta":{"_acf_changed":false,"_crdt_document":"","inline_featured_image":false,"footnotes":""},"categories":[],"tags":[],"class_list":["post-11","page","type-page","status-publish","hentry"],"acf":[],"yoast_head":"<!-- This site is optimized with the Yoast SEO plugin v27.3 - https:\/\/yoast.com\/product\/yoast-seo-wordpress\/ -->\n<title>Documentation officielle - \u00c9cole des Petits-Cheminots<\/title>\n<meta name=\"robots\" content=\"index, follow, max-snippet:-1, max-image-preview:large, max-video-preview:-1\" \/>\n<link rel=\"canonical\" href=\"https:\/\/cssdn.gouv.qc.ca\/petitscheminots\/a-propos\/documentation-et-rapport-annuel\/\" \/>\n<meta property=\"og:locale\" content=\"fr_CA\" \/>\n<meta property=\"og:type\" content=\"article\" \/>\n<meta property=\"og:title\" content=\"Documentation officielle - \u00c9cole des Petits-Cheminots\" \/>\n<meta property=\"og:description\" content=\"Projet \u00e9ducatif Rapport annuel de gestion du conseil d\u2019\u00e9tablissement Redditions de comptes du projet \u00e9ducatif Plan de lutte contre la violence et l\u2019intimidation \u00e0 l\u2019\u00e9cole Code de vie Document explicatif aux parents et aux \u00e9l\u00e8ves Rapports annuels\" \/>\n<meta property=\"og:url\" content=\"https:\/\/cssdn.gouv.qc.ca\/petitscheminots\/a-propos\/documentation-et-rapport-annuel\/\" \/>\n<meta property=\"og:site_name\" content=\"\u00c9cole des Petits-Cheminots\" \/>\n<meta property=\"article:publisher\" content=\"https:\/\/www.facebook.com\/petitscheminots\" \/>\n<meta property=\"article:modified_time\" content=\"2025-11-03T18:05:45+00:00\" \/>\n<meta name=\"twitter:card\" content=\"summary_large_image\" \/>\n<meta name=\"twitter:label1\" content=\"Estimation du temps de lecture\" \/>\n\t<meta name=\"twitter:data1\" content=\"1 minute\" \/>\n<script type=\"application\/ld+json\" class=\"yoast-schema-graph\">{\"@context\":\"https:\\\/\\\/schema.org\",\"@graph\":[{\"@type\":\"WebPage\",\"@id\":\"https:\\\/\\\/cssdn.gouv.qc.ca\\\/petitscheminots\\\/a-propos\\\/documentation-et-rapport-annuel\\\/\",\"url\":\"https:\\\/\\\/cssdn.gouv.qc.ca\\\/petitscheminots\\\/a-propos\\\/documentation-et-rapport-annuel\\\/\",\"name\":\"Documentation officielle - \u00c9cole des Petits-Cheminots\",\"isPartOf\":{\"@id\":\"https:\\\/\\\/cssdn.gouv.qc.ca\\\/petitscheminots\\\/#website\"},\"primaryImageOfPage\":{\"@id\":\"https:\\\/\\\/cssdn.gouv.qc.ca\\\/petitscheminots\\\/a-propos\\\/documentation-et-rapport-annuel\\\/#primaryimage\"},\"image\":{\"@id\":\"https:\\\/\\\/cssdn.gouv.qc.ca\\\/petitscheminots\\\/a-propos\\\/documentation-et-rapport-annuel\\\/#primaryimage\"},\"thumbnailUrl\":\"https:\\\/\\\/cssdn.gouv.qc.ca\\\/wp-content\\\/uploads\\\/2022\\\/08\\\/Seawire-Hero-06.jpg\",\"datePublished\":\"2022-11-08T21:07:54+00:00\",\"dateModified\":\"2025-11-03T18:05:45+00:00\",\"breadcrumb\":{\"@id\":\"https:\\\/\\\/cssdn.gouv.qc.ca\\\/petitscheminots\\\/a-propos\\\/documentation-et-rapport-annuel\\\/#breadcrumb\"},\"inLanguage\":\"fr-CA\",\"potentialAction\":[{\"@type\":\"ReadAction\",\"target\":[\"https:\\\/\\\/cssdn.gouv.qc.ca\\\/petitscheminots\\\/a-propos\\\/documentation-et-rapport-annuel\\\/\"]}]},{\"@type\":\"ImageObject\",\"inLanguage\":\"fr-CA\",\"@id\":\"https:\\\/\\\/cssdn.gouv.qc.ca\\\/petitscheminots\\\/a-propos\\\/documentation-et-rapport-annuel\\\/#primaryimage\",\"url\":\"https:\\\/\\\/cssdn.gouv.qc.ca\\\/wp-content\\\/uploads\\\/2022\\\/08\\\/Seawire-Hero-06.jpg\",\"contentUrl\":\"https:\\\/\\\/cssdn.gouv.qc.ca\\\/wp-content\\\/uploads\\\/2022\\\/08\\\/Seawire-Hero-06.jpg\"},{\"@type\":\"BreadcrumbList\",\"@id\":\"https:\\\/\\\/cssdn.gouv.qc.ca\\\/petitscheminots\\\/a-propos\\\/documentation-et-rapport-annuel\\\/#breadcrumb\",\"itemListElement\":[{\"@type\":\"ListItem\",\"position\":1,\"name\":\"Accueil\",\"item\":\"https:\\\/\\\/cssdn.gouv.qc.ca\\\/petitscheminots\\\/\"},{\"@type\":\"ListItem\",\"position\":2,\"name\":\"\u00c0 propos\",\"item\":\"https:\\\/\\\/cssdn.gouv.qc.ca\\\/petitscheminots\\\/a-propos\\\/\"},{\"@type\":\"ListItem\",\"position\":3,\"name\":\"Documentation officielle\"}]},{\"@type\":\"WebSite\",\"@id\":\"https:\\\/\\\/cssdn.gouv.qc.ca\\\/petitscheminots\\\/#website\",\"url\":\"https:\\\/\\\/cssdn.gouv.qc.ca\\\/petitscheminots\\\/\",\"name\":\"\u00c9cole des Petits-Cheminots\",\"description\":\"Un site des centres de services scolaires des Navigateurs\",\"publisher\":{\"@id\":\"https:\\\/\\\/cssdn.gouv.qc.ca\\\/petitscheminots\\\/#organization\"},\"potentialAction\":[{\"@type\":\"SearchAction\",\"target\":{\"@type\":\"EntryPoint\",\"urlTemplate\":\"https:\\\/\\\/cssdn.gouv.qc.ca\\\/petitscheminots\\\/?s={search_term_string}\"},\"query-input\":{\"@type\":\"PropertyValueSpecification\",\"valueRequired\":true,\"valueName\":\"search_term_string\"}}],\"inLanguage\":\"fr-CA\"},{\"@type\":\"Organization\",\"@id\":\"https:\\\/\\\/cssdn.gouv.qc.ca\\\/petitscheminots\\\/#organization\",\"name\":\"\u00c9cole des Petits-Cheminots\",\"url\":\"https:\\\/\\\/cssdn.gouv.qc.ca\\\/petitscheminots\\\/\",\"logo\":{\"@type\":\"ImageObject\",\"inLanguage\":\"fr-CA\",\"@id\":\"https:\\\/\\\/cssdn.gouv.qc.ca\\\/petitscheminots\\\/#\\\/schema\\\/logo\\\/image\\\/\",\"url\":\"https:\\\/\\\/cssdn.gouv.qc.ca\\\/petitscheminots\\\/wp-content\\\/uploads\\\/sites\\\/51\\\/2023\\\/01\\\/logo_quebec.svg\",\"contentUrl\":\"https:\\\/\\\/cssdn.gouv.qc.ca\\\/petitscheminots\\\/wp-content\\\/uploads\\\/sites\\\/51\\\/2023\\\/01\\\/logo_quebec.svg\",\"width\":188,\"height\":41,\"caption\":\"\u00c9cole des Petits-Cheminots\"},\"image\":{\"@id\":\"https:\\\/\\\/cssdn.gouv.qc.ca\\\/petitscheminots\\\/#\\\/schema\\\/logo\\\/image\\\/\"},\"sameAs\":[\"https:\\\/\\\/www.facebook.com\\\/petitscheminots\"]}]}<\/script>\n<!-- \/ Yoast SEO plugin. -->","yoast_head_json":{"title":"Documentation officielle - \u00c9cole des Petits-Cheminots","robots":{"index":"index","follow":"follow","max-snippet":"max-snippet:-1","max-image-preview":"max-image-preview:large","max-video-preview":"max-video-preview:-1"},"canonical":"https:\/\/cssdn.gouv.qc.ca\/petitscheminots\/a-propos\/documentation-et-rapport-annuel\/","og_locale":"fr_CA","og_type":"article","og_title":"Documentation officielle - \u00c9cole des Petits-Cheminots","og_description":"Projet \u00e9ducatif Rapport annuel de gestion du conseil d\u2019\u00e9tablissement Redditions de comptes du projet \u00e9ducatif Plan de lutte contre la violence et l\u2019intimidation \u00e0 l\u2019\u00e9cole Code de vie Document explicatif aux parents et aux \u00e9l\u00e8ves Rapports annuels","og_url":"https:\/\/cssdn.gouv.qc.ca\/petitscheminots\/a-propos\/documentation-et-rapport-annuel\/","og_site_name":"\u00c9cole des Petits-Cheminots","article_publisher":"https:\/\/www.facebook.com\/petitscheminots","article_modified_time":"2025-11-03T18:05:45+00:00","twitter_card":"summary_large_image","twitter_misc":{"Estimation du temps de lecture":"1 minute"},"schema":{"@context":"https:\/\/schema.org","@graph":[{"@type":"WebPage","@id":"https:\/\/cssdn.gouv.qc.ca\/petitscheminots\/a-propos\/documentation-et-rapport-annuel\/","url":"https:\/\/cssdn.gouv.qc.ca\/petitscheminots\/a-propos\/documentation-et-rapport-annuel\/","name":"Documentation officielle - \u00c9cole des Petits-Cheminots","isPartOf":{"@id":"https:\/\/cssdn.gouv.qc.ca\/petitscheminots\/#website"},"primaryImageOfPage":{"@id":"https:\/\/cssdn.gouv.qc.ca\/petitscheminots\/a-propos\/documentation-et-rapport-annuel\/#primaryimage"},"image":{"@id":"https:\/\/cssdn.gouv.qc.ca\/petitscheminots\/a-propos\/documentation-et-rapport-annuel\/#primaryimage"},"thumbnailUrl":"https:\/\/cssdn.gouv.qc.ca\/wp-content\/uploads\/2022\/08\/Seawire-Hero-06.jpg","datePublished":"2022-11-08T21:07:54+00:00","dateModified":"2025-11-03T18:05:45+00:00","breadcrumb":{"@id":"https:\/\/cssdn.gouv.qc.ca\/petitscheminots\/a-propos\/documentation-et-rapport-annuel\/#breadcrumb"},"inLanguage":"fr-CA","potentialAction":[{"@type":"ReadAction","target":["https:\/\/cssdn.gouv.qc.ca\/petitscheminots\/a-propos\/documentation-et-rapport-annuel\/"]}]},{"@type":"ImageObject","inLanguage":"fr-CA","@id":"https:\/\/cssdn.gouv.qc.ca\/petitscheminots\/a-propos\/documentation-et-rapport-annuel\/#primaryimage","url":"https:\/\/cssdn.gouv.qc.ca\/wp-content\/uploads\/2022\/08\/Seawire-Hero-06.jpg","contentUrl":"https:\/\/cssdn.gouv.qc.ca\/wp-content\/uploads\/2022\/08\/Seawire-Hero-06.jpg"},{"@type":"BreadcrumbList","@id":"https:\/\/cssdn.gouv.qc.ca\/petitscheminots\/a-propos\/documentation-et-rapport-annuel\/#breadcrumb","itemListElement":[{"@type":"ListItem","position":1,"name":"Accueil","item":"https:\/\/cssdn.gouv.qc.ca\/petitscheminots\/"},{"@type":"ListItem","position":2,"name":"\u00c0 propos","item":"https:\/\/cssdn.gouv.qc.ca\/petitscheminots\/a-propos\/"},{"@type":"ListItem","position":3,"name":"Documentation officielle"}]},{"@type":"WebSite","@id":"https:\/\/cssdn.gouv.qc.ca\/petitscheminots\/#website","url":"https:\/\/cssdn.gouv.qc.ca\/petitscheminots\/","name":"\u00c9cole des Petits-Cheminots","description":"Un site des centres de services scolaires des Navigateurs","publisher":{"@id":"https:\/\/cssdn.gouv.qc.ca\/petitscheminots\/#organization"},"potentialAction":[{"@type":"SearchAction","target":{"@type":"EntryPoint","urlTemplate":"https:\/\/cssdn.gouv.qc.ca\/petitscheminots\/?s={search_term_string}"},"query-input":{"@type":"PropertyValueSpecification","valueRequired":true,"valueName":"search_term_string"}}],"inLanguage":"fr-CA"},{"@type":"Organization","@id":"https:\/\/cssdn.gouv.qc.ca\/petitscheminots\/#organization","name":"\u00c9cole des Petits-Cheminots","url":"https:\/\/cssdn.gouv.qc.ca\/petitscheminots\/","logo":{"@type":"ImageObject","inLanguage":"fr-CA","@id":"https:\/\/cssdn.gouv.qc.ca\/petitscheminots\/#\/schema\/logo\/image\/","url":"https:\/\/cssdn.gouv.qc.ca\/petitscheminots\/wp-content\/uploads\/sites\/51\/2023\/01\/logo_quebec.svg","contentUrl":"https:\/\/cssdn.gouv.qc.ca\/petitscheminots\/wp-content\/uploads\/sites\/51\/2023\/01\/logo_quebec.svg","width":188,"height":41,"caption":"\u00c9cole des Petits-Cheminots"},"image":{"@id":"https:\/\/cssdn.gouv.qc.ca\/petitscheminots\/#\/schema\/logo\/image\/"},"sameAs":["https:\/\/www.facebook.com\/petitscheminots"]}]}},"publishpress_future_action":{"enabled":false,"date":"2026-04-20 13:50:45","action":"change-status","newStatus":"draft","terms":[],"taxonomy":"category","extraData":[]},"publishpress_future_workflow_manual_trigger":{"enabledWorkflows":[]},"_links":{"self":[{"href":"https:\/\/cssdn.gouv.qc.ca\/petitscheminots\/wp-json\/wp\/v2\/pages\/11","targetHints":{"allow":["GET"]}}],"collection":[{"href":"https:\/\/cssdn.gouv.qc.ca\/petitscheminots\/wp-json\/wp\/v2\/pages"}],"about":[{"href":"https:\/\/cssdn.gouv.qc.ca\/petitscheminots\/wp-json\/wp\/v2\/types\/page"}],"author":[{"embeddable":true,"href":"https:\/\/cssdn.gouv.qc.ca\/petitscheminots\/wp-json\/wp\/v2\/users\/1"}],"replies":[{"embeddable":true,"href":"https:\/\/cssdn.gouv.qc.ca\/petitscheminots\/wp-json\/wp\/v2\/comments?post=11"}],"version-history":[{"count":0,"href":"https:\/\/cssdn.gouv.qc.ca\/petitscheminots\/wp-json\/wp\/v2\/pages\/11\/revisions"}],"up":[{"embeddable":true,"href":"https:\/\/cssdn.gouv.qc.ca\/petitscheminots\/wp-json\/wp\/v2\/pages\/6"}],"wp:attachment":[{"href":"https:\/\/cssdn.gouv.qc.ca\/petitscheminots\/wp-json\/wp\/v2\/media?parent=11"}],"wp:term":[{"taxonomy":"category","embeddable":true,"href":"https:\/\/cssdn.gouv.qc.ca\/petitscheminots\/wp-json\/wp\/v2\/categories?post=11"},{"taxonomy":"post_tag","embeddable":true,"href":"https:\/\/cssdn.gouv.qc.ca\/petitscheminots\/wp-json\/wp\/v2\/tags?post=11"}],"curies":[{"name":"wp","href":"https:\/\/api.w.org\/{rel}","templated":true}]}}