
{"id":361,"date":"2023-01-18T09:08:49","date_gmt":"2023-01-18T14:08:49","guid":{"rendered":"https:\/\/cssdn.gouv.qc.ca\/petitscheminots\/?page_id=361"},"modified":"2026-02-19T15:13:08","modified_gmt":"2026-02-19T20:13:08","slug":"inscription","status":"publish","type":"page","link":"https:\/\/cssdn.gouv.qc.ca\/petitscheminots\/informations-aux-parents\/inscription\/","title":{"rendered":"Inscription"},"content":{"rendered":"\n<div class=\"wp-block-cover alignfull is-light is-style-title-banner\"><img decoding=\"async\" class=\"wp-block-cover__image-background wp-image-111 lazyload\" alt=\"\" data-src=\"https:\/\/cssdn.gouv.qc.ca\/wp-content\/uploads\/2022\/08\/Seawire-Hero-06.jpg\" data-object-fit=\"cover\" src=\"data:image\/svg+xml;base64,PHN2ZyB3aWR0aD0iMSIgaGVpZ2h0PSIxIiB4bWxucz0iaHR0cDovL3d3dy53My5vcmcvMjAwMC9zdmciPjwvc3ZnPg==\" \/><span aria-hidden=\"true\" class=\"wp-block-cover__background has-background-dim\"><\/span><div class=\"wp-block-cover__inner-container\"><h3 class=\"wp-block-post-title\">Inscription<\/h3><\/div><\/div>\n\n\n\n<div class=\"wp-block-group alignfull has-padding-y-large has-secondary-background-color has-background\"><div class=\"yoast-breadcrumbs alignwide \"><span class=\"breadcrumbs\"><a href=\"https:\/\/cssdn.gouv.qc.ca\/petitscheminots\/\" class=\"breadcrumbs__element\">Accueil<\/a> <span class=\"breadcrumbs__separator\">\n        <svg class=\"icon icon-breadcrumb__separator\"><use xlink:href=\"#icon-breadcrumb__separator\"><\/use><\/svg>\n    <\/span> <a href=\"https:\/\/cssdn.gouv.qc.ca\/petitscheminots\/informations-aux-parents\/\" class=\"breadcrumbs__element\">Informations aux parents<\/a> <span class=\"breadcrumbs__separator\">\n        <svg class=\"icon icon-breadcrumb__separator\"><use xlink:href=\"#icon-breadcrumb__separator\"><\/use><\/svg>\n    <\/span> <span class=\"breadcrumbs__element breadcrumbs__element-current\">Inscription<\/span><\/span><\/div><\/div>\n\n\n\n<h2 class=\"wp-block-heading has-text-align-center\">Inscription<\/h2>\n\n\n\n<p class=\"has-text-align-center has-large-font-size wp-block-paragraph\"><strong><em>La p\u00e9riode d&rsquo;inscription se tiendra du :<\/em><\/strong><\/p>\n\n\n\n<p class=\"has-text-align-center has-primary-color has-text-color has-link-color has-medium-font-size wp-elements-dc8af0b30bcc55c14afc9123ad6deca9 wp-block-paragraph\"><em><strong>2 au 13 f\u00e9vrier 2026 &#8212; Pr\u00e9scolaire 5 ans, 1<sup>re<\/sup>, 2<sup>e<\/sup> et 3<sup>e<\/sup> ann\u00e9e <\/strong><\/em><\/p>\n\n\n\n<p class=\"has-text-align-center has-primary-color has-text-color has-link-color wp-elements-21c9bac8b23c213a0870c113f3d740b2 wp-block-paragraph\"><strong>23 avril au 1<sup>er<\/sup> mai 2026<\/strong> &#8212; Maternelle 4 ans (v\u00e9rifier le site du CSSDN afin de conna\u00eetre les \u00e9coles qui offrent ce service). Prenez note que nous ne savons pas encore si la maternelle 4 ans sera offerte \u00e0 notre \u00e9cole l\u2019an prochain<\/p>\n\n\n\n<p class=\"has-text-align-center wp-block-paragraph\">Pour les \u00e9l\u00e8ves qui fr\u00e9quentent d\u00e9j\u00e0 notre \u00e9cole, un courriel vous sera achemin\u00e9 vers la fin janvier afin de proc\u00e9der \u00e0 l&rsquo;inscription de vos enfants via le portail Moza\u00efk.<\/p>\n\n\n\n\n<p class=\"has-text-align-center act-lead wp-block-paragraph\">&nbsp;<br>*** Cette ann\u00e9e, <strong>les inscriptions se feront par le portail Moza\u00efk-Parents pour tous les \u00e9l\u00e8ves<\/strong>.<strong> <\/strong>***<br><br>Vous trouverez toute l\u2019information n\u00e9cessaire sur le site Internet du Centre de services scolaire des Navigateurs en cliquant sur ce lien&nbsp;:<br>&nbsp;<br><a href=\"https:\/\/can01.safelinks.protection.outlook.com\/?url=https%3A%2F%2Fcssdn.gouv.qc.ca%2Fparents-et-eleves%2Fadmission-et-inscription%2F&amp;data=05%7C02%7CSonia.Bonneville%40cssdn.gouv.qc.ca%7C810e00aee07b4745643108dd359a271c%7C116b0fe7428e49b58982f9c63799268d%7C0%7C0%7C638725658372601533%7CUnknown%7CTWFpbGZsb3d8eyJFbXB0eU1hcGkiOnRydWUsIlYiOiIwLjAuMDAwMCIsIlAiOiJXaW4zMiIsIkFOIjoiTWFpbCIsIldUIjoyfQ%3D%3D%7C0%7C%7C%7C&amp;sdata=hU2Toq885IqH2VsZ6k1%2FIvV%2BikuTgGESkfReFtBn39A%3D&amp;reserved=0\">https:\/\/cssdn.gouv.qc.ca\/parents-et-eleves\/admission-et-inscription\/<\/a><\/p>\n\n\n\n\n<p class=\"wp-block-paragraph\">Vous constaterez que les renseignements sont disponibles en plusieurs langues.<\/p>\n\n\n\n<p class=\"wp-block-paragraph\">Vous pouvez utiliser le <a href=\"https:\/\/cssdn.gouv.qc.ca\/parents-et-eleves\/outils-pour-les-parents\/clic-ecole\/\">guide<\/a> pour vous aider \u00e0 cr\u00e9er votre compte ou \u00e9couter la <a href=\"https:\/\/youtu.be\/AfNVLdVKQ-I\">vid\u00e9o<\/a>.<\/p>\n\n\n\n<ul class=\"wp-block-list\">\n<li><a href=\"https:\/\/forms.office.com\/r\/XhU7ayde5N\">Fiche de renseignements<\/a><\/li>\n\n\n\n<li><a href=\"https:\/\/cssdn.gouv.qc.ca\/petitscheminots\/wp-content\/uploads\/sites\/51\/2026\/01\/Parents_inscription-maternelle_MAJ-2026-01-16.pdf\">Informations de l&rsquo;infirmi\u00e8re<\/a><\/li>\n<\/ul>\n\n\n\n<p class=\"has-black-color has-text-color has-link-color wp-elements-307af989322385485efcea46a0d5abb7 wp-block-paragraph\"><strong><a href=\"https:\/\/cssdn.gouv.qc.ca\/parents-et-eleves\/services-educatifs\/maternelle-4-ans\/\">Informations suppl\u00e9mentaires &#8211; Maternelle 4 ans<\/a><\/strong><\/p>\n\n\n\n<p class=\"wp-block-paragraph\"><strong><a href=\"https:\/\/cssdn.gouv.qc.ca\/parents-et-eleves\/services-educatifs\/maternelle-5-ans\/\">Informations suppl\u00e9mentaires &#8211; Maternelle 5 ans<\/a><\/strong><\/p>\n\n\n\n<p class=\"wp-block-paragraph\"><strong><a href=\"https:\/\/cssdn.gouv.qc.ca\/reinscription-a-lecole\/\">Proc\u00e9dures pour remplir la fiche d&rsquo;inscription par Moza\u00efk &#8211; \u00c9l\u00e8ves qui fr\u00e9quentent d\u00e9j\u00e0 notre l&rsquo;\u00e9cole<\/a><\/strong><\/p>\n","protected":false},"excerpt":{"rendered":"<p>Inscription La p\u00e9riode d&rsquo;inscription se tiendra du : 2 au 13 f\u00e9vrier 2026 &#8212; Pr\u00e9scolaire 5 ans, 1re, 2e et 3e ann\u00e9e 23 avril au 1er mai 2026 &#8212; Maternelle 4 ans (v\u00e9rifier le site du CSSDN afin de conna\u00eetre les \u00e9coles qui offrent ce service). Prenez note que nous ne savons pas encore si [&hellip;]<\/p>\n","protected":false},"author":85,"featured_media":0,"parent":13,"menu_order":0,"comment_status":"closed","ping_status":"closed","template":"","meta":{"_acf_changed":false,"_crdt_document":"","inline_featured_image":false,"footnotes":""},"categories":[],"tags":[],"class_list":["post-361","page","type-page","status-publish","hentry"],"acf":[],"yoast_head":"<!-- This site is optimized with the Yoast SEO plugin v27.4 - https:\/\/yoast.com\/product\/yoast-seo-wordpress\/ -->\n<title>Inscription - \u00c9cole des Petits-Cheminots<\/title>\n<meta name=\"robots\" content=\"index, follow, max-snippet:-1, max-image-preview:large, max-video-preview:-1\" \/>\n<link rel=\"canonical\" href=\"https:\/\/cssdn.gouv.qc.ca\/petitscheminots\/informations-aux-parents\/inscription\/\" \/>\n<meta property=\"og:locale\" content=\"fr_CA\" \/>\n<meta property=\"og:type\" content=\"article\" \/>\n<meta property=\"og:title\" content=\"Inscription - \u00c9cole des Petits-Cheminots\" \/>\n<meta property=\"og:description\" content=\"Inscription La p\u00e9riode d&rsquo;inscription se tiendra du : 2 au 13 f\u00e9vrier 2026 &#8212; Pr\u00e9scolaire 5 ans, 1re, 2e et 3e ann\u00e9e 23 avril au 1er mai 2026 &#8212; Maternelle 4 ans (v\u00e9rifier le site du CSSDN afin de conna\u00eetre les \u00e9coles qui offrent ce service). Prenez note que nous ne savons pas encore si [&hellip;]\" \/>\n<meta property=\"og:url\" content=\"https:\/\/cssdn.gouv.qc.ca\/petitscheminots\/informations-aux-parents\/inscription\/\" \/>\n<meta property=\"og:site_name\" content=\"\u00c9cole des Petits-Cheminots\" \/>\n<meta property=\"article:publisher\" content=\"https:\/\/www.facebook.com\/petitscheminots\" \/>\n<meta property=\"article:modified_time\" content=\"2026-02-19T20:13:08+00:00\" \/>\n<meta name=\"twitter:card\" content=\"summary_large_image\" \/>\n<meta name=\"twitter:label1\" content=\"Estimation du temps de lecture\" \/>\n\t<meta name=\"twitter:data1\" content=\"2 minutes\" \/>\n<script type=\"application\/ld+json\" class=\"yoast-schema-graph\">{\"@context\":\"https:\\\/\\\/schema.org\",\"@graph\":[{\"@type\":\"WebPage\",\"@id\":\"https:\\\/\\\/cssdn.gouv.qc.ca\\\/petitscheminots\\\/informations-aux-parents\\\/inscription\\\/\",\"url\":\"https:\\\/\\\/cssdn.gouv.qc.ca\\\/petitscheminots\\\/informations-aux-parents\\\/inscription\\\/\",\"name\":\"Inscription - \u00c9cole des Petits-Cheminots\",\"isPartOf\":{\"@id\":\"https:\\\/\\\/cssdn.gouv.qc.ca\\\/petitscheminots\\\/#website\"},\"primaryImageOfPage\":{\"@id\":\"https:\\\/\\\/cssdn.gouv.qc.ca\\\/petitscheminots\\\/informations-aux-parents\\\/inscription\\\/#primaryimage\"},\"image\":{\"@id\":\"https:\\\/\\\/cssdn.gouv.qc.ca\\\/petitscheminots\\\/informations-aux-parents\\\/inscription\\\/#primaryimage\"},\"thumbnailUrl\":\"https:\\\/\\\/cssdn.gouv.qc.ca\\\/wp-content\\\/uploads\\\/2022\\\/08\\\/Seawire-Hero-06.jpg\",\"datePublished\":\"2023-01-18T14:08:49+00:00\",\"dateModified\":\"2026-02-19T20:13:08+00:00\",\"breadcrumb\":{\"@id\":\"https:\\\/\\\/cssdn.gouv.qc.ca\\\/petitscheminots\\\/informations-aux-parents\\\/inscription\\\/#breadcrumb\"},\"inLanguage\":\"fr-CA\",\"potentialAction\":[{\"@type\":\"ReadAction\",\"target\":[\"https:\\\/\\\/cssdn.gouv.qc.ca\\\/petitscheminots\\\/informations-aux-parents\\\/inscription\\\/\"]}]},{\"@type\":\"ImageObject\",\"inLanguage\":\"fr-CA\",\"@id\":\"https:\\\/\\\/cssdn.gouv.qc.ca\\\/petitscheminots\\\/informations-aux-parents\\\/inscription\\\/#primaryimage\",\"url\":\"https:\\\/\\\/cssdn.gouv.qc.ca\\\/wp-content\\\/uploads\\\/2022\\\/08\\\/Seawire-Hero-06.jpg\",\"contentUrl\":\"https:\\\/\\\/cssdn.gouv.qc.ca\\\/wp-content\\\/uploads\\\/2022\\\/08\\\/Seawire-Hero-06.jpg\"},{\"@type\":\"BreadcrumbList\",\"@id\":\"https:\\\/\\\/cssdn.gouv.qc.ca\\\/petitscheminots\\\/informations-aux-parents\\\/inscription\\\/#breadcrumb\",\"itemListElement\":[{\"@type\":\"ListItem\",\"position\":1,\"name\":\"Accueil\",\"item\":\"https:\\\/\\\/cssdn.gouv.qc.ca\\\/petitscheminots\\\/\"},{\"@type\":\"ListItem\",\"position\":2,\"name\":\"Informations aux parents\",\"item\":\"https:\\\/\\\/cssdn.gouv.qc.ca\\\/petitscheminots\\\/informations-aux-parents\\\/\"},{\"@type\":\"ListItem\",\"position\":3,\"name\":\"Inscription\"}]},{\"@type\":\"WebSite\",\"@id\":\"https:\\\/\\\/cssdn.gouv.qc.ca\\\/petitscheminots\\\/#website\",\"url\":\"https:\\\/\\\/cssdn.gouv.qc.ca\\\/petitscheminots\\\/\",\"name\":\"\u00c9cole des Petits-Cheminots\",\"description\":\"Un site des centres de services scolaires des Navigateurs\",\"publisher\":{\"@id\":\"https:\\\/\\\/cssdn.gouv.qc.ca\\\/petitscheminots\\\/#organization\"},\"potentialAction\":[{\"@type\":\"SearchAction\",\"target\":{\"@type\":\"EntryPoint\",\"urlTemplate\":\"https:\\\/\\\/cssdn.gouv.qc.ca\\\/petitscheminots\\\/?s={search_term_string}\"},\"query-input\":{\"@type\":\"PropertyValueSpecification\",\"valueRequired\":true,\"valueName\":\"search_term_string\"}}],\"inLanguage\":\"fr-CA\"},{\"@type\":\"Organization\",\"@id\":\"https:\\\/\\\/cssdn.gouv.qc.ca\\\/petitscheminots\\\/#organization\",\"name\":\"\u00c9cole des Petits-Cheminots\",\"url\":\"https:\\\/\\\/cssdn.gouv.qc.ca\\\/petitscheminots\\\/\",\"logo\":{\"@type\":\"ImageObject\",\"inLanguage\":\"fr-CA\",\"@id\":\"https:\\\/\\\/cssdn.gouv.qc.ca\\\/petitscheminots\\\/#\\\/schema\\\/logo\\\/image\\\/\",\"url\":\"https:\\\/\\\/cssdn.gouv.qc.ca\\\/petitscheminots\\\/wp-content\\\/uploads\\\/sites\\\/51\\\/2023\\\/01\\\/logo_quebec.svg\",\"contentUrl\":\"https:\\\/\\\/cssdn.gouv.qc.ca\\\/petitscheminots\\\/wp-content\\\/uploads\\\/sites\\\/51\\\/2023\\\/01\\\/logo_quebec.svg\",\"width\":188,\"height\":41,\"caption\":\"\u00c9cole des Petits-Cheminots\"},\"image\":{\"@id\":\"https:\\\/\\\/cssdn.gouv.qc.ca\\\/petitscheminots\\\/#\\\/schema\\\/logo\\\/image\\\/\"},\"sameAs\":[\"https:\\\/\\\/www.facebook.com\\\/petitscheminots\"]}]}<\/script>\n<!-- \/ Yoast SEO plugin. -->","yoast_head_json":{"title":"Inscription - \u00c9cole des Petits-Cheminots","robots":{"index":"index","follow":"follow","max-snippet":"max-snippet:-1","max-image-preview":"max-image-preview:large","max-video-preview":"max-video-preview:-1"},"canonical":"https:\/\/cssdn.gouv.qc.ca\/petitscheminots\/informations-aux-parents\/inscription\/","og_locale":"fr_CA","og_type":"article","og_title":"Inscription - \u00c9cole des Petits-Cheminots","og_description":"Inscription La p\u00e9riode d&rsquo;inscription se tiendra du : 2 au 13 f\u00e9vrier 2026 &#8212; Pr\u00e9scolaire 5 ans, 1re, 2e et 3e ann\u00e9e 23 avril au 1er mai 2026 &#8212; Maternelle 4 ans (v\u00e9rifier le site du CSSDN afin de conna\u00eetre les \u00e9coles qui offrent ce service). Prenez note que nous ne savons pas encore si [&hellip;]","og_url":"https:\/\/cssdn.gouv.qc.ca\/petitscheminots\/informations-aux-parents\/inscription\/","og_site_name":"\u00c9cole des Petits-Cheminots","article_publisher":"https:\/\/www.facebook.com\/petitscheminots","article_modified_time":"2026-02-19T20:13:08+00:00","twitter_card":"summary_large_image","twitter_misc":{"Estimation du temps de lecture":"2 minutes"},"schema":{"@context":"https:\/\/schema.org","@graph":[{"@type":"WebPage","@id":"https:\/\/cssdn.gouv.qc.ca\/petitscheminots\/informations-aux-parents\/inscription\/","url":"https:\/\/cssdn.gouv.qc.ca\/petitscheminots\/informations-aux-parents\/inscription\/","name":"Inscription - \u00c9cole des Petits-Cheminots","isPartOf":{"@id":"https:\/\/cssdn.gouv.qc.ca\/petitscheminots\/#website"},"primaryImageOfPage":{"@id":"https:\/\/cssdn.gouv.qc.ca\/petitscheminots\/informations-aux-parents\/inscription\/#primaryimage"},"image":{"@id":"https:\/\/cssdn.gouv.qc.ca\/petitscheminots\/informations-aux-parents\/inscription\/#primaryimage"},"thumbnailUrl":"https:\/\/cssdn.gouv.qc.ca\/wp-content\/uploads\/2022\/08\/Seawire-Hero-06.jpg","datePublished":"2023-01-18T14:08:49+00:00","dateModified":"2026-02-19T20:13:08+00:00","breadcrumb":{"@id":"https:\/\/cssdn.gouv.qc.ca\/petitscheminots\/informations-aux-parents\/inscription\/#breadcrumb"},"inLanguage":"fr-CA","potentialAction":[{"@type":"ReadAction","target":["https:\/\/cssdn.gouv.qc.ca\/petitscheminots\/informations-aux-parents\/inscription\/"]}]},{"@type":"ImageObject","inLanguage":"fr-CA","@id":"https:\/\/cssdn.gouv.qc.ca\/petitscheminots\/informations-aux-parents\/inscription\/#primaryimage","url":"https:\/\/cssdn.gouv.qc.ca\/wp-content\/uploads\/2022\/08\/Seawire-Hero-06.jpg","contentUrl":"https:\/\/cssdn.gouv.qc.ca\/wp-content\/uploads\/2022\/08\/Seawire-Hero-06.jpg"},{"@type":"BreadcrumbList","@id":"https:\/\/cssdn.gouv.qc.ca\/petitscheminots\/informations-aux-parents\/inscription\/#breadcrumb","itemListElement":[{"@type":"ListItem","position":1,"name":"Accueil","item":"https:\/\/cssdn.gouv.qc.ca\/petitscheminots\/"},{"@type":"ListItem","position":2,"name":"Informations aux parents","item":"https:\/\/cssdn.gouv.qc.ca\/petitscheminots\/informations-aux-parents\/"},{"@type":"ListItem","position":3,"name":"Inscription"}]},{"@type":"WebSite","@id":"https:\/\/cssdn.gouv.qc.ca\/petitscheminots\/#website","url":"https:\/\/cssdn.gouv.qc.ca\/petitscheminots\/","name":"\u00c9cole des Petits-Cheminots","description":"Un site des centres de services scolaires des Navigateurs","publisher":{"@id":"https:\/\/cssdn.gouv.qc.ca\/petitscheminots\/#organization"},"potentialAction":[{"@type":"SearchAction","target":{"@type":"EntryPoint","urlTemplate":"https:\/\/cssdn.gouv.qc.ca\/petitscheminots\/?s={search_term_string}"},"query-input":{"@type":"PropertyValueSpecification","valueRequired":true,"valueName":"search_term_string"}}],"inLanguage":"fr-CA"},{"@type":"Organization","@id":"https:\/\/cssdn.gouv.qc.ca\/petitscheminots\/#organization","name":"\u00c9cole des Petits-Cheminots","url":"https:\/\/cssdn.gouv.qc.ca\/petitscheminots\/","logo":{"@type":"ImageObject","inLanguage":"fr-CA","@id":"https:\/\/cssdn.gouv.qc.ca\/petitscheminots\/#\/schema\/logo\/image\/","url":"https:\/\/cssdn.gouv.qc.ca\/petitscheminots\/wp-content\/uploads\/sites\/51\/2023\/01\/logo_quebec.svg","contentUrl":"https:\/\/cssdn.gouv.qc.ca\/petitscheminots\/wp-content\/uploads\/sites\/51\/2023\/01\/logo_quebec.svg","width":188,"height":41,"caption":"\u00c9cole des Petits-Cheminots"},"image":{"@id":"https:\/\/cssdn.gouv.qc.ca\/petitscheminots\/#\/schema\/logo\/image\/"},"sameAs":["https:\/\/www.facebook.com\/petitscheminots"]}]}},"publishpress_future_action":{"enabled":false,"date":"2026-04-28 11:43:36","action":"change-status","newStatus":"draft","terms":[],"taxonomy":"category","extraData":[]},"publishpress_future_workflow_manual_trigger":{"enabledWorkflows":[]},"_links":{"self":[{"href":"https:\/\/cssdn.gouv.qc.ca\/petitscheminots\/wp-json\/wp\/v2\/pages\/361","targetHints":{"allow":["GET"]}}],"collection":[{"href":"https:\/\/cssdn.gouv.qc.ca\/petitscheminots\/wp-json\/wp\/v2\/pages"}],"about":[{"href":"https:\/\/cssdn.gouv.qc.ca\/petitscheminots\/wp-json\/wp\/v2\/types\/page"}],"author":[{"embeddable":true,"href":"https:\/\/cssdn.gouv.qc.ca\/petitscheminots\/wp-json\/wp\/v2\/users\/85"}],"replies":[{"embeddable":true,"href":"https:\/\/cssdn.gouv.qc.ca\/petitscheminots\/wp-json\/wp\/v2\/comments?post=361"}],"version-history":[{"count":0,"href":"https:\/\/cssdn.gouv.qc.ca\/petitscheminots\/wp-json\/wp\/v2\/pages\/361\/revisions"}],"up":[{"embeddable":true,"href":"https:\/\/cssdn.gouv.qc.ca\/petitscheminots\/wp-json\/wp\/v2\/pages\/13"}],"wp:attachment":[{"href":"https:\/\/cssdn.gouv.qc.ca\/petitscheminots\/wp-json\/wp\/v2\/media?parent=361"}],"wp:term":[{"taxonomy":"category","embeddable":true,"href":"https:\/\/cssdn.gouv.qc.ca\/petitscheminots\/wp-json\/wp\/v2\/categories?post=361"},{"taxonomy":"post_tag","embeddable":true,"href":"https:\/\/cssdn.gouv.qc.ca\/petitscheminots\/wp-json\/wp\/v2\/tags?post=361"}],"curies":[{"name":"wp","href":"https:\/\/api.w.org\/{rel}","templated":true}]}}