
{"id":7,"date":"2022-11-08T16:07:53","date_gmt":"2022-11-08T21:07:53","guid":{"rendered":"https:\/\/cssdn.gouv.qc.ca\/petitscheminots\/a-propos\/mission-vision-valeurs\/"},"modified":"2023-01-17T14:07:37","modified_gmt":"2023-01-17T19:07:37","slug":"mission-vision-valeurs","status":"publish","type":"page","link":"https:\/\/cssdn.gouv.qc.ca\/petitscheminots\/a-propos\/mission-vision-valeurs\/","title":{"rendered":"Mission, vision, valeurs"},"content":{"rendered":"\n<div class=\"wp-block-cover alignfull is-light is-style-title-banner\"><span aria-hidden=\"true\" class=\"wp-block-cover__background has-primary-background-color has-background-dim\"><\/span><img decoding=\"async\" class=\"wp-block-cover__image-background wp-image-111 lazyload\" alt=\"\" data-src=\"https:\/\/cssdn.gouv.qc.ca\/wp-content\/uploads\/2022\/08\/Seawire-Hero-06.jpg\" data-object-fit=\"cover\" src=\"data:image\/svg+xml;base64,PHN2ZyB3aWR0aD0iMSIgaGVpZ2h0PSIxIiB4bWxucz0iaHR0cDovL3d3dy53My5vcmcvMjAwMC9zdmciPjwvc3ZnPg==\" \/><div class=\"wp-block-cover__inner-container\"><h3 class=\"wp-block-post-title\">Mission, vision, valeurs<\/h3>\n\n\n<p class=\"wp-block-paragraph\"><\/p>\n<\/div><\/div>\n\n\n\n<div class=\"wp-block-group alignfull has-padding-y-large has-secondary-background-color has-background\"><div class=\"yoast-breadcrumbs alignwide \"><span class=\"breadcrumbs\"><a href=\"https:\/\/cssdn.gouv.qc.ca\/petitscheminots\/\" class=\"breadcrumbs__element\">Accueil<\/a> <span class=\"breadcrumbs__separator\">\n        <svg class=\"icon icon-breadcrumb__separator\"><use xlink:href=\"#icon-breadcrumb__separator\"><\/use><\/svg>\n    <\/span> <a href=\"https:\/\/cssdn.gouv.qc.ca\/petitscheminots\/a-propos\/\" class=\"breadcrumbs__element\">\u00c0 propos<\/a> <span class=\"breadcrumbs__separator\">\n        <svg class=\"icon icon-breadcrumb__separator\"><use xlink:href=\"#icon-breadcrumb__separator\"><\/use><\/svg>\n    <\/span> <span class=\"breadcrumbs__element breadcrumbs__element-current\">Mission, vision, valeurs<\/span><\/span><\/div><\/div>\n\n\n\n<div class=\"wp-block-columns\">\n<div class=\"wp-block-column is-vertically-aligned-bottom\" style=\"flex-basis:100%\">\n<h2 class=\"wp-block-heading\">Valeurs de l&rsquo;\u00e9cole (ARC)<\/h2>\n<\/div>\n<\/div>\n\n\n\n<blockquote class=\"wp-block-quote\">\n<p class=\"wp-block-paragraph\">Mission de l&rsquo;\u00e9cole<\/p>\n<cite>Faire cheminer tout un chacun, \u00e0 son propre rythme, dans un environnement s\u00e9curitaire et bienveillant.<\/cite><\/blockquote>\n\n\n\n<blockquote class=\"wp-block-quote\">\n<p class=\"wp-block-paragraph\">Vision de l&rsquo;\u00e9cole<\/p>\n<cite>Prioriser l\u2019apprentissage, l\u2019accomplissement et la collaboration de tous.<\/cite><\/blockquote>\n\n\n\n<blockquote class=\"wp-block-quote\">\n<p class=\"wp-block-paragraph\"><strong>A<\/strong><em>utonomie<\/em><\/p>\n<cite>Nous favorisons le sentiment de comp\u00e9tence, d\u2019efficacit\u00e9 et de responsabilit\u00e9 en vue de faire des choix \u00e9clair\u00e9s.<\/cite><\/blockquote>\n\n\n\n<blockquote class=\"wp-block-quote\">\n<p class=\"wp-block-paragraph\"><strong>R<\/strong>espect<\/p>\n<cite>Nous consid\u00e9rons la valeur de chacun tout en prenant soin des autres et de notre environnement.<\/cite><\/blockquote>\n\n\n\n<blockquote class=\"wp-block-quote\">\n<p class=\"wp-block-paragraph\">Communication<\/p>\n<cite>Nous valorisons l\u2019ouverture, la compr\u00e9hension des autres, l\u2019expression claire et l\u2019\u00e9coute active avec objectivit\u00e9.<\/cite><\/blockquote>\n\n\n\n<p class=\"wp-block-paragraph\"><\/p>\n\n\n\n<p class=\"wp-block-paragraph\"><\/p>\n\n\n\n<p class=\"wp-block-paragraph\"><\/p>\n\n\n\n<figure class=\"wp-block-image alignright size-medium is-resized\"><img decoding=\"async\" data-src=\"https:\/\/cssdn.gouv.qc.ca\/petitscheminots\/wp-content\/uploads\/sites\/51\/2023\/01\/missionimage-300x300.jpg\" alt=\"\" class=\"wp-image-257 lazyload\" width=\"413\" height=\"413\" data-srcset=\"https:\/\/cssdn.gouv.qc.ca\/petitscheminots\/wp-content\/uploads\/sites\/51\/2023\/01\/missionimage-300x300.jpg 300w, https:\/\/cssdn.gouv.qc.ca\/petitscheminots\/wp-content\/uploads\/sites\/51\/2023\/01\/missionimage-1022x1024.jpg 1022w, https:\/\/cssdn.gouv.qc.ca\/petitscheminots\/wp-content\/uploads\/sites\/51\/2023\/01\/missionimage-150x150.jpg 150w, https:\/\/cssdn.gouv.qc.ca\/petitscheminots\/wp-content\/uploads\/sites\/51\/2023\/01\/missionimage-768x769.jpg 768w, https:\/\/cssdn.gouv.qc.ca\/petitscheminots\/wp-content\/uploads\/sites\/51\/2023\/01\/missionimage.jpg 1134w\" data-sizes=\"(max-width: 413px) 100vw, 413px\" src=\"data:image\/svg+xml;base64,PHN2ZyB3aWR0aD0iMSIgaGVpZ2h0PSIxIiB4bWxucz0iaHR0cDovL3d3dy53My5vcmcvMjAwMC9zdmciPjwvc3ZnPg==\" style=\"--smush-placeholder-width: 413px; --smush-placeholder-aspect-ratio: 413\/413;\" \/><\/figure>\n","protected":false},"excerpt":{"rendered":"<p>Valeurs de l&rsquo;\u00e9cole (ARC) Mission de l&rsquo;\u00e9cole Faire cheminer tout un chacun, \u00e0 son propre rythme, dans un environnement s\u00e9curitaire et bienveillant. Vision de l&rsquo;\u00e9cole Prioriser l\u2019apprentissage, l\u2019accomplissement et la collaboration de tous. Autonomie Nous favorisons le sentiment de comp\u00e9tence, d\u2019efficacit\u00e9 et de responsabilit\u00e9 en vue de faire des choix \u00e9clair\u00e9s. Respect Nous consid\u00e9rons la [&hellip;]<\/p>\n","protected":false},"author":1,"featured_media":0,"parent":6,"menu_order":0,"comment_status":"closed","ping_status":"closed","template":"","meta":{"_acf_changed":false,"_crdt_document":"","inline_featured_image":false,"footnotes":""},"categories":[],"tags":[],"class_list":["post-7","page","type-page","status-publish","hentry"],"acf":[],"yoast_head":"<!-- This site is optimized with the Yoast SEO plugin v27.4 - https:\/\/yoast.com\/product\/yoast-seo-wordpress\/ -->\n<title>Mission, vision, valeurs - \u00c9cole des Petits-Cheminots<\/title>\n<meta name=\"robots\" content=\"index, follow, max-snippet:-1, max-image-preview:large, max-video-preview:-1\" \/>\n<link rel=\"canonical\" href=\"https:\/\/cssdn.gouv.qc.ca\/petitscheminots\/a-propos\/mission-vision-valeurs\/\" \/>\n<meta property=\"og:locale\" content=\"fr_CA\" \/>\n<meta property=\"og:type\" content=\"article\" \/>\n<meta property=\"og:title\" content=\"Mission, vision, valeurs - \u00c9cole des Petits-Cheminots\" \/>\n<meta property=\"og:description\" content=\"Valeurs de l&rsquo;\u00e9cole (ARC) Mission de l&rsquo;\u00e9cole Faire cheminer tout un chacun, \u00e0 son propre rythme, dans un environnement s\u00e9curitaire et bienveillant. Vision de l&rsquo;\u00e9cole Prioriser l\u2019apprentissage, l\u2019accomplissement et la collaboration de tous. Autonomie Nous favorisons le sentiment de comp\u00e9tence, d\u2019efficacit\u00e9 et de responsabilit\u00e9 en vue de faire des choix \u00e9clair\u00e9s. Respect Nous consid\u00e9rons la [&hellip;]\" \/>\n<meta property=\"og:url\" content=\"https:\/\/cssdn.gouv.qc.ca\/petitscheminots\/a-propos\/mission-vision-valeurs\/\" \/>\n<meta property=\"og:site_name\" content=\"\u00c9cole des Petits-Cheminots\" \/>\n<meta property=\"article:publisher\" content=\"https:\/\/www.facebook.com\/petitscheminots\" \/>\n<meta property=\"article:modified_time\" content=\"2023-01-17T19:07:37+00:00\" \/>\n<meta property=\"og:image\" content=\"https:\/\/cssdn.gouv.qc.ca\/wp-content\/uploads\/2022\/08\/Seawire-Hero-06.jpg\" \/>\n<meta name=\"twitter:card\" content=\"summary_large_image\" \/>\n<meta name=\"twitter:label1\" content=\"Estimation du temps de lecture\" \/>\n\t<meta name=\"twitter:data1\" content=\"1 minute\" \/>\n<script type=\"application\/ld+json\" class=\"yoast-schema-graph\">{\"@context\":\"https:\\\/\\\/schema.org\",\"@graph\":[{\"@type\":\"WebPage\",\"@id\":\"https:\\\/\\\/cssdn.gouv.qc.ca\\\/petitscheminots\\\/a-propos\\\/mission-vision-valeurs\\\/\",\"url\":\"https:\\\/\\\/cssdn.gouv.qc.ca\\\/petitscheminots\\\/a-propos\\\/mission-vision-valeurs\\\/\",\"name\":\"Mission, vision, valeurs - \u00c9cole des Petits-Cheminots\",\"isPartOf\":{\"@id\":\"https:\\\/\\\/cssdn.gouv.qc.ca\\\/petitscheminots\\\/#website\"},\"primaryImageOfPage\":{\"@id\":\"https:\\\/\\\/cssdn.gouv.qc.ca\\\/petitscheminots\\\/a-propos\\\/mission-vision-valeurs\\\/#primaryimage\"},\"image\":{\"@id\":\"https:\\\/\\\/cssdn.gouv.qc.ca\\\/petitscheminots\\\/a-propos\\\/mission-vision-valeurs\\\/#primaryimage\"},\"thumbnailUrl\":\"https:\\\/\\\/cssdn.gouv.qc.ca\\\/wp-content\\\/uploads\\\/2022\\\/08\\\/Seawire-Hero-06.jpg\",\"datePublished\":\"2022-11-08T21:07:53+00:00\",\"dateModified\":\"2023-01-17T19:07:37+00:00\",\"breadcrumb\":{\"@id\":\"https:\\\/\\\/cssdn.gouv.qc.ca\\\/petitscheminots\\\/a-propos\\\/mission-vision-valeurs\\\/#breadcrumb\"},\"inLanguage\":\"fr-CA\",\"potentialAction\":[{\"@type\":\"ReadAction\",\"target\":[\"https:\\\/\\\/cssdn.gouv.qc.ca\\\/petitscheminots\\\/a-propos\\\/mission-vision-valeurs\\\/\"]}]},{\"@type\":\"ImageObject\",\"inLanguage\":\"fr-CA\",\"@id\":\"https:\\\/\\\/cssdn.gouv.qc.ca\\\/petitscheminots\\\/a-propos\\\/mission-vision-valeurs\\\/#primaryimage\",\"url\":\"https:\\\/\\\/cssdn.gouv.qc.ca\\\/wp-content\\\/uploads\\\/2022\\\/08\\\/Seawire-Hero-06.jpg\",\"contentUrl\":\"https:\\\/\\\/cssdn.gouv.qc.ca\\\/wp-content\\\/uploads\\\/2022\\\/08\\\/Seawire-Hero-06.jpg\"},{\"@type\":\"BreadcrumbList\",\"@id\":\"https:\\\/\\\/cssdn.gouv.qc.ca\\\/petitscheminots\\\/a-propos\\\/mission-vision-valeurs\\\/#breadcrumb\",\"itemListElement\":[{\"@type\":\"ListItem\",\"position\":1,\"name\":\"Accueil\",\"item\":\"https:\\\/\\\/cssdn.gouv.qc.ca\\\/petitscheminots\\\/\"},{\"@type\":\"ListItem\",\"position\":2,\"name\":\"\u00c0 propos\",\"item\":\"https:\\\/\\\/cssdn.gouv.qc.ca\\\/petitscheminots\\\/a-propos\\\/\"},{\"@type\":\"ListItem\",\"position\":3,\"name\":\"Mission, vision, valeurs\"}]},{\"@type\":\"WebSite\",\"@id\":\"https:\\\/\\\/cssdn.gouv.qc.ca\\\/petitscheminots\\\/#website\",\"url\":\"https:\\\/\\\/cssdn.gouv.qc.ca\\\/petitscheminots\\\/\",\"name\":\"\u00c9cole des Petits-Cheminots\",\"description\":\"Un site des centres de services scolaires des Navigateurs\",\"publisher\":{\"@id\":\"https:\\\/\\\/cssdn.gouv.qc.ca\\\/petitscheminots\\\/#organization\"},\"potentialAction\":[{\"@type\":\"SearchAction\",\"target\":{\"@type\":\"EntryPoint\",\"urlTemplate\":\"https:\\\/\\\/cssdn.gouv.qc.ca\\\/petitscheminots\\\/?s={search_term_string}\"},\"query-input\":{\"@type\":\"PropertyValueSpecification\",\"valueRequired\":true,\"valueName\":\"search_term_string\"}}],\"inLanguage\":\"fr-CA\"},{\"@type\":\"Organization\",\"@id\":\"https:\\\/\\\/cssdn.gouv.qc.ca\\\/petitscheminots\\\/#organization\",\"name\":\"\u00c9cole des Petits-Cheminots\",\"url\":\"https:\\\/\\\/cssdn.gouv.qc.ca\\\/petitscheminots\\\/\",\"logo\":{\"@type\":\"ImageObject\",\"inLanguage\":\"fr-CA\",\"@id\":\"https:\\\/\\\/cssdn.gouv.qc.ca\\\/petitscheminots\\\/#\\\/schema\\\/logo\\\/image\\\/\",\"url\":\"https:\\\/\\\/cssdn.gouv.qc.ca\\\/petitscheminots\\\/wp-content\\\/uploads\\\/sites\\\/51\\\/2023\\\/01\\\/logo_quebec.svg\",\"contentUrl\":\"https:\\\/\\\/cssdn.gouv.qc.ca\\\/petitscheminots\\\/wp-content\\\/uploads\\\/sites\\\/51\\\/2023\\\/01\\\/logo_quebec.svg\",\"width\":188,\"height\":41,\"caption\":\"\u00c9cole des Petits-Cheminots\"},\"image\":{\"@id\":\"https:\\\/\\\/cssdn.gouv.qc.ca\\\/petitscheminots\\\/#\\\/schema\\\/logo\\\/image\\\/\"},\"sameAs\":[\"https:\\\/\\\/www.facebook.com\\\/petitscheminots\"]}]}<\/script>\n<!-- \/ Yoast SEO plugin. -->","yoast_head_json":{"title":"Mission, vision, valeurs - \u00c9cole des Petits-Cheminots","robots":{"index":"index","follow":"follow","max-snippet":"max-snippet:-1","max-image-preview":"max-image-preview:large","max-video-preview":"max-video-preview:-1"},"canonical":"https:\/\/cssdn.gouv.qc.ca\/petitscheminots\/a-propos\/mission-vision-valeurs\/","og_locale":"fr_CA","og_type":"article","og_title":"Mission, vision, valeurs - \u00c9cole des Petits-Cheminots","og_description":"Valeurs de l&rsquo;\u00e9cole (ARC) Mission de l&rsquo;\u00e9cole Faire cheminer tout un chacun, \u00e0 son propre rythme, dans un environnement s\u00e9curitaire et bienveillant. Vision de l&rsquo;\u00e9cole Prioriser l\u2019apprentissage, l\u2019accomplissement et la collaboration de tous. Autonomie Nous favorisons le sentiment de comp\u00e9tence, d\u2019efficacit\u00e9 et de responsabilit\u00e9 en vue de faire des choix \u00e9clair\u00e9s. Respect Nous consid\u00e9rons la [&hellip;]","og_url":"https:\/\/cssdn.gouv.qc.ca\/petitscheminots\/a-propos\/mission-vision-valeurs\/","og_site_name":"\u00c9cole des Petits-Cheminots","article_publisher":"https:\/\/www.facebook.com\/petitscheminots","article_modified_time":"2023-01-17T19:07:37+00:00","og_image":[{"url":"https:\/\/cssdn.gouv.qc.ca\/wp-content\/uploads\/2022\/08\/Seawire-Hero-06.jpg","type":"","width":"","height":""}],"twitter_card":"summary_large_image","twitter_misc":{"Estimation du temps de lecture":"1 minute"},"schema":{"@context":"https:\/\/schema.org","@graph":[{"@type":"WebPage","@id":"https:\/\/cssdn.gouv.qc.ca\/petitscheminots\/a-propos\/mission-vision-valeurs\/","url":"https:\/\/cssdn.gouv.qc.ca\/petitscheminots\/a-propos\/mission-vision-valeurs\/","name":"Mission, vision, valeurs - \u00c9cole des Petits-Cheminots","isPartOf":{"@id":"https:\/\/cssdn.gouv.qc.ca\/petitscheminots\/#website"},"primaryImageOfPage":{"@id":"https:\/\/cssdn.gouv.qc.ca\/petitscheminots\/a-propos\/mission-vision-valeurs\/#primaryimage"},"image":{"@id":"https:\/\/cssdn.gouv.qc.ca\/petitscheminots\/a-propos\/mission-vision-valeurs\/#primaryimage"},"thumbnailUrl":"https:\/\/cssdn.gouv.qc.ca\/wp-content\/uploads\/2022\/08\/Seawire-Hero-06.jpg","datePublished":"2022-11-08T21:07:53+00:00","dateModified":"2023-01-17T19:07:37+00:00","breadcrumb":{"@id":"https:\/\/cssdn.gouv.qc.ca\/petitscheminots\/a-propos\/mission-vision-valeurs\/#breadcrumb"},"inLanguage":"fr-CA","potentialAction":[{"@type":"ReadAction","target":["https:\/\/cssdn.gouv.qc.ca\/petitscheminots\/a-propos\/mission-vision-valeurs\/"]}]},{"@type":"ImageObject","inLanguage":"fr-CA","@id":"https:\/\/cssdn.gouv.qc.ca\/petitscheminots\/a-propos\/mission-vision-valeurs\/#primaryimage","url":"https:\/\/cssdn.gouv.qc.ca\/wp-content\/uploads\/2022\/08\/Seawire-Hero-06.jpg","contentUrl":"https:\/\/cssdn.gouv.qc.ca\/wp-content\/uploads\/2022\/08\/Seawire-Hero-06.jpg"},{"@type":"BreadcrumbList","@id":"https:\/\/cssdn.gouv.qc.ca\/petitscheminots\/a-propos\/mission-vision-valeurs\/#breadcrumb","itemListElement":[{"@type":"ListItem","position":1,"name":"Accueil","item":"https:\/\/cssdn.gouv.qc.ca\/petitscheminots\/"},{"@type":"ListItem","position":2,"name":"\u00c0 propos","item":"https:\/\/cssdn.gouv.qc.ca\/petitscheminots\/a-propos\/"},{"@type":"ListItem","position":3,"name":"Mission, vision, valeurs"}]},{"@type":"WebSite","@id":"https:\/\/cssdn.gouv.qc.ca\/petitscheminots\/#website","url":"https:\/\/cssdn.gouv.qc.ca\/petitscheminots\/","name":"\u00c9cole des Petits-Cheminots","description":"Un site des centres de services scolaires des Navigateurs","publisher":{"@id":"https:\/\/cssdn.gouv.qc.ca\/petitscheminots\/#organization"},"potentialAction":[{"@type":"SearchAction","target":{"@type":"EntryPoint","urlTemplate":"https:\/\/cssdn.gouv.qc.ca\/petitscheminots\/?s={search_term_string}"},"query-input":{"@type":"PropertyValueSpecification","valueRequired":true,"valueName":"search_term_string"}}],"inLanguage":"fr-CA"},{"@type":"Organization","@id":"https:\/\/cssdn.gouv.qc.ca\/petitscheminots\/#organization","name":"\u00c9cole des Petits-Cheminots","url":"https:\/\/cssdn.gouv.qc.ca\/petitscheminots\/","logo":{"@type":"ImageObject","inLanguage":"fr-CA","@id":"https:\/\/cssdn.gouv.qc.ca\/petitscheminots\/#\/schema\/logo\/image\/","url":"https:\/\/cssdn.gouv.qc.ca\/petitscheminots\/wp-content\/uploads\/sites\/51\/2023\/01\/logo_quebec.svg","contentUrl":"https:\/\/cssdn.gouv.qc.ca\/petitscheminots\/wp-content\/uploads\/sites\/51\/2023\/01\/logo_quebec.svg","width":188,"height":41,"caption":"\u00c9cole des Petits-Cheminots"},"image":{"@id":"https:\/\/cssdn.gouv.qc.ca\/petitscheminots\/#\/schema\/logo\/image\/"},"sameAs":["https:\/\/www.facebook.com\/petitscheminots"]}]}},"publishpress_future_action":{"enabled":false,"date":"2026-04-26 09:24:51","action":"change-status","newStatus":"draft","terms":[],"taxonomy":"category","extraData":[]},"publishpress_future_workflow_manual_trigger":{"enabledWorkflows":[]},"_links":{"self":[{"href":"https:\/\/cssdn.gouv.qc.ca\/petitscheminots\/wp-json\/wp\/v2\/pages\/7","targetHints":{"allow":["GET"]}}],"collection":[{"href":"https:\/\/cssdn.gouv.qc.ca\/petitscheminots\/wp-json\/wp\/v2\/pages"}],"about":[{"href":"https:\/\/cssdn.gouv.qc.ca\/petitscheminots\/wp-json\/wp\/v2\/types\/page"}],"author":[{"embeddable":true,"href":"https:\/\/cssdn.gouv.qc.ca\/petitscheminots\/wp-json\/wp\/v2\/users\/1"}],"replies":[{"embeddable":true,"href":"https:\/\/cssdn.gouv.qc.ca\/petitscheminots\/wp-json\/wp\/v2\/comments?post=7"}],"version-history":[{"count":0,"href":"https:\/\/cssdn.gouv.qc.ca\/petitscheminots\/wp-json\/wp\/v2\/pages\/7\/revisions"}],"up":[{"embeddable":true,"href":"https:\/\/cssdn.gouv.qc.ca\/petitscheminots\/wp-json\/wp\/v2\/pages\/6"}],"wp:attachment":[{"href":"https:\/\/cssdn.gouv.qc.ca\/petitscheminots\/wp-json\/wp\/v2\/media?parent=7"}],"wp:term":[{"taxonomy":"category","embeddable":true,"href":"https:\/\/cssdn.gouv.qc.ca\/petitscheminots\/wp-json\/wp\/v2\/categories?post=7"},{"taxonomy":"post_tag","embeddable":true,"href":"https:\/\/cssdn.gouv.qc.ca\/petitscheminots\/wp-json\/wp\/v2\/tags?post=7"}],"curies":[{"name":"wp","href":"https:\/\/api.w.org\/{rel}","templated":true}]}}