
{"id":8,"date":"2022-11-08T16:07:54","date_gmt":"2022-11-08T21:07:54","guid":{"rendered":"https:\/\/cssdn.gouv.qc.ca\/petitscheminots\/a-propos\/horaire-et-calendrier\/"},"modified":"2025-10-03T15:09:55","modified_gmt":"2025-10-03T19:09:55","slug":"horaire-et-calendrier","status":"publish","type":"page","link":"https:\/\/cssdn.gouv.qc.ca\/petitscheminots\/a-propos\/horaire-et-calendrier\/","title":{"rendered":"Horaire et calendrier"},"content":{"rendered":"\n<div class=\"wp-block-cover alignfull is-light is-style-title-banner\"><img decoding=\"async\" class=\"wp-block-cover__image-background wp-image-111 lazyload\" alt=\"\" data-src=\"https:\/\/cssdn.gouv.qc.ca\/wp-content\/uploads\/2022\/08\/Seawire-Hero-06.jpg\" data-object-fit=\"cover\" src=\"data:image\/svg+xml;base64,PHN2ZyB3aWR0aD0iMSIgaGVpZ2h0PSIxIiB4bWxucz0iaHR0cDovL3d3dy53My5vcmcvMjAwMC9zdmciPjwvc3ZnPg==\" \/><span aria-hidden=\"true\" class=\"wp-block-cover__background has-primary-background-color has-background-dim\"><\/span><div class=\"wp-block-cover__inner-container\"><h3 class=\"wp-block-post-title\">Horaire et calendrier<\/h3><\/div><\/div>\n\n\n\n<div class=\"wp-block-group alignfull has-padding-y-large has-secondary-background-color has-background\"><div class=\"yoast-breadcrumbs alignwide \"><span class=\"breadcrumbs\"><a href=\"https:\/\/cssdn.gouv.qc.ca\/petitscheminots\/\" class=\"breadcrumbs__element\">Accueil<\/a> <span class=\"breadcrumbs__separator\">\n        <svg class=\"icon icon-breadcrumb__separator\"><use xlink:href=\"#icon-breadcrumb__separator\"><\/use><\/svg>\n    <\/span> <a href=\"https:\/\/cssdn.gouv.qc.ca\/petitscheminots\/a-propos\/\" class=\"breadcrumbs__element\">\u00c0 propos<\/a> <span class=\"breadcrumbs__separator\">\n        <svg class=\"icon icon-breadcrumb__separator\"><use xlink:href=\"#icon-breadcrumb__separator\"><\/use><\/svg>\n    <\/span> <span class=\"breadcrumbs__element breadcrumbs__element-current\">Horaire et calendrier<\/span><\/span><\/div><\/div>\n\n\n\n<h2 class=\"wp-block-heading\">Horaire de l&rsquo;\u00c9cole de la Passerelle<\/h2>\n\n\n\n<p class=\"wp-block-paragraph\">Pr\u00e9scolaire :       8 h 23 \u00e0 11 h 25     &#8212;   12 h 50 \u00e0 14 h 30<\/p>\n\n\n\n<p class=\"wp-block-paragraph\">Primaire :            8 h \u00e0 11 h 25          &#8212;      12 h 50 \u00e0 15 h 15<\/p>\n\n\n\n<p class=\"wp-block-paragraph\"><strong>** Les p\u00e9riodes pour les \u00e9l\u00e8ves de 1<sup>re<\/sup>, 2<sup>e<\/sup> et 3<sup>e<\/sup> ann\u00e9e **<\/strong><\/p>\n\n\n\n<ul class=\"wp-block-list\">\n<li>1<sup>re<\/sup> p\u00e9riode : 8 h \u00e0 9 h<\/li>\n\n\n\n<li>2<sup>e<\/sup> p\u00e9riode : 9 h \u00e0 10 h<\/li>\n\n\n\n<li><em>R\u00e9cr\u00e9ation : 10 h \u00e0 10 h 25<\/em><\/li>\n\n\n\n<li>3<sup>e <\/sup>p\u00e9riode : 10 h 25 \u00e0 11 h 25<\/li>\n\n\n\n<li><em>D\u00eener : 11 h 25 \u00e0 12 h <\/em>50<\/li>\n\n\n\n<li>4<sup>e<\/sup> p\u00e9riode : 12 h 50 \u00e0 13 h 50<\/li>\n\n\n\n<li><em>R\u00e9cr\u00e9ation : 13 h 50 \u00e0 14 h 15<\/em><\/li>\n\n\n\n<li>5<sup>e<\/sup> p\u00e9riode : 14 h 15 \u00e0 15 h 15<\/li>\n<\/ul>\n\n\n\n<h2 class=\"wp-block-heading\">Horaire de l&rsquo;\u00c9cole Notre-Dame<\/h2>\n\n\n\n<p class=\"wp-block-paragraph\">Pr\u00e9scolaire :      8 h 23 \u00e0 11 h 25    &#8212;   12 h 50 \u00e0 14 h 30<\/p>\n\n\n\n<p class=\"wp-block-paragraph\">Primaire :           8 h \u00e0 11 h 25       &#8212;    12 h 50 \u00e0 15 h 15<\/p>\n\n\n\n<p class=\"wp-block-paragraph\"><strong>** Les p\u00e9riodes pour les \u00e9l\u00e8ves de 1<sup>re<\/sup> et 2<sup>e<\/sup> ann\u00e9e **<\/strong><\/p>\n\n\n\n<ul class=\"wp-block-list\">\n<li>1<sup>re<\/sup> p\u00e9riode : 8 h \u00e0 9 h<\/li>\n\n\n\n<li>2<sup>e<\/sup> p\u00e9riode : 9 h \u00e0 10 h<\/li>\n\n\n\n<li><em>R\u00e9cr\u00e9ation : 10 h \u00e0 10 h 25<\/em><\/li>\n\n\n\n<li>3<sup>e <\/sup>p\u00e9riode : 10 h 25 \u00e0 11 h 25<\/li>\n\n\n\n<li><em>D\u00eener : 11 h 25 \u00e0 12 h <\/em>50<\/li>\n\n\n\n<li>4<sup>e<\/sup> p\u00e9riode : 12 h 50 \u00e0 13 h 50<\/li>\n\n\n\n<li><em>R\u00e9cr\u00e9ation : 13 h 50 \u00e0 14 h 15<\/em><\/li>\n\n\n\n<li>5<sup>e<\/sup> p\u00e9riode : 14 h 15 \u00e0 15 h 15<\/li>\n<\/ul>\n\n\n\n<div class=\"wp-block-file\"><a id=\"wp-block-file--media-46c6d8a9-b98b-4365-b438-89d328472d25\" href=\"https:\/\/cssdn.gouv.qc.ca\/petitscheminots\/wp-content\/uploads\/sites\/51\/2025\/10\/Calendrier-PRIMAIRE-2025-2026-CSSDN_-Version-officielle-1-1.pdf\">Calendrier-PRIMAIRE-2025-2026-CSSDN_-Version-officielle-1<\/a><a href=\"https:\/\/cssdn.gouv.qc.ca\/petitscheminots\/wp-content\/uploads\/sites\/51\/2025\/10\/Calendrier-PRIMAIRE-2025-2026-CSSDN_-Version-officielle-1-1.pdf\" class=\"wp-block-file__button wp-element-button\" download aria-describedby=\"wp-block-file--media-46c6d8a9-b98b-4365-b438-89d328472d25\">Download<\/a><\/div>\n\n\n\n<p class=\"wp-block-paragraph\">Il est de la responsabilit\u00e9 des parents de veiller \u00e0 ce que leur enfant soit pr\u00e9sent \u00e0 l\u2019heure \u00e0 l\u2019\u00e9cole.<\/p>\n\n\n\n<p class=\"wp-block-paragraph\">Les \u00e9l\u00e8ves marcheurs ne doivent pas se pr\u00e9senter sur la cour avant 7&nbsp;h 45&nbsp;le matin (8 h 18&nbsp;pour le pr\u00e9scolaire) et 12 h 40 le midi, car avant ces heures, il n\u2019y a pas de surveillance sur la cour.<\/p>\n\n\n\n<p class=\"wp-block-paragraph\">Les brigadiers scolaires de la Ville de L\u00e9vis sont en poste aux intersections dangereuses autour de l\u2019\u00e9cole en fonction de l\u2019horaire de l\u2019\u00e9cole. Il est donc important que votre enfant soit \u00e0 l\u2019heure pour b\u00e9n\u00e9ficier de leur pr\u00e9sence.<\/p>\n","protected":false},"excerpt":{"rendered":"<p>Horaire de l&rsquo;\u00c9cole de la Passerelle Pr\u00e9scolaire : 8 h 23 \u00e0 11 h 25 &#8212; 12 h 50 \u00e0 14 h 30 Primaire : 8 h \u00e0 11 h 25 &#8212; 12 h 50 \u00e0 15 h 15 ** Les p\u00e9riodes pour les \u00e9l\u00e8ves de 1re, 2e et 3e ann\u00e9e ** Horaire de l&rsquo;\u00c9cole [&hellip;]<\/p>\n","protected":false},"author":1,"featured_media":0,"parent":6,"menu_order":0,"comment_status":"closed","ping_status":"closed","template":"","meta":{"_acf_changed":false,"_crdt_document":"","inline_featured_image":false,"footnotes":""},"categories":[],"tags":[],"class_list":["post-8","page","type-page","status-publish","hentry"],"acf":[],"yoast_head":"<!-- This site is optimized with the Yoast SEO plugin v27.4 - https:\/\/yoast.com\/product\/yoast-seo-wordpress\/ -->\n<title>Horaire et calendrier - \u00c9cole des Petits-Cheminots<\/title>\n<meta name=\"robots\" content=\"index, follow, max-snippet:-1, max-image-preview:large, max-video-preview:-1\" \/>\n<link rel=\"canonical\" href=\"https:\/\/cssdn.gouv.qc.ca\/petitscheminots\/a-propos\/horaire-et-calendrier\/\" \/>\n<meta property=\"og:locale\" content=\"fr_CA\" \/>\n<meta property=\"og:type\" content=\"article\" \/>\n<meta property=\"og:title\" content=\"Horaire et calendrier - \u00c9cole des Petits-Cheminots\" \/>\n<meta property=\"og:description\" content=\"Horaire de l&rsquo;\u00c9cole de la Passerelle Pr\u00e9scolaire : 8 h 23 \u00e0 11 h 25 &#8212; 12 h 50 \u00e0 14 h 30 Primaire : 8 h \u00e0 11 h 25 &#8212; 12 h 50 \u00e0 15 h 15 ** Les p\u00e9riodes pour les \u00e9l\u00e8ves de 1re, 2e et 3e ann\u00e9e ** Horaire de l&rsquo;\u00c9cole [&hellip;]\" \/>\n<meta property=\"og:url\" content=\"https:\/\/cssdn.gouv.qc.ca\/petitscheminots\/a-propos\/horaire-et-calendrier\/\" \/>\n<meta property=\"og:site_name\" content=\"\u00c9cole des Petits-Cheminots\" \/>\n<meta property=\"article:publisher\" content=\"https:\/\/www.facebook.com\/petitscheminots\" \/>\n<meta property=\"article:modified_time\" content=\"2025-10-03T19:09:55+00:00\" \/>\n<meta name=\"twitter:card\" content=\"summary_large_image\" \/>\n<meta name=\"twitter:label1\" content=\"Estimation du temps de lecture\" \/>\n\t<meta name=\"twitter:data1\" content=\"2 minutes\" \/>\n<script type=\"application\/ld+json\" class=\"yoast-schema-graph\">{\"@context\":\"https:\\\/\\\/schema.org\",\"@graph\":[{\"@type\":\"WebPage\",\"@id\":\"https:\\\/\\\/cssdn.gouv.qc.ca\\\/petitscheminots\\\/a-propos\\\/horaire-et-calendrier\\\/\",\"url\":\"https:\\\/\\\/cssdn.gouv.qc.ca\\\/petitscheminots\\\/a-propos\\\/horaire-et-calendrier\\\/\",\"name\":\"Horaire et calendrier - \u00c9cole des Petits-Cheminots\",\"isPartOf\":{\"@id\":\"https:\\\/\\\/cssdn.gouv.qc.ca\\\/petitscheminots\\\/#website\"},\"primaryImageOfPage\":{\"@id\":\"https:\\\/\\\/cssdn.gouv.qc.ca\\\/petitscheminots\\\/a-propos\\\/horaire-et-calendrier\\\/#primaryimage\"},\"image\":{\"@id\":\"https:\\\/\\\/cssdn.gouv.qc.ca\\\/petitscheminots\\\/a-propos\\\/horaire-et-calendrier\\\/#primaryimage\"},\"thumbnailUrl\":\"https:\\\/\\\/cssdn.gouv.qc.ca\\\/wp-content\\\/uploads\\\/2022\\\/08\\\/Seawire-Hero-06.jpg\",\"datePublished\":\"2022-11-08T21:07:54+00:00\",\"dateModified\":\"2025-10-03T19:09:55+00:00\",\"breadcrumb\":{\"@id\":\"https:\\\/\\\/cssdn.gouv.qc.ca\\\/petitscheminots\\\/a-propos\\\/horaire-et-calendrier\\\/#breadcrumb\"},\"inLanguage\":\"fr-CA\",\"potentialAction\":[{\"@type\":\"ReadAction\",\"target\":[\"https:\\\/\\\/cssdn.gouv.qc.ca\\\/petitscheminots\\\/a-propos\\\/horaire-et-calendrier\\\/\"]}]},{\"@type\":\"ImageObject\",\"inLanguage\":\"fr-CA\",\"@id\":\"https:\\\/\\\/cssdn.gouv.qc.ca\\\/petitscheminots\\\/a-propos\\\/horaire-et-calendrier\\\/#primaryimage\",\"url\":\"https:\\\/\\\/cssdn.gouv.qc.ca\\\/wp-content\\\/uploads\\\/2022\\\/08\\\/Seawire-Hero-06.jpg\",\"contentUrl\":\"https:\\\/\\\/cssdn.gouv.qc.ca\\\/wp-content\\\/uploads\\\/2022\\\/08\\\/Seawire-Hero-06.jpg\"},{\"@type\":\"BreadcrumbList\",\"@id\":\"https:\\\/\\\/cssdn.gouv.qc.ca\\\/petitscheminots\\\/a-propos\\\/horaire-et-calendrier\\\/#breadcrumb\",\"itemListElement\":[{\"@type\":\"ListItem\",\"position\":1,\"name\":\"Accueil\",\"item\":\"https:\\\/\\\/cssdn.gouv.qc.ca\\\/petitscheminots\\\/\"},{\"@type\":\"ListItem\",\"position\":2,\"name\":\"\u00c0 propos\",\"item\":\"https:\\\/\\\/cssdn.gouv.qc.ca\\\/petitscheminots\\\/a-propos\\\/\"},{\"@type\":\"ListItem\",\"position\":3,\"name\":\"Horaire et calendrier\"}]},{\"@type\":\"WebSite\",\"@id\":\"https:\\\/\\\/cssdn.gouv.qc.ca\\\/petitscheminots\\\/#website\",\"url\":\"https:\\\/\\\/cssdn.gouv.qc.ca\\\/petitscheminots\\\/\",\"name\":\"\u00c9cole des Petits-Cheminots\",\"description\":\"Un site des centres de services scolaires des Navigateurs\",\"publisher\":{\"@id\":\"https:\\\/\\\/cssdn.gouv.qc.ca\\\/petitscheminots\\\/#organization\"},\"potentialAction\":[{\"@type\":\"SearchAction\",\"target\":{\"@type\":\"EntryPoint\",\"urlTemplate\":\"https:\\\/\\\/cssdn.gouv.qc.ca\\\/petitscheminots\\\/?s={search_term_string}\"},\"query-input\":{\"@type\":\"PropertyValueSpecification\",\"valueRequired\":true,\"valueName\":\"search_term_string\"}}],\"inLanguage\":\"fr-CA\"},{\"@type\":\"Organization\",\"@id\":\"https:\\\/\\\/cssdn.gouv.qc.ca\\\/petitscheminots\\\/#organization\",\"name\":\"\u00c9cole des Petits-Cheminots\",\"url\":\"https:\\\/\\\/cssdn.gouv.qc.ca\\\/petitscheminots\\\/\",\"logo\":{\"@type\":\"ImageObject\",\"inLanguage\":\"fr-CA\",\"@id\":\"https:\\\/\\\/cssdn.gouv.qc.ca\\\/petitscheminots\\\/#\\\/schema\\\/logo\\\/image\\\/\",\"url\":\"https:\\\/\\\/cssdn.gouv.qc.ca\\\/petitscheminots\\\/wp-content\\\/uploads\\\/sites\\\/51\\\/2023\\\/01\\\/logo_quebec.svg\",\"contentUrl\":\"https:\\\/\\\/cssdn.gouv.qc.ca\\\/petitscheminots\\\/wp-content\\\/uploads\\\/sites\\\/51\\\/2023\\\/01\\\/logo_quebec.svg\",\"width\":188,\"height\":41,\"caption\":\"\u00c9cole des Petits-Cheminots\"},\"image\":{\"@id\":\"https:\\\/\\\/cssdn.gouv.qc.ca\\\/petitscheminots\\\/#\\\/schema\\\/logo\\\/image\\\/\"},\"sameAs\":[\"https:\\\/\\\/www.facebook.com\\\/petitscheminots\"]}]}<\/script>\n<!-- \/ Yoast SEO plugin. -->","yoast_head_json":{"title":"Horaire et calendrier - \u00c9cole des Petits-Cheminots","robots":{"index":"index","follow":"follow","max-snippet":"max-snippet:-1","max-image-preview":"max-image-preview:large","max-video-preview":"max-video-preview:-1"},"canonical":"https:\/\/cssdn.gouv.qc.ca\/petitscheminots\/a-propos\/horaire-et-calendrier\/","og_locale":"fr_CA","og_type":"article","og_title":"Horaire et calendrier - \u00c9cole des Petits-Cheminots","og_description":"Horaire de l&rsquo;\u00c9cole de la Passerelle Pr\u00e9scolaire : 8 h 23 \u00e0 11 h 25 &#8212; 12 h 50 \u00e0 14 h 30 Primaire : 8 h \u00e0 11 h 25 &#8212; 12 h 50 \u00e0 15 h 15 ** Les p\u00e9riodes pour les \u00e9l\u00e8ves de 1re, 2e et 3e ann\u00e9e ** Horaire de l&rsquo;\u00c9cole [&hellip;]","og_url":"https:\/\/cssdn.gouv.qc.ca\/petitscheminots\/a-propos\/horaire-et-calendrier\/","og_site_name":"\u00c9cole des Petits-Cheminots","article_publisher":"https:\/\/www.facebook.com\/petitscheminots","article_modified_time":"2025-10-03T19:09:55+00:00","twitter_card":"summary_large_image","twitter_misc":{"Estimation du temps de lecture":"2 minutes"},"schema":{"@context":"https:\/\/schema.org","@graph":[{"@type":"WebPage","@id":"https:\/\/cssdn.gouv.qc.ca\/petitscheminots\/a-propos\/horaire-et-calendrier\/","url":"https:\/\/cssdn.gouv.qc.ca\/petitscheminots\/a-propos\/horaire-et-calendrier\/","name":"Horaire et calendrier - \u00c9cole des Petits-Cheminots","isPartOf":{"@id":"https:\/\/cssdn.gouv.qc.ca\/petitscheminots\/#website"},"primaryImageOfPage":{"@id":"https:\/\/cssdn.gouv.qc.ca\/petitscheminots\/a-propos\/horaire-et-calendrier\/#primaryimage"},"image":{"@id":"https:\/\/cssdn.gouv.qc.ca\/petitscheminots\/a-propos\/horaire-et-calendrier\/#primaryimage"},"thumbnailUrl":"https:\/\/cssdn.gouv.qc.ca\/wp-content\/uploads\/2022\/08\/Seawire-Hero-06.jpg","datePublished":"2022-11-08T21:07:54+00:00","dateModified":"2025-10-03T19:09:55+00:00","breadcrumb":{"@id":"https:\/\/cssdn.gouv.qc.ca\/petitscheminots\/a-propos\/horaire-et-calendrier\/#breadcrumb"},"inLanguage":"fr-CA","potentialAction":[{"@type":"ReadAction","target":["https:\/\/cssdn.gouv.qc.ca\/petitscheminots\/a-propos\/horaire-et-calendrier\/"]}]},{"@type":"ImageObject","inLanguage":"fr-CA","@id":"https:\/\/cssdn.gouv.qc.ca\/petitscheminots\/a-propos\/horaire-et-calendrier\/#primaryimage","url":"https:\/\/cssdn.gouv.qc.ca\/wp-content\/uploads\/2022\/08\/Seawire-Hero-06.jpg","contentUrl":"https:\/\/cssdn.gouv.qc.ca\/wp-content\/uploads\/2022\/08\/Seawire-Hero-06.jpg"},{"@type":"BreadcrumbList","@id":"https:\/\/cssdn.gouv.qc.ca\/petitscheminots\/a-propos\/horaire-et-calendrier\/#breadcrumb","itemListElement":[{"@type":"ListItem","position":1,"name":"Accueil","item":"https:\/\/cssdn.gouv.qc.ca\/petitscheminots\/"},{"@type":"ListItem","position":2,"name":"\u00c0 propos","item":"https:\/\/cssdn.gouv.qc.ca\/petitscheminots\/a-propos\/"},{"@type":"ListItem","position":3,"name":"Horaire et calendrier"}]},{"@type":"WebSite","@id":"https:\/\/cssdn.gouv.qc.ca\/petitscheminots\/#website","url":"https:\/\/cssdn.gouv.qc.ca\/petitscheminots\/","name":"\u00c9cole des Petits-Cheminots","description":"Un site des centres de services scolaires des Navigateurs","publisher":{"@id":"https:\/\/cssdn.gouv.qc.ca\/petitscheminots\/#organization"},"potentialAction":[{"@type":"SearchAction","target":{"@type":"EntryPoint","urlTemplate":"https:\/\/cssdn.gouv.qc.ca\/petitscheminots\/?s={search_term_string}"},"query-input":{"@type":"PropertyValueSpecification","valueRequired":true,"valueName":"search_term_string"}}],"inLanguage":"fr-CA"},{"@type":"Organization","@id":"https:\/\/cssdn.gouv.qc.ca\/petitscheminots\/#organization","name":"\u00c9cole des Petits-Cheminots","url":"https:\/\/cssdn.gouv.qc.ca\/petitscheminots\/","logo":{"@type":"ImageObject","inLanguage":"fr-CA","@id":"https:\/\/cssdn.gouv.qc.ca\/petitscheminots\/#\/schema\/logo\/image\/","url":"https:\/\/cssdn.gouv.qc.ca\/petitscheminots\/wp-content\/uploads\/sites\/51\/2023\/01\/logo_quebec.svg","contentUrl":"https:\/\/cssdn.gouv.qc.ca\/petitscheminots\/wp-content\/uploads\/sites\/51\/2023\/01\/logo_quebec.svg","width":188,"height":41,"caption":"\u00c9cole des Petits-Cheminots"},"image":{"@id":"https:\/\/cssdn.gouv.qc.ca\/petitscheminots\/#\/schema\/logo\/image\/"},"sameAs":["https:\/\/www.facebook.com\/petitscheminots"]}]}},"publishpress_future_action":{"enabled":false,"date":"2026-04-23 18:35:14","action":"change-status","newStatus":"draft","terms":[],"taxonomy":"category","extraData":[]},"publishpress_future_workflow_manual_trigger":{"enabledWorkflows":[]},"_links":{"self":[{"href":"https:\/\/cssdn.gouv.qc.ca\/petitscheminots\/wp-json\/wp\/v2\/pages\/8","targetHints":{"allow":["GET"]}}],"collection":[{"href":"https:\/\/cssdn.gouv.qc.ca\/petitscheminots\/wp-json\/wp\/v2\/pages"}],"about":[{"href":"https:\/\/cssdn.gouv.qc.ca\/petitscheminots\/wp-json\/wp\/v2\/types\/page"}],"author":[{"embeddable":true,"href":"https:\/\/cssdn.gouv.qc.ca\/petitscheminots\/wp-json\/wp\/v2\/users\/1"}],"replies":[{"embeddable":true,"href":"https:\/\/cssdn.gouv.qc.ca\/petitscheminots\/wp-json\/wp\/v2\/comments?post=8"}],"version-history":[{"count":0,"href":"https:\/\/cssdn.gouv.qc.ca\/petitscheminots\/wp-json\/wp\/v2\/pages\/8\/revisions"}],"up":[{"embeddable":true,"href":"https:\/\/cssdn.gouv.qc.ca\/petitscheminots\/wp-json\/wp\/v2\/pages\/6"}],"wp:attachment":[{"href":"https:\/\/cssdn.gouv.qc.ca\/petitscheminots\/wp-json\/wp\/v2\/media?parent=8"}],"wp:term":[{"taxonomy":"category","embeddable":true,"href":"https:\/\/cssdn.gouv.qc.ca\/petitscheminots\/wp-json\/wp\/v2\/categories?post=8"},{"taxonomy":"post_tag","embeddable":true,"href":"https:\/\/cssdn.gouv.qc.ca\/petitscheminots\/wp-json\/wp\/v2\/tags?post=8"}],"curies":[{"name":"wp","href":"https:\/\/api.w.org\/{rel}","templated":true}]}}