
{"id":10,"date":"2022-11-08T16:07:54","date_gmt":"2022-11-08T21:07:54","guid":{"rendered":"https:\/\/cssdn.gouv.qc.ca\/pleinsoleil\/a-propos\/conseil-detablissement\/"},"modified":"2025-12-02T12:40:38","modified_gmt":"2025-12-02T17:40:38","slug":"conseil-detablissement","status":"publish","type":"page","link":"https:\/\/cssdn.gouv.qc.ca\/pleinsoleil\/a-propos\/conseil-detablissement\/","title":{"rendered":"Conseil d&rsquo;\u00e9tablissement"},"content":{"rendered":"\n<div class=\"wp-block-cover alignfull is-light is-style-title-banner\"><img decoding=\"async\" class=\"wp-block-cover__image-background wp-image-111 lazyload\" alt=\"\" data-src=\"https:\/\/cssdn.gouv.qc.ca\/wp-content\/uploads\/2022\/08\/Seawire-Hero-06.jpg\" data-object-fit=\"cover\" src=\"data:image\/svg+xml;base64,PHN2ZyB3aWR0aD0iMSIgaGVpZ2h0PSIxIiB4bWxucz0iaHR0cDovL3d3dy53My5vcmcvMjAwMC9zdmciPjwvc3ZnPg==\" \/><span aria-hidden=\"true\" class=\"wp-block-cover__background has-primary-background-color has-background-dim\"><\/span><div class=\"wp-block-cover__inner-container\"><h3 class=\"wp-block-post-title\">Conseil d&rsquo;\u00e9tablissement<\/h3><\/div><\/div>\n\n\n\n<div class=\"wp-block-group alignfull has-padding-y-large has-secondary-background-color has-background\"><div class=\"yoast-breadcrumbs alignwide \"><span class=\"breadcrumbs\"><a href=\"https:\/\/cssdn.gouv.qc.ca\/pleinsoleil\/\" class=\"breadcrumbs__element\">Accueil<\/a> <span class=\"breadcrumbs__separator\">\n        <svg class=\"icon icon-breadcrumb__separator\"><use xlink:href=\"#icon-breadcrumb__separator\"><\/use><\/svg>\n    <\/span> <a href=\"https:\/\/cssdn.gouv.qc.ca\/pleinsoleil\/a-propos\/\" class=\"breadcrumbs__element\">\u00c0 propos<\/a> <span class=\"breadcrumbs__separator\">\n        <svg class=\"icon icon-breadcrumb__separator\"><use xlink:href=\"#icon-breadcrumb__separator\"><\/use><\/svg>\n    <\/span> <span class=\"breadcrumbs__element breadcrumbs__element-current\">Conseil d&rsquo;\u00e9tablissement<\/span><\/span><\/div><\/div>\n\n\n\n<p class=\"wp-block-paragraph\">Le Conseil d\u2019\u00c9tablissement de l&rsquo;\u00e9cole Plein Soleil est form\u00e9 de 7 parents, de 4 enseignants, d&rsquo;un repr\u00e9sentant du personnel de soutien, d&rsquo;un professionnel et&nbsp;de la responsable&nbsp;du service de garde.&nbsp;Les parents qui y si\u00e8gent sont \u00e9lus pour un mandat de deux ans lors de l&rsquo;assembl\u00e9e g\u00e9n\u00e9rale qui&nbsp;se tient&nbsp;en d\u00e9but d\u2019ann\u00e9e. La pr\u00e9sidence est assum\u00e9e par un parent.<br><br><br><br>Le Conseil&nbsp;d&rsquo;\u00e9tablissement de l&rsquo;\u00e9cole Plein-Soleil pour l&rsquo;ann\u00e9e scolaire 2025-2026&nbsp;est compos\u00e9 des personnes suivantes:<\/p>\n\n\n\n<figure class=\"wp-block-table\"><table><tbody><tr><td><strong>Pr\u00e9nom, Nom<\/strong><\/td><td><strong>R\u00f4le<\/strong><\/td><\/tr><tr><td>Monsieur Fran\u00e7ois D\u00e9ry<\/td><td>Parent\/pr\u00e9sident<\/td><\/tr><tr><td>Monsieur Maxim Vacher<\/td><td>Parent&nbsp;<\/td><\/tr><tr><td>Monsieur Sylvain Charest<\/td><td>Parent&nbsp;<\/td><\/tr><tr><td>Madame Joanie Bernier<\/td><td>Parent<\/td><\/tr><tr><td>Monsieur Louis-F\u00e9lix Tremblay<\/td><td>Parent<\/td><\/tr><tr><td>Madame Nancy Diplo<\/td><td>Parent<\/td><\/tr><tr><td>Madame Doroth\u00e9e Laverdi\u00e8re<\/td><td>Parent<\/td><\/tr><tr><td>Madame Sophie Harvey<\/td><td>Responsable du service de garde<\/td><\/tr><tr><td>Madame Marie-Eve Allard<\/td><td>Enseignante pr\u00e9scolaire <\/td><\/tr><tr><td>Madame Isabelle Lacroix<\/td><td>Enseignante 4\u00e8me ann\u00e9e <\/td><\/tr><tr><td>Madame Anick V\u00e9zina<\/td><td>Enseignante 5\u00e8me ann\u00e9e <\/td><\/tr><tr><td>Madame Manon Hall\u00e9<\/td><td>Enseignante 2\u00e8me ann\u00e9e<\/td><\/tr><tr><td>Madame Ren\u00e9e Lessard<\/td><td>Personnel professionnel, orthophoniste<\/td><\/tr><tr><td>Madame Nicole Beaudoin<\/td><td>Personnel de soutien, \u00e9ducatrice sp\u00e9cialis\u00e9e <\/td><\/tr><\/tbody><\/table><\/figure>\n\n\n\n<p class=\"wp-block-paragraph\">Ces assembl\u00e9es sont publiques et se tiennent selon le calendrier suivant:&nbsp;&nbsp;<\/p>\n\n\n\n<p class=\"wp-block-paragraph\">10 septembre 2025 19h30 Assembl\u00e9e g\u00e9n\u00e9rale annuelle<\/p>\n\n\n\n<p class=\"wp-block-paragraph\">23 septembre 2025 19h<\/p>\n\n\n\n<p class=\"wp-block-paragraph\">3 d\u00e9cembre 2025 19h<\/p>\n\n\n\n<p class=\"wp-block-paragraph\">10 f\u00e9vrier 2026 19h<\/p>\n\n\n\n<p class=\"wp-block-paragraph\">14 avril 2026 19h<\/p>\n\n\n\n<p class=\"wp-block-paragraph\">17 juin 2026 19h<\/p>\n\n\n\n<p class=\"wp-block-paragraph\"><\/p>\n\n\n\n<p class=\"wp-block-paragraph\">Ordres du jour et proc\u00e8s-verbaux :<\/p>\n\n\n\n<div class=\"wp-block-file\"><a id=\"wp-block-file--media-9fa5255d-8df8-499e-a6c6-1d2f0bdc25aa\" href=\"https:\/\/cssdn.gouv.qc.ca\/pleinsoleil\/wp-content\/uploads\/sites\/52\/2025\/12\/ODJ-3-dec-2025.pdf\">3 d\u00e9c 2025 ODJ<\/a><a href=\"https:\/\/cssdn.gouv.qc.ca\/pleinsoleil\/wp-content\/uploads\/sites\/52\/2025\/12\/ODJ-3-dec-2025.pdf\" class=\"wp-block-file__button wp-element-button\" download aria-describedby=\"wp-block-file--media-9fa5255d-8df8-499e-a6c6-1d2f0bdc25aa\">Download<\/a><\/div>\n\n\n\n<div class=\"wp-block-file\"><a id=\"wp-block-file--media-1bbd1063-2ac3-4925-8749-07b7ec976e80\" href=\"https:\/\/cssdn.gouv.qc.ca\/pleinsoleil\/wp-content\/uploads\/sites\/52\/2025\/09\/10-sept-2025-ODJ.pdf\">10 sept 2025 ODJ<\/a><a href=\"https:\/\/cssdn.gouv.qc.ca\/pleinsoleil\/wp-content\/uploads\/sites\/52\/2025\/09\/10-sept-2025-ODJ.pdf\" class=\"wp-block-file__button wp-element-button\" download aria-describedby=\"wp-block-file--media-1bbd1063-2ac3-4925-8749-07b7ec976e80\">Download<\/a><\/div>\n\n\n\n<div class=\"wp-block-file\"><a id=\"wp-block-file--media-56e0cde1-4fd9-4042-8dd4-976b20339e9e\" href=\"https:\/\/cssdn.gouv.qc.ca\/pleinsoleil\/wp-content\/uploads\/sites\/52\/2025\/09\/10-sept-2025-P-V.pdf\">10 sept 2025 P-V<\/a><a href=\"https:\/\/cssdn.gouv.qc.ca\/pleinsoleil\/wp-content\/uploads\/sites\/52\/2025\/09\/10-sept-2025-P-V.pdf\" class=\"wp-block-file__button wp-element-button\" download aria-describedby=\"wp-block-file--media-56e0cde1-4fd9-4042-8dd4-976b20339e9e\">Download<\/a><\/div>\n\n\n\n<div class=\"wp-block-file\"><a id=\"wp-block-file--media-ad61cdd4-be2c-4e59-9340-03d886c54fc4\" href=\"https:\/\/cssdn.gouv.qc.ca\/pleinsoleil\/wp-content\/uploads\/sites\/52\/2025\/09\/23-sept-2025-ODJ-2.pdf\">23 sept 2025 ODJ<\/a><a href=\"https:\/\/cssdn.gouv.qc.ca\/pleinsoleil\/wp-content\/uploads\/sites\/52\/2025\/09\/23-sept-2025-ODJ-2.pdf\" class=\"wp-block-file__button wp-element-button\" download aria-describedby=\"wp-block-file--media-ad61cdd4-be2c-4e59-9340-03d886c54fc4\">Download<\/a><\/div>\n","protected":false},"excerpt":{"rendered":"<p>Le Conseil d\u2019\u00c9tablissement de l&rsquo;\u00e9cole Plein Soleil est form\u00e9 de 7 parents, de 4 enseignants, d&rsquo;un repr\u00e9sentant du personnel de soutien, d&rsquo;un professionnel et&nbsp;de la responsable&nbsp;du service de garde.&nbsp;Les parents qui y si\u00e8gent sont \u00e9lus pour un mandat de deux ans lors de l&rsquo;assembl\u00e9e g\u00e9n\u00e9rale qui&nbsp;se tient&nbsp;en d\u00e9but d\u2019ann\u00e9e. La pr\u00e9sidence est assum\u00e9e par un [&hellip;]<\/p>\n","protected":false},"author":1,"featured_media":0,"parent":6,"menu_order":0,"comment_status":"closed","ping_status":"closed","template":"","meta":{"_acf_changed":false,"_crdt_document":"","inline_featured_image":false,"footnotes":""},"categories":[],"tags":[],"class_list":["post-10","page","type-page","status-publish","hentry"],"acf":[],"yoast_head":"<!-- This site is optimized with the Yoast SEO plugin v27.3 - https:\/\/yoast.com\/product\/yoast-seo-wordpress\/ -->\n<title>Conseil d&#039;\u00e9tablissement - \u00c9cole Plein-Soleil<\/title>\n<meta name=\"robots\" content=\"index, follow, max-snippet:-1, max-image-preview:large, max-video-preview:-1\" \/>\n<link rel=\"canonical\" href=\"https:\/\/cssdn.gouv.qc.ca\/pleinsoleil\/a-propos\/conseil-detablissement\/\" \/>\n<meta property=\"og:locale\" content=\"fr_CA\" \/>\n<meta property=\"og:type\" content=\"article\" \/>\n<meta property=\"og:title\" content=\"Conseil d&#039;\u00e9tablissement - \u00c9cole Plein-Soleil\" \/>\n<meta property=\"og:description\" content=\"Le Conseil d\u2019\u00c9tablissement de l&rsquo;\u00e9cole Plein Soleil est form\u00e9 de 7 parents, de 4 enseignants, d&rsquo;un repr\u00e9sentant du personnel de soutien, d&rsquo;un professionnel et&nbsp;de la responsable&nbsp;du service de garde.&nbsp;Les parents qui y si\u00e8gent sont \u00e9lus pour un mandat de deux ans lors de l&rsquo;assembl\u00e9e g\u00e9n\u00e9rale qui&nbsp;se tient&nbsp;en d\u00e9but d\u2019ann\u00e9e. La pr\u00e9sidence est assum\u00e9e par un [&hellip;]\" \/>\n<meta property=\"og:url\" content=\"https:\/\/cssdn.gouv.qc.ca\/pleinsoleil\/a-propos\/conseil-detablissement\/\" \/>\n<meta property=\"og:site_name\" content=\"\u00c9cole Plein-Soleil\" \/>\n<meta property=\"article:publisher\" content=\"https:\/\/www.facebook.com\/profile.php?id=100057347533929\" \/>\n<meta property=\"article:modified_time\" content=\"2025-12-02T17:40:38+00:00\" \/>\n<meta name=\"twitter:card\" content=\"summary_large_image\" \/>\n<meta name=\"twitter:label1\" content=\"Estimation du temps de lecture\" \/>\n\t<meta name=\"twitter:data1\" content=\"2 minutes\" \/>\n<script type=\"application\/ld+json\" class=\"yoast-schema-graph\">{\"@context\":\"https:\\\/\\\/schema.org\",\"@graph\":[{\"@type\":\"WebPage\",\"@id\":\"https:\\\/\\\/cssdn.gouv.qc.ca\\\/pleinsoleil\\\/a-propos\\\/conseil-detablissement\\\/\",\"url\":\"https:\\\/\\\/cssdn.gouv.qc.ca\\\/pleinsoleil\\\/a-propos\\\/conseil-detablissement\\\/\",\"name\":\"Conseil d'\u00e9tablissement - \u00c9cole Plein-Soleil\",\"isPartOf\":{\"@id\":\"https:\\\/\\\/cssdn.gouv.qc.ca\\\/pleinsoleil\\\/#website\"},\"primaryImageOfPage\":{\"@id\":\"https:\\\/\\\/cssdn.gouv.qc.ca\\\/pleinsoleil\\\/a-propos\\\/conseil-detablissement\\\/#primaryimage\"},\"image\":{\"@id\":\"https:\\\/\\\/cssdn.gouv.qc.ca\\\/pleinsoleil\\\/a-propos\\\/conseil-detablissement\\\/#primaryimage\"},\"thumbnailUrl\":\"https:\\\/\\\/cssdn.gouv.qc.ca\\\/wp-content\\\/uploads\\\/2022\\\/08\\\/Seawire-Hero-06.jpg\",\"datePublished\":\"2022-11-08T21:07:54+00:00\",\"dateModified\":\"2025-12-02T17:40:38+00:00\",\"breadcrumb\":{\"@id\":\"https:\\\/\\\/cssdn.gouv.qc.ca\\\/pleinsoleil\\\/a-propos\\\/conseil-detablissement\\\/#breadcrumb\"},\"inLanguage\":\"fr-CA\",\"potentialAction\":[{\"@type\":\"ReadAction\",\"target\":[\"https:\\\/\\\/cssdn.gouv.qc.ca\\\/pleinsoleil\\\/a-propos\\\/conseil-detablissement\\\/\"]}]},{\"@type\":\"ImageObject\",\"inLanguage\":\"fr-CA\",\"@id\":\"https:\\\/\\\/cssdn.gouv.qc.ca\\\/pleinsoleil\\\/a-propos\\\/conseil-detablissement\\\/#primaryimage\",\"url\":\"https:\\\/\\\/cssdn.gouv.qc.ca\\\/wp-content\\\/uploads\\\/2022\\\/08\\\/Seawire-Hero-06.jpg\",\"contentUrl\":\"https:\\\/\\\/cssdn.gouv.qc.ca\\\/wp-content\\\/uploads\\\/2022\\\/08\\\/Seawire-Hero-06.jpg\"},{\"@type\":\"BreadcrumbList\",\"@id\":\"https:\\\/\\\/cssdn.gouv.qc.ca\\\/pleinsoleil\\\/a-propos\\\/conseil-detablissement\\\/#breadcrumb\",\"itemListElement\":[{\"@type\":\"ListItem\",\"position\":1,\"name\":\"Accueil\",\"item\":\"https:\\\/\\\/cssdn.gouv.qc.ca\\\/pleinsoleil\\\/\"},{\"@type\":\"ListItem\",\"position\":2,\"name\":\"\u00c0 propos\",\"item\":\"https:\\\/\\\/cssdn.gouv.qc.ca\\\/pleinsoleil\\\/a-propos\\\/\"},{\"@type\":\"ListItem\",\"position\":3,\"name\":\"Conseil d&rsquo;\u00e9tablissement\"}]},{\"@type\":\"WebSite\",\"@id\":\"https:\\\/\\\/cssdn.gouv.qc.ca\\\/pleinsoleil\\\/#website\",\"url\":\"https:\\\/\\\/cssdn.gouv.qc.ca\\\/pleinsoleil\\\/\",\"name\":\"\u00c9cole Plein-Soleil\",\"description\":\"Un site des centres de services scolaires des Navigateurs\",\"publisher\":{\"@id\":\"https:\\\/\\\/cssdn.gouv.qc.ca\\\/pleinsoleil\\\/#organization\"},\"potentialAction\":[{\"@type\":\"SearchAction\",\"target\":{\"@type\":\"EntryPoint\",\"urlTemplate\":\"https:\\\/\\\/cssdn.gouv.qc.ca\\\/pleinsoleil\\\/?s={search_term_string}\"},\"query-input\":{\"@type\":\"PropertyValueSpecification\",\"valueRequired\":true,\"valueName\":\"search_term_string\"}}],\"inLanguage\":\"fr-CA\"},{\"@type\":\"Organization\",\"@id\":\"https:\\\/\\\/cssdn.gouv.qc.ca\\\/pleinsoleil\\\/#organization\",\"name\":\"\u00c9cole Plein-Soleil\",\"url\":\"https:\\\/\\\/cssdn.gouv.qc.ca\\\/pleinsoleil\\\/\",\"logo\":{\"@type\":\"ImageObject\",\"inLanguage\":\"fr-CA\",\"@id\":\"https:\\\/\\\/cssdn.gouv.qc.ca\\\/pleinsoleil\\\/#\\\/schema\\\/logo\\\/image\\\/\",\"url\":\"https:\\\/\\\/cssdn.gouv.qc.ca\\\/pleinsoleil\\\/wp-content\\\/uploads\\\/sites\\\/52\\\/2023\\\/01\\\/logo_quebec.svg\",\"contentUrl\":\"https:\\\/\\\/cssdn.gouv.qc.ca\\\/pleinsoleil\\\/wp-content\\\/uploads\\\/sites\\\/52\\\/2023\\\/01\\\/logo_quebec.svg\",\"width\":188,\"height\":41,\"caption\":\"\u00c9cole Plein-Soleil\"},\"image\":{\"@id\":\"https:\\\/\\\/cssdn.gouv.qc.ca\\\/pleinsoleil\\\/#\\\/schema\\\/logo\\\/image\\\/\"},\"sameAs\":[\"https:\\\/\\\/www.facebook.com\\\/profile.php?id=100057347533929\"]}]}<\/script>\n<!-- \/ Yoast SEO plugin. -->","yoast_head_json":{"title":"Conseil d'\u00e9tablissement - \u00c9cole Plein-Soleil","robots":{"index":"index","follow":"follow","max-snippet":"max-snippet:-1","max-image-preview":"max-image-preview:large","max-video-preview":"max-video-preview:-1"},"canonical":"https:\/\/cssdn.gouv.qc.ca\/pleinsoleil\/a-propos\/conseil-detablissement\/","og_locale":"fr_CA","og_type":"article","og_title":"Conseil d'\u00e9tablissement - \u00c9cole Plein-Soleil","og_description":"Le Conseil d\u2019\u00c9tablissement de l&rsquo;\u00e9cole Plein Soleil est form\u00e9 de 7 parents, de 4 enseignants, d&rsquo;un repr\u00e9sentant du personnel de soutien, d&rsquo;un professionnel et&nbsp;de la responsable&nbsp;du service de garde.&nbsp;Les parents qui y si\u00e8gent sont \u00e9lus pour un mandat de deux ans lors de l&rsquo;assembl\u00e9e g\u00e9n\u00e9rale qui&nbsp;se tient&nbsp;en d\u00e9but d\u2019ann\u00e9e. La pr\u00e9sidence est assum\u00e9e par un [&hellip;]","og_url":"https:\/\/cssdn.gouv.qc.ca\/pleinsoleil\/a-propos\/conseil-detablissement\/","og_site_name":"\u00c9cole Plein-Soleil","article_publisher":"https:\/\/www.facebook.com\/profile.php?id=100057347533929","article_modified_time":"2025-12-02T17:40:38+00:00","twitter_card":"summary_large_image","twitter_misc":{"Estimation du temps de lecture":"2 minutes"},"schema":{"@context":"https:\/\/schema.org","@graph":[{"@type":"WebPage","@id":"https:\/\/cssdn.gouv.qc.ca\/pleinsoleil\/a-propos\/conseil-detablissement\/","url":"https:\/\/cssdn.gouv.qc.ca\/pleinsoleil\/a-propos\/conseil-detablissement\/","name":"Conseil d'\u00e9tablissement - \u00c9cole Plein-Soleil","isPartOf":{"@id":"https:\/\/cssdn.gouv.qc.ca\/pleinsoleil\/#website"},"primaryImageOfPage":{"@id":"https:\/\/cssdn.gouv.qc.ca\/pleinsoleil\/a-propos\/conseil-detablissement\/#primaryimage"},"image":{"@id":"https:\/\/cssdn.gouv.qc.ca\/pleinsoleil\/a-propos\/conseil-detablissement\/#primaryimage"},"thumbnailUrl":"https:\/\/cssdn.gouv.qc.ca\/wp-content\/uploads\/2022\/08\/Seawire-Hero-06.jpg","datePublished":"2022-11-08T21:07:54+00:00","dateModified":"2025-12-02T17:40:38+00:00","breadcrumb":{"@id":"https:\/\/cssdn.gouv.qc.ca\/pleinsoleil\/a-propos\/conseil-detablissement\/#breadcrumb"},"inLanguage":"fr-CA","potentialAction":[{"@type":"ReadAction","target":["https:\/\/cssdn.gouv.qc.ca\/pleinsoleil\/a-propos\/conseil-detablissement\/"]}]},{"@type":"ImageObject","inLanguage":"fr-CA","@id":"https:\/\/cssdn.gouv.qc.ca\/pleinsoleil\/a-propos\/conseil-detablissement\/#primaryimage","url":"https:\/\/cssdn.gouv.qc.ca\/wp-content\/uploads\/2022\/08\/Seawire-Hero-06.jpg","contentUrl":"https:\/\/cssdn.gouv.qc.ca\/wp-content\/uploads\/2022\/08\/Seawire-Hero-06.jpg"},{"@type":"BreadcrumbList","@id":"https:\/\/cssdn.gouv.qc.ca\/pleinsoleil\/a-propos\/conseil-detablissement\/#breadcrumb","itemListElement":[{"@type":"ListItem","position":1,"name":"Accueil","item":"https:\/\/cssdn.gouv.qc.ca\/pleinsoleil\/"},{"@type":"ListItem","position":2,"name":"\u00c0 propos","item":"https:\/\/cssdn.gouv.qc.ca\/pleinsoleil\/a-propos\/"},{"@type":"ListItem","position":3,"name":"Conseil d&rsquo;\u00e9tablissement"}]},{"@type":"WebSite","@id":"https:\/\/cssdn.gouv.qc.ca\/pleinsoleil\/#website","url":"https:\/\/cssdn.gouv.qc.ca\/pleinsoleil\/","name":"\u00c9cole Plein-Soleil","description":"Un site des centres de services scolaires des Navigateurs","publisher":{"@id":"https:\/\/cssdn.gouv.qc.ca\/pleinsoleil\/#organization"},"potentialAction":[{"@type":"SearchAction","target":{"@type":"EntryPoint","urlTemplate":"https:\/\/cssdn.gouv.qc.ca\/pleinsoleil\/?s={search_term_string}"},"query-input":{"@type":"PropertyValueSpecification","valueRequired":true,"valueName":"search_term_string"}}],"inLanguage":"fr-CA"},{"@type":"Organization","@id":"https:\/\/cssdn.gouv.qc.ca\/pleinsoleil\/#organization","name":"\u00c9cole Plein-Soleil","url":"https:\/\/cssdn.gouv.qc.ca\/pleinsoleil\/","logo":{"@type":"ImageObject","inLanguage":"fr-CA","@id":"https:\/\/cssdn.gouv.qc.ca\/pleinsoleil\/#\/schema\/logo\/image\/","url":"https:\/\/cssdn.gouv.qc.ca\/pleinsoleil\/wp-content\/uploads\/sites\/52\/2023\/01\/logo_quebec.svg","contentUrl":"https:\/\/cssdn.gouv.qc.ca\/pleinsoleil\/wp-content\/uploads\/sites\/52\/2023\/01\/logo_quebec.svg","width":188,"height":41,"caption":"\u00c9cole Plein-Soleil"},"image":{"@id":"https:\/\/cssdn.gouv.qc.ca\/pleinsoleil\/#\/schema\/logo\/image\/"},"sameAs":["https:\/\/www.facebook.com\/profile.php?id=100057347533929"]}]}},"publishpress_future_action":{"enabled":false,"date":"2026-04-12 12:35:26","action":"change-status","newStatus":"draft","terms":[],"taxonomy":"category","extraData":[]},"publishpress_future_workflow_manual_trigger":{"enabledWorkflows":[]},"_links":{"self":[{"href":"https:\/\/cssdn.gouv.qc.ca\/pleinsoleil\/wp-json\/wp\/v2\/pages\/10","targetHints":{"allow":["GET"]}}],"collection":[{"href":"https:\/\/cssdn.gouv.qc.ca\/pleinsoleil\/wp-json\/wp\/v2\/pages"}],"about":[{"href":"https:\/\/cssdn.gouv.qc.ca\/pleinsoleil\/wp-json\/wp\/v2\/types\/page"}],"author":[{"embeddable":true,"href":"https:\/\/cssdn.gouv.qc.ca\/pleinsoleil\/wp-json\/wp\/v2\/users\/1"}],"replies":[{"embeddable":true,"href":"https:\/\/cssdn.gouv.qc.ca\/pleinsoleil\/wp-json\/wp\/v2\/comments?post=10"}],"version-history":[{"count":0,"href":"https:\/\/cssdn.gouv.qc.ca\/pleinsoleil\/wp-json\/wp\/v2\/pages\/10\/revisions"}],"up":[{"embeddable":true,"href":"https:\/\/cssdn.gouv.qc.ca\/pleinsoleil\/wp-json\/wp\/v2\/pages\/6"}],"wp:attachment":[{"href":"https:\/\/cssdn.gouv.qc.ca\/pleinsoleil\/wp-json\/wp\/v2\/media?parent=10"}],"wp:term":[{"taxonomy":"category","embeddable":true,"href":"https:\/\/cssdn.gouv.qc.ca\/pleinsoleil\/wp-json\/wp\/v2\/categories?post=10"},{"taxonomy":"post_tag","embeddable":true,"href":"https:\/\/cssdn.gouv.qc.ca\/pleinsoleil\/wp-json\/wp\/v2\/tags?post=10"}],"curies":[{"name":"wp","href":"https:\/\/api.w.org\/{rel}","templated":true}]}}