
{"id":12,"date":"2022-11-08T16:07:55","date_gmt":"2022-11-08T21:07:55","guid":{"rendered":"https:\/\/cssdn.gouv.qc.ca\/pleinsoleil\/projet-educatif\/"},"modified":"2025-11-17T10:47:28","modified_gmt":"2025-11-17T15:47:28","slug":"projet-educatif","status":"publish","type":"page","link":"https:\/\/cssdn.gouv.qc.ca\/pleinsoleil\/a-propos\/projet-educatif\/","title":{"rendered":"Documentation officielle"},"content":{"rendered":"\n<div class=\"wp-block-cover alignfull is-light is-style-title-banner\"><img decoding=\"async\" class=\"wp-block-cover__image-background wp-image-111 lazyload\" alt=\"\" data-src=\"https:\/\/stage.cssdn.gouv.qc.ca\/wp-content\/uploads\/2022\/08\/Seawire-Hero-06.jpg\" data-object-fit=\"cover\" src=\"data:image\/svg+xml;base64,PHN2ZyB3aWR0aD0iMSIgaGVpZ2h0PSIxIiB4bWxucz0iaHR0cDovL3d3dy53My5vcmcvMjAwMC9zdmciPjwvc3ZnPg==\" \/><span aria-hidden=\"true\" class=\"wp-block-cover__background has-primary-background-color has-background-dim\"><\/span><div class=\"wp-block-cover__inner-container\"><h3 class=\"wp-block-post-title\">Documentation officielle<\/h3><\/div><\/div>\n\n\n\n<div class=\"wp-block-group alignfull has-padding-y-large has-secondary-background-color has-background\"><div class=\"yoast-breadcrumbs alignwide \"><span class=\"breadcrumbs\"><a href=\"https:\/\/cssdn.gouv.qc.ca\/pleinsoleil\/\" class=\"breadcrumbs__element\">Accueil<\/a> <span class=\"breadcrumbs__separator\">\n        <svg class=\"icon icon-breadcrumb__separator\"><use xlink:href=\"#icon-breadcrumb__separator\"><\/use><\/svg>\n    <\/span> <a href=\"https:\/\/cssdn.gouv.qc.ca\/pleinsoleil\/a-propos\/\" class=\"breadcrumbs__element\">\u00c0 propos<\/a> <span class=\"breadcrumbs__separator\">\n        <svg class=\"icon icon-breadcrumb__separator\"><use xlink:href=\"#icon-breadcrumb__separator\"><\/use><\/svg>\n    <\/span> <span class=\"breadcrumbs__element breadcrumbs__element-current\">Documentation officielle<\/span><\/span><\/div><\/div>\n\n\n\n<h1 class=\"wp-block-heading\">Projet \u00e9ducatif<\/h1>\n\n\n\n<p class=\"wp-block-paragraph\">Le projet \u00e9ducatif est un outil strat\u00e9gique permettant de d\u00e9finir et de faire conna\u00eetre \u00e0 la communaut\u00e9 \u00e9ducative d\u2019un \u00e9tablissement d\u2019enseignement des orientations, des priorit\u00e9s d\u2019action et les r\u00e9sultats attendus pour assurer la r\u00e9ussite \u00e9ducative de tous les \u00e9l\u00e8ves. Il est \u00e9labor\u00e9 en fonction des caract\u00e9ristiques et des besoins des \u00e9l\u00e8ves qui fr\u00e9quentent l\u2019\u00e9tablissement d\u2019enseignement ainsi que des attentes formul\u00e9es par le milieu au regard de l\u2019\u00e9ducation. R\u00e9sultant d\u2019un consensus, il est con\u00e7u et mis en \u0153uvre en faisant appel \u00e0 la collaboration des diff\u00e9rents acteurs int\u00e9ress\u00e9s par l\u2019\u00e9cole et la r\u00e9ussite \u00e9ducative : les \u00e9l\u00e8ves, les parents et le personnel de l\u2019\u00e9tablissement ainsi que les membres de la communaut\u00e9 et du centre de services scolaire.<\/p>\n\n\n\n<div class=\"wp-block-file\"><a id=\"wp-block-file--media-56c3a71d-d1b4-45ff-9598-e7cbcd818508\" href=\"https:\/\/cssdn.gouv.qc.ca\/pleinsoleil\/wp-content\/uploads\/sites\/52\/2024\/04\/Projet-educatif-2023-2027-version-approuvee.pdf\" target=\"_blank\" rel=\"noreferrer noopener\">Projet \u00e9ducatif 2023-2027 <\/a><\/div>\n\n\n\n<h2 class=\"wp-block-heading\">Reddition de comptes du projet \u00e9ducatif<\/h2>\n\n\n\n<div class=\"wp-block-file\"><a id=\"wp-block-file--media-54e31eed-d640-473e-9423-698ea753abd3\" href=\"https:\/\/cssdn.gouv.qc.ca\/pleinsoleil\/wp-content\/uploads\/sites\/52\/2025\/08\/Reddittion-de-compte-projet-educatif-2024-2025.pdf\">Reddittion de compte projet \u00e9ducatif 2024-2025<\/a><a href=\"https:\/\/cssdn.gouv.qc.ca\/pleinsoleil\/wp-content\/uploads\/sites\/52\/2025\/08\/Reddittion-de-compte-projet-educatif-2024-2025.pdf\" class=\"wp-block-file__button wp-element-button\" download aria-describedby=\"wp-block-file--media-54e31eed-d640-473e-9423-698ea753abd3\">T\u00e9l\u00e9charger<\/a><\/div>\n\n\n\n<h2 class=\"wp-block-heading\">Rapport annuel de gestion du conseil d\u2019\u00e9tablissement<\/h2>\n\n\n\n<div class=\"wp-block-file\"><a id=\"wp-block-file--media-f3cfd86b-a66b-41dd-b06f-04cac5ca6b8a\" href=\"https:\/\/cssdn.gouv.qc.ca\/pleinsoleil\/wp-content\/uploads\/sites\/52\/2025\/08\/Rapport-annuel-CE-24-25.pdf\">Rapport annuel C\u00c9 24-25<\/a><a href=\"https:\/\/cssdn.gouv.qc.ca\/pleinsoleil\/wp-content\/uploads\/sites\/52\/2025\/08\/Rapport-annuel-CE-24-25.pdf\" class=\"wp-block-file__button wp-element-button\" download aria-describedby=\"wp-block-file--media-f3cfd86b-a66b-41dd-b06f-04cac5ca6b8a\">T\u00e9l\u00e9charger<\/a><\/div>\n\n\n\n<h1 class=\"wp-block-heading\"><strong>Plan de lutte contre la violence et l\u2019intimidation \u00e0 l\u2019\u00e9cole<\/strong><\/h1>\n\n\n\n<div class=\"wp-block-file\"><a id=\"wp-block-file--media-3c7908bb-d8b9-49fc-b99d-a77284c0f401\" href=\"https:\/\/cssdn.gouv.qc.ca\/pleinsoleil\/wp-content\/uploads\/sites\/52\/2025\/08\/Plan-de-lutte-contre-lintimidation-et-la-violence-2025-2026.pdf\">Plan de lutte contre l&rsquo;intimidation et la violence 2025-2026<\/a><a href=\"https:\/\/cssdn.gouv.qc.ca\/pleinsoleil\/wp-content\/uploads\/sites\/52\/2025\/08\/Plan-de-lutte-contre-lintimidation-et-la-violence-2025-2026.pdf\" class=\"wp-block-file__button wp-element-button\" download aria-describedby=\"wp-block-file--media-3c7908bb-d8b9-49fc-b99d-a77284c0f401\">T\u00e9l\u00e9charger<\/a><\/div>\n\n\n\n<h2 class=\"wp-block-heading\">Document explicatif aux parents et aux \u00e9l\u00e8ves<\/h2>\n\n\n\n<div class=\"wp-block-file\"><a id=\"wp-block-file--media-cd1ae572-d232-4def-890d-ed15bc0e7610\" href=\"https:\/\/cssdn.gouv.qc.ca\/pleinsoleil\/wp-content\/uploads\/sites\/52\/2025\/08\/Plan-daction-pour-un-climat-positif-25-26.pdf\" target=\"_blank\" rel=\"noreferrer noopener\">Plan d&rsquo;action pour un climat positif 25-26<\/a><\/div>\n\n\n\n<h2 class=\"wp-block-heading\">Code de vie<\/h2>\n\n\n\n<div class=\"wp-block-file\"><a id=\"wp-block-file--media-1f1e1e91-e92c-4f92-a17f-c18565042531\" href=\"https:\/\/cssdn.gouv.qc.ca\/pleinsoleil\/wp-content\/uploads\/sites\/52\/2025\/08\/Infos-et-regles-de-vie-doc-complet-25-26-2.pdf\" target=\"_blank\" rel=\"noreferrer noopener\">Infos et r\u00e8gles de vie doc complet 25-26<\/a><\/div>\n\n\n\n<p class=\"wp-block-paragraph\"><\/p>\n","protected":false},"excerpt":{"rendered":"<p>Projet \u00e9ducatif Le projet \u00e9ducatif est un outil strat\u00e9gique permettant de d\u00e9finir et de faire conna\u00eetre \u00e0 la communaut\u00e9 \u00e9ducative d\u2019un \u00e9tablissement d\u2019enseignement des orientations, des priorit\u00e9s d\u2019action et les r\u00e9sultats attendus pour assurer la r\u00e9ussite \u00e9ducative de tous les \u00e9l\u00e8ves. Il est \u00e9labor\u00e9 en fonction des caract\u00e9ristiques et des besoins des \u00e9l\u00e8ves qui fr\u00e9quentent [&hellip;]<\/p>\n","protected":false},"author":1,"featured_media":0,"parent":6,"menu_order":20,"comment_status":"closed","ping_status":"closed","template":"","meta":{"_acf_changed":false,"_crdt_document":"","inline_featured_image":false,"footnotes":""},"categories":[],"tags":[],"class_list":["post-12","page","type-page","status-publish","hentry"],"acf":[],"yoast_head":"<!-- This site is optimized with the Yoast SEO plugin v27.3 - https:\/\/yoast.com\/product\/yoast-seo-wordpress\/ -->\n<title>Documentation officielle - \u00c9cole Plein-Soleil<\/title>\n<meta name=\"robots\" content=\"index, follow, max-snippet:-1, max-image-preview:large, max-video-preview:-1\" \/>\n<link rel=\"canonical\" href=\"https:\/\/cssdn.gouv.qc.ca\/pleinsoleil\/a-propos\/projet-educatif\/\" \/>\n<meta property=\"og:locale\" content=\"fr_CA\" \/>\n<meta property=\"og:type\" content=\"article\" \/>\n<meta property=\"og:title\" content=\"Documentation officielle - \u00c9cole Plein-Soleil\" \/>\n<meta property=\"og:description\" content=\"Projet \u00e9ducatif Le projet \u00e9ducatif est un outil strat\u00e9gique permettant de d\u00e9finir et de faire conna\u00eetre \u00e0 la communaut\u00e9 \u00e9ducative d\u2019un \u00e9tablissement d\u2019enseignement des orientations, des priorit\u00e9s d\u2019action et les r\u00e9sultats attendus pour assurer la r\u00e9ussite \u00e9ducative de tous les \u00e9l\u00e8ves. Il est \u00e9labor\u00e9 en fonction des caract\u00e9ristiques et des besoins des \u00e9l\u00e8ves qui fr\u00e9quentent [&hellip;]\" \/>\n<meta property=\"og:url\" content=\"https:\/\/cssdn.gouv.qc.ca\/pleinsoleil\/a-propos\/projet-educatif\/\" \/>\n<meta property=\"og:site_name\" content=\"\u00c9cole Plein-Soleil\" \/>\n<meta property=\"article:publisher\" content=\"https:\/\/www.facebook.com\/profile.php?id=100057347533929\" \/>\n<meta property=\"article:modified_time\" content=\"2025-11-17T15:47:28+00:00\" \/>\n<meta name=\"twitter:card\" content=\"summary_large_image\" \/>\n<meta name=\"twitter:label1\" content=\"Estimation du temps de lecture\" \/>\n\t<meta name=\"twitter:data1\" content=\"2 minutes\" \/>\n<script type=\"application\/ld+json\" class=\"yoast-schema-graph\">{\"@context\":\"https:\\\/\\\/schema.org\",\"@graph\":[{\"@type\":\"WebPage\",\"@id\":\"https:\\\/\\\/cssdn.gouv.qc.ca\\\/pleinsoleil\\\/a-propos\\\/projet-educatif\\\/\",\"url\":\"https:\\\/\\\/cssdn.gouv.qc.ca\\\/pleinsoleil\\\/a-propos\\\/projet-educatif\\\/\",\"name\":\"Documentation officielle - \u00c9cole Plein-Soleil\",\"isPartOf\":{\"@id\":\"https:\\\/\\\/cssdn.gouv.qc.ca\\\/pleinsoleil\\\/#website\"},\"primaryImageOfPage\":{\"@id\":\"https:\\\/\\\/cssdn.gouv.qc.ca\\\/pleinsoleil\\\/a-propos\\\/projet-educatif\\\/#primaryimage\"},\"image\":{\"@id\":\"https:\\\/\\\/cssdn.gouv.qc.ca\\\/pleinsoleil\\\/a-propos\\\/projet-educatif\\\/#primaryimage\"},\"thumbnailUrl\":\"https:\\\/\\\/stage.cssdn.gouv.qc.ca\\\/wp-content\\\/uploads\\\/2022\\\/08\\\/Seawire-Hero-06.jpg\",\"datePublished\":\"2022-11-08T21:07:55+00:00\",\"dateModified\":\"2025-11-17T15:47:28+00:00\",\"breadcrumb\":{\"@id\":\"https:\\\/\\\/cssdn.gouv.qc.ca\\\/pleinsoleil\\\/a-propos\\\/projet-educatif\\\/#breadcrumb\"},\"inLanguage\":\"fr-CA\",\"potentialAction\":[{\"@type\":\"ReadAction\",\"target\":[\"https:\\\/\\\/cssdn.gouv.qc.ca\\\/pleinsoleil\\\/a-propos\\\/projet-educatif\\\/\"]}]},{\"@type\":\"ImageObject\",\"inLanguage\":\"fr-CA\",\"@id\":\"https:\\\/\\\/cssdn.gouv.qc.ca\\\/pleinsoleil\\\/a-propos\\\/projet-educatif\\\/#primaryimage\",\"url\":\"https:\\\/\\\/stage.cssdn.gouv.qc.ca\\\/wp-content\\\/uploads\\\/2022\\\/08\\\/Seawire-Hero-06.jpg\",\"contentUrl\":\"https:\\\/\\\/stage.cssdn.gouv.qc.ca\\\/wp-content\\\/uploads\\\/2022\\\/08\\\/Seawire-Hero-06.jpg\"},{\"@type\":\"BreadcrumbList\",\"@id\":\"https:\\\/\\\/cssdn.gouv.qc.ca\\\/pleinsoleil\\\/a-propos\\\/projet-educatif\\\/#breadcrumb\",\"itemListElement\":[{\"@type\":\"ListItem\",\"position\":1,\"name\":\"Accueil\",\"item\":\"https:\\\/\\\/cssdn.gouv.qc.ca\\\/pleinsoleil\\\/\"},{\"@type\":\"ListItem\",\"position\":2,\"name\":\"\u00c0 propos\",\"item\":\"https:\\\/\\\/cssdn.gouv.qc.ca\\\/pleinsoleil\\\/a-propos\\\/\"},{\"@type\":\"ListItem\",\"position\":3,\"name\":\"Documentation officielle\"}]},{\"@type\":\"WebSite\",\"@id\":\"https:\\\/\\\/cssdn.gouv.qc.ca\\\/pleinsoleil\\\/#website\",\"url\":\"https:\\\/\\\/cssdn.gouv.qc.ca\\\/pleinsoleil\\\/\",\"name\":\"\u00c9cole Plein-Soleil\",\"description\":\"Un site des centres de services scolaires des Navigateurs\",\"publisher\":{\"@id\":\"https:\\\/\\\/cssdn.gouv.qc.ca\\\/pleinsoleil\\\/#organization\"},\"potentialAction\":[{\"@type\":\"SearchAction\",\"target\":{\"@type\":\"EntryPoint\",\"urlTemplate\":\"https:\\\/\\\/cssdn.gouv.qc.ca\\\/pleinsoleil\\\/?s={search_term_string}\"},\"query-input\":{\"@type\":\"PropertyValueSpecification\",\"valueRequired\":true,\"valueName\":\"search_term_string\"}}],\"inLanguage\":\"fr-CA\"},{\"@type\":\"Organization\",\"@id\":\"https:\\\/\\\/cssdn.gouv.qc.ca\\\/pleinsoleil\\\/#organization\",\"name\":\"\u00c9cole Plein-Soleil\",\"url\":\"https:\\\/\\\/cssdn.gouv.qc.ca\\\/pleinsoleil\\\/\",\"logo\":{\"@type\":\"ImageObject\",\"inLanguage\":\"fr-CA\",\"@id\":\"https:\\\/\\\/cssdn.gouv.qc.ca\\\/pleinsoleil\\\/#\\\/schema\\\/logo\\\/image\\\/\",\"url\":\"https:\\\/\\\/cssdn.gouv.qc.ca\\\/pleinsoleil\\\/wp-content\\\/uploads\\\/sites\\\/52\\\/2023\\\/01\\\/logo_quebec.svg\",\"contentUrl\":\"https:\\\/\\\/cssdn.gouv.qc.ca\\\/pleinsoleil\\\/wp-content\\\/uploads\\\/sites\\\/52\\\/2023\\\/01\\\/logo_quebec.svg\",\"width\":188,\"height\":41,\"caption\":\"\u00c9cole Plein-Soleil\"},\"image\":{\"@id\":\"https:\\\/\\\/cssdn.gouv.qc.ca\\\/pleinsoleil\\\/#\\\/schema\\\/logo\\\/image\\\/\"},\"sameAs\":[\"https:\\\/\\\/www.facebook.com\\\/profile.php?id=100057347533929\"]}]}<\/script>\n<!-- \/ Yoast SEO plugin. -->","yoast_head_json":{"title":"Documentation officielle - \u00c9cole Plein-Soleil","robots":{"index":"index","follow":"follow","max-snippet":"max-snippet:-1","max-image-preview":"max-image-preview:large","max-video-preview":"max-video-preview:-1"},"canonical":"https:\/\/cssdn.gouv.qc.ca\/pleinsoleil\/a-propos\/projet-educatif\/","og_locale":"fr_CA","og_type":"article","og_title":"Documentation officielle - \u00c9cole Plein-Soleil","og_description":"Projet \u00e9ducatif Le projet \u00e9ducatif est un outil strat\u00e9gique permettant de d\u00e9finir et de faire conna\u00eetre \u00e0 la communaut\u00e9 \u00e9ducative d\u2019un \u00e9tablissement d\u2019enseignement des orientations, des priorit\u00e9s d\u2019action et les r\u00e9sultats attendus pour assurer la r\u00e9ussite \u00e9ducative de tous les \u00e9l\u00e8ves. Il est \u00e9labor\u00e9 en fonction des caract\u00e9ristiques et des besoins des \u00e9l\u00e8ves qui fr\u00e9quentent [&hellip;]","og_url":"https:\/\/cssdn.gouv.qc.ca\/pleinsoleil\/a-propos\/projet-educatif\/","og_site_name":"\u00c9cole Plein-Soleil","article_publisher":"https:\/\/www.facebook.com\/profile.php?id=100057347533929","article_modified_time":"2025-11-17T15:47:28+00:00","twitter_card":"summary_large_image","twitter_misc":{"Estimation du temps de lecture":"2 minutes"},"schema":{"@context":"https:\/\/schema.org","@graph":[{"@type":"WebPage","@id":"https:\/\/cssdn.gouv.qc.ca\/pleinsoleil\/a-propos\/projet-educatif\/","url":"https:\/\/cssdn.gouv.qc.ca\/pleinsoleil\/a-propos\/projet-educatif\/","name":"Documentation officielle - \u00c9cole Plein-Soleil","isPartOf":{"@id":"https:\/\/cssdn.gouv.qc.ca\/pleinsoleil\/#website"},"primaryImageOfPage":{"@id":"https:\/\/cssdn.gouv.qc.ca\/pleinsoleil\/a-propos\/projet-educatif\/#primaryimage"},"image":{"@id":"https:\/\/cssdn.gouv.qc.ca\/pleinsoleil\/a-propos\/projet-educatif\/#primaryimage"},"thumbnailUrl":"https:\/\/stage.cssdn.gouv.qc.ca\/wp-content\/uploads\/2022\/08\/Seawire-Hero-06.jpg","datePublished":"2022-11-08T21:07:55+00:00","dateModified":"2025-11-17T15:47:28+00:00","breadcrumb":{"@id":"https:\/\/cssdn.gouv.qc.ca\/pleinsoleil\/a-propos\/projet-educatif\/#breadcrumb"},"inLanguage":"fr-CA","potentialAction":[{"@type":"ReadAction","target":["https:\/\/cssdn.gouv.qc.ca\/pleinsoleil\/a-propos\/projet-educatif\/"]}]},{"@type":"ImageObject","inLanguage":"fr-CA","@id":"https:\/\/cssdn.gouv.qc.ca\/pleinsoleil\/a-propos\/projet-educatif\/#primaryimage","url":"https:\/\/stage.cssdn.gouv.qc.ca\/wp-content\/uploads\/2022\/08\/Seawire-Hero-06.jpg","contentUrl":"https:\/\/stage.cssdn.gouv.qc.ca\/wp-content\/uploads\/2022\/08\/Seawire-Hero-06.jpg"},{"@type":"BreadcrumbList","@id":"https:\/\/cssdn.gouv.qc.ca\/pleinsoleil\/a-propos\/projet-educatif\/#breadcrumb","itemListElement":[{"@type":"ListItem","position":1,"name":"Accueil","item":"https:\/\/cssdn.gouv.qc.ca\/pleinsoleil\/"},{"@type":"ListItem","position":2,"name":"\u00c0 propos","item":"https:\/\/cssdn.gouv.qc.ca\/pleinsoleil\/a-propos\/"},{"@type":"ListItem","position":3,"name":"Documentation officielle"}]},{"@type":"WebSite","@id":"https:\/\/cssdn.gouv.qc.ca\/pleinsoleil\/#website","url":"https:\/\/cssdn.gouv.qc.ca\/pleinsoleil\/","name":"\u00c9cole Plein-Soleil","description":"Un site des centres de services scolaires des Navigateurs","publisher":{"@id":"https:\/\/cssdn.gouv.qc.ca\/pleinsoleil\/#organization"},"potentialAction":[{"@type":"SearchAction","target":{"@type":"EntryPoint","urlTemplate":"https:\/\/cssdn.gouv.qc.ca\/pleinsoleil\/?s={search_term_string}"},"query-input":{"@type":"PropertyValueSpecification","valueRequired":true,"valueName":"search_term_string"}}],"inLanguage":"fr-CA"},{"@type":"Organization","@id":"https:\/\/cssdn.gouv.qc.ca\/pleinsoleil\/#organization","name":"\u00c9cole Plein-Soleil","url":"https:\/\/cssdn.gouv.qc.ca\/pleinsoleil\/","logo":{"@type":"ImageObject","inLanguage":"fr-CA","@id":"https:\/\/cssdn.gouv.qc.ca\/pleinsoleil\/#\/schema\/logo\/image\/","url":"https:\/\/cssdn.gouv.qc.ca\/pleinsoleil\/wp-content\/uploads\/sites\/52\/2023\/01\/logo_quebec.svg","contentUrl":"https:\/\/cssdn.gouv.qc.ca\/pleinsoleil\/wp-content\/uploads\/sites\/52\/2023\/01\/logo_quebec.svg","width":188,"height":41,"caption":"\u00c9cole Plein-Soleil"},"image":{"@id":"https:\/\/cssdn.gouv.qc.ca\/pleinsoleil\/#\/schema\/logo\/image\/"},"sameAs":["https:\/\/www.facebook.com\/profile.php?id=100057347533929"]}]}},"publishpress_future_action":{"enabled":false,"date":"2026-04-13 07:29:31","action":"change-status","newStatus":"draft","terms":[],"taxonomy":"category","extraData":[]},"publishpress_future_workflow_manual_trigger":{"enabledWorkflows":[]},"_links":{"self":[{"href":"https:\/\/cssdn.gouv.qc.ca\/pleinsoleil\/wp-json\/wp\/v2\/pages\/12","targetHints":{"allow":["GET"]}}],"collection":[{"href":"https:\/\/cssdn.gouv.qc.ca\/pleinsoleil\/wp-json\/wp\/v2\/pages"}],"about":[{"href":"https:\/\/cssdn.gouv.qc.ca\/pleinsoleil\/wp-json\/wp\/v2\/types\/page"}],"author":[{"embeddable":true,"href":"https:\/\/cssdn.gouv.qc.ca\/pleinsoleil\/wp-json\/wp\/v2\/users\/1"}],"replies":[{"embeddable":true,"href":"https:\/\/cssdn.gouv.qc.ca\/pleinsoleil\/wp-json\/wp\/v2\/comments?post=12"}],"version-history":[{"count":0,"href":"https:\/\/cssdn.gouv.qc.ca\/pleinsoleil\/wp-json\/wp\/v2\/pages\/12\/revisions"}],"up":[{"embeddable":true,"href":"https:\/\/cssdn.gouv.qc.ca\/pleinsoleil\/wp-json\/wp\/v2\/pages\/6"}],"wp:attachment":[{"href":"https:\/\/cssdn.gouv.qc.ca\/pleinsoleil\/wp-json\/wp\/v2\/media?parent=12"}],"wp:term":[{"taxonomy":"category","embeddable":true,"href":"https:\/\/cssdn.gouv.qc.ca\/pleinsoleil\/wp-json\/wp\/v2\/categories?post=12"},{"taxonomy":"post_tag","embeddable":true,"href":"https:\/\/cssdn.gouv.qc.ca\/pleinsoleil\/wp-json\/wp\/v2\/tags?post=12"}],"curies":[{"name":"wp","href":"https:\/\/api.w.org\/{rel}","templated":true}]}}