
{"id":22,"date":"2022-11-08T16:18:00","date_gmt":"2022-11-08T21:18:00","guid":{"rendered":"https:\/\/cssdn.gouv.qc.ca\/pointe-levy\/nous-joindre\/"},"modified":"2025-12-11T14:52:05","modified_gmt":"2025-12-11T19:52:05","slug":"nous-joindre","status":"publish","type":"page","link":"https:\/\/cssdn.gouv.qc.ca\/pointe-levy\/nous-joindre\/","title":{"rendered":"Nous joindre"},"content":{"rendered":"\n<div class=\"wp-block-cover alignfull is-light is-style-title-banner\"><img decoding=\"async\" class=\"wp-block-cover__image-background wp-image-111 lazyload\" alt=\"\" data-src=\"https:\/\/stage.cssdn.gouv.qc.ca\/wp-content\/uploads\/2022\/08\/Seawire-Hero-06.jpg\" data-object-fit=\"cover\" src=\"data:image\/svg+xml;base64,PHN2ZyB3aWR0aD0iMSIgaGVpZ2h0PSIxIiB4bWxucz0iaHR0cDovL3d3dy53My5vcmcvMjAwMC9zdmciPjwvc3ZnPg==\" \/><span aria-hidden=\"true\" class=\"wp-block-cover__background has-primary-background-color has-background-dim\"><\/span><div class=\"wp-block-cover__inner-container\"><h3 class=\"wp-block-post-title\">Nous joindre<\/h3><\/div><\/div>\n\n\n\n<h2 class=\"wp-block-heading\">\u00c9cole Pointe-L\u00e9vy <\/h2>\n\n\n\n<p class=\"wp-block-paragraph\"><br>55, rue des Commandeurs <br>L\u00e9vis (Qu\u00e9bec) G6V 6P5<br><\/p>\n\n\n\n<p class=\"wp-block-paragraph\">pointe-levy@cssdn.gouv.qc.ca<\/p>\n\n\n\n<h2 class=\"wp-block-heading\">Secr\u00e9tariat : 418 838-8402<\/h2>\n\n\n\n<p class=\"wp-block-paragraph\">T\u00e9l\u00e9c. : 418 838-8480<\/p>\n\n\n\n<h3 class=\"wp-block-heading\">Horaire<\/h3>\n\n\n\n<p class=\"wp-block-paragraph\">Secondaire<br>3e \u00e0 5e :<br>9 h 15 &#8211; 12 h<br>13 h 25 &#8211; 16 h 10<\/p>\n\n\n\n<h3 class=\"wp-block-heading\">Page Facebook<\/h3>\n\n\n\n<div class=\"fb-page\" data-href=\"https:\/\/www.facebook.com\/ecolePLE55\/\" data-tabs=\"timeline\" data-width=\"\" data-height=\"\" data-small-header=\"true\" data-adapt-container-width=\"false\" data-hide-cover=\"false\" data-show-facepile=\"true\"><blockquote cite=\"https:\/\/www.facebook.com\/ecolePLE55\/\" class=\"fb-xfbml-parse-ignore\"><a href=\"https:\/\/www.facebook.com\/ecolePLE55\/\">\u00c9cole Pointe-L\u00e9vy<\/a><\/blockquote><\/div>\n<div id=\"fb-root\"><\/div>\n\n\n\n<h3 class=\"wp-block-heading\">Membres du personnel<\/h3>\n\n\n\n<p class=\"wp-block-paragraph\"><strong>J\u00e9r\u00f4me Croteau, directeur <\/strong># 21402<\/p>\n\n\n\n<p class=\"wp-block-paragraph\">Chantal C\u00f4t\u00e9, secr\u00e9taire de gestion # 21401<\/p>\n\n\n\n<p class=\"wp-block-paragraph\"><strong>Marilou Desmeules, directrice adjointe<\/strong> FG3, RB 3 \u00e0 5, PEC et FMSS # 21403<\/p>\n\n\n\n<p class=\"wp-block-paragraph\">Linda Vachon, secr\u00e9taire FG 3, RB 3 \u00e0 5, PEC , FMSS et Francisation #21415<\/p>\n\n\n\n<p class=\"wp-block-paragraph\"><strong>Marie-Claude L\u00e9veill\u00e9, directrice adjointe <\/strong>PEI 3 \u00e0 5, LM 3 \u00e0 5 et ILSS #80094<\/p>\n\n\n\n<p class=\"wp-block-paragraph\"><strong>Normand Landry, directeur adjoint <\/strong>FG 4, 5,  #21405<\/p>\n\n\n\n<p class=\"wp-block-paragraph\">Linda Boulet, secr\u00e9taire FG 4, 5, PEI 3 \u00e0 5,  #21406<\/p>\n\n\n\n<p class=\"wp-block-paragraph\"><strong>Karine Morin, directrice adjointe <\/strong>PALS 3 &#8211; 4 &#8211; 5 # 21404<\/p>\n\n\n\n<p class=\"wp-block-paragraph\"><strong>Jacinthe Morin, directrice adjointe <\/strong>PALS 1-2, # 21437<\/p>\n\n\n\n<p class=\"wp-block-paragraph\">Jacinthe Vaillant, aide \u00e0 la direction PALS 1 \u00e0 5 # 21481<\/p>\n\n\n\n<p class=\"wp-block-paragraph\">Aur\u00e9lie Haffner, secr\u00e9taire PALS 1 \u00e0 5 # 21413<\/p>\n\n\n\n<p class=\"wp-block-paragraph\">Andr\u00e9anne Gourde, secr\u00e9taire PALS (inscriptions) #21431<\/p>\n\n\n\n<p class=\"wp-block-paragraph\">M\u00e9lanie Cayouette, coordonnatrice des disciplines PALS 1 \u00e0 5 # 21416<\/p>\n\n\n\n<p class=\"wp-block-paragraph\"><strong>Annie Bilodeau, directrice administrative<\/strong> # 21407<\/p>\n\n\n\n<p class=\"wp-block-paragraph\">Nancy Lafrance, agente de bureau # 21408<\/p>\n\n\n\n<p class=\"wp-block-paragraph\">Suzanne Tondreau-L\u00e9vesque, agente de bureau #21418<\/p>\n\n\n\n<p class=\"wp-block-paragraph\">Jo\u00eblle St-Georges, responsable des suppl\u00e9ances #21418<\/p>\n\n\n\n<p class=\"wp-block-paragraph\"><strong>J\u00e9r\u00f4me Dumont, directeur sports \u00e9tudiants (Corsaires RSEQ)<\/strong> # 21473<\/p>\n\n\n\n<p class=\"wp-block-paragraph\"><\/p>\n\n\n\n<h3 class=\"wp-block-heading\">Visite virtuelle<\/h3>\n\n\n","protected":false},"excerpt":{"rendered":"<p>\u00c9cole Pointe-L\u00e9vy 55, rue des Commandeurs L\u00e9vis (Qu\u00e9bec) G6V 6P5 pointe-levy@cssdn.gouv.qc.ca Secr\u00e9tariat : 418 838-8402 T\u00e9l\u00e9c. : 418 838-8480 Horaire Secondaire3e \u00e0 5e :9 h 15 &#8211; 12 h13 h 25 &#8211; 16 h 10 Page Facebook \u00c9cole Pointe-L\u00e9vy Membres du personnel J\u00e9r\u00f4me Croteau, directeur # 21402 Chantal C\u00f4t\u00e9, secr\u00e9taire de gestion # 21401 Marilou [&hellip;]<\/p>\n","protected":false},"author":1,"featured_media":0,"parent":0,"menu_order":60,"comment_status":"closed","ping_status":"closed","template":"","meta":{"_acf_changed":false,"_crdt_document":"","inline_featured_image":false,"footnotes":""},"categories":[],"tags":[],"class_list":["post-22","page","type-page","status-publish","hentry"],"acf":[],"yoast_head":"<!-- This site is optimized with the Yoast SEO plugin v27.4 - https:\/\/yoast.com\/product\/yoast-seo-wordpress\/ -->\n<title>Nous joindre - \u00c9cole Pointe-L\u00e9vy<\/title>\n<meta name=\"description\" content=\"Retrouvez les coordonn\u00e9es pour joindre l&#039;\u00c9cole Pointe-L\u00e9vy\u00a0du Centre de services scolaire des Navigateurs (CSSDN).\" \/>\n<meta name=\"robots\" content=\"index, follow, max-snippet:-1, max-image-preview:large, max-video-preview:-1\" \/>\n<link rel=\"canonical\" href=\"https:\/\/cssdn.gouv.qc.ca\/pointe-levy\/nous-joindre\/\" \/>\n<meta property=\"og:locale\" content=\"fr_CA\" \/>\n<meta property=\"og:type\" content=\"article\" \/>\n<meta property=\"og:title\" content=\"Nous joindre - \u00c9cole Pointe-L\u00e9vy\" \/>\n<meta property=\"og:description\" content=\"Retrouvez les coordonn\u00e9es pour joindre l&#039;\u00c9cole Pointe-L\u00e9vy\u00a0du Centre de services scolaire des Navigateurs (CSSDN).\" \/>\n<meta property=\"og:url\" content=\"https:\/\/cssdn.gouv.qc.ca\/pointe-levy\/nous-joindre\/\" \/>\n<meta property=\"og:site_name\" content=\"\u00c9cole Pointe-L\u00e9vy\" \/>\n<meta property=\"article:publisher\" content=\"https:\/\/www.facebook.com\/ecolePLE55\" \/>\n<meta property=\"article:modified_time\" content=\"2025-12-11T19:52:05+00:00\" \/>\n<meta name=\"twitter:card\" content=\"summary_large_image\" \/>\n<meta name=\"twitter:site\" content=\"@CSSNavigateurs\" \/>\n<meta name=\"twitter:label1\" content=\"Estimation du temps de lecture\" \/>\n\t<meta name=\"twitter:data1\" content=\"2 minutes\" \/>\n<script type=\"application\/ld+json\" class=\"yoast-schema-graph\">{\"@context\":\"https:\\\/\\\/schema.org\",\"@graph\":[{\"@type\":\"WebPage\",\"@id\":\"https:\\\/\\\/cssdn.gouv.qc.ca\\\/pointe-levy\\\/nous-joindre\\\/\",\"url\":\"https:\\\/\\\/cssdn.gouv.qc.ca\\\/pointe-levy\\\/nous-joindre\\\/\",\"name\":\"Nous joindre - \u00c9cole Pointe-L\u00e9vy\",\"isPartOf\":{\"@id\":\"https:\\\/\\\/cssdn.gouv.qc.ca\\\/pointe-levy\\\/#website\"},\"primaryImageOfPage\":{\"@id\":\"https:\\\/\\\/cssdn.gouv.qc.ca\\\/pointe-levy\\\/nous-joindre\\\/#primaryimage\"},\"image\":{\"@id\":\"https:\\\/\\\/cssdn.gouv.qc.ca\\\/pointe-levy\\\/nous-joindre\\\/#primaryimage\"},\"thumbnailUrl\":\"https:\\\/\\\/stage.cssdn.gouv.qc.ca\\\/wp-content\\\/uploads\\\/2022\\\/08\\\/Seawire-Hero-06.jpg\",\"datePublished\":\"2022-11-08T21:18:00+00:00\",\"dateModified\":\"2025-12-11T19:52:05+00:00\",\"description\":\"Retrouvez les coordonn\u00e9es pour joindre l'\u00c9cole Pointe-L\u00e9vy\u00a0du Centre de services scolaire des Navigateurs (CSSDN).\",\"breadcrumb\":{\"@id\":\"https:\\\/\\\/cssdn.gouv.qc.ca\\\/pointe-levy\\\/nous-joindre\\\/#breadcrumb\"},\"inLanguage\":\"fr-CA\",\"potentialAction\":[{\"@type\":\"ReadAction\",\"target\":[\"https:\\\/\\\/cssdn.gouv.qc.ca\\\/pointe-levy\\\/nous-joindre\\\/\"]}]},{\"@type\":\"ImageObject\",\"inLanguage\":\"fr-CA\",\"@id\":\"https:\\\/\\\/cssdn.gouv.qc.ca\\\/pointe-levy\\\/nous-joindre\\\/#primaryimage\",\"url\":\"https:\\\/\\\/stage.cssdn.gouv.qc.ca\\\/wp-content\\\/uploads\\\/2022\\\/08\\\/Seawire-Hero-06.jpg\",\"contentUrl\":\"https:\\\/\\\/stage.cssdn.gouv.qc.ca\\\/wp-content\\\/uploads\\\/2022\\\/08\\\/Seawire-Hero-06.jpg\"},{\"@type\":\"BreadcrumbList\",\"@id\":\"https:\\\/\\\/cssdn.gouv.qc.ca\\\/pointe-levy\\\/nous-joindre\\\/#breadcrumb\",\"itemListElement\":[{\"@type\":\"ListItem\",\"position\":1,\"name\":\"Accueil\",\"item\":\"https:\\\/\\\/cssdn.gouv.qc.ca\\\/pointe-levy\\\/\"},{\"@type\":\"ListItem\",\"position\":2,\"name\":\"Nous joindre\"}]},{\"@type\":\"WebSite\",\"@id\":\"https:\\\/\\\/cssdn.gouv.qc.ca\\\/pointe-levy\\\/#website\",\"url\":\"https:\\\/\\\/cssdn.gouv.qc.ca\\\/pointe-levy\\\/\",\"name\":\"\u00c9cole Pointe-L\u00e9vy\",\"description\":\"Un site des centres de services scolaires des Navigateurs\",\"publisher\":{\"@id\":\"https:\\\/\\\/cssdn.gouv.qc.ca\\\/pointe-levy\\\/#organization\"},\"potentialAction\":[{\"@type\":\"SearchAction\",\"target\":{\"@type\":\"EntryPoint\",\"urlTemplate\":\"https:\\\/\\\/cssdn.gouv.qc.ca\\\/pointe-levy\\\/?s={search_term_string}\"},\"query-input\":{\"@type\":\"PropertyValueSpecification\",\"valueRequired\":true,\"valueName\":\"search_term_string\"}}],\"inLanguage\":\"fr-CA\"},{\"@type\":\"Organization\",\"@id\":\"https:\\\/\\\/cssdn.gouv.qc.ca\\\/pointe-levy\\\/#organization\",\"name\":\"\u00c9cole Pointe-L\u00e9vy\",\"url\":\"https:\\\/\\\/cssdn.gouv.qc.ca\\\/pointe-levy\\\/\",\"logo\":{\"@type\":\"ImageObject\",\"inLanguage\":\"fr-CA\",\"@id\":\"https:\\\/\\\/cssdn.gouv.qc.ca\\\/pointe-levy\\\/#\\\/schema\\\/logo\\\/image\\\/\",\"url\":\"https:\\\/\\\/cssdn.gouv.qc.ca\\\/pointe-levy\\\/wp-content\\\/uploads\\\/sites\\\/16\\\/2023\\\/01\\\/logo_quebec.svg\",\"contentUrl\":\"https:\\\/\\\/cssdn.gouv.qc.ca\\\/pointe-levy\\\/wp-content\\\/uploads\\\/sites\\\/16\\\/2023\\\/01\\\/logo_quebec.svg\",\"width\":188,\"height\":41,\"caption\":\"\u00c9cole Pointe-L\u00e9vy\"},\"image\":{\"@id\":\"https:\\\/\\\/cssdn.gouv.qc.ca\\\/pointe-levy\\\/#\\\/schema\\\/logo\\\/image\\\/\"},\"sameAs\":[\"https:\\\/\\\/www.facebook.com\\\/ecolePLE55\",\"https:\\\/\\\/x.com\\\/CSSNavigateurs\",\"https:\\\/\\\/www.instagram.com\\\/pointelevy\\\/\",\"https:\\\/\\\/www.youtube.com\\\/channel\\\/UCHbNBehije70JBzCIVT82bQ\",\"https:\\\/\\\/www.linkedin.com\\\/company\\\/cssdn\"]}]}<\/script>\n<!-- \/ Yoast SEO plugin. -->","yoast_head_json":{"title":"Nous joindre - \u00c9cole Pointe-L\u00e9vy","description":"Retrouvez les coordonn\u00e9es pour joindre l'\u00c9cole Pointe-L\u00e9vy\u00a0du Centre de services scolaire des Navigateurs (CSSDN).","robots":{"index":"index","follow":"follow","max-snippet":"max-snippet:-1","max-image-preview":"max-image-preview:large","max-video-preview":"max-video-preview:-1"},"canonical":"https:\/\/cssdn.gouv.qc.ca\/pointe-levy\/nous-joindre\/","og_locale":"fr_CA","og_type":"article","og_title":"Nous joindre - \u00c9cole Pointe-L\u00e9vy","og_description":"Retrouvez les coordonn\u00e9es pour joindre l'\u00c9cole Pointe-L\u00e9vy\u00a0du Centre de services scolaire des Navigateurs (CSSDN).","og_url":"https:\/\/cssdn.gouv.qc.ca\/pointe-levy\/nous-joindre\/","og_site_name":"\u00c9cole Pointe-L\u00e9vy","article_publisher":"https:\/\/www.facebook.com\/ecolePLE55","article_modified_time":"2025-12-11T19:52:05+00:00","twitter_card":"summary_large_image","twitter_site":"@CSSNavigateurs","twitter_misc":{"Estimation du temps de lecture":"2 minutes"},"schema":{"@context":"https:\/\/schema.org","@graph":[{"@type":"WebPage","@id":"https:\/\/cssdn.gouv.qc.ca\/pointe-levy\/nous-joindre\/","url":"https:\/\/cssdn.gouv.qc.ca\/pointe-levy\/nous-joindre\/","name":"Nous joindre - \u00c9cole Pointe-L\u00e9vy","isPartOf":{"@id":"https:\/\/cssdn.gouv.qc.ca\/pointe-levy\/#website"},"primaryImageOfPage":{"@id":"https:\/\/cssdn.gouv.qc.ca\/pointe-levy\/nous-joindre\/#primaryimage"},"image":{"@id":"https:\/\/cssdn.gouv.qc.ca\/pointe-levy\/nous-joindre\/#primaryimage"},"thumbnailUrl":"https:\/\/stage.cssdn.gouv.qc.ca\/wp-content\/uploads\/2022\/08\/Seawire-Hero-06.jpg","datePublished":"2022-11-08T21:18:00+00:00","dateModified":"2025-12-11T19:52:05+00:00","description":"Retrouvez les coordonn\u00e9es pour joindre l'\u00c9cole Pointe-L\u00e9vy\u00a0du Centre de services scolaire des Navigateurs (CSSDN).","breadcrumb":{"@id":"https:\/\/cssdn.gouv.qc.ca\/pointe-levy\/nous-joindre\/#breadcrumb"},"inLanguage":"fr-CA","potentialAction":[{"@type":"ReadAction","target":["https:\/\/cssdn.gouv.qc.ca\/pointe-levy\/nous-joindre\/"]}]},{"@type":"ImageObject","inLanguage":"fr-CA","@id":"https:\/\/cssdn.gouv.qc.ca\/pointe-levy\/nous-joindre\/#primaryimage","url":"https:\/\/stage.cssdn.gouv.qc.ca\/wp-content\/uploads\/2022\/08\/Seawire-Hero-06.jpg","contentUrl":"https:\/\/stage.cssdn.gouv.qc.ca\/wp-content\/uploads\/2022\/08\/Seawire-Hero-06.jpg"},{"@type":"BreadcrumbList","@id":"https:\/\/cssdn.gouv.qc.ca\/pointe-levy\/nous-joindre\/#breadcrumb","itemListElement":[{"@type":"ListItem","position":1,"name":"Accueil","item":"https:\/\/cssdn.gouv.qc.ca\/pointe-levy\/"},{"@type":"ListItem","position":2,"name":"Nous joindre"}]},{"@type":"WebSite","@id":"https:\/\/cssdn.gouv.qc.ca\/pointe-levy\/#website","url":"https:\/\/cssdn.gouv.qc.ca\/pointe-levy\/","name":"\u00c9cole Pointe-L\u00e9vy","description":"Un site des centres de services scolaires des Navigateurs","publisher":{"@id":"https:\/\/cssdn.gouv.qc.ca\/pointe-levy\/#organization"},"potentialAction":[{"@type":"SearchAction","target":{"@type":"EntryPoint","urlTemplate":"https:\/\/cssdn.gouv.qc.ca\/pointe-levy\/?s={search_term_string}"},"query-input":{"@type":"PropertyValueSpecification","valueRequired":true,"valueName":"search_term_string"}}],"inLanguage":"fr-CA"},{"@type":"Organization","@id":"https:\/\/cssdn.gouv.qc.ca\/pointe-levy\/#organization","name":"\u00c9cole Pointe-L\u00e9vy","url":"https:\/\/cssdn.gouv.qc.ca\/pointe-levy\/","logo":{"@type":"ImageObject","inLanguage":"fr-CA","@id":"https:\/\/cssdn.gouv.qc.ca\/pointe-levy\/#\/schema\/logo\/image\/","url":"https:\/\/cssdn.gouv.qc.ca\/pointe-levy\/wp-content\/uploads\/sites\/16\/2023\/01\/logo_quebec.svg","contentUrl":"https:\/\/cssdn.gouv.qc.ca\/pointe-levy\/wp-content\/uploads\/sites\/16\/2023\/01\/logo_quebec.svg","width":188,"height":41,"caption":"\u00c9cole Pointe-L\u00e9vy"},"image":{"@id":"https:\/\/cssdn.gouv.qc.ca\/pointe-levy\/#\/schema\/logo\/image\/"},"sameAs":["https:\/\/www.facebook.com\/ecolePLE55","https:\/\/x.com\/CSSNavigateurs","https:\/\/www.instagram.com\/pointelevy\/","https:\/\/www.youtube.com\/channel\/UCHbNBehije70JBzCIVT82bQ","https:\/\/www.linkedin.com\/company\/cssdn"]}]}},"publishpress_future_action":{"enabled":false,"date":"2026-04-30 04:36:00","action":"change-status","newStatus":"draft","terms":[],"taxonomy":"category","extraData":[]},"publishpress_future_workflow_manual_trigger":{"enabledWorkflows":[]},"_links":{"self":[{"href":"https:\/\/cssdn.gouv.qc.ca\/pointe-levy\/wp-json\/wp\/v2\/pages\/22","targetHints":{"allow":["GET"]}}],"collection":[{"href":"https:\/\/cssdn.gouv.qc.ca\/pointe-levy\/wp-json\/wp\/v2\/pages"}],"about":[{"href":"https:\/\/cssdn.gouv.qc.ca\/pointe-levy\/wp-json\/wp\/v2\/types\/page"}],"author":[{"embeddable":true,"href":"https:\/\/cssdn.gouv.qc.ca\/pointe-levy\/wp-json\/wp\/v2\/users\/1"}],"replies":[{"embeddable":true,"href":"https:\/\/cssdn.gouv.qc.ca\/pointe-levy\/wp-json\/wp\/v2\/comments?post=22"}],"version-history":[{"count":0,"href":"https:\/\/cssdn.gouv.qc.ca\/pointe-levy\/wp-json\/wp\/v2\/pages\/22\/revisions"}],"wp:attachment":[{"href":"https:\/\/cssdn.gouv.qc.ca\/pointe-levy\/wp-json\/wp\/v2\/media?parent=22"}],"wp:term":[{"taxonomy":"category","embeddable":true,"href":"https:\/\/cssdn.gouv.qc.ca\/pointe-levy\/wp-json\/wp\/v2\/categories?post=22"},{"taxonomy":"post_tag","embeddable":true,"href":"https:\/\/cssdn.gouv.qc.ca\/pointe-levy\/wp-json\/wp\/v2\/tags?post=22"}],"curies":[{"name":"wp","href":"https:\/\/api.w.org\/{rel}","templated":true}]}}