
{"id":5633,"date":"2023-10-30T20:03:33","date_gmt":"2023-10-31T00:03:33","guid":{"rendered":"https:\/\/cssdn.gouv.qc.ca\/pointe-levy\/?page_id=5633"},"modified":"2023-11-08T14:23:33","modified_gmt":"2023-11-08T19:23:33","slug":"ressources-numeriques","status":"publish","type":"page","link":"https:\/\/cssdn.gouv.qc.ca\/pointe-levy\/information\/ressources-numeriques\/","title":{"rendered":"Ressources  num\u00e9riques"},"content":{"rendered":"\n<div class=\"wp-block-cover alignfull is-light is-style-title-banner\"><span aria-hidden=\"true\" class=\"wp-block-cover__background has-primary-background-color has-background-dim\"><\/span><img decoding=\"async\" class=\"wp-block-cover__image-background wp-image-111 lazyload\" alt=\"\" data-src=\"https:\/\/stage.cssdn.gouv.qc.ca\/wp-content\/uploads\/2022\/08\/Seawire-Hero-06.jpg\" data-object-fit=\"cover\" src=\"data:image\/svg+xml;base64,PHN2ZyB3aWR0aD0iMSIgaGVpZ2h0PSIxIiB4bWxucz0iaHR0cDovL3d3dy53My5vcmcvMjAwMC9zdmciPjwvc3ZnPg==\" \/><div class=\"wp-block-cover__inner-container\"><h3 class=\"wp-block-post-title\">Ressources  num\u00e9riques<\/h3><\/div><\/div>\n\n\n\n<div class=\"wp-block-group alignfull has-padding-y-large has-secondary-background-color has-background\"><div class=\"yoast-breadcrumbs alignwide \"><span class=\"breadcrumbs\"><a href=\"https:\/\/cssdn.gouv.qc.ca\/pointe-levy\/\" class=\"breadcrumbs__element\">Accueil<\/a> <span class=\"breadcrumbs__separator\">\n        <svg class=\"icon icon-breadcrumb__separator\"><use xlink:href=\"#icon-breadcrumb__separator\"><\/use><\/svg>\n    <\/span> <a href=\"https:\/\/cssdn.gouv.qc.ca\/pointe-levy\/information\/\" class=\"breadcrumbs__element\">Information<\/a> <span class=\"breadcrumbs__separator\">\n        <svg class=\"icon icon-breadcrumb__separator\"><use xlink:href=\"#icon-breadcrumb__separator\"><\/use><\/svg>\n    <\/span> <span class=\"breadcrumbs__element breadcrumbs__element-current\">Ressources num\u00e9riques<\/span><\/span><\/div><\/div>\n\n\n\n<h2 class=\"wp-block-heading\">Pointe-L\u00e9vy num\u00e9rique<\/h2>\n\n\n\n<p class=\"wp-block-paragraph\">Cette page est destin\u00e9e aux enseignants et aux \u00e9l\u00e8ves de l&rsquo;\u00e9cole afin de les accompagner dans le virage num\u00e9rique. <\/p>\n\n\n\n<div class=\"wp-block-buttons\">\n<div class=\"wp-block-button\"><a class=\"wp-block-button__link wp-element-button\" href=\"https:\/\/sites.google.com\/csnavigateurs.qc.ca\/pointelevynumerique\/accueil\" target=\"_blank\" rel=\"noreferrer noopener\">Suivez-nous sur Pointe-L\u00e9vy num\u00e9rique <img decoding=\"async\" width=\"165\" height=\"66\" class=\"wp-image-5644 lazyload\" style=\"--smush-placeholder-width: 165px; --smush-placeholder-aspect-ratio: 165\/66;width: 150px\" data-src=\"https:\/\/cssdn.gouv.qc.ca\/pointe-levy\/wp-content\/uploads\/sites\/16\/2023\/10\/PLN.png\" alt=\"\" src=\"data:image\/svg+xml;base64,PHN2ZyB3aWR0aD0iMSIgaGVpZ2h0PSIxIiB4bWxucz0iaHR0cDovL3d3dy53My5vcmcvMjAwMC9zdmciPjwvc3ZnPg==\"><\/a><\/div>\n<\/div>\n\n\n\n<div class=\"act-collapsible\">\n<h2 class=\"wp-block-heading act-collapsible__heading\">Sites Internet des enseignants et des enseignantes<\/h2>\n\n\n\n<div class=\"act-collapsible__content\"><div class=\"act-collapsible__content-inner\">\n<p class=\"wp-block-paragraph\"><strong>Jimmy Grenier, <\/strong>histoire Pals 4: <a href=\"http:\/\/www.histoireausecondaire.com\/\" target=\"_blank\" rel=\"noreferrer noopener\">http:\/\/www.histoireausecondaire.com\/<\/a><\/p>\n\n\n\n<p class=\"wp-block-paragraph\"><strong>Charline Lafreni\u00e8re<\/strong>, multimedia LM4: <a href=\"https:\/\/sites.google.com\/cssdn.gouv.qc.ca\/multimedia-lm-4\/home\" target=\"_blank\" rel=\"noreferrer noopener\">https:\/\/sites.google.com\/cssdn.gouv.qc.ca\/multimedia-lm-4\/home<\/a><\/p>\n\n\n\n<p class=\"wp-block-paragraph\"><strong>Patrick Ruel, <\/strong>sciences PEI 3: <a href=\"http:\/\/scitech305.weebly.com\" target=\"_blank\" rel=\"noreferrer noopener\">scitech305.weebly.com<\/a><\/p>\n\n\n\n<p class=\"wp-block-paragraph\"><strong>Cyndie St-Pierre<\/strong>, anglais\/multimedia LM3: <a href=\"https:\/\/sites.google.com\/cssdn.gouv.qc.ca\/lm3\/accueil?pli=1&amp;authuser=2\" target=\"_blank\" rel=\"noreferrer noopener\">https:\/\/sites.google.com\/cssdn.gouv.qc.ca\/lm3\/accueil?pli=1&amp;authuser=2<\/a><\/p>\n\n\n\n<p class=\"wp-block-paragraph\"><\/p>\n<\/div><\/div>\n<\/div>\n","protected":false},"excerpt":{"rendered":"<p>Pointe-L\u00e9vy num\u00e9rique Cette page est destin\u00e9e aux enseignants et aux \u00e9l\u00e8ves de l&rsquo;\u00e9cole afin de les accompagner dans le virage num\u00e9rique.<\/p>\n","protected":false},"author":163,"featured_media":0,"parent":14,"menu_order":0,"comment_status":"closed","ping_status":"closed","template":"","meta":{"_acf_changed":false,"_crdt_document":"","inline_featured_image":false,"footnotes":""},"categories":[],"tags":[],"class_list":["post-5633","page","type-page","status-publish","hentry"],"acf":[],"yoast_head":"<!-- This site is optimized with the Yoast SEO plugin v27.4 - https:\/\/yoast.com\/product\/yoast-seo-wordpress\/ -->\n<title>Ressources num\u00e9riques - \u00c9cole Pointe-L\u00e9vy<\/title>\n<meta name=\"robots\" content=\"index, follow, max-snippet:-1, max-image-preview:large, max-video-preview:-1\" \/>\n<link rel=\"canonical\" href=\"https:\/\/cssdn.gouv.qc.ca\/pointe-levy\/information\/ressources-numeriques\/\" \/>\n<meta property=\"og:locale\" content=\"fr_CA\" \/>\n<meta property=\"og:type\" content=\"article\" \/>\n<meta property=\"og:title\" content=\"Ressources num\u00e9riques - \u00c9cole Pointe-L\u00e9vy\" \/>\n<meta property=\"og:description\" content=\"Pointe-L\u00e9vy num\u00e9rique Cette page est destin\u00e9e aux enseignants et aux \u00e9l\u00e8ves de l&rsquo;\u00e9cole afin de les accompagner dans le virage num\u00e9rique.\" \/>\n<meta property=\"og:url\" content=\"https:\/\/cssdn.gouv.qc.ca\/pointe-levy\/information\/ressources-numeriques\/\" \/>\n<meta property=\"og:site_name\" content=\"\u00c9cole Pointe-L\u00e9vy\" \/>\n<meta property=\"article:publisher\" content=\"https:\/\/www.facebook.com\/ecolePLE55\" \/>\n<meta property=\"article:modified_time\" content=\"2023-11-08T19:23:33+00:00\" \/>\n<meta property=\"og:image\" content=\"https:\/\/stage.cssdn.gouv.qc.ca\/wp-content\/uploads\/2022\/08\/Seawire-Hero-06.jpg\" \/>\n<meta name=\"twitter:card\" content=\"summary_large_image\" \/>\n<meta name=\"twitter:site\" content=\"@CSSNavigateurs\" \/>\n<meta name=\"twitter:label1\" content=\"Estimation du temps de lecture\" \/>\n\t<meta name=\"twitter:data1\" content=\"1 minute\" \/>\n<script type=\"application\/ld+json\" class=\"yoast-schema-graph\">{\"@context\":\"https:\\\/\\\/schema.org\",\"@graph\":[{\"@type\":\"WebPage\",\"@id\":\"https:\\\/\\\/cssdn.gouv.qc.ca\\\/pointe-levy\\\/information\\\/ressources-numeriques\\\/\",\"url\":\"https:\\\/\\\/cssdn.gouv.qc.ca\\\/pointe-levy\\\/information\\\/ressources-numeriques\\\/\",\"name\":\"Ressources num\u00e9riques - \u00c9cole Pointe-L\u00e9vy\",\"isPartOf\":{\"@id\":\"https:\\\/\\\/cssdn.gouv.qc.ca\\\/pointe-levy\\\/#website\"},\"primaryImageOfPage\":{\"@id\":\"https:\\\/\\\/cssdn.gouv.qc.ca\\\/pointe-levy\\\/information\\\/ressources-numeriques\\\/#primaryimage\"},\"image\":{\"@id\":\"https:\\\/\\\/cssdn.gouv.qc.ca\\\/pointe-levy\\\/information\\\/ressources-numeriques\\\/#primaryimage\"},\"thumbnailUrl\":\"https:\\\/\\\/stage.cssdn.gouv.qc.ca\\\/wp-content\\\/uploads\\\/2022\\\/08\\\/Seawire-Hero-06.jpg\",\"datePublished\":\"2023-10-31T00:03:33+00:00\",\"dateModified\":\"2023-11-08T19:23:33+00:00\",\"breadcrumb\":{\"@id\":\"https:\\\/\\\/cssdn.gouv.qc.ca\\\/pointe-levy\\\/information\\\/ressources-numeriques\\\/#breadcrumb\"},\"inLanguage\":\"fr-CA\",\"potentialAction\":[{\"@type\":\"ReadAction\",\"target\":[\"https:\\\/\\\/cssdn.gouv.qc.ca\\\/pointe-levy\\\/information\\\/ressources-numeriques\\\/\"]}]},{\"@type\":\"ImageObject\",\"inLanguage\":\"fr-CA\",\"@id\":\"https:\\\/\\\/cssdn.gouv.qc.ca\\\/pointe-levy\\\/information\\\/ressources-numeriques\\\/#primaryimage\",\"url\":\"https:\\\/\\\/stage.cssdn.gouv.qc.ca\\\/wp-content\\\/uploads\\\/2022\\\/08\\\/Seawire-Hero-06.jpg\",\"contentUrl\":\"https:\\\/\\\/stage.cssdn.gouv.qc.ca\\\/wp-content\\\/uploads\\\/2022\\\/08\\\/Seawire-Hero-06.jpg\"},{\"@type\":\"BreadcrumbList\",\"@id\":\"https:\\\/\\\/cssdn.gouv.qc.ca\\\/pointe-levy\\\/information\\\/ressources-numeriques\\\/#breadcrumb\",\"itemListElement\":[{\"@type\":\"ListItem\",\"position\":1,\"name\":\"Accueil\",\"item\":\"https:\\\/\\\/cssdn.gouv.qc.ca\\\/pointe-levy\\\/\"},{\"@type\":\"ListItem\",\"position\":2,\"name\":\"Information\",\"item\":\"https:\\\/\\\/cssdn.gouv.qc.ca\\\/pointe-levy\\\/information\\\/\"},{\"@type\":\"ListItem\",\"position\":3,\"name\":\"Ressources num\u00e9riques\"}]},{\"@type\":\"WebSite\",\"@id\":\"https:\\\/\\\/cssdn.gouv.qc.ca\\\/pointe-levy\\\/#website\",\"url\":\"https:\\\/\\\/cssdn.gouv.qc.ca\\\/pointe-levy\\\/\",\"name\":\"\u00c9cole Pointe-L\u00e9vy\",\"description\":\"Un site des centres de services scolaires des Navigateurs\",\"publisher\":{\"@id\":\"https:\\\/\\\/cssdn.gouv.qc.ca\\\/pointe-levy\\\/#organization\"},\"potentialAction\":[{\"@type\":\"SearchAction\",\"target\":{\"@type\":\"EntryPoint\",\"urlTemplate\":\"https:\\\/\\\/cssdn.gouv.qc.ca\\\/pointe-levy\\\/?s={search_term_string}\"},\"query-input\":{\"@type\":\"PropertyValueSpecification\",\"valueRequired\":true,\"valueName\":\"search_term_string\"}}],\"inLanguage\":\"fr-CA\"},{\"@type\":\"Organization\",\"@id\":\"https:\\\/\\\/cssdn.gouv.qc.ca\\\/pointe-levy\\\/#organization\",\"name\":\"\u00c9cole Pointe-L\u00e9vy\",\"url\":\"https:\\\/\\\/cssdn.gouv.qc.ca\\\/pointe-levy\\\/\",\"logo\":{\"@type\":\"ImageObject\",\"inLanguage\":\"fr-CA\",\"@id\":\"https:\\\/\\\/cssdn.gouv.qc.ca\\\/pointe-levy\\\/#\\\/schema\\\/logo\\\/image\\\/\",\"url\":\"https:\\\/\\\/cssdn.gouv.qc.ca\\\/pointe-levy\\\/wp-content\\\/uploads\\\/sites\\\/16\\\/2023\\\/01\\\/logo_quebec.svg\",\"contentUrl\":\"https:\\\/\\\/cssdn.gouv.qc.ca\\\/pointe-levy\\\/wp-content\\\/uploads\\\/sites\\\/16\\\/2023\\\/01\\\/logo_quebec.svg\",\"width\":188,\"height\":41,\"caption\":\"\u00c9cole Pointe-L\u00e9vy\"},\"image\":{\"@id\":\"https:\\\/\\\/cssdn.gouv.qc.ca\\\/pointe-levy\\\/#\\\/schema\\\/logo\\\/image\\\/\"},\"sameAs\":[\"https:\\\/\\\/www.facebook.com\\\/ecolePLE55\",\"https:\\\/\\\/x.com\\\/CSSNavigateurs\",\"https:\\\/\\\/www.instagram.com\\\/pointelevy\\\/\",\"https:\\\/\\\/www.youtube.com\\\/channel\\\/UCHbNBehije70JBzCIVT82bQ\",\"https:\\\/\\\/www.linkedin.com\\\/company\\\/cssdn\"]}]}<\/script>\n<!-- \/ Yoast SEO plugin. -->","yoast_head_json":{"title":"Ressources num\u00e9riques - \u00c9cole Pointe-L\u00e9vy","robots":{"index":"index","follow":"follow","max-snippet":"max-snippet:-1","max-image-preview":"max-image-preview:large","max-video-preview":"max-video-preview:-1"},"canonical":"https:\/\/cssdn.gouv.qc.ca\/pointe-levy\/information\/ressources-numeriques\/","og_locale":"fr_CA","og_type":"article","og_title":"Ressources num\u00e9riques - \u00c9cole Pointe-L\u00e9vy","og_description":"Pointe-L\u00e9vy num\u00e9rique Cette page est destin\u00e9e aux enseignants et aux \u00e9l\u00e8ves de l&rsquo;\u00e9cole afin de les accompagner dans le virage num\u00e9rique.","og_url":"https:\/\/cssdn.gouv.qc.ca\/pointe-levy\/information\/ressources-numeriques\/","og_site_name":"\u00c9cole Pointe-L\u00e9vy","article_publisher":"https:\/\/www.facebook.com\/ecolePLE55","article_modified_time":"2023-11-08T19:23:33+00:00","og_image":[{"url":"https:\/\/stage.cssdn.gouv.qc.ca\/wp-content\/uploads\/2022\/08\/Seawire-Hero-06.jpg","type":"","width":"","height":""}],"twitter_card":"summary_large_image","twitter_site":"@CSSNavigateurs","twitter_misc":{"Estimation du temps de lecture":"1 minute"},"schema":{"@context":"https:\/\/schema.org","@graph":[{"@type":"WebPage","@id":"https:\/\/cssdn.gouv.qc.ca\/pointe-levy\/information\/ressources-numeriques\/","url":"https:\/\/cssdn.gouv.qc.ca\/pointe-levy\/information\/ressources-numeriques\/","name":"Ressources num\u00e9riques - \u00c9cole Pointe-L\u00e9vy","isPartOf":{"@id":"https:\/\/cssdn.gouv.qc.ca\/pointe-levy\/#website"},"primaryImageOfPage":{"@id":"https:\/\/cssdn.gouv.qc.ca\/pointe-levy\/information\/ressources-numeriques\/#primaryimage"},"image":{"@id":"https:\/\/cssdn.gouv.qc.ca\/pointe-levy\/information\/ressources-numeriques\/#primaryimage"},"thumbnailUrl":"https:\/\/stage.cssdn.gouv.qc.ca\/wp-content\/uploads\/2022\/08\/Seawire-Hero-06.jpg","datePublished":"2023-10-31T00:03:33+00:00","dateModified":"2023-11-08T19:23:33+00:00","breadcrumb":{"@id":"https:\/\/cssdn.gouv.qc.ca\/pointe-levy\/information\/ressources-numeriques\/#breadcrumb"},"inLanguage":"fr-CA","potentialAction":[{"@type":"ReadAction","target":["https:\/\/cssdn.gouv.qc.ca\/pointe-levy\/information\/ressources-numeriques\/"]}]},{"@type":"ImageObject","inLanguage":"fr-CA","@id":"https:\/\/cssdn.gouv.qc.ca\/pointe-levy\/information\/ressources-numeriques\/#primaryimage","url":"https:\/\/stage.cssdn.gouv.qc.ca\/wp-content\/uploads\/2022\/08\/Seawire-Hero-06.jpg","contentUrl":"https:\/\/stage.cssdn.gouv.qc.ca\/wp-content\/uploads\/2022\/08\/Seawire-Hero-06.jpg"},{"@type":"BreadcrumbList","@id":"https:\/\/cssdn.gouv.qc.ca\/pointe-levy\/information\/ressources-numeriques\/#breadcrumb","itemListElement":[{"@type":"ListItem","position":1,"name":"Accueil","item":"https:\/\/cssdn.gouv.qc.ca\/pointe-levy\/"},{"@type":"ListItem","position":2,"name":"Information","item":"https:\/\/cssdn.gouv.qc.ca\/pointe-levy\/information\/"},{"@type":"ListItem","position":3,"name":"Ressources num\u00e9riques"}]},{"@type":"WebSite","@id":"https:\/\/cssdn.gouv.qc.ca\/pointe-levy\/#website","url":"https:\/\/cssdn.gouv.qc.ca\/pointe-levy\/","name":"\u00c9cole Pointe-L\u00e9vy","description":"Un site des centres de services scolaires des Navigateurs","publisher":{"@id":"https:\/\/cssdn.gouv.qc.ca\/pointe-levy\/#organization"},"potentialAction":[{"@type":"SearchAction","target":{"@type":"EntryPoint","urlTemplate":"https:\/\/cssdn.gouv.qc.ca\/pointe-levy\/?s={search_term_string}"},"query-input":{"@type":"PropertyValueSpecification","valueRequired":true,"valueName":"search_term_string"}}],"inLanguage":"fr-CA"},{"@type":"Organization","@id":"https:\/\/cssdn.gouv.qc.ca\/pointe-levy\/#organization","name":"\u00c9cole Pointe-L\u00e9vy","url":"https:\/\/cssdn.gouv.qc.ca\/pointe-levy\/","logo":{"@type":"ImageObject","inLanguage":"fr-CA","@id":"https:\/\/cssdn.gouv.qc.ca\/pointe-levy\/#\/schema\/logo\/image\/","url":"https:\/\/cssdn.gouv.qc.ca\/pointe-levy\/wp-content\/uploads\/sites\/16\/2023\/01\/logo_quebec.svg","contentUrl":"https:\/\/cssdn.gouv.qc.ca\/pointe-levy\/wp-content\/uploads\/sites\/16\/2023\/01\/logo_quebec.svg","width":188,"height":41,"caption":"\u00c9cole Pointe-L\u00e9vy"},"image":{"@id":"https:\/\/cssdn.gouv.qc.ca\/pointe-levy\/#\/schema\/logo\/image\/"},"sameAs":["https:\/\/www.facebook.com\/ecolePLE55","https:\/\/x.com\/CSSNavigateurs","https:\/\/www.instagram.com\/pointelevy\/","https:\/\/www.youtube.com\/channel\/UCHbNBehije70JBzCIVT82bQ","https:\/\/www.linkedin.com\/company\/cssdn"]}]}},"publishpress_future_action":{"enabled":false,"date":"2026-04-29 15:36:44","action":"change-status","newStatus":"draft","terms":[],"taxonomy":"category","extraData":[]},"publishpress_future_workflow_manual_trigger":{"enabledWorkflows":[]},"_links":{"self":[{"href":"https:\/\/cssdn.gouv.qc.ca\/pointe-levy\/wp-json\/wp\/v2\/pages\/5633","targetHints":{"allow":["GET"]}}],"collection":[{"href":"https:\/\/cssdn.gouv.qc.ca\/pointe-levy\/wp-json\/wp\/v2\/pages"}],"about":[{"href":"https:\/\/cssdn.gouv.qc.ca\/pointe-levy\/wp-json\/wp\/v2\/types\/page"}],"author":[{"embeddable":true,"href":"https:\/\/cssdn.gouv.qc.ca\/pointe-levy\/wp-json\/wp\/v2\/users\/163"}],"replies":[{"embeddable":true,"href":"https:\/\/cssdn.gouv.qc.ca\/pointe-levy\/wp-json\/wp\/v2\/comments?post=5633"}],"version-history":[{"count":0,"href":"https:\/\/cssdn.gouv.qc.ca\/pointe-levy\/wp-json\/wp\/v2\/pages\/5633\/revisions"}],"up":[{"embeddable":true,"href":"https:\/\/cssdn.gouv.qc.ca\/pointe-levy\/wp-json\/wp\/v2\/pages\/14"}],"wp:attachment":[{"href":"https:\/\/cssdn.gouv.qc.ca\/pointe-levy\/wp-json\/wp\/v2\/media?parent=5633"}],"wp:term":[{"taxonomy":"category","embeddable":true,"href":"https:\/\/cssdn.gouv.qc.ca\/pointe-levy\/wp-json\/wp\/v2\/categories?post=5633"},{"taxonomy":"post_tag","embeddable":true,"href":"https:\/\/cssdn.gouv.qc.ca\/pointe-levy\/wp-json\/wp\/v2\/tags?post=5633"}],"curies":[{"name":"wp","href":"https:\/\/api.w.org\/{rel}","templated":true}]}}