
{"id":588,"date":"2023-05-16T13:53:21","date_gmt":"2023-05-16T17:53:21","guid":{"rendered":"https:\/\/cssdn.gouv.qc.ca\/pointe-levy\/?page_id=588"},"modified":"2024-12-10T10:56:09","modified_gmt":"2024-12-10T15:56:09","slug":"services-aux-eleves","status":"publish","type":"page","link":"https:\/\/cssdn.gouv.qc.ca\/pointe-levy\/a-propos\/services-aux-eleves\/","title":{"rendered":"Services aux \u00e9l\u00e8ves"},"content":{"rendered":"\n<div class=\"wp-block-cover alignfull is-light is-style-title-banner\"><span aria-hidden=\"true\" class=\"wp-block-cover__background has-background-dim\"><\/span><img decoding=\"async\" class=\"wp-block-cover__image-background wp-image-111 lazyload\" alt=\"\" data-src=\"https:\/\/stage.cssdn.gouv.qc.ca\/wp-content\/uploads\/2022\/08\/Seawire-Hero-06.jpg\" data-object-fit=\"cover\" src=\"data:image\/svg+xml;base64,PHN2ZyB3aWR0aD0iMSIgaGVpZ2h0PSIxIiB4bWxucz0iaHR0cDovL3d3dy53My5vcmcvMjAwMC9zdmciPjwvc3ZnPg==\" \/><div class=\"wp-block-cover__inner-container\"><h3 class=\"wp-block-post-title\">Services aux \u00e9l\u00e8ves<\/h3><\/div><\/div>\n\n\n\n<div class=\"wp-block-group alignfull has-padding-y-large has-secondary-background-color has-background\"><div class=\"yoast-breadcrumbs alignwide \"><span class=\"breadcrumbs\"><a href=\"https:\/\/cssdn.gouv.qc.ca\/pointe-levy\/\" class=\"breadcrumbs__element\">Accueil<\/a> <span class=\"breadcrumbs__separator\">\n        <svg class=\"icon icon-breadcrumb__separator\"><use xlink:href=\"#icon-breadcrumb__separator\"><\/use><\/svg>\n    <\/span> <a href=\"https:\/\/cssdn.gouv.qc.ca\/pointe-levy\/a-propos\/\" class=\"breadcrumbs__element\">\u00c0 propos<\/a> <span class=\"breadcrumbs__separator\">\n        <svg class=\"icon icon-breadcrumb__separator\"><use xlink:href=\"#icon-breadcrumb__separator\"><\/use><\/svg>\n    <\/span> <span class=\"breadcrumbs__element breadcrumbs__element-current\">Services aux \u00e9l\u00e8ves<\/span><\/span><\/div><\/div>\n\n\n\n<h1 class=\"wp-block-heading\"><\/h1>\n\n\n\n\n\n<h2 class=\"wp-block-heading\">Proc\u00e9dure \u00e0 suivre pour une rencontre<\/h2>\n\n\n\n<p class=\"wp-block-paragraph\">L&rsquo;\u00e9l\u00e8ve qui d\u00e9sire une rencontre avec un membre du personnel des diff\u00e9rents services offerts \u00e0 l&rsquo;\u00e9cole doit r\u00e9aliser les trois \u00e9tapes suivantes :<\/p>\n\n\n\n<p class=\"wp-block-paragraph\">o&nbsp;&nbsp;&nbsp; prendre un rendez-vous<\/p>\n\n\n\n<p class=\"wp-block-paragraph\">o&nbsp;&nbsp;&nbsp; rencontrer l&rsquo;enseignant concern\u00e9, l&rsquo;informer et obtenir son approbation pour un meilleur suivi p\u00e9dagogique<\/p>\n\n\n\n<p class=\"wp-block-paragraph\">o&nbsp;&nbsp;&nbsp; pr\u00e9senter \u00e0 son enseignant, au retour en classe, le billet confirmant son rendez-vous et indiquant l\u2019heure o\u00f9 la   rencontre s\u2019est termin\u00e9e. L\u2019\u00e9l\u00e8ve qui ne remet pas son billet est consid\u00e9r\u00e9 comme ayant une absence non motiv\u00e9e.<\/p>\n\n\n\n<div class=\"wp-block-file\"><a id=\"wp-block-file--media-fbdc0b71-51f5-49d9-8278-c464e081178c\" href=\"https:\/\/cssdn.gouv.qc.ca\/pointe-levy\/wp-content\/uploads\/sites\/16\/2023\/05\/SERVICE-DE-PSYCHOLOGIE.pdf\" target=\"_blank\" rel=\"noreferrer noopener\">SERVICE DE PSYCHOLOGIE<\/a><\/div>\n\n\n\n<div class=\"wp-block-file\"><a id=\"wp-block-file--media-178d097b-5761-42b4-83a2-b072565ce860\" href=\"https:\/\/cssdn.gouv.qc.ca\/pointe-levy\/wp-content\/uploads\/sites\/16\/2023\/05\/SERVICE-DE-PSYCHOEDUCATION.pdf\" target=\"_blank\" rel=\"noreferrer noopener\">SERVICE DE PSYCHO\u00c9DUCATION<\/a><\/div>\n\n\n\n<div class=\"wp-block-file\"><a id=\"wp-block-file--media-d86ed3c2-398b-499e-8759-1ae3843e9f65\" href=\"https:\/\/cssdn.gouv.qc.ca\/pointe-levy\/wp-content\/uploads\/sites\/16\/2023\/05\/SERVICE-DEDUCATION-SPECIALISEE.pdf\" target=\"_blank\" rel=\"noreferrer noopener\">SERVICE D&rsquo;\u00c9DUCATION SP\u00c9CIALIS\u00c9E<\/a><\/div>\n\n\n\n<div class=\"wp-block-file\"><a id=\"wp-block-file--media-6aca6bd2-4af1-4606-9aed-62dd55858b39\" href=\"https:\/\/cssdn.gouv.qc.ca\/pointe-levy\/wp-content\/uploads\/sites\/16\/2023\/05\/SERVICE-DORIENTATION.pdf\" target=\"_blank\" rel=\"noreferrer noopener\">SERVICE D&rsquo;ORIENTATION<\/a><\/div>\n\n\n\n<div class=\"wp-block-file\"><a id=\"wp-block-file--media-3c540845-de95-4601-b347-78b099414491\" href=\"https:\/\/cssdn.gouv.qc.ca\/pointe-levy\/wp-content\/uploads\/sites\/16\/2023\/05\/SERVICE-DORTHOPEDAGOGIE.pdf\" target=\"_blank\" rel=\"noreferrer noopener\">SERVICE D&rsquo;ORTHOP\u00c9DAGOGIE<\/a><\/div>\n\n\n\n<div class=\"wp-block-file\"><a id=\"wp-block-file--media-96522011-26b5-4687-bda1-704d1e756a46\" href=\"https:\/\/cssdn.gouv.qc.ca\/pointe-levy\/wp-content\/uploads\/sites\/16\/2023\/05\/SERVICE-EN-TRAVAIL-SOCIAL-CISSS-DE-CHAUDIERE-APPALACHES-SECTEUR-CLSC-DESJARDINS.pdf\" target=\"_blank\" rel=\"noreferrer noopener\">SERVICE EN TRAVAIL SOCIAL (CISSS DE CHAUDI\u00c8RE-APPALACHES, SECTEUR CLSC DESJARDINS)<\/a><\/div>\n\n\n\n<div class=\"wp-block-file\"><a id=\"wp-block-file--media-2f5fc37f-4db7-47a6-9901-2d8845eccc0c\" href=\"https:\/\/cssdn.gouv.qc.ca\/pointe-levy\/wp-content\/uploads\/sites\/16\/2023\/05\/SERVICE-ENTOURANT-LA-VIE-ETUDIANTE.pdf\" target=\"_blank\" rel=\"noreferrer noopener\">SERVICE DE LA VIE  \u00c9TUDIANTE<\/a><\/div>\n\n\n\n<div class=\"wp-block-file\"><a id=\"wp-block-file--media-6ab1da79-bbfa-45c8-989f-223075bd202e\" href=\"https:\/\/cssdn.gouv.qc.ca\/pointe-levy\/wp-content\/uploads\/sites\/16\/2023\/05\/SERVICE-ENTOURANT-LA-VIE-COMMUNAUTAIRE-ENCADREE.pdf\" target=\"_blank\" rel=\"noreferrer noopener\">SERVICE DE LA VIE COMMUNAUTAIRE ENCADR\u00c9E<\/a><\/div>\n\n\n\n<div class=\"wp-block-file\"><a id=\"wp-block-file--media-aa65e803-4a7b-46ff-9146-3ae4a3c5ebe5\" href=\"https:\/\/cssdn.gouv.qc.ca\/pointe-levy\/wp-content\/uploads\/sites\/16\/2023\/05\/SERVICES-ENTOURANT-LA-VIE-SPORTIVE-DE-PARTICIPATION.pdf\" target=\"_blank\" rel=\"noreferrer noopener\">SERVICE DE LA VIE SPORTIVE DE PARTICIPATION<\/a><\/div>\n\n\n\n<div class=\"wp-block-file\"><a id=\"wp-block-file--media-a7474474-70d1-46ac-9ee5-a1707afffc0c\" href=\"https:\/\/cssdn.gouv.qc.ca\/pointe-levy\/wp-content\/uploads\/sites\/16\/2023\/05\/SERVICE-DE-BIBLIOTHEQUE.pdf\" target=\"_blank\" rel=\"noreferrer noopener\">SERVICE DE BIBLIOTH\u00c8QUE<\/a><\/div>\n\n\n\n<div class=\"wp-block-file\"><a id=\"wp-block-file--media-7db4f5b7-5137-455d-8cf9-bc6e365d07f2\" href=\"https:\/\/cssdn.gouv.qc.ca\/pointe-levy\/wp-content\/uploads\/sites\/16\/2023\/05\/SERVICE-INFIRMIERE-EN-SANTE-SCOLAIRE-CISSS-DE-CHAUDIERE-APPALACHES-SECTEUR-CLSC-DESJARDINS.pdf\" target=\"_blank\" rel=\"noreferrer noopener\">SERVICE INFIRMI\u00c8RE EN SANT\u00c9 SCOLAIRE (CISSS DE CHAUDI\u00c8RE-APPALACHES, SECTEUR CLSC DESJARDINS)<\/a><\/div>\n\n\n\n<div class=\"wp-block-file\"><a id=\"wp-block-file--media-36a63514-9319-46b5-afa2-f8032bbac572\" href=\"https:\/\/cssdn.gouv.qc.ca\/pointe-levy\/wp-content\/uploads\/sites\/16\/2023\/05\/SERVICE-DE-SURVEILLANCE-DELEVES.pdf\" target=\"_blank\" rel=\"noreferrer noopener\">SERVICE DE SURVEILLANCE D&rsquo;\u00c8LEVES<\/a><\/div>\n\n\n\n<div class=\"wp-block-file\"><a id=\"wp-block-file--media-1063ba2f-7ba3-4b09-8d68-5c99ec100e47\" href=\"https:\/\/cssdn.gouv.qc.ca\/pointe-levy\/wp-content\/uploads\/sites\/16\/2023\/05\/SERVICE-DE-COOP.pdf\" target=\"_blank\" rel=\"noreferrer noopener\">SERVICE DE COOP<\/a><\/div>\n\n\n\n<div class=\"wp-block-file\"><a id=\"wp-block-file--media-5986b1fe-9e39-42fb-9af7-665a5ecb1029\" href=\"https:\/\/cssdn.gouv.qc.ca\/pointe-levy\/wp-content\/uploads\/sites\/16\/2024\/12\/Presence-policiere-Etablissements-secondaires-2024.pdf\" target=\"_blank\" rel=\"noreferrer noopener\">Service policier &#8211; polici\u00e8re &#8211; \u00c9tablissements secondaires &#8211; 2024<\/a><\/div>\n","protected":false},"excerpt":{"rendered":"<p>Proc\u00e9dure \u00e0 suivre pour une rencontre L&rsquo;\u00e9l\u00e8ve qui d\u00e9sire une rencontre avec un membre du personnel des diff\u00e9rents services offerts \u00e0 l&rsquo;\u00e9cole doit r\u00e9aliser les trois \u00e9tapes suivantes : o&nbsp;&nbsp;&nbsp; prendre un rendez-vous o&nbsp;&nbsp;&nbsp; rencontrer l&rsquo;enseignant concern\u00e9, l&rsquo;informer et obtenir son approbation pour un meilleur suivi p\u00e9dagogique o&nbsp;&nbsp;&nbsp; pr\u00e9senter \u00e0 son enseignant, au retour en [&hellip;]<\/p>\n","protected":false},"author":93,"featured_media":0,"parent":5,"menu_order":0,"comment_status":"closed","ping_status":"closed","template":"","meta":{"_acf_changed":false,"_crdt_document":"","inline_featured_image":false,"footnotes":""},"categories":[],"tags":[],"class_list":["post-588","page","type-page","status-publish","hentry"],"acf":[],"yoast_head":"<!-- This site is optimized with the Yoast SEO plugin v27.5 - https:\/\/yoast.com\/product\/yoast-seo-wordpress\/ -->\n<title>Services aux \u00e9l\u00e8ves - \u00c9cole Pointe-L\u00e9vy<\/title>\n<meta name=\"robots\" content=\"index, follow, max-snippet:-1, max-image-preview:large, max-video-preview:-1\" \/>\n<link rel=\"canonical\" href=\"https:\/\/cssdn.gouv.qc.ca\/pointe-levy\/a-propos\/services-aux-eleves\/\" \/>\n<meta property=\"og:locale\" content=\"fr_CA\" \/>\n<meta property=\"og:type\" content=\"article\" \/>\n<meta property=\"og:title\" content=\"Services aux \u00e9l\u00e8ves - \u00c9cole Pointe-L\u00e9vy\" \/>\n<meta property=\"og:description\" content=\"Proc\u00e9dure \u00e0 suivre pour une rencontre L&rsquo;\u00e9l\u00e8ve qui d\u00e9sire une rencontre avec un membre du personnel des diff\u00e9rents services offerts \u00e0 l&rsquo;\u00e9cole doit r\u00e9aliser les trois \u00e9tapes suivantes : o&nbsp;&nbsp;&nbsp; prendre un rendez-vous o&nbsp;&nbsp;&nbsp; rencontrer l&rsquo;enseignant concern\u00e9, l&rsquo;informer et obtenir son approbation pour un meilleur suivi p\u00e9dagogique o&nbsp;&nbsp;&nbsp; pr\u00e9senter \u00e0 son enseignant, au retour en [&hellip;]\" \/>\n<meta property=\"og:url\" content=\"https:\/\/cssdn.gouv.qc.ca\/pointe-levy\/a-propos\/services-aux-eleves\/\" \/>\n<meta property=\"og:site_name\" content=\"\u00c9cole Pointe-L\u00e9vy\" \/>\n<meta property=\"article:publisher\" content=\"https:\/\/www.facebook.com\/ecolePLE55\" \/>\n<meta property=\"article:modified_time\" content=\"2024-12-10T15:56:09+00:00\" \/>\n<meta name=\"twitter:card\" content=\"summary_large_image\" \/>\n<meta name=\"twitter:site\" content=\"@CSSNavigateurs\" \/>\n<meta name=\"twitter:label1\" content=\"Estimation du temps de lecture\" \/>\n\t<meta name=\"twitter:data1\" content=\"1 minute\" \/>\n<script type=\"application\/ld+json\" class=\"yoast-schema-graph\">{\"@context\":\"https:\\\/\\\/schema.org\",\"@graph\":[{\"@type\":\"WebPage\",\"@id\":\"https:\\\/\\\/cssdn.gouv.qc.ca\\\/pointe-levy\\\/a-propos\\\/services-aux-eleves\\\/\",\"url\":\"https:\\\/\\\/cssdn.gouv.qc.ca\\\/pointe-levy\\\/a-propos\\\/services-aux-eleves\\\/\",\"name\":\"Services aux \u00e9l\u00e8ves - \u00c9cole Pointe-L\u00e9vy\",\"isPartOf\":{\"@id\":\"https:\\\/\\\/cssdn.gouv.qc.ca\\\/pointe-levy\\\/#website\"},\"primaryImageOfPage\":{\"@id\":\"https:\\\/\\\/cssdn.gouv.qc.ca\\\/pointe-levy\\\/a-propos\\\/services-aux-eleves\\\/#primaryimage\"},\"image\":{\"@id\":\"https:\\\/\\\/cssdn.gouv.qc.ca\\\/pointe-levy\\\/a-propos\\\/services-aux-eleves\\\/#primaryimage\"},\"thumbnailUrl\":\"https:\\\/\\\/stage.cssdn.gouv.qc.ca\\\/wp-content\\\/uploads\\\/2022\\\/08\\\/Seawire-Hero-06.jpg\",\"datePublished\":\"2023-05-16T17:53:21+00:00\",\"dateModified\":\"2024-12-10T15:56:09+00:00\",\"breadcrumb\":{\"@id\":\"https:\\\/\\\/cssdn.gouv.qc.ca\\\/pointe-levy\\\/a-propos\\\/services-aux-eleves\\\/#breadcrumb\"},\"inLanguage\":\"fr-CA\",\"potentialAction\":[{\"@type\":\"ReadAction\",\"target\":[\"https:\\\/\\\/cssdn.gouv.qc.ca\\\/pointe-levy\\\/a-propos\\\/services-aux-eleves\\\/\"]}]},{\"@type\":\"ImageObject\",\"inLanguage\":\"fr-CA\",\"@id\":\"https:\\\/\\\/cssdn.gouv.qc.ca\\\/pointe-levy\\\/a-propos\\\/services-aux-eleves\\\/#primaryimage\",\"url\":\"https:\\\/\\\/stage.cssdn.gouv.qc.ca\\\/wp-content\\\/uploads\\\/2022\\\/08\\\/Seawire-Hero-06.jpg\",\"contentUrl\":\"https:\\\/\\\/stage.cssdn.gouv.qc.ca\\\/wp-content\\\/uploads\\\/2022\\\/08\\\/Seawire-Hero-06.jpg\"},{\"@type\":\"BreadcrumbList\",\"@id\":\"https:\\\/\\\/cssdn.gouv.qc.ca\\\/pointe-levy\\\/a-propos\\\/services-aux-eleves\\\/#breadcrumb\",\"itemListElement\":[{\"@type\":\"ListItem\",\"position\":1,\"name\":\"Accueil\",\"item\":\"https:\\\/\\\/cssdn.gouv.qc.ca\\\/pointe-levy\\\/\"},{\"@type\":\"ListItem\",\"position\":2,\"name\":\"\u00c0 propos\",\"item\":\"https:\\\/\\\/cssdn.gouv.qc.ca\\\/pointe-levy\\\/a-propos\\\/\"},{\"@type\":\"ListItem\",\"position\":3,\"name\":\"Services aux \u00e9l\u00e8ves\"}]},{\"@type\":\"WebSite\",\"@id\":\"https:\\\/\\\/cssdn.gouv.qc.ca\\\/pointe-levy\\\/#website\",\"url\":\"https:\\\/\\\/cssdn.gouv.qc.ca\\\/pointe-levy\\\/\",\"name\":\"\u00c9cole Pointe-L\u00e9vy\",\"description\":\"Un site des centres de services scolaires des Navigateurs\",\"publisher\":{\"@id\":\"https:\\\/\\\/cssdn.gouv.qc.ca\\\/pointe-levy\\\/#organization\"},\"potentialAction\":[{\"@type\":\"SearchAction\",\"target\":{\"@type\":\"EntryPoint\",\"urlTemplate\":\"https:\\\/\\\/cssdn.gouv.qc.ca\\\/pointe-levy\\\/?s={search_term_string}\"},\"query-input\":{\"@type\":\"PropertyValueSpecification\",\"valueRequired\":true,\"valueName\":\"search_term_string\"}}],\"inLanguage\":\"fr-CA\"},{\"@type\":\"Organization\",\"@id\":\"https:\\\/\\\/cssdn.gouv.qc.ca\\\/pointe-levy\\\/#organization\",\"name\":\"\u00c9cole Pointe-L\u00e9vy\",\"url\":\"https:\\\/\\\/cssdn.gouv.qc.ca\\\/pointe-levy\\\/\",\"logo\":{\"@type\":\"ImageObject\",\"inLanguage\":\"fr-CA\",\"@id\":\"https:\\\/\\\/cssdn.gouv.qc.ca\\\/pointe-levy\\\/#\\\/schema\\\/logo\\\/image\\\/\",\"url\":\"https:\\\/\\\/cssdn.gouv.qc.ca\\\/pointe-levy\\\/wp-content\\\/uploads\\\/sites\\\/16\\\/2023\\\/01\\\/logo_quebec.svg\",\"contentUrl\":\"https:\\\/\\\/cssdn.gouv.qc.ca\\\/pointe-levy\\\/wp-content\\\/uploads\\\/sites\\\/16\\\/2023\\\/01\\\/logo_quebec.svg\",\"width\":188,\"height\":41,\"caption\":\"\u00c9cole Pointe-L\u00e9vy\"},\"image\":{\"@id\":\"https:\\\/\\\/cssdn.gouv.qc.ca\\\/pointe-levy\\\/#\\\/schema\\\/logo\\\/image\\\/\"},\"sameAs\":[\"https:\\\/\\\/www.facebook.com\\\/ecolePLE55\",\"https:\\\/\\\/x.com\\\/CSSNavigateurs\",\"https:\\\/\\\/www.instagram.com\\\/pointelevy\\\/\",\"https:\\\/\\\/www.youtube.com\\\/channel\\\/UCHbNBehije70JBzCIVT82bQ\",\"https:\\\/\\\/www.linkedin.com\\\/company\\\/cssdn\"]}]}<\/script>\n<!-- \/ Yoast SEO plugin. -->","yoast_head_json":{"title":"Services aux \u00e9l\u00e8ves - \u00c9cole Pointe-L\u00e9vy","robots":{"index":"index","follow":"follow","max-snippet":"max-snippet:-1","max-image-preview":"max-image-preview:large","max-video-preview":"max-video-preview:-1"},"canonical":"https:\/\/cssdn.gouv.qc.ca\/pointe-levy\/a-propos\/services-aux-eleves\/","og_locale":"fr_CA","og_type":"article","og_title":"Services aux \u00e9l\u00e8ves - \u00c9cole Pointe-L\u00e9vy","og_description":"Proc\u00e9dure \u00e0 suivre pour une rencontre L&rsquo;\u00e9l\u00e8ve qui d\u00e9sire une rencontre avec un membre du personnel des diff\u00e9rents services offerts \u00e0 l&rsquo;\u00e9cole doit r\u00e9aliser les trois \u00e9tapes suivantes : o&nbsp;&nbsp;&nbsp; prendre un rendez-vous o&nbsp;&nbsp;&nbsp; rencontrer l&rsquo;enseignant concern\u00e9, l&rsquo;informer et obtenir son approbation pour un meilleur suivi p\u00e9dagogique o&nbsp;&nbsp;&nbsp; pr\u00e9senter \u00e0 son enseignant, au retour en [&hellip;]","og_url":"https:\/\/cssdn.gouv.qc.ca\/pointe-levy\/a-propos\/services-aux-eleves\/","og_site_name":"\u00c9cole Pointe-L\u00e9vy","article_publisher":"https:\/\/www.facebook.com\/ecolePLE55","article_modified_time":"2024-12-10T15:56:09+00:00","twitter_card":"summary_large_image","twitter_site":"@CSSNavigateurs","twitter_misc":{"Estimation du temps de lecture":"1 minute"},"schema":{"@context":"https:\/\/schema.org","@graph":[{"@type":"WebPage","@id":"https:\/\/cssdn.gouv.qc.ca\/pointe-levy\/a-propos\/services-aux-eleves\/","url":"https:\/\/cssdn.gouv.qc.ca\/pointe-levy\/a-propos\/services-aux-eleves\/","name":"Services aux \u00e9l\u00e8ves - \u00c9cole Pointe-L\u00e9vy","isPartOf":{"@id":"https:\/\/cssdn.gouv.qc.ca\/pointe-levy\/#website"},"primaryImageOfPage":{"@id":"https:\/\/cssdn.gouv.qc.ca\/pointe-levy\/a-propos\/services-aux-eleves\/#primaryimage"},"image":{"@id":"https:\/\/cssdn.gouv.qc.ca\/pointe-levy\/a-propos\/services-aux-eleves\/#primaryimage"},"thumbnailUrl":"https:\/\/stage.cssdn.gouv.qc.ca\/wp-content\/uploads\/2022\/08\/Seawire-Hero-06.jpg","datePublished":"2023-05-16T17:53:21+00:00","dateModified":"2024-12-10T15:56:09+00:00","breadcrumb":{"@id":"https:\/\/cssdn.gouv.qc.ca\/pointe-levy\/a-propos\/services-aux-eleves\/#breadcrumb"},"inLanguage":"fr-CA","potentialAction":[{"@type":"ReadAction","target":["https:\/\/cssdn.gouv.qc.ca\/pointe-levy\/a-propos\/services-aux-eleves\/"]}]},{"@type":"ImageObject","inLanguage":"fr-CA","@id":"https:\/\/cssdn.gouv.qc.ca\/pointe-levy\/a-propos\/services-aux-eleves\/#primaryimage","url":"https:\/\/stage.cssdn.gouv.qc.ca\/wp-content\/uploads\/2022\/08\/Seawire-Hero-06.jpg","contentUrl":"https:\/\/stage.cssdn.gouv.qc.ca\/wp-content\/uploads\/2022\/08\/Seawire-Hero-06.jpg"},{"@type":"BreadcrumbList","@id":"https:\/\/cssdn.gouv.qc.ca\/pointe-levy\/a-propos\/services-aux-eleves\/#breadcrumb","itemListElement":[{"@type":"ListItem","position":1,"name":"Accueil","item":"https:\/\/cssdn.gouv.qc.ca\/pointe-levy\/"},{"@type":"ListItem","position":2,"name":"\u00c0 propos","item":"https:\/\/cssdn.gouv.qc.ca\/pointe-levy\/a-propos\/"},{"@type":"ListItem","position":3,"name":"Services aux \u00e9l\u00e8ves"}]},{"@type":"WebSite","@id":"https:\/\/cssdn.gouv.qc.ca\/pointe-levy\/#website","url":"https:\/\/cssdn.gouv.qc.ca\/pointe-levy\/","name":"\u00c9cole Pointe-L\u00e9vy","description":"Un site des centres de services scolaires des Navigateurs","publisher":{"@id":"https:\/\/cssdn.gouv.qc.ca\/pointe-levy\/#organization"},"potentialAction":[{"@type":"SearchAction","target":{"@type":"EntryPoint","urlTemplate":"https:\/\/cssdn.gouv.qc.ca\/pointe-levy\/?s={search_term_string}"},"query-input":{"@type":"PropertyValueSpecification","valueRequired":true,"valueName":"search_term_string"}}],"inLanguage":"fr-CA"},{"@type":"Organization","@id":"https:\/\/cssdn.gouv.qc.ca\/pointe-levy\/#organization","name":"\u00c9cole Pointe-L\u00e9vy","url":"https:\/\/cssdn.gouv.qc.ca\/pointe-levy\/","logo":{"@type":"ImageObject","inLanguage":"fr-CA","@id":"https:\/\/cssdn.gouv.qc.ca\/pointe-levy\/#\/schema\/logo\/image\/","url":"https:\/\/cssdn.gouv.qc.ca\/pointe-levy\/wp-content\/uploads\/sites\/16\/2023\/01\/logo_quebec.svg","contentUrl":"https:\/\/cssdn.gouv.qc.ca\/pointe-levy\/wp-content\/uploads\/sites\/16\/2023\/01\/logo_quebec.svg","width":188,"height":41,"caption":"\u00c9cole Pointe-L\u00e9vy"},"image":{"@id":"https:\/\/cssdn.gouv.qc.ca\/pointe-levy\/#\/schema\/logo\/image\/"},"sameAs":["https:\/\/www.facebook.com\/ecolePLE55","https:\/\/x.com\/CSSNavigateurs","https:\/\/www.instagram.com\/pointelevy\/","https:\/\/www.youtube.com\/channel\/UCHbNBehije70JBzCIVT82bQ","https:\/\/www.linkedin.com\/company\/cssdn"]}]}},"publishpress_future_action":{"enabled":false,"date":"2026-05-12 12:04:59","action":"change-status","newStatus":"draft","terms":[],"taxonomy":"category","extraData":[]},"publishpress_future_workflow_manual_trigger":{"enabledWorkflows":[]},"_links":{"self":[{"href":"https:\/\/cssdn.gouv.qc.ca\/pointe-levy\/wp-json\/wp\/v2\/pages\/588","targetHints":{"allow":["GET"]}}],"collection":[{"href":"https:\/\/cssdn.gouv.qc.ca\/pointe-levy\/wp-json\/wp\/v2\/pages"}],"about":[{"href":"https:\/\/cssdn.gouv.qc.ca\/pointe-levy\/wp-json\/wp\/v2\/types\/page"}],"author":[{"embeddable":true,"href":"https:\/\/cssdn.gouv.qc.ca\/pointe-levy\/wp-json\/wp\/v2\/users\/93"}],"replies":[{"embeddable":true,"href":"https:\/\/cssdn.gouv.qc.ca\/pointe-levy\/wp-json\/wp\/v2\/comments?post=588"}],"version-history":[{"count":0,"href":"https:\/\/cssdn.gouv.qc.ca\/pointe-levy\/wp-json\/wp\/v2\/pages\/588\/revisions"}],"up":[{"embeddable":true,"href":"https:\/\/cssdn.gouv.qc.ca\/pointe-levy\/wp-json\/wp\/v2\/pages\/5"}],"wp:attachment":[{"href":"https:\/\/cssdn.gouv.qc.ca\/pointe-levy\/wp-json\/wp\/v2\/media?parent=588"}],"wp:term":[{"taxonomy":"category","embeddable":true,"href":"https:\/\/cssdn.gouv.qc.ca\/pointe-levy\/wp-json\/wp\/v2\/categories?post=588"},{"taxonomy":"post_tag","embeddable":true,"href":"https:\/\/cssdn.gouv.qc.ca\/pointe-levy\/wp-json\/wp\/v2\/tags?post=588"}],"curies":[{"name":"wp","href":"https:\/\/api.w.org\/{rel}","templated":true}]}}