
{"id":771,"date":"2023-06-27T15:39:51","date_gmt":"2023-06-27T19:39:51","guid":{"rendered":"https:\/\/cssdn.gouv.qc.ca\/pointe-levy\/?page_id=771"},"modified":"2026-03-25T11:52:51","modified_gmt":"2026-03-25T15:52:51","slug":"concentrations-sportives","status":"publish","type":"page","link":"https:\/\/cssdn.gouv.qc.ca\/pointe-levy\/concentrations-sportives\/","title":{"rendered":"Concentrations sportives"},"content":{"rendered":"\n<div class=\"wp-block-cover alignfull is-light is-style-title-banner\"><img decoding=\"async\" width=\"654\" height=\"807\" class=\"wp-block-cover__image-background wp-image-772 lazyload\" alt=\"\" data-src=\"https:\/\/cssdn.gouv.qc.ca\/pointe-levy\/wp-content\/uploads\/sites\/16\/2023\/06\/gym2-1.jpg\" style=\"--smush-placeholder-width: 654px; --smush-placeholder-aspect-ratio: 654\/807;object-position:54% 74%\" data-object-fit=\"cover\" data-object-position=\"54% 74%\" data-srcset=\"https:\/\/cssdn.gouv.qc.ca\/pointe-levy\/wp-content\/uploads\/sites\/16\/2023\/06\/gym2-1.jpg 654w, https:\/\/cssdn.gouv.qc.ca\/pointe-levy\/wp-content\/uploads\/sites\/16\/2023\/06\/gym2-1-243x300.jpg 243w\" data-sizes=\"(max-width: 654px) 100vw, 654px\" src=\"data:image\/svg+xml;base64,PHN2ZyB3aWR0aD0iMSIgaGVpZ2h0PSIxIiB4bWxucz0iaHR0cDovL3d3dy53My5vcmcvMjAwMC9zdmciPjwvc3ZnPg==\" \/><span aria-hidden=\"true\" class=\"wp-block-cover__background has-background-dim\"><\/span><div class=\"wp-block-cover__inner-container\"><h3 class=\"has-link-color wp-elements-e93932e6b1965ae0aa266bd9a079fde0 wp-block-post-title has-text-color has-white-color\">Concentrations sportives<\/h3><\/div><\/div>\n\n\n\n<div class=\"wp-block-group alignfull has-padding-y-large has-secondary-background-color has-background\"><div class=\"yoast-breadcrumbs alignwide \"><span class=\"breadcrumbs\"><a href=\"https:\/\/cssdn.gouv.qc.ca\/pointe-levy\/\" class=\"breadcrumbs__element\">Accueil<\/a> <span class=\"breadcrumbs__separator\">\n        <svg class=\"icon icon-breadcrumb__separator\"><use xlink:href=\"#icon-breadcrumb__separator\"><\/use><\/svg>\n    <\/span> <span class=\"breadcrumbs__element breadcrumbs__element-current\">Concentrations sportives<\/span><\/span><\/div><\/div>\n\n\n\n<h1 class=\"wp-block-heading\">Concentrations sportives<\/h1>\n\n\n\n\n\n<div class=\"wp-block-buttons\">\n<div class=\"wp-block-button\"><a class=\"wp-block-button__link wp-element-button\" href=\"https:\/\/cssdn.gouv.qc.ca\/pointe-levy\/badminton\/\" target=\"_blank\" rel=\"noreferrer noopener\">Badminton<\/a><\/div>\n<\/div>\n\n\n\n<div class=\"wp-block-buttons\">\n<div class=\"wp-block-button\"><a class=\"wp-block-button__link wp-element-button\" href=\"https:\/\/cssdn.gouv.qc.ca\/pointe-levy\/basketball\/\" target=\"_blank\" rel=\"noreferrer noopener\">Basketball<\/a><\/div>\n<\/div>\n\n\n\n<div class=\"wp-block-buttons\">\n<div class=\"wp-block-button\"><a class=\"wp-block-button__link wp-element-button\" href=\"https:\/\/cssdn.gouv.qc.ca\/pointe-levy\/cheerleading\/\" target=\"_blank\" rel=\"noreferrer noopener\">Cheerleading<\/a><\/div>\n<\/div>\n\n\n\n<div class=\"wp-block-buttons\">\n<div class=\"wp-block-button\"><a class=\"wp-block-button__link wp-element-button\" href=\"https:\/\/cssdn.gouv.qc.ca\/pointe-levy\/cyclisme\/\" target=\"_blank\" rel=\"noreferrer noopener\">Cyclisme<\/a><\/div>\n<\/div>\n\n\n\n<div class=\"wp-block-buttons\">\n<div class=\"wp-block-button\"><a class=\"wp-block-button__link wp-element-button\" href=\"https:\/\/cssdn.gouv.qc.ca\/pointe-levy\/equitation-academie-equestre-rive-sud\/\" target=\"_blank\" rel=\"noreferrer noopener\">\u00c9quitation Acad\u00e9mie \u00e9questre Rive-Sud<\/a><\/div>\n<\/div>\n\n\n\n<div class=\"wp-block-buttons\">\n<div class=\"wp-block-button\"><a class=\"wp-block-button__link wp-element-button\" href=\"https:\/\/cssdn.gouv.qc.ca\/pointe-levy\/equitation-equestra\/\" target=\"_blank\" rel=\"noreferrer noopener\">\u00c9quitation \u00c9questra<\/a><\/div>\n<\/div>\n\n\n\n<div class=\"wp-block-buttons\">\n<div class=\"wp-block-button\"><a class=\"wp-block-button__link wp-element-button\" href=\"https:\/\/cssdn.gouv.qc.ca\/pointe-levy\/equitation-la-licorne\/\" target=\"_blank\" rel=\"noreferrer noopener\">\u00c9quitation La Licorne<\/a><\/div>\n<\/div>\n\n\n\n<div class=\"wp-block-buttons\">\n<div class=\"wp-block-button\"><a class=\"wp-block-button__link wp-element-button\" href=\"https:\/\/cssdn.gouv.qc.ca\/pointe-levy\/equitation-ranch-lt-performance\/\" target=\"_blank\" rel=\"noreferrer noopener\">\u00c9quitation Ranch LT performance<\/a><\/div>\n<\/div>\n\n\n\n<div class=\"wp-block-buttons\">\n<div class=\"wp-block-button\"><a class=\"wp-block-button__link wp-element-button\" href=\"https:\/\/cssdn.gouv.qc.ca\/pointe-levy\/escalade\" target=\"_blank\" rel=\"noreferrer noopener\">Escalade<\/a><\/div>\n<\/div>\n\n\n\n<div class=\"wp-block-buttons\">\n<div class=\"wp-block-button\"><a class=\"wp-block-button__link wp-element-button\" href=\"https:\/\/cssdn.gouv.qc.ca\/pointe-levy\/football\/\" target=\"_blank\" rel=\"noreferrer noopener\">Football<\/a><\/div>\n<\/div>\n\n\n\n<div class=\"wp-block-buttons\">\n<div class=\"wp-block-button\"><a class=\"wp-block-button__link wp-element-button\" href=\"https:\/\/cssdn.gouv.qc.ca\/pointe-levy\/gymnastique-lenvol-concentration\/\" target=\"_blank\" rel=\"noreferrer noopener\">Gymnastique, club de l&rsquo;Envol<\/a><\/div>\n<\/div>\n\n\n\n<div class=\"wp-block-buttons\">\n<div class=\"wp-block-button\"><a class=\"wp-block-button__link wp-element-button\">Gymnastique, club Gymnamic (\u00e0 venir)<\/a><\/div>\n<\/div>\n\n\n\n<div class=\"wp-block-buttons\">\n<div class=\"wp-block-button\"><a class=\"wp-block-button__link wp-element-button\" href=\"https:\/\/cssdn.gouv.qc.ca\/pointe-levy\/hockey-rseq-et-hockey-athlete\/\" target=\"_blank\" rel=\"noreferrer noopener\">Hockey RSEQ et Hockey-athl\u00e8te<\/a><\/div>\n<\/div>\n\n\n\n<div class=\"wp-block-buttons\">\n<div class=\"wp-block-button\"><a class=\"wp-block-button__link wp-element-button\" href=\"https:\/\/cssdn.gouv.qc.ca\/pointe-levy\/patinage-artistique-edisa-concentration\/\" target=\"_blank\" rel=\"noreferrer noopener\">Patinage artistique EDISA<\/a><\/div>\n<\/div>\n\n\n\n<div class=\"wp-block-buttons\">\n<div class=\"wp-block-button\"><a class=\"wp-block-button__link wp-element-button\" href=\"https:\/\/cssdn.gouv.qc.ca\/pointe-levy\/patinage-artistique-edisa-concentration\/\" target=\"_blank\" rel=\"noreferrer noopener\">Patinage artistique PEPACA<\/a><\/div>\n<\/div>\n\n\n\n<div class=\"wp-block-buttons\">\n<div class=\"wp-block-button\"><a class=\"wp-block-button__link wp-element-button\" href=\"https:\/\/cssdn.gouv.qc.ca\/pointe-levy\/skateboard-snowboard\/\" target=\"_blank\" rel=\"noreferrer noopener\">Skateboard et snowboard<\/a><\/div>\n<\/div>\n\n\n\n<div class=\"wp-block-buttons\">\n<div class=\"wp-block-button\"><a class=\"wp-block-button__link wp-element-button\" href=\"https:\/\/cssdn.gouv.qc.ca\/pointe-levy\/tennis\/\" target=\"_blank\" rel=\"noreferrer noopener\">Tennis<\/a><\/div>\n<\/div>\n\n\n\n<div class=\"wp-block-buttons\">\n<div class=\"wp-block-button\"><a class=\"wp-block-button__link wp-element-button\" href=\"https:\/\/cssdn.gouv.qc.ca\/pointe-levy\/volleyball-feminin\/\" target=\"_blank\" rel=\"noreferrer noopener\">Volleyball f\u00e9minin<\/a><\/div>\n<\/div>\n","protected":false},"excerpt":{"rendered":"<p>Concentrations sportives<\/p>\n","protected":false},"author":20,"featured_media":0,"parent":0,"menu_order":0,"comment_status":"closed","ping_status":"closed","template":"","meta":{"_acf_changed":false,"_crdt_document":"","inline_featured_image":false,"footnotes":""},"categories":[],"tags":[],"class_list":["post-771","page","type-page","status-publish","hentry"],"acf":[],"yoast_head":"<!-- This site is optimized with the Yoast SEO plugin v27.3 - https:\/\/yoast.com\/product\/yoast-seo-wordpress\/ -->\n<title>Concentrations sportives - \u00c9cole Pointe-L\u00e9vy<\/title>\n<meta name=\"description\" content=\"Concentrations artistiques (arts visuels, danse, musique) des PALS de l&#039;\u00c9cole Pointe-L\u00e9vy de L\u00e9vis\" \/>\n<meta name=\"robots\" content=\"index, follow, max-snippet:-1, max-image-preview:large, max-video-preview:-1\" \/>\n<link rel=\"canonical\" href=\"https:\/\/cssdn.gouv.qc.ca\/pointe-levy\/concentrations-sportives\/\" \/>\n<meta property=\"og:locale\" content=\"fr_CA\" \/>\n<meta property=\"og:type\" content=\"article\" \/>\n<meta property=\"og:title\" content=\"Concentrations sportives - \u00c9cole Pointe-L\u00e9vy\" \/>\n<meta property=\"og:description\" content=\"Concentrations artistiques (arts visuels, danse, musique) des PALS de l&#039;\u00c9cole Pointe-L\u00e9vy de L\u00e9vis\" \/>\n<meta property=\"og:url\" content=\"https:\/\/cssdn.gouv.qc.ca\/pointe-levy\/concentrations-sportives\/\" \/>\n<meta property=\"og:site_name\" content=\"\u00c9cole Pointe-L\u00e9vy\" \/>\n<meta property=\"article:publisher\" content=\"https:\/\/www.facebook.com\/ecolePLE55\" \/>\n<meta property=\"article:modified_time\" content=\"2026-03-25T15:52:51+00:00\" \/>\n<meta property=\"og:image\" content=\"https:\/\/cssdn.gouv.qc.ca\/pointe-levy\/wp-content\/uploads\/sites\/16\/2023\/06\/gym2-1.jpg\" \/>\n\t<meta property=\"og:image:width\" content=\"654\" \/>\n\t<meta property=\"og:image:height\" content=\"807\" \/>\n\t<meta property=\"og:image:type\" content=\"image\/jpeg\" \/>\n<meta name=\"twitter:card\" content=\"summary_large_image\" \/>\n<meta name=\"twitter:site\" content=\"@CSSNavigateurs\" \/>\n<meta name=\"twitter:label1\" content=\"Estimation du temps de lecture\" \/>\n\t<meta name=\"twitter:data1\" content=\"5 minutes\" \/>\n<script type=\"application\/ld+json\" class=\"yoast-schema-graph\">{\"@context\":\"https:\\\/\\\/schema.org\",\"@graph\":[{\"@type\":\"WebPage\",\"@id\":\"https:\\\/\\\/cssdn.gouv.qc.ca\\\/pointe-levy\\\/concentrations-sportives\\\/\",\"url\":\"https:\\\/\\\/cssdn.gouv.qc.ca\\\/pointe-levy\\\/concentrations-sportives\\\/\",\"name\":\"Concentrations sportives - \u00c9cole Pointe-L\u00e9vy\",\"isPartOf\":{\"@id\":\"https:\\\/\\\/cssdn.gouv.qc.ca\\\/pointe-levy\\\/#website\"},\"primaryImageOfPage\":{\"@id\":\"https:\\\/\\\/cssdn.gouv.qc.ca\\\/pointe-levy\\\/concentrations-sportives\\\/#primaryimage\"},\"image\":{\"@id\":\"https:\\\/\\\/cssdn.gouv.qc.ca\\\/pointe-levy\\\/concentrations-sportives\\\/#primaryimage\"},\"thumbnailUrl\":\"https:\\\/\\\/cssdn.gouv.qc.ca\\\/pointe-levy\\\/wp-content\\\/uploads\\\/sites\\\/16\\\/2023\\\/06\\\/gym2-1.jpg\",\"datePublished\":\"2023-06-27T19:39:51+00:00\",\"dateModified\":\"2026-03-25T15:52:51+00:00\",\"description\":\"Concentrations artistiques (arts visuels, danse, musique) des PALS de l'\u00c9cole Pointe-L\u00e9vy de L\u00e9vis\",\"breadcrumb\":{\"@id\":\"https:\\\/\\\/cssdn.gouv.qc.ca\\\/pointe-levy\\\/concentrations-sportives\\\/#breadcrumb\"},\"inLanguage\":\"fr-CA\",\"potentialAction\":[{\"@type\":\"ReadAction\",\"target\":[\"https:\\\/\\\/cssdn.gouv.qc.ca\\\/pointe-levy\\\/concentrations-sportives\\\/\"]}]},{\"@type\":\"ImageObject\",\"inLanguage\":\"fr-CA\",\"@id\":\"https:\\\/\\\/cssdn.gouv.qc.ca\\\/pointe-levy\\\/concentrations-sportives\\\/#primaryimage\",\"url\":\"https:\\\/\\\/cssdn.gouv.qc.ca\\\/pointe-levy\\\/wp-content\\\/uploads\\\/sites\\\/16\\\/2023\\\/06\\\/gym2-1.jpg\",\"contentUrl\":\"https:\\\/\\\/cssdn.gouv.qc.ca\\\/pointe-levy\\\/wp-content\\\/uploads\\\/sites\\\/16\\\/2023\\\/06\\\/gym2-1.jpg\",\"width\":654,\"height\":807},{\"@type\":\"BreadcrumbList\",\"@id\":\"https:\\\/\\\/cssdn.gouv.qc.ca\\\/pointe-levy\\\/concentrations-sportives\\\/#breadcrumb\",\"itemListElement\":[{\"@type\":\"ListItem\",\"position\":1,\"name\":\"Accueil\",\"item\":\"https:\\\/\\\/cssdn.gouv.qc.ca\\\/pointe-levy\\\/\"},{\"@type\":\"ListItem\",\"position\":2,\"name\":\"Concentrations sportives\"}]},{\"@type\":\"WebSite\",\"@id\":\"https:\\\/\\\/cssdn.gouv.qc.ca\\\/pointe-levy\\\/#website\",\"url\":\"https:\\\/\\\/cssdn.gouv.qc.ca\\\/pointe-levy\\\/\",\"name\":\"\u00c9cole Pointe-L\u00e9vy\",\"description\":\"Un site des centres de services scolaires des Navigateurs\",\"publisher\":{\"@id\":\"https:\\\/\\\/cssdn.gouv.qc.ca\\\/pointe-levy\\\/#organization\"},\"potentialAction\":[{\"@type\":\"SearchAction\",\"target\":{\"@type\":\"EntryPoint\",\"urlTemplate\":\"https:\\\/\\\/cssdn.gouv.qc.ca\\\/pointe-levy\\\/?s={search_term_string}\"},\"query-input\":{\"@type\":\"PropertyValueSpecification\",\"valueRequired\":true,\"valueName\":\"search_term_string\"}}],\"inLanguage\":\"fr-CA\"},{\"@type\":\"Organization\",\"@id\":\"https:\\\/\\\/cssdn.gouv.qc.ca\\\/pointe-levy\\\/#organization\",\"name\":\"\u00c9cole Pointe-L\u00e9vy\",\"url\":\"https:\\\/\\\/cssdn.gouv.qc.ca\\\/pointe-levy\\\/\",\"logo\":{\"@type\":\"ImageObject\",\"inLanguage\":\"fr-CA\",\"@id\":\"https:\\\/\\\/cssdn.gouv.qc.ca\\\/pointe-levy\\\/#\\\/schema\\\/logo\\\/image\\\/\",\"url\":\"https:\\\/\\\/cssdn.gouv.qc.ca\\\/pointe-levy\\\/wp-content\\\/uploads\\\/sites\\\/16\\\/2023\\\/01\\\/logo_quebec.svg\",\"contentUrl\":\"https:\\\/\\\/cssdn.gouv.qc.ca\\\/pointe-levy\\\/wp-content\\\/uploads\\\/sites\\\/16\\\/2023\\\/01\\\/logo_quebec.svg\",\"width\":188,\"height\":41,\"caption\":\"\u00c9cole Pointe-L\u00e9vy\"},\"image\":{\"@id\":\"https:\\\/\\\/cssdn.gouv.qc.ca\\\/pointe-levy\\\/#\\\/schema\\\/logo\\\/image\\\/\"},\"sameAs\":[\"https:\\\/\\\/www.facebook.com\\\/ecolePLE55\",\"https:\\\/\\\/x.com\\\/CSSNavigateurs\",\"https:\\\/\\\/www.instagram.com\\\/pointelevy\\\/\",\"https:\\\/\\\/www.youtube.com\\\/channel\\\/UCHbNBehije70JBzCIVT82bQ\",\"https:\\\/\\\/www.linkedin.com\\\/company\\\/cssdn\"]}]}<\/script>\n<!-- \/ Yoast SEO plugin. -->","yoast_head_json":{"title":"Concentrations sportives - \u00c9cole Pointe-L\u00e9vy","description":"Concentrations artistiques (arts visuels, danse, musique) des PALS de l'\u00c9cole Pointe-L\u00e9vy de L\u00e9vis","robots":{"index":"index","follow":"follow","max-snippet":"max-snippet:-1","max-image-preview":"max-image-preview:large","max-video-preview":"max-video-preview:-1"},"canonical":"https:\/\/cssdn.gouv.qc.ca\/pointe-levy\/concentrations-sportives\/","og_locale":"fr_CA","og_type":"article","og_title":"Concentrations sportives - \u00c9cole Pointe-L\u00e9vy","og_description":"Concentrations artistiques (arts visuels, danse, musique) des PALS de l'\u00c9cole Pointe-L\u00e9vy de L\u00e9vis","og_url":"https:\/\/cssdn.gouv.qc.ca\/pointe-levy\/concentrations-sportives\/","og_site_name":"\u00c9cole Pointe-L\u00e9vy","article_publisher":"https:\/\/www.facebook.com\/ecolePLE55","article_modified_time":"2026-03-25T15:52:51+00:00","og_image":[{"width":654,"height":807,"url":"https:\/\/cssdn.gouv.qc.ca\/pointe-levy\/wp-content\/uploads\/sites\/16\/2023\/06\/gym2-1.jpg","type":"image\/jpeg"}],"twitter_card":"summary_large_image","twitter_site":"@CSSNavigateurs","twitter_misc":{"Estimation du temps de lecture":"5 minutes"},"schema":{"@context":"https:\/\/schema.org","@graph":[{"@type":"WebPage","@id":"https:\/\/cssdn.gouv.qc.ca\/pointe-levy\/concentrations-sportives\/","url":"https:\/\/cssdn.gouv.qc.ca\/pointe-levy\/concentrations-sportives\/","name":"Concentrations sportives - \u00c9cole Pointe-L\u00e9vy","isPartOf":{"@id":"https:\/\/cssdn.gouv.qc.ca\/pointe-levy\/#website"},"primaryImageOfPage":{"@id":"https:\/\/cssdn.gouv.qc.ca\/pointe-levy\/concentrations-sportives\/#primaryimage"},"image":{"@id":"https:\/\/cssdn.gouv.qc.ca\/pointe-levy\/concentrations-sportives\/#primaryimage"},"thumbnailUrl":"https:\/\/cssdn.gouv.qc.ca\/pointe-levy\/wp-content\/uploads\/sites\/16\/2023\/06\/gym2-1.jpg","datePublished":"2023-06-27T19:39:51+00:00","dateModified":"2026-03-25T15:52:51+00:00","description":"Concentrations artistiques (arts visuels, danse, musique) des PALS de l'\u00c9cole Pointe-L\u00e9vy de L\u00e9vis","breadcrumb":{"@id":"https:\/\/cssdn.gouv.qc.ca\/pointe-levy\/concentrations-sportives\/#breadcrumb"},"inLanguage":"fr-CA","potentialAction":[{"@type":"ReadAction","target":["https:\/\/cssdn.gouv.qc.ca\/pointe-levy\/concentrations-sportives\/"]}]},{"@type":"ImageObject","inLanguage":"fr-CA","@id":"https:\/\/cssdn.gouv.qc.ca\/pointe-levy\/concentrations-sportives\/#primaryimage","url":"https:\/\/cssdn.gouv.qc.ca\/pointe-levy\/wp-content\/uploads\/sites\/16\/2023\/06\/gym2-1.jpg","contentUrl":"https:\/\/cssdn.gouv.qc.ca\/pointe-levy\/wp-content\/uploads\/sites\/16\/2023\/06\/gym2-1.jpg","width":654,"height":807},{"@type":"BreadcrumbList","@id":"https:\/\/cssdn.gouv.qc.ca\/pointe-levy\/concentrations-sportives\/#breadcrumb","itemListElement":[{"@type":"ListItem","position":1,"name":"Accueil","item":"https:\/\/cssdn.gouv.qc.ca\/pointe-levy\/"},{"@type":"ListItem","position":2,"name":"Concentrations sportives"}]},{"@type":"WebSite","@id":"https:\/\/cssdn.gouv.qc.ca\/pointe-levy\/#website","url":"https:\/\/cssdn.gouv.qc.ca\/pointe-levy\/","name":"\u00c9cole Pointe-L\u00e9vy","description":"Un site des centres de services scolaires des Navigateurs","publisher":{"@id":"https:\/\/cssdn.gouv.qc.ca\/pointe-levy\/#organization"},"potentialAction":[{"@type":"SearchAction","target":{"@type":"EntryPoint","urlTemplate":"https:\/\/cssdn.gouv.qc.ca\/pointe-levy\/?s={search_term_string}"},"query-input":{"@type":"PropertyValueSpecification","valueRequired":true,"valueName":"search_term_string"}}],"inLanguage":"fr-CA"},{"@type":"Organization","@id":"https:\/\/cssdn.gouv.qc.ca\/pointe-levy\/#organization","name":"\u00c9cole Pointe-L\u00e9vy","url":"https:\/\/cssdn.gouv.qc.ca\/pointe-levy\/","logo":{"@type":"ImageObject","inLanguage":"fr-CA","@id":"https:\/\/cssdn.gouv.qc.ca\/pointe-levy\/#\/schema\/logo\/image\/","url":"https:\/\/cssdn.gouv.qc.ca\/pointe-levy\/wp-content\/uploads\/sites\/16\/2023\/01\/logo_quebec.svg","contentUrl":"https:\/\/cssdn.gouv.qc.ca\/pointe-levy\/wp-content\/uploads\/sites\/16\/2023\/01\/logo_quebec.svg","width":188,"height":41,"caption":"\u00c9cole Pointe-L\u00e9vy"},"image":{"@id":"https:\/\/cssdn.gouv.qc.ca\/pointe-levy\/#\/schema\/logo\/image\/"},"sameAs":["https:\/\/www.facebook.com\/ecolePLE55","https:\/\/x.com\/CSSNavigateurs","https:\/\/www.instagram.com\/pointelevy\/","https:\/\/www.youtube.com\/channel\/UCHbNBehije70JBzCIVT82bQ","https:\/\/www.linkedin.com\/company\/cssdn"]}]}},"publishpress_future_action":{"enabled":false,"date":"2026-04-13 05:13:03","action":"change-status","newStatus":"draft","terms":[],"taxonomy":"category","extraData":[]},"publishpress_future_workflow_manual_trigger":{"enabledWorkflows":[]},"_links":{"self":[{"href":"https:\/\/cssdn.gouv.qc.ca\/pointe-levy\/wp-json\/wp\/v2\/pages\/771","targetHints":{"allow":["GET"]}}],"collection":[{"href":"https:\/\/cssdn.gouv.qc.ca\/pointe-levy\/wp-json\/wp\/v2\/pages"}],"about":[{"href":"https:\/\/cssdn.gouv.qc.ca\/pointe-levy\/wp-json\/wp\/v2\/types\/page"}],"author":[{"embeddable":true,"href":"https:\/\/cssdn.gouv.qc.ca\/pointe-levy\/wp-json\/wp\/v2\/users\/20"}],"replies":[{"embeddable":true,"href":"https:\/\/cssdn.gouv.qc.ca\/pointe-levy\/wp-json\/wp\/v2\/comments?post=771"}],"version-history":[{"count":0,"href":"https:\/\/cssdn.gouv.qc.ca\/pointe-levy\/wp-json\/wp\/v2\/pages\/771\/revisions"}],"wp:attachment":[{"href":"https:\/\/cssdn.gouv.qc.ca\/pointe-levy\/wp-json\/wp\/v2\/media?parent=771"}],"wp:term":[{"taxonomy":"category","embeddable":true,"href":"https:\/\/cssdn.gouv.qc.ca\/pointe-levy\/wp-json\/wp\/v2\/categories?post=771"},{"taxonomy":"post_tag","embeddable":true,"href":"https:\/\/cssdn.gouv.qc.ca\/pointe-levy\/wp-json\/wp\/v2\/tags?post=771"}],"curies":[{"name":"wp","href":"https:\/\/api.w.org\/{rel}","templated":true}]}}