
{"id":7785,"date":"2025-08-13T08:41:21","date_gmt":"2025-08-13T12:41:21","guid":{"rendered":"https:\/\/cssdn.gouv.qc.ca\/pointe-levy\/?page_id=7785"},"modified":"2026-01-05T11:07:19","modified_gmt":"2026-01-05T16:07:19","slug":"volleyball-feminin","status":"publish","type":"page","link":"https:\/\/cssdn.gouv.qc.ca\/pointe-levy\/volleyball-feminin\/","title":{"rendered":"Volleyball f\u00e9minin"},"content":{"rendered":"\n<div class=\"wp-block-cover alignfull is-light is-style-sand-wo-img\" style=\"min-height:388px;aspect-ratio:unset;\"><img decoding=\"async\" width=\"1024\" height=\"320\" class=\"wp-block-cover__image-background wp-image-7788 size-large lazyload\" alt=\"\" data-src=\"https:\/\/cssdn.gouv.qc.ca\/pointe-levy\/wp-content\/uploads\/sites\/16\/2025\/08\/volleyball-1024x320.jpg\" data-object-fit=\"cover\" data-srcset=\"https:\/\/cssdn.gouv.qc.ca\/pointe-levy\/wp-content\/uploads\/sites\/16\/2025\/08\/volleyball-1024x320.jpg 1024w, https:\/\/cssdn.gouv.qc.ca\/pointe-levy\/wp-content\/uploads\/sites\/16\/2025\/08\/volleyball-300x94.jpg 300w, https:\/\/cssdn.gouv.qc.ca\/pointe-levy\/wp-content\/uploads\/sites\/16\/2025\/08\/volleyball-768x240.jpg 768w, https:\/\/cssdn.gouv.qc.ca\/pointe-levy\/wp-content\/uploads\/sites\/16\/2025\/08\/volleyball-1536x480.jpg 1536w, https:\/\/cssdn.gouv.qc.ca\/pointe-levy\/wp-content\/uploads\/sites\/16\/2025\/08\/volleyball.jpg 1920w\" data-sizes=\"(max-width: 1024px) 100vw, 1024px\" src=\"data:image\/svg+xml;base64,PHN2ZyB3aWR0aD0iMSIgaGVpZ2h0PSIxIiB4bWxucz0iaHR0cDovL3d3dy53My5vcmcvMjAwMC9zdmciPjwvc3ZnPg==\" style=\"--smush-placeholder-width: 1024px; --smush-placeholder-aspect-ratio: 1024\/320;\" \/><span aria-hidden=\"true\" class=\"wp-block-cover__background has-background-dim\" style=\"background-color:#9e8360\"><\/span><div class=\"wp-block-cover__inner-container\"><h3 class=\"has-link-color wp-elements-e93932e6b1965ae0aa266bd9a079fde0 wp-block-post-title has-text-color has-white-color\">Volleyball f\u00e9minin<\/h3><\/div><\/div>\n\n\n\n<div class=\"wp-block-group alignfull has-padding-y-large has-secondary-background-color has-background\"><div class=\"yoast-breadcrumbs alignwide \"><span class=\"breadcrumbs\"><a href=\"https:\/\/cssdn.gouv.qc.ca\/pointe-levy\/\" class=\"breadcrumbs__element\">Accueil<\/a> <span class=\"breadcrumbs__separator\">\n        <svg class=\"icon icon-breadcrumb__separator\"><use xlink:href=\"#icon-breadcrumb__separator\"><\/use><\/svg>\n    <\/span> <span class=\"breadcrumbs__element breadcrumbs__element-current\">Volleyball f\u00e9minin<\/span><\/span><\/div><\/div>\n\n\n\n\n<p class=\"act-lead wp-block-paragraph\">Rejoignez notre programme de concentration <strong>Volleyball f\u00e9minin<\/strong> et vivez votre passion pour le volleyball!<\/p>\n\n\n\n\n<figure class=\"wp-block-image size-large\"><img decoding=\"async\" width=\"1024\" height=\"683\" data-src=\"https:\/\/cssdn.gouv.qc.ca\/pointe-levy\/wp-content\/uploads\/sites\/16\/2025\/08\/Volleyball-1-1024x683.jpg\" alt=\"\" class=\"wp-image-7786 lazyload\" data-srcset=\"https:\/\/cssdn.gouv.qc.ca\/pointe-levy\/wp-content\/uploads\/sites\/16\/2025\/08\/Volleyball-1-1024x683.jpg 1024w, https:\/\/cssdn.gouv.qc.ca\/pointe-levy\/wp-content\/uploads\/sites\/16\/2025\/08\/Volleyball-1-300x200.jpg 300w, https:\/\/cssdn.gouv.qc.ca\/pointe-levy\/wp-content\/uploads\/sites\/16\/2025\/08\/Volleyball-1-768x512.jpg 768w, https:\/\/cssdn.gouv.qc.ca\/pointe-levy\/wp-content\/uploads\/sites\/16\/2025\/08\/Volleyball-1.jpg 1179w\" data-sizes=\"(max-width: 1024px) 100vw, 1024px\" src=\"data:image\/svg+xml;base64,PHN2ZyB3aWR0aD0iMSIgaGVpZ2h0PSIxIiB4bWxucz0iaHR0cDovL3d3dy53My5vcmcvMjAwMC9zdmciPjwvc3ZnPg==\" style=\"--smush-placeholder-width: 1024px; --smush-placeholder-aspect-ratio: 1024\/683;\" \/><figcaption class=\"wp-element-caption\"><sup><em>Saison 2024-2025<\/em><\/sup><\/figcaption><\/figure>\n\n\n\n<h2 class=\"wp-block-heading\">Informations<\/h2>\n\n\n\n<h3 class=\"wp-block-heading\"><strong>Volleyball f\u00e9minin \u2013 1<sup>re<\/sup> \u00e0 5<sup>e<\/sup> secondaire<\/strong><\/h3>\n\n\n\n<p class=\"wp-block-paragraph\"><em>Horaire INVERS\u00c9 : discipline en AM et classes en PM &#8211; 1<sup>re<\/sup>, 2<sup>e<\/sup> et 3<sup>e<\/sup> secondaire<\/em><\/p>\n\n\n\n<p class=\"wp-block-paragraph\"><em>Horaire R\u00c9GULIER : classes en AM et discipline en PM &#8211; 4<sup>e<\/sup> et 5<sup>e<\/sup> secondaire <\/em><\/p>\n\n\n\n<p class=\"wp-block-paragraph\">Notre programme est une concentration de volleyball de 2 heures par jour, 5 jours par semaine. Sur une p\u00e9riode de 9 mois qui se d\u00e9roule de septembre \u00e0 la fin mai. Nous entra\u00eenons 3 \u00e9quipes en avant-midi, en 1<sup>re<\/sup>, 2<sup>e<\/sup> et 3<sup>e<\/sup> secondaire et 3 \u00e9quipes en apr\u00e8s-midi, en 4<sup>e<\/sup> et 5<sup>e<\/sup> secondaire.<\/p>\n\n\n\n<p class=\"wp-block-paragraph\">Les lundis, mercredis et vendredis nous travaillons en \u00e9quipe s\u00e9par\u00e9 au centre multifonctionnel de Saint-Apollinaire, les mardis nous sommes au CrossFit Rive-Sud pour un entra\u00eenement physique et les jeudis nous sommes \u00e0 Laurier-Station pour un entra\u00eenement m\u00e9lang\u00e9 entre \u00e9quipes.<\/p>\n\n\n\n<p class=\"wp-block-paragraph\">Notre programme a pour but de d\u00e9velopper et promouvoir la pratique sportive du volleyball avec un service et un encadrement de qualit\u00e9. Notre vision est de permettre aux jeunes de pouvoir atteindre leurs objectifs dans les meilleures conditions possibles tout en faisant la promotion de la sant\u00e9 physique et mentale. Nos valeurs sont le plaisir, le respect, la famille et l&rsquo;engagement.<\/p>\n\n\n\n<p class=\"wp-block-paragraph\">Nous formons des \u00e9quipes et les amenons aux tournois du RSEQ pendant la saison. Ce qui consiste \u00e0 environ un tournoi par mois de octobre \u00e0 mars. Nous planifions des entra\u00eenements sp\u00e9cifiques pour chacune des \u00e9quipes tout au long de la saison. Nous avons une \u00e9quipe de coachs d\u00e9vou\u00e9s et comp\u00e9tents qui s&rsquo;assure du bon fonctionnement des pratiques et des tournois.&nbsp;<\/p>\n\n\n\n<p class=\"wp-block-paragraph\">Nous priorisons le d\u00e9veloppement de l&rsquo;athl\u00e8te tout au long de son parcours, mais \u00e0 partir de secondaire 4 on vise aussi la performance et l&rsquo;excellence. Nous sommes tr\u00e8s fier d&rsquo;avoir r\u00e9ussi \u00e0 acc\u00e9der aux championnats provinciaux durant les 2 derni\u00e8res saisons.&nbsp;<\/p>\n\n\n\n<h5 class=\"wp-block-heading has-secondary-background-color has-background\">Co\u00fbt : 2 700$ + taxes en 2025-2026<\/h5>\n\n\n\n<h2 class=\"wp-block-heading\">En savoir plus<\/h2>\n\n\n\n<p class=\"wp-block-paragraph\">Pour la discipline\u00a0<strong>Volleyball<\/strong>, l\u2019\u00e9cole Pointe-L\u00e9vy est fi\u00e8re de s&rsquo;associer avec Acad\u00e9mie Probeach.<\/p>\n\n\n\n<div class=\"wp-block-columns\">\n<div class=\"wp-block-column\" style=\"flex-basis:66.66%\">\n<p class=\"wp-block-paragraph\"><strong>Volleyball f\u00e9minin<br><\/strong>Centre multifonctionnel, Saint-Apollinaire<br><br>Kevin Daigneault, responsable de discipline<\/p>\n\n\n\n<p class=\"wp-block-paragraph\">Courriel : <a href=\"mailto:pals@acadmieprobeach.com\">pals@academieprobeach.com<\/a><\/p>\n\n\n\n<p class=\"wp-block-paragraph\">T\u00e9l\u00e9phone: 450-822-3119<\/p>\n<\/div>\n<\/div>\n\n\n\n<div class=\"wp-block-buttons\">\n<div class=\"wp-block-button\"><a class=\"wp-block-button__link wp-element-button\" href=\"https:\/\/academieprobeach.com\/\">Visitez le site d&rsquo;Acad\u00e9mie Probeach<\/a><\/div>\n<\/div>\n\n\n\n<div class=\"wp-block-buttons\">\n<div class=\"wp-block-button\"><a class=\"wp-block-button__link wp-element-button\" href=\"https:\/\/www.facebook.com\/PalsVolley\">Page Facebook<\/a><\/div>\n<\/div>\n","protected":false},"excerpt":{"rendered":"<p>Informations Volleyball f\u00e9minin \u2013 1re \u00e0 5e secondaire Horaire INVERS\u00c9 : discipline en AM et classes en PM &#8211; 1re, 2e et 3e secondaire Horaire R\u00c9GULIER : classes en AM et discipline en PM &#8211; 4e et 5e secondaire Notre programme est une concentration de volleyball de 2 heures par jour, 5 jours par semaine. [&hellip;]<\/p>\n","protected":false},"author":183,"featured_media":0,"parent":0,"menu_order":0,"comment_status":"closed","ping_status":"closed","template":"","meta":{"_acf_changed":false,"_crdt_document":"","inline_featured_image":false,"footnotes":""},"categories":[],"tags":[],"class_list":["post-7785","page","type-page","status-publish","hentry"],"acf":[],"yoast_head":"<!-- This site is optimized with the Yoast SEO plugin v27.3 - https:\/\/yoast.com\/product\/yoast-seo-wordpress\/ -->\n<title>Volleyball f\u00e9minin - \u00c9cole Pointe-L\u00e9vy<\/title>\n<meta name=\"robots\" content=\"index, follow, max-snippet:-1, max-image-preview:large, max-video-preview:-1\" \/>\n<link rel=\"canonical\" href=\"https:\/\/cssdn.gouv.qc.ca\/pointe-levy\/volleyball-feminin\/\" \/>\n<meta property=\"og:locale\" content=\"fr_CA\" \/>\n<meta property=\"og:type\" content=\"article\" \/>\n<meta property=\"og:title\" content=\"Volleyball f\u00e9minin - \u00c9cole Pointe-L\u00e9vy\" \/>\n<meta property=\"og:description\" content=\"Informations Volleyball f\u00e9minin \u2013 1re \u00e0 5e secondaire Horaire INVERS\u00c9 : discipline en AM et classes en PM &#8211; 1re, 2e et 3e secondaire Horaire R\u00c9GULIER : classes en AM et discipline en PM &#8211; 4e et 5e secondaire Notre programme est une concentration de volleyball de 2 heures par jour, 5 jours par semaine. [&hellip;]\" \/>\n<meta property=\"og:url\" content=\"https:\/\/cssdn.gouv.qc.ca\/pointe-levy\/volleyball-feminin\/\" \/>\n<meta property=\"og:site_name\" content=\"\u00c9cole Pointe-L\u00e9vy\" \/>\n<meta property=\"article:publisher\" content=\"https:\/\/www.facebook.com\/ecolePLE55\" \/>\n<meta property=\"article:modified_time\" content=\"2026-01-05T16:07:19+00:00\" \/>\n<meta property=\"og:image\" content=\"https:\/\/cssdn.gouv.qc.ca\/pointe-levy\/wp-content\/uploads\/sites\/16\/2025\/08\/volleyball.jpg\" \/>\n\t<meta property=\"og:image:width\" content=\"1920\" \/>\n\t<meta property=\"og:image:height\" content=\"600\" \/>\n\t<meta property=\"og:image:type\" content=\"image\/jpeg\" \/>\n<meta name=\"twitter:card\" content=\"summary_large_image\" \/>\n<meta name=\"twitter:site\" content=\"@CSSNavigateurs\" \/>\n<meta name=\"twitter:label1\" content=\"Estimation du temps de lecture\" \/>\n\t<meta name=\"twitter:data1\" content=\"3 minutes\" \/>\n<script type=\"application\/ld+json\" class=\"yoast-schema-graph\">{\"@context\":\"https:\\\/\\\/schema.org\",\"@graph\":[{\"@type\":\"WebPage\",\"@id\":\"https:\\\/\\\/cssdn.gouv.qc.ca\\\/pointe-levy\\\/volleyball-feminin\\\/\",\"url\":\"https:\\\/\\\/cssdn.gouv.qc.ca\\\/pointe-levy\\\/volleyball-feminin\\\/\",\"name\":\"Volleyball f\u00e9minin - \u00c9cole Pointe-L\u00e9vy\",\"isPartOf\":{\"@id\":\"https:\\\/\\\/cssdn.gouv.qc.ca\\\/pointe-levy\\\/#website\"},\"primaryImageOfPage\":{\"@id\":\"https:\\\/\\\/cssdn.gouv.qc.ca\\\/pointe-levy\\\/volleyball-feminin\\\/#primaryimage\"},\"image\":{\"@id\":\"https:\\\/\\\/cssdn.gouv.qc.ca\\\/pointe-levy\\\/volleyball-feminin\\\/#primaryimage\"},\"thumbnailUrl\":\"https:\\\/\\\/cssdn.gouv.qc.ca\\\/pointe-levy\\\/wp-content\\\/uploads\\\/sites\\\/16\\\/2025\\\/08\\\/volleyball-1024x320.jpg\",\"datePublished\":\"2025-08-13T12:41:21+00:00\",\"dateModified\":\"2026-01-05T16:07:19+00:00\",\"breadcrumb\":{\"@id\":\"https:\\\/\\\/cssdn.gouv.qc.ca\\\/pointe-levy\\\/volleyball-feminin\\\/#breadcrumb\"},\"inLanguage\":\"fr-CA\",\"potentialAction\":[{\"@type\":\"ReadAction\",\"target\":[\"https:\\\/\\\/cssdn.gouv.qc.ca\\\/pointe-levy\\\/volleyball-feminin\\\/\"]}]},{\"@type\":\"ImageObject\",\"inLanguage\":\"fr-CA\",\"@id\":\"https:\\\/\\\/cssdn.gouv.qc.ca\\\/pointe-levy\\\/volleyball-feminin\\\/#primaryimage\",\"url\":\"https:\\\/\\\/cssdn.gouv.qc.ca\\\/pointe-levy\\\/wp-content\\\/uploads\\\/sites\\\/16\\\/2025\\\/08\\\/volleyball.jpg\",\"contentUrl\":\"https:\\\/\\\/cssdn.gouv.qc.ca\\\/pointe-levy\\\/wp-content\\\/uploads\\\/sites\\\/16\\\/2025\\\/08\\\/volleyball.jpg\",\"width\":1920,\"height\":600},{\"@type\":\"BreadcrumbList\",\"@id\":\"https:\\\/\\\/cssdn.gouv.qc.ca\\\/pointe-levy\\\/volleyball-feminin\\\/#breadcrumb\",\"itemListElement\":[{\"@type\":\"ListItem\",\"position\":1,\"name\":\"Accueil\",\"item\":\"https:\\\/\\\/cssdn.gouv.qc.ca\\\/pointe-levy\\\/\"},{\"@type\":\"ListItem\",\"position\":2,\"name\":\"Volleyball f\u00e9minin\"}]},{\"@type\":\"WebSite\",\"@id\":\"https:\\\/\\\/cssdn.gouv.qc.ca\\\/pointe-levy\\\/#website\",\"url\":\"https:\\\/\\\/cssdn.gouv.qc.ca\\\/pointe-levy\\\/\",\"name\":\"\u00c9cole Pointe-L\u00e9vy\",\"description\":\"Un site des centres de services scolaires des Navigateurs\",\"publisher\":{\"@id\":\"https:\\\/\\\/cssdn.gouv.qc.ca\\\/pointe-levy\\\/#organization\"},\"potentialAction\":[{\"@type\":\"SearchAction\",\"target\":{\"@type\":\"EntryPoint\",\"urlTemplate\":\"https:\\\/\\\/cssdn.gouv.qc.ca\\\/pointe-levy\\\/?s={search_term_string}\"},\"query-input\":{\"@type\":\"PropertyValueSpecification\",\"valueRequired\":true,\"valueName\":\"search_term_string\"}}],\"inLanguage\":\"fr-CA\"},{\"@type\":\"Organization\",\"@id\":\"https:\\\/\\\/cssdn.gouv.qc.ca\\\/pointe-levy\\\/#organization\",\"name\":\"\u00c9cole Pointe-L\u00e9vy\",\"url\":\"https:\\\/\\\/cssdn.gouv.qc.ca\\\/pointe-levy\\\/\",\"logo\":{\"@type\":\"ImageObject\",\"inLanguage\":\"fr-CA\",\"@id\":\"https:\\\/\\\/cssdn.gouv.qc.ca\\\/pointe-levy\\\/#\\\/schema\\\/logo\\\/image\\\/\",\"url\":\"https:\\\/\\\/cssdn.gouv.qc.ca\\\/pointe-levy\\\/wp-content\\\/uploads\\\/sites\\\/16\\\/2023\\\/01\\\/logo_quebec.svg\",\"contentUrl\":\"https:\\\/\\\/cssdn.gouv.qc.ca\\\/pointe-levy\\\/wp-content\\\/uploads\\\/sites\\\/16\\\/2023\\\/01\\\/logo_quebec.svg\",\"width\":188,\"height\":41,\"caption\":\"\u00c9cole Pointe-L\u00e9vy\"},\"image\":{\"@id\":\"https:\\\/\\\/cssdn.gouv.qc.ca\\\/pointe-levy\\\/#\\\/schema\\\/logo\\\/image\\\/\"},\"sameAs\":[\"https:\\\/\\\/www.facebook.com\\\/ecolePLE55\",\"https:\\\/\\\/x.com\\\/CSSNavigateurs\",\"https:\\\/\\\/www.instagram.com\\\/pointelevy\\\/\",\"https:\\\/\\\/www.youtube.com\\\/channel\\\/UCHbNBehije70JBzCIVT82bQ\",\"https:\\\/\\\/www.linkedin.com\\\/company\\\/cssdn\"]}]}<\/script>\n<!-- \/ Yoast SEO plugin. -->","yoast_head_json":{"title":"Volleyball f\u00e9minin - \u00c9cole Pointe-L\u00e9vy","robots":{"index":"index","follow":"follow","max-snippet":"max-snippet:-1","max-image-preview":"max-image-preview:large","max-video-preview":"max-video-preview:-1"},"canonical":"https:\/\/cssdn.gouv.qc.ca\/pointe-levy\/volleyball-feminin\/","og_locale":"fr_CA","og_type":"article","og_title":"Volleyball f\u00e9minin - \u00c9cole Pointe-L\u00e9vy","og_description":"Informations Volleyball f\u00e9minin \u2013 1re \u00e0 5e secondaire Horaire INVERS\u00c9 : discipline en AM et classes en PM &#8211; 1re, 2e et 3e secondaire Horaire R\u00c9GULIER : classes en AM et discipline en PM &#8211; 4e et 5e secondaire Notre programme est une concentration de volleyball de 2 heures par jour, 5 jours par semaine. [&hellip;]","og_url":"https:\/\/cssdn.gouv.qc.ca\/pointe-levy\/volleyball-feminin\/","og_site_name":"\u00c9cole Pointe-L\u00e9vy","article_publisher":"https:\/\/www.facebook.com\/ecolePLE55","article_modified_time":"2026-01-05T16:07:19+00:00","og_image":[{"width":1920,"height":600,"url":"https:\/\/cssdn.gouv.qc.ca\/pointe-levy\/wp-content\/uploads\/sites\/16\/2025\/08\/volleyball.jpg","type":"image\/jpeg"}],"twitter_card":"summary_large_image","twitter_site":"@CSSNavigateurs","twitter_misc":{"Estimation du temps de lecture":"3 minutes"},"schema":{"@context":"https:\/\/schema.org","@graph":[{"@type":"WebPage","@id":"https:\/\/cssdn.gouv.qc.ca\/pointe-levy\/volleyball-feminin\/","url":"https:\/\/cssdn.gouv.qc.ca\/pointe-levy\/volleyball-feminin\/","name":"Volleyball f\u00e9minin - \u00c9cole Pointe-L\u00e9vy","isPartOf":{"@id":"https:\/\/cssdn.gouv.qc.ca\/pointe-levy\/#website"},"primaryImageOfPage":{"@id":"https:\/\/cssdn.gouv.qc.ca\/pointe-levy\/volleyball-feminin\/#primaryimage"},"image":{"@id":"https:\/\/cssdn.gouv.qc.ca\/pointe-levy\/volleyball-feminin\/#primaryimage"},"thumbnailUrl":"https:\/\/cssdn.gouv.qc.ca\/pointe-levy\/wp-content\/uploads\/sites\/16\/2025\/08\/volleyball-1024x320.jpg","datePublished":"2025-08-13T12:41:21+00:00","dateModified":"2026-01-05T16:07:19+00:00","breadcrumb":{"@id":"https:\/\/cssdn.gouv.qc.ca\/pointe-levy\/volleyball-feminin\/#breadcrumb"},"inLanguage":"fr-CA","potentialAction":[{"@type":"ReadAction","target":["https:\/\/cssdn.gouv.qc.ca\/pointe-levy\/volleyball-feminin\/"]}]},{"@type":"ImageObject","inLanguage":"fr-CA","@id":"https:\/\/cssdn.gouv.qc.ca\/pointe-levy\/volleyball-feminin\/#primaryimage","url":"https:\/\/cssdn.gouv.qc.ca\/pointe-levy\/wp-content\/uploads\/sites\/16\/2025\/08\/volleyball.jpg","contentUrl":"https:\/\/cssdn.gouv.qc.ca\/pointe-levy\/wp-content\/uploads\/sites\/16\/2025\/08\/volleyball.jpg","width":1920,"height":600},{"@type":"BreadcrumbList","@id":"https:\/\/cssdn.gouv.qc.ca\/pointe-levy\/volleyball-feminin\/#breadcrumb","itemListElement":[{"@type":"ListItem","position":1,"name":"Accueil","item":"https:\/\/cssdn.gouv.qc.ca\/pointe-levy\/"},{"@type":"ListItem","position":2,"name":"Volleyball f\u00e9minin"}]},{"@type":"WebSite","@id":"https:\/\/cssdn.gouv.qc.ca\/pointe-levy\/#website","url":"https:\/\/cssdn.gouv.qc.ca\/pointe-levy\/","name":"\u00c9cole Pointe-L\u00e9vy","description":"Un site des centres de services scolaires des Navigateurs","publisher":{"@id":"https:\/\/cssdn.gouv.qc.ca\/pointe-levy\/#organization"},"potentialAction":[{"@type":"SearchAction","target":{"@type":"EntryPoint","urlTemplate":"https:\/\/cssdn.gouv.qc.ca\/pointe-levy\/?s={search_term_string}"},"query-input":{"@type":"PropertyValueSpecification","valueRequired":true,"valueName":"search_term_string"}}],"inLanguage":"fr-CA"},{"@type":"Organization","@id":"https:\/\/cssdn.gouv.qc.ca\/pointe-levy\/#organization","name":"\u00c9cole Pointe-L\u00e9vy","url":"https:\/\/cssdn.gouv.qc.ca\/pointe-levy\/","logo":{"@type":"ImageObject","inLanguage":"fr-CA","@id":"https:\/\/cssdn.gouv.qc.ca\/pointe-levy\/#\/schema\/logo\/image\/","url":"https:\/\/cssdn.gouv.qc.ca\/pointe-levy\/wp-content\/uploads\/sites\/16\/2023\/01\/logo_quebec.svg","contentUrl":"https:\/\/cssdn.gouv.qc.ca\/pointe-levy\/wp-content\/uploads\/sites\/16\/2023\/01\/logo_quebec.svg","width":188,"height":41,"caption":"\u00c9cole Pointe-L\u00e9vy"},"image":{"@id":"https:\/\/cssdn.gouv.qc.ca\/pointe-levy\/#\/schema\/logo\/image\/"},"sameAs":["https:\/\/www.facebook.com\/ecolePLE55","https:\/\/x.com\/CSSNavigateurs","https:\/\/www.instagram.com\/pointelevy\/","https:\/\/www.youtube.com\/channel\/UCHbNBehije70JBzCIVT82bQ","https:\/\/www.linkedin.com\/company\/cssdn"]}]}},"publishpress_future_action":{"enabled":false,"date":"2026-04-11 05:28:13","action":"change-status","newStatus":"draft","terms":[],"taxonomy":"category","extraData":[]},"publishpress_future_workflow_manual_trigger":{"enabledWorkflows":[]},"_links":{"self":[{"href":"https:\/\/cssdn.gouv.qc.ca\/pointe-levy\/wp-json\/wp\/v2\/pages\/7785","targetHints":{"allow":["GET"]}}],"collection":[{"href":"https:\/\/cssdn.gouv.qc.ca\/pointe-levy\/wp-json\/wp\/v2\/pages"}],"about":[{"href":"https:\/\/cssdn.gouv.qc.ca\/pointe-levy\/wp-json\/wp\/v2\/types\/page"}],"author":[{"embeddable":true,"href":"https:\/\/cssdn.gouv.qc.ca\/pointe-levy\/wp-json\/wp\/v2\/users\/183"}],"replies":[{"embeddable":true,"href":"https:\/\/cssdn.gouv.qc.ca\/pointe-levy\/wp-json\/wp\/v2\/comments?post=7785"}],"version-history":[{"count":0,"href":"https:\/\/cssdn.gouv.qc.ca\/pointe-levy\/wp-json\/wp\/v2\/pages\/7785\/revisions"}],"wp:attachment":[{"href":"https:\/\/cssdn.gouv.qc.ca\/pointe-levy\/wp-json\/wp\/v2\/media?parent=7785"}],"wp:term":[{"taxonomy":"category","embeddable":true,"href":"https:\/\/cssdn.gouv.qc.ca\/pointe-levy\/wp-json\/wp\/v2\/categories?post=7785"},{"taxonomy":"post_tag","embeddable":true,"href":"https:\/\/cssdn.gouv.qc.ca\/pointe-levy\/wp-json\/wp\/v2\/tags?post=7785"}],"curies":[{"name":"wp","href":"https:\/\/api.w.org\/{rel}","templated":true}]}}