
{"id":7800,"date":"2025-08-13T12:29:53","date_gmt":"2025-08-13T16:29:53","guid":{"rendered":"https:\/\/cssdn.gouv.qc.ca\/pointe-levy\/?page_id=7800"},"modified":"2026-01-05T11:17:15","modified_gmt":"2026-01-05T16:17:15","slug":"equitation-academie-equestre-rive-sud","status":"publish","type":"page","link":"https:\/\/cssdn.gouv.qc.ca\/pointe-levy\/equitation-academie-equestre-rive-sud\/","title":{"rendered":"\u00c9quitation Acad\u00e9mie \u00e9questre Rive-Sud"},"content":{"rendered":"\n<div class=\"wp-block-cover alignfull is-light is-style-sand-wo-img\" style=\"min-height:388px;aspect-ratio:unset;\"><img decoding=\"async\" width=\"612\" height=\"459\" class=\"wp-block-cover__image-background wp-image-7802 size-full lazyload\" alt=\"\" data-src=\"https:\/\/cssdn.gouv.qc.ca\/pointe-levy\/wp-content\/uploads\/sites\/16\/2025\/08\/Cheval.jpg\" style=\"--smush-placeholder-width: 612px; --smush-placeholder-aspect-ratio: 612\/459;object-position:14% 22%\" data-object-fit=\"cover\" data-object-position=\"14% 22%\" data-srcset=\"https:\/\/cssdn.gouv.qc.ca\/pointe-levy\/wp-content\/uploads\/sites\/16\/2025\/08\/Cheval.jpg 612w, https:\/\/cssdn.gouv.qc.ca\/pointe-levy\/wp-content\/uploads\/sites\/16\/2025\/08\/Cheval-300x225.jpg 300w\" data-sizes=\"(max-width: 612px) 100vw, 612px\" src=\"data:image\/svg+xml;base64,PHN2ZyB3aWR0aD0iMSIgaGVpZ2h0PSIxIiB4bWxucz0iaHR0cDovL3d3dy53My5vcmcvMjAwMC9zdmciPjwvc3ZnPg==\" \/><span aria-hidden=\"true\" class=\"wp-block-cover__background has-background-dim\" style=\"background-color:#97979a\"><\/span><div class=\"wp-block-cover__inner-container\"><h3 class=\"has-link-color wp-elements-e93932e6b1965ae0aa266bd9a079fde0 wp-block-post-title has-text-color has-white-color\">\u00c9quitation Acad\u00e9mie \u00e9questre Rive-Sud<\/h3><\/div><\/div>\n\n\n\n<div class=\"wp-block-group alignfull has-padding-y-large has-secondary-background-color has-background\"><div class=\"yoast-breadcrumbs alignwide \"><span class=\"breadcrumbs\"><a href=\"https:\/\/cssdn.gouv.qc.ca\/pointe-levy\/\" class=\"breadcrumbs__element\">Accueil<\/a> <span class=\"breadcrumbs__separator\">\n        <svg class=\"icon icon-breadcrumb__separator\"><use xlink:href=\"#icon-breadcrumb__separator\"><\/use><\/svg>\n    <\/span> <span class=\"breadcrumbs__element breadcrumbs__element-current\">\u00c9quitation Acad\u00e9mie \u00e9questre Rive-Sud<\/span><\/span><\/div><\/div>\n\n\n\n\n<p class=\"act-lead wp-block-paragraph\">Rejoignez notre programme de concentration <strong>\u00c9quitation<\/strong> et vivez votre passion pour les chevaux!<\/p>\n\n\n\n\n<figure class=\"wp-block-image size-large\"><img decoding=\"async\" width=\"1024\" height=\"332\" data-src=\"https:\/\/cssdn.gouv.qc.ca\/pointe-levy\/wp-content\/uploads\/sites\/16\/2025\/08\/1000009379-1024x332.jpg\" alt=\"\" class=\"wp-image-7803 lazyload\" data-srcset=\"https:\/\/cssdn.gouv.qc.ca\/pointe-levy\/wp-content\/uploads\/sites\/16\/2025\/08\/1000009379-1024x332.jpg 1024w, https:\/\/cssdn.gouv.qc.ca\/pointe-levy\/wp-content\/uploads\/sites\/16\/2025\/08\/1000009379-300x97.jpg 300w, https:\/\/cssdn.gouv.qc.ca\/pointe-levy\/wp-content\/uploads\/sites\/16\/2025\/08\/1000009379-768x249.jpg 768w, https:\/\/cssdn.gouv.qc.ca\/pointe-levy\/wp-content\/uploads\/sites\/16\/2025\/08\/1000009379-1536x499.jpg 1536w, https:\/\/cssdn.gouv.qc.ca\/pointe-levy\/wp-content\/uploads\/sites\/16\/2025\/08\/1000009379.jpg 2012w\" data-sizes=\"(max-width: 1024px) 100vw, 1024px\" src=\"data:image\/svg+xml;base64,PHN2ZyB3aWR0aD0iMSIgaGVpZ2h0PSIxIiB4bWxucz0iaHR0cDovL3d3dy53My5vcmcvMjAwMC9zdmciPjwvc3ZnPg==\" style=\"--smush-placeholder-width: 1024px; --smush-placeholder-aspect-ratio: 1024\/332;\" \/><figcaption class=\"wp-element-caption\"><sup><em>Saison 2024-2025<\/em><\/sup><\/figcaption><\/figure>\n\n\n\n<h2 class=\"wp-block-heading\">Informations<\/h2>\n\n\n\n<h3 class=\"wp-block-heading\"><strong>\u00c9quitation Acad\u00e9mie \u00c9questre Rive Sud \u2013 1<sup>re<\/sup> \u00e0 5<sup>e<\/sup> secondaire<\/strong><\/h3>\n\n\n\n<p class=\"wp-block-paragraph\"><em>Horaire R\u00c9GULIER : classes en AM et discipline en PM <\/em><\/p>\n\n\n\n<p class=\"wp-block-paragraph\">Propri\u00e9t\u00e9 de Marjolaine Gilbert et Alain C\u00f4t\u00e9, Acad\u00e9mie \u00c9questre Rive-Sud (AERS) \u0153uvre en \u00e9quitation western depuis 1995. Pour compl\u00e9ter l&rsquo;\u00e9quipe, Genevi\u00e8ve C\u00f4t\u00e9, entraineuse et coach, est intervenante depuis le d\u00e9but et Nora Chr\u00e9tien s&rsquo;est jointe au groupe \u00e0 l&rsquo;hiver 2025.<\/p>\n\n\n\n<p class=\"wp-block-paragraph\">Pension pour chevaux, cours pour cavaliers et cavali\u00e8res de tous \u00e2ges et tous niveaux, nous entrainons les chevaux de la base jusqu&rsquo;au niveau comp\u00e9titif. Sp\u00e9cialis\u00e9s en<em> reining<\/em>, nous comp\u00e9titionnons tant au Qu\u00e9bec qu&rsquo;aux \u00c9tats-Unis. De plus nous entrainons certains \u00e9l\u00e8ves qui poss\u00e8dent leur chevaux pour les comp\u00e9titions.<\/p>\n\n\n\n<p class=\"wp-block-paragraph\">C&rsquo;est en 2010 que nous nous int\u00e9ressons aux PALS, pour les passionn\u00e9s de l&rsquo;\u00e9quitation. Notre partenariat avec les PALS nous permet de mettre les jeunes en relation avec les chevaux sous tous les aspects du monde \u00e9questre et \u00e9quin. Cinq apr\u00e8s-midis par semaine, les jeunes re\u00e7oivent un enseignement de qualit\u00e9 qui leur permet d&rsquo;atteindre leurs objectifs. AERS poss\u00e8de une gamme de chevaux s\u00e9lectionn\u00e9s en vue de s&rsquo;adapter aux diff\u00e9rents niveaux de cavaliers.<\/p>\n\n\n\n<h5 class=\"wp-block-heading has-secondary-background-color has-background\">Co\u00fbt : 5 000$ taxes incluses en 2025-2026<\/h5>\n\n\n\n<h2 class=\"wp-block-heading\">En savoir plus<\/h2>\n\n\n\n<p class=\"wp-block-paragraph\">Pour la discipline\u00a0<strong>\u00c9quitation<\/strong>, l\u2019\u00e9cole Pointe-L\u00e9vy est fi\u00e8re de s&rsquo;associer avec Acad\u00e9mie \u00c9questre Rive-Sud.<\/p>\n\n\n\n<div class=\"wp-block-columns\">\n<div class=\"wp-block-column\" style=\"flex-basis:66.66%\">\n<p class=\"wp-block-paragraph\"><strong>\u00c9quitation &#8211; Acad\u00e9mie \u00c9questre Rive Sud<br><\/strong>Acad\u00e9mie \u00c9questre Rive Sud, L\u00e9vis<br><br>Alain C\u00f4t\u00e9, responsable de discipline<\/p>\n\n\n\n<p class=\"wp-block-paragraph\">Courriel : <a href=\"mailto:cogil0717@gmail.com\">cogil0717@gmail.com<\/a><\/p>\n\n\n\n<p class=\"wp-block-paragraph\">Courriel : <a href=\"mailto:genevieve.cote956@hotmail.fr\">genevieve.cote956@hotmail.fr<\/a><\/p>\n\n\n\n<p class=\"wp-block-paragraph\">T\u00e9l\u00e9phone: 418-834-3553<\/p>\n<\/div>\n<\/div>\n","protected":false},"excerpt":{"rendered":"<p>Informations \u00c9quitation Acad\u00e9mie \u00c9questre Rive Sud \u2013 1re \u00e0 5e secondaire Horaire R\u00c9GULIER : classes en AM et discipline en PM Propri\u00e9t\u00e9 de Marjolaine Gilbert et Alain C\u00f4t\u00e9, Acad\u00e9mie \u00c9questre Rive-Sud (AERS) \u0153uvre en \u00e9quitation western depuis 1995. Pour compl\u00e9ter l&rsquo;\u00e9quipe, Genevi\u00e8ve C\u00f4t\u00e9, entraineuse et coach, est intervenante depuis le d\u00e9but et Nora Chr\u00e9tien s&rsquo;est [&hellip;]<\/p>\n","protected":false},"author":183,"featured_media":0,"parent":0,"menu_order":0,"comment_status":"closed","ping_status":"closed","template":"","meta":{"_acf_changed":false,"_crdt_document":"","inline_featured_image":false,"footnotes":""},"categories":[],"tags":[],"class_list":["post-7800","page","type-page","status-publish","hentry"],"acf":[],"yoast_head":"<!-- This site is optimized with the Yoast SEO plugin v27.3 - https:\/\/yoast.com\/product\/yoast-seo-wordpress\/ -->\n<title>\u00c9quitation Acad\u00e9mie \u00e9questre Rive-Sud - \u00c9cole Pointe-L\u00e9vy<\/title>\n<meta name=\"robots\" content=\"index, follow, max-snippet:-1, max-image-preview:large, max-video-preview:-1\" \/>\n<link rel=\"canonical\" href=\"https:\/\/cssdn.gouv.qc.ca\/pointe-levy\/equitation-academie-equestre-rive-sud\/\" \/>\n<meta property=\"og:locale\" content=\"fr_CA\" \/>\n<meta property=\"og:type\" content=\"article\" \/>\n<meta property=\"og:title\" content=\"\u00c9quitation Acad\u00e9mie \u00e9questre Rive-Sud - \u00c9cole Pointe-L\u00e9vy\" \/>\n<meta property=\"og:description\" content=\"Informations \u00c9quitation Acad\u00e9mie \u00c9questre Rive Sud \u2013 1re \u00e0 5e secondaire Horaire R\u00c9GULIER : classes en AM et discipline en PM Propri\u00e9t\u00e9 de Marjolaine Gilbert et Alain C\u00f4t\u00e9, Acad\u00e9mie \u00c9questre Rive-Sud (AERS) \u0153uvre en \u00e9quitation western depuis 1995. Pour compl\u00e9ter l&rsquo;\u00e9quipe, Genevi\u00e8ve C\u00f4t\u00e9, entraineuse et coach, est intervenante depuis le d\u00e9but et Nora Chr\u00e9tien s&rsquo;est [&hellip;]\" \/>\n<meta property=\"og:url\" content=\"https:\/\/cssdn.gouv.qc.ca\/pointe-levy\/equitation-academie-equestre-rive-sud\/\" \/>\n<meta property=\"og:site_name\" content=\"\u00c9cole Pointe-L\u00e9vy\" \/>\n<meta property=\"article:publisher\" content=\"https:\/\/www.facebook.com\/ecolePLE55\" \/>\n<meta property=\"article:modified_time\" content=\"2026-01-05T16:17:15+00:00\" \/>\n<meta property=\"og:image\" content=\"https:\/\/cssdn.gouv.qc.ca\/pointe-levy\/wp-content\/uploads\/sites\/16\/2025\/08\/Cheval.jpg\" \/>\n\t<meta property=\"og:image:width\" content=\"612\" \/>\n\t<meta property=\"og:image:height\" content=\"459\" \/>\n\t<meta property=\"og:image:type\" content=\"image\/jpeg\" \/>\n<meta name=\"twitter:card\" content=\"summary_large_image\" \/>\n<meta name=\"twitter:site\" content=\"@CSSNavigateurs\" \/>\n<meta name=\"twitter:label1\" content=\"Estimation du temps de lecture\" \/>\n\t<meta name=\"twitter:data1\" content=\"2 minutes\" \/>\n<script type=\"application\/ld+json\" class=\"yoast-schema-graph\">{\"@context\":\"https:\\\/\\\/schema.org\",\"@graph\":[{\"@type\":\"WebPage\",\"@id\":\"https:\\\/\\\/cssdn.gouv.qc.ca\\\/pointe-levy\\\/equitation-academie-equestre-rive-sud\\\/\",\"url\":\"https:\\\/\\\/cssdn.gouv.qc.ca\\\/pointe-levy\\\/equitation-academie-equestre-rive-sud\\\/\",\"name\":\"\u00c9quitation Acad\u00e9mie \u00e9questre Rive-Sud - \u00c9cole Pointe-L\u00e9vy\",\"isPartOf\":{\"@id\":\"https:\\\/\\\/cssdn.gouv.qc.ca\\\/pointe-levy\\\/#website\"},\"primaryImageOfPage\":{\"@id\":\"https:\\\/\\\/cssdn.gouv.qc.ca\\\/pointe-levy\\\/equitation-academie-equestre-rive-sud\\\/#primaryimage\"},\"image\":{\"@id\":\"https:\\\/\\\/cssdn.gouv.qc.ca\\\/pointe-levy\\\/equitation-academie-equestre-rive-sud\\\/#primaryimage\"},\"thumbnailUrl\":\"https:\\\/\\\/cssdn.gouv.qc.ca\\\/pointe-levy\\\/wp-content\\\/uploads\\\/sites\\\/16\\\/2025\\\/08\\\/Cheval.jpg\",\"datePublished\":\"2025-08-13T16:29:53+00:00\",\"dateModified\":\"2026-01-05T16:17:15+00:00\",\"breadcrumb\":{\"@id\":\"https:\\\/\\\/cssdn.gouv.qc.ca\\\/pointe-levy\\\/equitation-academie-equestre-rive-sud\\\/#breadcrumb\"},\"inLanguage\":\"fr-CA\",\"potentialAction\":[{\"@type\":\"ReadAction\",\"target\":[\"https:\\\/\\\/cssdn.gouv.qc.ca\\\/pointe-levy\\\/equitation-academie-equestre-rive-sud\\\/\"]}]},{\"@type\":\"ImageObject\",\"inLanguage\":\"fr-CA\",\"@id\":\"https:\\\/\\\/cssdn.gouv.qc.ca\\\/pointe-levy\\\/equitation-academie-equestre-rive-sud\\\/#primaryimage\",\"url\":\"https:\\\/\\\/cssdn.gouv.qc.ca\\\/pointe-levy\\\/wp-content\\\/uploads\\\/sites\\\/16\\\/2025\\\/08\\\/Cheval.jpg\",\"contentUrl\":\"https:\\\/\\\/cssdn.gouv.qc.ca\\\/pointe-levy\\\/wp-content\\\/uploads\\\/sites\\\/16\\\/2025\\\/08\\\/Cheval.jpg\",\"width\":612,\"height\":459,\"caption\":\"A quarter horse standing against a white rail fence with mountains in the background. Utah, USA.\"},{\"@type\":\"BreadcrumbList\",\"@id\":\"https:\\\/\\\/cssdn.gouv.qc.ca\\\/pointe-levy\\\/equitation-academie-equestre-rive-sud\\\/#breadcrumb\",\"itemListElement\":[{\"@type\":\"ListItem\",\"position\":1,\"name\":\"Accueil\",\"item\":\"https:\\\/\\\/cssdn.gouv.qc.ca\\\/pointe-levy\\\/\"},{\"@type\":\"ListItem\",\"position\":2,\"name\":\"\u00c9quitation Acad\u00e9mie \u00e9questre Rive-Sud\"}]},{\"@type\":\"WebSite\",\"@id\":\"https:\\\/\\\/cssdn.gouv.qc.ca\\\/pointe-levy\\\/#website\",\"url\":\"https:\\\/\\\/cssdn.gouv.qc.ca\\\/pointe-levy\\\/\",\"name\":\"\u00c9cole Pointe-L\u00e9vy\",\"description\":\"Un site des centres de services scolaires des Navigateurs\",\"publisher\":{\"@id\":\"https:\\\/\\\/cssdn.gouv.qc.ca\\\/pointe-levy\\\/#organization\"},\"potentialAction\":[{\"@type\":\"SearchAction\",\"target\":{\"@type\":\"EntryPoint\",\"urlTemplate\":\"https:\\\/\\\/cssdn.gouv.qc.ca\\\/pointe-levy\\\/?s={search_term_string}\"},\"query-input\":{\"@type\":\"PropertyValueSpecification\",\"valueRequired\":true,\"valueName\":\"search_term_string\"}}],\"inLanguage\":\"fr-CA\"},{\"@type\":\"Organization\",\"@id\":\"https:\\\/\\\/cssdn.gouv.qc.ca\\\/pointe-levy\\\/#organization\",\"name\":\"\u00c9cole Pointe-L\u00e9vy\",\"url\":\"https:\\\/\\\/cssdn.gouv.qc.ca\\\/pointe-levy\\\/\",\"logo\":{\"@type\":\"ImageObject\",\"inLanguage\":\"fr-CA\",\"@id\":\"https:\\\/\\\/cssdn.gouv.qc.ca\\\/pointe-levy\\\/#\\\/schema\\\/logo\\\/image\\\/\",\"url\":\"https:\\\/\\\/cssdn.gouv.qc.ca\\\/pointe-levy\\\/wp-content\\\/uploads\\\/sites\\\/16\\\/2023\\\/01\\\/logo_quebec.svg\",\"contentUrl\":\"https:\\\/\\\/cssdn.gouv.qc.ca\\\/pointe-levy\\\/wp-content\\\/uploads\\\/sites\\\/16\\\/2023\\\/01\\\/logo_quebec.svg\",\"width\":188,\"height\":41,\"caption\":\"\u00c9cole Pointe-L\u00e9vy\"},\"image\":{\"@id\":\"https:\\\/\\\/cssdn.gouv.qc.ca\\\/pointe-levy\\\/#\\\/schema\\\/logo\\\/image\\\/\"},\"sameAs\":[\"https:\\\/\\\/www.facebook.com\\\/ecolePLE55\",\"https:\\\/\\\/x.com\\\/CSSNavigateurs\",\"https:\\\/\\\/www.instagram.com\\\/pointelevy\\\/\",\"https:\\\/\\\/www.youtube.com\\\/channel\\\/UCHbNBehije70JBzCIVT82bQ\",\"https:\\\/\\\/www.linkedin.com\\\/company\\\/cssdn\"]}]}<\/script>\n<!-- \/ Yoast SEO plugin. -->","yoast_head_json":{"title":"\u00c9quitation Acad\u00e9mie \u00e9questre Rive-Sud - \u00c9cole Pointe-L\u00e9vy","robots":{"index":"index","follow":"follow","max-snippet":"max-snippet:-1","max-image-preview":"max-image-preview:large","max-video-preview":"max-video-preview:-1"},"canonical":"https:\/\/cssdn.gouv.qc.ca\/pointe-levy\/equitation-academie-equestre-rive-sud\/","og_locale":"fr_CA","og_type":"article","og_title":"\u00c9quitation Acad\u00e9mie \u00e9questre Rive-Sud - \u00c9cole Pointe-L\u00e9vy","og_description":"Informations \u00c9quitation Acad\u00e9mie \u00c9questre Rive Sud \u2013 1re \u00e0 5e secondaire Horaire R\u00c9GULIER : classes en AM et discipline en PM Propri\u00e9t\u00e9 de Marjolaine Gilbert et Alain C\u00f4t\u00e9, Acad\u00e9mie \u00c9questre Rive-Sud (AERS) \u0153uvre en \u00e9quitation western depuis 1995. Pour compl\u00e9ter l&rsquo;\u00e9quipe, Genevi\u00e8ve C\u00f4t\u00e9, entraineuse et coach, est intervenante depuis le d\u00e9but et Nora Chr\u00e9tien s&rsquo;est [&hellip;]","og_url":"https:\/\/cssdn.gouv.qc.ca\/pointe-levy\/equitation-academie-equestre-rive-sud\/","og_site_name":"\u00c9cole Pointe-L\u00e9vy","article_publisher":"https:\/\/www.facebook.com\/ecolePLE55","article_modified_time":"2026-01-05T16:17:15+00:00","og_image":[{"width":612,"height":459,"url":"https:\/\/cssdn.gouv.qc.ca\/pointe-levy\/wp-content\/uploads\/sites\/16\/2025\/08\/Cheval.jpg","type":"image\/jpeg"}],"twitter_card":"summary_large_image","twitter_site":"@CSSNavigateurs","twitter_misc":{"Estimation du temps de lecture":"2 minutes"},"schema":{"@context":"https:\/\/schema.org","@graph":[{"@type":"WebPage","@id":"https:\/\/cssdn.gouv.qc.ca\/pointe-levy\/equitation-academie-equestre-rive-sud\/","url":"https:\/\/cssdn.gouv.qc.ca\/pointe-levy\/equitation-academie-equestre-rive-sud\/","name":"\u00c9quitation Acad\u00e9mie \u00e9questre Rive-Sud - \u00c9cole Pointe-L\u00e9vy","isPartOf":{"@id":"https:\/\/cssdn.gouv.qc.ca\/pointe-levy\/#website"},"primaryImageOfPage":{"@id":"https:\/\/cssdn.gouv.qc.ca\/pointe-levy\/equitation-academie-equestre-rive-sud\/#primaryimage"},"image":{"@id":"https:\/\/cssdn.gouv.qc.ca\/pointe-levy\/equitation-academie-equestre-rive-sud\/#primaryimage"},"thumbnailUrl":"https:\/\/cssdn.gouv.qc.ca\/pointe-levy\/wp-content\/uploads\/sites\/16\/2025\/08\/Cheval.jpg","datePublished":"2025-08-13T16:29:53+00:00","dateModified":"2026-01-05T16:17:15+00:00","breadcrumb":{"@id":"https:\/\/cssdn.gouv.qc.ca\/pointe-levy\/equitation-academie-equestre-rive-sud\/#breadcrumb"},"inLanguage":"fr-CA","potentialAction":[{"@type":"ReadAction","target":["https:\/\/cssdn.gouv.qc.ca\/pointe-levy\/equitation-academie-equestre-rive-sud\/"]}]},{"@type":"ImageObject","inLanguage":"fr-CA","@id":"https:\/\/cssdn.gouv.qc.ca\/pointe-levy\/equitation-academie-equestre-rive-sud\/#primaryimage","url":"https:\/\/cssdn.gouv.qc.ca\/pointe-levy\/wp-content\/uploads\/sites\/16\/2025\/08\/Cheval.jpg","contentUrl":"https:\/\/cssdn.gouv.qc.ca\/pointe-levy\/wp-content\/uploads\/sites\/16\/2025\/08\/Cheval.jpg","width":612,"height":459,"caption":"A quarter horse standing against a white rail fence with mountains in the background. Utah, USA."},{"@type":"BreadcrumbList","@id":"https:\/\/cssdn.gouv.qc.ca\/pointe-levy\/equitation-academie-equestre-rive-sud\/#breadcrumb","itemListElement":[{"@type":"ListItem","position":1,"name":"Accueil","item":"https:\/\/cssdn.gouv.qc.ca\/pointe-levy\/"},{"@type":"ListItem","position":2,"name":"\u00c9quitation Acad\u00e9mie \u00e9questre Rive-Sud"}]},{"@type":"WebSite","@id":"https:\/\/cssdn.gouv.qc.ca\/pointe-levy\/#website","url":"https:\/\/cssdn.gouv.qc.ca\/pointe-levy\/","name":"\u00c9cole Pointe-L\u00e9vy","description":"Un site des centres de services scolaires des Navigateurs","publisher":{"@id":"https:\/\/cssdn.gouv.qc.ca\/pointe-levy\/#organization"},"potentialAction":[{"@type":"SearchAction","target":{"@type":"EntryPoint","urlTemplate":"https:\/\/cssdn.gouv.qc.ca\/pointe-levy\/?s={search_term_string}"},"query-input":{"@type":"PropertyValueSpecification","valueRequired":true,"valueName":"search_term_string"}}],"inLanguage":"fr-CA"},{"@type":"Organization","@id":"https:\/\/cssdn.gouv.qc.ca\/pointe-levy\/#organization","name":"\u00c9cole Pointe-L\u00e9vy","url":"https:\/\/cssdn.gouv.qc.ca\/pointe-levy\/","logo":{"@type":"ImageObject","inLanguage":"fr-CA","@id":"https:\/\/cssdn.gouv.qc.ca\/pointe-levy\/#\/schema\/logo\/image\/","url":"https:\/\/cssdn.gouv.qc.ca\/pointe-levy\/wp-content\/uploads\/sites\/16\/2023\/01\/logo_quebec.svg","contentUrl":"https:\/\/cssdn.gouv.qc.ca\/pointe-levy\/wp-content\/uploads\/sites\/16\/2023\/01\/logo_quebec.svg","width":188,"height":41,"caption":"\u00c9cole Pointe-L\u00e9vy"},"image":{"@id":"https:\/\/cssdn.gouv.qc.ca\/pointe-levy\/#\/schema\/logo\/image\/"},"sameAs":["https:\/\/www.facebook.com\/ecolePLE55","https:\/\/x.com\/CSSNavigateurs","https:\/\/www.instagram.com\/pointelevy\/","https:\/\/www.youtube.com\/channel\/UCHbNBehije70JBzCIVT82bQ","https:\/\/www.linkedin.com\/company\/cssdn"]}]}},"publishpress_future_action":{"enabled":false,"date":"2026-04-13 02:12:15","action":"change-status","newStatus":"draft","terms":[],"taxonomy":"category","extraData":[]},"publishpress_future_workflow_manual_trigger":{"enabledWorkflows":[]},"_links":{"self":[{"href":"https:\/\/cssdn.gouv.qc.ca\/pointe-levy\/wp-json\/wp\/v2\/pages\/7800","targetHints":{"allow":["GET"]}}],"collection":[{"href":"https:\/\/cssdn.gouv.qc.ca\/pointe-levy\/wp-json\/wp\/v2\/pages"}],"about":[{"href":"https:\/\/cssdn.gouv.qc.ca\/pointe-levy\/wp-json\/wp\/v2\/types\/page"}],"author":[{"embeddable":true,"href":"https:\/\/cssdn.gouv.qc.ca\/pointe-levy\/wp-json\/wp\/v2\/users\/183"}],"replies":[{"embeddable":true,"href":"https:\/\/cssdn.gouv.qc.ca\/pointe-levy\/wp-json\/wp\/v2\/comments?post=7800"}],"version-history":[{"count":0,"href":"https:\/\/cssdn.gouv.qc.ca\/pointe-levy\/wp-json\/wp\/v2\/pages\/7800\/revisions"}],"wp:attachment":[{"href":"https:\/\/cssdn.gouv.qc.ca\/pointe-levy\/wp-json\/wp\/v2\/media?parent=7800"}],"wp:term":[{"taxonomy":"category","embeddable":true,"href":"https:\/\/cssdn.gouv.qc.ca\/pointe-levy\/wp-json\/wp\/v2\/categories?post=7800"},{"taxonomy":"post_tag","embeddable":true,"href":"https:\/\/cssdn.gouv.qc.ca\/pointe-levy\/wp-json\/wp\/v2\/tags?post=7800"}],"curies":[{"name":"wp","href":"https:\/\/api.w.org\/{rel}","templated":true}]}}