
{"id":7857,"date":"2025-09-09T08:43:13","date_gmt":"2025-09-09T12:43:13","guid":{"rendered":"https:\/\/cssdn.gouv.qc.ca\/pointe-levy\/?page_id=7857"},"modified":"2026-01-05T11:27:25","modified_gmt":"2026-01-05T16:27:25","slug":"triathlon","status":"publish","type":"page","link":"https:\/\/cssdn.gouv.qc.ca\/pointe-levy\/triathlon\/","title":{"rendered":"Triathlon"},"content":{"rendered":"\n<div class=\"wp-block-cover alignfull is-light is-style-sand-wo-img\" style=\"min-height:388px;aspect-ratio:unset;\"><img decoding=\"async\" width=\"1024\" height=\"768\" class=\"wp-block-cover__image-background wp-image-7859 size-large lazyload\" alt=\"\" data-src=\"https:\/\/cssdn.gouv.qc.ca\/pointe-levy\/wp-content\/uploads\/sites\/16\/2025\/09\/Triathlon-1024x768.jpg\" style=\"--smush-placeholder-width: 1024px; --smush-placeholder-aspect-ratio: 1024\/768;object-position:43% 67%\" data-object-fit=\"cover\" data-object-position=\"43% 67%\" data-srcset=\"https:\/\/cssdn.gouv.qc.ca\/pointe-levy\/wp-content\/uploads\/sites\/16\/2025\/09\/Triathlon-1024x768.jpg 1024w, https:\/\/cssdn.gouv.qc.ca\/pointe-levy\/wp-content\/uploads\/sites\/16\/2025\/09\/Triathlon-300x225.jpg 300w, https:\/\/cssdn.gouv.qc.ca\/pointe-levy\/wp-content\/uploads\/sites\/16\/2025\/09\/Triathlon-768x576.jpg 768w, https:\/\/cssdn.gouv.qc.ca\/pointe-levy\/wp-content\/uploads\/sites\/16\/2025\/09\/Triathlon-1536x1152.jpg 1536w, https:\/\/cssdn.gouv.qc.ca\/pointe-levy\/wp-content\/uploads\/sites\/16\/2025\/09\/Triathlon.jpg 2048w\" data-sizes=\"(max-width: 1024px) 100vw, 1024px\" src=\"data:image\/svg+xml;base64,PHN2ZyB3aWR0aD0iMSIgaGVpZ2h0PSIxIiB4bWxucz0iaHR0cDovL3d3dy53My5vcmcvMjAwMC9zdmciPjwvc3ZnPg==\" \/><span aria-hidden=\"true\" class=\"wp-block-cover__background has-background-dim\" style=\"background-color:#9d9d9d\"><\/span><div class=\"wp-block-cover__inner-container\"><h3 class=\"has-link-color wp-elements-e93932e6b1965ae0aa266bd9a079fde0 wp-block-post-title has-text-color has-white-color\">Triathlon<\/h3><\/div><\/div>\n\n\n\n<div class=\"wp-block-group alignfull has-padding-y-large has-secondary-background-color has-background\"><div class=\"yoast-breadcrumbs alignwide \"><span class=\"breadcrumbs\"><a href=\"https:\/\/cssdn.gouv.qc.ca\/pointe-levy\/\" class=\"breadcrumbs__element\">Accueil<\/a> <span class=\"breadcrumbs__separator\">\n        <svg class=\"icon icon-breadcrumb__separator\"><use xlink:href=\"#icon-breadcrumb__separator\"><\/use><\/svg>\n    <\/span> <span class=\"breadcrumbs__element breadcrumbs__element-current\">Triathlon<\/span><\/span><\/div><\/div>\n\n\n\n\n<p class=\"act-lead wp-block-paragraph\">Rejoignez notre programme Sport-\u00c9tudes <strong>Triathlon<\/strong> et vous aurez la chance de pratiquer la natation, le v\u00e9lo et la course, et ce, \u00e9t\u00e9 comme hiver.<\/p>\n\n\n\n\n<figure class=\"wp-block-image size-large is-resized\"><img decoding=\"async\" width=\"1024\" height=\"660\" data-src=\"https:\/\/cssdn.gouv.qc.ca\/pointe-levy\/wp-content\/uploads\/sites\/16\/2025\/09\/photo-pour-page-FB-1024x660.jpg\" alt=\"\" class=\"wp-image-7858 lazyload\" style=\"--smush-placeholder-width: 1024px; --smush-placeholder-aspect-ratio: 1024\/660;aspect-ratio:1.5515721422274464;width:494px;height:auto\" data-srcset=\"https:\/\/cssdn.gouv.qc.ca\/pointe-levy\/wp-content\/uploads\/sites\/16\/2025\/09\/photo-pour-page-FB-1024x660.jpg 1024w, https:\/\/cssdn.gouv.qc.ca\/pointe-levy\/wp-content\/uploads\/sites\/16\/2025\/09\/photo-pour-page-FB-300x193.jpg 300w, https:\/\/cssdn.gouv.qc.ca\/pointe-levy\/wp-content\/uploads\/sites\/16\/2025\/09\/photo-pour-page-FB-768x495.jpg 768w, https:\/\/cssdn.gouv.qc.ca\/pointe-levy\/wp-content\/uploads\/sites\/16\/2025\/09\/photo-pour-page-FB-1536x990.jpg 1536w, https:\/\/cssdn.gouv.qc.ca\/pointe-levy\/wp-content\/uploads\/sites\/16\/2025\/09\/photo-pour-page-FB-2048x1320.jpg 2048w\" data-sizes=\"(max-width: 1024px) 100vw, 1024px\" src=\"data:image\/svg+xml;base64,PHN2ZyB3aWR0aD0iMSIgaGVpZ2h0PSIxIiB4bWxucz0iaHR0cDovL3d3dy53My5vcmcvMjAwMC9zdmciPjwvc3ZnPg==\" \/><figcaption class=\"wp-element-caption\"><sup><em>Saison 2024-2025<\/em><\/sup><\/figcaption><\/figure>\n\n\n\n<h2 class=\"wp-block-heading\">Informations<\/h2>\n\n\n\n<h3 class=\"wp-block-heading\"><strong>Sport-\u00e9tudes Triathlon \u2013 1<sup>re<\/sup> \u00e0 5<\/strong><sup>e<\/sup> <strong>secondaire<\/strong><\/h3>\n\n\n\n<p class=\"wp-block-paragraph\"><em>Horaire r\u00e9gulier : classes en AM et discipline en PM<\/em><\/p>\n\n\n\n<p class=\"wp-block-paragraph\">Rejoignez notre programme Sport-\u00e9tudes<strong> Triathlon<\/strong> et vous aurez la chance de pratiquer la natation, le v\u00e9lo et la course, et ce, \u00e9t\u00e9 comme hiver.<\/p>\n\n\n\n<p class=\"wp-block-paragraph\">Toutes les installations \u00e0 m\u00eame le C\u00e9gep de L\u00e9vis, aucun d\u00e9placement suppl\u00e9mentaire. Acc\u00e8s \u00e0 150 km de piste cyclable s\u00e9curitaire et au d\u00e9part du c\u00e9gep. Piscine, salle multi-sports, salle de musculation, sans oublier la salle de v\u00e9lo virtuelle haute performance de D\u00e9veloppement cycliste VO2Max.<\/p>\n\n\n\n<ul class=\"wp-block-list\">\n<li>Entra\u00eenement 5 apr\u00e8s-midi par semaine<\/li>\n\n\n\n<li>Profil r\u00e9cr\u00e9atif ou comp\u00e9titif selon l&rsquo;athl\u00e8te<\/li>\n\n\n\n<li>Habilet\u00e9s techniques, tactiques et psychologiques sont au programme<\/li>\n\n\n\n<li>Participation aux diverses courses et activit\u00e9s organis\u00e9es par Triathlon Qu\u00e9bec, camp d&rsquo;entra\u00eenement pr\u00e9-saison, etc.<\/li>\n<\/ul>\n\n\n\n<h5 class=\"wp-block-heading has-secondary-background-color has-background\">Co\u00fbt : 3 600$ en 2025-2026<\/h5>\n\n\n\n<h2 class=\"wp-block-heading\">En savoir plus<\/h2>\n\n\n\n<p class=\"wp-block-paragraph\">Pour la discipline\u00a0<strong>Triathlon<\/strong>, l\u2019\u00e9cole Pointe-L\u00e9vy est fi\u00e8re de s&rsquo;associer avec le Club de Triathlon junior L\u00e9vis.<\/p>\n\n\n\n<div class=\"wp-block-columns\">\n<div class=\"wp-block-column\" style=\"flex-basis:66.66%\">\n<p class=\"wp-block-paragraph\"><strong>Triathlon\u00a0Sport-\u00e9tudes<br><\/strong>C\u00e9gep de L\u00e9vis, L\u00e9vis<br><br>Fr\u00e9d\u00e9ric Jardot, responsable de discipline<\/p>\n\n\n\n<p class=\"wp-block-paragraph\">Courriel : <a href=\"mailto:trijuniorlevis@gmail.com\">trijuniorlevis@gmail.com<\/a><\/p>\n\n\n\n<p class=\"wp-block-paragraph\">T\u00e9l\u00e9phone : 418-948-2453<\/p>\n<\/div>\n<\/div>\n\n\n\n<div class=\"wp-block-buttons\">\n<div class=\"wp-block-button\"><a class=\"wp-block-button__link wp-element-button\" href=\"https:\/\/www.triathlonjuniorlevis.ca\/\">Visitez le site du Club de Triathlon junior L\u00e9vis<\/a><\/div>\n<\/div>\n\n\n\n<div class=\"wp-block-buttons\">\n<div class=\"wp-block-button\"><a class=\"wp-block-button__link wp-element-button\" href=\"https:\/\/www.facebook.com\/p\/Triathlon-Junior-L%C3%A9vis-100092719235509\/\">Page Facebook<\/a><\/div>\n\n\n\n<div class=\"wp-block-button\"><a class=\"wp-block-button__link wp-element-button\" href=\"https:\/\/sportsurmesure.com\/bikeroom-cycling-studio\/\">Salle de v\u00e9lo virtuelle haute performance<\/a><\/div>\n<\/div>\n","protected":false},"excerpt":{"rendered":"<p>Informations Sport-\u00e9tudes Triathlon \u2013 1re \u00e0 5e secondaire Horaire r\u00e9gulier : classes en AM et discipline en PM Rejoignez notre programme Sport-\u00e9tudes Triathlon et vous aurez la chance de pratiquer la natation, le v\u00e9lo et la course, et ce, \u00e9t\u00e9 comme hiver. Toutes les installations \u00e0 m\u00eame le C\u00e9gep de L\u00e9vis, aucun d\u00e9placement suppl\u00e9mentaire. Acc\u00e8s [&hellip;]<\/p>\n","protected":false},"author":183,"featured_media":0,"parent":0,"menu_order":0,"comment_status":"closed","ping_status":"closed","template":"","meta":{"_acf_changed":false,"_crdt_document":"","inline_featured_image":false,"footnotes":""},"categories":[],"tags":[],"class_list":["post-7857","page","type-page","status-publish","hentry"],"acf":[],"yoast_head":"<!-- This site is optimized with the Yoast SEO plugin v27.3 - https:\/\/yoast.com\/product\/yoast-seo-wordpress\/ -->\n<title>Triathlon - \u00c9cole Pointe-L\u00e9vy<\/title>\n<meta name=\"robots\" content=\"index, follow, max-snippet:-1, max-image-preview:large, max-video-preview:-1\" \/>\n<link rel=\"canonical\" href=\"https:\/\/cssdn.gouv.qc.ca\/pointe-levy\/triathlon\/\" \/>\n<meta property=\"og:locale\" content=\"fr_CA\" \/>\n<meta property=\"og:type\" content=\"article\" \/>\n<meta property=\"og:title\" content=\"Triathlon - \u00c9cole Pointe-L\u00e9vy\" \/>\n<meta property=\"og:description\" content=\"Informations Sport-\u00e9tudes Triathlon \u2013 1re \u00e0 5e secondaire Horaire r\u00e9gulier : classes en AM et discipline en PM Rejoignez notre programme Sport-\u00e9tudes Triathlon et vous aurez la chance de pratiquer la natation, le v\u00e9lo et la course, et ce, \u00e9t\u00e9 comme hiver. Toutes les installations \u00e0 m\u00eame le C\u00e9gep de L\u00e9vis, aucun d\u00e9placement suppl\u00e9mentaire. Acc\u00e8s [&hellip;]\" \/>\n<meta property=\"og:url\" content=\"https:\/\/cssdn.gouv.qc.ca\/pointe-levy\/triathlon\/\" \/>\n<meta property=\"og:site_name\" content=\"\u00c9cole Pointe-L\u00e9vy\" \/>\n<meta property=\"article:publisher\" content=\"https:\/\/www.facebook.com\/ecolePLE55\" \/>\n<meta property=\"article:modified_time\" content=\"2026-01-05T16:27:25+00:00\" \/>\n<meta property=\"og:image\" content=\"https:\/\/cssdn.gouv.qc.ca\/pointe-levy\/wp-content\/uploads\/sites\/16\/2025\/09\/Triathlon.jpg\" \/>\n\t<meta property=\"og:image:width\" content=\"2048\" \/>\n\t<meta property=\"og:image:height\" content=\"1536\" \/>\n\t<meta property=\"og:image:type\" content=\"image\/jpeg\" \/>\n<meta name=\"twitter:card\" content=\"summary_large_image\" \/>\n<meta name=\"twitter:site\" content=\"@CSSNavigateurs\" \/>\n<meta name=\"twitter:label1\" content=\"Estimation du temps de lecture\" \/>\n\t<meta name=\"twitter:data1\" content=\"2 minutes\" \/>\n<script type=\"application\/ld+json\" class=\"yoast-schema-graph\">{\"@context\":\"https:\\\/\\\/schema.org\",\"@graph\":[{\"@type\":\"WebPage\",\"@id\":\"https:\\\/\\\/cssdn.gouv.qc.ca\\\/pointe-levy\\\/triathlon\\\/\",\"url\":\"https:\\\/\\\/cssdn.gouv.qc.ca\\\/pointe-levy\\\/triathlon\\\/\",\"name\":\"Triathlon - \u00c9cole Pointe-L\u00e9vy\",\"isPartOf\":{\"@id\":\"https:\\\/\\\/cssdn.gouv.qc.ca\\\/pointe-levy\\\/#website\"},\"primaryImageOfPage\":{\"@id\":\"https:\\\/\\\/cssdn.gouv.qc.ca\\\/pointe-levy\\\/triathlon\\\/#primaryimage\"},\"image\":{\"@id\":\"https:\\\/\\\/cssdn.gouv.qc.ca\\\/pointe-levy\\\/triathlon\\\/#primaryimage\"},\"thumbnailUrl\":\"https:\\\/\\\/cssdn.gouv.qc.ca\\\/pointe-levy\\\/wp-content\\\/uploads\\\/sites\\\/16\\\/2025\\\/09\\\/Triathlon-1024x768.jpg\",\"datePublished\":\"2025-09-09T12:43:13+00:00\",\"dateModified\":\"2026-01-05T16:27:25+00:00\",\"breadcrumb\":{\"@id\":\"https:\\\/\\\/cssdn.gouv.qc.ca\\\/pointe-levy\\\/triathlon\\\/#breadcrumb\"},\"inLanguage\":\"fr-CA\",\"potentialAction\":[{\"@type\":\"ReadAction\",\"target\":[\"https:\\\/\\\/cssdn.gouv.qc.ca\\\/pointe-levy\\\/triathlon\\\/\"]}]},{\"@type\":\"ImageObject\",\"inLanguage\":\"fr-CA\",\"@id\":\"https:\\\/\\\/cssdn.gouv.qc.ca\\\/pointe-levy\\\/triathlon\\\/#primaryimage\",\"url\":\"https:\\\/\\\/cssdn.gouv.qc.ca\\\/pointe-levy\\\/wp-content\\\/uploads\\\/sites\\\/16\\\/2025\\\/09\\\/Triathlon.jpg\",\"contentUrl\":\"https:\\\/\\\/cssdn.gouv.qc.ca\\\/pointe-levy\\\/wp-content\\\/uploads\\\/sites\\\/16\\\/2025\\\/09\\\/Triathlon.jpg\",\"width\":2048,\"height\":1536},{\"@type\":\"BreadcrumbList\",\"@id\":\"https:\\\/\\\/cssdn.gouv.qc.ca\\\/pointe-levy\\\/triathlon\\\/#breadcrumb\",\"itemListElement\":[{\"@type\":\"ListItem\",\"position\":1,\"name\":\"Accueil\",\"item\":\"https:\\\/\\\/cssdn.gouv.qc.ca\\\/pointe-levy\\\/\"},{\"@type\":\"ListItem\",\"position\":2,\"name\":\"Triathlon\"}]},{\"@type\":\"WebSite\",\"@id\":\"https:\\\/\\\/cssdn.gouv.qc.ca\\\/pointe-levy\\\/#website\",\"url\":\"https:\\\/\\\/cssdn.gouv.qc.ca\\\/pointe-levy\\\/\",\"name\":\"\u00c9cole Pointe-L\u00e9vy\",\"description\":\"Un site des centres de services scolaires des Navigateurs\",\"publisher\":{\"@id\":\"https:\\\/\\\/cssdn.gouv.qc.ca\\\/pointe-levy\\\/#organization\"},\"potentialAction\":[{\"@type\":\"SearchAction\",\"target\":{\"@type\":\"EntryPoint\",\"urlTemplate\":\"https:\\\/\\\/cssdn.gouv.qc.ca\\\/pointe-levy\\\/?s={search_term_string}\"},\"query-input\":{\"@type\":\"PropertyValueSpecification\",\"valueRequired\":true,\"valueName\":\"search_term_string\"}}],\"inLanguage\":\"fr-CA\"},{\"@type\":\"Organization\",\"@id\":\"https:\\\/\\\/cssdn.gouv.qc.ca\\\/pointe-levy\\\/#organization\",\"name\":\"\u00c9cole Pointe-L\u00e9vy\",\"url\":\"https:\\\/\\\/cssdn.gouv.qc.ca\\\/pointe-levy\\\/\",\"logo\":{\"@type\":\"ImageObject\",\"inLanguage\":\"fr-CA\",\"@id\":\"https:\\\/\\\/cssdn.gouv.qc.ca\\\/pointe-levy\\\/#\\\/schema\\\/logo\\\/image\\\/\",\"url\":\"https:\\\/\\\/cssdn.gouv.qc.ca\\\/pointe-levy\\\/wp-content\\\/uploads\\\/sites\\\/16\\\/2023\\\/01\\\/logo_quebec.svg\",\"contentUrl\":\"https:\\\/\\\/cssdn.gouv.qc.ca\\\/pointe-levy\\\/wp-content\\\/uploads\\\/sites\\\/16\\\/2023\\\/01\\\/logo_quebec.svg\",\"width\":188,\"height\":41,\"caption\":\"\u00c9cole Pointe-L\u00e9vy\"},\"image\":{\"@id\":\"https:\\\/\\\/cssdn.gouv.qc.ca\\\/pointe-levy\\\/#\\\/schema\\\/logo\\\/image\\\/\"},\"sameAs\":[\"https:\\\/\\\/www.facebook.com\\\/ecolePLE55\",\"https:\\\/\\\/x.com\\\/CSSNavigateurs\",\"https:\\\/\\\/www.instagram.com\\\/pointelevy\\\/\",\"https:\\\/\\\/www.youtube.com\\\/channel\\\/UCHbNBehije70JBzCIVT82bQ\",\"https:\\\/\\\/www.linkedin.com\\\/company\\\/cssdn\"]}]}<\/script>\n<!-- \/ Yoast SEO plugin. -->","yoast_head_json":{"title":"Triathlon - \u00c9cole Pointe-L\u00e9vy","robots":{"index":"index","follow":"follow","max-snippet":"max-snippet:-1","max-image-preview":"max-image-preview:large","max-video-preview":"max-video-preview:-1"},"canonical":"https:\/\/cssdn.gouv.qc.ca\/pointe-levy\/triathlon\/","og_locale":"fr_CA","og_type":"article","og_title":"Triathlon - \u00c9cole Pointe-L\u00e9vy","og_description":"Informations Sport-\u00e9tudes Triathlon \u2013 1re \u00e0 5e secondaire Horaire r\u00e9gulier : classes en AM et discipline en PM Rejoignez notre programme Sport-\u00e9tudes Triathlon et vous aurez la chance de pratiquer la natation, le v\u00e9lo et la course, et ce, \u00e9t\u00e9 comme hiver. Toutes les installations \u00e0 m\u00eame le C\u00e9gep de L\u00e9vis, aucun d\u00e9placement suppl\u00e9mentaire. Acc\u00e8s [&hellip;]","og_url":"https:\/\/cssdn.gouv.qc.ca\/pointe-levy\/triathlon\/","og_site_name":"\u00c9cole Pointe-L\u00e9vy","article_publisher":"https:\/\/www.facebook.com\/ecolePLE55","article_modified_time":"2026-01-05T16:27:25+00:00","og_image":[{"width":2048,"height":1536,"url":"https:\/\/cssdn.gouv.qc.ca\/pointe-levy\/wp-content\/uploads\/sites\/16\/2025\/09\/Triathlon.jpg","type":"image\/jpeg"}],"twitter_card":"summary_large_image","twitter_site":"@CSSNavigateurs","twitter_misc":{"Estimation du temps de lecture":"2 minutes"},"schema":{"@context":"https:\/\/schema.org","@graph":[{"@type":"WebPage","@id":"https:\/\/cssdn.gouv.qc.ca\/pointe-levy\/triathlon\/","url":"https:\/\/cssdn.gouv.qc.ca\/pointe-levy\/triathlon\/","name":"Triathlon - \u00c9cole Pointe-L\u00e9vy","isPartOf":{"@id":"https:\/\/cssdn.gouv.qc.ca\/pointe-levy\/#website"},"primaryImageOfPage":{"@id":"https:\/\/cssdn.gouv.qc.ca\/pointe-levy\/triathlon\/#primaryimage"},"image":{"@id":"https:\/\/cssdn.gouv.qc.ca\/pointe-levy\/triathlon\/#primaryimage"},"thumbnailUrl":"https:\/\/cssdn.gouv.qc.ca\/pointe-levy\/wp-content\/uploads\/sites\/16\/2025\/09\/Triathlon-1024x768.jpg","datePublished":"2025-09-09T12:43:13+00:00","dateModified":"2026-01-05T16:27:25+00:00","breadcrumb":{"@id":"https:\/\/cssdn.gouv.qc.ca\/pointe-levy\/triathlon\/#breadcrumb"},"inLanguage":"fr-CA","potentialAction":[{"@type":"ReadAction","target":["https:\/\/cssdn.gouv.qc.ca\/pointe-levy\/triathlon\/"]}]},{"@type":"ImageObject","inLanguage":"fr-CA","@id":"https:\/\/cssdn.gouv.qc.ca\/pointe-levy\/triathlon\/#primaryimage","url":"https:\/\/cssdn.gouv.qc.ca\/pointe-levy\/wp-content\/uploads\/sites\/16\/2025\/09\/Triathlon.jpg","contentUrl":"https:\/\/cssdn.gouv.qc.ca\/pointe-levy\/wp-content\/uploads\/sites\/16\/2025\/09\/Triathlon.jpg","width":2048,"height":1536},{"@type":"BreadcrumbList","@id":"https:\/\/cssdn.gouv.qc.ca\/pointe-levy\/triathlon\/#breadcrumb","itemListElement":[{"@type":"ListItem","position":1,"name":"Accueil","item":"https:\/\/cssdn.gouv.qc.ca\/pointe-levy\/"},{"@type":"ListItem","position":2,"name":"Triathlon"}]},{"@type":"WebSite","@id":"https:\/\/cssdn.gouv.qc.ca\/pointe-levy\/#website","url":"https:\/\/cssdn.gouv.qc.ca\/pointe-levy\/","name":"\u00c9cole Pointe-L\u00e9vy","description":"Un site des centres de services scolaires des Navigateurs","publisher":{"@id":"https:\/\/cssdn.gouv.qc.ca\/pointe-levy\/#organization"},"potentialAction":[{"@type":"SearchAction","target":{"@type":"EntryPoint","urlTemplate":"https:\/\/cssdn.gouv.qc.ca\/pointe-levy\/?s={search_term_string}"},"query-input":{"@type":"PropertyValueSpecification","valueRequired":true,"valueName":"search_term_string"}}],"inLanguage":"fr-CA"},{"@type":"Organization","@id":"https:\/\/cssdn.gouv.qc.ca\/pointe-levy\/#organization","name":"\u00c9cole Pointe-L\u00e9vy","url":"https:\/\/cssdn.gouv.qc.ca\/pointe-levy\/","logo":{"@type":"ImageObject","inLanguage":"fr-CA","@id":"https:\/\/cssdn.gouv.qc.ca\/pointe-levy\/#\/schema\/logo\/image\/","url":"https:\/\/cssdn.gouv.qc.ca\/pointe-levy\/wp-content\/uploads\/sites\/16\/2023\/01\/logo_quebec.svg","contentUrl":"https:\/\/cssdn.gouv.qc.ca\/pointe-levy\/wp-content\/uploads\/sites\/16\/2023\/01\/logo_quebec.svg","width":188,"height":41,"caption":"\u00c9cole Pointe-L\u00e9vy"},"image":{"@id":"https:\/\/cssdn.gouv.qc.ca\/pointe-levy\/#\/schema\/logo\/image\/"},"sameAs":["https:\/\/www.facebook.com\/ecolePLE55","https:\/\/x.com\/CSSNavigateurs","https:\/\/www.instagram.com\/pointelevy\/","https:\/\/www.youtube.com\/channel\/UCHbNBehije70JBzCIVT82bQ","https:\/\/www.linkedin.com\/company\/cssdn"]}]}},"publishpress_future_action":{"enabled":false,"date":"2026-04-17 05:04:31","action":"change-status","newStatus":"draft","terms":[],"taxonomy":"category","extraData":[]},"publishpress_future_workflow_manual_trigger":{"enabledWorkflows":[]},"_links":{"self":[{"href":"https:\/\/cssdn.gouv.qc.ca\/pointe-levy\/wp-json\/wp\/v2\/pages\/7857","targetHints":{"allow":["GET"]}}],"collection":[{"href":"https:\/\/cssdn.gouv.qc.ca\/pointe-levy\/wp-json\/wp\/v2\/pages"}],"about":[{"href":"https:\/\/cssdn.gouv.qc.ca\/pointe-levy\/wp-json\/wp\/v2\/types\/page"}],"author":[{"embeddable":true,"href":"https:\/\/cssdn.gouv.qc.ca\/pointe-levy\/wp-json\/wp\/v2\/users\/183"}],"replies":[{"embeddable":true,"href":"https:\/\/cssdn.gouv.qc.ca\/pointe-levy\/wp-json\/wp\/v2\/comments?post=7857"}],"version-history":[{"count":0,"href":"https:\/\/cssdn.gouv.qc.ca\/pointe-levy\/wp-json\/wp\/v2\/pages\/7857\/revisions"}],"wp:attachment":[{"href":"https:\/\/cssdn.gouv.qc.ca\/pointe-levy\/wp-json\/wp\/v2\/media?parent=7857"}],"wp:term":[{"taxonomy":"category","embeddable":true,"href":"https:\/\/cssdn.gouv.qc.ca\/pointe-levy\/wp-json\/wp\/v2\/categories?post=7857"},{"taxonomy":"post_tag","embeddable":true,"href":"https:\/\/cssdn.gouv.qc.ca\/pointe-levy\/wp-json\/wp\/v2\/tags?post=7857"}],"curies":[{"name":"wp","href":"https:\/\/api.w.org\/{rel}","templated":true}]}}